{"id":9967,"date":"2025-03-23T14:48:47","date_gmt":"2025-03-23T14:48:47","guid":{"rendered":"https:\/\/iberoid.com\/?post_type=product&#038;p=9967"},"modified":"2026-04-18T23:16:21","modified_gmt":"2026-04-18T23:16:21","slug":"english-tritrenoged-tritrenbolone-epf","status":"publish","type":"product","link":"https:\/\/iberoid.com\/fr\/product\/english-tritrenoged-tritrenbolone-epf\/","title":{"rendered":"TRI-TRENOGED \/ TRI-TRENBOLONE"},"content":{"rendered":"<p><\/p>\n<p class=\"\" data-start=\"51\" data-end=\"120\"><strong data-start=\"51\" data-end=\"120\">Trenbolone Mix \u2013 Une combinaison de 3 formes dans un seul produit<\/strong><\/p>\n<p class=\"\" data-start=\"122\" data-end=\"773\">Le trenbolone mix est consid\u00e9r\u00e9 comme un st\u00e9ro\u00efde puissant parmi les produits pharmaceutiques disponibles sur le march\u00e9. Il est compos\u00e9 de trois formes est\u00e9rifi\u00e9es : l\u2019ac\u00e9tate, l\u2019\u00e9nanthate et l\u2019hexahydrobenzylcarbonate. Chacune de ces formes, m\u00eame prise s\u00e9par\u00e9ment, est extr\u00eamement puissante. Leur activit\u00e9 androg\u00e8ne et anabolique est tr\u00e8s marqu\u00e9e. \u00c0 l\u2019origine, la trenbolone \u00e9tait utilis\u00e9e uniquement \u00e0 des fins m\u00e9dicales et v\u00e9t\u00e9rinaires, mais elle s\u2019est rapidement impos\u00e9e dans les sports de force. Aujourd\u2019hui, de nombreux athl\u00e8tes, halt\u00e9rophiles et bodybuilders souhaitent acheter du trenbolone mix pour augmenter rapidement leur masse musculaire.<\/p>\n<p class=\"\" data-start=\"775\" data-end=\"799\"><strong data-start=\"775\" data-end=\"799\">Histoire du st\u00e9ro\u00efde<\/strong><\/p>\n<p class=\"\" data-start=\"801\" data-end=\"1369\">Ce st\u00e9ro\u00efde anabolisant contient trois d\u00e9riv\u00e9s est\u00e9rifi\u00e9s de la trenbolone en parts \u00e9gales. Le Tri-Tren, comme on l&rsquo;appelle souvent, n\u2019est pas un nouveau venu sur le march\u00e9 ; il est utilis\u00e9 dans le domaine sportif depuis de nombreuses ann\u00e9es. Il a \u00e9t\u00e9 d\u00e9velopp\u00e9 dans les ann\u00e9es 1960 pour un usage v\u00e9t\u00e9rinaire, dans le but d\u2019augmenter la masse corporelle du b\u00e9tail et des animaux. En cons\u00e9quence, ses effets positifs ont \u00e9t\u00e9 rapidement adopt\u00e9s par les bodybuilders et les athl\u00e8tes de force, ce qui en a fait l\u2019un des st\u00e9ro\u00efdes anabolisants les plus populaires au monde.<\/p>\n<p class=\"\" data-start=\"1371\" data-end=\"1409\"><strong data-start=\"1371\" data-end=\"1409\">Caract\u00e9ristiques du Trenbolone Mix<\/strong><\/p>\n<p class=\"\" data-start=\"1411\" data-end=\"1941\">Dans le milieu des strongmen, ce produit est connu sous le nom de Tri-Tren. Il a \u00e9t\u00e9 d\u00e9velopp\u00e9 pour la premi\u00e8re fois par British Dragon au d\u00e9but des ann\u00e9es 2000. Il pr\u00e9sente cependant une particularit\u00e9 importante : la combinaison des \u00e9thers permet de maintenir un bon \u00e9quilibre hormonal. Cela est d\u00fb au fait que chaque composant a une demi-vie diff\u00e9rente. Par exemple, lorsque l\u2019effet de l\u2019ac\u00e9tate se termine apr\u00e8s deux jours, l\u2019\u00e9nanthate entre en action, suivi par l\u2019hexahydrobenzylcarbonate, actif pendant environ deux semaines.<\/p>\n<p class=\"\" data-start=\"1943\" data-end=\"2434\">La plupart des athl\u00e8tes exp\u00e9riment\u00e9s veulent acheter du trenbolone mix pour sa principale qualit\u00e9 : un gain maximal de masse musculaire, difficile \u00e0 atteindre avec d\u2019autres st\u00e9ro\u00efdes. De plus, ce produit augmente l\u2019endurance, la force, favorise la r\u00e9tention d\u2019azote (qui prot\u00e8ge les fibres musculaires de la d\u00e9gradation) et inhibe la production de cortisol. Un autre avantage important : il ne s\u2019aromatise pas, ce qui signifie que les athl\u00e8tes ne risquent pas de d\u00e9velopper une gyn\u00e9comastie.<\/p>\n<p class=\"\" data-start=\"2436\" data-end=\"2502\"><strong data-start=\"2436\" data-end=\"2502\">Avantages du Tri-Tren (Tri-Trenoged EPF) et mode d\u2019utilisation<\/strong><\/p>\n<p class=\"\" data-start=\"2504\" data-end=\"2597\">Gr\u00e2ce au m\u00e9lange des \u00e9thers de trenbolone, il est possible d\u2019obtenir les r\u00e9sultats suivants :<\/p>\n<ul data-start=\"2599\" data-end=\"3102\">\n<li class=\"\" data-start=\"2599\" data-end=\"2655\">\n<p class=\"\" data-start=\"2601\" data-end=\"2655\">Gain de masse s\u00e8che \u2013 environ 10 \u00e0 15 kg par cycle ;<\/p>\n<\/li>\n<li class=\"\" data-start=\"2656\" data-end=\"2747\">\n<p class=\"\" data-start=\"2658\" data-end=\"2747\">Augmentation rapide de l\u2019endurance et de la force, due \u00e0 son puissant effet androg\u00e8ne ;<\/p>\n<\/li>\n<li class=\"\" data-start=\"2748\" data-end=\"2876\">\n<p class=\"\" data-start=\"2750\" data-end=\"2876\">Br\u00fblage des graisses (avec une alimentation appropri\u00e9e), par la stimulation du facteur de croissance analogue \u00e0 l\u2019insuline ;<\/p>\n<\/li>\n<li class=\"\" data-start=\"2877\" data-end=\"2912\">\n<p class=\"\" data-start=\"2879\" data-end=\"2912\">R\u00e9duction du taux de cortisol ;<\/p>\n<\/li>\n<li class=\"\" data-start=\"2913\" data-end=\"2952\">\n<p class=\"\" data-start=\"2915\" data-end=\"2952\">Pas d\u2019effet rebond apr\u00e8s le cycle ;<\/p>\n<\/li>\n<li class=\"\" data-start=\"2953\" data-end=\"3028\">\n<p class=\"\" data-start=\"2955\" data-end=\"3028\">Muscles durs et dessin\u00e9s gr\u00e2ce \u00e0 l\u2019\u00e9limination des liquides superflus ;<\/p>\n<\/li>\n<li class=\"\" data-start=\"3029\" data-end=\"3102\">\n<p class=\"\" data-start=\"3031\" data-end=\"3102\">Augmentation de la libido, uniquement pendant la p\u00e9riode d\u2019utilisation.<\/p>\n<\/li>\n<\/ul>\n<p class=\"\" data-start=\"3104\" data-end=\"3531\">Le Tri-Tren est le plus souvent utilis\u00e9 en cycle solo d\u2019une dur\u00e9e maximale de 6 semaines. Si l\u2019on utilise de la gonadotrophine chorionique humaine (HCG) en parall\u00e8le, le cycle peut \u00eatre prolong\u00e9 jusqu\u2019\u00e0 8 semaines. Le Tri-Tren (Tri-Trenoged EPF) est inject\u00e9 deux fois par semaine \u00e0 raison de 400 mg. L\u2019HCG doit \u00eatre administr\u00e9e \u00e0 une dose de 500 UI une fois par semaine, \u00e0 partir de la deuxi\u00e8me semaine du cycle jusqu\u2019\u00e0 la fin.<\/p>\n<p class=\"\" data-start=\"3533\" data-end=\"3771\">Deux semaines apr\u00e8s la fin du cycle de trenbolone mix, une th\u00e9rapie post-cycle (PCT) est n\u00e9cessaire. Il est recommand\u00e9 d\u2019utiliser du Clomid : 100 mg par jour pendant les 5 premiers jours, puis 50 mg par jour pendant les 10 jours suivants.<\/p>\n<p class=\"\" data-start=\"3773\" data-end=\"3970\">Pour \u00e9viter les effets secondaires, il est imp\u00e9ratif de respecter rigoureusement tous les protocoles d\u2019utilisation, car le Tri-Tren (Tri-Trenoged EPF) est consid\u00e9r\u00e9 comme une \u00ab artillerie lourde \u00bb.<\/p>\n<p class=\"\" data-start=\"3972\" data-end=\"4240\">Le trenbolone mix peut \u00e9galement \u00eatre utilis\u00e9 dans des cycles combin\u00e9s. Dans la majorit\u00e9 des cas, il est associ\u00e9 au Masteron ou au Stanozolol pendant les phases de s\u00e8che et pour augmenter la force, ou \u00e0 la testost\u00e9rone pour favoriser un gain musculaire plus important.<\/p>\n<p><\/p>","protected":false},"excerpt":{"rendered":"<p>Trenbolone Mix \u2013 Une combinaison de 3 formes dans un seul produit Le trenbolone mix est consid\u00e9r\u00e9 comme un st\u00e9ro\u00efde<\/p>\n","protected":false},"featured_media":9970,"comment_status":"open","ping_status":"closed","template":"","meta":[],"product_brand":[],"product_cat":[69],"product_tag":[],"class_list":{"0":"post-9967","1":"product","2":"type-product","3":"status-publish","4":"has-post-thumbnail","6":"product_cat-esteroides_inyectables","8":"first","9":"instock","10":"sale","11":"shipping-taxable","12":"purchasable","13":"product-type-simple"},"yoast_head":"<!-- This site is optimized with the Yoast SEO Premium plugin v24.4 (Yoast SEO v27.3) - https:\/\/yoast.com\/product\/yoast-seo-premium-wordpress\/ -->\n<title>TRI-TRENOGED \/ TRI-TRENBOLONE - (Espa\u00f1ol) Esteroides en l\u00ednea<\/title>\n<meta name=\"description\" content=\"M\u00e9lange de trenbolone : st\u00e9ro\u00efde puissant avec 3 esters (ac\u00e9tate, \u00e9nanthate, hexahydrobenzylcarbonate) pour un gain musculaire rapide et significatif, la force et l&#039;endurance. N&#039;aromatise pas. Cycle typique jusqu&#039;\u00e0 6-8 semaines (400mg\/semaine). PCT n\u00e9cessaire.\" \/>\n<meta name=\"robots\" content=\"index, follow, max-snippet:-1, max-image-preview:large, max-video-preview:-1\" \/>\n<link rel=\"canonical\" href=\"https:\/\/iberoid.com\/fr\/product\/english-tritrenoged-tritrenbolone-epf\/\" \/>\n<meta property=\"og:locale\" content=\"fr_FR\" \/>\n<meta property=\"og:type\" content=\"article\" \/>\n<meta property=\"og:title\" content=\"TRI-TRENOGED \/ TRI-TRENBOLONE\" \/>\n<meta property=\"og:description\" content=\"M\u00e9lange de trenbolone : st\u00e9ro\u00efde puissant avec 3 esters (ac\u00e9tate, \u00e9nanthate, hexahydrobenzylcarbonate) pour un gain musculaire rapide et significatif, la force et l&#039;endurance. N&#039;aromatise pas. Cycle typique jusqu&#039;\u00e0 6-8 semaines (400mg\/semaine). PCT n\u00e9cessaire.\" \/>\n<meta property=\"og:url\" content=\"https:\/\/iberoid.com\/fr\/product\/english-tritrenoged-tritrenbolone-epf\/\" \/>\n<meta property=\"og:site_name\" content=\"(Espa\u00f1ol) Esteroides en l\u00ednea\" \/>\n<meta property=\"article:modified_time\" content=\"2026-04-18T23:16:21+00:00\" \/>\n<meta property=\"og:image\" content=\"https:\/\/iberoid.com\/wp-content\/uploads\/2025\/03\/tri-scaled.jpg?v=1742818641\" \/>\n\t<meta property=\"og:image:width\" content=\"1557\" \/>\n\t<meta property=\"og:image:height\" content=\"2560\" \/>\n\t<meta property=\"og:image:type\" content=\"image\/jpeg\" \/>\n<meta name=\"twitter:card\" content=\"summary_large_image\" \/>\n<meta name=\"twitter:label1\" content=\"Prix\" \/>\n\t<meta name=\"twitter:data1\" content=\"&euro;65.00\" \/>\n\t<meta name=\"twitter:label2\" content=\"Disponibilit\u00e9\" \/>\n\t<meta name=\"twitter:data2\" content=\"En stock\" \/>\n<script type=\"application\/ld+json\" class=\"yoast-schema-graph\">{\"@context\":\"https:\\\/\\\/schema.org\",\"@graph\":[{\"@type\":\"WebPage\",\"@id\":\"https:\\\/\\\/iberoid.com\\\/fr\\\/product\\\/english-tritrenoged-tritrenbolone-epf\\\/\",\"url\":\"https:\\\/\\\/iberoid.com\\\/fr\\\/product\\\/english-tritrenoged-tritrenbolone-epf\\\/\",\"name\":\"TRI-TRENOGED \\\/ TRI-TRENBOLONE - (Espa\u00f1ol) Esteroides en l\u00ednea\",\"isPartOf\":{\"@id\":\"https:\\\/\\\/iberoid.com\\\/fr\\\/#website\"},\"primaryImageOfPage\":{\"@id\":\"https:\\\/\\\/iberoid.com\\\/fr\\\/product\\\/english-tritrenoged-tritrenbolone-epf\\\/#primaryimage\"},\"image\":{\"@id\":\"https:\\\/\\\/iberoid.com\\\/fr\\\/product\\\/english-tritrenoged-tritrenbolone-epf\\\/#primaryimage\"},\"thumbnailUrl\":\"https:\\\/\\\/iberoid.com\\\/wp-content\\\/uploads\\\/2025\\\/03\\\/tri-scaled.jpg?v=1742818641\",\"datePublished\":\"2025-03-23T14:48:47+00:00\",\"dateModified\":\"2026-04-18T23:16:21+00:00\",\"description\":\"M\u00e9lange de trenbolone : st\u00e9ro\u00efde puissant avec 3 esters (ac\u00e9tate, \u00e9nanthate, hexahydrobenzylcarbonate) pour un gain musculaire rapide et significatif, la force et l'endurance. N'aromatise pas. Cycle typique jusqu'\u00e0 6-8 semaines (400mg\\\/semaine). PCT n\u00e9cessaire.\",\"breadcrumb\":{\"@id\":\"https:\\\/\\\/iberoid.com\\\/fr\\\/product\\\/english-tritrenoged-tritrenbolone-epf\\\/#breadcrumb\"},\"inLanguage\":\"fr-FR\",\"potentialAction\":[{\"@type\":\"ReadAction\",\"target\":[[\"https:\\\/\\\/iberoid.com\\\/fr\\\/product\\\/english-tritrenoged-tritrenbolone-epf\\\/\"]]}]},{\"@type\":\"ImageObject\",\"inLanguage\":\"fr-FR\",\"@id\":\"https:\\\/\\\/iberoid.com\\\/fr\\\/product\\\/english-tritrenoged-tritrenbolone-epf\\\/#primaryimage\",\"url\":\"https:\\\/\\\/iberoid.com\\\/wp-content\\\/uploads\\\/2025\\\/03\\\/tri-scaled.jpg?v=1742818641\",\"contentUrl\":\"https:\\\/\\\/iberoid.com\\\/wp-content\\\/uploads\\\/2025\\\/03\\\/tri-scaled.jpg?v=1742818641\",\"width\":1557,\"height\":2560},{\"@type\":\"BreadcrumbList\",\"@id\":\"https:\\\/\\\/iberoid.com\\\/fr\\\/product\\\/english-tritrenoged-tritrenbolone-epf\\\/#breadcrumb\",\"itemListElement\":[{\"@type\":\"ListItem\",\"position\":1,\"name\":\"Portada\",\"item\":\"https:\\\/\\\/iberoid.com\\\/fr\\\/\"},{\"@type\":\"ListItem\",\"position\":2,\"name\":\"Magasin\",\"item\":\"https:\\\/\\\/iberoid.com\\\/fr\\\/shop\\\/\"},{\"@type\":\"ListItem\",\"position\":3,\"name\":\"TRI-TRENOGED \\\/ TRI-TRENBOLONE\"}]},{\"@type\":\"WebSite\",\"@id\":\"https:\\\/\\\/iberoid.com\\\/fr\\\/#website\",\"url\":\"https:\\\/\\\/iberoid.com\\\/fr\\\/\",\"name\":\"(Espa\u00f1ol) Esteroides en l\u00ednea\",\"description\":\"(Espa\u00f1ol) Comprar esteroides en l\u00ednea hoy en Espa\u00f1a y Portugal. Tenemos el mejor servicio al cliente en la industria y los productos de la m\u00e1s alta calidad\",\"potentialAction\":[{\"@type\":\"SearchAction\",\"target\":{\"@type\":\"EntryPoint\",\"urlTemplate\":\"https:\\\/\\\/iberoid.com\\\/fr\\\/?s={search_term_string}\"},\"query-input\":{\"@type\":\"PropertyValueSpecification\",\"valueRequired\":true,\"valueName\":\"search_term_string\"}}],\"inLanguage\":\"fr-FR\"}]}<\/script>\n<meta property=\"product:brand\" content=\"Euro Prime Pharmaceuticals (EPF)\" \/>\n<meta property=\"product:price:amount\" content=\"65.00\" \/>\n<meta property=\"product:price:currency\" content=\"EUR\" \/>\n<meta property=\"og:availability\" content=\"instock\" \/>\n<meta property=\"product:availability\" content=\"instock\" \/>\n<meta property=\"product:condition\" content=\"new\" \/>\n<!-- \/ Yoast SEO Premium plugin. -->","yoast_head_json":{"title":"TRI-TRENOGED \/ TRI-TRENBOLONE - (Espa\u00f1ol) Esteroides en l\u00ednea","description":"M\u00e9lange de trenbolone : st\u00e9ro\u00efde puissant avec 3 esters (ac\u00e9tate, \u00e9nanthate, hexahydrobenzylcarbonate) pour un gain musculaire rapide et significatif, la force et l'endurance. N'aromatise pas. Cycle typique jusqu'\u00e0 6-8 semaines (400mg\/semaine). PCT n\u00e9cessaire.","robots":{"index":"index","follow":"follow","max-snippet":"max-snippet:-1","max-image-preview":"max-image-preview:large","max-video-preview":"max-video-preview:-1"},"canonical":"https:\/\/iberoid.com\/fr\/product\/english-tritrenoged-tritrenbolone-epf\/","og_locale":"fr_FR","og_type":"article","og_title":"TRI-TRENOGED \/ TRI-TRENBOLONE","og_description":"M\u00e9lange de trenbolone : st\u00e9ro\u00efde puissant avec 3 esters (ac\u00e9tate, \u00e9nanthate, hexahydrobenzylcarbonate) pour un gain musculaire rapide et significatif, la force et l'endurance. N'aromatise pas. Cycle typique jusqu'\u00e0 6-8 semaines (400mg\/semaine). PCT n\u00e9cessaire.","og_url":"https:\/\/iberoid.com\/fr\/product\/english-tritrenoged-tritrenbolone-epf\/","og_site_name":"(Espa\u00f1ol) Esteroides en l\u00ednea","article_modified_time":"2026-04-18T23:16:21+00:00","og_image":[{"width":1557,"height":2560,"url":"https:\/\/iberoid.com\/wp-content\/uploads\/2025\/03\/tri-scaled.jpg?v=1742818641","type":"image\/jpeg"}],"twitter_card":"summary_large_image","twitter_misc":{"Prix":"&euro;65.00","Disponibilit\u00e9":"En stock"},"schema":{"@context":"https:\/\/schema.org","@graph":[{"@type":"WebPage","@id":"https:\/\/iberoid.com\/fr\/product\/english-tritrenoged-tritrenbolone-epf\/","url":"https:\/\/iberoid.com\/fr\/product\/english-tritrenoged-tritrenbolone-epf\/","name":"TRI-TRENOGED \/ TRI-TRENBOLONE - (Espa\u00f1ol) Esteroides en l\u00ednea","isPartOf":{"@id":"https:\/\/iberoid.com\/fr\/#website"},"primaryImageOfPage":{"@id":"https:\/\/iberoid.com\/fr\/product\/english-tritrenoged-tritrenbolone-epf\/#primaryimage"},"image":{"@id":"https:\/\/iberoid.com\/fr\/product\/english-tritrenoged-tritrenbolone-epf\/#primaryimage"},"thumbnailUrl":"https:\/\/iberoid.com\/wp-content\/uploads\/2025\/03\/tri-scaled.jpg?v=1742818641","datePublished":"2025-03-23T14:48:47+00:00","dateModified":"2026-04-18T23:16:21+00:00","description":"M\u00e9lange de trenbolone : st\u00e9ro\u00efde puissant avec 3 esters (ac\u00e9tate, \u00e9nanthate, hexahydrobenzylcarbonate) pour un gain musculaire rapide et significatif, la force et l'endurance. N'aromatise pas. Cycle typique jusqu'\u00e0 6-8 semaines (400mg\/semaine). PCT n\u00e9cessaire.","breadcrumb":{"@id":"https:\/\/iberoid.com\/fr\/product\/english-tritrenoged-tritrenbolone-epf\/#breadcrumb"},"inLanguage":"fr-FR","potentialAction":[{"@type":"ReadAction","target":[["https:\/\/iberoid.com\/fr\/product\/english-tritrenoged-tritrenbolone-epf\/"]]}]},{"@type":"ImageObject","inLanguage":"fr-FR","@id":"https:\/\/iberoid.com\/fr\/product\/english-tritrenoged-tritrenbolone-epf\/#primaryimage","url":"https:\/\/iberoid.com\/wp-content\/uploads\/2025\/03\/tri-scaled.jpg?v=1742818641","contentUrl":"https:\/\/iberoid.com\/wp-content\/uploads\/2025\/03\/tri-scaled.jpg?v=1742818641","width":1557,"height":2560},{"@type":"BreadcrumbList","@id":"https:\/\/iberoid.com\/fr\/product\/english-tritrenoged-tritrenbolone-epf\/#breadcrumb","itemListElement":[{"@type":"ListItem","position":1,"name":"Portada","item":"https:\/\/iberoid.com\/fr\/"},{"@type":"ListItem","position":2,"name":"Magasin","item":"https:\/\/iberoid.com\/fr\/shop\/"},{"@type":"ListItem","position":3,"name":"TRI-TRENOGED \/ TRI-TRENBOLONE"}]},{"@type":"WebSite","@id":"https:\/\/iberoid.com\/fr\/#website","url":"https:\/\/iberoid.com\/fr\/","name":"(Espa\u00f1ol) Esteroides en l\u00ednea","description":"(Espa\u00f1ol) Comprar esteroides en l\u00ednea hoy en Espa\u00f1a y Portugal. Tenemos el mejor servicio al cliente en la industria y los productos de la m\u00e1s alta calidad","potentialAction":[{"@type":"SearchAction","target":{"@type":"EntryPoint","urlTemplate":"https:\/\/iberoid.com\/fr\/?s={search_term_string}"},"query-input":{"@type":"PropertyValueSpecification","valueRequired":true,"valueName":"search_term_string"}}],"inLanguage":"fr-FR"}]},"product_brand":"Euro Prime Pharmaceuticals (EPF)","product_price_amount":"65.00","product_price_currency":"EUR","og_availability":"instock","product_availability":"instock","product_condition":"new"},"_links":{"self":[{"href":"https:\/\/iberoid.com\/fr\/wp-json\/wp\/v2\/product\/9967","targetHints":{"allow":["GET"]}}],"collection":[{"href":"https:\/\/iberoid.com\/fr\/wp-json\/wp\/v2\/product"}],"about":[{"href":"https:\/\/iberoid.com\/fr\/wp-json\/wp\/v2\/types\/product"}],"replies":[{"embeddable":true,"href":"https:\/\/iberoid.com\/fr\/wp-json\/wp\/v2\/comments?post=9967"}],"wp:featuredmedia":[{"embeddable":true,"href":"https:\/\/iberoid.com\/fr\/wp-json\/wp\/v2\/media\/9970"}],"wp:attachment":[{"href":"https:\/\/iberoid.com\/fr\/wp-json\/wp\/v2\/media?parent=9967"}],"wp:term":[{"taxonomy":"product_brand","embeddable":true,"href":"https:\/\/iberoid.com\/fr\/wp-json\/wp\/v2\/product_brand?post=9967"},{"taxonomy":"product_cat","embeddable":true,"href":"https:\/\/iberoid.com\/fr\/wp-json\/wp\/v2\/product_cat?post=9967"},{"taxonomy":"product_tag","embeddable":true,"href":"https:\/\/iberoid.com\/fr\/wp-json\/wp\/v2\/product_tag?post=9967"}],"curies":[{"name":"wp","href":"https:\/\/api.w.org\/{rel}","templated":true}]}}