{"id":9998,"date":"2025-04-02T18:18:43","date_gmt":"2025-04-02T18:18:43","guid":{"rendered":"https:\/\/iberoid.com\/?post_type=product&#038;p=9998"},"modified":"2026-04-06T01:10:46","modified_gmt":"2026-04-06T01:10:46","slug":"pack3testosteron-cypionate-mp-pharm","status":"publish","type":"product","link":"https:\/\/iberoid.com\/fr\/product\/pack3testosteron-cypionate-mp-pharm\/","title":{"rendered":"PACK 3 &#8211; Testosterone Cypionate"},"content":{"rendered":"<p><\/p>\n<p class=\"\" data-start=\"0\" data-end=\"568\">Le cipionate de testost\u00e9rone est un ester de testost\u00e9rone que nous pr\u00e9parons dans une base d&rsquo;huile de triglyc\u00e9rides \u00e0 cha\u00eene moyenne. On pense que l&rsquo;ester cipionate est absorb\u00e9 plus lentement que d&rsquo;autres. De plus, l&rsquo;excipient \u00e0 base d&rsquo;huile est une base solubilisante compatible qui aide \u00e0 rendre le compos\u00e9 uniforme, ce qui peut \u00eatre envisag\u00e9 pour une injection de d\u00e9p\u00f4t. En raison de l&rsquo;ester cipionate et de l&rsquo;excipient \u00e0 base d&rsquo;huile, on consid\u00e8re souvent qu&rsquo;il aide \u00e0 ralentir la lib\u00e9ration de l&rsquo;ingr\u00e9dient actif, ce qui permet une administration moins fr\u00e9quente.<\/p>\n<p class=\"\" data-start=\"570\" data-end=\"1461\">Nous sommes \u00e9galement l&rsquo;un des rares pr\u00e9parateurs \u00e0 proposer une injection combin\u00e9e de cipionate de testost\u00e9rone et de propionate de testost\u00e9rone. Comme notre compos\u00e9 de cipionate de testost\u00e9rone, cette combinaison est pr\u00e9par\u00e9e dans une base d&rsquo;huile de triglyc\u00e9rides \u00e0 cha\u00eene moyenne. Elle contient deux ingr\u00e9dients actifs, le cipionate de testost\u00e9rone et le propionate de testost\u00e9rone, ainsi qu&rsquo;un excipient \u00e0 base d&rsquo;huile. On pense que l&rsquo;ester propionate de testost\u00e9rone est absorb\u00e9 plus rapidement que l&rsquo;ester cipionate en raison de sa nature plus hydrophile. En combinant ces deux esters dans un m\u00eame compos\u00e9, il peut y avoir une augmentation plus imm\u00e9diate de testost\u00e9rone provenant de l&rsquo;ester propionate, qui est ensuite maintenue sur une p\u00e9riode plus longue gr\u00e2ce \u00e0 l&rsquo;ester cipionate. Ce compos\u00e9 combin\u00e9 peut aider \u00e0 lisser certains pics et creux qui pourraient autrement se produire.<\/p>\n<p class=\"\" data-start=\"1463\" data-end=\"1633\">Les deux formes de nos injections de testost\u00e9rone sont pr\u00e9par\u00e9es dans de l&rsquo;huile Miglyol. Les professionnels de sant\u00e9 rapportent qu&rsquo;ils pr\u00e9f\u00e8rent cet huile en raison de :<\/p>\n<ul data-start=\"1635\" data-end=\"1780\">\n<li class=\"\" data-start=\"1635\" data-end=\"1684\">\n<p class=\"\" data-start=\"1637\" data-end=\"1684\">ses propri\u00e9t\u00e9s anti-inflammatoires naturelles ;<\/p>\n<\/li>\n<li class=\"\" data-start=\"1685\" data-end=\"1722\">\n<p class=\"\" data-start=\"1687\" data-end=\"1722\">ses faibles taux de r\u00e9activit\u00e9 ; et<\/p>\n<\/li>\n<li class=\"\" data-start=\"1723\" data-end=\"1780\">\n<p class=\"\" data-start=\"1725\" data-end=\"1780\">le faible inconfort qu&rsquo;il provoque lors de l&rsquo;injection.<\/p>\n<\/li>\n<\/ul>\n<p class=\"\" data-start=\"1782\" data-end=\"2271\">Historiquement, les injections de testost\u00e9rone ont \u00e9t\u00e9 pr\u00e9par\u00e9es dans de l&rsquo;huile de p\u00e9pins de raisin. Cependant, la disponibilit\u00e9 de l&rsquo;huile de p\u00e9pins de raisin de qualit\u00e9 pharmaceutique est limit\u00e9e, et les exigences r\u00e9glementaires imposent l&rsquo;utilisation d&rsquo;excipients respectant des normes de qualit\u00e9 et de s\u00e9curit\u00e9 sp\u00e9cifiques. Carie Boyd Pharmaceuticals utilise de l&rsquo;huile MIGLYOL\u00ae 812 N de qualit\u00e9 pharmaceutique pour garantir que les normes de qualit\u00e9 et de s\u00e9curit\u00e9 soient respect\u00e9es.<\/p>\n<p class=\"\" data-start=\"2273\" data-end=\"2291\">Comment utiliser :<\/p>\n<p class=\"\" data-start=\"2293\" data-end=\"2736\">Le cipionate de testost\u00e9rone, une hormone st\u00e9ro\u00efdienne, est souvent administr\u00e9 par voie intramusculaire toutes les 1-2 semaines. Les ajustements de la posologie sont bas\u00e9s sur des tests individuels des patients et sur les niveaux de testost\u00e9rone. La taille de l&rsquo;aiguille ou la dur\u00e9e du compos\u00e9 varient d&rsquo;un patient \u00e0 l&rsquo;autre. Nous invitons les prestataires \u00e0 contacter notre \u00e9quipe d\u00e9di\u00e9e de pharmaciens pour des consultations et des conseils.<\/p>\n<p class=\"\" data-start=\"2738\" data-end=\"2757\">Stockage s\u00e9curis\u00e9 :<\/p>\n<p class=\"\" data-start=\"2759\" data-end=\"2877\">Assurez-vous que les flacons d&rsquo;injection sont stock\u00e9s \u00e0 temp\u00e9rature ambiante et prot\u00e9g\u00e9s de l&rsquo;exposition \u00e0 la lumi\u00e8re.<\/p>\n<p><\/p>","protected":false},"excerpt":{"rendered":"<p>Le cipionate de testost\u00e9rone est un ester de testost\u00e9rone que nous pr\u00e9parons dans une base d&rsquo;huile de triglyc\u00e9rides \u00e0 cha\u00eene<\/p>\n","protected":false},"featured_media":10001,"comment_status":"open","ping_status":"closed","template":"","meta":[],"product_brand":[],"product_cat":[69,3474],"product_tag":[],"class_list":{"0":"post-9998","1":"product","2":"type-product","3":"status-publish","4":"has-post-thumbnail","6":"product_cat-esteroides_inyectables","7":"product_cat-packs","9":"first","10":"instock","11":"sale","12":"shipping-taxable","13":"purchasable","14":"product-type-simple"},"yoast_head":"<!-- This site is optimized with the Yoast SEO Premium plugin v24.4 (Yoast SEO v27.3) - https:\/\/yoast.com\/product\/yoast-seo-premium-wordpress\/ -->\n<title>PACK 3 - Testosterone Cypionate - (Espa\u00f1ol) Esteroides en l\u00ednea<\/title>\n<meta name=\"description\" content=\"Injection de testost\u00e9rone cypionate (dans de l&#039;huile TCM) pour une lib\u00e9ration prolong\u00e9e, potentiellement avec une administration moins fr\u00e9quente. \u00c9galement disponible en m\u00e9lange cypionate\/propionate pour une action rapide et prolong\u00e9e dans de l&#039;huile TCM. Compos\u00e9 avec de l&#039;huile de Miglyol anti-inflammatoire. Conserver \u00e0 temp\u00e9rature ambiante, \u00e0 l&#039;abri de la lumi\u00e8re.\" \/>\n<meta name=\"robots\" content=\"index, follow, max-snippet:-1, max-image-preview:large, max-video-preview:-1\" \/>\n<link rel=\"canonical\" href=\"https:\/\/iberoid.com\/fr\/product\/pack3testosteron-cypionate-mp-pharm\/\" \/>\n<meta property=\"og:locale\" content=\"fr_FR\" \/>\n<meta property=\"og:type\" content=\"article\" \/>\n<meta property=\"og:title\" content=\"PACK 3 - Testosterone Cypionate\" \/>\n<meta property=\"og:description\" content=\"Injection de testost\u00e9rone cypionate (dans de l&#039;huile TCM) pour une lib\u00e9ration prolong\u00e9e, potentiellement avec une administration moins fr\u00e9quente. \u00c9galement disponible en m\u00e9lange cypionate\/propionate pour une action rapide et prolong\u00e9e dans de l&#039;huile TCM. Compos\u00e9 avec de l&#039;huile de Miglyol anti-inflammatoire. Conserver \u00e0 temp\u00e9rature ambiante, \u00e0 l&#039;abri de la lumi\u00e8re.\" \/>\n<meta property=\"og:url\" content=\"https:\/\/iberoid.com\/fr\/product\/pack3testosteron-cypionate-mp-pharm\/\" \/>\n<meta property=\"og:site_name\" content=\"(Espa\u00f1ol) Esteroides en l\u00ednea\" \/>\n<meta property=\"article:modified_time\" content=\"2026-04-06T01:10:46+00:00\" \/>\n<meta property=\"og:image\" content=\"https:\/\/iberoid.com\/wp-content\/uploads\/2025\/04\/cyp3-2-scaled.jpg?v=1743617892\" \/>\n\t<meta property=\"og:image:width\" content=\"2560\" \/>\n\t<meta property=\"og:image:height\" content=\"1986\" \/>\n\t<meta property=\"og:image:type\" content=\"image\/jpeg\" \/>\n<meta name=\"twitter:card\" content=\"summary_large_image\" \/>\n<meta name=\"twitter:label1\" content=\"Prix\" \/>\n\t<meta name=\"twitter:data1\" content=\"&euro;55.00\" \/>\n\t<meta name=\"twitter:label2\" content=\"Disponibilit\u00e9\" \/>\n\t<meta name=\"twitter:data2\" content=\"En stock\" \/>\n<script type=\"application\/ld+json\" class=\"yoast-schema-graph\">{\"@context\":\"https:\\\/\\\/schema.org\",\"@graph\":[{\"@type\":\"WebPage\",\"@id\":\"https:\\\/\\\/iberoid.com\\\/fr\\\/product\\\/pack3testosteron-cypionate-mp-pharm\\\/\",\"url\":\"https:\\\/\\\/iberoid.com\\\/fr\\\/product\\\/pack3testosteron-cypionate-mp-pharm\\\/\",\"name\":\"PACK 3 - Testosterone Cypionate - (Espa\u00f1ol) Esteroides en l\u00ednea\",\"isPartOf\":{\"@id\":\"https:\\\/\\\/iberoid.com\\\/fr\\\/#website\"},\"primaryImageOfPage\":{\"@id\":\"https:\\\/\\\/iberoid.com\\\/fr\\\/product\\\/pack3testosteron-cypionate-mp-pharm\\\/#primaryimage\"},\"image\":{\"@id\":\"https:\\\/\\\/iberoid.com\\\/fr\\\/product\\\/pack3testosteron-cypionate-mp-pharm\\\/#primaryimage\"},\"thumbnailUrl\":\"https:\\\/\\\/iberoid.com\\\/wp-content\\\/uploads\\\/2025\\\/04\\\/cyp3-2-scaled.jpg?v=1743617892\",\"datePublished\":\"2025-04-02T18:18:43+00:00\",\"dateModified\":\"2026-04-06T01:10:46+00:00\",\"description\":\"Injection de testost\u00e9rone cypionate (dans de l'huile TCM) pour une lib\u00e9ration prolong\u00e9e, potentiellement avec une administration moins fr\u00e9quente. \u00c9galement disponible en m\u00e9lange cypionate\\\/propionate pour une action rapide et prolong\u00e9e dans de l'huile TCM. Compos\u00e9 avec de l'huile de Miglyol anti-inflammatoire. Conserver \u00e0 temp\u00e9rature ambiante, \u00e0 l'abri de la lumi\u00e8re.\",\"breadcrumb\":{\"@id\":\"https:\\\/\\\/iberoid.com\\\/fr\\\/product\\\/pack3testosteron-cypionate-mp-pharm\\\/#breadcrumb\"},\"inLanguage\":\"fr-FR\",\"potentialAction\":[{\"@type\":\"ReadAction\",\"target\":[[\"https:\\\/\\\/iberoid.com\\\/fr\\\/product\\\/pack3testosteron-cypionate-mp-pharm\\\/\"]]}]},{\"@type\":\"ImageObject\",\"inLanguage\":\"fr-FR\",\"@id\":\"https:\\\/\\\/iberoid.com\\\/fr\\\/product\\\/pack3testosteron-cypionate-mp-pharm\\\/#primaryimage\",\"url\":\"https:\\\/\\\/iberoid.com\\\/wp-content\\\/uploads\\\/2025\\\/04\\\/cyp3-2-scaled.jpg?v=1743617892\",\"contentUrl\":\"https:\\\/\\\/iberoid.com\\\/wp-content\\\/uploads\\\/2025\\\/04\\\/cyp3-2-scaled.jpg?v=1743617892\",\"width\":2560,\"height\":1986},{\"@type\":\"BreadcrumbList\",\"@id\":\"https:\\\/\\\/iberoid.com\\\/fr\\\/product\\\/pack3testosteron-cypionate-mp-pharm\\\/#breadcrumb\",\"itemListElement\":[{\"@type\":\"ListItem\",\"position\":1,\"name\":\"Portada\",\"item\":\"https:\\\/\\\/iberoid.com\\\/fr\\\/\"},{\"@type\":\"ListItem\",\"position\":2,\"name\":\"Magasin\",\"item\":\"https:\\\/\\\/iberoid.com\\\/fr\\\/shop\\\/\"},{\"@type\":\"ListItem\",\"position\":3,\"name\":\"PACK 3 &#8211; Testosterone Cypionate\"}]},{\"@type\":\"WebSite\",\"@id\":\"https:\\\/\\\/iberoid.com\\\/fr\\\/#website\",\"url\":\"https:\\\/\\\/iberoid.com\\\/fr\\\/\",\"name\":\"(Espa\u00f1ol) Esteroides en l\u00ednea\",\"description\":\"(Espa\u00f1ol) Comprar esteroides en l\u00ednea hoy en Espa\u00f1a y Portugal. Tenemos el mejor servicio al cliente en la industria y los productos de la m\u00e1s alta calidad\",\"potentialAction\":[{\"@type\":\"SearchAction\",\"target\":{\"@type\":\"EntryPoint\",\"urlTemplate\":\"https:\\\/\\\/iberoid.com\\\/fr\\\/?s={search_term_string}\"},\"query-input\":{\"@type\":\"PropertyValueSpecification\",\"valueRequired\":true,\"valueName\":\"search_term_string\"}}],\"inLanguage\":\"fr-FR\"}]}<\/script>\n<meta property=\"product:brand\" content=\"Mp-Pharm\" \/>\n<meta property=\"product:price:amount\" content=\"55.00\" \/>\n<meta property=\"product:price:currency\" content=\"EUR\" \/>\n<meta property=\"og:availability\" content=\"instock\" \/>\n<meta property=\"product:availability\" content=\"instock\" \/>\n<meta property=\"product:condition\" content=\"new\" \/>\n<!-- \/ Yoast SEO Premium plugin. -->","yoast_head_json":{"title":"PACK 3 - Testosterone Cypionate - (Espa\u00f1ol) Esteroides en l\u00ednea","description":"Injection de testost\u00e9rone cypionate (dans de l'huile TCM) pour une lib\u00e9ration prolong\u00e9e, potentiellement avec une administration moins fr\u00e9quente. \u00c9galement disponible en m\u00e9lange cypionate\/propionate pour une action rapide et prolong\u00e9e dans de l'huile TCM. Compos\u00e9 avec de l'huile de Miglyol anti-inflammatoire. Conserver \u00e0 temp\u00e9rature ambiante, \u00e0 l'abri de la lumi\u00e8re.","robots":{"index":"index","follow":"follow","max-snippet":"max-snippet:-1","max-image-preview":"max-image-preview:large","max-video-preview":"max-video-preview:-1"},"canonical":"https:\/\/iberoid.com\/fr\/product\/pack3testosteron-cypionate-mp-pharm\/","og_locale":"fr_FR","og_type":"article","og_title":"PACK 3 - Testosterone Cypionate","og_description":"Injection de testost\u00e9rone cypionate (dans de l'huile TCM) pour une lib\u00e9ration prolong\u00e9e, potentiellement avec une administration moins fr\u00e9quente. \u00c9galement disponible en m\u00e9lange cypionate\/propionate pour une action rapide et prolong\u00e9e dans de l'huile TCM. Compos\u00e9 avec de l'huile de Miglyol anti-inflammatoire. Conserver \u00e0 temp\u00e9rature ambiante, \u00e0 l'abri de la lumi\u00e8re.","og_url":"https:\/\/iberoid.com\/fr\/product\/pack3testosteron-cypionate-mp-pharm\/","og_site_name":"(Espa\u00f1ol) Esteroides en l\u00ednea","article_modified_time":"2026-04-06T01:10:46+00:00","og_image":[{"width":2560,"height":1986,"url":"https:\/\/iberoid.com\/wp-content\/uploads\/2025\/04\/cyp3-2-scaled.jpg?v=1743617892","type":"image\/jpeg"}],"twitter_card":"summary_large_image","twitter_misc":{"Prix":"&euro;55.00","Disponibilit\u00e9":"En stock"},"schema":{"@context":"https:\/\/schema.org","@graph":[{"@type":"WebPage","@id":"https:\/\/iberoid.com\/fr\/product\/pack3testosteron-cypionate-mp-pharm\/","url":"https:\/\/iberoid.com\/fr\/product\/pack3testosteron-cypionate-mp-pharm\/","name":"PACK 3 - Testosterone Cypionate - (Espa\u00f1ol) Esteroides en l\u00ednea","isPartOf":{"@id":"https:\/\/iberoid.com\/fr\/#website"},"primaryImageOfPage":{"@id":"https:\/\/iberoid.com\/fr\/product\/pack3testosteron-cypionate-mp-pharm\/#primaryimage"},"image":{"@id":"https:\/\/iberoid.com\/fr\/product\/pack3testosteron-cypionate-mp-pharm\/#primaryimage"},"thumbnailUrl":"https:\/\/iberoid.com\/wp-content\/uploads\/2025\/04\/cyp3-2-scaled.jpg?v=1743617892","datePublished":"2025-04-02T18:18:43+00:00","dateModified":"2026-04-06T01:10:46+00:00","description":"Injection de testost\u00e9rone cypionate (dans de l'huile TCM) pour une lib\u00e9ration prolong\u00e9e, potentiellement avec une administration moins fr\u00e9quente. \u00c9galement disponible en m\u00e9lange cypionate\/propionate pour une action rapide et prolong\u00e9e dans de l'huile TCM. Compos\u00e9 avec de l'huile de Miglyol anti-inflammatoire. Conserver \u00e0 temp\u00e9rature ambiante, \u00e0 l'abri de la lumi\u00e8re.","breadcrumb":{"@id":"https:\/\/iberoid.com\/fr\/product\/pack3testosteron-cypionate-mp-pharm\/#breadcrumb"},"inLanguage":"fr-FR","potentialAction":[{"@type":"ReadAction","target":[["https:\/\/iberoid.com\/fr\/product\/pack3testosteron-cypionate-mp-pharm\/"]]}]},{"@type":"ImageObject","inLanguage":"fr-FR","@id":"https:\/\/iberoid.com\/fr\/product\/pack3testosteron-cypionate-mp-pharm\/#primaryimage","url":"https:\/\/iberoid.com\/wp-content\/uploads\/2025\/04\/cyp3-2-scaled.jpg?v=1743617892","contentUrl":"https:\/\/iberoid.com\/wp-content\/uploads\/2025\/04\/cyp3-2-scaled.jpg?v=1743617892","width":2560,"height":1986},{"@type":"BreadcrumbList","@id":"https:\/\/iberoid.com\/fr\/product\/pack3testosteron-cypionate-mp-pharm\/#breadcrumb","itemListElement":[{"@type":"ListItem","position":1,"name":"Portada","item":"https:\/\/iberoid.com\/fr\/"},{"@type":"ListItem","position":2,"name":"Magasin","item":"https:\/\/iberoid.com\/fr\/shop\/"},{"@type":"ListItem","position":3,"name":"PACK 3 &#8211; Testosterone Cypionate"}]},{"@type":"WebSite","@id":"https:\/\/iberoid.com\/fr\/#website","url":"https:\/\/iberoid.com\/fr\/","name":"(Espa\u00f1ol) Esteroides en l\u00ednea","description":"(Espa\u00f1ol) Comprar esteroides en l\u00ednea hoy en Espa\u00f1a y Portugal. Tenemos el mejor servicio al cliente en la industria y los productos de la m\u00e1s alta calidad","potentialAction":[{"@type":"SearchAction","target":{"@type":"EntryPoint","urlTemplate":"https:\/\/iberoid.com\/fr\/?s={search_term_string}"},"query-input":{"@type":"PropertyValueSpecification","valueRequired":true,"valueName":"search_term_string"}}],"inLanguage":"fr-FR"}]},"product_brand":"Mp-Pharm","product_price_amount":"55.00","product_price_currency":"EUR","og_availability":"instock","product_availability":"instock","product_condition":"new"},"_links":{"self":[{"href":"https:\/\/iberoid.com\/fr\/wp-json\/wp\/v2\/product\/9998","targetHints":{"allow":["GET"]}}],"collection":[{"href":"https:\/\/iberoid.com\/fr\/wp-json\/wp\/v2\/product"}],"about":[{"href":"https:\/\/iberoid.com\/fr\/wp-json\/wp\/v2\/types\/product"}],"replies":[{"embeddable":true,"href":"https:\/\/iberoid.com\/fr\/wp-json\/wp\/v2\/comments?post=9998"}],"wp:featuredmedia":[{"embeddable":true,"href":"https:\/\/iberoid.com\/fr\/wp-json\/wp\/v2\/media\/10001"}],"wp:attachment":[{"href":"https:\/\/iberoid.com\/fr\/wp-json\/wp\/v2\/media?parent=9998"}],"wp:term":[{"taxonomy":"product_brand","embeddable":true,"href":"https:\/\/iberoid.com\/fr\/wp-json\/wp\/v2\/product_brand?post=9998"},{"taxonomy":"product_cat","embeddable":true,"href":"https:\/\/iberoid.com\/fr\/wp-json\/wp\/v2\/product_cat?post=9998"},{"taxonomy":"product_tag","embeddable":true,"href":"https:\/\/iberoid.com\/fr\/wp-json\/wp\/v2\/product_tag?post=9998"}],"curies":[{"name":"wp","href":"https:\/\/api.w.org\/{rel}","templated":true}]}}