{"id":10042,"date":"2025-04-27T07:51:18","date_gmt":"2025-04-27T07:51:18","guid":{"rendered":"https:\/\/iberoid.com\/?post_type=product&#038;p=10042"},"modified":"2026-02-11T10:41:53","modified_gmt":"2026-02-11T10:41:53","slug":"d-boll-dianabol-methandienone","status":"publish","type":"product","link":"https:\/\/iberoid.com\/it\/product\/d-boll-dianabol-methandienone\/","title":{"rendered":"D-BOLL &#8211; DIANABOL \/ METHANDIENONE"},"content":{"rendered":"<p><\/p>\n<p class=\"\" data-start=\"0\" data-end=\"491\">D-BOLL (metandrostenolone, metandienone) \u00e8 stato uno degli steroidi anabolizzanti pi\u00f9 importanti nel bodybuilding sin dalla sua introduzione nel 1958. Alcuni effetti degni di nota di questo steroide sono che aiuta a costruire muscoli rapidamente e agisce come integratore per la perdita di peso. Conosciuto anche come &#8220;Dbol&#8221;, questo composto orale \u00e8 pi\u00f9 efficace quando utilizzato in cicli di steroidi in combinazione con steroidi iniettabili, ma pu\u00f2 essere utile anche quando usato da solo.<\/p>\n<h3 class=\"\" data-start=\"493\" data-end=\"542\"><strong data-start=\"497\" data-end=\"542\">Combinare D-BOLL con Steroidi Iniettabili<\/strong><\/h3>\n<p class=\"\" data-start=\"544\" data-end=\"1397\">L&#8217;effetto della maggior parte degli steroidi anabolizzanti iniettabili \u00e8 notevolmente migliorato dall&#8217;aggiunta di D-BOLL, che aiuta a costruire muscoli rapidamente. Il miglioramento \u00e8 maggiore rispetto a semplicemente aumentare la quantit\u00e0 di steroide iniettabile nella stessa quantit\u00e0. Un esempio classico e drammatico \u00e8 il trenbolone. Sebbene la quantit\u00e0 totale di steroidi utilizzata sia la stessa nei tre casi, 50 mg\/giorno di acetato di trenbolone combinato con 50 mg\/giorno di D-BOLL fornisce un ciclo di steroidi molto pi\u00f9 efficace rispetto a 100 mg\/giorno di acetato di trenbolone da solo o 100 mg\/giorno di Dbol da solo. Il profilo degli effetti collaterali \u00e8 anche superiore. In altre parole, i composti agiscono sinergicamente: il tutto \u00e8 maggiore della somma delle singole parti. Probabilmente ci\u00f2 \u00e8 dovuto a meccanismi di azione differenti.<\/p>\n<h3 class=\"\" data-start=\"1399\" data-end=\"1440\"><strong data-start=\"1403\" data-end=\"1440\">Combinare D-BOLL con Testosterona<\/strong><\/h3>\n<p class=\"\" data-start=\"1442\" data-end=\"2080\">Tutti gli steroidi iniettabili si combinano bene con D-BOLL, con l&#8217;eccezione parziale che, a dosi pi\u00f9 elevate di testosterone, D-BOLL diventa meno utile e infine completamente superfluo. Come esempio, con 500 mg\/settimana di testosterone, ci si pu\u00f2 aspettare un grande miglioramento in un ciclo di steroidi aggiungendo D-BOLL, ma con 1000 mg\/settimana, \u00e8 probabile un miglioramento moderato. Con 2000 mg\/settimana, potrebbe non esserci alcun aumento ulteriore dell&#8217;efficienza, se non per individui che hanno gi\u00e0 raggiunto un plateau con quella quantit\u00e0 di testosterone da solo. Per la maggior parte delle persone, questo non sar\u00e0 il caso.<\/p>\n<h3 class=\"\" data-start=\"2082\" data-end=\"2116\"><strong data-start=\"2086\" data-end=\"2116\">Raccomandazioni per D-BOLL<\/strong><\/h3>\n<p class=\"\" data-start=\"2118\" data-end=\"2570\">La dose consigliata per D-BOLL \u00e8 tipicamente tra 20-50 mg\/giorno. A differenza della maggior parte degli steroidi iniettabili, non si ottiene un beneficio significativo aumentando ulteriormente questa quantit\u00e0 in milligrammi. Se si desidera un effetto maggiore, la risposta \u00e8 aggiungere un altro steroide anabolizzante. La mia preferenza \u00e8 che la dosatura venga suddivisa in 3-5 dosi giornaliere, ma alcuni preferiscono usarlo solo una volta al giorno.<\/p>\n<p class=\"\" data-start=\"2572\" data-end=\"2687\">Tipicamente, questo utilizzo viene combinato con circa 500-1000 mg\/settimana di steroidi anabolizzanti iniettabili.<\/p>\n<p class=\"\" data-start=\"2689\" data-end=\"2839\">Come per qualsiasi ciclo di steroidi anabolizzanti, D-BOLL deve essere seguito con PCT (terapia post-ciclo) utilizzando Clomid, Nolvadex o toremifene.<\/p>\n<p><\/p>","protected":false},"excerpt":{"rendered":"<p>D-BOLL (metandrostenolone, metandienone) \u00e8 stato uno degli steroidi anabolizzanti pi\u00f9 importanti nel bodybuilding sin dalla sua introduzione nel 1958. Alcuni<\/p>\n","protected":false},"featured_media":10043,"comment_status":"open","ping_status":"closed","template":"","meta":[],"product_brand":[],"product_cat":[73],"product_tag":[],"class_list":{"0":"post-10042","1":"product","2":"type-product","3":"status-publish","4":"has-post-thumbnail","6":"product_cat-ssteroides_orales","8":"first","9":"instock","10":"sale","11":"shipping-taxable","12":"purchasable","13":"product-type-simple"},"yoast_head":"<!-- This site is optimized with the Yoast SEO Premium plugin v24.4 (Yoast SEO v27.3) - https:\/\/yoast.com\/product\/yoast-seo-premium-wordpress\/ -->\n<title>D-BOLL - DIANABOL \/ METHANDIENONE - Steroidi in linea<\/title>\n<meta name=\"description\" content=\"Il D-BOLL (Methandrostenolone) \u00e8 uno steroide anabolizzante orale che aiuta a costruire muscoli ed \u00e8 meglio abbinato a iniettabili per un effetto sinergico.\" \/>\n<meta name=\"robots\" content=\"index, follow, max-snippet:-1, max-image-preview:large, max-video-preview:-1\" \/>\n<link rel=\"canonical\" href=\"https:\/\/iberoid.com\/it\/product\/d-boll-dianabol-methandienone\/\" \/>\n<meta property=\"og:locale\" content=\"it_IT\" \/>\n<meta property=\"og:type\" content=\"article\" \/>\n<meta property=\"og:title\" content=\"D-BOLL - DIANABOL \/ METHANDIENONE\" \/>\n<meta property=\"og:description\" content=\"Il D-BOLL (Methandrostenolone) \u00e8 uno steroide anabolizzante orale che aiuta a costruire muscoli ed \u00e8 meglio abbinato a iniettabili per un effetto sinergico.\" \/>\n<meta property=\"og:url\" content=\"https:\/\/iberoid.com\/it\/product\/d-boll-dianabol-methandienone\/\" \/>\n<meta property=\"og:site_name\" content=\"Steroidi in linea\" \/>\n<meta property=\"article:modified_time\" content=\"2026-02-11T10:41:53+00:00\" \/>\n<meta property=\"og:image\" content=\"https:\/\/iberoid.com\/wp-content\/uploads\/2025\/04\/1dbol-scaled.jpeg?v=1745740222\" \/>\n\t<meta property=\"og:image:width\" content=\"1697\" \/>\n\t<meta property=\"og:image:height\" content=\"2560\" \/>\n\t<meta property=\"og:image:type\" content=\"image\/jpeg\" \/>\n<meta name=\"twitter:card\" content=\"summary_large_image\" \/>\n<meta name=\"twitter:label1\" content=\"Prezzo\" \/>\n\t<meta name=\"twitter:data1\" content=\"&euro;17.00\" \/>\n\t<meta name=\"twitter:label2\" content=\"Disponibilit\u00e0\" \/>\n\t<meta name=\"twitter:data2\" content=\"In stock\" \/>\n<script type=\"application\/ld+json\" class=\"yoast-schema-graph\">{\"@context\":\"https:\\\/\\\/schema.org\",\"@graph\":[{\"@type\":\"WebPage\",\"@id\":\"https:\\\/\\\/iberoid.com\\\/it\\\/product\\\/d-boll-dianabol-methandienone\\\/\",\"url\":\"https:\\\/\\\/iberoid.com\\\/it\\\/product\\\/d-boll-dianabol-methandienone\\\/\",\"name\":\"D-BOLL - DIANABOL \\\/ METHANDIENONE - Steroidi in linea\",\"isPartOf\":{\"@id\":\"https:\\\/\\\/iberoid-shop.com\\\/#website\"},\"primaryImageOfPage\":{\"@id\":\"https:\\\/\\\/iberoid.com\\\/it\\\/product\\\/d-boll-dianabol-methandienone\\\/#primaryimage\"},\"image\":{\"@id\":\"https:\\\/\\\/iberoid.com\\\/it\\\/product\\\/d-boll-dianabol-methandienone\\\/#primaryimage\"},\"thumbnailUrl\":\"https:\\\/\\\/iberoid.com\\\/wp-content\\\/uploads\\\/2025\\\/04\\\/1dbol-scaled.jpeg?v=1745740222\",\"datePublished\":\"2025-04-27T07:51:18+00:00\",\"dateModified\":\"2026-02-11T10:41:53+00:00\",\"description\":\"Il D-BOLL (Methandrostenolone) \u00e8 uno steroide anabolizzante orale che aiuta a costruire muscoli ed \u00e8 meglio abbinato a iniettabili per un effetto sinergico.\",\"breadcrumb\":{\"@id\":\"https:\\\/\\\/iberoid.com\\\/it\\\/product\\\/d-boll-dianabol-methandienone\\\/#breadcrumb\"},\"inLanguage\":\"it-IT\",\"potentialAction\":[{\"@type\":\"ReadAction\",\"target\":[[\"https:\\\/\\\/iberoid.com\\\/it\\\/product\\\/d-boll-dianabol-methandienone\\\/\"]]}]},{\"@type\":\"ImageObject\",\"inLanguage\":\"it-IT\",\"@id\":\"https:\\\/\\\/iberoid.com\\\/it\\\/product\\\/d-boll-dianabol-methandienone\\\/#primaryimage\",\"url\":\"https:\\\/\\\/iberoid.com\\\/wp-content\\\/uploads\\\/2025\\\/04\\\/1dbol-scaled.jpeg?v=1745740222\",\"contentUrl\":\"https:\\\/\\\/iberoid.com\\\/wp-content\\\/uploads\\\/2025\\\/04\\\/1dbol-scaled.jpeg?v=1745740222\",\"width\":1697,\"height\":2560},{\"@type\":\"BreadcrumbList\",\"@id\":\"https:\\\/\\\/iberoid.com\\\/it\\\/product\\\/d-boll-dianabol-methandienone\\\/#breadcrumb\",\"itemListElement\":[{\"@type\":\"ListItem\",\"position\":1,\"name\":\"Portada\",\"item\":\"https:\\\/\\\/iberoid.com\\\/it\\\/\"},{\"@type\":\"ListItem\",\"position\":2,\"name\":\"Negozio\",\"item\":\"https:\\\/\\\/iberoid.com\\\/it\\\/shop\\\/\"},{\"@type\":\"ListItem\",\"position\":3,\"name\":\"D-BOLL &#8211; DIANABOL \\\/ METHANDIENONE\"}]},{\"@type\":\"WebSite\",\"@id\":\"https:\\\/\\\/iberoid-shop.com\\\/#website\",\"url\":\"https:\\\/\\\/iberoid-shop.com\\\/\",\"name\":\"Steroidi in linea\",\"description\":\"Acquista steroidi online oggi in Spagna e Portogallo. Abbiamo il miglior servizio clienti del settore e prodotti di altissima qualit\u00e0\",\"potentialAction\":[{\"@type\":\"SearchAction\",\"target\":{\"@type\":\"EntryPoint\",\"urlTemplate\":\"https:\\\/\\\/iberoid-shop.com\\\/?s={search_term_string}\"},\"query-input\":{\"@type\":\"PropertyValueSpecification\",\"valueRequired\":true,\"valueName\":\"search_term_string\"}}],\"inLanguage\":\"it-IT\"}]}<\/script>\n<meta property=\"product:brand\" content=\"Mp-Pharm\" \/>\n<meta property=\"product:price:amount\" content=\"17.00\" \/>\n<meta property=\"product:price:currency\" content=\"EUR\" \/>\n<meta property=\"og:availability\" content=\"instock\" \/>\n<meta property=\"product:availability\" content=\"instock\" \/>\n<meta property=\"product:condition\" content=\"new\" \/>\n<!-- \/ Yoast SEO Premium plugin. -->","yoast_head_json":{"title":"D-BOLL - DIANABOL \/ METHANDIENONE - Steroidi in linea","description":"Il D-BOLL (Methandrostenolone) \u00e8 uno steroide anabolizzante orale che aiuta a costruire muscoli ed \u00e8 meglio abbinato a iniettabili per un effetto sinergico.","robots":{"index":"index","follow":"follow","max-snippet":"max-snippet:-1","max-image-preview":"max-image-preview:large","max-video-preview":"max-video-preview:-1"},"canonical":"https:\/\/iberoid.com\/it\/product\/d-boll-dianabol-methandienone\/","og_locale":"it_IT","og_type":"article","og_title":"D-BOLL - DIANABOL \/ METHANDIENONE","og_description":"Il D-BOLL (Methandrostenolone) \u00e8 uno steroide anabolizzante orale che aiuta a costruire muscoli ed \u00e8 meglio abbinato a iniettabili per un effetto sinergico.","og_url":"https:\/\/iberoid.com\/it\/product\/d-boll-dianabol-methandienone\/","og_site_name":"Steroidi in linea","article_modified_time":"2026-02-11T10:41:53+00:00","og_image":[{"width":1697,"height":2560,"url":"https:\/\/iberoid.com\/wp-content\/uploads\/2025\/04\/1dbol-scaled.jpeg?v=1745740222","type":"image\/jpeg"}],"twitter_card":"summary_large_image","twitter_misc":{"Prezzo":"&euro;17.00","Disponibilit\u00e0":"In stock"},"schema":{"@context":"https:\/\/schema.org","@graph":[{"@type":"WebPage","@id":"https:\/\/iberoid.com\/it\/product\/d-boll-dianabol-methandienone\/","url":"https:\/\/iberoid.com\/it\/product\/d-boll-dianabol-methandienone\/","name":"D-BOLL - DIANABOL \/ METHANDIENONE - Steroidi in linea","isPartOf":{"@id":"https:\/\/iberoid-shop.com\/#website"},"primaryImageOfPage":{"@id":"https:\/\/iberoid.com\/it\/product\/d-boll-dianabol-methandienone\/#primaryimage"},"image":{"@id":"https:\/\/iberoid.com\/it\/product\/d-boll-dianabol-methandienone\/#primaryimage"},"thumbnailUrl":"https:\/\/iberoid.com\/wp-content\/uploads\/2025\/04\/1dbol-scaled.jpeg?v=1745740222","datePublished":"2025-04-27T07:51:18+00:00","dateModified":"2026-02-11T10:41:53+00:00","description":"Il D-BOLL (Methandrostenolone) \u00e8 uno steroide anabolizzante orale che aiuta a costruire muscoli ed \u00e8 meglio abbinato a iniettabili per un effetto sinergico.","breadcrumb":{"@id":"https:\/\/iberoid.com\/it\/product\/d-boll-dianabol-methandienone\/#breadcrumb"},"inLanguage":"it-IT","potentialAction":[{"@type":"ReadAction","target":[["https:\/\/iberoid.com\/it\/product\/d-boll-dianabol-methandienone\/"]]}]},{"@type":"ImageObject","inLanguage":"it-IT","@id":"https:\/\/iberoid.com\/it\/product\/d-boll-dianabol-methandienone\/#primaryimage","url":"https:\/\/iberoid.com\/wp-content\/uploads\/2025\/04\/1dbol-scaled.jpeg?v=1745740222","contentUrl":"https:\/\/iberoid.com\/wp-content\/uploads\/2025\/04\/1dbol-scaled.jpeg?v=1745740222","width":1697,"height":2560},{"@type":"BreadcrumbList","@id":"https:\/\/iberoid.com\/it\/product\/d-boll-dianabol-methandienone\/#breadcrumb","itemListElement":[{"@type":"ListItem","position":1,"name":"Portada","item":"https:\/\/iberoid.com\/it\/"},{"@type":"ListItem","position":2,"name":"Negozio","item":"https:\/\/iberoid.com\/it\/shop\/"},{"@type":"ListItem","position":3,"name":"D-BOLL &#8211; DIANABOL \/ METHANDIENONE"}]},{"@type":"WebSite","@id":"https:\/\/iberoid-shop.com\/#website","url":"https:\/\/iberoid-shop.com\/","name":"Steroidi in linea","description":"Acquista steroidi online oggi in Spagna e Portogallo. Abbiamo il miglior servizio clienti del settore e prodotti di altissima qualit\u00e0","potentialAction":[{"@type":"SearchAction","target":{"@type":"EntryPoint","urlTemplate":"https:\/\/iberoid-shop.com\/?s={search_term_string}"},"query-input":{"@type":"PropertyValueSpecification","valueRequired":true,"valueName":"search_term_string"}}],"inLanguage":"it-IT"}]},"product_brand":"Mp-Pharm","product_price_amount":"17.00","product_price_currency":"EUR","og_availability":"instock","product_availability":"instock","product_condition":"new"},"_links":{"self":[{"href":"https:\/\/iberoid.com\/it\/wp-json\/wp\/v2\/product\/10042","targetHints":{"allow":["GET"]}}],"collection":[{"href":"https:\/\/iberoid.com\/it\/wp-json\/wp\/v2\/product"}],"about":[{"href":"https:\/\/iberoid.com\/it\/wp-json\/wp\/v2\/types\/product"}],"replies":[{"embeddable":true,"href":"https:\/\/iberoid.com\/it\/wp-json\/wp\/v2\/comments?post=10042"}],"wp:featuredmedia":[{"embeddable":true,"href":"https:\/\/iberoid.com\/it\/wp-json\/wp\/v2\/media\/10043"}],"wp:attachment":[{"href":"https:\/\/iberoid.com\/it\/wp-json\/wp\/v2\/media?parent=10042"}],"wp:term":[{"taxonomy":"product_brand","embeddable":true,"href":"https:\/\/iberoid.com\/it\/wp-json\/wp\/v2\/product_brand?post=10042"},{"taxonomy":"product_cat","embeddable":true,"href":"https:\/\/iberoid.com\/it\/wp-json\/wp\/v2\/product_cat?post=10042"},{"taxonomy":"product_tag","embeddable":true,"href":"https:\/\/iberoid.com\/it\/wp-json\/wp\/v2\/product_tag?post=10042"}],"curies":[{"name":"wp","href":"https:\/\/api.w.org\/{rel}","templated":true}]}}