{"id":10045,"date":"2025-04-27T07:54:24","date_gmt":"2025-04-27T07:54:24","guid":{"rendered":"https:\/\/iberoid.com\/?post_type=product&#038;p=10045"},"modified":"2026-04-14T16:18:48","modified_gmt":"2026-04-14T16:18:48","slug":"pack-2-d-boll","status":"publish","type":"product","link":"https:\/\/iberoid.com\/it\/product\/pack-2-d-boll\/","title":{"rendered":"D-BOLL (2 pack)"},"content":{"rendered":"<p><\/p>\n<p class=\"\" data-start=\"0\" data-end=\"300\"><strong data-start=\"0\" data-end=\"79\">Compra D-BOLL per ottenere guadagni muscolari impressionanti in poco tempo.<\/strong> \u00c8 economico e pu\u00f2 essere assunto per via orale, sotto forma di compresse e pillole. Questo rende il Dbol la scelta preferita per i principianti nel bodybuilding che non vogliono avere a che fare con steroidi iniettabili.<\/p>\n<hr class=\"\" data-start=\"302\" data-end=\"305\" \/>\n<h3 class=\"\" data-start=\"307\" data-end=\"333\"><strong data-start=\"311\" data-end=\"333\">Benefici di D-BOLL<\/strong><\/h3>\n<p class=\"\" data-start=\"335\" data-end=\"1135\"><strong data-start=\"335\" data-end=\"342\">#1:<\/strong> Facile da usare, pu\u00f2 essere assunto per via orale sotto forma di compresse. Nessuna iniezione necessaria.<br data-start=\"448\" data-end=\"451\" \/><strong data-start=\"451\" data-end=\"458\">#2:<\/strong> Brucia il grasso corporeo anche quando sei a riposo.<br data-start=\"511\" data-end=\"514\" \/><strong data-start=\"514\" data-end=\"521\">#3:<\/strong> Offre ottimi guadagni muscolari in tempi rapidi. Anche i principianti nel bodybuilding hanno riferito guadagni di <strong data-start=\"636\" data-end=\"662\">7-9 kg di muscoli puri<\/strong> dopo un mese di utilizzo.<br data-start=\"688\" data-end=\"691\" \/><strong data-start=\"691\" data-end=\"698\">#4:<\/strong> Migliora le prestazioni atletiche, la resistenza fisica e la velocit\u00e0.<br data-start=\"769\" data-end=\"772\" \/><strong data-start=\"772\" data-end=\"779\">#5:<\/strong> Aumenta significativamente la forza.<br data-start=\"816\" data-end=\"819\" \/><strong data-start=\"819\" data-end=\"826\">#6:<\/strong> Ottimizza la sintesi proteica \u2013 essenziale per la crescita muscolare.<br data-start=\"896\" data-end=\"899\" \/><strong data-start=\"899\" data-end=\"906\">#7:<\/strong> Migliora la libido e la durata durante l&#8217;attivit\u00e0 sessuale.<br data-start=\"966\" data-end=\"969\" \/><strong data-start=\"969\" data-end=\"976\">#8:<\/strong> Aiuta i muscoli a trattenere pi\u00f9 azoto.<br data-start=\"1016\" data-end=\"1019\" \/><strong data-start=\"1019\" data-end=\"1026\">#9:<\/strong> Aumenta il flusso sanguigno verso i muscoli.<br data-start=\"1071\" data-end=\"1074\" \/><strong data-start=\"1074\" data-end=\"1082\">#10:<\/strong> \u00c8 molto conveniente. Ottimo rapporto qualit\u00e0-prezzo.<\/p>\n<hr class=\"\" data-start=\"1137\" data-end=\"1140\" \/>\n<h3 class=\"\" data-start=\"1142\" data-end=\"1170\"><strong data-start=\"1146\" data-end=\"1170\">Come funziona D-BOLL<\/strong><\/h3>\n<p class=\"\" data-start=\"1172\" data-end=\"1426\">Il principale ingrediente di <strong data-start=\"1201\" data-end=\"1211\">D-BOLL<\/strong> \u00e8 il <strong data-start=\"1217\" data-end=\"1238\">Metandrostenolone<\/strong>, uno steroide anabolizzante potente che <strong data-start=\"1279\" data-end=\"1305\">aumenta il metabolismo<\/strong> del corpo. Una maggiore velocit\u00e0 metabolica favorisce la <strong data-start=\"1363\" data-end=\"1383\">sintesi proteica<\/strong>, stimolando una rapida crescita muscolare.<\/p>\n<p class=\"\" data-start=\"1428\" data-end=\"1820\">D-BOLL aumenta anche i livelli di <strong data-start=\"1462\" data-end=\"1478\">testosterone<\/strong> nel corpo, che contribuiscono a un maggiore guadagno muscolare e a un recupero pi\u00f9 rapido dopo l&#8217;allenamento.<br data-start=\"1588\" data-end=\"1591\" \/>Inoltre, <strong data-start=\"1600\" data-end=\"1642\">aumenta la produzione di globuli rossi<\/strong>, migliorando l&#8217;apporto di ossigeno ai muscoli.<br data-start=\"1689\" data-end=\"1692\" \/>Dbol permette anche al corpo di <strong data-start=\"1724\" data-end=\"1748\">trattenere pi\u00f9 azoto<\/strong>, essenziale per massimizzare i benefici di una dieta ricca di proteine.<\/p>\n<hr class=\"\" data-start=\"1822\" data-end=\"1825\" \/>\n<h3 class=\"\" data-start=\"1827\" data-end=\"1869\"><strong data-start=\"1831\" data-end=\"1869\">Combinazioni con D-BOLL (Stacking)<\/strong><\/h3>\n<p class=\"\" data-start=\"1871\" data-end=\"2141\">D-BOLL \u00e8 uno steroide che pu\u00f2 essere aggiunto a qualsiasi <strong data-start=\"1929\" data-end=\"1953\">ciclo personalizzato<\/strong>. Pu\u00f2 essere combinato, ad esempio, con altri steroidi come <strong data-start=\"2013\" data-end=\"2049\">Equipoise, Masteron o Trenbolone<\/strong>.<br data-start=\"2050\" data-end=\"2053\" \/>Un ciclo con Dbol pu\u00f2 fornire <strong data-start=\"2083\" data-end=\"2140\">guadagni muscolari incredibili in soli 8-12 settimane<\/strong>.<\/p>\n<hr class=\"\" data-start=\"2143\" data-end=\"2146\" \/>\n<h3 class=\"\" data-start=\"2148\" data-end=\"2176\"><strong data-start=\"2152\" data-end=\"2176\">Come assumere D-BOLL<\/strong><\/h3>\n<h4 class=\"\" data-start=\"2178\" data-end=\"2215\"><strong data-start=\"2183\" data-end=\"2215\">1. Dosaggio per principianti<\/strong><\/h4>\n<ul data-start=\"2217\" data-end=\"2809\">\n<li class=\"\" data-start=\"2217\" data-end=\"2291\">\n<p class=\"\" data-start=\"2219\" data-end=\"2291\"><strong data-start=\"2219\" data-end=\"2233\">Obiettivo:<\/strong> Aumentare massa e forza con effetti collaterali minimi.<\/p>\n<\/li>\n<li class=\"\" data-start=\"2292\" data-end=\"2349\">\n<p class=\"\" data-start=\"2294\" data-end=\"2349\"><strong data-start=\"2294\" data-end=\"2307\">Dosaggio:<\/strong> 20-30 mg al giorno (diviso in 2-3 dosi)<\/p>\n<\/li>\n<li class=\"\" data-start=\"2350\" data-end=\"2389\">\n<p class=\"\" data-start=\"2352\" data-end=\"2389\"><strong data-start=\"2352\" data-end=\"2373\">Durata del ciclo:<\/strong> 4-6 settimane<\/p>\n<\/li>\n<li class=\"\" data-start=\"2390\" data-end=\"2522\">\n<p class=\"\" data-start=\"2392\" data-end=\"2417\"><strong data-start=\"2392\" data-end=\"2415\">Esempio quotidiano:<\/strong><\/p>\n<ul data-start=\"2420\" data-end=\"2522\">\n<li class=\"\" data-start=\"2420\" data-end=\"2440\">\n<p class=\"\" data-start=\"2422\" data-end=\"2440\">10 mg al mattino<\/p>\n<\/li>\n<li class=\"\" data-start=\"2443\" data-end=\"2475\">\n<p class=\"\" data-start=\"2445\" data-end=\"2475\">10 mg prima dell&#8217;allenamento<\/p>\n<\/li>\n<li class=\"\" data-start=\"2478\" data-end=\"2522\">\n<p class=\"\" data-start=\"2480\" data-end=\"2522\">10 mg la sera (se si usano 30 mg\/giorno)<\/p>\n<\/li>\n<\/ul>\n<\/li>\n<li class=\"\" data-start=\"2523\" data-end=\"2615\">\n<p class=\"\" data-start=\"2525\" data-end=\"2549\"><strong data-start=\"2525\" data-end=\"2547\">Stack consigliato:<\/strong><\/p>\n<ul data-start=\"2552\" data-end=\"2615\">\n<li class=\"\" data-start=\"2552\" data-end=\"2615\">\n<p class=\"\" data-start=\"2554\" data-end=\"2615\"><strong data-start=\"2554\" data-end=\"2591\">Testosterone Enantato o Cipionato<\/strong>: 250\u2013300 mg\/settimana<\/p>\n<\/li>\n<\/ul>\n<\/li>\n<li class=\"\" data-start=\"2616\" data-end=\"2809\">\n<p class=\"\" data-start=\"2618\" data-end=\"2647\"><strong data-start=\"2618\" data-end=\"2645\">Perch\u00e9 questo dosaggio?<\/strong><\/p>\n<ul data-start=\"2650\" data-end=\"2809\">\n<li class=\"\" data-start=\"2650\" data-end=\"2716\">\n<p class=\"\" data-start=\"2652\" data-end=\"2716\">Garantisce guadagni solidi con una ritenzione idrica gestibile<\/p>\n<\/li>\n<li class=\"\" data-start=\"2719\" data-end=\"2762\">\n<p class=\"\" data-start=\"2721\" data-end=\"2762\">Ciclo breve = minore impatto sul fegato<\/p>\n<\/li>\n<li class=\"\" data-start=\"2765\" data-end=\"2809\">\n<p class=\"\" data-start=\"2767\" data-end=\"2809\">Ideale per testare la tolleranza del corpo<\/p>\n<\/li>\n<\/ul>\n<\/li>\n<\/ul>\n<hr class=\"\" data-start=\"2811\" data-end=\"2814\" \/>\n<h4 class=\"\" data-start=\"2816\" data-end=\"2847\"><strong data-start=\"2821\" data-end=\"2847\">2. Dosaggio intermedio<\/strong><\/h4>\n<ul data-start=\"2849\" data-end=\"3546\">\n<li class=\"\" data-start=\"2849\" data-end=\"2907\">\n<p class=\"\" data-start=\"2851\" data-end=\"2907\"><strong data-start=\"2851\" data-end=\"2865\">Obiettivo:<\/strong> Guadagni pi\u00f9 rapidi per utenti esperti.<\/p>\n<\/li>\n<li class=\"\" data-start=\"2908\" data-end=\"2965\">\n<p class=\"\" data-start=\"2910\" data-end=\"2965\"><strong data-start=\"2910\" data-end=\"2923\">Dosaggio:<\/strong> 30-50 mg al giorno (diviso in 2-3 dosi)<\/p>\n<\/li>\n<li class=\"\" data-start=\"2966\" data-end=\"3005\">\n<p class=\"\" data-start=\"2968\" data-end=\"3005\"><strong data-start=\"2968\" data-end=\"2989\">Durata del ciclo:<\/strong> 6-8 settimane<\/p>\n<\/li>\n<li class=\"\" data-start=\"3006\" data-end=\"3149\">\n<p class=\"\" data-start=\"3008\" data-end=\"3033\"><strong data-start=\"3008\" data-end=\"3031\">Esempio quotidiano:<\/strong><\/p>\n<ul data-start=\"3036\" data-end=\"3149\">\n<li class=\"\" data-start=\"3036\" data-end=\"3056\">\n<p class=\"\" data-start=\"3038\" data-end=\"3056\">10 mg al mattino<\/p>\n<\/li>\n<li class=\"\" data-start=\"3059\" data-end=\"3091\">\n<p class=\"\" data-start=\"3061\" data-end=\"3091\">20 mg prima dell&#8217;allenamento<\/p>\n<\/li>\n<li class=\"\" data-start=\"3094\" data-end=\"3149\">\n<p class=\"\" data-start=\"3096\" data-end=\"3149\">20 mg dopo l&#8217;allenamento (se si usano 50 mg\/giorno)<\/p>\n<\/li>\n<\/ul>\n<\/li>\n<li class=\"\" data-start=\"3150\" data-end=\"3290\">\n<p class=\"\" data-start=\"3152\" data-end=\"3176\"><strong data-start=\"3152\" data-end=\"3174\">Stack consigliato:<\/strong><\/p>\n<ul data-start=\"3179\" data-end=\"3290\">\n<li class=\"\" data-start=\"3179\" data-end=\"3230\">\n<p class=\"\" data-start=\"3181\" data-end=\"3230\"><strong data-start=\"3181\" data-end=\"3207\">Testosterone Enantato:<\/strong> 400\u2013500 mg\/settimana<\/p>\n<\/li>\n<li class=\"\" data-start=\"3233\" data-end=\"3290\">\n<p class=\"\" data-start=\"3235\" data-end=\"3290\"><strong data-start=\"3235\" data-end=\"3254\">Deca-Durabolin:<\/strong> 300\u2013400 mg\/settimana (per volume)<\/p>\n<\/li>\n<\/ul>\n<\/li>\n<li class=\"\" data-start=\"3291\" data-end=\"3546\">\n<p class=\"\" data-start=\"3293\" data-end=\"3310\"><strong data-start=\"3293\" data-end=\"3308\">Attenzione:<\/strong><\/p>\n<ul data-start=\"3313\" data-end=\"3546\">\n<li class=\"\" data-start=\"3313\" data-end=\"3452\">\n<p class=\"\" data-start=\"3315\" data-end=\"3452\">Guadagni rapidi, ma con rischio maggiore di ritenzione idrica e ginecomastia (usare <strong data-start=\"3399\" data-end=\"3434\">Arimidex 0,5 mg ogni due giorni<\/strong>, se necessario)<\/p>\n<\/li>\n<li class=\"\" data-start=\"3455\" data-end=\"3546\">\n<p class=\"\" data-start=\"3457\" data-end=\"3546\">La tossicit\u00e0 epatica \u00e8 pi\u00f9 preoccupante \u2013 evitare l&#8217;alcol e monitorare gli enzimi epatici<\/p>\n<\/li>\n<\/ul>\n<\/li>\n<\/ul>\n<hr class=\"\" data-start=\"3548\" data-end=\"3551\" \/>\n<h4 class=\"\" data-start=\"3553\" data-end=\"3582\"><strong data-start=\"3558\" data-end=\"3582\">3. Dosaggio avanzato<\/strong><\/h4>\n<ul data-start=\"3584\" data-end=\"4517\">\n<li class=\"\" data-start=\"3584\" data-end=\"3657\">\n<p class=\"\" data-start=\"3586\" data-end=\"3657\"><strong data-start=\"3586\" data-end=\"3600\">Obiettivo:<\/strong> Massimizzare il guadagno di massa per utenti avanzati.<\/p>\n<\/li>\n<li class=\"\" data-start=\"3658\" data-end=\"3713\">\n<p class=\"\" data-start=\"3660\" data-end=\"3713\"><strong data-start=\"3660\" data-end=\"3673\">Dosaggio:<\/strong> 50-70 mg al giorno (diviso in 3 dosi)<\/p>\n<\/li>\n<li class=\"\" data-start=\"3714\" data-end=\"3763\">\n<p class=\"\" data-start=\"3716\" data-end=\"3763\"><strong data-start=\"3716\" data-end=\"3737\">Durata del ciclo:<\/strong> 6-8 settimane (massimo)<\/p>\n<\/li>\n<li class=\"\" data-start=\"3764\" data-end=\"3907\">\n<p class=\"\" data-start=\"3766\" data-end=\"3791\"><strong data-start=\"3766\" data-end=\"3789\">Esempio quotidiano:<\/strong><\/p>\n<ul data-start=\"3794\" data-end=\"3907\">\n<li class=\"\" data-start=\"3794\" data-end=\"3814\">\n<p class=\"\" data-start=\"3796\" data-end=\"3814\">20 mg al mattino<\/p>\n<\/li>\n<li class=\"\" data-start=\"3817\" data-end=\"3849\">\n<p class=\"\" data-start=\"3819\" data-end=\"3849\">20 mg prima dell&#8217;allenamento<\/p>\n<\/li>\n<li class=\"\" data-start=\"3852\" data-end=\"3907\">\n<p class=\"\" data-start=\"3854\" data-end=\"3907\">30 mg dopo l&#8217;allenamento (se si usano 70 mg\/giorno)<\/p>\n<\/li>\n<\/ul>\n<\/li>\n<li class=\"\" data-start=\"3908\" data-end=\"4152\">\n<p class=\"\" data-start=\"3910\" data-end=\"3934\"><strong data-start=\"3910\" data-end=\"3932\">Stack consigliato:<\/strong><\/p>\n<ul data-start=\"3937\" data-end=\"4152\">\n<li class=\"\" data-start=\"3937\" data-end=\"3989\">\n<p class=\"\" data-start=\"3939\" data-end=\"3989\"><strong data-start=\"3939\" data-end=\"3966\">Testosterone Cipionato:<\/strong> 500\u2013600 mg\/settimana<\/p>\n<\/li>\n<li class=\"\" data-start=\"3992\" data-end=\"4078\">\n<p class=\"\" data-start=\"3994\" data-end=\"4078\"><strong data-start=\"3994\" data-end=\"4018\">Trenbolone Enantato:<\/strong> 300 mg\/settimana (per maggiore durezza e forza muscolare)<\/p>\n<\/li>\n<li class=\"\" data-start=\"4081\" data-end=\"4152\">\n<p class=\"\" data-start=\"4083\" data-end=\"4152\"><strong data-start=\"4083\" data-end=\"4117\">IA (Inibitore dell&#8217;Aromatasi):<\/strong> Aromasin 12,5 mg ogni due giorni<\/p>\n<\/li>\n<\/ul>\n<\/li>\n<li class=\"\" data-start=\"4153\" data-end=\"4517\">\n<p class=\"\" data-start=\"4155\" data-end=\"4172\"><strong data-start=\"4155\" data-end=\"4170\">Attenzione:<\/strong><\/p>\n<ul data-start=\"4175\" data-end=\"4517\">\n<li class=\"\" data-start=\"4175\" data-end=\"4284\">\n<p class=\"\" data-start=\"4177\" data-end=\"4284\">Gli effetti collaterali saranno pi\u00f9 pronunciati: ipertensione, stress epatico, e ritenzione idrica severa<\/p>\n<\/li>\n<li class=\"\" data-start=\"4287\" data-end=\"4379\">\n<p class=\"\" data-start=\"4289\" data-end=\"4379\">Gli esami del sangue sono essenziali per monitorare il fegato e i livelli di colesterolo<\/p>\n<\/li>\n<li class=\"\" data-start=\"4382\" data-end=\"4517\">\n<p class=\"\" data-start=\"4384\" data-end=\"4517\">Gli utenti avanzati potrebbero necessitare di <strong data-start=\"4430\" data-end=\"4445\">Cabergolina<\/strong> per gestire i livelli di prolattina quando combinato con altri composti<\/p>\n<\/li>\n<\/ul>\n<\/li>\n<\/ul>\n<p><\/p>","protected":false},"excerpt":{"rendered":"<p>Compra D-BOLL per ottenere guadagni muscolari impressionanti in poco tempo. \u00c8 economico e pu\u00f2 essere assunto per via orale, sotto<\/p>\n","protected":false},"featured_media":10046,"comment_status":"open","ping_status":"closed","template":"","meta":[],"product_brand":[],"product_cat":[73,3474],"product_tag":[],"class_list":{"0":"post-10045","1":"product","2":"type-product","3":"status-publish","4":"has-post-thumbnail","6":"product_cat-ssteroides_orales","7":"product_cat-packs","9":"first","10":"instock","11":"shipping-taxable","12":"purchasable","13":"product-type-simple"},"yoast_head":"<!-- This site is optimized with the Yoast SEO Premium plugin v24.4 (Yoast SEO v27.3) - https:\/\/yoast.com\/product\/yoast-seo-premium-wordpress\/ -->\n<title>D-BOLL (2 pack)<\/title>\n<meta name=\"description\" content=\"D-BOLL \u00e8 uno steroide anabolizzante orale che aumenta massa muscolare, brucia grassi, forza e resistenza, ideale per principianti e avanzati.\" \/>\n<meta name=\"robots\" content=\"index, follow, max-snippet:-1, max-image-preview:large, max-video-preview:-1\" \/>\n<link rel=\"canonical\" href=\"https:\/\/iberoid.com\/it\/product\/pack-2-d-boll\/\" \/>\n<meta property=\"og:locale\" content=\"it_IT\" \/>\n<meta property=\"og:type\" content=\"article\" \/>\n<meta property=\"og:title\" content=\"D-BOLL (2 pack)\" \/>\n<meta property=\"og:description\" content=\"D-BOLL \u00e8 uno steroide anabolizzante orale che aumenta massa muscolare, brucia grassi, forza e resistenza, ideale per principianti e avanzati.\" \/>\n<meta property=\"og:url\" content=\"https:\/\/iberoid.com\/it\/product\/pack-2-d-boll\/\" \/>\n<meta property=\"og:site_name\" content=\"Steroidi in linea\" \/>\n<meta property=\"article:modified_time\" content=\"2026-04-14T16:18:48+00:00\" \/>\n<meta property=\"og:image\" content=\"https:\/\/iberoid.com\/wp-content\/uploads\/2025\/04\/2dbol-scaled.jpeg?v=1745740425\" \/>\n\t<meta property=\"og:image:width\" content=\"2103\" \/>\n\t<meta property=\"og:image:height\" content=\"2560\" \/>\n\t<meta property=\"og:image:type\" content=\"image\/jpeg\" \/>\n<meta name=\"twitter:card\" content=\"summary_large_image\" \/>\n<meta name=\"twitter:label1\" content=\"Prezzo\" \/>\n\t<meta name=\"twitter:data1\" content=\"&euro;20.00\" \/>\n\t<meta name=\"twitter:label2\" content=\"Disponibilit\u00e0\" \/>\n\t<meta name=\"twitter:data2\" content=\"In stock\" \/>\n<script type=\"application\/ld+json\" class=\"yoast-schema-graph\">{\"@context\":\"https:\\\/\\\/schema.org\",\"@graph\":[{\"@type\":\"WebPage\",\"@id\":\"https:\\\/\\\/iberoid.com\\\/it\\\/product\\\/pack-2-d-boll\\\/\",\"url\":\"https:\\\/\\\/iberoid.com\\\/it\\\/product\\\/pack-2-d-boll\\\/\",\"name\":\"D-BOLL (2 pack)\",\"isPartOf\":{\"@id\":\"https:\\\/\\\/iberoid.com\\\/it\\\/#website\"},\"primaryImageOfPage\":{\"@id\":\"https:\\\/\\\/iberoid.com\\\/it\\\/product\\\/pack-2-d-boll\\\/#primaryimage\"},\"image\":{\"@id\":\"https:\\\/\\\/iberoid.com\\\/it\\\/product\\\/pack-2-d-boll\\\/#primaryimage\"},\"thumbnailUrl\":\"https:\\\/\\\/iberoid.com\\\/wp-content\\\/uploads\\\/2025\\\/04\\\/2dbol-scaled.jpeg?v=1745740425\",\"datePublished\":\"2025-04-27T07:54:24+00:00\",\"dateModified\":\"2026-04-14T16:18:48+00:00\",\"description\":\"D-BOLL \u00e8 uno steroide anabolizzante orale che aumenta massa muscolare, brucia grassi, forza e resistenza, ideale per principianti e avanzati.\",\"breadcrumb\":{\"@id\":\"https:\\\/\\\/iberoid.com\\\/it\\\/product\\\/pack-2-d-boll\\\/#breadcrumb\"},\"inLanguage\":\"it-IT\",\"potentialAction\":[{\"@type\":\"ReadAction\",\"target\":[[\"https:\\\/\\\/iberoid.com\\\/it\\\/product\\\/pack-2-d-boll\\\/\"]]}]},{\"@type\":\"ImageObject\",\"inLanguage\":\"it-IT\",\"@id\":\"https:\\\/\\\/iberoid.com\\\/it\\\/product\\\/pack-2-d-boll\\\/#primaryimage\",\"url\":\"https:\\\/\\\/iberoid.com\\\/wp-content\\\/uploads\\\/2025\\\/04\\\/2dbol-scaled.jpeg?v=1745740425\",\"contentUrl\":\"https:\\\/\\\/iberoid.com\\\/wp-content\\\/uploads\\\/2025\\\/04\\\/2dbol-scaled.jpeg?v=1745740425\",\"width\":2103,\"height\":2560},{\"@type\":\"BreadcrumbList\",\"@id\":\"https:\\\/\\\/iberoid.com\\\/it\\\/product\\\/pack-2-d-boll\\\/#breadcrumb\",\"itemListElement\":[{\"@type\":\"ListItem\",\"position\":1,\"name\":\"Portada\",\"item\":\"https:\\\/\\\/iberoid.com\\\/it\\\/\"},{\"@type\":\"ListItem\",\"position\":2,\"name\":\"Negozio\",\"item\":\"https:\\\/\\\/iberoid.com\\\/it\\\/shop\\\/\"},{\"@type\":\"ListItem\",\"position\":3,\"name\":\"D-BOLL (2 pack)\"}]},{\"@type\":\"WebSite\",\"@id\":\"https:\\\/\\\/iberoid.com\\\/it\\\/#website\",\"url\":\"https:\\\/\\\/iberoid.com\\\/it\\\/\",\"name\":\"Steroidi in linea\",\"description\":\"Acquista steroidi online oggi in Spagna e Portogallo. Abbiamo il miglior servizio clienti del settore e prodotti di altissima qualit\u00e0\",\"potentialAction\":[{\"@type\":\"SearchAction\",\"target\":{\"@type\":\"EntryPoint\",\"urlTemplate\":\"https:\\\/\\\/iberoid.com\\\/it\\\/?s={search_term_string}\"},\"query-input\":{\"@type\":\"PropertyValueSpecification\",\"valueRequired\":true,\"valueName\":\"search_term_string\"}}],\"inLanguage\":\"it-IT\"}]}<\/script>\n<meta property=\"product:brand\" content=\"Mp-Pharm\" \/>\n<meta property=\"product:price:amount\" content=\"20.00\" \/>\n<meta property=\"product:price:currency\" content=\"EUR\" \/>\n<meta property=\"og:availability\" content=\"instock\" \/>\n<meta property=\"product:availability\" content=\"instock\" \/>\n<meta property=\"product:condition\" content=\"new\" \/>\n<!-- \/ Yoast SEO Premium plugin. -->","yoast_head_json":{"title":"D-BOLL (2 pack)","description":"D-BOLL \u00e8 uno steroide anabolizzante orale che aumenta massa muscolare, brucia grassi, forza e resistenza, ideale per principianti e avanzati.","robots":{"index":"index","follow":"follow","max-snippet":"max-snippet:-1","max-image-preview":"max-image-preview:large","max-video-preview":"max-video-preview:-1"},"canonical":"https:\/\/iberoid.com\/it\/product\/pack-2-d-boll\/","og_locale":"it_IT","og_type":"article","og_title":"D-BOLL (2 pack)","og_description":"D-BOLL \u00e8 uno steroide anabolizzante orale che aumenta massa muscolare, brucia grassi, forza e resistenza, ideale per principianti e avanzati.","og_url":"https:\/\/iberoid.com\/it\/product\/pack-2-d-boll\/","og_site_name":"Steroidi in linea","article_modified_time":"2026-04-14T16:18:48+00:00","og_image":[{"width":2103,"height":2560,"url":"https:\/\/iberoid.com\/wp-content\/uploads\/2025\/04\/2dbol-scaled.jpeg?v=1745740425","type":"image\/jpeg"}],"twitter_card":"summary_large_image","twitter_misc":{"Prezzo":"&euro;20.00","Disponibilit\u00e0":"In stock"},"schema":{"@context":"https:\/\/schema.org","@graph":[{"@type":"WebPage","@id":"https:\/\/iberoid.com\/it\/product\/pack-2-d-boll\/","url":"https:\/\/iberoid.com\/it\/product\/pack-2-d-boll\/","name":"D-BOLL (2 pack)","isPartOf":{"@id":"https:\/\/iberoid.com\/it\/#website"},"primaryImageOfPage":{"@id":"https:\/\/iberoid.com\/it\/product\/pack-2-d-boll\/#primaryimage"},"image":{"@id":"https:\/\/iberoid.com\/it\/product\/pack-2-d-boll\/#primaryimage"},"thumbnailUrl":"https:\/\/iberoid.com\/wp-content\/uploads\/2025\/04\/2dbol-scaled.jpeg?v=1745740425","datePublished":"2025-04-27T07:54:24+00:00","dateModified":"2026-04-14T16:18:48+00:00","description":"D-BOLL \u00e8 uno steroide anabolizzante orale che aumenta massa muscolare, brucia grassi, forza e resistenza, ideale per principianti e avanzati.","breadcrumb":{"@id":"https:\/\/iberoid.com\/it\/product\/pack-2-d-boll\/#breadcrumb"},"inLanguage":"it-IT","potentialAction":[{"@type":"ReadAction","target":[["https:\/\/iberoid.com\/it\/product\/pack-2-d-boll\/"]]}]},{"@type":"ImageObject","inLanguage":"it-IT","@id":"https:\/\/iberoid.com\/it\/product\/pack-2-d-boll\/#primaryimage","url":"https:\/\/iberoid.com\/wp-content\/uploads\/2025\/04\/2dbol-scaled.jpeg?v=1745740425","contentUrl":"https:\/\/iberoid.com\/wp-content\/uploads\/2025\/04\/2dbol-scaled.jpeg?v=1745740425","width":2103,"height":2560},{"@type":"BreadcrumbList","@id":"https:\/\/iberoid.com\/it\/product\/pack-2-d-boll\/#breadcrumb","itemListElement":[{"@type":"ListItem","position":1,"name":"Portada","item":"https:\/\/iberoid.com\/it\/"},{"@type":"ListItem","position":2,"name":"Negozio","item":"https:\/\/iberoid.com\/it\/shop\/"},{"@type":"ListItem","position":3,"name":"D-BOLL (2 pack)"}]},{"@type":"WebSite","@id":"https:\/\/iberoid.com\/it\/#website","url":"https:\/\/iberoid.com\/it\/","name":"Steroidi in linea","description":"Acquista steroidi online oggi in Spagna e Portogallo. Abbiamo il miglior servizio clienti del settore e prodotti di altissima qualit\u00e0","potentialAction":[{"@type":"SearchAction","target":{"@type":"EntryPoint","urlTemplate":"https:\/\/iberoid.com\/it\/?s={search_term_string}"},"query-input":{"@type":"PropertyValueSpecification","valueRequired":true,"valueName":"search_term_string"}}],"inLanguage":"it-IT"}]},"product_brand":"Mp-Pharm","product_price_amount":"20.00","product_price_currency":"EUR","og_availability":"instock","product_availability":"instock","product_condition":"new"},"_links":{"self":[{"href":"https:\/\/iberoid.com\/it\/wp-json\/wp\/v2\/product\/10045","targetHints":{"allow":["GET"]}}],"collection":[{"href":"https:\/\/iberoid.com\/it\/wp-json\/wp\/v2\/product"}],"about":[{"href":"https:\/\/iberoid.com\/it\/wp-json\/wp\/v2\/types\/product"}],"replies":[{"embeddable":true,"href":"https:\/\/iberoid.com\/it\/wp-json\/wp\/v2\/comments?post=10045"}],"wp:featuredmedia":[{"embeddable":true,"href":"https:\/\/iberoid.com\/it\/wp-json\/wp\/v2\/media\/10046"}],"wp:attachment":[{"href":"https:\/\/iberoid.com\/it\/wp-json\/wp\/v2\/media?parent=10045"}],"wp:term":[{"taxonomy":"product_brand","embeddable":true,"href":"https:\/\/iberoid.com\/it\/wp-json\/wp\/v2\/product_brand?post=10045"},{"taxonomy":"product_cat","embeddable":true,"href":"https:\/\/iberoid.com\/it\/wp-json\/wp\/v2\/product_cat?post=10045"},{"taxonomy":"product_tag","embeddable":true,"href":"https:\/\/iberoid.com\/it\/wp-json\/wp\/v2\/product_tag?post=10045"}],"curies":[{"name":"wp","href":"https:\/\/api.w.org\/{rel}","templated":true}]}}