{"id":10074,"date":"2025-05-11T09:39:42","date_gmt":"2025-05-11T09:39:42","guid":{"rendered":"https:\/\/iberoid.com\/?post_type=product&#038;p=10074"},"modified":"2026-01-25T12:35:57","modified_gmt":"2026-01-25T12:35:57","slug":"boldenon-onatario-pharma","status":"publish","type":"product","link":"https:\/\/iberoid.com\/it\/product\/boldenon-onatario-pharma\/","title":{"rendered":"Boldenone Undecylenate 200mg\/ml"},"content":{"rendered":"<p><\/p>\n<p data-sourcepos=\"1:1-1:1366\">La <strong>Boldenone Undecilenato<\/strong> \u00e8 uno steroide iniettabile di uso <span class=\"citation-42\">veterinario. \u00c8 un derivato del testosterone che presenta <\/span><strong><span class=\"citation-42\">forti propriet\u00e0 anaboliche <\/span><span class=\"citation-41 citation-42\">e moderatamente androgene<\/span><\/strong><span class=\"citation-41 citation-42 citation-end-42\">. L&#8217;estere undecilenato<\/span><span class=\"citation-41 citation-end-41\"> prolunga notevolmente l&#8217;attivit\u00e0 del farmaco (l&#8217;estere undecilenato \u00e8 pi\u00f9 lungo di un solo atomo di carbonio rispetto al decanoato),<\/span> tanto che clinicamente le iniezioni devono essere ripetute ogni tre o quattro settimane. Nel campo veterinario, l&#8217;Equipoise \u00e8 utilizzato principalmente sui cavalli, mostrando un pronunciato effetto <span class=\"citation-40 citation-end-40\">sul peso corporeo magro, sull&#8217;appetito e sulla disposizione generale dell&#8217;animale. Come tutti gli steroidi, questo composto mostra una<\/span> marcata <span class=\"citation-39\">capacit\u00e0 di <\/span><strong><span class=\"citation-39\">aumentare la produzione di globuli rossi<\/span><\/strong><span class=\"citation-39 citation-end-39\">. Negli ultimi anni, questo composto \u00e8 diventato uno dei preferiti tra gli atleti. Molti lo considerano un sostituto ideale<\/span> del Deca-Durabolin. L&#8217;Equipoise non \u00e8 un costruttore di massa rapido, ma fornir\u00e0 <strong>guadagni lenti e costanti di forza e massa muscolare di alta qualit\u00e0<\/strong>. Gli effetti pi\u00f9 positivi di questo farmaco <span class=\"citation-38 citation-end-38\">si osservano quando viene utilizzato per cicli pi\u00f9 lunghi, di solito della durata di almeno 10 settimane. Il muscolo guadagnato non dovrebbe essere<\/span> il volume liscio visto con gli androgeni, ma piuttosto un aspetto molto definito e solido.<\/p>\n<hr data-sourcepos=\"3:1-3:3\" \/>\n<h3 data-sourcepos=\"5:1-5:13\">Contenuto<\/h3>\n<p data-sourcepos=\"6:1-6:46\">200 mg\/ml di Boldenone Undecilenato (10 fiale)<\/p>\n<hr data-sourcepos=\"8:1-8:3\" \/>\n<h3 data-sourcepos=\"10:1-10:16\">Nomi Chimici<\/h3>\n<p data-sourcepos=\"11:1-11:56\">1,4 androstadiene-3-one, 17beta-ol, 1-deidrotestosterone<\/p>\n<hr data-sourcepos=\"13:1-13:3\" \/>\n<h3 data-sourcepos=\"15:1-15:23\">Effetti Collaterali<\/h3>\n<p data-sourcepos=\"16:1-16:1258\">Gli <strong>effetti collaterali<\/strong> dell&#8217;Equipoise sono generalmente lievi. La struttura del boldenone gli permette di convertirsi in estrogeni, ma non ha un&#8217;affinit\u00e0 estremamente alta per farlo. Se analizziamo gli studi di aromatizzazione, essi <span class=\"citation-37\">suggeriscono che il suo tasso di conversione in <\/span><span class=\"citation-36 citation-37\">estrogeni dovrebbe essere circa la met\u00e0 di quello del testosterone. La <\/span><strong><span class=\"citation-36 citation-37\">ritenzione idrica<\/span><\/strong><span class=\"citation-36 citation-37 citation-end-37\"> con questo farmaco sarebbe quindi<\/span><span class=\"citation-36 citation-end-36\"> leggermente superiore a quella con Deca-Durabolin (con una conversione stimata del 20%), ma molto<\/span> inferiore a quella che si riscontrerebbe con un composto pi\u00f9 forte come il Testosterone. Sebbene esista ancora la possibilit\u00e0 di riscontrare effetti collaterali legati agli estrogeni durante l&#8217;uso di Equipoise, i problemi di solito non si verificano a un dosaggio moderato. La <strong>ginecomastia<\/strong> potrebbe diventare un problema, ma di solito solo in individui molto sensibili o (ancora una volta) in <span class=\"citation-35 citation-end-35\">coloro che utilizzano dosaggi pi\u00f9 elevati. Se gli effetti estrogenici diventano un problema, l&#8217;aggiunta di Nolvadex dovrebbe<\/span> rendere il ciclo pi\u00f9 tollerabile. Un anti-aromatasi come Arimidex, Femara o Aromasin sarebbe un&#8217;opzione pi\u00f9 forte, sebbene probabilmente non necessaria con un farmaco cos\u00ec leggero.<\/p>\n<hr data-sourcepos=\"18:1-18:3\" \/>\n<h3 data-sourcepos=\"20:1-20:20\">Somministrazione<\/h3>\n<p data-sourcepos=\"21:1-21:242\">Per mantenere livelli ematici stabili, l&#8217;Equipoise dovrebbe essere iniettato almeno una volta alla settimana. Viene pi\u00f9 comunemente usato a un dosaggio di <strong>400-600 mg a settimana per gli uomini<\/strong> e <strong>50-150 mg settimanalmente per le donne<\/strong>.<\/p>\n<p><\/p>","protected":false},"excerpt":{"rendered":"<p>La Boldenone Undecilenato \u00e8 uno steroide iniettabile di uso veterinario. \u00c8 un derivato del testosterone che presenta forti propriet\u00e0 anaboliche<\/p>\n","protected":false},"featured_media":10075,"comment_status":"open","ping_status":"closed","template":"","meta":[],"product_brand":[],"product_cat":[69],"product_tag":[],"class_list":{"0":"post-10074","1":"product","2":"type-product","3":"status-publish","4":"has-post-thumbnail","6":"product_cat-esteroides_inyectables","8":"first","9":"outofstock","10":"shipping-taxable","11":"purchasable","12":"product-type-simple"},"yoast_head":"<!-- This site is optimized with the Yoast SEO Premium plugin v24.4 (Yoast SEO v27.0) - https:\/\/yoast.com\/product\/yoast-seo-premium-wordpress\/ -->\n<title>Boldenone Undecylenate 200mg\/ml - Steroidi in linea<\/title>\n<meta name=\"description\" content=\"Boldenone Undecilenato (Equipoise) \u00e8 uno steroide veterinario per guadagni muscolari di qualit\u00e0 e forza costanti, con lievi effetti collaterali.\" \/>\n<meta name=\"robots\" content=\"index, follow, max-snippet:-1, max-image-preview:large, max-video-preview:-1\" \/>\n<link rel=\"canonical\" href=\"https:\/\/iberoid.com\/it\/product\/boldenon-onatario-pharma\/\" \/>\n<meta property=\"og:locale\" content=\"it_IT\" \/>\n<meta property=\"og:type\" content=\"article\" \/>\n<meta property=\"og:title\" content=\"Boldenone Undecylenate 200mg\/ml\" \/>\n<meta property=\"og:description\" content=\"Boldenone Undecilenato (Equipoise) \u00e8 uno steroide veterinario per guadagni muscolari di qualit\u00e0 e forza costanti, con lievi effetti collaterali.\" \/>\n<meta property=\"og:url\" content=\"https:\/\/iberoid.com\/it\/product\/boldenon-onatario-pharma\/\" \/>\n<meta property=\"og:site_name\" content=\"Steroidi in linea\" \/>\n<meta property=\"article:modified_time\" content=\"2026-01-25T12:35:57+00:00\" \/>\n<meta property=\"og:image\" content=\"https:\/\/iberoid.com\/wp-content\/uploads\/2025\/05\/ontariobolde.jpg?v=1746956365\" \/>\n\t<meta property=\"og:image:width\" content=\"800\" \/>\n\t<meta property=\"og:image:height\" content=\"800\" \/>\n\t<meta property=\"og:image:type\" content=\"image\/jpeg\" \/>\n<meta name=\"twitter:card\" content=\"summary_large_image\" \/>\n<meta name=\"twitter:label1\" content=\"Prezzo\" \/>\n\t<meta name=\"twitter:data1\" content=\"&euro;30.00\" \/>\n\t<meta name=\"twitter:label2\" content=\"Disponibilit\u00e0\" \/>\n\t<meta name=\"twitter:data2\" content=\"Esaurito\" \/>\n<script type=\"application\/ld+json\" class=\"yoast-schema-graph\">{\"@context\":\"https:\/\/schema.org\",\"@graph\":[{\"@type\":\"WebPage\",\"@id\":\"https:\/\/iberoid.com\/it\/product\/boldenon-onatario-pharma\/\",\"url\":\"https:\/\/iberoid.com\/it\/product\/boldenon-onatario-pharma\/\",\"name\":\"Boldenone Undecylenate 200mg\/ml - Steroidi in linea\",\"isPartOf\":{\"@id\":\"https:\/\/iberoid.com\/it\/#website\"},\"primaryImageOfPage\":{\"@id\":\"https:\/\/iberoid.com\/it\/product\/boldenon-onatario-pharma\/#primaryimage\"},\"image\":{\"@id\":\"https:\/\/iberoid.com\/it\/product\/boldenon-onatario-pharma\/#primaryimage\"},\"thumbnailUrl\":\"https:\/\/iberoid.com\/wp-content\/uploads\/2025\/05\/ontariobolde.jpg?v=1746956365\",\"datePublished\":\"2025-05-11T09:39:42+00:00\",\"dateModified\":\"2026-01-25T12:35:57+00:00\",\"description\":\"Boldenone Undecilenato (Equipoise) \u00e8 uno steroide veterinario per guadagni muscolari di qualit\u00e0 e forza costanti, con lievi effetti collaterali.\",\"breadcrumb\":{\"@id\":\"https:\/\/iberoid.com\/it\/product\/boldenon-onatario-pharma\/#breadcrumb\"},\"inLanguage\":\"it-IT\",\"potentialAction\":[{\"@type\":\"ReadAction\",\"target\":[[\"https:\/\/iberoid.com\/it\/product\/boldenon-onatario-pharma\/\"]]}]},{\"@type\":\"ImageObject\",\"inLanguage\":\"it-IT\",\"@id\":\"https:\/\/iberoid.com\/it\/product\/boldenon-onatario-pharma\/#primaryimage\",\"url\":\"https:\/\/iberoid.com\/wp-content\/uploads\/2025\/05\/ontariobolde.jpg?v=1746956365\",\"contentUrl\":\"https:\/\/iberoid.com\/wp-content\/uploads\/2025\/05\/ontariobolde.jpg?v=1746956365\",\"width\":800,\"height\":800},{\"@type\":\"BreadcrumbList\",\"@id\":\"https:\/\/iberoid.com\/it\/product\/boldenon-onatario-pharma\/#breadcrumb\",\"itemListElement\":[{\"@type\":\"ListItem\",\"position\":1,\"name\":\"Portada\",\"item\":\"https:\/\/iberoid.com\/it\/\"},{\"@type\":\"ListItem\",\"position\":2,\"name\":\"Negozio\",\"item\":\"https:\/\/iberoid.com\/it\/shop\/\"},{\"@type\":\"ListItem\",\"position\":3,\"name\":\"Boldenone Undecylenate 200mg\/ml\"}]},{\"@type\":\"WebSite\",\"@id\":\"https:\/\/iberoid.com\/it\/#website\",\"url\":\"https:\/\/iberoid.com\/it\/\",\"name\":\"Steroidi in linea\",\"description\":\"Acquista steroidi online oggi in Spagna e Portogallo. Abbiamo il miglior servizio clienti del settore e prodotti di altissima qualit\u00e0\",\"potentialAction\":[{\"@type\":\"SearchAction\",\"target\":{\"@type\":\"EntryPoint\",\"urlTemplate\":\"https:\/\/iberoid.com\/it\/?s={search_term_string}\"},\"query-input\":{\"@type\":\"PropertyValueSpecification\",\"valueRequired\":true,\"valueName\":\"search_term_string\"}}],\"inLanguage\":\"it-IT\"}]}<\/script>\n<meta property=\"product:price:amount\" content=\"30.00\" \/>\n<meta property=\"product:price:currency\" content=\"EUR\" \/>\n<meta property=\"og:availability\" content=\"out of stock\" \/>\n<meta property=\"product:availability\" content=\"out of stock\" \/>\n<meta property=\"product:condition\" content=\"new\" \/>\n<!-- \/ Yoast SEO Premium plugin. -->","yoast_head_json":{"title":"Boldenone Undecylenate 200mg\/ml - Steroidi in linea","description":"Boldenone Undecilenato (Equipoise) \u00e8 uno steroide veterinario per guadagni muscolari di qualit\u00e0 e forza costanti, con lievi effetti collaterali.","robots":{"index":"index","follow":"follow","max-snippet":"max-snippet:-1","max-image-preview":"max-image-preview:large","max-video-preview":"max-video-preview:-1"},"canonical":"https:\/\/iberoid.com\/it\/product\/boldenon-onatario-pharma\/","og_locale":"it_IT","og_type":"article","og_title":"Boldenone Undecylenate 200mg\/ml","og_description":"Boldenone Undecilenato (Equipoise) \u00e8 uno steroide veterinario per guadagni muscolari di qualit\u00e0 e forza costanti, con lievi effetti collaterali.","og_url":"https:\/\/iberoid.com\/it\/product\/boldenon-onatario-pharma\/","og_site_name":"Steroidi in linea","article_modified_time":"2026-01-25T12:35:57+00:00","og_image":[{"width":800,"height":800,"url":"https:\/\/iberoid.com\/wp-content\/uploads\/2025\/05\/ontariobolde.jpg?v=1746956365","type":"image\/jpeg"}],"twitter_card":"summary_large_image","twitter_misc":{"Prezzo":"&euro;30.00","Disponibilit\u00e0":"Esaurito"},"schema":{"@context":"https:\/\/schema.org","@graph":[{"@type":"WebPage","@id":"https:\/\/iberoid.com\/it\/product\/boldenon-onatario-pharma\/","url":"https:\/\/iberoid.com\/it\/product\/boldenon-onatario-pharma\/","name":"Boldenone Undecylenate 200mg\/ml - Steroidi in linea","isPartOf":{"@id":"https:\/\/iberoid.com\/it\/#website"},"primaryImageOfPage":{"@id":"https:\/\/iberoid.com\/it\/product\/boldenon-onatario-pharma\/#primaryimage"},"image":{"@id":"https:\/\/iberoid.com\/it\/product\/boldenon-onatario-pharma\/#primaryimage"},"thumbnailUrl":"https:\/\/iberoid.com\/wp-content\/uploads\/2025\/05\/ontariobolde.jpg?v=1746956365","datePublished":"2025-05-11T09:39:42+00:00","dateModified":"2026-01-25T12:35:57+00:00","description":"Boldenone Undecilenato (Equipoise) \u00e8 uno steroide veterinario per guadagni muscolari di qualit\u00e0 e forza costanti, con lievi effetti collaterali.","breadcrumb":{"@id":"https:\/\/iberoid.com\/it\/product\/boldenon-onatario-pharma\/#breadcrumb"},"inLanguage":"it-IT","potentialAction":[{"@type":"ReadAction","target":[["https:\/\/iberoid.com\/it\/product\/boldenon-onatario-pharma\/"]]}]},{"@type":"ImageObject","inLanguage":"it-IT","@id":"https:\/\/iberoid.com\/it\/product\/boldenon-onatario-pharma\/#primaryimage","url":"https:\/\/iberoid.com\/wp-content\/uploads\/2025\/05\/ontariobolde.jpg?v=1746956365","contentUrl":"https:\/\/iberoid.com\/wp-content\/uploads\/2025\/05\/ontariobolde.jpg?v=1746956365","width":800,"height":800},{"@type":"BreadcrumbList","@id":"https:\/\/iberoid.com\/it\/product\/boldenon-onatario-pharma\/#breadcrumb","itemListElement":[{"@type":"ListItem","position":1,"name":"Portada","item":"https:\/\/iberoid.com\/it\/"},{"@type":"ListItem","position":2,"name":"Negozio","item":"https:\/\/iberoid.com\/it\/shop\/"},{"@type":"ListItem","position":3,"name":"Boldenone Undecylenate 200mg\/ml"}]},{"@type":"WebSite","@id":"https:\/\/iberoid.com\/it\/#website","url":"https:\/\/iberoid.com\/it\/","name":"Steroidi in linea","description":"Acquista steroidi online oggi in Spagna e Portogallo. Abbiamo il miglior servizio clienti del settore e prodotti di altissima qualit\u00e0","potentialAction":[{"@type":"SearchAction","target":{"@type":"EntryPoint","urlTemplate":"https:\/\/iberoid.com\/it\/?s={search_term_string}"},"query-input":{"@type":"PropertyValueSpecification","valueRequired":true,"valueName":"search_term_string"}}],"inLanguage":"it-IT"}]},"product_price_amount":"30.00","product_price_currency":"EUR","og_availability":"out of stock","product_availability":"out of stock","product_condition":"new"},"_links":{"self":[{"href":"https:\/\/iberoid.com\/it\/wp-json\/wp\/v2\/product\/10074","targetHints":{"allow":["GET"]}}],"collection":[{"href":"https:\/\/iberoid.com\/it\/wp-json\/wp\/v2\/product"}],"about":[{"href":"https:\/\/iberoid.com\/it\/wp-json\/wp\/v2\/types\/product"}],"replies":[{"embeddable":true,"href":"https:\/\/iberoid.com\/it\/wp-json\/wp\/v2\/comments?post=10074"}],"wp:featuredmedia":[{"embeddable":true,"href":"https:\/\/iberoid.com\/it\/wp-json\/wp\/v2\/media\/10075"}],"wp:attachment":[{"href":"https:\/\/iberoid.com\/it\/wp-json\/wp\/v2\/media?parent=10074"}],"wp:term":[{"taxonomy":"product_brand","embeddable":true,"href":"https:\/\/iberoid.com\/it\/wp-json\/wp\/v2\/product_brand?post=10074"},{"taxonomy":"product_cat","embeddable":true,"href":"https:\/\/iberoid.com\/it\/wp-json\/wp\/v2\/product_cat?post=10074"},{"taxonomy":"product_tag","embeddable":true,"href":"https:\/\/iberoid.com\/it\/wp-json\/wp\/v2\/product_tag?post=10074"}],"curies":[{"name":"wp","href":"https:\/\/api.w.org\/{rel}","templated":true}]}}