{"id":10076,"date":"2025-05-11T09:41:04","date_gmt":"2025-05-11T09:41:04","guid":{"rendered":"https:\/\/iberoid.com\/?post_type=product&#038;p=10076"},"modified":"2025-09-14T18:08:12","modified_gmt":"2025-09-14T18:08:12","slug":"winstrol-agua-ontario-pharma","status":"publish","type":"product","link":"https:\/\/iberoid.com\/it\/product\/winstrol-agua-ontario-pharma\/","title":{"rendered":"WINSTROL AGUA (Stanozolol)"},"content":{"rendered":"<p><\/p>\n<p data-sourcepos=\"1:1-1:1432\">Il <strong>Winstrol<\/strong> \u00e8 il nome commerciale pi\u00f9 riconosciuto per il farmaco <strong>Stanozolol<\/strong>. Lo Stanozolol \u00e8 un derivato del diidrotestosterone, chimicamente alterato in modo che le propriet\u00e0 anaboliche (di costruzione del tessuto) dell&#8217;ormone siano notevolmente amplificate e la sua attivit\u00e0 androgena minimizzata. Lo Stanozolol \u00e8 classificato come uno steroide &#8220;anabolizzante&#8221; ed esibisce una delle pi\u00f9 forti dissociazioni di effetto anabolico rispetto a quello androgeno tra gli agenti disponibili in commercio. Inoltre, non pu\u00f2 essere aromatizzato in estrogeni. Lo Stanozolol \u00e8 il secondo steroide orale pi\u00f9 utilizzato, superato in popolarit\u00e0 solo dal Dianabol (metandrostenolone). \u00c8 noto <span class=\"citation-13 citation-end-13\">per la sua capacit\u00e0 di promuovere la crescita muscolare senza ritenzione idrica, rendendolo molto apprezzato dai bodybuilder<\/span> in fase di dieta e dagli atleti agonisti. Lo Stanozolol \u00e8 una forma modificata del diidrotestosterone. Si differenzia per l&#8217;aggiunta di un gruppo metilico al carbonio 17-alfa per proteggere l&#8217;ormone durante l&#8217;assunzione orale e l&#8217;attacco di un gruppo pirazolo all&#8217;anello A, che sostituisce il normale gruppo 3-cheto (questo conferisce allo stanozolol la classificazione chimica di uno steroide eterociclico). Se visto alla luce del 17-alfa metildiidrotestosterone, la modifica dell&#8217;anello A sullo stanozolol sembra aumentare considerevolmente la sua forza anabolica riducendo la sua androgenicit\u00e0 relativa.<\/p>\n<hr data-sourcepos=\"3:1-3:3\" \/>\n<h3 data-sourcepos=\"5:1-5:13\">Contenuto<\/h3>\n<p data-sourcepos=\"6:1-6:19\">50mg\/1ml (10 fiale)<\/p>\n<hr data-sourcepos=\"8:1-8:3\" \/>\n<h3 data-sourcepos=\"10:1-10:16\">Nomi Chimici<\/h3>\n<p data-sourcepos=\"11:1-11:92\">1-(4-clorofenil)-N,N-dimetil-\u03b1-(2-metilpropil)-ciclobutano metanammina cloridrato monoidrato<\/p>\n<hr data-sourcepos=\"13:1-13:3\" \/>\n<h3 data-sourcepos=\"15:1-15:23\">Effetti Collaterali<\/h3>\n<p data-sourcepos=\"16:1-16:906\">Sebbene classificato come uno steroide anabolizzante, gli <strong>effetti collaterali androgeni<\/strong> sono comunque comuni con questa sostanza. Questi possono includere episodi di pelle grassa, acne e crescita di peli su corpo\/viso. Gli steroidi anabolizzanti\/androgeni possono anche aggravare la <strong>perdita di capelli di tipo maschile<\/strong>. Le donne dovrebbero essere consapevoli dei potenziali effetti legati alla <strong>virilizzazione<\/strong>, comuni per gli steroidi anabolizzanti\/androgeni. Lo <span class=\"citation-12\">Stanozolol \u00e8 un composto <\/span><strong><span class=\"citation-12\">c17-alfa alchilato<\/span><\/strong><span class=\"citation-12 citation-end-12\">. Questa alterazione protegge il farmaco dalla disattivazione da parte del fegato,<\/span> consentendo una percentuale molto alta di ingresso del farmaco nel flusso sanguigno se assunto per via orale. Inoltre, <span class=\"citation-11\">gli steroidi anabolizzanti\/androgeni c17-alfa alchilati possono essere <\/span><strong><span class=\"citation-11\">epatotossici<\/span><\/strong><span class=\"citation-11 citation-end-11\">. Un&#8217;esposizione prolungata o elevata pu\u00f2 causare danni al fegato.<\/span><\/p>\n<hr data-sourcepos=\"18:1-18:3\" \/>\n<h3 data-sourcepos=\"20:1-20:20\">Somministrazione<\/h3>\n<p data-sourcepos=\"21:1-21:152\">Se utilizzato a fini di miglioramento della forma fisica o delle prestazioni, una dose di <strong>50 mg a giorni alterni<\/strong> \u00e8 quella pi\u00f9 comunemente applicata.<\/p>\n<p><\/p>","protected":false},"excerpt":{"rendered":"<p>Il Winstrol \u00e8 il nome commerciale pi\u00f9 riconosciuto per il farmaco Stanozolol. Lo Stanozolol \u00e8 un derivato del diidrotestosterone, chimicamente<\/p>\n","protected":false},"featured_media":10077,"comment_status":"open","ping_status":"closed","template":"","meta":[],"product_brand":[],"product_cat":[69],"product_tag":[],"class_list":{"0":"post-10076","1":"product","2":"type-product","3":"status-publish","4":"has-post-thumbnail","6":"product_cat-esteroides_inyectables","8":"first","9":"outofstock","10":"shipping-taxable","11":"purchasable","12":"product-type-simple"},"yoast_head":"<!-- This site is optimized with the Yoast SEO Premium plugin v24.4 (Yoast SEO v27.0) - https:\/\/yoast.com\/product\/yoast-seo-premium-wordpress\/ -->\n<title>WINSTROL AGUA (Stanozolol) - Steroidi in linea<\/title>\n<meta name=\"description\" content=\"Winstrol (Stanozolol): Steroide anabolizzante che aumenta la massa muscolare senza ritenzione idrica. Alto anabolico, basso androgeno. Nessuna conversione in estrogeni.\" \/>\n<meta name=\"robots\" content=\"index, follow, max-snippet:-1, max-image-preview:large, max-video-preview:-1\" \/>\n<link rel=\"canonical\" href=\"https:\/\/iberoid.com\/it\/product\/winstrol-agua-ontario-pharma\/\" \/>\n<meta property=\"og:locale\" content=\"it_IT\" \/>\n<meta property=\"og:type\" content=\"article\" \/>\n<meta property=\"og:title\" content=\"WINSTROL AGUA (Stanozolol)\" \/>\n<meta property=\"og:description\" content=\"Winstrol (Stanozolol): Steroide anabolizzante che aumenta la massa muscolare senza ritenzione idrica. Alto anabolico, basso androgeno. Nessuna conversione in estrogeni.\" \/>\n<meta property=\"og:url\" content=\"https:\/\/iberoid.com\/it\/product\/winstrol-agua-ontario-pharma\/\" \/>\n<meta property=\"og:site_name\" content=\"Steroidi in linea\" \/>\n<meta property=\"article:modified_time\" content=\"2025-09-14T18:08:12+00:00\" \/>\n<meta property=\"og:image\" content=\"https:\/\/iberoid.com\/wp-content\/uploads\/2025\/05\/Ontario-winstrol-50.jpg?v=1746956445\" \/>\n\t<meta property=\"og:image:width\" content=\"699\" \/>\n\t<meta property=\"og:image:height\" content=\"515\" \/>\n\t<meta property=\"og:image:type\" content=\"image\/jpeg\" \/>\n<meta name=\"twitter:card\" content=\"summary_large_image\" \/>\n<meta name=\"twitter:label1\" content=\"Prezzo\" \/>\n\t<meta name=\"twitter:data1\" content=\"&euro;30.00\" \/>\n\t<meta name=\"twitter:label2\" content=\"Disponibilit\u00e0\" \/>\n\t<meta name=\"twitter:data2\" content=\"Esaurito\" \/>\n<script type=\"application\/ld+json\" class=\"yoast-schema-graph\">{\"@context\":\"https:\/\/schema.org\",\"@graph\":[{\"@type\":\"WebPage\",\"@id\":\"https:\/\/iberoid.com\/it\/product\/winstrol-agua-ontario-pharma\/\",\"url\":\"https:\/\/iberoid.com\/it\/product\/winstrol-agua-ontario-pharma\/\",\"name\":\"WINSTROL AGUA (Stanozolol) - Steroidi in linea\",\"isPartOf\":{\"@id\":\"https:\/\/iberoid-shop.com\/#website\"},\"primaryImageOfPage\":{\"@id\":\"https:\/\/iberoid.com\/it\/product\/winstrol-agua-ontario-pharma\/#primaryimage\"},\"image\":{\"@id\":\"https:\/\/iberoid.com\/it\/product\/winstrol-agua-ontario-pharma\/#primaryimage\"},\"thumbnailUrl\":\"https:\/\/iberoid.com\/wp-content\/uploads\/2025\/05\/Ontario-winstrol-50.jpg?v=1746956445\",\"datePublished\":\"2025-05-11T09:41:04+00:00\",\"dateModified\":\"2025-09-14T18:08:12+00:00\",\"description\":\"Winstrol (Stanozolol): Steroide anabolizzante che aumenta la massa muscolare senza ritenzione idrica. Alto anabolico, basso androgeno. Nessuna conversione in estrogeni.\",\"breadcrumb\":{\"@id\":\"https:\/\/iberoid.com\/it\/product\/winstrol-agua-ontario-pharma\/#breadcrumb\"},\"inLanguage\":\"it-IT\",\"potentialAction\":[{\"@type\":\"ReadAction\",\"target\":[[\"https:\/\/iberoid.com\/it\/product\/winstrol-agua-ontario-pharma\/\"]]}]},{\"@type\":\"ImageObject\",\"inLanguage\":\"it-IT\",\"@id\":\"https:\/\/iberoid.com\/it\/product\/winstrol-agua-ontario-pharma\/#primaryimage\",\"url\":\"https:\/\/iberoid.com\/wp-content\/uploads\/2025\/05\/Ontario-winstrol-50.jpg?v=1746956445\",\"contentUrl\":\"https:\/\/iberoid.com\/wp-content\/uploads\/2025\/05\/Ontario-winstrol-50.jpg?v=1746956445\",\"width\":699,\"height\":515},{\"@type\":\"BreadcrumbList\",\"@id\":\"https:\/\/iberoid.com\/it\/product\/winstrol-agua-ontario-pharma\/#breadcrumb\",\"itemListElement\":[{\"@type\":\"ListItem\",\"position\":1,\"name\":\"Portada\",\"item\":\"https:\/\/iberoid.com\/it\/\"},{\"@type\":\"ListItem\",\"position\":2,\"name\":\"Negozio\",\"item\":\"https:\/\/iberoid.com\/it\/shop\/\"},{\"@type\":\"ListItem\",\"position\":3,\"name\":\"WINSTROL AGUA (Stanozolol)\"}]},{\"@type\":\"WebSite\",\"@id\":\"https:\/\/iberoid-shop.com\/#website\",\"url\":\"https:\/\/iberoid-shop.com\/\",\"name\":\"Steroidi in linea\",\"description\":\"Acquista steroidi online oggi in Spagna e Portogallo. Abbiamo il miglior servizio clienti del settore e prodotti di altissima qualit\u00e0\",\"potentialAction\":[{\"@type\":\"SearchAction\",\"target\":{\"@type\":\"EntryPoint\",\"urlTemplate\":\"https:\/\/iberoid-shop.com\/?s={search_term_string}\"},\"query-input\":{\"@type\":\"PropertyValueSpecification\",\"valueRequired\":true,\"valueName\":\"search_term_string\"}}],\"inLanguage\":\"it-IT\"}]}<\/script>\n<meta property=\"product:brand\" content=\"Ontario Pharma\" \/>\n<meta property=\"product:price:amount\" content=\"30.00\" \/>\n<meta property=\"product:price:currency\" content=\"EUR\" \/>\n<meta property=\"og:availability\" content=\"out of stock\" \/>\n<meta property=\"product:availability\" content=\"out of stock\" \/>\n<meta property=\"product:condition\" content=\"new\" \/>\n<!-- \/ Yoast SEO Premium plugin. -->","yoast_head_json":{"title":"WINSTROL AGUA (Stanozolol) - Steroidi in linea","description":"Winstrol (Stanozolol): Steroide anabolizzante che aumenta la massa muscolare senza ritenzione idrica. Alto anabolico, basso androgeno. Nessuna conversione in estrogeni.","robots":{"index":"index","follow":"follow","max-snippet":"max-snippet:-1","max-image-preview":"max-image-preview:large","max-video-preview":"max-video-preview:-1"},"canonical":"https:\/\/iberoid.com\/it\/product\/winstrol-agua-ontario-pharma\/","og_locale":"it_IT","og_type":"article","og_title":"WINSTROL AGUA (Stanozolol)","og_description":"Winstrol (Stanozolol): Steroide anabolizzante che aumenta la massa muscolare senza ritenzione idrica. Alto anabolico, basso androgeno. Nessuna conversione in estrogeni.","og_url":"https:\/\/iberoid.com\/it\/product\/winstrol-agua-ontario-pharma\/","og_site_name":"Steroidi in linea","article_modified_time":"2025-09-14T18:08:12+00:00","og_image":[{"width":699,"height":515,"url":"https:\/\/iberoid.com\/wp-content\/uploads\/2025\/05\/Ontario-winstrol-50.jpg?v=1746956445","type":"image\/jpeg"}],"twitter_card":"summary_large_image","twitter_misc":{"Prezzo":"&euro;30.00","Disponibilit\u00e0":"Esaurito"},"schema":{"@context":"https:\/\/schema.org","@graph":[{"@type":"WebPage","@id":"https:\/\/iberoid.com\/it\/product\/winstrol-agua-ontario-pharma\/","url":"https:\/\/iberoid.com\/it\/product\/winstrol-agua-ontario-pharma\/","name":"WINSTROL AGUA (Stanozolol) - Steroidi in linea","isPartOf":{"@id":"https:\/\/iberoid-shop.com\/#website"},"primaryImageOfPage":{"@id":"https:\/\/iberoid.com\/it\/product\/winstrol-agua-ontario-pharma\/#primaryimage"},"image":{"@id":"https:\/\/iberoid.com\/it\/product\/winstrol-agua-ontario-pharma\/#primaryimage"},"thumbnailUrl":"https:\/\/iberoid.com\/wp-content\/uploads\/2025\/05\/Ontario-winstrol-50.jpg?v=1746956445","datePublished":"2025-05-11T09:41:04+00:00","dateModified":"2025-09-14T18:08:12+00:00","description":"Winstrol (Stanozolol): Steroide anabolizzante che aumenta la massa muscolare senza ritenzione idrica. Alto anabolico, basso androgeno. Nessuna conversione in estrogeni.","breadcrumb":{"@id":"https:\/\/iberoid.com\/it\/product\/winstrol-agua-ontario-pharma\/#breadcrumb"},"inLanguage":"it-IT","potentialAction":[{"@type":"ReadAction","target":[["https:\/\/iberoid.com\/it\/product\/winstrol-agua-ontario-pharma\/"]]}]},{"@type":"ImageObject","inLanguage":"it-IT","@id":"https:\/\/iberoid.com\/it\/product\/winstrol-agua-ontario-pharma\/#primaryimage","url":"https:\/\/iberoid.com\/wp-content\/uploads\/2025\/05\/Ontario-winstrol-50.jpg?v=1746956445","contentUrl":"https:\/\/iberoid.com\/wp-content\/uploads\/2025\/05\/Ontario-winstrol-50.jpg?v=1746956445","width":699,"height":515},{"@type":"BreadcrumbList","@id":"https:\/\/iberoid.com\/it\/product\/winstrol-agua-ontario-pharma\/#breadcrumb","itemListElement":[{"@type":"ListItem","position":1,"name":"Portada","item":"https:\/\/iberoid.com\/it\/"},{"@type":"ListItem","position":2,"name":"Negozio","item":"https:\/\/iberoid.com\/it\/shop\/"},{"@type":"ListItem","position":3,"name":"WINSTROL AGUA (Stanozolol)"}]},{"@type":"WebSite","@id":"https:\/\/iberoid-shop.com\/#website","url":"https:\/\/iberoid-shop.com\/","name":"Steroidi in linea","description":"Acquista steroidi online oggi in Spagna e Portogallo. Abbiamo il miglior servizio clienti del settore e prodotti di altissima qualit\u00e0","potentialAction":[{"@type":"SearchAction","target":{"@type":"EntryPoint","urlTemplate":"https:\/\/iberoid-shop.com\/?s={search_term_string}"},"query-input":{"@type":"PropertyValueSpecification","valueRequired":true,"valueName":"search_term_string"}}],"inLanguage":"it-IT"}]},"product_brand":"Ontario Pharma","product_price_amount":"30.00","product_price_currency":"EUR","og_availability":"out of stock","product_availability":"out of stock","product_condition":"new"},"_links":{"self":[{"href":"https:\/\/iberoid.com\/it\/wp-json\/wp\/v2\/product\/10076","targetHints":{"allow":["GET"]}}],"collection":[{"href":"https:\/\/iberoid.com\/it\/wp-json\/wp\/v2\/product"}],"about":[{"href":"https:\/\/iberoid.com\/it\/wp-json\/wp\/v2\/types\/product"}],"replies":[{"embeddable":true,"href":"https:\/\/iberoid.com\/it\/wp-json\/wp\/v2\/comments?post=10076"}],"wp:featuredmedia":[{"embeddable":true,"href":"https:\/\/iberoid.com\/it\/wp-json\/wp\/v2\/media\/10077"}],"wp:attachment":[{"href":"https:\/\/iberoid.com\/it\/wp-json\/wp\/v2\/media?parent=10076"}],"wp:term":[{"taxonomy":"product_brand","embeddable":true,"href":"https:\/\/iberoid.com\/it\/wp-json\/wp\/v2\/product_brand?post=10076"},{"taxonomy":"product_cat","embeddable":true,"href":"https:\/\/iberoid.com\/it\/wp-json\/wp\/v2\/product_cat?post=10076"},{"taxonomy":"product_tag","embeddable":true,"href":"https:\/\/iberoid.com\/it\/wp-json\/wp\/v2\/product_tag?post=10076"}],"curies":[{"name":"wp","href":"https:\/\/api.w.org\/{rel}","templated":true}]}}