{"id":10118,"date":"2025-05-21T18:26:52","date_gmt":"2025-05-21T18:26:52","guid":{"rendered":"https:\/\/iberoid.com\/?post_type=product&#038;p=10118"},"modified":"2025-11-12T09:18:11","modified_gmt":"2025-11-12T09:18:11","slug":"testosterone-propionate-100mg","status":"publish","type":"product","link":"https:\/\/iberoid.com\/it\/product\/testosterone-propionate-100mg\/","title":{"rendered":"Testosterone Propionate 100mg"},"content":{"rendered":"<p><\/p>\n<p data-sourcepos=\"3:1-4:52\"><strong>Confezione:<\/strong> 10 fiale da 1 ml (100 mg\/ml) <strong>Principio attivo:<\/strong> Testosterone Propionato 100 mg<\/p>\n<p data-sourcepos=\"6:1-7:118\">Il Testosterone Propionato, il principale principio attivo, si metabolizza in testosterone naturale puro. \u00c8 uno steroide anabolizzante di qualit\u00e0 che conferisce maggiore resistenza ed energia. Gli effetti avversi di questo farmaco sono piuttosto lievi poich\u00e9 \u00e8 indistinguibile dallo stesso ormone prodotto naturalmente dal nostro corpo. Viene utilizzato negli uomini per sostituire il testosterone e trattare vari problemi di salute causati da una carenza <span class=\"citation-16\">di testosterone (ipogonadismo maschile). Ci\u00f2 dovrebbe essere confermato <\/span><span class=\"citation-15 citation-16 citation-end-16\">da due misurazioni separate del testosterone nel sangue e includere anche sintomi clinici come impotenza, infertilit\u00e0,<\/span><span class=\"citation-15 citation-end-15\"> basso desiderio sessuale,<\/span> affaticamento, depressione, perdita ossea causata da bassi livelli dell&#8217;ormone testosterone. Il Testosterone Propionato pu\u00f2 essere utilizzato anche per controllare il cancro al seno nelle donne in postmenopausa.<\/p>\n<p data-sourcepos=\"9:1-9:22\"><strong>Controindicazioni:<\/strong><\/p>\n<ul data-sourcepos=\"11:1-18:0\">\n<li data-sourcepos=\"11:1-11:91\">Allergia al testosterone propionato o ad qualsiasi altro componente di questo medicinale.<\/li>\n<li data-sourcepos=\"12:1-12:54\">Cancro alla prostata o al seno androgeno-dipendente.<\/li>\n<li data-sourcepos=\"13:1-13:38\">Tumori epatici \u2013 passati o presenti.<\/li>\n<li data-sourcepos=\"14:1-14:64\">Alti livelli di calcio nel sangue insieme a neoplasie maligne.<\/li>\n<li data-sourcepos=\"15:1-15:65\">Infarto miocardico pregresso o altre gravi patologie cardiache.<\/li>\n<li data-sourcepos=\"16:1-16:16\">Aterosclerosi.<\/li>\n<li data-sourcepos=\"17:1-18:0\">Gravidanza e allattamento.<\/li>\n<\/ul>\n<p data-sourcepos=\"19:1-19:36\"><strong>Posologia ed effetti collaterali<\/strong><\/p>\n<p data-sourcepos=\"21:1-27:211\">La dose pi\u00f9 comune per gli uomini con ipogonadismo (incapacit\u00e0 di produrre sperma o ormoni sessuali) \u00e8 di 50 mg di testosterone propionato, iniettati 2 o 3 volte alla settimana. La dose pi\u00f9 comune per gli uomini con pubert\u00e0 ritardata o con testicoli ritenuti \u00e8 di 50 mg di testosterone propionato, somministrati come iniezione settimanale. La dose pi\u00f9 comune per le donne in postmenopausa con cancro al seno \u00e8 di 100 mg di testosterone propionato, iniettati 2 o 3 volte alla settimana. Per i pazienti anziani, dovrebbero essere prescritte dosi pi\u00f9 basse. Il Testosterone Propionato viene utilizzato solo per iniezione intramuscolare. Si deve prestare particolare attenzione per evitare che entri in un vaso sanguigno. Se si ritiene che l&#8217;effetto del Testosterone Propionato sia troppo forte o troppo debole, parlarne con il proprio medico. Se si interrompe l&#8217;assunzione del farmaco, si possono manifestare sintomi da carenza di testosterone. Come tutti i medicinali, il Testosterone Propionato pu\u00f2 causare effetti collaterali, sebbene non tutte le persone li manifestino. Gli effetti collaterali pi\u00f9 comuni sono l&#8217;acne e il dolore nel sito di iniezione.<\/p>\n<p data-sourcepos=\"29:1-29:76\"><strong>Effetti collaterali comuni (possono interessare fino a 1 persona su 10):<\/strong><\/p>\n<ul data-sourcepos=\"30:1-30:423\">\n<li data-sourcepos=\"30:1-30:423\">livelli anormalmente alti di globuli rossi nel sangue; aumento di peso; acne; aumento dell&#8217;antigene prostatico specifico; aumento delle dimensioni della prostata e problemi correlati; varie reazioni nel sito di iniezione (ad esempio, dolore, fastidio, prurito, arrossamento, lividi o irritazione); aumento del numero di globuli rossi, ematocrito (come percentuale di globuli rossi) rilevato da esami del sangue periodici.<\/li>\n<\/ul>\n<p><\/p>","protected":false},"excerpt":{"rendered":"<p>Confezione: 10 fiale da 1 ml (100 mg\/ml) Principio attivo: Testosterone Propionato 100 mg Il Testosterone Propionato, il principale principio<\/p>\n","protected":false},"featured_media":10119,"comment_status":"open","ping_status":"closed","template":"","meta":[],"product_brand":[],"product_cat":[69],"product_tag":[],"class_list":{"0":"post-10118","1":"product","2":"type-product","3":"status-publish","4":"has-post-thumbnail","6":"product_cat-esteroides_inyectables","8":"first","9":"outofstock","10":"shipping-taxable","11":"purchasable","12":"product-type-simple"},"yoast_head":"<!-- This site is optimized with the Yoast SEO Premium plugin v24.4 (Yoast SEO v27.0) - https:\/\/yoast.com\/product\/yoast-seo-premium-wordpress\/ -->\n<title>Testosterone Propionate 100mg - Steroidi in linea<\/title>\n<meta name=\"description\" content=\"Il Testosterone Propionato \u00e8 uno steroide anabolizzante che aumenta la resistenza e l&#039;energia, trattando l&#039;ipogonadismo maschile e il cancro al seno nelle donne con effetti collaterali minimi.\" \/>\n<meta name=\"robots\" content=\"index, follow, max-snippet:-1, max-image-preview:large, max-video-preview:-1\" \/>\n<link rel=\"canonical\" href=\"https:\/\/iberoid.com\/it\/product\/testosterone-propionate-100mg\/\" \/>\n<meta property=\"og:locale\" content=\"it_IT\" \/>\n<meta property=\"og:type\" content=\"article\" \/>\n<meta property=\"og:title\" content=\"Testosterone Propionate 100mg\" \/>\n<meta property=\"og:description\" content=\"Il Testosterone Propionato \u00e8 uno steroide anabolizzante che aumenta la resistenza e l&#039;energia, trattando l&#039;ipogonadismo maschile e il cancro al seno nelle donne con effetti collaterali minimi.\" \/>\n<meta property=\"og:url\" content=\"https:\/\/iberoid.com\/it\/product\/testosterone-propionate-100mg\/\" \/>\n<meta property=\"og:site_name\" content=\"Steroidi in linea\" \/>\n<meta property=\"article:modified_time\" content=\"2025-11-12T09:18:11+00:00\" \/>\n<meta property=\"og:image\" content=\"https:\/\/iberoid.com\/wp-content\/uploads\/2025\/05\/TP.jpg?v=1747851997\" \/>\n\t<meta property=\"og:image:width\" content=\"2200\" \/>\n\t<meta property=\"og:image:height\" content=\"1540\" \/>\n\t<meta property=\"og:image:type\" content=\"image\/jpeg\" \/>\n<meta name=\"twitter:card\" content=\"summary_large_image\" \/>\n<meta name=\"twitter:label1\" content=\"Prezzo\" \/>\n\t<meta name=\"twitter:data1\" content=\"&euro;30.00\" \/>\n\t<meta name=\"twitter:label2\" content=\"Disponibilit\u00e0\" \/>\n\t<meta name=\"twitter:data2\" content=\"Esaurito\" \/>\n<script type=\"application\/ld+json\" class=\"yoast-schema-graph\">{\"@context\":\"https:\/\/schema.org\",\"@graph\":[{\"@type\":\"WebPage\",\"@id\":\"https:\/\/iberoid.com\/it\/product\/testosterone-propionate-100mg\/\",\"url\":\"https:\/\/iberoid.com\/it\/product\/testosterone-propionate-100mg\/\",\"name\":\"Testosterone Propionate 100mg - Steroidi in linea\",\"isPartOf\":{\"@id\":\"https:\/\/iberoid-shop.com\/#website\"},\"primaryImageOfPage\":{\"@id\":\"https:\/\/iberoid.com\/it\/product\/testosterone-propionate-100mg\/#primaryimage\"},\"image\":{\"@id\":\"https:\/\/iberoid.com\/it\/product\/testosterone-propionate-100mg\/#primaryimage\"},\"thumbnailUrl\":\"https:\/\/iberoid.com\/wp-content\/uploads\/2025\/05\/TP.jpg?v=1747851997\",\"datePublished\":\"2025-05-21T18:26:52+00:00\",\"dateModified\":\"2025-11-12T09:18:11+00:00\",\"description\":\"Il Testosterone Propionato \u00e8 uno steroide anabolizzante che aumenta la resistenza e l'energia, trattando l'ipogonadismo maschile e il cancro al seno nelle donne con effetti collaterali minimi.\",\"breadcrumb\":{\"@id\":\"https:\/\/iberoid.com\/it\/product\/testosterone-propionate-100mg\/#breadcrumb\"},\"inLanguage\":\"it-IT\",\"potentialAction\":[{\"@type\":\"ReadAction\",\"target\":[[\"https:\/\/iberoid.com\/it\/product\/testosterone-propionate-100mg\/\"]]}]},{\"@type\":\"ImageObject\",\"inLanguage\":\"it-IT\",\"@id\":\"https:\/\/iberoid.com\/it\/product\/testosterone-propionate-100mg\/#primaryimage\",\"url\":\"https:\/\/iberoid.com\/wp-content\/uploads\/2025\/05\/TP.jpg?v=1747851997\",\"contentUrl\":\"https:\/\/iberoid.com\/wp-content\/uploads\/2025\/05\/TP.jpg?v=1747851997\",\"width\":2200,\"height\":1540},{\"@type\":\"BreadcrumbList\",\"@id\":\"https:\/\/iberoid.com\/it\/product\/testosterone-propionate-100mg\/#breadcrumb\",\"itemListElement\":[{\"@type\":\"ListItem\",\"position\":1,\"name\":\"Portada\",\"item\":\"https:\/\/iberoid.com\/it\/\"},{\"@type\":\"ListItem\",\"position\":2,\"name\":\"Negozio\",\"item\":\"https:\/\/iberoid.com\/it\/shop\/\"},{\"@type\":\"ListItem\",\"position\":3,\"name\":\"Testosterone Propionate 100mg\"}]},{\"@type\":\"WebSite\",\"@id\":\"https:\/\/iberoid-shop.com\/#website\",\"url\":\"https:\/\/iberoid-shop.com\/\",\"name\":\"Steroidi in linea\",\"description\":\"Acquista steroidi online oggi in Spagna e Portogallo. Abbiamo il miglior servizio clienti del settore e prodotti di altissima qualit\u00e0\",\"potentialAction\":[{\"@type\":\"SearchAction\",\"target\":{\"@type\":\"EntryPoint\",\"urlTemplate\":\"https:\/\/iberoid-shop.com\/?s={search_term_string}\"},\"query-input\":{\"@type\":\"PropertyValueSpecification\",\"valueRequired\":true,\"valueName\":\"search_term_string\"}}],\"inLanguage\":\"it-IT\"}]}<\/script>\n<meta property=\"product:brand\" content=\"Genetic Life Science\" \/>\n<meta property=\"product:price:amount\" content=\"30.00\" \/>\n<meta property=\"product:price:currency\" content=\"EUR\" \/>\n<meta property=\"og:availability\" content=\"out of stock\" \/>\n<meta property=\"product:availability\" content=\"out of stock\" \/>\n<meta property=\"product:condition\" content=\"new\" \/>\n<!-- \/ Yoast SEO Premium plugin. -->","yoast_head_json":{"title":"Testosterone Propionate 100mg - Steroidi in linea","description":"Il Testosterone Propionato \u00e8 uno steroide anabolizzante che aumenta la resistenza e l'energia, trattando l'ipogonadismo maschile e il cancro al seno nelle donne con effetti collaterali minimi.","robots":{"index":"index","follow":"follow","max-snippet":"max-snippet:-1","max-image-preview":"max-image-preview:large","max-video-preview":"max-video-preview:-1"},"canonical":"https:\/\/iberoid.com\/it\/product\/testosterone-propionate-100mg\/","og_locale":"it_IT","og_type":"article","og_title":"Testosterone Propionate 100mg","og_description":"Il Testosterone Propionato \u00e8 uno steroide anabolizzante che aumenta la resistenza e l'energia, trattando l'ipogonadismo maschile e il cancro al seno nelle donne con effetti collaterali minimi.","og_url":"https:\/\/iberoid.com\/it\/product\/testosterone-propionate-100mg\/","og_site_name":"Steroidi in linea","article_modified_time":"2025-11-12T09:18:11+00:00","og_image":[{"width":2200,"height":1540,"url":"https:\/\/iberoid.com\/wp-content\/uploads\/2025\/05\/TP.jpg?v=1747851997","type":"image\/jpeg"}],"twitter_card":"summary_large_image","twitter_misc":{"Prezzo":"&euro;30.00","Disponibilit\u00e0":"Esaurito"},"schema":{"@context":"https:\/\/schema.org","@graph":[{"@type":"WebPage","@id":"https:\/\/iberoid.com\/it\/product\/testosterone-propionate-100mg\/","url":"https:\/\/iberoid.com\/it\/product\/testosterone-propionate-100mg\/","name":"Testosterone Propionate 100mg - Steroidi in linea","isPartOf":{"@id":"https:\/\/iberoid-shop.com\/#website"},"primaryImageOfPage":{"@id":"https:\/\/iberoid.com\/it\/product\/testosterone-propionate-100mg\/#primaryimage"},"image":{"@id":"https:\/\/iberoid.com\/it\/product\/testosterone-propionate-100mg\/#primaryimage"},"thumbnailUrl":"https:\/\/iberoid.com\/wp-content\/uploads\/2025\/05\/TP.jpg?v=1747851997","datePublished":"2025-05-21T18:26:52+00:00","dateModified":"2025-11-12T09:18:11+00:00","description":"Il Testosterone Propionato \u00e8 uno steroide anabolizzante che aumenta la resistenza e l'energia, trattando l'ipogonadismo maschile e il cancro al seno nelle donne con effetti collaterali minimi.","breadcrumb":{"@id":"https:\/\/iberoid.com\/it\/product\/testosterone-propionate-100mg\/#breadcrumb"},"inLanguage":"it-IT","potentialAction":[{"@type":"ReadAction","target":[["https:\/\/iberoid.com\/it\/product\/testosterone-propionate-100mg\/"]]}]},{"@type":"ImageObject","inLanguage":"it-IT","@id":"https:\/\/iberoid.com\/it\/product\/testosterone-propionate-100mg\/#primaryimage","url":"https:\/\/iberoid.com\/wp-content\/uploads\/2025\/05\/TP.jpg?v=1747851997","contentUrl":"https:\/\/iberoid.com\/wp-content\/uploads\/2025\/05\/TP.jpg?v=1747851997","width":2200,"height":1540},{"@type":"BreadcrumbList","@id":"https:\/\/iberoid.com\/it\/product\/testosterone-propionate-100mg\/#breadcrumb","itemListElement":[{"@type":"ListItem","position":1,"name":"Portada","item":"https:\/\/iberoid.com\/it\/"},{"@type":"ListItem","position":2,"name":"Negozio","item":"https:\/\/iberoid.com\/it\/shop\/"},{"@type":"ListItem","position":3,"name":"Testosterone Propionate 100mg"}]},{"@type":"WebSite","@id":"https:\/\/iberoid-shop.com\/#website","url":"https:\/\/iberoid-shop.com\/","name":"Steroidi in linea","description":"Acquista steroidi online oggi in Spagna e Portogallo. Abbiamo il miglior servizio clienti del settore e prodotti di altissima qualit\u00e0","potentialAction":[{"@type":"SearchAction","target":{"@type":"EntryPoint","urlTemplate":"https:\/\/iberoid-shop.com\/?s={search_term_string}"},"query-input":{"@type":"PropertyValueSpecification","valueRequired":true,"valueName":"search_term_string"}}],"inLanguage":"it-IT"}]},"product_brand":"Genetic Life Science","product_price_amount":"30.00","product_price_currency":"EUR","og_availability":"out of stock","product_availability":"out of stock","product_condition":"new"},"_links":{"self":[{"href":"https:\/\/iberoid.com\/it\/wp-json\/wp\/v2\/product\/10118","targetHints":{"allow":["GET"]}}],"collection":[{"href":"https:\/\/iberoid.com\/it\/wp-json\/wp\/v2\/product"}],"about":[{"href":"https:\/\/iberoid.com\/it\/wp-json\/wp\/v2\/types\/product"}],"replies":[{"embeddable":true,"href":"https:\/\/iberoid.com\/it\/wp-json\/wp\/v2\/comments?post=10118"}],"wp:featuredmedia":[{"embeddable":true,"href":"https:\/\/iberoid.com\/it\/wp-json\/wp\/v2\/media\/10119"}],"wp:attachment":[{"href":"https:\/\/iberoid.com\/it\/wp-json\/wp\/v2\/media?parent=10118"}],"wp:term":[{"taxonomy":"product_brand","embeddable":true,"href":"https:\/\/iberoid.com\/it\/wp-json\/wp\/v2\/product_brand?post=10118"},{"taxonomy":"product_cat","embeddable":true,"href":"https:\/\/iberoid.com\/it\/wp-json\/wp\/v2\/product_cat?post=10118"},{"taxonomy":"product_tag","embeddable":true,"href":"https:\/\/iberoid.com\/it\/wp-json\/wp\/v2\/product_tag?post=10118"}],"curies":[{"name":"wp","href":"https:\/\/api.w.org\/{rel}","templated":true}]}}