{"id":10122,"date":"2025-05-21T18:32:11","date_gmt":"2025-05-21T18:32:11","guid":{"rendered":"https:\/\/iberoid.com\/?post_type=product&#038;p=10122"},"modified":"2026-03-01T15:07:56","modified_gmt":"2026-03-01T15:07:56","slug":"primobolan-methenolone-enanthate-100mg","status":"publish","type":"product","link":"https:\/\/iberoid.com\/it\/product\/primobolan-methenolone-enanthate-100mg\/","title":{"rendered":"PRIMOBOLAN &#8211; Methenolone Enanthate 100mg"},"content":{"rendered":"<p><\/p>\n<p data-sourcepos=\"3:1-4:47\"><strong>Confezione:<\/strong> 10 fiale da 1 ml (100 mg\/ml) <strong>Principio attivo:<\/strong> Metenolone Enantato 100mg<\/p>\n<p data-sourcepos=\"6:1-7:253\">Metenolone Enantato \u2013 uno steroide anabolizzante a base di diidrotestosterone. Viene utilizzato principalmente nel trattamento dei disturbi della sintesi proteica, dell&#8217;anemia ipo- e aplastica, nel trattamento postoperatorio, nella distrofia muscolare, nell&#8217;osteoporosi, nella radioterapia e nella terapia citostatica, nel cancro al seno avanzato e nel cancro genitale nelle donne, nei disturbi dell&#8217;ematopoiesi e nella terapia corticosteroidea con bilancio azotato negativo. Grazie alla stimolazione dei processi anabolici e all&#8217;inibizione di quelli catabolici, il Metenolone Enantato 100mg porta a un aumento della massa muscolare e a un rallentamento dei processi di deposito adiposo, oltre a migliorare il tessuto connettivo.<\/p>\n<p data-sourcepos=\"9:1-9:22\"><strong>Controindicazioni:<\/strong><\/p>\n<ul data-sourcepos=\"11:1-20:0\">\n<li data-sourcepos=\"11:1-11:81\">Ipersensibilit\u00e0 al principio attivo o ad altri componenti di questo medicinale.<\/li>\n<li data-sourcepos=\"12:1-12:38\">Tumori epatici (passati o presenti).<\/li>\n<li data-sourcepos=\"13:1-13:27\">Malattie cardiovascolari.<\/li>\n<li data-sourcepos=\"14:1-14:17\">Cancro al seno.<\/li>\n<li data-sourcepos=\"15:1-15:55\">Cancro alla prostata e altri tumori ormono-sensibili.<\/li>\n<li data-sourcepos=\"16:1-16:16\">Aterosclerosi.<\/li>\n<li data-sourcepos=\"17:1-17:23\">Insufficienza renale.<\/li>\n<li data-sourcepos=\"18:1-18:21\">Sindrome nefrosica.<\/li>\n<li data-sourcepos=\"19:1-20:0\">Gravidanza e allattamento.<\/li>\n<\/ul>\n<p data-sourcepos=\"21:1-21:36\"><strong>Posologia ed effetti collaterali<\/strong><\/p>\n<p data-sourcepos=\"23:1-27:112\">Il Metenolone Enantato \u00e8 utilizzato solo negli adulti. Viene somministrato tramite iniezione intramuscolare, che deve essere effettuata in profondit\u00e0 nel muscolo gluteo. Se si formano cristalli nella fiala durante la conservazione, scaldare la fiala tra le mani e agitarla prima dell&#8217;uso. La dose raccomandata \u00e8 di 100 mg ogni 2 settimane per il trattamento dell&#8217;osteoporosi. Dopo risultati positivi, la dose deve essere ridotta a una volta ogni 3-4 settimane. Nel trattamento del cancro al seno progressivo, il dosaggio \u00e8 di 200 mg ogni 2-3 settimane. In caso di anemia aplastica, il dosaggio \u00e8 di 125 mg ogni settimana. Come tutti i medicinali, il Metenolone Enantato pu\u00f2 causare effetti collaterali. Sono pi\u00f9 o meno tollerabili e, se diventano gravi, possono essere trattati sintomaticamente. Si prega di leggere il foglietto illustrativo incluso nella confezione per vedere tutti gli effetti collaterali.<\/p>\n<p><\/p>","protected":false},"excerpt":{"rendered":"<p>Confezione: 10 fiale da 1 ml (100 mg\/ml) Principio attivo: Metenolone Enantato 100mg Metenolone Enantato \u2013 uno steroide anabolizzante a<\/p>\n","protected":false},"featured_media":10123,"comment_status":"open","ping_status":"closed","template":"","meta":[],"product_brand":[],"product_cat":[69,3533],"product_tag":[],"class_list":{"0":"post-10122","1":"product","2":"type-product","3":"status-publish","4":"has-post-thumbnail","6":"product_cat-esteroides_inyectables","7":"product_cat-sales-rebajas","9":"first","10":"instock","11":"sale","12":"shipping-taxable","13":"purchasable","14":"product-type-simple"},"yoast_head":"<!-- This site is optimized with the Yoast SEO Premium plugin v24.4 (Yoast SEO v27.0) - https:\/\/yoast.com\/product\/yoast-seo-premium-wordpress\/ -->\n<title>PRIMOBOLAN - Methenolone Enanthate 100mg - Steroidi in linea<\/title>\n<meta name=\"description\" content=\"METHENOLONE ENANTATE 100mg aumenta massa muscolare, riduce grasso e supporta sintesi proteica e tessuto connettivo.\" \/>\n<meta name=\"robots\" content=\"index, follow, max-snippet:-1, max-image-preview:large, max-video-preview:-1\" \/>\n<link rel=\"canonical\" href=\"https:\/\/iberoid.com\/it\/product\/primobolan-methenolone-enanthate-100mg\/\" \/>\n<meta property=\"og:locale\" content=\"it_IT\" \/>\n<meta property=\"og:type\" content=\"article\" \/>\n<meta property=\"og:title\" content=\"PRIMOBOLAN - Methenolone Enanthate 100mg\" \/>\n<meta property=\"og:description\" content=\"METHENOLONE ENANTATE 100mg aumenta massa muscolare, riduce grasso e supporta sintesi proteica e tessuto connettivo.\" \/>\n<meta property=\"og:url\" content=\"https:\/\/iberoid.com\/it\/product\/primobolan-methenolone-enanthate-100mg\/\" \/>\n<meta property=\"og:site_name\" content=\"Steroidi in linea\" \/>\n<meta property=\"article:modified_time\" content=\"2026-03-01T15:07:56+00:00\" \/>\n<meta property=\"og:image\" content=\"https:\/\/iberoid.com\/wp-content\/uploads\/2025\/05\/PRM.jpg?v=1747852320\" \/>\n\t<meta property=\"og:image:width\" content=\"2200\" \/>\n\t<meta property=\"og:image:height\" content=\"1540\" \/>\n\t<meta property=\"og:image:type\" content=\"image\/jpeg\" \/>\n<meta name=\"twitter:card\" content=\"summary_large_image\" \/>\n<meta name=\"twitter:label1\" content=\"Prezzo\" \/>\n\t<meta name=\"twitter:data1\" content=\"&euro;55.00\" \/>\n\t<meta name=\"twitter:label2\" content=\"Disponibilit\u00e0\" \/>\n\t<meta name=\"twitter:data2\" content=\"In stock\" \/>\n<script type=\"application\/ld+json\" class=\"yoast-schema-graph\">{\"@context\":\"https:\/\/schema.org\",\"@graph\":[{\"@type\":\"WebPage\",\"@id\":\"https:\/\/iberoid.com\/it\/product\/primobolan-methenolone-enanthate-100mg\/\",\"url\":\"https:\/\/iberoid.com\/it\/product\/primobolan-methenolone-enanthate-100mg\/\",\"name\":\"PRIMOBOLAN - Methenolone Enanthate 100mg - Steroidi in linea\",\"isPartOf\":{\"@id\":\"https:\/\/iberoid-shop.com\/#website\"},\"primaryImageOfPage\":{\"@id\":\"https:\/\/iberoid.com\/it\/product\/primobolan-methenolone-enanthate-100mg\/#primaryimage\"},\"image\":{\"@id\":\"https:\/\/iberoid.com\/it\/product\/primobolan-methenolone-enanthate-100mg\/#primaryimage\"},\"thumbnailUrl\":\"https:\/\/iberoid.com\/wp-content\/uploads\/2025\/05\/PRM.jpg?v=1747852320\",\"datePublished\":\"2025-05-21T18:32:11+00:00\",\"dateModified\":\"2026-03-01T15:07:56+00:00\",\"description\":\"METHENOLONE ENANTATE 100mg aumenta massa muscolare, riduce grasso e supporta sintesi proteica e tessuto connettivo.\",\"breadcrumb\":{\"@id\":\"https:\/\/iberoid.com\/it\/product\/primobolan-methenolone-enanthate-100mg\/#breadcrumb\"},\"inLanguage\":\"it-IT\",\"potentialAction\":[{\"@type\":\"ReadAction\",\"target\":[[\"https:\/\/iberoid.com\/it\/product\/primobolan-methenolone-enanthate-100mg\/\"]]}]},{\"@type\":\"ImageObject\",\"inLanguage\":\"it-IT\",\"@id\":\"https:\/\/iberoid.com\/it\/product\/primobolan-methenolone-enanthate-100mg\/#primaryimage\",\"url\":\"https:\/\/iberoid.com\/wp-content\/uploads\/2025\/05\/PRM.jpg?v=1747852320\",\"contentUrl\":\"https:\/\/iberoid.com\/wp-content\/uploads\/2025\/05\/PRM.jpg?v=1747852320\",\"width\":2200,\"height\":1540},{\"@type\":\"BreadcrumbList\",\"@id\":\"https:\/\/iberoid.com\/it\/product\/primobolan-methenolone-enanthate-100mg\/#breadcrumb\",\"itemListElement\":[{\"@type\":\"ListItem\",\"position\":1,\"name\":\"Portada\",\"item\":\"https:\/\/iberoid.com\/it\/\"},{\"@type\":\"ListItem\",\"position\":2,\"name\":\"Negozio\",\"item\":\"https:\/\/iberoid.com\/it\/shop\/\"},{\"@type\":\"ListItem\",\"position\":3,\"name\":\"PRIMOBOLAN &#8211; Methenolone Enanthate 100mg\"}]},{\"@type\":\"WebSite\",\"@id\":\"https:\/\/iberoid-shop.com\/#website\",\"url\":\"https:\/\/iberoid-shop.com\/\",\"name\":\"Steroidi in linea\",\"description\":\"Acquista steroidi online oggi in Spagna e Portogallo. Abbiamo il miglior servizio clienti del settore e prodotti di altissima qualit\u00e0\",\"potentialAction\":[{\"@type\":\"SearchAction\",\"target\":{\"@type\":\"EntryPoint\",\"urlTemplate\":\"https:\/\/iberoid-shop.com\/?s={search_term_string}\"},\"query-input\":{\"@type\":\"PropertyValueSpecification\",\"valueRequired\":true,\"valueName\":\"search_term_string\"}}],\"inLanguage\":\"it-IT\"}]}<\/script>\n<meta property=\"product:brand\" content=\"Genetic Life Science\" \/>\n<meta property=\"product:price:amount\" content=\"55.00\" \/>\n<meta property=\"product:price:currency\" content=\"EUR\" \/>\n<meta property=\"og:availability\" content=\"instock\" \/>\n<meta property=\"product:availability\" content=\"instock\" \/>\n<meta property=\"product:condition\" content=\"new\" \/>\n<!-- \/ Yoast SEO Premium plugin. -->","yoast_head_json":{"title":"PRIMOBOLAN - Methenolone Enanthate 100mg - Steroidi in linea","description":"METHENOLONE ENANTATE 100mg aumenta massa muscolare, riduce grasso e supporta sintesi proteica e tessuto connettivo.","robots":{"index":"index","follow":"follow","max-snippet":"max-snippet:-1","max-image-preview":"max-image-preview:large","max-video-preview":"max-video-preview:-1"},"canonical":"https:\/\/iberoid.com\/it\/product\/primobolan-methenolone-enanthate-100mg\/","og_locale":"it_IT","og_type":"article","og_title":"PRIMOBOLAN - Methenolone Enanthate 100mg","og_description":"METHENOLONE ENANTATE 100mg aumenta massa muscolare, riduce grasso e supporta sintesi proteica e tessuto connettivo.","og_url":"https:\/\/iberoid.com\/it\/product\/primobolan-methenolone-enanthate-100mg\/","og_site_name":"Steroidi in linea","article_modified_time":"2026-03-01T15:07:56+00:00","og_image":[{"width":2200,"height":1540,"url":"https:\/\/iberoid.com\/wp-content\/uploads\/2025\/05\/PRM.jpg?v=1747852320","type":"image\/jpeg"}],"twitter_card":"summary_large_image","twitter_misc":{"Prezzo":"&euro;55.00","Disponibilit\u00e0":"In stock"},"schema":{"@context":"https:\/\/schema.org","@graph":[{"@type":"WebPage","@id":"https:\/\/iberoid.com\/it\/product\/primobolan-methenolone-enanthate-100mg\/","url":"https:\/\/iberoid.com\/it\/product\/primobolan-methenolone-enanthate-100mg\/","name":"PRIMOBOLAN - Methenolone Enanthate 100mg - Steroidi in linea","isPartOf":{"@id":"https:\/\/iberoid-shop.com\/#website"},"primaryImageOfPage":{"@id":"https:\/\/iberoid.com\/it\/product\/primobolan-methenolone-enanthate-100mg\/#primaryimage"},"image":{"@id":"https:\/\/iberoid.com\/it\/product\/primobolan-methenolone-enanthate-100mg\/#primaryimage"},"thumbnailUrl":"https:\/\/iberoid.com\/wp-content\/uploads\/2025\/05\/PRM.jpg?v=1747852320","datePublished":"2025-05-21T18:32:11+00:00","dateModified":"2026-03-01T15:07:56+00:00","description":"METHENOLONE ENANTATE 100mg aumenta massa muscolare, riduce grasso e supporta sintesi proteica e tessuto connettivo.","breadcrumb":{"@id":"https:\/\/iberoid.com\/it\/product\/primobolan-methenolone-enanthate-100mg\/#breadcrumb"},"inLanguage":"it-IT","potentialAction":[{"@type":"ReadAction","target":[["https:\/\/iberoid.com\/it\/product\/primobolan-methenolone-enanthate-100mg\/"]]}]},{"@type":"ImageObject","inLanguage":"it-IT","@id":"https:\/\/iberoid.com\/it\/product\/primobolan-methenolone-enanthate-100mg\/#primaryimage","url":"https:\/\/iberoid.com\/wp-content\/uploads\/2025\/05\/PRM.jpg?v=1747852320","contentUrl":"https:\/\/iberoid.com\/wp-content\/uploads\/2025\/05\/PRM.jpg?v=1747852320","width":2200,"height":1540},{"@type":"BreadcrumbList","@id":"https:\/\/iberoid.com\/it\/product\/primobolan-methenolone-enanthate-100mg\/#breadcrumb","itemListElement":[{"@type":"ListItem","position":1,"name":"Portada","item":"https:\/\/iberoid.com\/it\/"},{"@type":"ListItem","position":2,"name":"Negozio","item":"https:\/\/iberoid.com\/it\/shop\/"},{"@type":"ListItem","position":3,"name":"PRIMOBOLAN &#8211; Methenolone Enanthate 100mg"}]},{"@type":"WebSite","@id":"https:\/\/iberoid-shop.com\/#website","url":"https:\/\/iberoid-shop.com\/","name":"Steroidi in linea","description":"Acquista steroidi online oggi in Spagna e Portogallo. Abbiamo il miglior servizio clienti del settore e prodotti di altissima qualit\u00e0","potentialAction":[{"@type":"SearchAction","target":{"@type":"EntryPoint","urlTemplate":"https:\/\/iberoid-shop.com\/?s={search_term_string}"},"query-input":{"@type":"PropertyValueSpecification","valueRequired":true,"valueName":"search_term_string"}}],"inLanguage":"it-IT"}]},"product_brand":"Genetic Life Science","product_price_amount":"55.00","product_price_currency":"EUR","og_availability":"instock","product_availability":"instock","product_condition":"new"},"_links":{"self":[{"href":"https:\/\/iberoid.com\/it\/wp-json\/wp\/v2\/product\/10122","targetHints":{"allow":["GET"]}}],"collection":[{"href":"https:\/\/iberoid.com\/it\/wp-json\/wp\/v2\/product"}],"about":[{"href":"https:\/\/iberoid.com\/it\/wp-json\/wp\/v2\/types\/product"}],"replies":[{"embeddable":true,"href":"https:\/\/iberoid.com\/it\/wp-json\/wp\/v2\/comments?post=10122"}],"wp:featuredmedia":[{"embeddable":true,"href":"https:\/\/iberoid.com\/it\/wp-json\/wp\/v2\/media\/10123"}],"wp:attachment":[{"href":"https:\/\/iberoid.com\/it\/wp-json\/wp\/v2\/media?parent=10122"}],"wp:term":[{"taxonomy":"product_brand","embeddable":true,"href":"https:\/\/iberoid.com\/it\/wp-json\/wp\/v2\/product_brand?post=10122"},{"taxonomy":"product_cat","embeddable":true,"href":"https:\/\/iberoid.com\/it\/wp-json\/wp\/v2\/product_cat?post=10122"},{"taxonomy":"product_tag","embeddable":true,"href":"https:\/\/iberoid.com\/it\/wp-json\/wp\/v2\/product_tag?post=10122"}],"curies":[{"name":"wp","href":"https:\/\/api.w.org\/{rel}","templated":true}]}}