{"id":10226,"date":"2025-07-13T17:15:36","date_gmt":"2025-07-13T17:15:36","guid":{"rendered":"https:\/\/iberoid.com\/?post_type=product&#038;p=10226"},"modified":"2026-04-10T07:38:26","modified_gmt":"2026-04-10T07:38:26","slug":"pack3-a-bol-anavar-mp-pharm","status":"publish","type":"product","link":"https:\/\/iberoid.com\/it\/product\/pack3-a-bol-anavar-mp-pharm\/","title":{"rendered":"PACK3 A-BOL \/ ANAVAR"},"content":{"rendered":"<p><\/p>\n<p data-start=\"0\" data-end=\"150\"><strong data-start=\"0\" data-end=\"22\">Nome farmac\u00eautico:<\/strong> A-BOL<br data-start=\"28\" data-end=\"31\" \/><strong data-start=\"31\" data-end=\"48\">Nome qu\u00edmico:<\/strong> Oxandrolona<br data-start=\"60\" data-end=\"63\" \/><strong data-start=\"63\" data-end=\"90\">Nome qu\u00edmico abreviado:<\/strong> 17beta-Hidroxi-17alpha-metil-2-oxa-5alpha-androstan-3-ona<\/p>\n<p data-start=\"152\" data-end=\"326\"><strong data-start=\"152\" data-end=\"169\">Apresenta\u00e7\u00e3o:<\/strong> 10 mg por comprimido. O recipiente vem lacrado com 100 comprimidos. Tanto a caixa quanto o frasco v\u00eam com um conjunto de 10 c\u00f3digos de autentica\u00e7\u00e3o colados.<\/p>\n<p data-start=\"328\" data-end=\"747\">Anavar \u00e9 um dos compostos mais populares entre atletas que praticam muscula\u00e7\u00e3o, pois n\u00e3o sofre aromatiza\u00e7\u00e3o em nenhuma dosagem. Essa caracter\u00edstica oferece v\u00e1rias vantagens ao atleta. Com o uso de Anavar, a musculatura n\u00e3o adquire aquele aspecto t\u00edpico inchado de reten\u00e7\u00e3o de l\u00edquidos, o que o torna interessante durante a fase de prepara\u00e7\u00e3o para competi\u00e7\u00f5es. Anavar ajuda a deixar os m\u00fasculos mais duros e definidos.<\/p>\n<p data-start=\"749\" data-end=\"1237\">Embora n\u00e3o queime gordura diretamente, ele desempenha um papel indireto nesse processo, pois frequentemente suprime o apetite dos atletas. Anavar tamb\u00e9m pode causar incha\u00e7o, o que, em alguns atletas, resulta em n\u00e1useas e v\u00f4mitos quando os comprimidos s\u00e3o tomados junto \u00e0s refei\u00e7\u00f5es, devido ao efeito que tem sobre o trato gastrointestinal. Alguns atletas relatam diarreia cont\u00ednua. Isso n\u00e3o \u00e9 agrad\u00e1vel, mas ainda assim pode ajudar na quebra de gordura e no aumento da defini\u00e7\u00e3o muscular.<\/p>\n<p data-start=\"1239\" data-end=\"1561\">Aqueles que desejam ganhar massa muscular de qualidade devem fazer um ciclo com Trenbol 75, Masterolone, Primolic, Test Pro e Stano ou Winstro 50. Outro grupo de atletas que apresenta sinais de sa\u00fade debilitada durante o uso de testosterona, Dianabol ou Oxybol para ganho de massa devem usar Anavar em combina\u00e7\u00e3o com Deca.<\/p>\n<p data-start=\"1563\" data-end=\"1998\">Altas dosagens de Anavar n\u00e3o afetam a produ\u00e7\u00e3o natural de testosterona do corpo. Ele n\u00e3o interfere no mecanismo de retroalimenta\u00e7\u00e3o do eixo hipot\u00e1lamo-hip\u00f3fise-testicular. Isso significa que, ao contr\u00e1rio da maioria dos esteroides anab\u00f3licos, Anavar n\u00e3o reduz nem interrompe a libera\u00e7\u00e3o do horm\u00f4nio liberador de gonadotrofina (GnRH) nem do horm\u00f4nio luteinizante (LH). Isso explica por que essa subst\u00e2ncia n\u00e3o se converte em estrog\u00eanio.<\/p>\n<p data-start=\"2000\" data-end=\"2329\" data-is-last-node=\"\" data-is-only-node=\"\">Acredita-se tamb\u00e9m que os estrog\u00eanios, produzidos pela aromatiza\u00e7\u00e3o da testosterona e de outros esteroides anab\u00f3licos em certas regi\u00f5es do c\u00e9rebro e do hipot\u00e1lamo, inibem a secre\u00e7\u00e3o de LH, o que diminui a produ\u00e7\u00e3o de testosterona. Altas dosagens de Anavar n\u00e3o reduzem a contagem de espermatozoides nem se convertem em estrog\u00eanio.<\/p>\n<p><\/p>","protected":false},"excerpt":{"rendered":"<p>Nome farmac\u00eautico: A-BOLNome qu\u00edmico: OxandrolonaNome qu\u00edmico abreviado: 17beta-Hidroxi-17alpha-metil-2-oxa-5alpha-androstan-3-ona Apresenta\u00e7\u00e3o: 10 mg por comprimido. O recipiente vem lacrado com 100 comprimidos.<\/p>\n","protected":false},"featured_media":10227,"comment_status":"open","ping_status":"closed","template":"","meta":[],"product_brand":[],"product_cat":[73,3474],"product_tag":[],"class_list":{"0":"post-10226","1":"product","2":"type-product","3":"status-publish","4":"has-post-thumbnail","6":"product_cat-ssteroides_orales","7":"product_cat-packs","9":"first","10":"instock","11":"shipping-taxable","12":"purchasable","13":"product-type-simple"},"yoast_head":"<!-- This site is optimized with the Yoast SEO Premium plugin v24.4 (Yoast SEO v27.0) - https:\/\/yoast.com\/product\/yoast-seo-premium-wordpress\/ -->\n<title>PACK3 A-BOL \/ ANAVAR - Steroidi in linea<\/title>\n<meta name=\"description\" content=\"A-BOL (Oxandrolone) \u00e8 uno steroide non aromatizzante che sviluppa muscoli duri e definiti senza influenzare il testosterone naturale.\" \/>\n<meta name=\"robots\" content=\"index, follow, max-snippet:-1, max-image-preview:large, max-video-preview:-1\" \/>\n<link rel=\"canonical\" href=\"https:\/\/iberoid.com\/it\/product\/pack3-a-bol-anavar-mp-pharm\/\" \/>\n<meta property=\"og:locale\" content=\"it_IT\" \/>\n<meta property=\"og:type\" content=\"article\" \/>\n<meta property=\"og:title\" content=\"PACK3 A-BOL \/ ANAVAR\" \/>\n<meta property=\"og:description\" content=\"A-BOL (Oxandrolone) \u00e8 uno steroide non aromatizzante che sviluppa muscoli duri e definiti senza influenzare il testosterone naturale.\" \/>\n<meta property=\"og:url\" content=\"https:\/\/iberoid.com\/it\/product\/pack3-a-bol-anavar-mp-pharm\/\" \/>\n<meta property=\"og:site_name\" content=\"Steroidi in linea\" \/>\n<meta property=\"article:modified_time\" content=\"2026-04-10T07:38:26+00:00\" \/>\n<meta property=\"og:image\" content=\"https:\/\/iberoid.com\/wp-content\/uploads\/2025\/07\/3-a-bol-scaled.jpeg?v=1752426920\" \/>\n\t<meta property=\"og:image:width\" content=\"2560\" \/>\n\t<meta property=\"og:image:height\" content=\"1993\" \/>\n\t<meta property=\"og:image:type\" content=\"image\/jpeg\" \/>\n<meta name=\"twitter:card\" content=\"summary_large_image\" \/>\n<meta name=\"twitter:label1\" content=\"Prezzo\" \/>\n\t<meta name=\"twitter:data1\" content=\"&euro;55.00\" \/>\n\t<meta name=\"twitter:label2\" content=\"Disponibilit\u00e0\" \/>\n\t<meta name=\"twitter:data2\" content=\"In stock\" \/>\n<script type=\"application\/ld+json\" class=\"yoast-schema-graph\">{\"@context\":\"https:\/\/schema.org\",\"@graph\":[{\"@type\":\"WebPage\",\"@id\":\"https:\/\/iberoid.com\/it\/product\/pack3-a-bol-anavar-mp-pharm\/\",\"url\":\"https:\/\/iberoid.com\/it\/product\/pack3-a-bol-anavar-mp-pharm\/\",\"name\":\"PACK3 A-BOL \/ ANAVAR - Steroidi in linea\",\"isPartOf\":{\"@id\":\"https:\/\/iberoid-shop.com\/#website\"},\"primaryImageOfPage\":{\"@id\":\"https:\/\/iberoid.com\/it\/product\/pack3-a-bol-anavar-mp-pharm\/#primaryimage\"},\"image\":{\"@id\":\"https:\/\/iberoid.com\/it\/product\/pack3-a-bol-anavar-mp-pharm\/#primaryimage\"},\"thumbnailUrl\":\"https:\/\/iberoid.com\/wp-content\/uploads\/2025\/07\/3-a-bol-scaled.jpeg?v=1752426920\",\"datePublished\":\"2025-07-13T17:15:36+00:00\",\"dateModified\":\"2026-04-10T07:38:26+00:00\",\"description\":\"A-BOL (Oxandrolone) \u00e8 uno steroide non aromatizzante che sviluppa muscoli duri e definiti senza influenzare il testosterone naturale.\",\"breadcrumb\":{\"@id\":\"https:\/\/iberoid.com\/it\/product\/pack3-a-bol-anavar-mp-pharm\/#breadcrumb\"},\"inLanguage\":\"it-IT\",\"potentialAction\":[{\"@type\":\"ReadAction\",\"target\":[[\"https:\/\/iberoid.com\/it\/product\/pack3-a-bol-anavar-mp-pharm\/\"]]}]},{\"@type\":\"ImageObject\",\"inLanguage\":\"it-IT\",\"@id\":\"https:\/\/iberoid.com\/it\/product\/pack3-a-bol-anavar-mp-pharm\/#primaryimage\",\"url\":\"https:\/\/iberoid.com\/wp-content\/uploads\/2025\/07\/3-a-bol-scaled.jpeg?v=1752426920\",\"contentUrl\":\"https:\/\/iberoid.com\/wp-content\/uploads\/2025\/07\/3-a-bol-scaled.jpeg?v=1752426920\",\"width\":2560,\"height\":1993},{\"@type\":\"BreadcrumbList\",\"@id\":\"https:\/\/iberoid.com\/it\/product\/pack3-a-bol-anavar-mp-pharm\/#breadcrumb\",\"itemListElement\":[{\"@type\":\"ListItem\",\"position\":1,\"name\":\"Portada\",\"item\":\"https:\/\/iberoid.com\/it\/\"},{\"@type\":\"ListItem\",\"position\":2,\"name\":\"Negozio\",\"item\":\"https:\/\/iberoid.com\/it\/shop\/\"},{\"@type\":\"ListItem\",\"position\":3,\"name\":\"PACK3 A-BOL \/ ANAVAR\"}]},{\"@type\":\"WebSite\",\"@id\":\"https:\/\/iberoid-shop.com\/#website\",\"url\":\"https:\/\/iberoid-shop.com\/\",\"name\":\"Steroidi in linea\",\"description\":\"Acquista steroidi online oggi in Spagna e Portogallo. Abbiamo il miglior servizio clienti del settore e prodotti di altissima qualit\u00e0\",\"potentialAction\":[{\"@type\":\"SearchAction\",\"target\":{\"@type\":\"EntryPoint\",\"urlTemplate\":\"https:\/\/iberoid-shop.com\/?s={search_term_string}\"},\"query-input\":{\"@type\":\"PropertyValueSpecification\",\"valueRequired\":true,\"valueName\":\"search_term_string\"}}],\"inLanguage\":\"it-IT\"}]}<\/script>\n<meta property=\"product:brand\" content=\"Mp-Pharm\" \/>\n<meta property=\"product:price:amount\" content=\"55.00\" \/>\n<meta property=\"product:price:currency\" content=\"EUR\" \/>\n<meta property=\"og:availability\" content=\"instock\" \/>\n<meta property=\"product:availability\" content=\"instock\" \/>\n<meta property=\"product:condition\" content=\"new\" \/>\n<!-- \/ Yoast SEO Premium plugin. -->","yoast_head_json":{"title":"PACK3 A-BOL \/ ANAVAR - Steroidi in linea","description":"A-BOL (Oxandrolone) \u00e8 uno steroide non aromatizzante che sviluppa muscoli duri e definiti senza influenzare il testosterone naturale.","robots":{"index":"index","follow":"follow","max-snippet":"max-snippet:-1","max-image-preview":"max-image-preview:large","max-video-preview":"max-video-preview:-1"},"canonical":"https:\/\/iberoid.com\/it\/product\/pack3-a-bol-anavar-mp-pharm\/","og_locale":"it_IT","og_type":"article","og_title":"PACK3 A-BOL \/ ANAVAR","og_description":"A-BOL (Oxandrolone) \u00e8 uno steroide non aromatizzante che sviluppa muscoli duri e definiti senza influenzare il testosterone naturale.","og_url":"https:\/\/iberoid.com\/it\/product\/pack3-a-bol-anavar-mp-pharm\/","og_site_name":"Steroidi in linea","article_modified_time":"2026-04-10T07:38:26+00:00","og_image":[{"width":2560,"height":1993,"url":"https:\/\/iberoid.com\/wp-content\/uploads\/2025\/07\/3-a-bol-scaled.jpeg?v=1752426920","type":"image\/jpeg"}],"twitter_card":"summary_large_image","twitter_misc":{"Prezzo":"&euro;55.00","Disponibilit\u00e0":"In stock"},"schema":{"@context":"https:\/\/schema.org","@graph":[{"@type":"WebPage","@id":"https:\/\/iberoid.com\/it\/product\/pack3-a-bol-anavar-mp-pharm\/","url":"https:\/\/iberoid.com\/it\/product\/pack3-a-bol-anavar-mp-pharm\/","name":"PACK3 A-BOL \/ ANAVAR - Steroidi in linea","isPartOf":{"@id":"https:\/\/iberoid-shop.com\/#website"},"primaryImageOfPage":{"@id":"https:\/\/iberoid.com\/it\/product\/pack3-a-bol-anavar-mp-pharm\/#primaryimage"},"image":{"@id":"https:\/\/iberoid.com\/it\/product\/pack3-a-bol-anavar-mp-pharm\/#primaryimage"},"thumbnailUrl":"https:\/\/iberoid.com\/wp-content\/uploads\/2025\/07\/3-a-bol-scaled.jpeg?v=1752426920","datePublished":"2025-07-13T17:15:36+00:00","dateModified":"2026-04-10T07:38:26+00:00","description":"A-BOL (Oxandrolone) \u00e8 uno steroide non aromatizzante che sviluppa muscoli duri e definiti senza influenzare il testosterone naturale.","breadcrumb":{"@id":"https:\/\/iberoid.com\/it\/product\/pack3-a-bol-anavar-mp-pharm\/#breadcrumb"},"inLanguage":"it-IT","potentialAction":[{"@type":"ReadAction","target":[["https:\/\/iberoid.com\/it\/product\/pack3-a-bol-anavar-mp-pharm\/"]]}]},{"@type":"ImageObject","inLanguage":"it-IT","@id":"https:\/\/iberoid.com\/it\/product\/pack3-a-bol-anavar-mp-pharm\/#primaryimage","url":"https:\/\/iberoid.com\/wp-content\/uploads\/2025\/07\/3-a-bol-scaled.jpeg?v=1752426920","contentUrl":"https:\/\/iberoid.com\/wp-content\/uploads\/2025\/07\/3-a-bol-scaled.jpeg?v=1752426920","width":2560,"height":1993},{"@type":"BreadcrumbList","@id":"https:\/\/iberoid.com\/it\/product\/pack3-a-bol-anavar-mp-pharm\/#breadcrumb","itemListElement":[{"@type":"ListItem","position":1,"name":"Portada","item":"https:\/\/iberoid.com\/it\/"},{"@type":"ListItem","position":2,"name":"Negozio","item":"https:\/\/iberoid.com\/it\/shop\/"},{"@type":"ListItem","position":3,"name":"PACK3 A-BOL \/ ANAVAR"}]},{"@type":"WebSite","@id":"https:\/\/iberoid-shop.com\/#website","url":"https:\/\/iberoid-shop.com\/","name":"Steroidi in linea","description":"Acquista steroidi online oggi in Spagna e Portogallo. Abbiamo il miglior servizio clienti del settore e prodotti di altissima qualit\u00e0","potentialAction":[{"@type":"SearchAction","target":{"@type":"EntryPoint","urlTemplate":"https:\/\/iberoid-shop.com\/?s={search_term_string}"},"query-input":{"@type":"PropertyValueSpecification","valueRequired":true,"valueName":"search_term_string"}}],"inLanguage":"it-IT"}]},"product_brand":"Mp-Pharm","product_price_amount":"55.00","product_price_currency":"EUR","og_availability":"instock","product_availability":"instock","product_condition":"new"},"_links":{"self":[{"href":"https:\/\/iberoid.com\/it\/wp-json\/wp\/v2\/product\/10226","targetHints":{"allow":["GET"]}}],"collection":[{"href":"https:\/\/iberoid.com\/it\/wp-json\/wp\/v2\/product"}],"about":[{"href":"https:\/\/iberoid.com\/it\/wp-json\/wp\/v2\/types\/product"}],"replies":[{"embeddable":true,"href":"https:\/\/iberoid.com\/it\/wp-json\/wp\/v2\/comments?post=10226"}],"wp:featuredmedia":[{"embeddable":true,"href":"https:\/\/iberoid.com\/it\/wp-json\/wp\/v2\/media\/10227"}],"wp:attachment":[{"href":"https:\/\/iberoid.com\/it\/wp-json\/wp\/v2\/media?parent=10226"}],"wp:term":[{"taxonomy":"product_brand","embeddable":true,"href":"https:\/\/iberoid.com\/it\/wp-json\/wp\/v2\/product_brand?post=10226"},{"taxonomy":"product_cat","embeddable":true,"href":"https:\/\/iberoid.com\/it\/wp-json\/wp\/v2\/product_cat?post=10226"},{"taxonomy":"product_tag","embeddable":true,"href":"https:\/\/iberoid.com\/it\/wp-json\/wp\/v2\/product_tag?post=10226"}],"curies":[{"name":"wp","href":"https:\/\/api.w.org\/{rel}","templated":true}]}}