{"id":10280,"date":"2025-08-14T07:41:53","date_gmt":"2025-08-14T07:41:53","guid":{"rendered":"https:\/\/iberoid.com\/?post_type=product&#038;p=10280"},"modified":"2026-04-13T10:02:50","modified_gmt":"2026-04-13T10:02:50","slug":"pack2-c2boll-clenbuterol-20-mcg-200tabs","status":"publish","type":"product","link":"https:\/\/iberoid.com\/it\/product\/pack2-c2boll-clenbuterol-20-mcg-200tabs\/","title":{"rendered":"PACK 2 &#8211; C2BOLL \/ clenbuterol (20 mcg \/ 200tabs)"},"content":{"rendered":"<p><b>Clenbuterolo (Clen) 20 mcg x 100 compresse<\/b><\/p>\n<p>Il <b>Clenbuterolo<\/b> \u00e8 uno dei farmaci brucia-grassi pi\u00f9 richiesti, in grado di aumentare il tasso metabolico del corpo. Le persone acquistano il clenbuterolo perch\u00e9 \u00e8 un&#8217;alternativa sicura ai farmaci anabolizzanti ed \u00e8 utilizzato da culturisti e atleti professionisti per raggiungere i loro obiettivi di forma fisica. Classificato come un agonista beta-2-adrenergico, aiuta a rilassare i muscoli e migliora la funzionalit\u00e0 dei polmoni, permettendo di produrre e utilizzare pi\u00f9 ossigeno. Il Clenbuterolo fu inizialmente introdotto per trattare persone con asma e altre patologie respiratorie, ma in seguito ottenne grande popolarit\u00e0 nel mondo del culturismo.<\/p>\n<h3>Benefici del Clenbuterolo<\/h3>\n<p>Ecco alcuni dei principali benefici dell&#8217;uso del clenbuterolo:<\/p>\n<ul>\n<li><b>Aiuta a perdere peso:<\/b> Aumentando il tasso metabolico del corpo, il Clenbuterolo aiuta a bruciare il grasso ostinato.<\/li>\n<li><b>Effetti androgeni minimi:<\/b> Le culturiste donne preferiscono usare il clenbuterolo perch\u00e9 ha meno effetti collaterali rispetto ad altri steroidi anabolizzanti.<\/li>\n<li><b>Metabolismo e soppressione dell&#8217;appetito:<\/b> Oltre ad aumentare il tasso metabolico, il Clenbuterolo offre anche il vantaggio di frenare l&#8217;appetito, spingendoti a consumare meno calorie. Molti culturisti cercano il clenbuterolo in vendita in prossimit\u00e0 delle gare per eliminare il grasso in eccesso.<\/li>\n<\/ul>\n<h3>Effetti collaterali del Clenbuterolo<\/h3>\n<p>Come ogni farmaco, anche il clenbuterolo deve essere consumato in modo sicuro e non si deve mai superare il dosaggio raccomandato. Alcuni degli effetti collaterali comuni sono:<\/p>\n<ul>\n<li>Aumento del battito cardiaco e palpitazioni.<\/li>\n<li>Livello basso di potassio nel sangue (ipokaliemia).<\/li>\n<li>Pressione alta (iperglicemia).<\/li>\n<li>Arresto cardiaco.<\/li>\n<li>Sensazione di calore.<\/li>\n<li>Crampi muscolari.<\/li>\n<li>Respirazione accelerata.<\/li>\n<li>Squilibrio elettrolitico.<\/li>\n<\/ul>\n<h3>Dosaggio raccomandato<\/h3>\n<ul>\n<li>Per le donne, la dose iniziale raccomandata \u00e8 di <b>20 mg<\/b>; per gli uomini, si consiglia di iniziare con <b>40 mg<\/b>.<\/li>\n<li>La dose deve essere aumentata di 20 mg ogni mese fino al raggiungimento dei risultati desiderati.<\/li>\n<li>La dose giornaliera tipica per esperti e utenti avanzati sar\u00e0 principalmente tra <b>80 e 120 mg<\/b>, per poi diminuire gradualmente una volta ottenuti gli effetti desiderati.<\/li>\n<\/ul>\n<p><\/p>","protected":false},"excerpt":{"rendered":"<p>Clenbuterolo (Clen) 20 mcg x 100 compresse Il Clenbuterolo \u00e8 uno dei farmaci brucia-grassi pi\u00f9 richiesti, in grado di aumentare<\/p>\n","protected":false},"featured_media":10281,"comment_status":"open","ping_status":"closed","template":"","meta":[],"product_brand":[3530],"product_cat":[73,3474,3533],"product_tag":[],"class_list":{"0":"post-10280","1":"product","2":"type-product","3":"status-publish","4":"has-post-thumbnail","6":"product_brand-mp-pharm-muscle-pharm","7":"product_cat-ssteroides_orales","8":"product_cat-packs","9":"product_cat-sales-rebajas","11":"first","12":"instock","13":"sale","14":"shipping-taxable","15":"purchasable","16":"product-type-simple"},"yoast_head":"<!-- This site is optimized with the Yoast SEO Premium plugin v24.4 (Yoast SEO v27.3) - https:\/\/yoast.com\/product\/yoast-seo-premium-wordpress\/ -->\n<title>PACK 2 - C2BOLL \/ clenbuterol (20 mcg \/ 200tabs) - Steroidi in linea<\/title>\n<meta name=\"description\" content=\"Il Clenbuterolo \u00e8 un potente farmaco brucia-grassi che aumenta il metabolismo e sopprime l&#039;appetito, favorendo la perdita di peso con minimi effetti collaterali androgeni.\" \/>\n<meta name=\"robots\" content=\"index, follow, max-snippet:-1, max-image-preview:large, max-video-preview:-1\" \/>\n<link rel=\"canonical\" href=\"https:\/\/iberoid.com\/it\/product\/pack2-c2boll-clenbuterol-20-mcg-200tabs\/\" \/>\n<meta property=\"og:locale\" content=\"it_IT\" \/>\n<meta property=\"og:type\" content=\"article\" \/>\n<meta property=\"og:title\" content=\"PACK 2 - C2BOLL \/ clenbuterol (20 mcg \/ 200tabs)\" \/>\n<meta property=\"og:description\" content=\"Il Clenbuterolo \u00e8 un potente farmaco brucia-grassi che aumenta il metabolismo e sopprime l&#039;appetito, favorendo la perdita di peso con minimi effetti collaterali androgeni.\" \/>\n<meta property=\"og:url\" content=\"https:\/\/iberoid.com\/it\/product\/pack2-c2boll-clenbuterol-20-mcg-200tabs\/\" \/>\n<meta property=\"og:site_name\" content=\"Steroidi in linea\" \/>\n<meta property=\"article:modified_time\" content=\"2026-04-13T10:02:50+00:00\" \/>\n<meta property=\"og:image\" content=\"https:\/\/iberoid.com\/wp-content\/uploads\/2025\/08\/2-C2-scaled.jpeg?v=1755157291\" \/>\n\t<meta property=\"og:image:width\" content=\"2560\" \/>\n\t<meta property=\"og:image:height\" content=\"2447\" \/>\n\t<meta property=\"og:image:type\" content=\"image\/jpeg\" \/>\n<meta name=\"twitter:card\" content=\"summary_large_image\" \/>\n<meta name=\"twitter:label1\" content=\"Prezzo\" \/>\n\t<meta name=\"twitter:data1\" content=\"&euro;25.00\" \/>\n\t<meta name=\"twitter:label2\" content=\"Disponibilit\u00e0\" \/>\n\t<meta name=\"twitter:data2\" content=\"In stock\" \/>\n<script type=\"application\/ld+json\" class=\"yoast-schema-graph\">{\"@context\":\"https:\\\/\\\/schema.org\",\"@graph\":[{\"@type\":\"WebPage\",\"@id\":\"https:\\\/\\\/iberoid.com\\\/it\\\/product\\\/pack2-c2boll-clenbuterol-20-mcg-200tabs\\\/\",\"url\":\"https:\\\/\\\/iberoid.com\\\/it\\\/product\\\/pack2-c2boll-clenbuterol-20-mcg-200tabs\\\/\",\"name\":\"PACK 2 - C2BOLL \\\/ clenbuterol (20 mcg \\\/ 200tabs) - Steroidi in linea\",\"isPartOf\":{\"@id\":\"https:\\\/\\\/iberoid.com\\\/it\\\/#website\"},\"primaryImageOfPage\":{\"@id\":\"https:\\\/\\\/iberoid.com\\\/it\\\/product\\\/pack2-c2boll-clenbuterol-20-mcg-200tabs\\\/#primaryimage\"},\"image\":{\"@id\":\"https:\\\/\\\/iberoid.com\\\/it\\\/product\\\/pack2-c2boll-clenbuterol-20-mcg-200tabs\\\/#primaryimage\"},\"thumbnailUrl\":\"https:\\\/\\\/iberoid.com\\\/wp-content\\\/uploads\\\/2025\\\/08\\\/2-C2-scaled.jpeg?v=1755157291\",\"datePublished\":\"2025-08-14T07:41:53+00:00\",\"dateModified\":\"2026-04-13T10:02:50+00:00\",\"description\":\"Il Clenbuterolo \u00e8 un potente farmaco brucia-grassi che aumenta il metabolismo e sopprime l'appetito, favorendo la perdita di peso con minimi effetti collaterali androgeni.\",\"breadcrumb\":{\"@id\":\"https:\\\/\\\/iberoid.com\\\/it\\\/product\\\/pack2-c2boll-clenbuterol-20-mcg-200tabs\\\/#breadcrumb\"},\"inLanguage\":\"it-IT\",\"potentialAction\":[{\"@type\":\"ReadAction\",\"target\":[[\"https:\\\/\\\/iberoid.com\\\/it\\\/product\\\/pack2-c2boll-clenbuterol-20-mcg-200tabs\\\/\"]]}]},{\"@type\":\"ImageObject\",\"inLanguage\":\"it-IT\",\"@id\":\"https:\\\/\\\/iberoid.com\\\/it\\\/product\\\/pack2-c2boll-clenbuterol-20-mcg-200tabs\\\/#primaryimage\",\"url\":\"https:\\\/\\\/iberoid.com\\\/wp-content\\\/uploads\\\/2025\\\/08\\\/2-C2-scaled.jpeg?v=1755157291\",\"contentUrl\":\"https:\\\/\\\/iberoid.com\\\/wp-content\\\/uploads\\\/2025\\\/08\\\/2-C2-scaled.jpeg?v=1755157291\",\"width\":2560,\"height\":2447},{\"@type\":\"BreadcrumbList\",\"@id\":\"https:\\\/\\\/iberoid.com\\\/it\\\/product\\\/pack2-c2boll-clenbuterol-20-mcg-200tabs\\\/#breadcrumb\",\"itemListElement\":[{\"@type\":\"ListItem\",\"position\":1,\"name\":\"Portada\",\"item\":\"https:\\\/\\\/iberoid.com\\\/it\\\/\"},{\"@type\":\"ListItem\",\"position\":2,\"name\":\"Negozio\",\"item\":\"https:\\\/\\\/iberoid.com\\\/it\\\/shop\\\/\"},{\"@type\":\"ListItem\",\"position\":3,\"name\":\"PACK 2 &#8211; C2BOLL \\\/ clenbuterol (20 mcg \\\/ 200tabs)\"}]},{\"@type\":\"WebSite\",\"@id\":\"https:\\\/\\\/iberoid.com\\\/it\\\/#website\",\"url\":\"https:\\\/\\\/iberoid.com\\\/it\\\/\",\"name\":\"Steroidi in linea\",\"description\":\"Acquista steroidi online oggi in Spagna e Portogallo. Abbiamo il miglior servizio clienti del settore e prodotti di altissima qualit\u00e0\",\"potentialAction\":[{\"@type\":\"SearchAction\",\"target\":{\"@type\":\"EntryPoint\",\"urlTemplate\":\"https:\\\/\\\/iberoid.com\\\/it\\\/?s={search_term_string}\"},\"query-input\":{\"@type\":\"PropertyValueSpecification\",\"valueRequired\":true,\"valueName\":\"search_term_string\"}}],\"inLanguage\":\"it-IT\"}]}<\/script>\n<meta property=\"product:price:amount\" content=\"25.00\" \/>\n<meta property=\"product:price:currency\" content=\"EUR\" \/>\n<meta property=\"og:availability\" content=\"instock\" \/>\n<meta property=\"product:availability\" content=\"instock\" \/>\n<meta property=\"product:condition\" content=\"new\" \/>\n<!-- \/ Yoast SEO Premium plugin. -->","yoast_head_json":{"title":"PACK 2 - C2BOLL \/ clenbuterol (20 mcg \/ 200tabs) - Steroidi in linea","description":"Il Clenbuterolo \u00e8 un potente farmaco brucia-grassi che aumenta il metabolismo e sopprime l'appetito, favorendo la perdita di peso con minimi effetti collaterali androgeni.","robots":{"index":"index","follow":"follow","max-snippet":"max-snippet:-1","max-image-preview":"max-image-preview:large","max-video-preview":"max-video-preview:-1"},"canonical":"https:\/\/iberoid.com\/it\/product\/pack2-c2boll-clenbuterol-20-mcg-200tabs\/","og_locale":"it_IT","og_type":"article","og_title":"PACK 2 - C2BOLL \/ clenbuterol (20 mcg \/ 200tabs)","og_description":"Il Clenbuterolo \u00e8 un potente farmaco brucia-grassi che aumenta il metabolismo e sopprime l'appetito, favorendo la perdita di peso con minimi effetti collaterali androgeni.","og_url":"https:\/\/iberoid.com\/it\/product\/pack2-c2boll-clenbuterol-20-mcg-200tabs\/","og_site_name":"Steroidi in linea","article_modified_time":"2026-04-13T10:02:50+00:00","og_image":[{"width":2560,"height":2447,"url":"https:\/\/iberoid.com\/wp-content\/uploads\/2025\/08\/2-C2-scaled.jpeg?v=1755157291","type":"image\/jpeg"}],"twitter_card":"summary_large_image","twitter_misc":{"Prezzo":"&euro;25.00","Disponibilit\u00e0":"In stock"},"schema":{"@context":"https:\/\/schema.org","@graph":[{"@type":"WebPage","@id":"https:\/\/iberoid.com\/it\/product\/pack2-c2boll-clenbuterol-20-mcg-200tabs\/","url":"https:\/\/iberoid.com\/it\/product\/pack2-c2boll-clenbuterol-20-mcg-200tabs\/","name":"PACK 2 - C2BOLL \/ clenbuterol (20 mcg \/ 200tabs) - Steroidi in linea","isPartOf":{"@id":"https:\/\/iberoid.com\/it\/#website"},"primaryImageOfPage":{"@id":"https:\/\/iberoid.com\/it\/product\/pack2-c2boll-clenbuterol-20-mcg-200tabs\/#primaryimage"},"image":{"@id":"https:\/\/iberoid.com\/it\/product\/pack2-c2boll-clenbuterol-20-mcg-200tabs\/#primaryimage"},"thumbnailUrl":"https:\/\/iberoid.com\/wp-content\/uploads\/2025\/08\/2-C2-scaled.jpeg?v=1755157291","datePublished":"2025-08-14T07:41:53+00:00","dateModified":"2026-04-13T10:02:50+00:00","description":"Il Clenbuterolo \u00e8 un potente farmaco brucia-grassi che aumenta il metabolismo e sopprime l'appetito, favorendo la perdita di peso con minimi effetti collaterali androgeni.","breadcrumb":{"@id":"https:\/\/iberoid.com\/it\/product\/pack2-c2boll-clenbuterol-20-mcg-200tabs\/#breadcrumb"},"inLanguage":"it-IT","potentialAction":[{"@type":"ReadAction","target":[["https:\/\/iberoid.com\/it\/product\/pack2-c2boll-clenbuterol-20-mcg-200tabs\/"]]}]},{"@type":"ImageObject","inLanguage":"it-IT","@id":"https:\/\/iberoid.com\/it\/product\/pack2-c2boll-clenbuterol-20-mcg-200tabs\/#primaryimage","url":"https:\/\/iberoid.com\/wp-content\/uploads\/2025\/08\/2-C2-scaled.jpeg?v=1755157291","contentUrl":"https:\/\/iberoid.com\/wp-content\/uploads\/2025\/08\/2-C2-scaled.jpeg?v=1755157291","width":2560,"height":2447},{"@type":"BreadcrumbList","@id":"https:\/\/iberoid.com\/it\/product\/pack2-c2boll-clenbuterol-20-mcg-200tabs\/#breadcrumb","itemListElement":[{"@type":"ListItem","position":1,"name":"Portada","item":"https:\/\/iberoid.com\/it\/"},{"@type":"ListItem","position":2,"name":"Negozio","item":"https:\/\/iberoid.com\/it\/shop\/"},{"@type":"ListItem","position":3,"name":"PACK 2 &#8211; C2BOLL \/ clenbuterol (20 mcg \/ 200tabs)"}]},{"@type":"WebSite","@id":"https:\/\/iberoid.com\/it\/#website","url":"https:\/\/iberoid.com\/it\/","name":"Steroidi in linea","description":"Acquista steroidi online oggi in Spagna e Portogallo. Abbiamo il miglior servizio clienti del settore e prodotti di altissima qualit\u00e0","potentialAction":[{"@type":"SearchAction","target":{"@type":"EntryPoint","urlTemplate":"https:\/\/iberoid.com\/it\/?s={search_term_string}"},"query-input":{"@type":"PropertyValueSpecification","valueRequired":true,"valueName":"search_term_string"}}],"inLanguage":"it-IT"}]},"product_price_amount":"25.00","product_price_currency":"EUR","og_availability":"instock","product_availability":"instock","product_condition":"new"},"_links":{"self":[{"href":"https:\/\/iberoid.com\/it\/wp-json\/wp\/v2\/product\/10280","targetHints":{"allow":["GET"]}}],"collection":[{"href":"https:\/\/iberoid.com\/it\/wp-json\/wp\/v2\/product"}],"about":[{"href":"https:\/\/iberoid.com\/it\/wp-json\/wp\/v2\/types\/product"}],"replies":[{"embeddable":true,"href":"https:\/\/iberoid.com\/it\/wp-json\/wp\/v2\/comments?post=10280"}],"wp:featuredmedia":[{"embeddable":true,"href":"https:\/\/iberoid.com\/it\/wp-json\/wp\/v2\/media\/10281"}],"wp:attachment":[{"href":"https:\/\/iberoid.com\/it\/wp-json\/wp\/v2\/media?parent=10280"}],"wp:term":[{"taxonomy":"product_brand","embeddable":true,"href":"https:\/\/iberoid.com\/it\/wp-json\/wp\/v2\/product_brand?post=10280"},{"taxonomy":"product_cat","embeddable":true,"href":"https:\/\/iberoid.com\/it\/wp-json\/wp\/v2\/product_cat?post=10280"},{"taxonomy":"product_tag","embeddable":true,"href":"https:\/\/iberoid.com\/it\/wp-json\/wp\/v2\/product_tag?post=10280"}],"curies":[{"name":"wp","href":"https:\/\/api.w.org\/{rel}","templated":true}]}}