{"id":10287,"date":"2025-08-17T09:50:46","date_gmt":"2025-08-17T09:50:46","guid":{"rendered":"https:\/\/iberoid.com\/?post_type=product&#038;p=10287"},"modified":"2026-03-03T19:44:40","modified_gmt":"2026-03-03T19:44:40","slug":"yoboll-yohimbina-hcl-5-mg-100tabs","status":"publish","type":"product","link":"https:\/\/iberoid.com\/it\/product\/yoboll-yohimbina-hcl-5-mg-100tabs\/","title":{"rendered":"YOBOLL \/ yohimbine hcl 5 mg \/ 100tabs"},"content":{"rendered":"<p>Ogni capsula di <b>YOBOLL HCL<\/b> fornisce 5 mg di Yohimbina HCL pura (di grado farmaceutico e USP), uno dei migliori integratori per la perdita di grasso, con comprovata capacit\u00e0 di accelerare la combustione dei grassi. Pu\u00f2 velocizzare il tuo metabolismo, migliorare le tue prestazioni in allenamento e aiutarti a perdere pi\u00f9 rapidamente il grasso ostinato. La principale propriet\u00e0 di YOBOLL di Pharmabol Labs, rilevante per bruciare il grasso pi\u00f9 ostinato, \u00e8 che agisce come un antagonista del recettore alfa-2. Le cellule adipose hanno diversi recettori che le controllano. Il prodotto di Pharmabol Labs \u00e8 un antagonista del recettore alfa-2 (bloccante a2) che induce il corpo ad aumentare la produzione di noradrenalina. Questa sostanza attiva il sistema nervoso simpatico di &#8220;attacco o fuga&#8221; e aumenta il dispendio energetico. La yohimbina agisce su diversi recettori, il che le conferisce alcune propriet\u00e0 uniche. <b>YOBOLL HCL<\/b> di Pharmabol Labs \u00e8 prodotto in uno stabilimento certificato GMP, nella sua forma pi\u00f9 pura, derivato da una fonte vegetariana e testato in laboratorio per purezza ed efficacia.<\/p>\n<h3>Caratteristiche<\/h3>\n<ul>\n<li>5 mg di Yohimbina HCL pura (di grado farmaceutico e USP) per capsula<\/li>\n<li>Accelera la perdita di grasso e sopprime l&#8217;appetito<\/li>\n<li>Aumenta l&#8217;energia e la motivazione<\/li>\n<li>Aiuta a ridurre il grasso addominale ostinato<\/li>\n<\/ul>\n<h3>Ingredienti<\/h3>\n<ul>\n<li>100% Yohimbina HCL (di grado farmaceutico e USP)<\/li>\n<\/ul>\n<h3>Modo d&#8217;uso<\/h3>\n<ul>\n<li>Assumere 1 o 2 dosi al giorno a stomaco vuoto.<\/li>\n<\/ul>\n<h3>Effetti collaterali<\/h3>\n<ul>\n<li>Nessun effetto collaterale<\/li>\n<\/ul>\n<h3>Informazioni sulla sicurezza<\/h3>\n<ul>\n<li>Solo per adulti. Se stai prendendo farmaci, sei incinta o stai allattando, consulta un medico prima di assumere il prodotto.<\/li>\n<\/ul>\n<p><\/p>","protected":false},"excerpt":{"rendered":"<p>Ogni capsula di YOBOLL HCL fornisce 5 mg di Yohimbina HCL pura (di grado farmaceutico e USP), uno dei migliori<\/p>\n","protected":false},"featured_media":10288,"comment_status":"open","ping_status":"closed","template":"","meta":[],"product_brand":[],"product_cat":[73],"product_tag":[],"class_list":{"0":"post-10287","1":"product","2":"type-product","3":"status-publish","4":"has-post-thumbnail","6":"product_cat-ssteroides_orales","8":"first","9":"instock","10":"sale","11":"shipping-taxable","12":"purchasable","13":"product-type-simple"},"yoast_head":"<!-- This site is optimized with the Yoast SEO Premium plugin v24.4 (Yoast SEO v27.0) - https:\/\/yoast.com\/product\/yoast-seo-premium-wordpress\/ -->\n<title>YOBOLL \/ yohimbine hcl 5 mg \/ 100tabs - Steroidi in linea<\/title>\n<meta name=\"description\" content=\"YOBOLL HCL, con 5 mg di Yohimbina HCL pura, accelera la perdita di grasso, aumenta il metabolismo e l&#039;energia e aiuta a eliminare il grasso ostinato.\" \/>\n<meta name=\"robots\" content=\"index, follow, max-snippet:-1, max-image-preview:large, max-video-preview:-1\" \/>\n<link rel=\"canonical\" href=\"https:\/\/iberoid.com\/it\/product\/yoboll-yohimbina-hcl-5-mg-100tabs\/\" \/>\n<meta property=\"og:locale\" content=\"it_IT\" \/>\n<meta property=\"og:type\" content=\"article\" \/>\n<meta property=\"og:title\" content=\"YOBOLL \/ yohimbine hcl 5 mg \/ 100tabs\" \/>\n<meta property=\"og:description\" content=\"YOBOLL HCL, con 5 mg di Yohimbina HCL pura, accelera la perdita di grasso, aumenta il metabolismo e l&#039;energia e aiuta a eliminare il grasso ostinato.\" \/>\n<meta property=\"og:url\" content=\"https:\/\/iberoid.com\/it\/product\/yoboll-yohimbina-hcl-5-mg-100tabs\/\" \/>\n<meta property=\"og:site_name\" content=\"Steroidi in linea\" \/>\n<meta property=\"article:modified_time\" content=\"2026-03-03T19:44:40+00:00\" \/>\n<meta property=\"og:image\" content=\"https:\/\/iberoid.com\/wp-content\/uploads\/2025\/08\/yboll.jpg?v=1755424218\" \/>\n\t<meta property=\"og:image:width\" content=\"1280\" \/>\n\t<meta property=\"og:image:height\" content=\"1154\" \/>\n\t<meta property=\"og:image:type\" content=\"image\/jpeg\" \/>\n<meta name=\"twitter:card\" content=\"summary_large_image\" \/>\n<meta name=\"twitter:label1\" content=\"Prezzo\" \/>\n\t<meta name=\"twitter:data1\" content=\"&euro;25.00\" \/>\n\t<meta name=\"twitter:label2\" content=\"Disponibilit\u00e0\" \/>\n\t<meta name=\"twitter:data2\" content=\"In stock\" \/>\n<script type=\"application\/ld+json\" class=\"yoast-schema-graph\">{\"@context\":\"https:\/\/schema.org\",\"@graph\":[{\"@type\":\"WebPage\",\"@id\":\"https:\/\/iberoid.com\/it\/product\/yoboll-yohimbina-hcl-5-mg-100tabs\/\",\"url\":\"https:\/\/iberoid.com\/it\/product\/yoboll-yohimbina-hcl-5-mg-100tabs\/\",\"name\":\"YOBOLL \/ yohimbine hcl 5 mg \/ 100tabs - Steroidi in linea\",\"isPartOf\":{\"@id\":\"https:\/\/iberoid.com\/it\/#website\"},\"primaryImageOfPage\":{\"@id\":\"https:\/\/iberoid.com\/it\/product\/yoboll-yohimbina-hcl-5-mg-100tabs\/#primaryimage\"},\"image\":{\"@id\":\"https:\/\/iberoid.com\/it\/product\/yoboll-yohimbina-hcl-5-mg-100tabs\/#primaryimage\"},\"thumbnailUrl\":\"https:\/\/iberoid.com\/wp-content\/uploads\/2025\/08\/yboll.jpg?v=1755424218\",\"datePublished\":\"2025-08-17T09:50:46+00:00\",\"dateModified\":\"2026-03-03T19:44:40+00:00\",\"description\":\"YOBOLL HCL, con 5 mg di Yohimbina HCL pura, accelera la perdita di grasso, aumenta il metabolismo e l'energia e aiuta a eliminare il grasso ostinato.\",\"breadcrumb\":{\"@id\":\"https:\/\/iberoid.com\/it\/product\/yoboll-yohimbina-hcl-5-mg-100tabs\/#breadcrumb\"},\"inLanguage\":\"it-IT\",\"potentialAction\":[{\"@type\":\"ReadAction\",\"target\":[[\"https:\/\/iberoid.com\/it\/product\/yoboll-yohimbina-hcl-5-mg-100tabs\/\"]]}]},{\"@type\":\"ImageObject\",\"inLanguage\":\"it-IT\",\"@id\":\"https:\/\/iberoid.com\/it\/product\/yoboll-yohimbina-hcl-5-mg-100tabs\/#primaryimage\",\"url\":\"https:\/\/iberoid.com\/wp-content\/uploads\/2025\/08\/yboll.jpg?v=1755424218\",\"contentUrl\":\"https:\/\/iberoid.com\/wp-content\/uploads\/2025\/08\/yboll.jpg?v=1755424218\",\"width\":1280,\"height\":1154},{\"@type\":\"BreadcrumbList\",\"@id\":\"https:\/\/iberoid.com\/it\/product\/yoboll-yohimbina-hcl-5-mg-100tabs\/#breadcrumb\",\"itemListElement\":[{\"@type\":\"ListItem\",\"position\":1,\"name\":\"Portada\",\"item\":\"https:\/\/iberoid.com\/it\/\"},{\"@type\":\"ListItem\",\"position\":2,\"name\":\"Negozio\",\"item\":\"https:\/\/iberoid.com\/it\/shop\/\"},{\"@type\":\"ListItem\",\"position\":3,\"name\":\"YOBOLL \/ yohimbine hcl 5 mg \/ 100tabs\"}]},{\"@type\":\"WebSite\",\"@id\":\"https:\/\/iberoid.com\/it\/#website\",\"url\":\"https:\/\/iberoid.com\/it\/\",\"name\":\"Steroidi in linea\",\"description\":\"Acquista steroidi online oggi in Spagna e Portogallo. Abbiamo il miglior servizio clienti del settore e prodotti di altissima qualit\u00e0\",\"potentialAction\":[{\"@type\":\"SearchAction\",\"target\":{\"@type\":\"EntryPoint\",\"urlTemplate\":\"https:\/\/iberoid.com\/it\/?s={search_term_string}\"},\"query-input\":{\"@type\":\"PropertyValueSpecification\",\"valueRequired\":true,\"valueName\":\"search_term_string\"}}],\"inLanguage\":\"it-IT\"}]}<\/script>\n<meta property=\"product:brand\" content=\"Pb Laboratories\" \/>\n<meta property=\"product:price:amount\" content=\"25.00\" \/>\n<meta property=\"product:price:currency\" content=\"EUR\" \/>\n<meta property=\"og:availability\" content=\"instock\" \/>\n<meta property=\"product:availability\" content=\"instock\" \/>\n<meta property=\"product:condition\" content=\"new\" \/>\n<!-- \/ Yoast SEO Premium plugin. -->","yoast_head_json":{"title":"YOBOLL \/ yohimbine hcl 5 mg \/ 100tabs - Steroidi in linea","description":"YOBOLL HCL, con 5 mg di Yohimbina HCL pura, accelera la perdita di grasso, aumenta il metabolismo e l'energia e aiuta a eliminare il grasso ostinato.","robots":{"index":"index","follow":"follow","max-snippet":"max-snippet:-1","max-image-preview":"max-image-preview:large","max-video-preview":"max-video-preview:-1"},"canonical":"https:\/\/iberoid.com\/it\/product\/yoboll-yohimbina-hcl-5-mg-100tabs\/","og_locale":"it_IT","og_type":"article","og_title":"YOBOLL \/ yohimbine hcl 5 mg \/ 100tabs","og_description":"YOBOLL HCL, con 5 mg di Yohimbina HCL pura, accelera la perdita di grasso, aumenta il metabolismo e l'energia e aiuta a eliminare il grasso ostinato.","og_url":"https:\/\/iberoid.com\/it\/product\/yoboll-yohimbina-hcl-5-mg-100tabs\/","og_site_name":"Steroidi in linea","article_modified_time":"2026-03-03T19:44:40+00:00","og_image":[{"width":1280,"height":1154,"url":"https:\/\/iberoid.com\/wp-content\/uploads\/2025\/08\/yboll.jpg?v=1755424218","type":"image\/jpeg"}],"twitter_card":"summary_large_image","twitter_misc":{"Prezzo":"&euro;25.00","Disponibilit\u00e0":"In stock"},"schema":{"@context":"https:\/\/schema.org","@graph":[{"@type":"WebPage","@id":"https:\/\/iberoid.com\/it\/product\/yoboll-yohimbina-hcl-5-mg-100tabs\/","url":"https:\/\/iberoid.com\/it\/product\/yoboll-yohimbina-hcl-5-mg-100tabs\/","name":"YOBOLL \/ yohimbine hcl 5 mg \/ 100tabs - Steroidi in linea","isPartOf":{"@id":"https:\/\/iberoid.com\/it\/#website"},"primaryImageOfPage":{"@id":"https:\/\/iberoid.com\/it\/product\/yoboll-yohimbina-hcl-5-mg-100tabs\/#primaryimage"},"image":{"@id":"https:\/\/iberoid.com\/it\/product\/yoboll-yohimbina-hcl-5-mg-100tabs\/#primaryimage"},"thumbnailUrl":"https:\/\/iberoid.com\/wp-content\/uploads\/2025\/08\/yboll.jpg?v=1755424218","datePublished":"2025-08-17T09:50:46+00:00","dateModified":"2026-03-03T19:44:40+00:00","description":"YOBOLL HCL, con 5 mg di Yohimbina HCL pura, accelera la perdita di grasso, aumenta il metabolismo e l'energia e aiuta a eliminare il grasso ostinato.","breadcrumb":{"@id":"https:\/\/iberoid.com\/it\/product\/yoboll-yohimbina-hcl-5-mg-100tabs\/#breadcrumb"},"inLanguage":"it-IT","potentialAction":[{"@type":"ReadAction","target":[["https:\/\/iberoid.com\/it\/product\/yoboll-yohimbina-hcl-5-mg-100tabs\/"]]}]},{"@type":"ImageObject","inLanguage":"it-IT","@id":"https:\/\/iberoid.com\/it\/product\/yoboll-yohimbina-hcl-5-mg-100tabs\/#primaryimage","url":"https:\/\/iberoid.com\/wp-content\/uploads\/2025\/08\/yboll.jpg?v=1755424218","contentUrl":"https:\/\/iberoid.com\/wp-content\/uploads\/2025\/08\/yboll.jpg?v=1755424218","width":1280,"height":1154},{"@type":"BreadcrumbList","@id":"https:\/\/iberoid.com\/it\/product\/yoboll-yohimbina-hcl-5-mg-100tabs\/#breadcrumb","itemListElement":[{"@type":"ListItem","position":1,"name":"Portada","item":"https:\/\/iberoid.com\/it\/"},{"@type":"ListItem","position":2,"name":"Negozio","item":"https:\/\/iberoid.com\/it\/shop\/"},{"@type":"ListItem","position":3,"name":"YOBOLL \/ yohimbine hcl 5 mg \/ 100tabs"}]},{"@type":"WebSite","@id":"https:\/\/iberoid.com\/it\/#website","url":"https:\/\/iberoid.com\/it\/","name":"Steroidi in linea","description":"Acquista steroidi online oggi in Spagna e Portogallo. Abbiamo il miglior servizio clienti del settore e prodotti di altissima qualit\u00e0","potentialAction":[{"@type":"SearchAction","target":{"@type":"EntryPoint","urlTemplate":"https:\/\/iberoid.com\/it\/?s={search_term_string}"},"query-input":{"@type":"PropertyValueSpecification","valueRequired":true,"valueName":"search_term_string"}}],"inLanguage":"it-IT"}]},"product_brand":"Pb Laboratories","product_price_amount":"25.00","product_price_currency":"EUR","og_availability":"instock","product_availability":"instock","product_condition":"new"},"_links":{"self":[{"href":"https:\/\/iberoid.com\/it\/wp-json\/wp\/v2\/product\/10287","targetHints":{"allow":["GET"]}}],"collection":[{"href":"https:\/\/iberoid.com\/it\/wp-json\/wp\/v2\/product"}],"about":[{"href":"https:\/\/iberoid.com\/it\/wp-json\/wp\/v2\/types\/product"}],"replies":[{"embeddable":true,"href":"https:\/\/iberoid.com\/it\/wp-json\/wp\/v2\/comments?post=10287"}],"wp:featuredmedia":[{"embeddable":true,"href":"https:\/\/iberoid.com\/it\/wp-json\/wp\/v2\/media\/10288"}],"wp:attachment":[{"href":"https:\/\/iberoid.com\/it\/wp-json\/wp\/v2\/media?parent=10287"}],"wp:term":[{"taxonomy":"product_brand","embeddable":true,"href":"https:\/\/iberoid.com\/it\/wp-json\/wp\/v2\/product_brand?post=10287"},{"taxonomy":"product_cat","embeddable":true,"href":"https:\/\/iberoid.com\/it\/wp-json\/wp\/v2\/product_cat?post=10287"},{"taxonomy":"product_tag","embeddable":true,"href":"https:\/\/iberoid.com\/it\/wp-json\/wp\/v2\/product_tag?post=10287"}],"curies":[{"name":"wp","href":"https:\/\/api.w.org\/{rel}","templated":true}]}}