{"id":10382,"date":"2025-10-12T12:50:15","date_gmt":"2025-10-12T12:50:15","guid":{"rendered":"https:\/\/iberoid.com\/?post_type=product&#038;p=10382"},"modified":"2026-04-07T13:33:51","modified_gmt":"2026-04-07T13:33:51","slug":"aromasin-exemestane25mg-100tabs","status":"publish","type":"product","link":"https:\/\/iberoid.com\/it\/product\/aromasin-exemestane25mg-100tabs\/","title":{"rendered":"AROMASIN &#8211; exemestane 25mg\/100tabs"},"content":{"rendered":"<p><\/p>\n<p data-path-to-node=\"2\"><b>AROMASIN<\/b> \u00e8 un inibitore steroideo irreversibile dell&#8217;aromatasi, simile nella struttura alla sostanza naturale androstenedione. Nelle donne in postmenopausa, gli estrogeni sono prodotti prevalentemente dalla conversione degli androgeni in estrogeni ad opera dell&#8217;enzima aromatasi nei tessuti periferici. Bloccare la produzione di estrogeni inibendo l&#8217;aromatasi \u00e8 un trattamento efficace e selettivo per il cancro al seno ormono-dipendente nelle donne in postmenopausa.<\/p>\n<p data-path-to-node=\"3\">Nelle donne in postmenopausa, l&#8217;exemestane riduce significativamente la concentrazione di estrogeni nel siero sanguigno, a partire da una dose di 5 mg, e la diminuzione massima (maggiore del 90%) \u00e8 raggiunta con una dose di 10-25 mg. Nelle pazienti in postmenopausa con diagnosi di cancro al seno che hanno ricevuto 25 mg al giorno, i livelli totali di aromatasi sono stati ridotti del 98%.<\/p>\n<p data-path-to-node=\"4\">L&#8217;Exemestane non presenta attivit\u00e0 progestinica ed estrogenica. Una piccola attivit\u00e0 androgenica, probabilmente associata al 17-idroderivato, \u00e8 stata osservata principalmente con l&#8217;uso del farmaco a dosi elevate. Negli studi sull&#8217;uso quotidiano a lungo termine, l&#8217;exemestane non ha influenzato la biosintesi di ormoni come il cortisolo o l&#8217;aldosterone, i cui livelli sono cambiati prima o dopo il test ACTH; ci\u00f2 ha dimostrato selettivit\u00e0 per altri enzimi coinvolti nel metabolismo ormonale. A tal riguardo, non \u00e8 necessaria una terapia sostitutiva con corticosteroidi e mineralcorticoidi.<\/p>\n<p data-path-to-node=\"5\">Si osserva un leggero aumento del livello di LH e FSH nel siero sanguigno anche a basse dosi; tuttavia, questo effetto \u00e8 atteso per farmaci di questo gruppo farmacologico; probabilmente, si sviluppa secondo il principio di <i>feedback<\/i> (retroazione), a livello della ghiandola pituitaria: una diminuzione della concentrazione di estrogeni stimola la secrezione di gonadotropine da parte della ghiandola pituitaria (anche nelle donne in postmenopausa).<\/p>\n<h3 data-path-to-node=\"6\">Farmacocinetica<\/h3>\n<p data-path-to-node=\"7\"><b>Assorbimento.<\/b> Dopo la somministrazione, l&#8217;exemestane viene rapidamente assorbito. La dose assorbita dal tratto gastrointestinale \u00e8 elevata. La biodisponibilit\u00e0 assoluta non \u00e8 stata stabilita, sebbene la distribuzione debba essere limitata dall&#8217;effetto di primo passaggio. Con una singola dose di 25 mg, il livello plasmatico medio raggiunge il massimo dopo 2:00 ore ed \u00e8 pari a <span class=\"math-inline\" data-math=\"18 \\text{ ng\/ml}\">$18 \\text{ ng\/ml}$<\/span>. L&#8217;uso concomitante del farmaco con il cibo ne aumenta la biodisponibilit\u00e0 del 40%.<\/p>\n<p data-path-to-node=\"8\"><b>Distribuzione.<\/b> Il volume di distribuzione dell&#8217;exemestane senza correzione per la biodisponibilit\u00e0 orale \u00e8 di <span class=\"math-inline\" data-math=\"20.000\">$20.000$<\/span> litri. La farmacocinetica dell&#8217;exemestane \u00e8 lineare e l&#8217;emivita terminale \u00e8 di 24 ore. Il legame con le proteine plasmatiche \u00e8 del 90% e non dipende dalla concentrazione. L&#8217;exemestane e i suoi metaboliti si legano ai globuli rossi. L&#8217;exemestane non si accumula in modo inammissibile dopo dosi ripetute.<\/p>\n<p data-path-to-node=\"9\"><b>Metabolismo ed escrezione.<\/b> <b>AROMASIN<\/b> viene metabolizzato per ossidazione del gruppo metilene (6) con l&#8217;aiuto dell&#8217;isoenzima CYP3A4 e\/o per riduzione del gruppo 17-cheto con aldochetoreduttasi, seguita da coniugazione. La <i>clearance<\/i> (depurazione) dell&#8217;exemestane \u00e8 di circa <span class=\"math-inline\" data-math=\"500 \\text{ L\/h}\">$500 \\text{ L\/h}$<\/span> senza aggiustamenti per la biodisponibilit\u00e0 orale.<\/p>\n<p data-path-to-node=\"10\">A seguito dell&#8217;inibizione dell&#8217;aromatasi, questi metaboliti sono inattivi o meno attivi rispetto al composto originale. La quantit\u00e0 di farmaco in forma immodificata, escreta nelle urine, \u00e8 pari all&#8217;1% della dose. La stessa quantit\u00e0 (40%) di exemestane marcato con <span class=\"math-inline\" data-math=\"{}^{14}\\text{C}\">${}^{14}\\text{C}$<\/span> \u00e8 stata escreta nelle urine e nelle feci nell&#8217;arco di una settimana.<\/p>\n<p><\/p>","protected":false},"excerpt":{"rendered":"<p>AROMASIN \u00e8 un inibitore steroideo irreversibile dell&#8217;aromatasi, simile nella struttura alla sostanza naturale androstenedione. Nelle donne in postmenopausa, gli estrogeni<\/p>\n","protected":false},"featured_media":10383,"comment_status":"open","ping_status":"closed","template":"","meta":[],"product_brand":[3526],"product_cat":[73],"product_tag":[],"class_list":{"0":"post-10382","1":"product","2":"type-product","3":"status-publish","4":"has-post-thumbnail","6":"product_brand-pharmabol","7":"product_cat-ssteroides_orales","9":"first","10":"instock","11":"sale","12":"shipping-taxable","13":"purchasable","14":"product-type-simple"},"yoast_head":"<!-- This site is optimized with the Yoast SEO Premium plugin v24.4 (Yoast SEO v27.0) - https:\/\/yoast.com\/product\/yoast-seo-premium-wordpress\/ -->\n<title>AROMASIN - exemestane 25mg\/100tabs - Steroidi in linea<\/title>\n<meta name=\"description\" content=\"AROMASIN (Exemestane) \u00e8 un inibitore dell&#039;aromatasi che blocca gli estrogeni, efficace per trattare il cancro al seno ormono-dipendente.\" \/>\n<meta name=\"robots\" content=\"index, follow, max-snippet:-1, max-image-preview:large, max-video-preview:-1\" \/>\n<link rel=\"canonical\" href=\"https:\/\/iberoid.com\/it\/product\/aromasin-exemestane25mg-100tabs\/\" \/>\n<meta property=\"og:locale\" content=\"it_IT\" \/>\n<meta property=\"og:type\" content=\"article\" \/>\n<meta property=\"og:title\" content=\"AROMASIN - exemestane 25mg\/100tabs\" \/>\n<meta property=\"og:description\" content=\"AROMASIN (Exemestane) \u00e8 un inibitore dell&#039;aromatasi che blocca gli estrogeni, efficace per trattare il cancro al seno ormono-dipendente.\" \/>\n<meta property=\"og:url\" content=\"https:\/\/iberoid.com\/it\/product\/aromasin-exemestane25mg-100tabs\/\" \/>\n<meta property=\"og:site_name\" content=\"Steroidi in linea\" \/>\n<meta property=\"article:modified_time\" content=\"2026-04-07T13:33:51+00:00\" \/>\n<meta property=\"og:image\" content=\"https:\/\/iberoid.com\/wp-content\/uploads\/2025\/10\/AEOMA.jpeg?v=1760273327\" \/>\n\t<meta property=\"og:image:width\" content=\"1800\" \/>\n\t<meta property=\"og:image:height\" content=\"2400\" \/>\n\t<meta property=\"og:image:type\" content=\"image\/jpeg\" \/>\n<meta name=\"twitter:card\" content=\"summary_large_image\" \/>\n<meta name=\"twitter:label1\" content=\"Prezzo\" \/>\n\t<meta name=\"twitter:data1\" content=\"&euro;30.00\" \/>\n\t<meta name=\"twitter:label2\" content=\"Disponibilit\u00e0\" \/>\n\t<meta name=\"twitter:data2\" content=\"In stock\" \/>\n<script type=\"application\/ld+json\" class=\"yoast-schema-graph\">{\"@context\":\"https:\/\/schema.org\",\"@graph\":[{\"@type\":\"WebPage\",\"@id\":\"https:\/\/iberoid.com\/it\/product\/aromasin-exemestane25mg-100tabs\/\",\"url\":\"https:\/\/iberoid.com\/it\/product\/aromasin-exemestane25mg-100tabs\/\",\"name\":\"AROMASIN - exemestane 25mg\/100tabs - Steroidi in linea\",\"isPartOf\":{\"@id\":\"https:\/\/iberoid.com\/it\/#website\"},\"primaryImageOfPage\":{\"@id\":\"https:\/\/iberoid.com\/it\/product\/aromasin-exemestane25mg-100tabs\/#primaryimage\"},\"image\":{\"@id\":\"https:\/\/iberoid.com\/it\/product\/aromasin-exemestane25mg-100tabs\/#primaryimage\"},\"thumbnailUrl\":\"https:\/\/iberoid.com\/wp-content\/uploads\/2025\/10\/AEOMA.jpeg?v=1760273327\",\"datePublished\":\"2025-10-12T12:50:15+00:00\",\"dateModified\":\"2026-04-07T13:33:51+00:00\",\"description\":\"AROMASIN (Exemestane) \u00e8 un inibitore dell'aromatasi che blocca gli estrogeni, efficace per trattare il cancro al seno ormono-dipendente.\",\"breadcrumb\":{\"@id\":\"https:\/\/iberoid.com\/it\/product\/aromasin-exemestane25mg-100tabs\/#breadcrumb\"},\"inLanguage\":\"it-IT\",\"potentialAction\":[{\"@type\":\"ReadAction\",\"target\":[[\"https:\/\/iberoid.com\/it\/product\/aromasin-exemestane25mg-100tabs\/\"]]}]},{\"@type\":\"ImageObject\",\"inLanguage\":\"it-IT\",\"@id\":\"https:\/\/iberoid.com\/it\/product\/aromasin-exemestane25mg-100tabs\/#primaryimage\",\"url\":\"https:\/\/iberoid.com\/wp-content\/uploads\/2025\/10\/AEOMA.jpeg?v=1760273327\",\"contentUrl\":\"https:\/\/iberoid.com\/wp-content\/uploads\/2025\/10\/AEOMA.jpeg?v=1760273327\",\"width\":1800,\"height\":2400},{\"@type\":\"BreadcrumbList\",\"@id\":\"https:\/\/iberoid.com\/it\/product\/aromasin-exemestane25mg-100tabs\/#breadcrumb\",\"itemListElement\":[{\"@type\":\"ListItem\",\"position\":1,\"name\":\"Portada\",\"item\":\"https:\/\/iberoid.com\/it\/\"},{\"@type\":\"ListItem\",\"position\":2,\"name\":\"Negozio\",\"item\":\"https:\/\/iberoid.com\/it\/shop\/\"},{\"@type\":\"ListItem\",\"position\":3,\"name\":\"AROMASIN &#8211; exemestane 25mg\/100tabs\"}]},{\"@type\":\"WebSite\",\"@id\":\"https:\/\/iberoid.com\/it\/#website\",\"url\":\"https:\/\/iberoid.com\/it\/\",\"name\":\"Steroidi in linea\",\"description\":\"Acquista steroidi online oggi in Spagna e Portogallo. Abbiamo il miglior servizio clienti del settore e prodotti di altissima qualit\u00e0\",\"potentialAction\":[{\"@type\":\"SearchAction\",\"target\":{\"@type\":\"EntryPoint\",\"urlTemplate\":\"https:\/\/iberoid.com\/it\/?s={search_term_string}\"},\"query-input\":{\"@type\":\"PropertyValueSpecification\",\"valueRequired\":true,\"valueName\":\"search_term_string\"}}],\"inLanguage\":\"it-IT\"}]}<\/script>\n<meta property=\"product:brand\" content=\"Pb Laboratories\" \/>\n<meta property=\"product:price:amount\" content=\"30.00\" \/>\n<meta property=\"product:price:currency\" content=\"EUR\" \/>\n<meta property=\"og:availability\" content=\"instock\" \/>\n<meta property=\"product:availability\" content=\"instock\" \/>\n<meta property=\"product:condition\" content=\"new\" \/>\n<!-- \/ Yoast SEO Premium plugin. -->","yoast_head_json":{"title":"AROMASIN - exemestane 25mg\/100tabs - Steroidi in linea","description":"AROMASIN (Exemestane) \u00e8 un inibitore dell'aromatasi che blocca gli estrogeni, efficace per trattare il cancro al seno ormono-dipendente.","robots":{"index":"index","follow":"follow","max-snippet":"max-snippet:-1","max-image-preview":"max-image-preview:large","max-video-preview":"max-video-preview:-1"},"canonical":"https:\/\/iberoid.com\/it\/product\/aromasin-exemestane25mg-100tabs\/","og_locale":"it_IT","og_type":"article","og_title":"AROMASIN - exemestane 25mg\/100tabs","og_description":"AROMASIN (Exemestane) \u00e8 un inibitore dell'aromatasi che blocca gli estrogeni, efficace per trattare il cancro al seno ormono-dipendente.","og_url":"https:\/\/iberoid.com\/it\/product\/aromasin-exemestane25mg-100tabs\/","og_site_name":"Steroidi in linea","article_modified_time":"2026-04-07T13:33:51+00:00","og_image":[{"width":1800,"height":2400,"url":"https:\/\/iberoid.com\/wp-content\/uploads\/2025\/10\/AEOMA.jpeg?v=1760273327","type":"image\/jpeg"}],"twitter_card":"summary_large_image","twitter_misc":{"Prezzo":"&euro;30.00","Disponibilit\u00e0":"In stock"},"schema":{"@context":"https:\/\/schema.org","@graph":[{"@type":"WebPage","@id":"https:\/\/iberoid.com\/it\/product\/aromasin-exemestane25mg-100tabs\/","url":"https:\/\/iberoid.com\/it\/product\/aromasin-exemestane25mg-100tabs\/","name":"AROMASIN - exemestane 25mg\/100tabs - Steroidi in linea","isPartOf":{"@id":"https:\/\/iberoid.com\/it\/#website"},"primaryImageOfPage":{"@id":"https:\/\/iberoid.com\/it\/product\/aromasin-exemestane25mg-100tabs\/#primaryimage"},"image":{"@id":"https:\/\/iberoid.com\/it\/product\/aromasin-exemestane25mg-100tabs\/#primaryimage"},"thumbnailUrl":"https:\/\/iberoid.com\/wp-content\/uploads\/2025\/10\/AEOMA.jpeg?v=1760273327","datePublished":"2025-10-12T12:50:15+00:00","dateModified":"2026-04-07T13:33:51+00:00","description":"AROMASIN (Exemestane) \u00e8 un inibitore dell'aromatasi che blocca gli estrogeni, efficace per trattare il cancro al seno ormono-dipendente.","breadcrumb":{"@id":"https:\/\/iberoid.com\/it\/product\/aromasin-exemestane25mg-100tabs\/#breadcrumb"},"inLanguage":"it-IT","potentialAction":[{"@type":"ReadAction","target":[["https:\/\/iberoid.com\/it\/product\/aromasin-exemestane25mg-100tabs\/"]]}]},{"@type":"ImageObject","inLanguage":"it-IT","@id":"https:\/\/iberoid.com\/it\/product\/aromasin-exemestane25mg-100tabs\/#primaryimage","url":"https:\/\/iberoid.com\/wp-content\/uploads\/2025\/10\/AEOMA.jpeg?v=1760273327","contentUrl":"https:\/\/iberoid.com\/wp-content\/uploads\/2025\/10\/AEOMA.jpeg?v=1760273327","width":1800,"height":2400},{"@type":"BreadcrumbList","@id":"https:\/\/iberoid.com\/it\/product\/aromasin-exemestane25mg-100tabs\/#breadcrumb","itemListElement":[{"@type":"ListItem","position":1,"name":"Portada","item":"https:\/\/iberoid.com\/it\/"},{"@type":"ListItem","position":2,"name":"Negozio","item":"https:\/\/iberoid.com\/it\/shop\/"},{"@type":"ListItem","position":3,"name":"AROMASIN &#8211; exemestane 25mg\/100tabs"}]},{"@type":"WebSite","@id":"https:\/\/iberoid.com\/it\/#website","url":"https:\/\/iberoid.com\/it\/","name":"Steroidi in linea","description":"Acquista steroidi online oggi in Spagna e Portogallo. Abbiamo il miglior servizio clienti del settore e prodotti di altissima qualit\u00e0","potentialAction":[{"@type":"SearchAction","target":{"@type":"EntryPoint","urlTemplate":"https:\/\/iberoid.com\/it\/?s={search_term_string}"},"query-input":{"@type":"PropertyValueSpecification","valueRequired":true,"valueName":"search_term_string"}}],"inLanguage":"it-IT"}]},"product_brand":"Pb Laboratories","product_price_amount":"30.00","product_price_currency":"EUR","og_availability":"instock","product_availability":"instock","product_condition":"new"},"_links":{"self":[{"href":"https:\/\/iberoid.com\/it\/wp-json\/wp\/v2\/product\/10382","targetHints":{"allow":["GET"]}}],"collection":[{"href":"https:\/\/iberoid.com\/it\/wp-json\/wp\/v2\/product"}],"about":[{"href":"https:\/\/iberoid.com\/it\/wp-json\/wp\/v2\/types\/product"}],"replies":[{"embeddable":true,"href":"https:\/\/iberoid.com\/it\/wp-json\/wp\/v2\/comments?post=10382"}],"wp:featuredmedia":[{"embeddable":true,"href":"https:\/\/iberoid.com\/it\/wp-json\/wp\/v2\/media\/10383"}],"wp:attachment":[{"href":"https:\/\/iberoid.com\/it\/wp-json\/wp\/v2\/media?parent=10382"}],"wp:term":[{"taxonomy":"product_brand","embeddable":true,"href":"https:\/\/iberoid.com\/it\/wp-json\/wp\/v2\/product_brand?post=10382"},{"taxonomy":"product_cat","embeddable":true,"href":"https:\/\/iberoid.com\/it\/wp-json\/wp\/v2\/product_cat?post=10382"},{"taxonomy":"product_tag","embeddable":true,"href":"https:\/\/iberoid.com\/it\/wp-json\/wp\/v2\/product_tag?post=10382"}],"curies":[{"name":"wp","href":"https:\/\/api.w.org\/{rel}","templated":true}]}}