{"id":10458,"date":"2025-12-07T13:33:05","date_gmt":"2025-12-07T13:33:05","guid":{"rendered":"https:\/\/iberoid.com\/?post_type=product&#038;p=10458"},"modified":"2026-04-18T23:16:20","modified_gmt":"2026-04-18T23:16:20","slug":"pack3-masteron-m-ject","status":"publish","type":"product","link":"https:\/\/iberoid.com\/it\/product\/pack3-masteron-m-ject\/","title":{"rendered":"PACK3 M-JECT &#8211; MASTERON"},"content":{"rendered":"<p><\/p>\n<p data-path-to-node=\"2\">Il <b>Drostanolone Propionato (Masteron, Mastron)<\/b> \u00e8 uno steroide anabolizzante derivato dal diidrotestosterone (DHT). Nello specifico, si tratta di un DHT modificato strutturalmente tramite l&#8217;aggiunta di un gruppo metilico in posizione 2 del carbonio. Questo protegge lo steroide dalla degradazione metabolica da parte dell&#8217;enzima 3-Idrossisteroide Deidrogenasi, che si trova nei muscoli. La metilazione aumenta anche in modo significativo il potenziale anabolico dello steroide. Successivamente, viene aggiunto l&#8217;estere dell&#8217;acido propionico al fine di ritardare il tempo di rilascio dello steroide nel corpo dal sito di iniezione.<\/p>\n<p data-path-to-node=\"3\">Il MASTEROLIC \u00e8 ben noto come uno dei pochi steroidi anabolizzanti con forti <b>propriet\u00e0 anti-estrogeniche<\/b>. Oltre a non manifestare attivit\u00e0 estrogenica, questo steroide pu\u00f2 effettivamente agire come un anti-estrogeno nell&#8217;organismo. Infatti, la combinazione di Masteron e Nolvadex (citrato di tamoxifene) si \u00e8 dimostrata un metodo molto pi\u00f9 efficace della chemioterapia nel trattamento del cancro al seno nelle donne in postmenopausa. Le propriet\u00e0 del MASTEROLIC lo rendono molto popolare nel bodybuilding perch\u00e9 pu\u00f2 consentire di evitare l&#8217;uso di farmaci anti-estrogeni durante o dopo il ciclo.<\/p>\n<p><\/p>","protected":false},"excerpt":{"rendered":"<p>Il Drostanolone Propionato (Masteron, Mastron) \u00e8 uno steroide anabolizzante derivato dal diidrotestosterone (DHT). Nello specifico, si tratta di un DHT<\/p>\n","protected":false},"featured_media":10459,"comment_status":"open","ping_status":"closed","template":"","meta":[],"product_brand":[3530],"product_cat":[69,3474],"product_tag":[],"class_list":{"0":"post-10458","1":"product","2":"type-product","3":"status-publish","4":"has-post-thumbnail","6":"product_brand-mp-pharm-muscle-pharm","7":"product_cat-esteroides_inyectables","8":"product_cat-packs","10":"first","11":"instock","12":"sale","13":"shipping-taxable","14":"purchasable","15":"product-type-simple"},"yoast_head":"<!-- This site is optimized with the Yoast SEO Premium plugin v24.4 (Yoast SEO v27.3) - https:\/\/yoast.com\/product\/yoast-seo-premium-wordpress\/ -->\n<title>PACK3 M-JECT - MASTERON - Steroidi in linea<\/title>\n<meta name=\"description\" content=\"M-JECT (Drostanolone Propionato) \u00e8 un potente steroide anabolizzante derivato dal DHT con forti propriet\u00e0 anti-estrogeniche, che migliora l&#039;indurimento e la definizione muscolare.\" \/>\n<meta name=\"robots\" content=\"index, follow, max-snippet:-1, max-image-preview:large, max-video-preview:-1\" \/>\n<link rel=\"canonical\" href=\"https:\/\/iberoid.com\/it\/product\/pack3-masteron-m-ject\/\" \/>\n<meta property=\"og:locale\" content=\"it_IT\" \/>\n<meta property=\"og:type\" content=\"article\" \/>\n<meta property=\"og:title\" content=\"PACK3 M-JECT - MASTERON\" \/>\n<meta property=\"og:description\" content=\"M-JECT (Drostanolone Propionato) \u00e8 un potente steroide anabolizzante derivato dal DHT con forti propriet\u00e0 anti-estrogeniche, che migliora l&#039;indurimento e la definizione muscolare.\" \/>\n<meta property=\"og:url\" content=\"https:\/\/iberoid.com\/it\/product\/pack3-masteron-m-ject\/\" \/>\n<meta property=\"og:site_name\" content=\"Steroidi in linea\" \/>\n<meta property=\"article:modified_time\" content=\"2026-04-18T23:16:20+00:00\" \/>\n<meta property=\"og:image\" content=\"https:\/\/iberoid.com\/wp-content\/uploads\/2025\/12\/3m.jpeg?v=1765114365\" \/>\n\t<meta property=\"og:image:width\" content=\"1512\" \/>\n\t<meta property=\"og:image:height\" content=\"2016\" \/>\n\t<meta property=\"og:image:type\" content=\"image\/jpeg\" \/>\n<meta name=\"twitter:card\" content=\"summary_large_image\" \/>\n<meta name=\"twitter:label1\" content=\"Prezzo\" \/>\n\t<meta name=\"twitter:data1\" content=\"&euro;100.00\" \/>\n\t<meta name=\"twitter:label2\" content=\"Disponibilit\u00e0\" \/>\n\t<meta name=\"twitter:data2\" content=\"In stock\" \/>\n<script type=\"application\/ld+json\" class=\"yoast-schema-graph\">{\"@context\":\"https:\\\/\\\/schema.org\",\"@graph\":[{\"@type\":\"WebPage\",\"@id\":\"https:\\\/\\\/iberoid.com\\\/it\\\/product\\\/pack3-masteron-m-ject\\\/\",\"url\":\"https:\\\/\\\/iberoid.com\\\/it\\\/product\\\/pack3-masteron-m-ject\\\/\",\"name\":\"PACK3 M-JECT - MASTERON - Steroidi in linea\",\"isPartOf\":{\"@id\":\"https:\\\/\\\/iberoid.com\\\/it\\\/#website\"},\"primaryImageOfPage\":{\"@id\":\"https:\\\/\\\/iberoid.com\\\/it\\\/product\\\/pack3-masteron-m-ject\\\/#primaryimage\"},\"image\":{\"@id\":\"https:\\\/\\\/iberoid.com\\\/it\\\/product\\\/pack3-masteron-m-ject\\\/#primaryimage\"},\"thumbnailUrl\":\"https:\\\/\\\/iberoid.com\\\/wp-content\\\/uploads\\\/2025\\\/12\\\/3m.jpeg?v=1765114365\",\"datePublished\":\"2025-12-07T13:33:05+00:00\",\"dateModified\":\"2026-04-18T23:16:20+00:00\",\"description\":\"M-JECT (Drostanolone Propionato) \u00e8 un potente steroide anabolizzante derivato dal DHT con forti propriet\u00e0 anti-estrogeniche, che migliora l'indurimento e la definizione muscolare.\",\"breadcrumb\":{\"@id\":\"https:\\\/\\\/iberoid.com\\\/it\\\/product\\\/pack3-masteron-m-ject\\\/#breadcrumb\"},\"inLanguage\":\"it-IT\",\"potentialAction\":[{\"@type\":\"ReadAction\",\"target\":[[\"https:\\\/\\\/iberoid.com\\\/it\\\/product\\\/pack3-masteron-m-ject\\\/\"]]}]},{\"@type\":\"ImageObject\",\"inLanguage\":\"it-IT\",\"@id\":\"https:\\\/\\\/iberoid.com\\\/it\\\/product\\\/pack3-masteron-m-ject\\\/#primaryimage\",\"url\":\"https:\\\/\\\/iberoid.com\\\/wp-content\\\/uploads\\\/2025\\\/12\\\/3m.jpeg?v=1765114365\",\"contentUrl\":\"https:\\\/\\\/iberoid.com\\\/wp-content\\\/uploads\\\/2025\\\/12\\\/3m.jpeg?v=1765114365\",\"width\":1512,\"height\":2016},{\"@type\":\"BreadcrumbList\",\"@id\":\"https:\\\/\\\/iberoid.com\\\/it\\\/product\\\/pack3-masteron-m-ject\\\/#breadcrumb\",\"itemListElement\":[{\"@type\":\"ListItem\",\"position\":1,\"name\":\"Portada\",\"item\":\"https:\\\/\\\/iberoid.com\\\/it\\\/\"},{\"@type\":\"ListItem\",\"position\":2,\"name\":\"Negozio\",\"item\":\"https:\\\/\\\/iberoid.com\\\/it\\\/shop\\\/\"},{\"@type\":\"ListItem\",\"position\":3,\"name\":\"PACK3 M-JECT &#8211; MASTERON\"}]},{\"@type\":\"WebSite\",\"@id\":\"https:\\\/\\\/iberoid.com\\\/it\\\/#website\",\"url\":\"https:\\\/\\\/iberoid.com\\\/it\\\/\",\"name\":\"Steroidi in linea\",\"description\":\"Acquista steroidi online oggi in Spagna e Portogallo. Abbiamo il miglior servizio clienti del settore e prodotti di altissima qualit\u00e0\",\"potentialAction\":[{\"@type\":\"SearchAction\",\"target\":{\"@type\":\"EntryPoint\",\"urlTemplate\":\"https:\\\/\\\/iberoid.com\\\/it\\\/?s={search_term_string}\"},\"query-input\":{\"@type\":\"PropertyValueSpecification\",\"valueRequired\":true,\"valueName\":\"search_term_string\"}}],\"inLanguage\":\"it-IT\"}]}<\/script>\n<meta property=\"product:brand\" content=\"Mp-Pharm\" \/>\n<meta property=\"product:price:amount\" content=\"100.00\" \/>\n<meta property=\"product:price:currency\" content=\"EUR\" \/>\n<meta property=\"og:availability\" content=\"instock\" \/>\n<meta property=\"product:availability\" content=\"instock\" \/>\n<meta property=\"product:condition\" content=\"new\" \/>\n<!-- \/ Yoast SEO Premium plugin. -->","yoast_head_json":{"title":"PACK3 M-JECT - MASTERON - Steroidi in linea","description":"M-JECT (Drostanolone Propionato) \u00e8 un potente steroide anabolizzante derivato dal DHT con forti propriet\u00e0 anti-estrogeniche, che migliora l'indurimento e la definizione muscolare.","robots":{"index":"index","follow":"follow","max-snippet":"max-snippet:-1","max-image-preview":"max-image-preview:large","max-video-preview":"max-video-preview:-1"},"canonical":"https:\/\/iberoid.com\/it\/product\/pack3-masteron-m-ject\/","og_locale":"it_IT","og_type":"article","og_title":"PACK3 M-JECT - MASTERON","og_description":"M-JECT (Drostanolone Propionato) \u00e8 un potente steroide anabolizzante derivato dal DHT con forti propriet\u00e0 anti-estrogeniche, che migliora l'indurimento e la definizione muscolare.","og_url":"https:\/\/iberoid.com\/it\/product\/pack3-masteron-m-ject\/","og_site_name":"Steroidi in linea","article_modified_time":"2026-04-18T23:16:20+00:00","og_image":[{"width":1512,"height":2016,"url":"https:\/\/iberoid.com\/wp-content\/uploads\/2025\/12\/3m.jpeg?v=1765114365","type":"image\/jpeg"}],"twitter_card":"summary_large_image","twitter_misc":{"Prezzo":"&euro;100.00","Disponibilit\u00e0":"In stock"},"schema":{"@context":"https:\/\/schema.org","@graph":[{"@type":"WebPage","@id":"https:\/\/iberoid.com\/it\/product\/pack3-masteron-m-ject\/","url":"https:\/\/iberoid.com\/it\/product\/pack3-masteron-m-ject\/","name":"PACK3 M-JECT - MASTERON - Steroidi in linea","isPartOf":{"@id":"https:\/\/iberoid.com\/it\/#website"},"primaryImageOfPage":{"@id":"https:\/\/iberoid.com\/it\/product\/pack3-masteron-m-ject\/#primaryimage"},"image":{"@id":"https:\/\/iberoid.com\/it\/product\/pack3-masteron-m-ject\/#primaryimage"},"thumbnailUrl":"https:\/\/iberoid.com\/wp-content\/uploads\/2025\/12\/3m.jpeg?v=1765114365","datePublished":"2025-12-07T13:33:05+00:00","dateModified":"2026-04-18T23:16:20+00:00","description":"M-JECT (Drostanolone Propionato) \u00e8 un potente steroide anabolizzante derivato dal DHT con forti propriet\u00e0 anti-estrogeniche, che migliora l'indurimento e la definizione muscolare.","breadcrumb":{"@id":"https:\/\/iberoid.com\/it\/product\/pack3-masteron-m-ject\/#breadcrumb"},"inLanguage":"it-IT","potentialAction":[{"@type":"ReadAction","target":[["https:\/\/iberoid.com\/it\/product\/pack3-masteron-m-ject\/"]]}]},{"@type":"ImageObject","inLanguage":"it-IT","@id":"https:\/\/iberoid.com\/it\/product\/pack3-masteron-m-ject\/#primaryimage","url":"https:\/\/iberoid.com\/wp-content\/uploads\/2025\/12\/3m.jpeg?v=1765114365","contentUrl":"https:\/\/iberoid.com\/wp-content\/uploads\/2025\/12\/3m.jpeg?v=1765114365","width":1512,"height":2016},{"@type":"BreadcrumbList","@id":"https:\/\/iberoid.com\/it\/product\/pack3-masteron-m-ject\/#breadcrumb","itemListElement":[{"@type":"ListItem","position":1,"name":"Portada","item":"https:\/\/iberoid.com\/it\/"},{"@type":"ListItem","position":2,"name":"Negozio","item":"https:\/\/iberoid.com\/it\/shop\/"},{"@type":"ListItem","position":3,"name":"PACK3 M-JECT &#8211; MASTERON"}]},{"@type":"WebSite","@id":"https:\/\/iberoid.com\/it\/#website","url":"https:\/\/iberoid.com\/it\/","name":"Steroidi in linea","description":"Acquista steroidi online oggi in Spagna e Portogallo. Abbiamo il miglior servizio clienti del settore e prodotti di altissima qualit\u00e0","potentialAction":[{"@type":"SearchAction","target":{"@type":"EntryPoint","urlTemplate":"https:\/\/iberoid.com\/it\/?s={search_term_string}"},"query-input":{"@type":"PropertyValueSpecification","valueRequired":true,"valueName":"search_term_string"}}],"inLanguage":"it-IT"}]},"product_brand":"Mp-Pharm","product_price_amount":"100.00","product_price_currency":"EUR","og_availability":"instock","product_availability":"instock","product_condition":"new"},"_links":{"self":[{"href":"https:\/\/iberoid.com\/it\/wp-json\/wp\/v2\/product\/10458","targetHints":{"allow":["GET"]}}],"collection":[{"href":"https:\/\/iberoid.com\/it\/wp-json\/wp\/v2\/product"}],"about":[{"href":"https:\/\/iberoid.com\/it\/wp-json\/wp\/v2\/types\/product"}],"replies":[{"embeddable":true,"href":"https:\/\/iberoid.com\/it\/wp-json\/wp\/v2\/comments?post=10458"}],"wp:featuredmedia":[{"embeddable":true,"href":"https:\/\/iberoid.com\/it\/wp-json\/wp\/v2\/media\/10459"}],"wp:attachment":[{"href":"https:\/\/iberoid.com\/it\/wp-json\/wp\/v2\/media?parent=10458"}],"wp:term":[{"taxonomy":"product_brand","embeddable":true,"href":"https:\/\/iberoid.com\/it\/wp-json\/wp\/v2\/product_brand?post=10458"},{"taxonomy":"product_cat","embeddable":true,"href":"https:\/\/iberoid.com\/it\/wp-json\/wp\/v2\/product_cat?post=10458"},{"taxonomy":"product_tag","embeddable":true,"href":"https:\/\/iberoid.com\/it\/wp-json\/wp\/v2\/product_tag?post=10458"}],"curies":[{"name":"wp","href":"https:\/\/api.w.org\/{rel}","templated":true}]}}