{"id":10505,"date":"2026-01-10T11:06:49","date_gmt":"2026-01-10T11:06:49","guid":{"rendered":"https:\/\/iberoid.com\/?post_type=product&#038;p=10505"},"modified":"2026-03-24T21:11:15","modified_gmt":"2026-03-24T21:11:15","slug":"1-caja-careforce-150mg-sidenafil150-mg-100-tabs","status":"publish","type":"product","link":"https:\/\/iberoid.com\/it\/product\/1-caja-careforce-150mg-sidenafil150-mg-100-tabs\/","title":{"rendered":"Careforce (sidenafil) &#8211; 150mg\/100 tabs"},"content":{"rendered":"<p><\/p>\n<p data-path-to-node=\"1\"><b data-path-to-node=\"1\" data-index-in-node=\"0\">Careforce 150mg Compressa<\/b> \u00e8 un farmaco soggetto a prescrizione medica utilizzato per trattare la disfunzione erettile (impotenza) negli uomini. Agisce aumentando il flusso sanguigno al pene. Questo aiuta gli uomini a ottenere o mantenere un&#8217;erezione. Appartiene a un gruppo di medicinali noti come inibitori della fosfodiesterasi di tipo 5 (PDE 5).<\/p>\n<p data-path-to-node=\"2\"><b data-path-to-node=\"2\" data-index-in-node=\"0\">Careforce 150mg Compressa<\/b> pu\u00f2 essere assunto a stomaco vuoto o durante un pasto. Deve essere assunto rigorosamente secondo le indicazioni del medico. Dovresti assumerlo circa 1 ora prima dell&#8217;attivit\u00e0 sessuale programmata. Il tempo necessario affinch\u00e9 faccia effetto varia da persona a persona, ma normalmente richiede tra 30 minuti e 1 ora. Questo medicinale aiuter\u00e0 a ottenere un&#8217;erezione solo in presenza di stimolazione sessuale. Tuttavia, non dovresti assumere questo medicinale se non soffri di disfunzione erettile. Non deve essere assunto pi\u00f9 di una volta al giorno.<\/p>\n<p data-path-to-node=\"3\">Gli effetti collaterali pi\u00f9 comuni di questo medicinale sono vampate (sensazione di calore), mal di testa, vertigini, visione offuscata, dolori muscolari, disturbi di stomaco ed eruzioni cutanee. Parla con il tuo medico se uno qualsiasi degli effetti collaterali ti disturba o non scompare. Potrebbero essere in grado di aiutarti modificando il dosaggio o prescrivendoti un farmaco alternativo.<\/p>\n<p data-path-to-node=\"4\"><b data-path-to-node=\"4\" data-index-in-node=\"0\">Careforce 150mg Compressa<\/b> non \u00e8 destinato all&#8217;uso da parte delle donne e gli uomini dovrebbero evitare di usare qualsiasi altro medicinale per trattare l&#8217;impotenza senza prima consultare un medico. Pu\u00f2 essere pericoloso assumerlo insieme a medicinali chiamati nitrati (spesso prescritti per dolore toracico o angina). Non assumere questo medicinale se hai gravi problemi cardiaci o epatici, se hai avuto recentemente un ictus o un infarto o se soffri di bassa pressione sanguigna. Informa il tuo medico se soffri di questi o altri problemi di salute prima di assumerlo. Non dovresti guidare se questo medicinale ti provoca vertigini. Evita di bere alcolici durante l&#8217;assunzione di questo medicinale poich\u00e9 aumenta le probabilit\u00e0 di effetti collaterali.<\/p>\n<p><\/p>","protected":false},"excerpt":{"rendered":"<p>Careforce 150mg Compressa \u00e8 un farmaco soggetto a prescrizione medica utilizzato per trattare la disfunzione erettile (impotenza) negli uomini. Agisce<\/p>\n","protected":false},"featured_media":10506,"comment_status":"open","ping_status":"closed","template":"","meta":[],"product_brand":[],"product_cat":[73,3533],"product_tag":[],"class_list":{"0":"post-10505","1":"product","2":"type-product","3":"status-publish","4":"has-post-thumbnail","6":"product_cat-ssteroides_orales","7":"product_cat-sales-rebajas","9":"first","10":"instock","11":"sale","12":"shipping-taxable","13":"purchasable","14":"product-type-simple"},"yoast_head":"<!-- This site is optimized with the Yoast SEO Premium plugin v24.4 (Yoast SEO v27.3) - https:\/\/yoast.com\/product\/yoast-seo-premium-wordpress\/ -->\n<title>Careforce (sidenafil) - 150mg\/100 tabs - Steroidi in linea<\/title>\n<meta name=\"description\" content=\"Careforce 150mg tratta la disfunzione erettile aumentando il flusso sanguigno. Inibitore PDE5, aiuta a ottenere e mantenere un&#039;erezione.\" \/>\n<meta name=\"robots\" content=\"index, follow, max-snippet:-1, max-image-preview:large, max-video-preview:-1\" \/>\n<link rel=\"canonical\" href=\"https:\/\/iberoid.com\/it\/product\/1-caja-careforce-150mg-sidenafil150-mg-100-tabs\/\" \/>\n<meta property=\"og:locale\" content=\"it_IT\" \/>\n<meta property=\"og:type\" content=\"article\" \/>\n<meta property=\"og:title\" content=\"Careforce (sidenafil) - 150mg\/100 tabs\" \/>\n<meta property=\"og:description\" content=\"Careforce 150mg tratta la disfunzione erettile aumentando il flusso sanguigno. Inibitore PDE5, aiuta a ottenere e mantenere un&#039;erezione.\" \/>\n<meta property=\"og:url\" content=\"https:\/\/iberoid.com\/it\/product\/1-caja-careforce-150mg-sidenafil150-mg-100-tabs\/\" \/>\n<meta property=\"og:site_name\" content=\"Steroidi in linea\" \/>\n<meta property=\"article:modified_time\" content=\"2026-03-24T21:11:15+00:00\" \/>\n<meta property=\"og:image\" content=\"https:\/\/iberoid.com\/wp-content\/uploads\/2026\/01\/careforce-150_3.webp\" \/>\n\t<meta property=\"og:image:width\" content=\"1536\" \/>\n\t<meta property=\"og:image:height\" content=\"1024\" \/>\n\t<meta property=\"og:image:type\" content=\"image\/webp\" \/>\n<meta name=\"twitter:card\" content=\"summary_large_image\" \/>\n<meta name=\"twitter:label1\" content=\"Prezzo\" \/>\n\t<meta name=\"twitter:data1\" content=\"&euro;60.00\" \/>\n\t<meta name=\"twitter:label2\" content=\"Disponibilit\u00e0\" \/>\n\t<meta name=\"twitter:data2\" content=\"In stock\" \/>\n<script type=\"application\/ld+json\" class=\"yoast-schema-graph\">{\"@context\":\"https:\\\/\\\/schema.org\",\"@graph\":[{\"@type\":\"WebPage\",\"@id\":\"https:\\\/\\\/iberoid.com\\\/it\\\/product\\\/1-caja-careforce-150mg-sidenafil150-mg-100-tabs\\\/\",\"url\":\"https:\\\/\\\/iberoid.com\\\/it\\\/product\\\/1-caja-careforce-150mg-sidenafil150-mg-100-tabs\\\/\",\"name\":\"Careforce (sidenafil) - 150mg\\\/100 tabs - Steroidi in linea\",\"isPartOf\":{\"@id\":\"https:\\\/\\\/iberoid.com\\\/it\\\/#website\"},\"primaryImageOfPage\":{\"@id\":\"https:\\\/\\\/iberoid.com\\\/it\\\/product\\\/1-caja-careforce-150mg-sidenafil150-mg-100-tabs\\\/#primaryimage\"},\"image\":{\"@id\":\"https:\\\/\\\/iberoid.com\\\/it\\\/product\\\/1-caja-careforce-150mg-sidenafil150-mg-100-tabs\\\/#primaryimage\"},\"thumbnailUrl\":\"https:\\\/\\\/iberoid.com\\\/wp-content\\\/uploads\\\/2026\\\/01\\\/careforce-150_3.webp\",\"datePublished\":\"2026-01-10T11:06:49+00:00\",\"dateModified\":\"2026-03-24T21:11:15+00:00\",\"description\":\"Careforce 150mg tratta la disfunzione erettile aumentando il flusso sanguigno. Inibitore PDE5, aiuta a ottenere e mantenere un'erezione.\",\"breadcrumb\":{\"@id\":\"https:\\\/\\\/iberoid.com\\\/it\\\/product\\\/1-caja-careforce-150mg-sidenafil150-mg-100-tabs\\\/#breadcrumb\"},\"inLanguage\":\"it-IT\",\"potentialAction\":[{\"@type\":\"ReadAction\",\"target\":[[\"https:\\\/\\\/iberoid.com\\\/it\\\/product\\\/1-caja-careforce-150mg-sidenafil150-mg-100-tabs\\\/\"]]}]},{\"@type\":\"ImageObject\",\"inLanguage\":\"it-IT\",\"@id\":\"https:\\\/\\\/iberoid.com\\\/it\\\/product\\\/1-caja-careforce-150mg-sidenafil150-mg-100-tabs\\\/#primaryimage\",\"url\":\"https:\\\/\\\/iberoid.com\\\/wp-content\\\/uploads\\\/2026\\\/01\\\/careforce-150_3.webp\",\"contentUrl\":\"https:\\\/\\\/iberoid.com\\\/wp-content\\\/uploads\\\/2026\\\/01\\\/careforce-150_3.webp\",\"width\":1536,\"height\":1024},{\"@type\":\"BreadcrumbList\",\"@id\":\"https:\\\/\\\/iberoid.com\\\/it\\\/product\\\/1-caja-careforce-150mg-sidenafil150-mg-100-tabs\\\/#breadcrumb\",\"itemListElement\":[{\"@type\":\"ListItem\",\"position\":1,\"name\":\"Portada\",\"item\":\"https:\\\/\\\/iberoid.com\\\/it\\\/\"},{\"@type\":\"ListItem\",\"position\":2,\"name\":\"Negozio\",\"item\":\"https:\\\/\\\/iberoid.com\\\/it\\\/shop\\\/\"},{\"@type\":\"ListItem\",\"position\":3,\"name\":\"Careforce (sidenafil) &#8211; 150mg\\\/100 tabs\"}]},{\"@type\":\"WebSite\",\"@id\":\"https:\\\/\\\/iberoid.com\\\/it\\\/#website\",\"url\":\"https:\\\/\\\/iberoid.com\\\/it\\\/\",\"name\":\"Steroidi in linea\",\"description\":\"Acquista steroidi online oggi in Spagna e Portogallo. Abbiamo il miglior servizio clienti del settore e prodotti di altissima qualit\u00e0\",\"potentialAction\":[{\"@type\":\"SearchAction\",\"target\":{\"@type\":\"EntryPoint\",\"urlTemplate\":\"https:\\\/\\\/iberoid.com\\\/it\\\/?s={search_term_string}\"},\"query-input\":{\"@type\":\"PropertyValueSpecification\",\"valueRequired\":true,\"valueName\":\"search_term_string\"}}],\"inLanguage\":\"it-IT\"}]}<\/script>\n<meta property=\"product:brand\" content=\"CARECLUB Pharmacy\" \/>\n<meta property=\"product:price:amount\" content=\"60.00\" \/>\n<meta property=\"product:price:currency\" content=\"EUR\" \/>\n<meta property=\"og:availability\" content=\"instock\" \/>\n<meta property=\"product:availability\" content=\"instock\" \/>\n<meta property=\"product:condition\" content=\"new\" \/>\n<!-- \/ Yoast SEO Premium plugin. -->","yoast_head_json":{"title":"Careforce (sidenafil) - 150mg\/100 tabs - Steroidi in linea","description":"Careforce 150mg tratta la disfunzione erettile aumentando il flusso sanguigno. Inibitore PDE5, aiuta a ottenere e mantenere un'erezione.","robots":{"index":"index","follow":"follow","max-snippet":"max-snippet:-1","max-image-preview":"max-image-preview:large","max-video-preview":"max-video-preview:-1"},"canonical":"https:\/\/iberoid.com\/it\/product\/1-caja-careforce-150mg-sidenafil150-mg-100-tabs\/","og_locale":"it_IT","og_type":"article","og_title":"Careforce (sidenafil) - 150mg\/100 tabs","og_description":"Careforce 150mg tratta la disfunzione erettile aumentando il flusso sanguigno. Inibitore PDE5, aiuta a ottenere e mantenere un'erezione.","og_url":"https:\/\/iberoid.com\/it\/product\/1-caja-careforce-150mg-sidenafil150-mg-100-tabs\/","og_site_name":"Steroidi in linea","article_modified_time":"2026-03-24T21:11:15+00:00","og_image":[{"width":1536,"height":1024,"url":"https:\/\/iberoid.com\/wp-content\/uploads\/2026\/01\/careforce-150_3.webp","type":"image\/webp"}],"twitter_card":"summary_large_image","twitter_misc":{"Prezzo":"&euro;60.00","Disponibilit\u00e0":"In stock"},"schema":{"@context":"https:\/\/schema.org","@graph":[{"@type":"WebPage","@id":"https:\/\/iberoid.com\/it\/product\/1-caja-careforce-150mg-sidenafil150-mg-100-tabs\/","url":"https:\/\/iberoid.com\/it\/product\/1-caja-careforce-150mg-sidenafil150-mg-100-tabs\/","name":"Careforce (sidenafil) - 150mg\/100 tabs - Steroidi in linea","isPartOf":{"@id":"https:\/\/iberoid.com\/it\/#website"},"primaryImageOfPage":{"@id":"https:\/\/iberoid.com\/it\/product\/1-caja-careforce-150mg-sidenafil150-mg-100-tabs\/#primaryimage"},"image":{"@id":"https:\/\/iberoid.com\/it\/product\/1-caja-careforce-150mg-sidenafil150-mg-100-tabs\/#primaryimage"},"thumbnailUrl":"https:\/\/iberoid.com\/wp-content\/uploads\/2026\/01\/careforce-150_3.webp","datePublished":"2026-01-10T11:06:49+00:00","dateModified":"2026-03-24T21:11:15+00:00","description":"Careforce 150mg tratta la disfunzione erettile aumentando il flusso sanguigno. Inibitore PDE5, aiuta a ottenere e mantenere un'erezione.","breadcrumb":{"@id":"https:\/\/iberoid.com\/it\/product\/1-caja-careforce-150mg-sidenafil150-mg-100-tabs\/#breadcrumb"},"inLanguage":"it-IT","potentialAction":[{"@type":"ReadAction","target":[["https:\/\/iberoid.com\/it\/product\/1-caja-careforce-150mg-sidenafil150-mg-100-tabs\/"]]}]},{"@type":"ImageObject","inLanguage":"it-IT","@id":"https:\/\/iberoid.com\/it\/product\/1-caja-careforce-150mg-sidenafil150-mg-100-tabs\/#primaryimage","url":"https:\/\/iberoid.com\/wp-content\/uploads\/2026\/01\/careforce-150_3.webp","contentUrl":"https:\/\/iberoid.com\/wp-content\/uploads\/2026\/01\/careforce-150_3.webp","width":1536,"height":1024},{"@type":"BreadcrumbList","@id":"https:\/\/iberoid.com\/it\/product\/1-caja-careforce-150mg-sidenafil150-mg-100-tabs\/#breadcrumb","itemListElement":[{"@type":"ListItem","position":1,"name":"Portada","item":"https:\/\/iberoid.com\/it\/"},{"@type":"ListItem","position":2,"name":"Negozio","item":"https:\/\/iberoid.com\/it\/shop\/"},{"@type":"ListItem","position":3,"name":"Careforce (sidenafil) &#8211; 150mg\/100 tabs"}]},{"@type":"WebSite","@id":"https:\/\/iberoid.com\/it\/#website","url":"https:\/\/iberoid.com\/it\/","name":"Steroidi in linea","description":"Acquista steroidi online oggi in Spagna e Portogallo. Abbiamo il miglior servizio clienti del settore e prodotti di altissima qualit\u00e0","potentialAction":[{"@type":"SearchAction","target":{"@type":"EntryPoint","urlTemplate":"https:\/\/iberoid.com\/it\/?s={search_term_string}"},"query-input":{"@type":"PropertyValueSpecification","valueRequired":true,"valueName":"search_term_string"}}],"inLanguage":"it-IT"}]},"product_brand":"CARECLUB Pharmacy","product_price_amount":"60.00","product_price_currency":"EUR","og_availability":"instock","product_availability":"instock","product_condition":"new"},"_links":{"self":[{"href":"https:\/\/iberoid.com\/it\/wp-json\/wp\/v2\/product\/10505","targetHints":{"allow":["GET"]}}],"collection":[{"href":"https:\/\/iberoid.com\/it\/wp-json\/wp\/v2\/product"}],"about":[{"href":"https:\/\/iberoid.com\/it\/wp-json\/wp\/v2\/types\/product"}],"replies":[{"embeddable":true,"href":"https:\/\/iberoid.com\/it\/wp-json\/wp\/v2\/comments?post=10505"}],"wp:featuredmedia":[{"embeddable":true,"href":"https:\/\/iberoid.com\/it\/wp-json\/wp\/v2\/media\/10506"}],"wp:attachment":[{"href":"https:\/\/iberoid.com\/it\/wp-json\/wp\/v2\/media?parent=10505"}],"wp:term":[{"taxonomy":"product_brand","embeddable":true,"href":"https:\/\/iberoid.com\/it\/wp-json\/wp\/v2\/product_brand?post=10505"},{"taxonomy":"product_cat","embeddable":true,"href":"https:\/\/iberoid.com\/it\/wp-json\/wp\/v2\/product_cat?post=10505"},{"taxonomy":"product_tag","embeddable":true,"href":"https:\/\/iberoid.com\/it\/wp-json\/wp\/v2\/product_tag?post=10505"}],"curies":[{"name":"wp","href":"https:\/\/api.w.org\/{rel}","templated":true}]}}