{"id":10543,"date":"2026-01-27T17:00:37","date_gmt":"2026-01-27T17:00:37","guid":{"rendered":"https:\/\/iberoid.com\/?post_type=product&#038;p=10543"},"modified":"2026-05-03T17:17:38","modified_gmt":"2026-05-03T17:17:38","slug":"pack5x10ml-dekanote-nandrolon-decanoate","status":"publish","type":"product","link":"https:\/\/iberoid.com\/it\/product\/pack5x10ml-dekanote-nandrolon-decanoate\/","title":{"rendered":"DEKANOTE (nandrolon decanoate) pack 5x10ML"},"content":{"rendered":"<p><\/p>\n<p data-path-to-node=\"1\"><b data-path-to-node=\"1\" data-index-in-node=\"0\">DEKANOTE<\/b> \u00e8 uno steroide sintetico derivato dal testosterone, noto per i suoi elevati effetti anabolizzanti con minori effetti collaterali androgeni. Viene prescritto principalmente per condizioni come bilancio azotato negativo, anemia, sindromi da deperimento, osteoporosi e cure palliative. Tuttavia, il suo utilizzo comporta rischi significativi, tra cui problemi cardiovascolari, alterazioni ormonali, potenziali effetti androgeni e problemi epatici. A causa di tali rischi, deve essere utilizzato esclusivamente sotto supervisione medica, poich\u00e9 l&#8217;uso improprio per il miglioramento delle prestazioni \u00e8 illegale e pu\u00f2 portare a gravi problemi di salute.<\/p>\n<h3 data-path-to-node=\"2\">Usi di DEKANOTE<\/h3>\n<ul data-path-to-node=\"3\">\n<li>\n<p data-path-to-node=\"3,0,0\"><b data-path-to-node=\"3,0,0\" data-index-in-node=\"0\">Riduce l&#8217;anemia:<\/b> Stimola il midollo osseo a produrre globuli rossi (eritropoiesi). Questa azione \u00e8 fondamentale per il trattamento dell&#8217;anemia, in particolare nell&#8217;insufficienza renale cronica, aumentando la capacit\u00e0 di trasporto dell&#8217;ossigeno nel sangue per combattere efficacemente la fatica e la debolezza generale.<\/p>\n<\/li>\n<li>\n<p data-path-to-node=\"3,1,0\"><b data-path-to-node=\"3,1,0\" data-index-in-node=\"0\">Gestione dell&#8217;osteoporosi:<\/b> Rafforza il tessuto osseo promuovendo l&#8217;anabolismo, il che aumenta significativamente la densit\u00e0 minerale ossea. Viene utilizzato per gestire l&#8217;osteoporosi, specialmente nelle donne in post-menopausa, riducendo il rischio di fratture e fornendo un supporto essenziale all&#8217;intera struttura scheletrica.<\/p>\n<\/li>\n<li>\n<p data-path-to-node=\"3,2,0\"><b data-path-to-node=\"3,2,0\" data-index-in-node=\"0\">Riduce il deperimento muscolare:<\/b> Combatte la perdita di massa muscolare in gravi condizioni cataboliche croniche (es. HIV\/AIDS) promuovendo un bilancio azotato positivo. Ci\u00f2 stimola la sintesi proteica, portando a un aumento della massa muscolare, a una maggiore forza e a un recupero pi\u00f9 rapido per i pazienti debilitati.<\/p>\n<\/li>\n<li>\n<p data-path-to-node=\"3,3,0\"><b data-path-to-node=\"3,3,0\" data-index-in-node=\"0\">Tratta il cancro al seno:<\/b> Rallenta la crescita dei tumori influenzando l&#8217;attivit\u00e0 degli estrogeni nelle donne in post-menopausa. Fornisce inoltre importanti benefici anabolizzanti, aiutando le pazienti a mantenere forza muscolare, energia e un peso corporeo sano.<\/p>\n<\/li>\n<\/ul>\n<h3 data-path-to-node=\"4\">Come funziona DEKANOTE<\/h3>\n<p data-path-to-node=\"5\">Il Nandrolone Decanoato agisce aumentando la sintesi proteica e stimolando la crescita muscolare. Favorisce la ritenzione di azoto nei muscoli, migliorando la riparazione muscolare e riducendone la degradazione. Potenzia inoltre la produzione di globuli rossi, migliorando l&#8217;apporto di ossigeno ai tessuti e aumentando la resistenza. Questa azione lo rende vantaggioso per le persone affette da malattie croniche che portano alla perdita di massa muscolare.<\/p>\n<h3 data-path-to-node=\"6\">Benefici di DEKANOTE<\/h3>\n<ul data-path-to-node=\"7\">\n<li>\n<p data-path-to-node=\"7,0,0\">Aiuta a costruire massa muscolare e forza.<\/p>\n<\/li>\n<li>\n<p data-path-to-node=\"7,1,0\">Migliora la densit\u00e0 ossea e riduce il rischio di fratture.<\/p>\n<\/li>\n<li>\n<p data-path-to-node=\"7,2,0\">Aumenta il numero di globuli rossi, riducendo la fatica.<\/p>\n<\/li>\n<li>\n<p data-path-to-node=\"7,3,0\">Favorisce un recupero pi\u00f9 rapido da infortuni e interventi chirurgici.<\/p>\n<\/li>\n<li>\n<p data-path-to-node=\"7,4,0\">Potenzia la ritenzione di azoto per la crescita muscolare.<\/p>\n<\/li>\n<\/ul>\n<h3 data-path-to-node=\"8\">Come assumere DEKANOTE<\/h3>\n<ul data-path-to-node=\"9\">\n<li>\n<p data-path-to-node=\"9,0,0\">Somministrato tramite iniezione da un operatore sanitario.<\/p>\n<\/li>\n<li>\n<p data-path-to-node=\"9,1,0\">Solitamente somministrato una volta ogni 1-4 settimane, a seconda della condizione.<\/p>\n<\/li>\n<li>\n<p data-path-to-node=\"9,2,0\">Il dosaggio \u00e8 stabilito da un medico in base alle necessit\u00e0 cliniche.<\/p>\n<\/li>\n<li>\n<p data-path-to-node=\"9,3,0\">Non autosomministrare senza guida medica.<\/p>\n<\/li>\n<li>\n<p data-path-to-node=\"9,4,0\">Completare il ciclo prescritto per ottenere i migliori risultati.<\/p>\n<\/li>\n<\/ul>\n<h3 data-path-to-node=\"10\">Forme di dosaggio disponibili<\/h3>\n<ul data-path-to-node=\"11\">\n<li>\n<p data-path-to-node=\"11,0,0\">Iniezione intramuscolare<\/p>\n<\/li>\n<\/ul>\n<h3 data-path-to-node=\"12\">Effetti collaterali di DEKANOTE<\/h3>\n<ul data-path-to-node=\"13\">\n<li>\n<p data-path-to-node=\"13,0,0\">Acne e pelle grassa<\/p>\n<\/li>\n<li>\n<p data-path-to-node=\"13,1,0\">Aumento della crescita dei peli corporei<\/p>\n<\/li>\n<li>\n<p data-path-to-node=\"13,2,0\">Ritenzione idrica e gonfiore<\/p>\n<\/li>\n<li>\n<p data-path-to-node=\"13,3,0\">Alterazioni della funzionalit\u00e0 epatica<\/p>\n<\/li>\n<li>\n<p data-path-to-node=\"13,4,0\">Aumento della pressione sanguigna<\/p>\n<\/li>\n<li>\n<p data-path-to-node=\"13,5,0\">Cicli mestruali irregolari nelle donne<\/p>\n<\/li>\n<\/ul>\n<h3 data-path-to-node=\"14\">Consigli di sicurezza<\/h3>\n<ul data-path-to-node=\"15\">\n<li>\n<p data-path-to-node=\"15,0,0\">Non raccomandato per donne in gravidanza o in allattamento.<\/p>\n<\/li>\n<li>\n<p data-path-to-node=\"15,1,0\">Evitare in soggetti con cancro alla prostata o al seno.<\/p>\n<\/li>\n<li>\n<p data-path-to-node=\"15,2,0\">Possono essere necessari test regolari della funzionalit\u00e0 epatica.<\/p>\n<\/li>\n<li>\n<p data-path-to-node=\"15,3,0\">Usare cautela in pazienti con malattie cardiache o renali.<\/p>\n<\/li>\n<li>\n<p data-path-to-node=\"15,4,0\">Non utilizzare per il bodybuilding senza supervisione medica.<\/p>\n<\/li>\n<\/ul>\n<h3 data-path-to-node=\"16\">Domande frequenti<\/h3>\n<p data-path-to-node=\"17\"><b data-path-to-node=\"17\" data-index-in-node=\"0\">D: Per cosa si usa il Nandrolone Decanoato?<\/b> R: Viene utilizzato per la perdita di massa muscolare, l&#8217;osteoporosi e il trattamento dell&#8217;anemia.<\/p>\n<p data-path-to-node=\"18\"><b data-path-to-node=\"18\" data-index-in-node=\"0\">D: Come viene somministrato il Nandrolone Decanoato?<\/b> R: Viene somministrato come iniezione intramuscolare da un medico.<\/p>\n<p data-path-to-node=\"19\"><b data-path-to-node=\"19\" data-index-in-node=\"0\">D: Le donne possono usare il Nandrolone Decanoato?<\/b> R: Pu\u00f2 essere utilizzato in casi specifici come l&#8217;osteoporosi, ma richiede supervisione medica.<\/p>\n<p data-path-to-node=\"20\"><b data-path-to-node=\"20\" data-index-in-node=\"0\">D: Il Nandrolone Decanoato \u00e8 sicuro per l&#8217;uso a lungo termine?<\/b> R: L&#8217;uso a lungo termine pu\u00f2 comportare rischi; il monitoraggio medico regolare \u00e8 essenziale.<\/p>\n<p data-path-to-node=\"21\"><b data-path-to-node=\"21\" data-index-in-node=\"0\">D: Il Nandrolone Decanoato aumenta i livelli di testosterone?<\/b> R: Ha effetti anabolizzanti ma pu\u00f2 sopprimere la produzione naturale di testosterone.<\/p>\n<p><\/p>","protected":false},"excerpt":{"rendered":"<p>DEKANOTE \u00e8 uno steroide sintetico derivato dal testosterone, noto per i suoi elevati effetti anabolizzanti con minori effetti collaterali androgeni.<\/p>\n","protected":false},"featured_media":10544,"comment_status":"open","ping_status":"closed","template":"","meta":[],"product_brand":[3531],"product_cat":[69,3474],"product_tag":[],"class_list":{"0":"post-10543","1":"product","2":"type-product","3":"status-publish","4":"has-post-thumbnail","6":"product_brand-adam-pharm","7":"product_cat-esteroides_inyectables","8":"product_cat-packs","10":"first","11":"instock","12":"shipping-taxable","13":"purchasable","14":"product-type-simple"},"yoast_head":"<!-- This site is optimized with the Yoast SEO Premium plugin v24.4 (Yoast SEO v27.3) - https:\/\/yoast.com\/product\/yoast-seo-premium-wordpress\/ -->\n<title>DEKANOTE (nandrolon decanoate) pack 5x10ML - Steroidi in linea<\/title>\n<meta name=\"description\" content=\"DEKANOTE (Nandrolone Decanoato) cura anemia e osteoporosi, aumentando massa muscolare e recupero con bassi effetti androgeni.\" \/>\n<meta name=\"robots\" content=\"index, follow, max-snippet:-1, max-image-preview:large, max-video-preview:-1\" \/>\n<link rel=\"canonical\" href=\"https:\/\/iberoid-shop.com\/product\/pack5x10ml-dekanote-nandrolon-decanoate\/\" \/>\n<meta property=\"og:locale\" content=\"it_IT\" \/>\n<meta property=\"og:type\" content=\"article\" \/>\n<meta property=\"og:title\" content=\"DEKANOTE (nandrolon decanoate) pack 5x10ML\" \/>\n<meta property=\"og:description\" content=\"DEKANOTE (Nandrolone Decanoato) cura anemia e osteoporosi, aumentando massa muscolare e recupero con bassi effetti androgeni.\" \/>\n<meta property=\"og:url\" content=\"https:\/\/iberoid-shop.com\/product\/pack5x10ml-dekanote-nandrolon-decanoate\/\" \/>\n<meta property=\"og:site_name\" content=\"Steroidi in linea\" \/>\n<meta property=\"article:modified_time\" content=\"2026-05-03T17:17:38+00:00\" \/>\n<meta property=\"og:image\" content=\"https:\/\/iberoid-shop.com\/wp-content\/uploads\/2026\/01\/deca-adam.jpeg?v=1769532977\" \/>\n\t<meta property=\"og:image:width\" content=\"936\" \/>\n\t<meta property=\"og:image:height\" content=\"528\" \/>\n\t<meta property=\"og:image:type\" content=\"image\/jpeg\" \/>\n<meta name=\"twitter:card\" content=\"summary_large_image\" \/>\n<meta name=\"twitter:label1\" content=\"Prezzo\" \/>\n\t<meta name=\"twitter:data1\" content=\"&euro;120.00\" \/>\n\t<meta name=\"twitter:label2\" content=\"Disponibilit\u00e0\" \/>\n\t<meta name=\"twitter:data2\" content=\"In stock\" \/>\n<script type=\"application\/ld+json\" class=\"yoast-schema-graph\">{\"@context\":\"https:\\\/\\\/schema.org\",\"@graph\":[{\"@type\":\"WebPage\",\"@id\":\"https:\\\/\\\/iberoid-shop.com\\\/product\\\/pack5x10ml-dekanote-nandrolon-decanoate\\\/\",\"url\":\"https:\\\/\\\/iberoid-shop.com\\\/product\\\/pack5x10ml-dekanote-nandrolon-decanoate\\\/\",\"name\":\"DEKANOTE (nandrolon decanoate) pack 5x10ML - Steroidi in linea\",\"isPartOf\":{\"@id\":\"https:\\\/\\\/iberoid-shop.com\\\/#website\"},\"primaryImageOfPage\":{\"@id\":\"https:\\\/\\\/iberoid-shop.com\\\/product\\\/pack5x10ml-dekanote-nandrolon-decanoate\\\/#primaryimage\"},\"image\":{\"@id\":\"https:\\\/\\\/iberoid-shop.com\\\/product\\\/pack5x10ml-dekanote-nandrolon-decanoate\\\/#primaryimage\"},\"thumbnailUrl\":\"https:\\\/\\\/iberoid.com\\\/wp-content\\\/uploads\\\/2026\\\/01\\\/deca-adam.jpeg?v=1769532977\",\"datePublished\":\"2026-01-27T17:00:37+00:00\",\"dateModified\":\"2026-05-03T17:17:38+00:00\",\"description\":\"DEKANOTE (Nandrolone Decanoato) cura anemia e osteoporosi, aumentando massa muscolare e recupero con bassi effetti androgeni.\",\"breadcrumb\":{\"@id\":\"https:\\\/\\\/iberoid-shop.com\\\/product\\\/pack5x10ml-dekanote-nandrolon-decanoate\\\/#breadcrumb\"},\"inLanguage\":\"it-IT\",\"potentialAction\":[{\"@type\":\"ReadAction\",\"target\":[[\"https:\\\/\\\/iberoid-shop.com\\\/product\\\/pack5x10ml-dekanote-nandrolon-decanoate\\\/\"]]}]},{\"@type\":\"ImageObject\",\"inLanguage\":\"it-IT\",\"@id\":\"https:\\\/\\\/iberoid-shop.com\\\/product\\\/pack5x10ml-dekanote-nandrolon-decanoate\\\/#primaryimage\",\"url\":\"https:\\\/\\\/iberoid.com\\\/wp-content\\\/uploads\\\/2026\\\/01\\\/deca-adam.jpeg?v=1769532977\",\"contentUrl\":\"https:\\\/\\\/iberoid.com\\\/wp-content\\\/uploads\\\/2026\\\/01\\\/deca-adam.jpeg?v=1769532977\",\"width\":936,\"height\":528},{\"@type\":\"BreadcrumbList\",\"@id\":\"https:\\\/\\\/iberoid-shop.com\\\/product\\\/pack5x10ml-dekanote-nandrolon-decanoate\\\/#breadcrumb\",\"itemListElement\":[{\"@type\":\"ListItem\",\"position\":1,\"name\":\"Portada\",\"item\":\"https:\\\/\\\/iberoid.com\\\/it\\\/\"},{\"@type\":\"ListItem\",\"position\":2,\"name\":\"Negozio\",\"item\":\"https:\\\/\\\/iberoid.com\\\/it\\\/shop\\\/\"},{\"@type\":\"ListItem\",\"position\":3,\"name\":\"DEKANOTE (nandrolon decanoate) pack 5x10ML\"}]},{\"@type\":\"WebSite\",\"@id\":\"https:\\\/\\\/iberoid-shop.com\\\/#website\",\"url\":\"https:\\\/\\\/iberoid-shop.com\\\/\",\"name\":\"Steroidi in linea\",\"description\":\"Acquista steroidi online oggi in Spagna e Portogallo. Abbiamo il miglior servizio clienti del settore e prodotti di altissima qualit\u00e0\",\"potentialAction\":[{\"@type\":\"SearchAction\",\"target\":{\"@type\":\"EntryPoint\",\"urlTemplate\":\"https:\\\/\\\/iberoid-shop.com\\\/?s={search_term_string}\"},\"query-input\":{\"@type\":\"PropertyValueSpecification\",\"valueRequired\":true,\"valueName\":\"search_term_string\"}}],\"inLanguage\":\"it-IT\"}]}<\/script>\n<meta property=\"product:brand\" content=\"AdamLabs\" \/>\n<meta property=\"product:price:amount\" content=\"120.00\" \/>\n<meta property=\"product:price:currency\" content=\"EUR\" \/>\n<meta property=\"og:availability\" content=\"instock\" \/>\n<meta property=\"product:availability\" content=\"instock\" \/>\n<meta property=\"product:condition\" content=\"new\" \/>\n<!-- \/ Yoast SEO Premium plugin. -->","yoast_head_json":{"title":"DEKANOTE (nandrolon decanoate) pack 5x10ML - Steroidi in linea","description":"DEKANOTE (Nandrolone Decanoato) cura anemia e osteoporosi, aumentando massa muscolare e recupero con bassi effetti androgeni.","robots":{"index":"index","follow":"follow","max-snippet":"max-snippet:-1","max-image-preview":"max-image-preview:large","max-video-preview":"max-video-preview:-1"},"canonical":"https:\/\/iberoid-shop.com\/product\/pack5x10ml-dekanote-nandrolon-decanoate\/","og_locale":"it_IT","og_type":"article","og_title":"DEKANOTE (nandrolon decanoate) pack 5x10ML","og_description":"DEKANOTE (Nandrolone Decanoato) cura anemia e osteoporosi, aumentando massa muscolare e recupero con bassi effetti androgeni.","og_url":"https:\/\/iberoid-shop.com\/product\/pack5x10ml-dekanote-nandrolon-decanoate\/","og_site_name":"Steroidi in linea","article_modified_time":"2026-05-03T17:17:38+00:00","og_image":[{"width":936,"height":528,"url":"https:\/\/iberoid-shop.com\/wp-content\/uploads\/2026\/01\/deca-adam.jpeg?v=1769532977","type":"image\/jpeg"}],"twitter_card":"summary_large_image","twitter_misc":{"Prezzo":"&euro;120.00","Disponibilit\u00e0":"In stock"},"schema":{"@context":"https:\/\/schema.org","@graph":[{"@type":"WebPage","@id":"https:\/\/iberoid-shop.com\/product\/pack5x10ml-dekanote-nandrolon-decanoate\/","url":"https:\/\/iberoid-shop.com\/product\/pack5x10ml-dekanote-nandrolon-decanoate\/","name":"DEKANOTE (nandrolon decanoate) pack 5x10ML - Steroidi in linea","isPartOf":{"@id":"https:\/\/iberoid-shop.com\/#website"},"primaryImageOfPage":{"@id":"https:\/\/iberoid-shop.com\/product\/pack5x10ml-dekanote-nandrolon-decanoate\/#primaryimage"},"image":{"@id":"https:\/\/iberoid-shop.com\/product\/pack5x10ml-dekanote-nandrolon-decanoate\/#primaryimage"},"thumbnailUrl":"https:\/\/iberoid.com\/wp-content\/uploads\/2026\/01\/deca-adam.jpeg?v=1769532977","datePublished":"2026-01-27T17:00:37+00:00","dateModified":"2026-05-03T17:17:38+00:00","description":"DEKANOTE (Nandrolone Decanoato) cura anemia e osteoporosi, aumentando massa muscolare e recupero con bassi effetti androgeni.","breadcrumb":{"@id":"https:\/\/iberoid-shop.com\/product\/pack5x10ml-dekanote-nandrolon-decanoate\/#breadcrumb"},"inLanguage":"it-IT","potentialAction":[{"@type":"ReadAction","target":[["https:\/\/iberoid-shop.com\/product\/pack5x10ml-dekanote-nandrolon-decanoate\/"]]}]},{"@type":"ImageObject","inLanguage":"it-IT","@id":"https:\/\/iberoid-shop.com\/product\/pack5x10ml-dekanote-nandrolon-decanoate\/#primaryimage","url":"https:\/\/iberoid.com\/wp-content\/uploads\/2026\/01\/deca-adam.jpeg?v=1769532977","contentUrl":"https:\/\/iberoid.com\/wp-content\/uploads\/2026\/01\/deca-adam.jpeg?v=1769532977","width":936,"height":528},{"@type":"BreadcrumbList","@id":"https:\/\/iberoid-shop.com\/product\/pack5x10ml-dekanote-nandrolon-decanoate\/#breadcrumb","itemListElement":[{"@type":"ListItem","position":1,"name":"Portada","item":"https:\/\/iberoid.com\/it\/"},{"@type":"ListItem","position":2,"name":"Negozio","item":"https:\/\/iberoid.com\/it\/shop\/"},{"@type":"ListItem","position":3,"name":"DEKANOTE (nandrolon decanoate) pack 5x10ML"}]},{"@type":"WebSite","@id":"https:\/\/iberoid-shop.com\/#website","url":"https:\/\/iberoid-shop.com\/","name":"Steroidi in linea","description":"Acquista steroidi online oggi in Spagna e Portogallo. Abbiamo il miglior servizio clienti del settore e prodotti di altissima qualit\u00e0","potentialAction":[{"@type":"SearchAction","target":{"@type":"EntryPoint","urlTemplate":"https:\/\/iberoid-shop.com\/?s={search_term_string}"},"query-input":{"@type":"PropertyValueSpecification","valueRequired":true,"valueName":"search_term_string"}}],"inLanguage":"it-IT"}]},"product_brand":"AdamLabs","product_price_amount":"120.00","product_price_currency":"EUR","og_availability":"instock","product_availability":"instock","product_condition":"new"},"_links":{"self":[{"href":"https:\/\/iberoid.com\/it\/wp-json\/wp\/v2\/product\/10543","targetHints":{"allow":["GET"]}}],"collection":[{"href":"https:\/\/iberoid.com\/it\/wp-json\/wp\/v2\/product"}],"about":[{"href":"https:\/\/iberoid.com\/it\/wp-json\/wp\/v2\/types\/product"}],"replies":[{"embeddable":true,"href":"https:\/\/iberoid.com\/it\/wp-json\/wp\/v2\/comments?post=10543"}],"wp:featuredmedia":[{"embeddable":true,"href":"https:\/\/iberoid.com\/it\/wp-json\/wp\/v2\/media\/10544"}],"wp:attachment":[{"href":"https:\/\/iberoid.com\/it\/wp-json\/wp\/v2\/media?parent=10543"}],"wp:term":[{"taxonomy":"product_brand","embeddable":true,"href":"https:\/\/iberoid.com\/it\/wp-json\/wp\/v2\/product_brand?post=10543"},{"taxonomy":"product_cat","embeddable":true,"href":"https:\/\/iberoid.com\/it\/wp-json\/wp\/v2\/product_cat?post=10543"},{"taxonomy":"product_tag","embeddable":true,"href":"https:\/\/iberoid.com\/it\/wp-json\/wp\/v2\/product_tag?post=10543"}],"curies":[{"name":"wp","href":"https:\/\/api.w.org\/{rel}","templated":true}]}}