{"id":10546,"date":"2026-01-27T17:12:18","date_gmt":"2026-01-27T17:12:18","guid":{"rendered":"https:\/\/iberoid.com\/?post_type=product&#038;p=10546"},"modified":"2026-04-04T03:16:13","modified_gmt":"2026-04-04T03:16:13","slug":"pack5x10ml-bioten-testosteron-enanthate","status":"publish","type":"product","link":"https:\/\/iberoid.com\/it\/product\/pack5x10ml-bioten-testosteron-enanthate\/","title":{"rendered":"BIOTEN (testosteron enanthate) pack5x10ml"},"content":{"rendered":"<p><\/p>\n<p data-path-to-node=\"0\">Ecco la traduzione in italiano:<\/p>\n<p data-path-to-node=\"1\"><b data-path-to-node=\"1\" data-index-in-node=\"0\">Il Testosterone Enantato<\/b> \u00e8 una versione sintetica del testosterone, l&#8217;ormone sessuale maschile prodotto naturalmente dall&#8217;organismo. Viene utilizzato negli uomini adulti come terapia sostitutiva del testosterone per trattare vari problemi di salute causati dalla mancanza di tale ormone (ipogonadismo maschile). La diagnosi deve essere confermata da due distinte misurazioni del testosterone nel sangue e deve includere sintomi clinici quali:<\/p>\n<ul data-path-to-node=\"2\">\n<li>\n<p data-path-to-node=\"2,0,0\">Impotenza<\/p>\n<\/li>\n<li>\n<p data-path-to-node=\"2,1,0\">Infertilit\u00e0<\/p>\n<\/li>\n<li>\n<p data-path-to-node=\"2,2,0\">Basso desiderio sessuale<\/p>\n<\/li>\n<li>\n<p data-path-to-node=\"2,3,0\">Stanchezza<\/p>\n<\/li>\n<li>\n<p data-path-to-node=\"2,4,0\">Umore depresso<\/p>\n<\/li>\n<li>\n<p data-path-to-node=\"2,5,0\">Perdita ossea causata da bassi livelli ormonali.<\/p>\n<\/li>\n<\/ul>\n<h3 data-path-to-node=\"3\">Dosaggio e Somministrazione<\/h3>\n<p data-path-to-node=\"4\">Il Testosterone Enantato pu\u00f2 causare reazioni tossiche e allergiche nei neonati e nei bambini fino ai 3 anni di et\u00e0. Viene somministrato tramite un&#8217;iniezione molto lenta in un muscolo, solitamente ogni 2 o 3 settimane. Le iniezioni vengono proseguite per tutto il tempo necessario, a seconda delle circostanze individuali. Agli uomini che ricevono un trattamento a lungo termine possono essere successivamente somministrate iniezioni a intervalli di 3-6 settimane. \u00c8 necessario misurare i livelli di testosterone nel sangue prima di iniziare il trattamento e occasionalmente durante lo stesso, al termine di un intervallo tra le iniezioni, e aggiustare la dose se necessario. Durante il trattamento, si consiglia agli uomini di sottoporsi a regolari controlli della prostata presso un medico. <b data-path-to-node=\"4\" data-index-in-node=\"793\">Se si interrompe l&#8217;uso di Testosterone Enantato:<\/b> Quando il trattamento viene interrotto, i sintomi della carenza di testosterone possono ripresentarsi.<\/p>\n<h3 data-path-to-node=\"5\">Interazioni e Abuso<\/h3>\n<p data-path-to-node=\"6\">L&#8217;abuso di testosterone, specialmente se assunto in dosi eccessive da solo o con altri steroidi anabolizzanti androgeni, pu\u00f2 causare gravi problemi di salute al cuore e ai vasi sanguigni (che possono portare alla morte), alla salute mentale e\/o al fegato. Gli individui che hanno abusato di testosterone possono diventarne dipendenti ed esperire sintomi di astinenza quando il dosaggio cambia significativamente o viene interrotto immediatamente. Non si deve abusare di questo medicinale.<\/p>\n<h3 data-path-to-node=\"7\">Effetti Collaterali<\/h3>\n<p data-path-to-node=\"8\">Come tutti i medicinali, questo farmaco pu\u00f2 causare effetti collaterali, sebbene non tutte le persone li manifestino. Alcune persone possono essere allergiche al Testosterone Enantato. In caso di reazione allergica, interrompere l&#8217;uso del farmaco. I segni di una reazione allergica possono includere:<\/p>\n<ul data-path-to-node=\"9\">\n<li>\n<p data-path-to-node=\"9,0,0\">Grave eruzione cutanea<\/p>\n<\/li>\n<li>\n<p data-path-to-node=\"9,1,0\">Problemi di deglutizione o respirazione<\/p>\n<\/li>\n<li>\n<p data-path-to-node=\"9,2,0\">Gonfiore delle labbra, del viso, della gola o della lingua<\/p>\n<\/li>\n<li>\n<p data-path-to-node=\"9,3,0\">Debolezza, sensazione di stordimento o svenimento<\/p>\n<\/li>\n<\/ul>\n<p data-path-to-node=\"10\"><b data-path-to-node=\"10\" data-index-in-node=\"0\">Effetti collaterali comuni (possono interessare fino a 1 paziente su 10):<\/b><\/p>\n<ul data-path-to-node=\"11\">\n<li>\n<p data-path-to-node=\"11,0,0\">Aumento del numero di globuli rossi, dell&#8217;ematocrito e dell&#8217;emoglobina; questi vengono identificati tramite analisi del sangue periodiche.<\/p>\n<\/li>\n<li>\n<p data-path-to-node=\"11,1,0\">Aumento di peso.<\/p>\n<\/li>\n<\/ul>\n<p data-path-to-node=\"12\"><b data-path-to-node=\"12\" data-index-in-node=\"0\">Frequenza non nota (la frequenza non pu\u00f2 essere definita sulla base dei dati disponibili):<\/b><\/p>\n<ul data-path-to-node=\"13\">\n<li>\n<p data-path-to-node=\"13,0,0\">Sono stati osservati tumori epatici che possono causare gravi emorragie interne. Informare il medico se si nota un dolore allo stomaco nuovo, grave o persistente.<\/p>\n<\/li>\n<li>\n<p data-path-to-node=\"13,1,0\">Alti livelli di globuli rossi (policitemia), problemi di circolazione sanguigna, alti livelli di calcio nel sangue.<\/p>\n<\/li>\n<li>\n<p data-path-to-node=\"13,2,0\">Risultati anormali dei test di funzionalit\u00e0 epatica, ingiallimento della pelle e degli occhi (ittero), fegato ingrossato.<\/p>\n<\/li>\n<li>\n<p data-path-to-node=\"13,3,0\">Acne, perdita di capelli, reazioni cutanee come eruzione, orticaria, prurito, sensazione di &#8220;formicolio&#8221;, calvizie maschile.<\/p>\n<\/li>\n<li>\n<p data-path-to-node=\"13,4,0\">Vari tipi di reazioni nel sito di iniezione, tra cui dolore, prurito, indurimento, gonfiore e infiammazione.<\/p>\n<\/li>\n<li>\n<p data-path-to-node=\"13,5,0\">Aumento dell&#8217;antigene prostatico specifico (PSA).<\/p>\n<\/li>\n<li>\n<p data-path-to-node=\"13,6,0\">Aumento o diminuzione dell&#8217;interesse sessuale, sviluppo anomalo delle mammelle nell&#8217;uomo (ginecomastia), problemi alla prostata, pubert\u00e0 precoce.<\/p>\n<\/li>\n<li>\n<p data-path-to-node=\"13,7,0\">In dosi elevate o per lunghi periodi: eccessiva ritenzione idrica e gonfiore delle caviglie (edema).<\/p>\n<\/li>\n<li>\n<p data-path-to-node=\"13,8,0\">Riduzione del numero di spermatozoi ed erezioni frequenti o persistenti (in questo caso, \u00e8 fondamentale informare il medico poich\u00e9 pu\u00f2 danneggiare il pene).<\/p>\n<\/li>\n<li>\n<p data-path-to-node=\"13,9,0\">Mal di testa, debolezza, depressione, ansia.<\/p>\n<\/li>\n<li>\n<p data-path-to-node=\"13,10,0\">Cambiamenti nella crescita ossea.<\/p>\n<\/li>\n<li>\n<p data-path-to-node=\"13,11,0\">Problemi di stomaco, nausea.<\/p>\n<\/li>\n<li>\n<p data-path-to-node=\"13,12,0\">Le iniezioni di liquidi oleosi possono essere associate a reazioni come tosse, fiato corto o dolore toracico subito dopo l&#8217;applicazione.<\/p>\n<\/li>\n<\/ul>\n<h3 data-path-to-node=\"14\">Gravidanza e Allattamento<\/h3>\n<p data-path-to-node=\"15\">Il Testosterone Enantato \u00e8 destinato esclusivamente all&#8217;uso maschile. Non \u00e8 indicato per donne in gravidanza o in allattamento a causa della possibilit\u00e0 di virilizzazione (sviluppo di caratteristiche sessuali maschili) del feto femminile.<\/p>\n<h3 data-path-to-node=\"16\">Precauzioni e Avvertenze<\/h3>\n<p data-path-to-node=\"17\">Informi il medico se:<\/p>\n<ul data-path-to-node=\"18\">\n<li>\n<p data-path-to-node=\"18,0,0\">Ha problemi al fegato o gravi disturbi all&#8217;addome superiore.<\/p>\n<\/li>\n<li>\n<p data-path-to-node=\"18,1,0\">Ha la tendenza a trattenere i liquidi (gonfiore delle caviglie).<\/p>\n<\/li>\n<li>\n<p data-path-to-node=\"18,2,0\">Soffre di apnea notturna (interruzione della respirazione durante il sonno).<\/p>\n<\/li>\n<li>\n<p data-path-to-node=\"18,3,0\">Soffre di gravi malattie cardiache, epatiche o renali (la ritenzione idrica pu\u00f2 portare a insufficienza cardiaca congestizia).<\/p>\n<\/li>\n<li>\n<p data-path-to-node=\"18,4,0\">Ha la pressione alta.<\/p>\n<\/li>\n<li>\n<p data-path-to-node=\"18,5,0\">Ha o ha mai avuto problemi di coagulazione del sangue o trombofilia.<\/p>\n<\/li>\n<li>\n<p data-path-to-node=\"18,6,0\">Presenta fattori di rischio per coaguli di sangue nelle vene (fumo, obesit\u00e0, cancro, immobilit\u00e0 o storia familiare).<\/p>\n<\/li>\n<\/ul>\n<p data-path-to-node=\"19\"><b data-path-to-node=\"19\" data-index-in-node=\"0\">Come riconoscere un coagulo:<\/b> gonfiore doloroso di una gamba, improvviso cambiamento di colore della pelle (pallida, rossa o blu), improvvisa mancanza di respiro, tosse improvvisa e inspiegabile (con sangue), dolore toracico o forti vertigini. Consultare d&#8217;urgenza un medico se si manifesta uno di questi sintomi.<\/p>\n<p data-path-to-node=\"20\">Gli ormoni maschili come il Testosterone Enantato <b data-path-to-node=\"20\" data-index-in-node=\"50\">non sono adatti<\/b> ad aumentare lo sviluppo muscolare in persone sane n\u00e9 ad aumentare le capacit\u00e0 fisiche.<\/p>\n<p><\/p>","protected":false},"excerpt":{"rendered":"<p>Ecco la traduzione in italiano: Il Testosterone Enantato \u00e8 una versione sintetica del testosterone, l&#8217;ormone sessuale maschile prodotto naturalmente dall&#8217;organismo.<\/p>\n","protected":false},"featured_media":10547,"comment_status":"open","ping_status":"closed","template":"","meta":[],"product_brand":[3531],"product_cat":[69,3474],"product_tag":[],"class_list":{"0":"post-10546","1":"product","2":"type-product","3":"status-publish","4":"has-post-thumbnail","6":"product_brand-adam-pharm","7":"product_cat-esteroides_inyectables","8":"product_cat-packs","10":"first","11":"instock","12":"shipping-taxable","13":"purchasable","14":"product-type-simple"},"yoast_head":"<!-- This site is optimized with the Yoast SEO Premium plugin v24.4 (Yoast SEO v27.0) - https:\/\/yoast.com\/product\/yoast-seo-premium-wordpress\/ -->\n<title>BIOTEN (testosteron enanthate) pack5x10ml - Steroidi in linea<\/title>\n<meta name=\"description\" content=\"Il Testosterone Enantato \u00e8 un ormone sintetico iniettabile per trattare l&#039;ipogonadismo maschile e ripristinare livelli normali.\" \/>\n<meta name=\"robots\" content=\"index, follow, max-snippet:-1, max-image-preview:large, max-video-preview:-1\" \/>\n<link rel=\"canonical\" href=\"https:\/\/iberoid-shop.com\/product\/pack5x10ml-bioten-testosteron-enanthate\/\" \/>\n<meta property=\"og:locale\" content=\"it_IT\" \/>\n<meta property=\"og:type\" content=\"article\" \/>\n<meta property=\"og:title\" content=\"BIOTEN (testosteron enanthate) pack5x10ml\" \/>\n<meta property=\"og:description\" content=\"Il Testosterone Enantato \u00e8 un ormone sintetico iniettabile per trattare l&#039;ipogonadismo maschile e ripristinare livelli normali.\" \/>\n<meta property=\"og:url\" content=\"https:\/\/iberoid-shop.com\/product\/pack5x10ml-bioten-testosteron-enanthate\/\" \/>\n<meta property=\"og:site_name\" content=\"Steroidi in linea\" \/>\n<meta property=\"article:modified_time\" content=\"2026-04-04T03:16:13+00:00\" \/>\n<meta property=\"og:image\" content=\"https:\/\/iberoid-shop.com\/wp-content\/uploads\/2026\/01\/bioten-te-adam.jpeg?v=1769533655\" \/>\n\t<meta property=\"og:image:width\" content=\"1026\" \/>\n\t<meta property=\"og:image:height\" content=\"546\" \/>\n\t<meta property=\"og:image:type\" content=\"image\/jpeg\" \/>\n<meta name=\"twitter:card\" content=\"summary_large_image\" \/>\n<meta name=\"twitter:label1\" content=\"Prezzo\" \/>\n\t<meta name=\"twitter:data1\" content=\"&euro;100.00\" \/>\n\t<meta name=\"twitter:label2\" content=\"Disponibilit\u00e0\" \/>\n\t<meta name=\"twitter:data2\" content=\"In stock\" \/>\n<script type=\"application\/ld+json\" class=\"yoast-schema-graph\">{\"@context\":\"https:\/\/schema.org\",\"@graph\":[{\"@type\":\"WebPage\",\"@id\":\"https:\/\/iberoid-shop.com\/product\/pack5x10ml-bioten-testosteron-enanthate\/\",\"url\":\"https:\/\/iberoid-shop.com\/product\/pack5x10ml-bioten-testosteron-enanthate\/\",\"name\":\"BIOTEN (testosteron enanthate) pack5x10ml - Steroidi in linea\",\"isPartOf\":{\"@id\":\"https:\/\/iberoid-shop.com\/#website\"},\"primaryImageOfPage\":{\"@id\":\"https:\/\/iberoid-shop.com\/product\/pack5x10ml-bioten-testosteron-enanthate\/#primaryimage\"},\"image\":{\"@id\":\"https:\/\/iberoid-shop.com\/product\/pack5x10ml-bioten-testosteron-enanthate\/#primaryimage\"},\"thumbnailUrl\":\"https:\/\/iberoid.com\/wp-content\/uploads\/2026\/01\/bioten-te-adam.jpeg?v=1769533655\",\"datePublished\":\"2026-01-27T17:12:18+00:00\",\"dateModified\":\"2026-04-04T03:16:13+00:00\",\"description\":\"Il Testosterone Enantato \u00e8 un ormone sintetico iniettabile per trattare l'ipogonadismo maschile e ripristinare livelli normali.\",\"breadcrumb\":{\"@id\":\"https:\/\/iberoid-shop.com\/product\/pack5x10ml-bioten-testosteron-enanthate\/#breadcrumb\"},\"inLanguage\":\"it-IT\",\"potentialAction\":[{\"@type\":\"ReadAction\",\"target\":[[\"https:\/\/iberoid-shop.com\/product\/pack5x10ml-bioten-testosteron-enanthate\/\"]]}]},{\"@type\":\"ImageObject\",\"inLanguage\":\"it-IT\",\"@id\":\"https:\/\/iberoid-shop.com\/product\/pack5x10ml-bioten-testosteron-enanthate\/#primaryimage\",\"url\":\"https:\/\/iberoid.com\/wp-content\/uploads\/2026\/01\/bioten-te-adam.jpeg?v=1769533655\",\"contentUrl\":\"https:\/\/iberoid.com\/wp-content\/uploads\/2026\/01\/bioten-te-adam.jpeg?v=1769533655\",\"width\":1026,\"height\":546},{\"@type\":\"BreadcrumbList\",\"@id\":\"https:\/\/iberoid-shop.com\/product\/pack5x10ml-bioten-testosteron-enanthate\/#breadcrumb\",\"itemListElement\":[{\"@type\":\"ListItem\",\"position\":1,\"name\":\"Portada\",\"item\":\"https:\/\/iberoid.com\/it\/\"},{\"@type\":\"ListItem\",\"position\":2,\"name\":\"Negozio\",\"item\":\"https:\/\/iberoid.com\/it\/shop\/\"},{\"@type\":\"ListItem\",\"position\":3,\"name\":\"BIOTEN (testosteron enanthate) pack5x10ml\"}]},{\"@type\":\"WebSite\",\"@id\":\"https:\/\/iberoid-shop.com\/#website\",\"url\":\"https:\/\/iberoid-shop.com\/\",\"name\":\"Steroidi in linea\",\"description\":\"Acquista steroidi online oggi in Spagna e Portogallo. Abbiamo il miglior servizio clienti del settore e prodotti di altissima qualit\u00e0\",\"potentialAction\":[{\"@type\":\"SearchAction\",\"target\":{\"@type\":\"EntryPoint\",\"urlTemplate\":\"https:\/\/iberoid-shop.com\/?s={search_term_string}\"},\"query-input\":{\"@type\":\"PropertyValueSpecification\",\"valueRequired\":true,\"valueName\":\"search_term_string\"}}],\"inLanguage\":\"it-IT\"}]}<\/script>\n<meta property=\"product:brand\" content=\"AdamLabs\" \/>\n<meta property=\"product:price:amount\" content=\"100.00\" \/>\n<meta property=\"product:price:currency\" content=\"EUR\" \/>\n<meta property=\"og:availability\" content=\"instock\" \/>\n<meta property=\"product:availability\" content=\"instock\" \/>\n<meta property=\"product:condition\" content=\"new\" \/>\n<!-- \/ Yoast SEO Premium plugin. -->","yoast_head_json":{"title":"BIOTEN (testosteron enanthate) pack5x10ml - Steroidi in linea","description":"Il Testosterone Enantato \u00e8 un ormone sintetico iniettabile per trattare l'ipogonadismo maschile e ripristinare livelli normali.","robots":{"index":"index","follow":"follow","max-snippet":"max-snippet:-1","max-image-preview":"max-image-preview:large","max-video-preview":"max-video-preview:-1"},"canonical":"https:\/\/iberoid-shop.com\/product\/pack5x10ml-bioten-testosteron-enanthate\/","og_locale":"it_IT","og_type":"article","og_title":"BIOTEN (testosteron enanthate) pack5x10ml","og_description":"Il Testosterone Enantato \u00e8 un ormone sintetico iniettabile per trattare l'ipogonadismo maschile e ripristinare livelli normali.","og_url":"https:\/\/iberoid-shop.com\/product\/pack5x10ml-bioten-testosteron-enanthate\/","og_site_name":"Steroidi in linea","article_modified_time":"2026-04-04T03:16:13+00:00","og_image":[{"width":1026,"height":546,"url":"https:\/\/iberoid-shop.com\/wp-content\/uploads\/2026\/01\/bioten-te-adam.jpeg?v=1769533655","type":"image\/jpeg"}],"twitter_card":"summary_large_image","twitter_misc":{"Prezzo":"&euro;100.00","Disponibilit\u00e0":"In stock"},"schema":{"@context":"https:\/\/schema.org","@graph":[{"@type":"WebPage","@id":"https:\/\/iberoid-shop.com\/product\/pack5x10ml-bioten-testosteron-enanthate\/","url":"https:\/\/iberoid-shop.com\/product\/pack5x10ml-bioten-testosteron-enanthate\/","name":"BIOTEN (testosteron enanthate) pack5x10ml - Steroidi in linea","isPartOf":{"@id":"https:\/\/iberoid-shop.com\/#website"},"primaryImageOfPage":{"@id":"https:\/\/iberoid-shop.com\/product\/pack5x10ml-bioten-testosteron-enanthate\/#primaryimage"},"image":{"@id":"https:\/\/iberoid-shop.com\/product\/pack5x10ml-bioten-testosteron-enanthate\/#primaryimage"},"thumbnailUrl":"https:\/\/iberoid.com\/wp-content\/uploads\/2026\/01\/bioten-te-adam.jpeg?v=1769533655","datePublished":"2026-01-27T17:12:18+00:00","dateModified":"2026-04-04T03:16:13+00:00","description":"Il Testosterone Enantato \u00e8 un ormone sintetico iniettabile per trattare l'ipogonadismo maschile e ripristinare livelli normali.","breadcrumb":{"@id":"https:\/\/iberoid-shop.com\/product\/pack5x10ml-bioten-testosteron-enanthate\/#breadcrumb"},"inLanguage":"it-IT","potentialAction":[{"@type":"ReadAction","target":[["https:\/\/iberoid-shop.com\/product\/pack5x10ml-bioten-testosteron-enanthate\/"]]}]},{"@type":"ImageObject","inLanguage":"it-IT","@id":"https:\/\/iberoid-shop.com\/product\/pack5x10ml-bioten-testosteron-enanthate\/#primaryimage","url":"https:\/\/iberoid.com\/wp-content\/uploads\/2026\/01\/bioten-te-adam.jpeg?v=1769533655","contentUrl":"https:\/\/iberoid.com\/wp-content\/uploads\/2026\/01\/bioten-te-adam.jpeg?v=1769533655","width":1026,"height":546},{"@type":"BreadcrumbList","@id":"https:\/\/iberoid-shop.com\/product\/pack5x10ml-bioten-testosteron-enanthate\/#breadcrumb","itemListElement":[{"@type":"ListItem","position":1,"name":"Portada","item":"https:\/\/iberoid.com\/it\/"},{"@type":"ListItem","position":2,"name":"Negozio","item":"https:\/\/iberoid.com\/it\/shop\/"},{"@type":"ListItem","position":3,"name":"BIOTEN (testosteron enanthate) pack5x10ml"}]},{"@type":"WebSite","@id":"https:\/\/iberoid-shop.com\/#website","url":"https:\/\/iberoid-shop.com\/","name":"Steroidi in linea","description":"Acquista steroidi online oggi in Spagna e Portogallo. Abbiamo il miglior servizio clienti del settore e prodotti di altissima qualit\u00e0","potentialAction":[{"@type":"SearchAction","target":{"@type":"EntryPoint","urlTemplate":"https:\/\/iberoid-shop.com\/?s={search_term_string}"},"query-input":{"@type":"PropertyValueSpecification","valueRequired":true,"valueName":"search_term_string"}}],"inLanguage":"it-IT"}]},"product_brand":"AdamLabs","product_price_amount":"100.00","product_price_currency":"EUR","og_availability":"instock","product_availability":"instock","product_condition":"new"},"_links":{"self":[{"href":"https:\/\/iberoid.com\/it\/wp-json\/wp\/v2\/product\/10546","targetHints":{"allow":["GET"]}}],"collection":[{"href":"https:\/\/iberoid.com\/it\/wp-json\/wp\/v2\/product"}],"about":[{"href":"https:\/\/iberoid.com\/it\/wp-json\/wp\/v2\/types\/product"}],"replies":[{"embeddable":true,"href":"https:\/\/iberoid.com\/it\/wp-json\/wp\/v2\/comments?post=10546"}],"wp:featuredmedia":[{"embeddable":true,"href":"https:\/\/iberoid.com\/it\/wp-json\/wp\/v2\/media\/10547"}],"wp:attachment":[{"href":"https:\/\/iberoid.com\/it\/wp-json\/wp\/v2\/media?parent=10546"}],"wp:term":[{"taxonomy":"product_brand","embeddable":true,"href":"https:\/\/iberoid.com\/it\/wp-json\/wp\/v2\/product_brand?post=10546"},{"taxonomy":"product_cat","embeddable":true,"href":"https:\/\/iberoid.com\/it\/wp-json\/wp\/v2\/product_cat?post=10546"},{"taxonomy":"product_tag","embeddable":true,"href":"https:\/\/iberoid.com\/it\/wp-json\/wp\/v2\/product_tag?post=10546"}],"curies":[{"name":"wp","href":"https:\/\/api.w.org\/{rel}","templated":true}]}}