{"id":10575,"date":"2026-02-13T16:30:33","date_gmt":"2026-02-13T16:30:33","guid":{"rendered":"https:\/\/iberoid.com\/?post_type=product&#038;p=10575"},"modified":"2026-04-13T12:18:54","modified_gmt":"2026-04-13T12:18:54","slug":"testosteron-propionate","status":"publish","type":"product","link":"https:\/\/iberoid.com\/it\/product\/testosteron-propionate\/","title":{"rendered":"TESTOSTERON PROPIONATE 100mg"},"content":{"rendered":"<p><span dir=\"auto\">Questo steroide anabolizzante iniettabile \u00e8 sviluppato a partire dal testosterone propionato. Viene spesso utilizzato dai culturisti per prepararsi alle competizioni e superare la paura del palcoscenico. Ha una breve durata d&#8217;azione, non superiore a 2 giorni, e viene facilmente eliminato dall&#8217;organismo.<\/span><\/p>\n<p><span dir=\"auto\">Propriet\u00e0 ed effetti del farmaco:<\/span><br \/>\n<span dir=\"auto\">Il propionato di testosterone viene spesso utilizzato dagli atleti per sviluppare massa muscolare di qualit\u00e0 e aumentare forza e resistenza. Offre risultati costanti e affidabili senza ritenzione idrica.<\/span><\/p>\n<p><span dir=\"auto\">Test Prop \u00e8 caratterizzato dai seguenti effetti quando assunto:<\/span><\/p>\n<p><span dir=\"auto\">Mantenimento di una crescita muscolare di qualit\u00e0 con un contenuto minimo di liquidi;<\/span><br \/>\n<span dir=\"auto\">aumento di forza e resistenza;<\/span><br \/>\n<span dir=\"auto\">aumento della libido, della motivazione, dell&#8217;umore e dell&#8217;appetito;<\/span><br \/>\n<span dir=\"auto\">aumento della forza di ossa e articolazioni;<\/span><br \/>\n<span dir=\"auto\">recupero rapido dopo gli allenamenti.<\/span><br \/>\n<span dir=\"auto\">La sostanza inizia ad agire molto rapidamente, dopo le prime iniezioni. L&#8217;effetto si avverte entro poche ore. Il testosterone propionato ha effetti collaterali lievi che si verificano molto raramente. Grazie a questa caratteristica, pu\u00f2 essere utilizzato anche dai principianti.<\/span><\/p>\n<p><span dir=\"auto\">Somministrazione:<\/span><br \/>\n<span dir=\"auto\">Prima di iniziare un ciclo di Testosterone Propionato, \u00e8 consigliabile consultare uno specialista in medicina dello sport per la scelta del dosaggio. Lo schema di assunzione generale \u00e8 il seguente:<\/span><\/p>\n<p><span dir=\"auto\">* Il dosaggio settimanale massimo consentito \u00e8 di 350 mg. L&#8217;assunzione del farmaco deve iniziare con 50 mg a giorni alterni.<\/span><br \/>\n<span dir=\"auto\">* Il ciclo non deve durare pi\u00f9 di 1,5-2 mesi.<\/span><br \/>\n<span dir=\"auto\">* Per ottenere il massimo effetto, il farmaco deve essere combinato con altri steroidi anabolizzanti come Stanozololo, Metandienone, Trenbolone e altri. Le combinazioni specifiche dipendono dai risultati desiderati, dal programma di allenamento e dalla dieta.<\/span><br \/>\n<span dir=\"auto\">* Durante il ciclo, \u00e8 necessario monitorare la propria salute e l&#8217;equilibrio ormonale.<\/span><br \/>\n<span dir=\"auto\">* Al termine del ciclo, \u00e8 necessario sottoporsi a una terapia post-ciclo (PCT). Questa aiuta a ripristinare la produzione naturale di ormoni maschili.<\/span><br \/>\n<span dir=\"auto\">* Il farmaco pu\u00f2 essere utilizzato anche dalle donne. Per loro, il dosaggio \u00e8 ridotto a 25-50 mg a settimana e la durata del ciclo \u00e8 di 6 settimane.<\/span><\/p>","protected":false},"excerpt":{"rendered":"<p>Questo steroide anabolizzante iniettabile \u00e8 sviluppato a partire dal testosterone propionato. Viene spesso utilizzato dai culturisti per prepararsi alle competizioni<\/p>\n","protected":false},"featured_media":10576,"comment_status":"open","ping_status":"closed","template":"","meta":[],"product_brand":[3532],"product_cat":[69],"product_tag":[],"class_list":{"0":"post-10575","1":"product","2":"type-product","3":"status-publish","4":"has-post-thumbnail","6":"product_brand-imperia-labs","7":"product_cat-esteroides_inyectables","9":"first","10":"instock","11":"shipping-taxable","12":"purchasable","13":"product-type-simple"},"yoast_head":"<!-- This site is optimized with the Yoast SEO Premium plugin v24.4 (Yoast SEO v27.3) - https:\/\/yoast.com\/product\/yoast-seo-premium-wordpress\/ -->\n<title>TESTOSTERON PROPIONATE 100mg - Steroidi in linea<\/title>\n<meta name=\"robots\" content=\"index, follow, max-snippet:-1, max-image-preview:large, max-video-preview:-1\" \/>\n<link rel=\"canonical\" href=\"https:\/\/iberoid.com\/it\/product\/testosteron-propionate\/\" \/>\n<meta property=\"og:locale\" content=\"it_IT\" \/>\n<meta property=\"og:type\" content=\"article\" \/>\n<meta property=\"og:title\" content=\"TESTOSTERON PROPIONATE 100mg\" \/>\n<meta property=\"og:description\" content=\"Questo steroide anabolizzante iniettabile \u00e8 sviluppato a partire dal testosterone propionato. Viene spesso utilizzato dai culturisti per prepararsi alle competizioni\" \/>\n<meta property=\"og:url\" content=\"https:\/\/iberoid.com\/it\/product\/testosteron-propionate\/\" \/>\n<meta property=\"og:site_name\" content=\"Steroidi in linea\" \/>\n<meta property=\"article:modified_time\" content=\"2026-04-13T12:18:54+00:00\" \/>\n<meta property=\"og:image\" content=\"https:\/\/iberoid.com\/wp-content\/uploads\/2026\/02\/TP-IMP.webp\" \/>\n\t<meta property=\"og:image:width\" content=\"1920\" \/>\n\t<meta property=\"og:image:height\" content=\"1756\" \/>\n\t<meta property=\"og:image:type\" content=\"image\/webp\" \/>\n<meta name=\"twitter:card\" content=\"summary_large_image\" \/>\n<meta name=\"twitter:label1\" content=\"Prezzo\" \/>\n\t<meta name=\"twitter:data1\" content=\"&euro;35.00\" \/>\n\t<meta name=\"twitter:label2\" content=\"Disponibilit\u00e0\" \/>\n\t<meta name=\"twitter:data2\" content=\"In stock\" \/>\n<script type=\"application\/ld+json\" class=\"yoast-schema-graph\">{\"@context\":\"https:\\\/\\\/schema.org\",\"@graph\":[{\"@type\":\"WebPage\",\"@id\":\"https:\\\/\\\/iberoid.com\\\/it\\\/product\\\/testosteron-propionate\\\/\",\"url\":\"https:\\\/\\\/iberoid.com\\\/it\\\/product\\\/testosteron-propionate\\\/\",\"name\":\"TESTOSTERON PROPIONATE 100mg - Steroidi in linea\",\"isPartOf\":{\"@id\":\"https:\\\/\\\/iberoid.com\\\/it\\\/#website\"},\"primaryImageOfPage\":{\"@id\":\"https:\\\/\\\/iberoid.com\\\/it\\\/product\\\/testosteron-propionate\\\/#primaryimage\"},\"image\":{\"@id\":\"https:\\\/\\\/iberoid.com\\\/it\\\/product\\\/testosteron-propionate\\\/#primaryimage\"},\"thumbnailUrl\":\"https:\\\/\\\/iberoid.com\\\/wp-content\\\/uploads\\\/2026\\\/02\\\/TP-IMP.webp\",\"datePublished\":\"2026-02-13T16:30:33+00:00\",\"dateModified\":\"2026-04-13T12:18:54+00:00\",\"breadcrumb\":{\"@id\":\"https:\\\/\\\/iberoid.com\\\/it\\\/product\\\/testosteron-propionate\\\/#breadcrumb\"},\"inLanguage\":\"it-IT\",\"potentialAction\":[{\"@type\":\"ReadAction\",\"target\":[[\"https:\\\/\\\/iberoid.com\\\/it\\\/product\\\/testosteron-propionate\\\/\"]]}]},{\"@type\":\"ImageObject\",\"inLanguage\":\"it-IT\",\"@id\":\"https:\\\/\\\/iberoid.com\\\/it\\\/product\\\/testosteron-propionate\\\/#primaryimage\",\"url\":\"https:\\\/\\\/iberoid.com\\\/wp-content\\\/uploads\\\/2026\\\/02\\\/TP-IMP.webp\",\"contentUrl\":\"https:\\\/\\\/iberoid.com\\\/wp-content\\\/uploads\\\/2026\\\/02\\\/TP-IMP.webp\",\"width\":1920,\"height\":1756},{\"@type\":\"BreadcrumbList\",\"@id\":\"https:\\\/\\\/iberoid.com\\\/it\\\/product\\\/testosteron-propionate\\\/#breadcrumb\",\"itemListElement\":[{\"@type\":\"ListItem\",\"position\":1,\"name\":\"Portada\",\"item\":\"https:\\\/\\\/iberoid.com\\\/it\\\/\"},{\"@type\":\"ListItem\",\"position\":2,\"name\":\"Negozio\",\"item\":\"https:\\\/\\\/iberoid.com\\\/it\\\/shop\\\/\"},{\"@type\":\"ListItem\",\"position\":3,\"name\":\"TESTOSTERON PROPIONATE 100mg\"}]},{\"@type\":\"WebSite\",\"@id\":\"https:\\\/\\\/iberoid.com\\\/it\\\/#website\",\"url\":\"https:\\\/\\\/iberoid.com\\\/it\\\/\",\"name\":\"Steroidi in linea\",\"description\":\"Acquista steroidi online oggi in Spagna e Portogallo. Abbiamo il miglior servizio clienti del settore e prodotti di altissima qualit\u00e0\",\"potentialAction\":[{\"@type\":\"SearchAction\",\"target\":{\"@type\":\"EntryPoint\",\"urlTemplate\":\"https:\\\/\\\/iberoid.com\\\/it\\\/?s={search_term_string}\"},\"query-input\":{\"@type\":\"PropertyValueSpecification\",\"valueRequired\":true,\"valueName\":\"search_term_string\"}}],\"inLanguage\":\"it-IT\"}]}<\/script>\n<meta property=\"product:brand\" content=\"IMPERIA LABS\" \/>\n<meta property=\"product:price:amount\" content=\"35.00\" \/>\n<meta property=\"product:price:currency\" content=\"EUR\" \/>\n<meta property=\"og:availability\" content=\"instock\" \/>\n<meta property=\"product:availability\" content=\"instock\" \/>\n<meta property=\"product:condition\" content=\"new\" \/>\n<!-- \/ Yoast SEO Premium plugin. -->","yoast_head_json":{"title":"TESTOSTERON PROPIONATE 100mg - Steroidi in linea","robots":{"index":"index","follow":"follow","max-snippet":"max-snippet:-1","max-image-preview":"max-image-preview:large","max-video-preview":"max-video-preview:-1"},"canonical":"https:\/\/iberoid.com\/it\/product\/testosteron-propionate\/","og_locale":"it_IT","og_type":"article","og_title":"TESTOSTERON PROPIONATE 100mg","og_description":"Questo steroide anabolizzante iniettabile \u00e8 sviluppato a partire dal testosterone propionato. Viene spesso utilizzato dai culturisti per prepararsi alle competizioni","og_url":"https:\/\/iberoid.com\/it\/product\/testosteron-propionate\/","og_site_name":"Steroidi in linea","article_modified_time":"2026-04-13T12:18:54+00:00","og_image":[{"width":1920,"height":1756,"url":"https:\/\/iberoid.com\/wp-content\/uploads\/2026\/02\/TP-IMP.webp","type":"image\/webp"}],"twitter_card":"summary_large_image","twitter_misc":{"Prezzo":"&euro;35.00","Disponibilit\u00e0":"In stock"},"schema":{"@context":"https:\/\/schema.org","@graph":[{"@type":"WebPage","@id":"https:\/\/iberoid.com\/it\/product\/testosteron-propionate\/","url":"https:\/\/iberoid.com\/it\/product\/testosteron-propionate\/","name":"TESTOSTERON PROPIONATE 100mg - Steroidi in linea","isPartOf":{"@id":"https:\/\/iberoid.com\/it\/#website"},"primaryImageOfPage":{"@id":"https:\/\/iberoid.com\/it\/product\/testosteron-propionate\/#primaryimage"},"image":{"@id":"https:\/\/iberoid.com\/it\/product\/testosteron-propionate\/#primaryimage"},"thumbnailUrl":"https:\/\/iberoid.com\/wp-content\/uploads\/2026\/02\/TP-IMP.webp","datePublished":"2026-02-13T16:30:33+00:00","dateModified":"2026-04-13T12:18:54+00:00","breadcrumb":{"@id":"https:\/\/iberoid.com\/it\/product\/testosteron-propionate\/#breadcrumb"},"inLanguage":"it-IT","potentialAction":[{"@type":"ReadAction","target":[["https:\/\/iberoid.com\/it\/product\/testosteron-propionate\/"]]}]},{"@type":"ImageObject","inLanguage":"it-IT","@id":"https:\/\/iberoid.com\/it\/product\/testosteron-propionate\/#primaryimage","url":"https:\/\/iberoid.com\/wp-content\/uploads\/2026\/02\/TP-IMP.webp","contentUrl":"https:\/\/iberoid.com\/wp-content\/uploads\/2026\/02\/TP-IMP.webp","width":1920,"height":1756},{"@type":"BreadcrumbList","@id":"https:\/\/iberoid.com\/it\/product\/testosteron-propionate\/#breadcrumb","itemListElement":[{"@type":"ListItem","position":1,"name":"Portada","item":"https:\/\/iberoid.com\/it\/"},{"@type":"ListItem","position":2,"name":"Negozio","item":"https:\/\/iberoid.com\/it\/shop\/"},{"@type":"ListItem","position":3,"name":"TESTOSTERON PROPIONATE 100mg"}]},{"@type":"WebSite","@id":"https:\/\/iberoid.com\/it\/#website","url":"https:\/\/iberoid.com\/it\/","name":"Steroidi in linea","description":"Acquista steroidi online oggi in Spagna e Portogallo. Abbiamo il miglior servizio clienti del settore e prodotti di altissima qualit\u00e0","potentialAction":[{"@type":"SearchAction","target":{"@type":"EntryPoint","urlTemplate":"https:\/\/iberoid.com\/it\/?s={search_term_string}"},"query-input":{"@type":"PropertyValueSpecification","valueRequired":true,"valueName":"search_term_string"}}],"inLanguage":"it-IT"}]},"product_brand":"IMPERIA LABS","product_price_amount":"35.00","product_price_currency":"EUR","og_availability":"instock","product_availability":"instock","product_condition":"new"},"_links":{"self":[{"href":"https:\/\/iberoid.com\/it\/wp-json\/wp\/v2\/product\/10575","targetHints":{"allow":["GET"]}}],"collection":[{"href":"https:\/\/iberoid.com\/it\/wp-json\/wp\/v2\/product"}],"about":[{"href":"https:\/\/iberoid.com\/it\/wp-json\/wp\/v2\/types\/product"}],"replies":[{"embeddable":true,"href":"https:\/\/iberoid.com\/it\/wp-json\/wp\/v2\/comments?post=10575"}],"wp:featuredmedia":[{"embeddable":true,"href":"https:\/\/iberoid.com\/it\/wp-json\/wp\/v2\/media\/10576"}],"wp:attachment":[{"href":"https:\/\/iberoid.com\/it\/wp-json\/wp\/v2\/media?parent=10575"}],"wp:term":[{"taxonomy":"product_brand","embeddable":true,"href":"https:\/\/iberoid.com\/it\/wp-json\/wp\/v2\/product_brand?post=10575"},{"taxonomy":"product_cat","embeddable":true,"href":"https:\/\/iberoid.com\/it\/wp-json\/wp\/v2\/product_cat?post=10575"},{"taxonomy":"product_tag","embeddable":true,"href":"https:\/\/iberoid.com\/it\/wp-json\/wp\/v2\/product_tag?post=10575"}],"curies":[{"name":"wp","href":"https:\/\/api.w.org\/{rel}","templated":true}]}}