{"id":10604,"date":"2026-03-01T14:13:53","date_gmt":"2026-03-01T14:13:53","guid":{"rendered":"https:\/\/iberoid.com\/?post_type=product&#038;p=10604"},"modified":"2026-04-13T12:46:59","modified_gmt":"2026-04-13T12:46:59","slug":"sustamix-sustanon-arenis","status":"publish","type":"product","link":"https:\/\/iberoid.com\/it\/product\/sustamix-sustanon-arenis\/","title":{"rendered":"SUSTAMIX &#8211; SUSTANON"},"content":{"rendered":"<p><\/p>\n<p data-path-to-node=\"2\"><b data-path-to-node=\"2\" data-index-in-node=\"0\">Riferimento:<\/b> 250 mg\/ml (flacone da 10 ml)<\/p>\n<p data-path-to-node=\"3\"><b data-path-to-node=\"3\" data-index-in-node=\"0\">Nome del prodotto:<\/b> Sustamix-250<\/p>\n<p data-path-to-node=\"4\"><b data-path-to-node=\"4\" data-index-in-node=\"0\">Sostanza:<\/b> 30 mg di Testosterone Propionato, 60 mg di Testosterone Fenilpropionato, 60 mg di Testosterone Isocaproato e 100 mg di Testosterone Decanoato.<\/p>\n<p data-path-to-node=\"5\"><b data-path-to-node=\"5\" data-index-in-node=\"0\">Produttore:<\/b> Arenis Medico<\/p>\n<p data-path-to-node=\"6\"><b data-path-to-node=\"6\" data-index-in-node=\"0\">Vita attiva:<\/b> 21 giorni<\/p>\n<p data-path-to-node=\"7\"><b data-path-to-node=\"7\" data-index-in-node=\"0\">Classe del farmaco:<\/b> Steroide anabolizzante\/androgeno (per iniezione)<\/p>\n<p data-path-to-node=\"8\"><b data-path-to-node=\"8\" data-index-in-node=\"0\">Dose media:<\/b> 250-1000 mg\/settimana (solo per uomini)<\/p>\n<p data-path-to-node=\"9\"><b data-path-to-node=\"9\" data-index-in-node=\"0\">Acne:<\/b> S\u00ec<\/p>\n<p data-path-to-node=\"10\"><b data-path-to-node=\"10\" data-index-in-node=\"0\">Ritenzione idrica:<\/b> S\u00ec<\/p>\n<p data-path-to-node=\"11\"><b data-path-to-node=\"11\" data-index-in-node=\"0\">Pressione alta:<\/b> S\u00ec<\/p>\n<p data-path-to-node=\"12\"><b data-path-to-node=\"12\" data-index-in-node=\"0\">Tossicit\u00e0 epatica:<\/b> Bassa<\/p>\n<p data-path-to-node=\"13\"><b data-path-to-node=\"13\" data-index-in-node=\"0\">Aromatizzazione:<\/b> S\u00ec<\/p>\n<p data-path-to-node=\"14\"><b data-path-to-node=\"14\" data-index-in-node=\"0\">Conversione in DHT:<\/b> S\u00ec, alta<\/p>\n<p data-path-to-node=\"15\"><b data-path-to-node=\"15\" data-index-in-node=\"0\">Diminuzione della funzione HPTA:<\/b> S\u00ec, grave<\/p>\n<p data-path-to-node=\"16\"><b data-path-to-node=\"16\" data-index-in-node=\"0\">Tempo di rilevamento:<\/b> Circa 21 giorni<\/p>\n<hr data-path-to-node=\"17\" \/>\n<h3 data-path-to-node=\"18\">Cos&#8217;\u00e8 il testosterone?<\/h3>\n<p data-path-to-node=\"19\">Il testosterone \u00e8 un ormone sessuale prodotto nei testicoli maschili. Viene prodotto anche in piccole quantit\u00e0 nelle ovaie femminili e dal sistema surrenale. Il testosterone \u00e8 usato negli uomini e nei ragazzi per trattare condizioni causate dalla mancanza di questo ormone, come la pubert\u00e0 ritardata, l&#8217;impotenza o altri squilibri ormonali. Viene anche utilizzato nelle donne per trattare il cancro al seno che si \u00e8 diffuso in altre parti del corpo.<\/p>\n<h3 data-path-to-node=\"20\">Informazioni importanti sul testosterone<\/h3>\n<p data-path-to-node=\"21\">Questo farmaco pu\u00f2 causare difetti alla nascita in un nascituro se usato da una donna durante la gravidanza. Non assumere testosterone se sei incinta. Non assumere testosterone se hai un cancro alla prostata, un cancro al seno maschile, se sei incinta o se hai mai avuto una reazione allergica a un trattamento ormonale.<\/p>\n<h3 data-path-to-node=\"22\">Prima di assumere testosterone<\/h3>\n<p data-path-to-node=\"23\">Non dovresti ricevere questo farmaco se hai:<\/p>\n<ul data-path-to-node=\"24\">\n<li>\n<p data-path-to-node=\"24,0,0\">Cancro alla prostata;<\/p>\n<\/li>\n<li>\n<p data-path-to-node=\"24,1,0\">Cancro al seno maschile;<\/p>\n<\/li>\n<li>\n<p data-path-to-node=\"24,2,0\">Se sei incinta; oppure<\/p>\n<\/li>\n<li>\n<p data-path-to-node=\"24,3,0\">Se hai mai avuto una reazione allergica a un trattamento ormonale.<\/p>\n<\/li>\n<\/ul>\n<p data-path-to-node=\"25\">Prima di ricevere il testosterone, informa il medico se sei allergico a qualsiasi farmaco o se soffri di:<\/p>\n<ul data-path-to-node=\"26\">\n<li>\n<p data-path-to-node=\"26,0,0\">Ipertrofia prostatica benigna (IPB);<\/p>\n<\/li>\n<li>\n<p data-path-to-node=\"26,1,0\">Qualsiasi tipo di cancro;<\/p>\n<\/li>\n<li>\n<p data-path-to-node=\"26,2,0\">Colesterolo alto;<\/p>\n<\/li>\n<li>\n<p data-path-to-node=\"26,3,0\">Un disturbo emorragico o della coagulazione del sangue;<\/p>\n<\/li>\n<li>\n<p data-path-to-node=\"26,4,0\">Malattie del fegato o dei reni; oppure<\/p>\n<\/li>\n<li>\n<p data-path-to-node=\"26,5,0\">Malattie cardiache, coronaropatia (arterie indurite), insufficienza cardiaca congestizia o storia di infarto.<\/p>\n<\/li>\n<\/ul>\n<p data-path-to-node=\"27\">In presenza di queste condizioni, potrebbe essere necessario un aggiustamento della dose o esami specifici per utilizzare in sicurezza l&#8217;iniezione di testosterone (Categoria X della FDA per la gravidanza). Il testosterone pu\u00f2 causare difetti alla nascita. Non assumere testosterone se sei incinta. Utilizza un metodo contraccettivo efficace durante il trattamento. Non \u00e8 noto se il testosterone passi nel latte materno o se possa danneggiare un neonato durante l&#8217;allattamento.<\/p>\n<h3 data-path-to-node=\"28\">Come viene somministrato il testosterone?<\/h3>\n<p data-path-to-node=\"29\">L&#8217;iniezione di testosterone viene somministrata come iniezione in un muscolo dei glutei. Di solito viene somministrata ogni 2-4 settimane. La durata del trattamento dipender\u00e0 dalla condizione trattata. Per assicurarsi che il farmaco sia efficace, il sangue dovr\u00e0 essere analizzato regolarmente. Questo farmaco pu\u00f2 influenzare la crescita ossea nei ragazzi trattati per pubert\u00e0 ritardata. Lo sviluppo osseo potrebbe dover essere controllato con radiografie ogni 6 mesi durante il trattamento.<\/p>\n<h3 data-path-to-node=\"30\">Cosa succede in caso di sovradosaggio?<\/h3>\n<p data-path-to-node=\"31\">Non si prevede che un sovradosaggio di questo farmaco produca sintomi potenzialmente letali.<\/p>\n<h3 data-path-to-node=\"32\">Effetti collaterali del testosterone<\/h3>\n<p data-path-to-node=\"33\">Richiedi assistenza medica di emergenza se avverti segni di una reazione allergica: orticaria; difficolt\u00e0 respiratorie; gonfiore del viso, delle labbra, della lingua o della gola.<\/p>\n<p data-path-to-node=\"34\"><b data-path-to-node=\"34\" data-index-in-node=\"0\">Altri effetti collaterali:<\/b><\/p>\n<ul data-path-to-node=\"35\">\n<li>\n<p data-path-to-node=\"35,0,0\">Gonfiore, rapido aumento di peso;<\/p>\n<\/li>\n<li>\n<p data-path-to-node=\"35,1,0\">Erezione del pene aumentata o persistente;<\/p>\n<\/li>\n<li>\n<p data-path-to-node=\"35,2,0\">Dolore osseo, aumento della sete, problemi di memoria, sensazione di irrequietezza, confusione, nausea, perdita di appetito, aumento della minzione, debolezza o contrazioni muscolari; oppure<\/p>\n<\/li>\n<li>\n<p data-path-to-node=\"35,3,0\">Nausea, vomito, dolore allo stomaco, perdita di appetito e ittero (ingiallimento della pelle o degli occhi).<\/p>\n<\/li>\n<\/ul>\n<p data-path-to-node=\"36\">Le donne che ricevono il trattamento possono sviluppare caratteristiche maschili, che potrebbero essere irreversibili se il trattamento viene continuato. <b data-path-to-node=\"36\" data-index-in-node=\"154\">Segni di eccesso di testosterone:<\/b><\/p>\n<ul data-path-to-node=\"37\">\n<li>\n<p data-path-to-node=\"37,0,0\">Acne;<\/p>\n<\/li>\n<li>\n<p data-path-to-node=\"37,1,0\">Cambiamenti nei periodi mestruali;<\/p>\n<\/li>\n<li>\n<p data-path-to-node=\"37,2,0\">Crescita dei peli di tipo maschile (come sul mento o sul petto);<\/p>\n<\/li>\n<li>\n<p data-path-to-node=\"37,3,0\">Calvizie maschile;<\/p>\n<\/li>\n<li>\n<p data-path-to-node=\"37,4,0\">Clitoride ingrossato; oppure<\/p>\n<\/li>\n<li>\n<p data-path-to-node=\"37,5,0\">Aumento o diminuzione del desiderio sessuale.<\/p>\n<\/li>\n<\/ul>\n<p data-path-to-node=\"38\"><b data-path-to-node=\"38\" data-index-in-node=\"0\">Effetti collaterali meno gravi possono includere:<\/b><\/p>\n<ul data-path-to-node=\"39\">\n<li>\n<p data-path-to-node=\"39,0,0\">Gonfiore del seno negli uomini;<\/p>\n<\/li>\n<li>\n<p data-path-to-node=\"39,1,0\">Mal di testa, ansia, umore depresso;<\/p>\n<\/li>\n<li>\n<p data-path-to-node=\"39,2,0\">Sensazione di intorpidimento o formicolio; oppure<\/p>\n<\/li>\n<li>\n<p data-path-to-node=\"39,3,0\">Dolore o gonfiore nel punto in cui \u00e8 stato iniettato il medicinale.<\/p>\n<\/li>\n<\/ul>\n<h3 data-path-to-node=\"40\">Quali altri farmaci influenzano il testosterone?<\/h3>\n<p data-path-to-node=\"41\">Prima di ricevere il testosterone, verifica se stai utilizzando uno dei seguenti farmaci:<\/p>\n<ul data-path-to-node=\"42\">\n<li>\n<p data-path-to-node=\"42,0,0\">L&#8217;anticoagulante warfarin (Coumadin);<\/p>\n<\/li>\n<li>\n<p data-path-to-node=\"42,1,0\">Insulina o farmaci per il diabete assunti per via orale come glimepiride, glipizide, glyburide, metformina, rosiglitazone e altri; oppure<\/p>\n<\/li>\n<li>\n<p data-path-to-node=\"42,2,0\">Farmaci steroidei come metilprednisolone, prednisone e altri.<\/p>\n<\/li>\n<\/ul>\n<p data-path-to-node=\"43\">Se stai assumendo uno di questi farmaci, potresti non essere in grado di ricevere il testosterone, o potresti aver bisogno di aggiustamenti del dosaggio o di test speciali. Potrebbero esserci altri farmaci non elencati che possono influenzare il testosterone.<\/p>\n<p><\/p>","protected":false},"excerpt":{"rendered":"<p>Riferimento: 250 mg\/ml (flacone da 10 ml) Nome del prodotto: Sustamix-250 Sostanza: 30 mg di Testosterone Propionato, 60 mg di<\/p>\n","protected":false},"featured_media":10605,"comment_status":"open","ping_status":"closed","template":"","meta":[],"product_brand":[],"product_cat":[69,3533],"product_tag":[],"class_list":{"0":"post-10604","1":"product","2":"type-product","3":"status-publish","4":"has-post-thumbnail","6":"product_cat-esteroides_inyectables","7":"product_cat-sales-rebajas","9":"first","10":"outofstock","11":"shipping-taxable","12":"purchasable","13":"product-type-simple"},"yoast_head":"<!-- This site is optimized with the Yoast SEO Premium plugin v24.4 (Yoast SEO v27.3) - https:\/\/yoast.com\/product\/yoast-seo-premium-wordpress\/ -->\n<title>SUSTAMIX - SUSTANON - Steroidi in linea<\/title>\n<meta name=\"robots\" content=\"index, follow, max-snippet:-1, max-image-preview:large, max-video-preview:-1\" \/>\n<link rel=\"canonical\" href=\"https:\/\/iberoid.com\/it\/product\/sustamix-sustanon-arenis\/\" \/>\n<meta property=\"og:locale\" content=\"it_IT\" \/>\n<meta property=\"og:type\" content=\"article\" \/>\n<meta property=\"og:title\" content=\"SUSTAMIX - SUSTANON\" \/>\n<meta property=\"og:description\" content=\"Riferimento: 250 mg\/ml (flacone da 10 ml) Nome del prodotto: Sustamix-250 Sostanza: 30 mg di Testosterone Propionato, 60 mg di\" \/>\n<meta property=\"og:url\" content=\"https:\/\/iberoid.com\/it\/product\/sustamix-sustanon-arenis\/\" \/>\n<meta property=\"og:site_name\" content=\"Steroidi in linea\" \/>\n<meta property=\"article:modified_time\" content=\"2026-04-13T12:46:59+00:00\" \/>\n<meta property=\"og:image\" content=\"https:\/\/iberoid.com\/wp-content\/uploads\/2026\/03\/sustamix_new.jpg?v=1772374398\" \/>\n\t<meta property=\"og:image:width\" content=\"2000\" \/>\n\t<meta property=\"og:image:height\" content=\"2000\" \/>\n\t<meta property=\"og:image:type\" content=\"image\/jpeg\" \/>\n<meta name=\"twitter:card\" content=\"summary_large_image\" \/>\n<meta name=\"twitter:label1\" content=\"Prezzo\" \/>\n\t<meta name=\"twitter:data1\" content=\"&euro;25.00\" \/>\n\t<meta name=\"twitter:label2\" content=\"Disponibilit\u00e0\" \/>\n\t<meta name=\"twitter:data2\" content=\"Esaurito\" \/>\n<script type=\"application\/ld+json\" class=\"yoast-schema-graph\">{\"@context\":\"https:\\\/\\\/schema.org\",\"@graph\":[{\"@type\":\"WebPage\",\"@id\":\"https:\\\/\\\/iberoid.com\\\/it\\\/product\\\/sustamix-sustanon-arenis\\\/\",\"url\":\"https:\\\/\\\/iberoid.com\\\/it\\\/product\\\/sustamix-sustanon-arenis\\\/\",\"name\":\"SUSTAMIX - SUSTANON - Steroidi in linea\",\"isPartOf\":{\"@id\":\"https:\\\/\\\/iberoid.com\\\/it\\\/#website\"},\"primaryImageOfPage\":{\"@id\":\"https:\\\/\\\/iberoid.com\\\/it\\\/product\\\/sustamix-sustanon-arenis\\\/#primaryimage\"},\"image\":{\"@id\":\"https:\\\/\\\/iberoid.com\\\/product\\\/sustamix-sustanon-arenis\\\/#primaryimage\"},\"thumbnailUrl\":\"https:\\\/\\\/iberoid.com\\\/wp-content\\\/uploads\\\/2026\\\/03\\\/sustamix_new.jpg?v=1772374398\",\"datePublished\":\"2026-03-01T14:13:53+00:00\",\"dateModified\":\"2026-04-13T12:46:59+00:00\",\"breadcrumb\":{\"@id\":\"https:\\\/\\\/iberoid.com\\\/it\\\/product\\\/sustamix-sustanon-arenis\\\/#breadcrumb\"},\"inLanguage\":\"it-IT\",\"potentialAction\":[{\"@type\":\"ReadAction\",\"target\":[[\"https:\\\/\\\/iberoid.com\\\/it\\\/product\\\/sustamix-sustanon-arenis\\\/\"]]}]},{\"@type\":\"ImageObject\",\"inLanguage\":\"it-IT\",\"@id\":\"https:\\\/\\\/iberoid.com\\\/it\\\/product\\\/sustamix-sustanon-arenis\\\/#primaryimage\",\"url\":\"https:\\\/\\\/iberoid.com\\\/wp-content\\\/uploads\\\/2026\\\/03\\\/sustamix_new.jpg?v=1772374398\",\"contentUrl\":\"https:\\\/\\\/iberoid.com\\\/wp-content\\\/uploads\\\/2026\\\/03\\\/sustamix_new.jpg?v=1772374398\",\"width\":2000,\"height\":2000},{\"@type\":\"BreadcrumbList\",\"@id\":\"https:\\\/\\\/iberoid.com\\\/it\\\/product\\\/sustamix-sustanon-arenis\\\/#breadcrumb\",\"itemListElement\":[{\"@type\":\"ListItem\",\"position\":1,\"name\":\"Portada\",\"item\":\"https:\\\/\\\/iberoid.com\\\/it\\\/\"},{\"@type\":\"ListItem\",\"position\":2,\"name\":\"Negozio\",\"item\":\"https:\\\/\\\/iberoid.com\\\/it\\\/shop\\\/\"},{\"@type\":\"ListItem\",\"position\":3,\"name\":\"SUSTAMIX &#8211; SUSTANON\"}]},{\"@type\":\"WebSite\",\"@id\":\"https:\\\/\\\/iberoid.com\\\/it\\\/#website\",\"url\":\"https:\\\/\\\/iberoid.com\\\/it\\\/\",\"name\":\"Steroidi in linea\",\"description\":\"Acquista steroidi online oggi in Spagna e Portogallo. Abbiamo il miglior servizio clienti del settore e prodotti di altissima qualit\u00e0\",\"potentialAction\":[{\"@type\":\"SearchAction\",\"target\":{\"@type\":\"EntryPoint\",\"urlTemplate\":\"https:\\\/\\\/iberoid.com\\\/it\\\/?s={search_term_string}\"},\"query-input\":{\"@type\":\"PropertyValueSpecification\",\"valueRequired\":true,\"valueName\":\"search_term_string\"}}],\"inLanguage\":\"it-IT\"}]}<\/script>\n<meta property=\"product:brand\" content=\"Arenis Medico\" \/>\n<meta property=\"product:price:amount\" content=\"25.00\" \/>\n<meta property=\"product:price:currency\" content=\"EUR\" \/>\n<meta property=\"og:availability\" content=\"out of stock\" \/>\n<meta property=\"product:availability\" content=\"out of stock\" \/>\n<meta property=\"product:condition\" content=\"new\" \/>\n<!-- \/ Yoast SEO Premium plugin. -->","yoast_head_json":{"title":"SUSTAMIX - SUSTANON - Steroidi in linea","robots":{"index":"index","follow":"follow","max-snippet":"max-snippet:-1","max-image-preview":"max-image-preview:large","max-video-preview":"max-video-preview:-1"},"canonical":"https:\/\/iberoid.com\/it\/product\/sustamix-sustanon-arenis\/","og_locale":"it_IT","og_type":"article","og_title":"SUSTAMIX - SUSTANON","og_description":"Riferimento: 250 mg\/ml (flacone da 10 ml) Nome del prodotto: Sustamix-250 Sostanza: 30 mg di Testosterone Propionato, 60 mg di","og_url":"https:\/\/iberoid.com\/it\/product\/sustamix-sustanon-arenis\/","og_site_name":"Steroidi in linea","article_modified_time":"2026-04-13T12:46:59+00:00","og_image":[{"width":2000,"height":2000,"url":"https:\/\/iberoid.com\/wp-content\/uploads\/2026\/03\/sustamix_new.jpg?v=1772374398","type":"image\/jpeg"}],"twitter_card":"summary_large_image","twitter_misc":{"Prezzo":"&euro;25.00","Disponibilit\u00e0":"Esaurito"},"schema":{"@context":"https:\/\/schema.org","@graph":[{"@type":"WebPage","@id":"https:\/\/iberoid.com\/it\/product\/sustamix-sustanon-arenis\/","url":"https:\/\/iberoid.com\/it\/product\/sustamix-sustanon-arenis\/","name":"SUSTAMIX - SUSTANON - Steroidi in linea","isPartOf":{"@id":"https:\/\/iberoid.com\/it\/#website"},"primaryImageOfPage":{"@id":"https:\/\/iberoid.com\/it\/product\/sustamix-sustanon-arenis\/#primaryimage"},"image":{"@id":"https:\/\/iberoid.com\/product\/sustamix-sustanon-arenis\/#primaryimage"},"thumbnailUrl":"https:\/\/iberoid.com\/wp-content\/uploads\/2026\/03\/sustamix_new.jpg?v=1772374398","datePublished":"2026-03-01T14:13:53+00:00","dateModified":"2026-04-13T12:46:59+00:00","breadcrumb":{"@id":"https:\/\/iberoid.com\/it\/product\/sustamix-sustanon-arenis\/#breadcrumb"},"inLanguage":"it-IT","potentialAction":[{"@type":"ReadAction","target":[["https:\/\/iberoid.com\/it\/product\/sustamix-sustanon-arenis\/"]]}]},{"@type":"ImageObject","inLanguage":"it-IT","@id":"https:\/\/iberoid.com\/it\/product\/sustamix-sustanon-arenis\/#primaryimage","url":"https:\/\/iberoid.com\/wp-content\/uploads\/2026\/03\/sustamix_new.jpg?v=1772374398","contentUrl":"https:\/\/iberoid.com\/wp-content\/uploads\/2026\/03\/sustamix_new.jpg?v=1772374398","width":2000,"height":2000},{"@type":"BreadcrumbList","@id":"https:\/\/iberoid.com\/it\/product\/sustamix-sustanon-arenis\/#breadcrumb","itemListElement":[{"@type":"ListItem","position":1,"name":"Portada","item":"https:\/\/iberoid.com\/it\/"},{"@type":"ListItem","position":2,"name":"Negozio","item":"https:\/\/iberoid.com\/it\/shop\/"},{"@type":"ListItem","position":3,"name":"SUSTAMIX &#8211; SUSTANON"}]},{"@type":"WebSite","@id":"https:\/\/iberoid.com\/it\/#website","url":"https:\/\/iberoid.com\/it\/","name":"Steroidi in linea","description":"Acquista steroidi online oggi in Spagna e Portogallo. Abbiamo il miglior servizio clienti del settore e prodotti di altissima qualit\u00e0","potentialAction":[{"@type":"SearchAction","target":{"@type":"EntryPoint","urlTemplate":"https:\/\/iberoid.com\/it\/?s={search_term_string}"},"query-input":{"@type":"PropertyValueSpecification","valueRequired":true,"valueName":"search_term_string"}}],"inLanguage":"it-IT"}]},"product_brand":"Arenis Medico","product_price_amount":"25.00","product_price_currency":"EUR","og_availability":"out of stock","product_availability":"out of stock","product_condition":"new"},"_links":{"self":[{"href":"https:\/\/iberoid.com\/it\/wp-json\/wp\/v2\/product\/10604","targetHints":{"allow":["GET"]}}],"collection":[{"href":"https:\/\/iberoid.com\/it\/wp-json\/wp\/v2\/product"}],"about":[{"href":"https:\/\/iberoid.com\/it\/wp-json\/wp\/v2\/types\/product"}],"replies":[{"embeddable":true,"href":"https:\/\/iberoid.com\/it\/wp-json\/wp\/v2\/comments?post=10604"}],"wp:featuredmedia":[{"embeddable":true,"href":"https:\/\/iberoid.com\/it\/wp-json\/wp\/v2\/media\/10605"}],"wp:attachment":[{"href":"https:\/\/iberoid.com\/it\/wp-json\/wp\/v2\/media?parent=10604"}],"wp:term":[{"taxonomy":"product_brand","embeddable":true,"href":"https:\/\/iberoid.com\/it\/wp-json\/wp\/v2\/product_brand?post=10604"},{"taxonomy":"product_cat","embeddable":true,"href":"https:\/\/iberoid.com\/it\/wp-json\/wp\/v2\/product_cat?post=10604"},{"taxonomy":"product_tag","embeddable":true,"href":"https:\/\/iberoid.com\/it\/wp-json\/wp\/v2\/product_tag?post=10604"}],"curies":[{"name":"wp","href":"https:\/\/api.w.org\/{rel}","templated":true}]}}