{"id":10606,"date":"2026-03-01T14:36:09","date_gmt":"2026-03-01T14:36:09","guid":{"rendered":"https:\/\/iberoid.com\/?post_type=product&#038;p=10606"},"modified":"2026-04-15T10:30:19","modified_gmt":"2026-04-15T10:30:19","slug":"stanozolol-50mg-strombabol","status":"publish","type":"product","link":"https:\/\/iberoid.com\/it\/product\/stanozolol-50mg-strombabol\/","title":{"rendered":"STANOZOLOL &#8211; 50mg (STROMBABOL)"},"content":{"rendered":"<p><\/p>\n<p data-path-to-node=\"2\"><b data-path-to-node=\"2\" data-index-in-node=\"0\">STROMBABOL 50mg in compresse<\/b> \u2013 un classico steroide anabolizzante con lo <b data-path-to-node=\"2\" data-index-in-node=\"73\">Stanozololo<\/b> come principio attivo. Il farmaco \u00e8 diventato popolare tra gli atleti grazie a un significativo aumento della massa muscolare magra (senza grasso) e al miglioramento dell&#8217;apporto di calcio alle ossa.<\/p>\n<p data-path-to-node=\"3\">Il principio attivo del farmaco \u2013 lo Stanozololo \u2013 \u00e8 stato sviluppato gi\u00e0 a met\u00e0 del XX secolo ed era utilizzato principalmente in ambito medico. Verso gli anni &#8217;70, sotto il nome commerciale <b data-path-to-node=\"3\" data-index-in-node=\"192\">Stanabol<\/b> (si trova anche con il nome <b data-path-to-node=\"3\" data-index-in-node=\"229\">Winstrol<\/b>), le aziende farmaceutiche iniziarono a produrre lo steroide per le esigenze dello sport professionistico. Il farmaco ha effetti anabolizzanti superiori alla testosterona del <b data-path-to-node=\"3\" data-index-in-node=\"413\">320%<\/b> e una lieve attivit\u00e0 androgena (<b data-path-to-node=\"3\" data-index-in-node=\"450\">30%<\/b> della testosterona).<\/p>\n<h3 data-path-to-node=\"4\">Effetti dello Stanozololo:<\/h3>\n<ul data-path-to-node=\"5\">\n<li>\n<p data-path-to-node=\"5,0,0\">Aumento della qualit\u00e0 muscolare;<\/p>\n<\/li>\n<li>\n<p data-path-to-node=\"5,1,0\">Incremento della performance atletica e della resistenza;<\/p>\n<\/li>\n<li>\n<p data-path-to-node=\"5,2,0\">Stimolazione di una rapida espulsione dei liquidi dal corpo;<\/p>\n<\/li>\n<li>\n<p data-path-to-node=\"5,3,0\">Aumento dell&#8217;appetito;<\/p>\n<\/li>\n<li>\n<p data-path-to-node=\"5,4,0\">Aumento della libido.<\/p>\n<\/li>\n<\/ul>\n<hr data-path-to-node=\"6\" \/>\n<h3 data-path-to-node=\"7\">Come assumere lo Stanozololo<\/h3>\n<p data-path-to-node=\"8\">Durante la preparazione del ciclo, devono essere prese in considerazione le seguenti restrizioni:<\/p>\n<ul data-path-to-node=\"9\">\n<li>\n<p data-path-to-node=\"9,0,0\">La durata massima del ciclo <b data-path-to-node=\"9,0,0\" data-index-in-node=\"28\">non deve superare le 8 settimane<\/b>.<\/p>\n<\/li>\n<li>\n<p data-path-to-node=\"9,1,0\">Assumere il dosaggio necessario da <b data-path-to-node=\"9,1,0\" data-index-in-node=\"35\">30 a 50 milligrammi al giorno<\/b>.<\/p>\n<\/li>\n<\/ul>\n<p data-path-to-node=\"10\">Un ciclo standard durante la fase di definizione (<i data-path-to-node=\"10\" data-index-in-node=\"50\">cutting<\/i>) prevede per il bodybuilder l&#8217;uso quotidiano del farmaco a una dose di 30 mg. Atleti, nuotatori e altri sportivi che puntano sulla resistenza non dovrebbero superare la dose raccomandata di oltre <b data-path-to-node=\"10\" data-index-in-node=\"254\">10-20 mg<\/b>.<\/p>\n<p data-path-to-node=\"11\">Il farmaco pu\u00f2 essere somministrato alle donne (fino a <b data-path-to-node=\"11\" data-index-in-node=\"55\">10 mg al giorno<\/b>) poich\u00e9 \u00e8 uno degli anabolizzanti meno tossici; con un uso moderato non presenta attivit\u00e0 estrogenica e non \u00e8 accompagnato da edema o ginecomastia.<\/p>\n<blockquote data-path-to-node=\"12\">\n<p data-path-to-node=\"12,0\"><b data-path-to-node=\"12,0\" data-index-in-node=\"0\">Nota bene:<\/b> Prima dell&#8217;acquisto, ricorda che l&#8217;uso di steroidi da parte di atleti agonisti non \u00e8 possibile, poich\u00e9 pu\u00f2 essere rilevato dalle commissioni anti-doping fino a un anno dopo l&#8217;ultimo ciclo. La durata d&#8217;azione del principio attivo \u00e8 in media di circa <b data-path-to-node=\"12,0\" data-index-in-node=\"260\">8 ore<\/b>.<\/p>\n<\/blockquote>\n<hr data-path-to-node=\"13\" \/>\n<h3 data-path-to-node=\"14\">Cicli Combinati di Stanozololo<\/h3>\n<p data-path-to-node=\"15\">Lo STROMBABOL dovrebbe essere combinato con farmaci che stimolano la ritenzione idrica per evitare dolori articolari durante gli allenamenti regolari. Il farmaco pu\u00f2 essere combinato con l&#8217;assunzione di <b data-path-to-node=\"15\" data-index-in-node=\"203\">Testosterone<\/b> per migliorare l&#8217;efficienza nel guadagno di massa muscolare, ricordando per\u00f2 di monitorare i livelli di estradiolo. Insieme allo STROMBABOL, \u00e8 possibile acquistare l&#8217;<b data-path-to-node=\"15\" data-index-in-node=\"382\">Ossimetolone<\/b> e il <b data-path-to-node=\"15\" data-index-in-node=\"400\">Metandrostenolone<\/b> (Dianabol).<\/p>\n<p data-path-to-node=\"16\">Dopo il ciclo, \u00e8 auspicabile seguire una <b data-path-to-node=\"16\" data-index-in-node=\"41\">Terapia Post-Ciclo (PCT)<\/b>. Va notato che i farmaci antiestrogeni pi\u00f9 efficaci per la prevenzione degli effetti collaterali (danni al fegato, problemi dermatologici, perdita di capelli e altri) sono il <b data-path-to-node=\"16\" data-index-in-node=\"241\">Clomifene Citrato<\/b> e il <b data-path-to-node=\"16\" data-index-in-node=\"264\">Tamoxifene Citrato<\/b>.<\/p>\n<h3 data-path-to-node=\"17\">Recensioni<\/h3>\n<p data-path-to-node=\"18\">Le recensioni sono spesso caratterizzate dalle esperienze positive degli atleti riguardo l&#8217;effetto brucia-grassi e la definizione muscolare ottenuta durante la fase di <i data-path-to-node=\"18\" data-index-in-node=\"168\">cutting<\/i>. Gli uomini notano una maggiore resistenza e una buona compatibilit\u00e0 del preparato con altri farmaci anabolizzanti e androgeni.<\/p>\n<p><\/p>","protected":false},"excerpt":{"rendered":"<p>STROMBABOL 50mg in compresse \u2013 un classico steroide anabolizzante con lo Stanozololo come principio attivo. Il farmaco \u00e8 diventato popolare<\/p>\n","protected":false},"featured_media":10607,"comment_status":"open","ping_status":"closed","template":"","meta":[],"product_brand":[3526],"product_cat":[73,3533],"product_tag":[],"class_list":{"0":"post-10606","1":"product","2":"type-product","3":"status-publish","4":"has-post-thumbnail","6":"product_brand-pharmabol","7":"product_cat-ssteroides_orales","8":"product_cat-sales-rebajas","10":"first","11":"instock","12":"shipping-taxable","13":"purchasable","14":"product-type-simple"},"yoast_head":"<!-- This site is optimized with the Yoast SEO Premium plugin v24.4 (Yoast SEO v27.3) - https:\/\/yoast.com\/product\/yoast-seo-premium-wordpress\/ -->\n<title>STANOZOLOL - 50mg (STROMBABOL) - Steroidi in linea<\/title>\n<meta name=\"robots\" content=\"index, follow, max-snippet:-1, max-image-preview:large, max-video-preview:-1\" \/>\n<link rel=\"canonical\" href=\"https:\/\/iberoid.com\/it\/product\/stanozolol-50mg-strombabol\/\" \/>\n<meta property=\"og:locale\" content=\"it_IT\" \/>\n<meta property=\"og:type\" content=\"article\" \/>\n<meta property=\"og:title\" content=\"STANOZOLOL - 50mg (STROMBABOL)\" \/>\n<meta property=\"og:description\" content=\"STROMBABOL 50mg in compresse \u2013 un classico steroide anabolizzante con lo Stanozololo come principio attivo. Il farmaco \u00e8 diventato popolare\" \/>\n<meta property=\"og:url\" content=\"https:\/\/iberoid.com\/it\/product\/stanozolol-50mg-strombabol\/\" \/>\n<meta property=\"og:site_name\" content=\"Steroidi in linea\" \/>\n<meta property=\"article:modified_time\" content=\"2026-04-15T10:30:19+00:00\" \/>\n<meta property=\"og:image\" content=\"https:\/\/iberoid.com\/wp-content\/uploads\/2026\/03\/strombabol.jpg?v=1772375733\" \/>\n\t<meta property=\"og:image:width\" content=\"1080\" \/>\n\t<meta property=\"og:image:height\" content=\"1080\" \/>\n\t<meta property=\"og:image:type\" content=\"image\/jpeg\" \/>\n<meta name=\"twitter:card\" content=\"summary_large_image\" \/>\n<meta name=\"twitter:label1\" content=\"Prezzo\" \/>\n\t<meta name=\"twitter:data1\" content=\"&euro;25.00\" \/>\n\t<meta name=\"twitter:label2\" content=\"Disponibilit\u00e0\" \/>\n\t<meta name=\"twitter:data2\" content=\"In stock\" \/>\n<script type=\"application\/ld+json\" class=\"yoast-schema-graph\">{\"@context\":\"https:\\\/\\\/schema.org\",\"@graph\":[{\"@type\":\"WebPage\",\"@id\":\"https:\\\/\\\/iberoid.com\\\/it\\\/product\\\/stanozolol-50mg-strombabol\\\/\",\"url\":\"https:\\\/\\\/iberoid.com\\\/it\\\/product\\\/stanozolol-50mg-strombabol\\\/\",\"name\":\"STANOZOLOL - 50mg (STROMBABOL) - Steroidi in linea\",\"isPartOf\":{\"@id\":\"https:\\\/\\\/iberoid.com\\\/it\\\/#website\"},\"primaryImageOfPage\":{\"@id\":\"https:\\\/\\\/iberoid.com\\\/it\\\/product\\\/stanozolol-50mg-strombabol\\\/#primaryimage\"},\"image\":{\"@id\":\"https:\\\/\\\/iberoid.com\\\/it\\\/product\\\/stanozolol-50mg-strombabol\\\/#primaryimage\"},\"thumbnailUrl\":\"https:\\\/\\\/iberoid.com\\\/wp-content\\\/uploads\\\/2026\\\/03\\\/strombabol.jpg?v=1772375733\",\"datePublished\":\"2026-03-01T14:36:09+00:00\",\"dateModified\":\"2026-04-15T10:30:19+00:00\",\"breadcrumb\":{\"@id\":\"https:\\\/\\\/iberoid.com\\\/it\\\/product\\\/stanozolol-50mg-strombabol\\\/#breadcrumb\"},\"inLanguage\":\"it-IT\",\"potentialAction\":[{\"@type\":\"ReadAction\",\"target\":[[\"https:\\\/\\\/iberoid.com\\\/it\\\/product\\\/stanozolol-50mg-strombabol\\\/\"]]}]},{\"@type\":\"ImageObject\",\"inLanguage\":\"it-IT\",\"@id\":\"https:\\\/\\\/iberoid.com\\\/it\\\/product\\\/stanozolol-50mg-strombabol\\\/#primaryimage\",\"url\":\"https:\\\/\\\/iberoid.com\\\/wp-content\\\/uploads\\\/2026\\\/03\\\/strombabol.jpg?v=1772375733\",\"contentUrl\":\"https:\\\/\\\/iberoid.com\\\/wp-content\\\/uploads\\\/2026\\\/03\\\/strombabol.jpg?v=1772375733\",\"width\":1080,\"height\":1080},{\"@type\":\"BreadcrumbList\",\"@id\":\"https:\\\/\\\/iberoid.com\\\/it\\\/product\\\/stanozolol-50mg-strombabol\\\/#breadcrumb\",\"itemListElement\":[{\"@type\":\"ListItem\",\"position\":1,\"name\":\"Portada\",\"item\":\"https:\\\/\\\/iberoid.com\\\/it\\\/\"},{\"@type\":\"ListItem\",\"position\":2,\"name\":\"Negozio\",\"item\":\"https:\\\/\\\/iberoid.com\\\/it\\\/shop\\\/\"},{\"@type\":\"ListItem\",\"position\":3,\"name\":\"STANOZOLOL &#8211; 50mg (STROMBABOL)\"}]},{\"@type\":\"WebSite\",\"@id\":\"https:\\\/\\\/iberoid.com\\\/it\\\/#website\",\"url\":\"https:\\\/\\\/iberoid.com\\\/it\\\/\",\"name\":\"Steroidi in linea\",\"description\":\"Acquista steroidi online oggi in Spagna e Portogallo. Abbiamo il miglior servizio clienti del settore e prodotti di altissima qualit\u00e0\",\"potentialAction\":[{\"@type\":\"SearchAction\",\"target\":{\"@type\":\"EntryPoint\",\"urlTemplate\":\"https:\\\/\\\/iberoid.com\\\/it\\\/?s={search_term_string}\"},\"query-input\":{\"@type\":\"PropertyValueSpecification\",\"valueRequired\":true,\"valueName\":\"search_term_string\"}}],\"inLanguage\":\"it-IT\"}]}<\/script>\n<meta property=\"product:brand\" content=\"Pb Laboratories\" \/>\n<meta property=\"product:price:amount\" content=\"25.00\" \/>\n<meta property=\"product:price:currency\" content=\"EUR\" \/>\n<meta property=\"og:availability\" content=\"instock\" \/>\n<meta property=\"product:availability\" content=\"instock\" \/>\n<meta property=\"product:condition\" content=\"new\" \/>\n<!-- \/ Yoast SEO Premium plugin. -->","yoast_head_json":{"title":"STANOZOLOL - 50mg (STROMBABOL) - Steroidi in linea","robots":{"index":"index","follow":"follow","max-snippet":"max-snippet:-1","max-image-preview":"max-image-preview:large","max-video-preview":"max-video-preview:-1"},"canonical":"https:\/\/iberoid.com\/it\/product\/stanozolol-50mg-strombabol\/","og_locale":"it_IT","og_type":"article","og_title":"STANOZOLOL - 50mg (STROMBABOL)","og_description":"STROMBABOL 50mg in compresse \u2013 un classico steroide anabolizzante con lo Stanozololo come principio attivo. Il farmaco \u00e8 diventato popolare","og_url":"https:\/\/iberoid.com\/it\/product\/stanozolol-50mg-strombabol\/","og_site_name":"Steroidi in linea","article_modified_time":"2026-04-15T10:30:19+00:00","og_image":[{"width":1080,"height":1080,"url":"https:\/\/iberoid.com\/wp-content\/uploads\/2026\/03\/strombabol.jpg?v=1772375733","type":"image\/jpeg"}],"twitter_card":"summary_large_image","twitter_misc":{"Prezzo":"&euro;25.00","Disponibilit\u00e0":"In stock"},"schema":{"@context":"https:\/\/schema.org","@graph":[{"@type":"WebPage","@id":"https:\/\/iberoid.com\/it\/product\/stanozolol-50mg-strombabol\/","url":"https:\/\/iberoid.com\/it\/product\/stanozolol-50mg-strombabol\/","name":"STANOZOLOL - 50mg (STROMBABOL) - Steroidi in linea","isPartOf":{"@id":"https:\/\/iberoid.com\/it\/#website"},"primaryImageOfPage":{"@id":"https:\/\/iberoid.com\/it\/product\/stanozolol-50mg-strombabol\/#primaryimage"},"image":{"@id":"https:\/\/iberoid.com\/it\/product\/stanozolol-50mg-strombabol\/#primaryimage"},"thumbnailUrl":"https:\/\/iberoid.com\/wp-content\/uploads\/2026\/03\/strombabol.jpg?v=1772375733","datePublished":"2026-03-01T14:36:09+00:00","dateModified":"2026-04-15T10:30:19+00:00","breadcrumb":{"@id":"https:\/\/iberoid.com\/it\/product\/stanozolol-50mg-strombabol\/#breadcrumb"},"inLanguage":"it-IT","potentialAction":[{"@type":"ReadAction","target":[["https:\/\/iberoid.com\/it\/product\/stanozolol-50mg-strombabol\/"]]}]},{"@type":"ImageObject","inLanguage":"it-IT","@id":"https:\/\/iberoid.com\/it\/product\/stanozolol-50mg-strombabol\/#primaryimage","url":"https:\/\/iberoid.com\/wp-content\/uploads\/2026\/03\/strombabol.jpg?v=1772375733","contentUrl":"https:\/\/iberoid.com\/wp-content\/uploads\/2026\/03\/strombabol.jpg?v=1772375733","width":1080,"height":1080},{"@type":"BreadcrumbList","@id":"https:\/\/iberoid.com\/it\/product\/stanozolol-50mg-strombabol\/#breadcrumb","itemListElement":[{"@type":"ListItem","position":1,"name":"Portada","item":"https:\/\/iberoid.com\/it\/"},{"@type":"ListItem","position":2,"name":"Negozio","item":"https:\/\/iberoid.com\/it\/shop\/"},{"@type":"ListItem","position":3,"name":"STANOZOLOL &#8211; 50mg (STROMBABOL)"}]},{"@type":"WebSite","@id":"https:\/\/iberoid.com\/it\/#website","url":"https:\/\/iberoid.com\/it\/","name":"Steroidi in linea","description":"Acquista steroidi online oggi in Spagna e Portogallo. Abbiamo il miglior servizio clienti del settore e prodotti di altissima qualit\u00e0","potentialAction":[{"@type":"SearchAction","target":{"@type":"EntryPoint","urlTemplate":"https:\/\/iberoid.com\/it\/?s={search_term_string}"},"query-input":{"@type":"PropertyValueSpecification","valueRequired":true,"valueName":"search_term_string"}}],"inLanguage":"it-IT"}]},"product_brand":"Pb Laboratories","product_price_amount":"25.00","product_price_currency":"EUR","og_availability":"instock","product_availability":"instock","product_condition":"new"},"_links":{"self":[{"href":"https:\/\/iberoid.com\/it\/wp-json\/wp\/v2\/product\/10606","targetHints":{"allow":["GET"]}}],"collection":[{"href":"https:\/\/iberoid.com\/it\/wp-json\/wp\/v2\/product"}],"about":[{"href":"https:\/\/iberoid.com\/it\/wp-json\/wp\/v2\/types\/product"}],"replies":[{"embeddable":true,"href":"https:\/\/iberoid.com\/it\/wp-json\/wp\/v2\/comments?post=10606"}],"wp:featuredmedia":[{"embeddable":true,"href":"https:\/\/iberoid.com\/it\/wp-json\/wp\/v2\/media\/10607"}],"wp:attachment":[{"href":"https:\/\/iberoid.com\/it\/wp-json\/wp\/v2\/media?parent=10606"}],"wp:term":[{"taxonomy":"product_brand","embeddable":true,"href":"https:\/\/iberoid.com\/it\/wp-json\/wp\/v2\/product_brand?post=10606"},{"taxonomy":"product_cat","embeddable":true,"href":"https:\/\/iberoid.com\/it\/wp-json\/wp\/v2\/product_cat?post=10606"},{"taxonomy":"product_tag","embeddable":true,"href":"https:\/\/iberoid.com\/it\/wp-json\/wp\/v2\/product_tag?post=10606"}],"curies":[{"name":"wp","href":"https:\/\/api.w.org\/{rel}","templated":true}]}}