{"id":2996,"date":"2019-11-19T20:16:31","date_gmt":"2019-11-19T20:16:31","guid":{"rendered":"https:\/\/iberoid.com\/?post_type=product&#038;p=2996"},"modified":"2024-01-13T17:33:43","modified_gmt":"2024-01-13T17:33:43","slug":"enandrol","status":"publish","type":"product","link":"https:\/\/iberoid.com\/it\/product\/enandrol\/","title":{"rendered":"Enandrol BALKAN NEW LINE"},"content":{"rendered":"<p>Il nuovo nome di Enantat per Testosterone \u00e8 Enandrol.<\/p>\n<p>Testosterone Enantat \u00e8 la versione europea di Cyprus Testosterone (USA), uno steroide iniettabile a base di olio. Questo estere \u00e8 il pi\u00f9 ampiamente utilizzato tra tutti gli esteri di testosterone, presente in quasi tutti i cicli di steroidi. Si trova sotto molti nomi commerciali: Testover E, Testo Depo, Testen-250, Cidoteston, Testoviron, Testobolin.<\/p>\n<p>Che cos&#8217;\u00e8 il testosterone enantato?<br \/>\nEssendo uno steroide anabolizzante e androgeno forte, contribuisce allo sviluppo muscolare e allo sviluppo della forza. Su una scala da 0 a 100 \u00e8 100, sia da un punto di vista androgeno che da un punto di vista anabolico. A causa dell&#8217;estere smaltato, ha una lunga azione, che viene gradualmente rilasciata nell&#8217;arco di 2-3 settimane. La concentrazione massima di testosterone nel sangue \u00e8 di 24 a 48 ore dopo la somministrazione, e quindi un po &#8216;viene rilasciato nel sangue. I migliori risultati si ottengono quando somministrati da 10 a 10 giorni. A scopo terapeutico, \u00e8 usato per trattare bassi livelli di testosterone negli uomini di et\u00e0 superiore ai 40 anni.<\/p>\n<p>Gli atleti lo usano in grandi quantit\u00e0 per aumentare la massa muscolare e la forza.<\/p>\n<p>Quali risultati si ottengono durante il ciclo?<br \/>\nIl testosterone migliorato aumenta il numero di globuli rossi, con conseguente resistenza muscolare e un recupero pi\u00f9 veloce dopo allenamenti intensi. Per questo motivo, viene utilizzato anche da atleti di resistenza, come ciclisti o atleti. L&#8217;anabolismo si verifica a causa della maggiore sintesi proteica durante il ciclo. Aumenta il livello di IGF-1, un ormone che esercita i suoi effetti sull&#8217;ormone della crescita e inibisce i glucocorticoidi, in particolare il cortisolo, un ormone che distrugge la massa muscolare. Per ottenere il massimo da questo steroide, alte dosi non sono il segreto, ma allenamenti intensi, riposo e apporto calorico elevato.<\/p>\n<p>Alcuni lo considerano uno steroide massiccio, che \u00e8 totalmente falso e pu\u00f2 essere utilizzato per definire periodi con risultati eccezionali, aumentando il tasso metabolico, contribuendo indirettamente alla combustione dei grassi. Durante il ciclo per evitare gli effetti collaterali della natura estrogenica, devono essere usati antiestrogeni Tamoximed, Provimed o Anastrozole. Uno di questi antiestrogeni svolge egregiamente il suo compito di proteggere il corpo da tutti gli effetti collaterali degli estrogeni.<\/p>\n<p>Dose ottimale: 250-750 mg \/ settimana.<\/p>\n<p>Durata del ciclo: 8-12 settimane.<\/p>\n<p>Cicli: Combina con Winstrol, Trenbolone, Oxandrolone e Deca-Durabolin, Danabol, steroidi di massa muscolare di Anapolon<\/p>\n<p>Terapia post-ciclo: \u00e8 obbligatoria alla fine del ciclo perch\u00e9 inibisce la produzione naturale di testosterone.<\/p>\n<p>La terapia basata su Tamoximed e Clomed pu\u00f2 essere utilizzata per 4 settimane o Pregnyl (HCG). E durante il ciclo, una piccola quantit\u00e0 di Pregnyl 250-500 UI a settimana aiuta a mantenere i testicoli normali e funzionanti.<\/p>","protected":false},"excerpt":{"rendered":"<p class=\"qtranxs-available-languages-message qtranxs-available-languages-message-it\">Ci spiace, ma questo articolo \u00e8 disponibile soltanto in <a href=\"https:\/\/iberoid.com\/es\/wp-json\/wp\/v2\/product\/2996\" class=\"qtranxs-available-language-link qtranxs-available-language-link-es\" title=\"Espa\u00f1ol\">Espa\u00f1ol<\/a> e <a href=\"https:\/\/iberoid.com\/pt\/wp-json\/wp\/v2\/product\/2996\" class=\"qtranxs-available-language-link qtranxs-available-language-link-pt\" title=\"Portugu\u00eas\">Portugu\u00eas<\/a>.<\/p>\n","protected":false},"featured_media":2998,"comment_status":"open","ping_status":"closed","template":"","meta":[],"product_brand":[],"product_cat":[69],"product_tag":[],"class_list":{"0":"post-2996","1":"product","2":"type-product","3":"status-publish","4":"has-post-thumbnail","6":"product_cat-esteroides_inyectables","8":"first","9":"outofstock","10":"shipping-taxable","11":"purchasable","12":"product-type-simple"},"yoast_head":"<!-- This site is optimized with the Yoast SEO Premium plugin v24.4 (Yoast SEO v27.3) - https:\/\/yoast.com\/product\/yoast-seo-premium-wordpress\/ -->\n<title>Enandrol BALKAN NEW LINE - Steroidi in linea<\/title>\n<meta name=\"description\" content=\"(Espa\u00f1ol) Con fines terap\u00e9uticos, se usa para tratar los niveles bajos de testosterona en hombres mayores de 40 a\u00f1os.Los atletas lo usan en grandes cantidades para desarrollar su masa muscular y fuerza.\u00bfQu\u00e9 resultados se obtienen durante el ciclo?La testosterona mejorada aumenta el n\u00famero de gl\u00f3bulos rojos, lo que resulta en resistencia muscular y una recuperaci\u00f3n m\u00e1s r\u00e1pida despu\u00e9s de entrenamientos intensos.\" \/>\n<meta name=\"robots\" content=\"index, follow, max-snippet:-1, max-image-preview:large, max-video-preview:-1\" \/>\n<link rel=\"canonical\" href=\"https:\/\/iberoid.com\/it\/product\/enandrol\/\" \/>\n<meta property=\"og:locale\" content=\"it_IT\" \/>\n<meta property=\"og:type\" content=\"article\" \/>\n<meta property=\"og:title\" content=\"Enandrol BALKAN NEW LINE\" \/>\n<meta property=\"og:description\" content=\"(Espa\u00f1ol) Con fines terap\u00e9uticos, se usa para tratar los niveles bajos de testosterona en hombres mayores de 40 a\u00f1os.Los atletas lo usan en grandes cantidades para desarrollar su masa muscular y fuerza.\u00bfQu\u00e9 resultados se obtienen durante el ciclo?La testosterona mejorada aumenta el n\u00famero de gl\u00f3bulos rojos, lo que resulta en resistencia muscular y una recuperaci\u00f3n m\u00e1s r\u00e1pida despu\u00e9s de entrenamientos intensos.\" \/>\n<meta property=\"og:url\" content=\"https:\/\/iberoid.com\/it\/product\/enandrol\/\" \/>\n<meta property=\"og:site_name\" content=\"Steroidi in linea\" \/>\n<meta property=\"article:modified_time\" content=\"2024-01-13T17:33:43+00:00\" \/>\n<meta property=\"og:image\" content=\"https:\/\/iberoid.com\/wp-content\/uploads\/2019\/11\/enandrol.jpg?v=1678120178\" \/>\n\t<meta property=\"og:image:width\" content=\"2160\" \/>\n\t<meta property=\"og:image:height\" content=\"2160\" \/>\n\t<meta property=\"og:image:type\" content=\"image\/jpeg\" \/>\n<meta name=\"twitter:card\" content=\"summary_large_image\" \/>\n<meta name=\"twitter:label1\" content=\"Prezzo\" \/>\n\t<meta name=\"twitter:data1\" content=\"&euro;55.00\" \/>\n\t<meta name=\"twitter:label2\" content=\"Disponibilit\u00e0\" \/>\n\t<meta name=\"twitter:data2\" content=\"Esaurito\" \/>\n<script type=\"application\/ld+json\" class=\"yoast-schema-graph\">{\"@context\":\"https:\\\/\\\/schema.org\",\"@graph\":[{\"@type\":\"WebPage\",\"@id\":\"https:\\\/\\\/iberoid.com\\\/it\\\/product\\\/enandrol\\\/\",\"url\":\"https:\\\/\\\/iberoid.com\\\/it\\\/product\\\/enandrol\\\/\",\"name\":\"Enandrol BALKAN NEW LINE - Steroidi in linea\",\"isPartOf\":{\"@id\":\"https:\\\/\\\/iberoid.com\\\/it\\\/#website\"},\"primaryImageOfPage\":{\"@id\":\"https:\\\/\\\/iberoid.com\\\/it\\\/product\\\/enandrol\\\/#primaryimage\"},\"image\":{\"@id\":\"https:\\\/\\\/iberoid.com\\\/it\\\/product\\\/enandrol\\\/#primaryimage\"},\"thumbnailUrl\":\"https:\\\/\\\/iberoid.com\\\/wp-content\\\/uploads\\\/2019\\\/11\\\/enandrol.jpg?v=1678120178\",\"datePublished\":\"2019-11-19T20:16:31+00:00\",\"dateModified\":\"2024-01-13T17:33:43+00:00\",\"description\":\"(Espa\u00f1ol) Con fines terap\u00e9uticos, se usa para tratar los niveles bajos de testosterona en hombres mayores de 40 a\u00f1os.Los atletas lo usan en grandes cantidades para desarrollar su masa muscular y fuerza.\u00bfQu\u00e9 resultados se obtienen durante el ciclo?La testosterona mejorada aumenta el n\u00famero de gl\u00f3bulos rojos, lo que resulta en resistencia muscular y una recuperaci\u00f3n m\u00e1s r\u00e1pida despu\u00e9s de entrenamientos intensos.\",\"breadcrumb\":{\"@id\":\"https:\\\/\\\/iberoid.com\\\/it\\\/product\\\/enandrol\\\/#breadcrumb\"},\"inLanguage\":\"it-IT\",\"potentialAction\":[{\"@type\":\"ReadAction\",\"target\":[[\"https:\\\/\\\/iberoid.com\\\/it\\\/product\\\/enandrol\\\/\"]]}]},{\"@type\":\"ImageObject\",\"inLanguage\":\"it-IT\",\"@id\":\"https:\\\/\\\/iberoid.com\\\/it\\\/product\\\/enandrol\\\/#primaryimage\",\"url\":\"https:\\\/\\\/iberoid.com\\\/wp-content\\\/uploads\\\/2019\\\/11\\\/enandrol.jpg?v=1678120178\",\"contentUrl\":\"https:\\\/\\\/iberoid.com\\\/wp-content\\\/uploads\\\/2019\\\/11\\\/enandrol.jpg?v=1678120178\",\"width\":2160,\"height\":2160},{\"@type\":\"BreadcrumbList\",\"@id\":\"https:\\\/\\\/iberoid.com\\\/it\\\/product\\\/enandrol\\\/#breadcrumb\",\"itemListElement\":[{\"@type\":\"ListItem\",\"position\":1,\"name\":\"Portada\",\"item\":\"https:\\\/\\\/iberoid.com\\\/it\\\/\"},{\"@type\":\"ListItem\",\"position\":2,\"name\":\"Negozio\",\"item\":\"https:\\\/\\\/iberoid.com\\\/it\\\/shop\\\/\"},{\"@type\":\"ListItem\",\"position\":3,\"name\":\"Enandrol BALKAN NEW LINE\"}]},{\"@type\":\"WebSite\",\"@id\":\"https:\\\/\\\/iberoid.com\\\/it\\\/#website\",\"url\":\"https:\\\/\\\/iberoid.com\\\/it\\\/\",\"name\":\"Steroidi in linea\",\"description\":\"Acquista steroidi online oggi in Spagna e Portogallo. Abbiamo il miglior servizio clienti del settore e prodotti di altissima qualit\u00e0\",\"potentialAction\":[{\"@type\":\"SearchAction\",\"target\":{\"@type\":\"EntryPoint\",\"urlTemplate\":\"https:\\\/\\\/iberoid.com\\\/it\\\/?s={search_term_string}\"},\"query-input\":{\"@type\":\"PropertyValueSpecification\",\"valueRequired\":true,\"valueName\":\"search_term_string\"}}],\"inLanguage\":\"it-IT\"}]}<\/script>\n<meta property=\"product:brand\" content=\"Balkan Pharmaceuticals\" \/>\n<meta property=\"product:price:amount\" content=\"55.00\" \/>\n<meta property=\"product:price:currency\" content=\"EUR\" \/>\n<meta property=\"og:availability\" content=\"out of stock\" \/>\n<meta property=\"product:availability\" content=\"out of stock\" \/>\n<meta property=\"product:condition\" content=\"new\" \/>\n<!-- \/ Yoast SEO Premium plugin. -->","yoast_head_json":{"title":"Enandrol BALKAN NEW LINE - Steroidi in linea","description":"(Espa\u00f1ol) Con fines terap\u00e9uticos, se usa para tratar los niveles bajos de testosterona en hombres mayores de 40 a\u00f1os.Los atletas lo usan en grandes cantidades para desarrollar su masa muscular y fuerza.\u00bfQu\u00e9 resultados se obtienen durante el ciclo?La testosterona mejorada aumenta el n\u00famero de gl\u00f3bulos rojos, lo que resulta en resistencia muscular y una recuperaci\u00f3n m\u00e1s r\u00e1pida despu\u00e9s de entrenamientos intensos.","robots":{"index":"index","follow":"follow","max-snippet":"max-snippet:-1","max-image-preview":"max-image-preview:large","max-video-preview":"max-video-preview:-1"},"canonical":"https:\/\/iberoid.com\/it\/product\/enandrol\/","og_locale":"it_IT","og_type":"article","og_title":"Enandrol BALKAN NEW LINE","og_description":"(Espa\u00f1ol) Con fines terap\u00e9uticos, se usa para tratar los niveles bajos de testosterona en hombres mayores de 40 a\u00f1os.Los atletas lo usan en grandes cantidades para desarrollar su masa muscular y fuerza.\u00bfQu\u00e9 resultados se obtienen durante el ciclo?La testosterona mejorada aumenta el n\u00famero de gl\u00f3bulos rojos, lo que resulta en resistencia muscular y una recuperaci\u00f3n m\u00e1s r\u00e1pida despu\u00e9s de entrenamientos intensos.","og_url":"https:\/\/iberoid.com\/it\/product\/enandrol\/","og_site_name":"Steroidi in linea","article_modified_time":"2024-01-13T17:33:43+00:00","og_image":[{"width":2160,"height":2160,"url":"https:\/\/iberoid.com\/wp-content\/uploads\/2019\/11\/enandrol.jpg?v=1678120178","type":"image\/jpeg"}],"twitter_card":"summary_large_image","twitter_misc":{"Prezzo":"&euro;55.00","Disponibilit\u00e0":"Esaurito"},"schema":{"@context":"https:\/\/schema.org","@graph":[{"@type":"WebPage","@id":"https:\/\/iberoid.com\/it\/product\/enandrol\/","url":"https:\/\/iberoid.com\/it\/product\/enandrol\/","name":"Enandrol BALKAN NEW LINE - Steroidi in linea","isPartOf":{"@id":"https:\/\/iberoid.com\/it\/#website"},"primaryImageOfPage":{"@id":"https:\/\/iberoid.com\/it\/product\/enandrol\/#primaryimage"},"image":{"@id":"https:\/\/iberoid.com\/it\/product\/enandrol\/#primaryimage"},"thumbnailUrl":"https:\/\/iberoid.com\/wp-content\/uploads\/2019\/11\/enandrol.jpg?v=1678120178","datePublished":"2019-11-19T20:16:31+00:00","dateModified":"2024-01-13T17:33:43+00:00","description":"(Espa\u00f1ol) Con fines terap\u00e9uticos, se usa para tratar los niveles bajos de testosterona en hombres mayores de 40 a\u00f1os.Los atletas lo usan en grandes cantidades para desarrollar su masa muscular y fuerza.\u00bfQu\u00e9 resultados se obtienen durante el ciclo?La testosterona mejorada aumenta el n\u00famero de gl\u00f3bulos rojos, lo que resulta en resistencia muscular y una recuperaci\u00f3n m\u00e1s r\u00e1pida despu\u00e9s de entrenamientos intensos.","breadcrumb":{"@id":"https:\/\/iberoid.com\/it\/product\/enandrol\/#breadcrumb"},"inLanguage":"it-IT","potentialAction":[{"@type":"ReadAction","target":[["https:\/\/iberoid.com\/it\/product\/enandrol\/"]]}]},{"@type":"ImageObject","inLanguage":"it-IT","@id":"https:\/\/iberoid.com\/it\/product\/enandrol\/#primaryimage","url":"https:\/\/iberoid.com\/wp-content\/uploads\/2019\/11\/enandrol.jpg?v=1678120178","contentUrl":"https:\/\/iberoid.com\/wp-content\/uploads\/2019\/11\/enandrol.jpg?v=1678120178","width":2160,"height":2160},{"@type":"BreadcrumbList","@id":"https:\/\/iberoid.com\/it\/product\/enandrol\/#breadcrumb","itemListElement":[{"@type":"ListItem","position":1,"name":"Portada","item":"https:\/\/iberoid.com\/it\/"},{"@type":"ListItem","position":2,"name":"Negozio","item":"https:\/\/iberoid.com\/it\/shop\/"},{"@type":"ListItem","position":3,"name":"Enandrol BALKAN NEW LINE"}]},{"@type":"WebSite","@id":"https:\/\/iberoid.com\/it\/#website","url":"https:\/\/iberoid.com\/it\/","name":"Steroidi in linea","description":"Acquista steroidi online oggi in Spagna e Portogallo. Abbiamo il miglior servizio clienti del settore e prodotti di altissima qualit\u00e0","potentialAction":[{"@type":"SearchAction","target":{"@type":"EntryPoint","urlTemplate":"https:\/\/iberoid.com\/it\/?s={search_term_string}"},"query-input":{"@type":"PropertyValueSpecification","valueRequired":true,"valueName":"search_term_string"}}],"inLanguage":"it-IT"}]},"product_brand":"Balkan Pharmaceuticals","product_price_amount":"55.00","product_price_currency":"EUR","og_availability":"out of stock","product_availability":"out of stock","product_condition":"new"},"_links":{"self":[{"href":"https:\/\/iberoid.com\/it\/wp-json\/wp\/v2\/product\/2996","targetHints":{"allow":["GET"]}}],"collection":[{"href":"https:\/\/iberoid.com\/it\/wp-json\/wp\/v2\/product"}],"about":[{"href":"https:\/\/iberoid.com\/it\/wp-json\/wp\/v2\/types\/product"}],"replies":[{"embeddable":true,"href":"https:\/\/iberoid.com\/it\/wp-json\/wp\/v2\/comments?post=2996"}],"wp:featuredmedia":[{"embeddable":true,"href":"https:\/\/iberoid.com\/it\/wp-json\/wp\/v2\/media\/2998"}],"wp:attachment":[{"href":"https:\/\/iberoid.com\/it\/wp-json\/wp\/v2\/media?parent=2996"}],"wp:term":[{"taxonomy":"product_brand","embeddable":true,"href":"https:\/\/iberoid.com\/it\/wp-json\/wp\/v2\/product_brand?post=2996"},{"taxonomy":"product_cat","embeddable":true,"href":"https:\/\/iberoid.com\/it\/wp-json\/wp\/v2\/product_cat?post=2996"},{"taxonomy":"product_tag","embeddable":true,"href":"https:\/\/iberoid.com\/it\/wp-json\/wp\/v2\/product_tag?post=2996"}],"curies":[{"name":"wp","href":"https:\/\/api.w.org\/{rel}","templated":true}]}}