{"id":3048,"date":"2019-11-20T20:31:44","date_gmt":"2019-11-20T20:31:44","guid":{"rendered":"https:\/\/iberoid.com\/?post_type=product&#038;p=3048"},"modified":"2025-05-11T13:49:37","modified_gmt":"2025-05-11T13:49:37","slug":"boldoged","status":"publish","type":"product","link":"https:\/\/iberoid.com\/it\/product\/boldoged\/","title":{"rendered":"Boldoged- BOLDENON- EQUIOPSE."},"content":{"rendered":"<p>Boldenon o equipise \u00e8 uno steroide veterinario utilizzato dagli uomini. \u00c8 ben noto tra gli atleti dopo il trenbolone, ha buone caratteristiche anaboliche e effetti collaterali relativamente piccoli.<\/p>\n<p>Boldenon \u00e8 un derivato del testosterone Cara e ha alti effetti anabolizzanti e piccoli effetti androgeni. Ha una durata d&#8217;azione di 2-3 settimane. In medicina veterinaria viene utilizzato principalmente nei cavalli. \u00c8 stato prodotto per uso umano dagli anni &#8217;50.<\/p>\n<p>Boldenone \u00e8 stato creato per produrre un estere iniettabile pi\u00f9 lungo di danabol. \u00c8 un metilrostenolone 17-alfa non metilato. \u00c8 anabolico come il testosterone, ma ha il doppio degli effetti androgeni. Non aumenta la massa muscolare del testosterone, ma l&#8217;aumento della forza \u00e8 simile.<\/p>\n<p>Boldenone aumenta il numero di globuli rossi pi\u00f9 di altri steroidi. Gli effetti benefici di questo steroide sono apprezzati dagli atleti, essendo uno steroide popolare.<\/p>\n<p>Per molte persone \u00e8 decadurabolina notevolmente pi\u00f9 forte, ma questo \u00e8 sbagliato, perch\u00e9 la somministrazione di boldenon provoca una minore massa muscolare.<\/p>\n<p>Ha una lunga emivita e quindi la massa muscolare si accumula pi\u00f9 lentamente, ma \u00e8 di buona qualit\u00e0. Si consiglia di somministrare per 12 settimane per ottenere buoni risultati.<\/p>\n<p>Nella terapia post-ciclo, \u00e8 richiesto il tamoxifene. Viene somministrato almeno una volta alla settimana in dosi di 400-800 mg a settimana.<\/p>","protected":false},"excerpt":{"rendered":"<p>Boldenon o equipise \u00e8 uno steroide veterinario utilizzato dagli uomini. \u00c8 ben noto tra gli atleti dopo il trenbolone, ha<\/p>\n","protected":false},"featured_media":3050,"comment_status":"open","ping_status":"closed","template":"","meta":[],"product_brand":[],"product_cat":[69],"product_tag":[],"class_list":{"0":"post-3048","1":"product","2":"type-product","3":"status-publish","4":"has-post-thumbnail","6":"product_cat-esteroides_inyectables","8":"first","9":"outofstock","10":"sale","11":"shipping-taxable","12":"purchasable","13":"product-type-simple"},"yoast_head":"<!-- This site is optimized with the Yoast SEO Premium plugin v24.4 (Yoast SEO v27.0) - https:\/\/yoast.com\/product\/yoast-seo-premium-wordpress\/ -->\n<title>Boldoged- BOLDENON- EQUIOPSE. - Steroidi in linea<\/title>\n<meta name=\"description\" content=\"(Espa\u00f1ol) Boldenon es un derivado de la testosterona Cara y tiene altos efectos anab\u00f3licos y peque\u00f1os efectos androg\u00e9nicos.\" \/>\n<meta name=\"robots\" content=\"index, follow, max-snippet:-1, max-image-preview:large, max-video-preview:-1\" \/>\n<link rel=\"canonical\" href=\"https:\/\/iberoid.com\/it\/product\/boldoged\/\" \/>\n<meta property=\"og:locale\" content=\"it_IT\" \/>\n<meta property=\"og:type\" content=\"article\" \/>\n<meta property=\"og:title\" content=\"Boldoged- BOLDENON- EQUIOPSE.\" \/>\n<meta property=\"og:description\" content=\"(Espa\u00f1ol) Boldenon es un derivado de la testosterona Cara y tiene altos efectos anab\u00f3licos y peque\u00f1os efectos androg\u00e9nicos.\" \/>\n<meta property=\"og:url\" content=\"https:\/\/iberoid.com\/it\/product\/boldoged\/\" \/>\n<meta property=\"og:site_name\" content=\"Steroidi in linea\" \/>\n<meta property=\"article:modified_time\" content=\"2025-05-11T13:49:37+00:00\" \/>\n<meta property=\"og:image\" content=\"https:\/\/iberoid.com\/wp-content\/uploads\/2019\/11\/boldoged.jpg?v=1708914061\" \/>\n\t<meta property=\"og:image:width\" content=\"700\" \/>\n\t<meta property=\"og:image:height\" content=\"700\" \/>\n\t<meta property=\"og:image:type\" content=\"image\/jpeg\" \/>\n<meta name=\"twitter:card\" content=\"summary_large_image\" \/>\n<meta name=\"twitter:label1\" content=\"Prezzo\" \/>\n\t<meta name=\"twitter:data1\" content=\"&euro;40.00\" \/>\n\t<meta name=\"twitter:label2\" content=\"Disponibilit\u00e0\" \/>\n\t<meta name=\"twitter:data2\" content=\"Esaurito\" \/>\n<script type=\"application\/ld+json\" class=\"yoast-schema-graph\">{\"@context\":\"https:\/\/schema.org\",\"@graph\":[{\"@type\":\"WebPage\",\"@id\":\"https:\/\/iberoid.com\/it\/product\/boldoged\/\",\"url\":\"https:\/\/iberoid.com\/it\/product\/boldoged\/\",\"name\":\"Boldoged- BOLDENON- EQUIOPSE. - Steroidi in linea\",\"isPartOf\":{\"@id\":\"https:\/\/iberoid-shop.com\/#website\"},\"primaryImageOfPage\":{\"@id\":\"https:\/\/iberoid.com\/it\/product\/boldoged\/#primaryimage\"},\"image\":{\"@id\":\"https:\/\/iberoid.com\/it\/product\/boldoged\/#primaryimage\"},\"thumbnailUrl\":\"https:\/\/iberoid.com\/wp-content\/uploads\/2019\/11\/boldoged.jpg?v=1708914061\",\"datePublished\":\"2019-11-20T20:31:44+00:00\",\"dateModified\":\"2025-05-11T13:49:37+00:00\",\"description\":\"(Espa\u00f1ol) Boldenon es un derivado de la testosterona Cara y tiene altos efectos anab\u00f3licos y peque\u00f1os efectos androg\u00e9nicos.\",\"breadcrumb\":{\"@id\":\"https:\/\/iberoid.com\/it\/product\/boldoged\/#breadcrumb\"},\"inLanguage\":\"it-IT\",\"potentialAction\":[{\"@type\":\"ReadAction\",\"target\":[[\"https:\/\/iberoid.com\/it\/product\/boldoged\/\"]]}]},{\"@type\":\"ImageObject\",\"inLanguage\":\"it-IT\",\"@id\":\"https:\/\/iberoid.com\/it\/product\/boldoged\/#primaryimage\",\"url\":\"https:\/\/iberoid.com\/wp-content\/uploads\/2019\/11\/boldoged.jpg?v=1708914061\",\"contentUrl\":\"https:\/\/iberoid.com\/wp-content\/uploads\/2019\/11\/boldoged.jpg?v=1708914061\",\"width\":700,\"height\":700},{\"@type\":\"BreadcrumbList\",\"@id\":\"https:\/\/iberoid.com\/it\/product\/boldoged\/#breadcrumb\",\"itemListElement\":[{\"@type\":\"ListItem\",\"position\":1,\"name\":\"Portada\",\"item\":\"https:\/\/iberoid.com\/it\/\"},{\"@type\":\"ListItem\",\"position\":2,\"name\":\"Negozio\",\"item\":\"https:\/\/iberoid.com\/it\/shop\/\"},{\"@type\":\"ListItem\",\"position\":3,\"name\":\"Boldoged- BOLDENON- EQUIOPSE.\"}]},{\"@type\":\"WebSite\",\"@id\":\"https:\/\/iberoid-shop.com\/#website\",\"url\":\"https:\/\/iberoid-shop.com\/\",\"name\":\"Steroidi in linea\",\"description\":\"Acquista steroidi online oggi in Spagna e Portogallo. Abbiamo il miglior servizio clienti del settore e prodotti di altissima qualit\u00e0\",\"potentialAction\":[{\"@type\":\"SearchAction\",\"target\":{\"@type\":\"EntryPoint\",\"urlTemplate\":\"https:\/\/iberoid-shop.com\/?s={search_term_string}\"},\"query-input\":{\"@type\":\"PropertyValueSpecification\",\"valueRequired\":true,\"valueName\":\"search_term_string\"}}],\"inLanguage\":\"it-IT\"}]}<\/script>\n<meta property=\"product:brand\" content=\"Euro Prime Pharmaceuticals (EPF)\" \/>\n<meta property=\"product:price:amount\" content=\"40.00\" \/>\n<meta property=\"product:price:currency\" content=\"EUR\" \/>\n<meta property=\"og:availability\" content=\"out of stock\" \/>\n<meta property=\"product:availability\" content=\"out of stock\" \/>\n<meta property=\"product:condition\" content=\"new\" \/>\n<!-- \/ Yoast SEO Premium plugin. -->","yoast_head_json":{"title":"Boldoged- BOLDENON- EQUIOPSE. - Steroidi in linea","description":"(Espa\u00f1ol) Boldenon es un derivado de la testosterona Cara y tiene altos efectos anab\u00f3licos y peque\u00f1os efectos androg\u00e9nicos.","robots":{"index":"index","follow":"follow","max-snippet":"max-snippet:-1","max-image-preview":"max-image-preview:large","max-video-preview":"max-video-preview:-1"},"canonical":"https:\/\/iberoid.com\/it\/product\/boldoged\/","og_locale":"it_IT","og_type":"article","og_title":"Boldoged- BOLDENON- EQUIOPSE.","og_description":"(Espa\u00f1ol) Boldenon es un derivado de la testosterona Cara y tiene altos efectos anab\u00f3licos y peque\u00f1os efectos androg\u00e9nicos.","og_url":"https:\/\/iberoid.com\/it\/product\/boldoged\/","og_site_name":"Steroidi in linea","article_modified_time":"2025-05-11T13:49:37+00:00","og_image":[{"width":700,"height":700,"url":"https:\/\/iberoid.com\/wp-content\/uploads\/2019\/11\/boldoged.jpg?v=1708914061","type":"image\/jpeg"}],"twitter_card":"summary_large_image","twitter_misc":{"Prezzo":"&euro;40.00","Disponibilit\u00e0":"Esaurito"},"schema":{"@context":"https:\/\/schema.org","@graph":[{"@type":"WebPage","@id":"https:\/\/iberoid.com\/it\/product\/boldoged\/","url":"https:\/\/iberoid.com\/it\/product\/boldoged\/","name":"Boldoged- BOLDENON- EQUIOPSE. - Steroidi in linea","isPartOf":{"@id":"https:\/\/iberoid-shop.com\/#website"},"primaryImageOfPage":{"@id":"https:\/\/iberoid.com\/it\/product\/boldoged\/#primaryimage"},"image":{"@id":"https:\/\/iberoid.com\/it\/product\/boldoged\/#primaryimage"},"thumbnailUrl":"https:\/\/iberoid.com\/wp-content\/uploads\/2019\/11\/boldoged.jpg?v=1708914061","datePublished":"2019-11-20T20:31:44+00:00","dateModified":"2025-05-11T13:49:37+00:00","description":"(Espa\u00f1ol) Boldenon es un derivado de la testosterona Cara y tiene altos efectos anab\u00f3licos y peque\u00f1os efectos androg\u00e9nicos.","breadcrumb":{"@id":"https:\/\/iberoid.com\/it\/product\/boldoged\/#breadcrumb"},"inLanguage":"it-IT","potentialAction":[{"@type":"ReadAction","target":[["https:\/\/iberoid.com\/it\/product\/boldoged\/"]]}]},{"@type":"ImageObject","inLanguage":"it-IT","@id":"https:\/\/iberoid.com\/it\/product\/boldoged\/#primaryimage","url":"https:\/\/iberoid.com\/wp-content\/uploads\/2019\/11\/boldoged.jpg?v=1708914061","contentUrl":"https:\/\/iberoid.com\/wp-content\/uploads\/2019\/11\/boldoged.jpg?v=1708914061","width":700,"height":700},{"@type":"BreadcrumbList","@id":"https:\/\/iberoid.com\/it\/product\/boldoged\/#breadcrumb","itemListElement":[{"@type":"ListItem","position":1,"name":"Portada","item":"https:\/\/iberoid.com\/it\/"},{"@type":"ListItem","position":2,"name":"Negozio","item":"https:\/\/iberoid.com\/it\/shop\/"},{"@type":"ListItem","position":3,"name":"Boldoged- BOLDENON- EQUIOPSE."}]},{"@type":"WebSite","@id":"https:\/\/iberoid-shop.com\/#website","url":"https:\/\/iberoid-shop.com\/","name":"Steroidi in linea","description":"Acquista steroidi online oggi in Spagna e Portogallo. Abbiamo il miglior servizio clienti del settore e prodotti di altissima qualit\u00e0","potentialAction":[{"@type":"SearchAction","target":{"@type":"EntryPoint","urlTemplate":"https:\/\/iberoid-shop.com\/?s={search_term_string}"},"query-input":{"@type":"PropertyValueSpecification","valueRequired":true,"valueName":"search_term_string"}}],"inLanguage":"it-IT"}]},"product_brand":"Euro Prime Pharmaceuticals (EPF)","product_price_amount":"40.00","product_price_currency":"EUR","og_availability":"out of stock","product_availability":"out of stock","product_condition":"new"},"_links":{"self":[{"href":"https:\/\/iberoid.com\/it\/wp-json\/wp\/v2\/product\/3048","targetHints":{"allow":["GET"]}}],"collection":[{"href":"https:\/\/iberoid.com\/it\/wp-json\/wp\/v2\/product"}],"about":[{"href":"https:\/\/iberoid.com\/it\/wp-json\/wp\/v2\/types\/product"}],"replies":[{"embeddable":true,"href":"https:\/\/iberoid.com\/it\/wp-json\/wp\/v2\/comments?post=3048"}],"wp:featuredmedia":[{"embeddable":true,"href":"https:\/\/iberoid.com\/it\/wp-json\/wp\/v2\/media\/3050"}],"wp:attachment":[{"href":"https:\/\/iberoid.com\/it\/wp-json\/wp\/v2\/media?parent=3048"}],"wp:term":[{"taxonomy":"product_brand","embeddable":true,"href":"https:\/\/iberoid.com\/it\/wp-json\/wp\/v2\/product_brand?post=3048"},{"taxonomy":"product_cat","embeddable":true,"href":"https:\/\/iberoid.com\/it\/wp-json\/wp\/v2\/product_cat?post=3048"},{"taxonomy":"product_tag","embeddable":true,"href":"https:\/\/iberoid.com\/it\/wp-json\/wp\/v2\/product_tag?post=3048"}],"curies":[{"name":"wp","href":"https:\/\/api.w.org\/{rel}","templated":true}]}}