{"id":3072,"date":"2019-11-20T20:45:23","date_gmt":"2019-11-20T20:45:23","guid":{"rendered":"https:\/\/iberoid.com\/?post_type=product&#038;p=3072"},"modified":"2026-03-11T16:51:17","modified_gmt":"2026-03-11T16:51:17","slug":"primoged","status":"publish","type":"product","link":"https:\/\/iberoid.com\/it\/product\/primoged\/","title":{"rendered":"Primoged &#8211; Primobolan &#8211; PREMIUM"},"content":{"rendered":"<p><strong>Primobolan<\/strong> si trova in entrambe le forme iniettabili e compresse. Primobolan iniettabile \u00e8 chiamato primobolan di deposito. La somministrazione di Primobolan non aiuta un rapido aumento della massa muscolare e della forza, quindi viene somministrata per un lungo periodo di tempo.<\/p>\n<p>Dopo la somministrazione di primobolan, la massa muscolare ottenuta sar\u00e0 di qualit\u00e0 senza grassi e senza grassi. La tabella verr\u00e0 mantenuta per la maggior parte. Per essere efficace, deve essere somministrato per un lungo periodo di tempo e in grandi quantit\u00e0. La soluzione orale deve essere usata per 12 settimane, ad una dose di almeno 500 mg \/ settimana. Pu\u00f2 essere combinato meglio con il maestro, un altro ottimo steroide per definizione.<\/p>\n<p>Una caratteristica importante del primobolan \u00e8 che contribuisce a bruciare i grassi. Primobolan aiuta anche nel trattamento dei tumori al seno, non \u00e8 necessario utilizzare antiestrogeni durante i cicli di primobolan. Primobolan pu\u00f2 essere aggiunto alle cellule steroidee con un alto grado di ginecomastia, per aiutare a prevenirlo.<\/p>\n<p>Primobolan iniettabile \u00e8 meglio di iniettabile perch\u00e9 non passa attraverso il fegato ed \u00e8 pi\u00f9 efficiente. Primobolan orale non \u00e8 tossico per il fegato. Tuttavia, \u00e8 necessario somministrarlo in dosi molto elevate di 100-200 mg \/ die. Il ciclo orale di primobolan dovrebbe durare almeno 6 settimane.<\/p>","protected":false},"excerpt":{"rendered":"<p>Primobolan si trova in entrambe le forme iniettabili e compresse. Primobolan iniettabile \u00e8 chiamato primobolan di deposito. La somministrazione di<\/p>\n","protected":false},"featured_media":9309,"comment_status":"open","ping_status":"closed","template":"","meta":[],"product_brand":[],"product_cat":[69],"product_tag":[],"class_list":{"0":"post-3072","1":"product","2":"type-product","3":"status-publish","4":"has-post-thumbnail","6":"product_cat-esteroides_inyectables","8":"first","9":"instock","10":"sale","11":"shipping-taxable","12":"purchasable","13":"product-type-simple"},"yoast_head":"<!-- This site is optimized with the Yoast SEO Premium plugin v24.4 (Yoast SEO v27.3) - https:\/\/yoast.com\/product\/yoast-seo-premium-wordpress\/ -->\n<title>Primoged - Primobolan - PREMIUM - Steroidi in linea<\/title>\n<meta name=\"description\" content=\"Primobolan: per guadagni muscolari magri e di qualit\u00e0 e per bruciare i grassi in cicli lunghi (12+ settimane orale, 500mg+\/settimana). Minima ritenzione idrica, non necessita di antiestrogeni. Preferibile la forma iniettabile.\" \/>\n<meta name=\"robots\" content=\"index, follow, max-snippet:-1, max-image-preview:large, max-video-preview:-1\" \/>\n<link rel=\"canonical\" href=\"https:\/\/iberoid.com\/it\/product\/primoged\/\" \/>\n<meta property=\"og:locale\" content=\"it_IT\" \/>\n<meta property=\"og:type\" content=\"article\" \/>\n<meta property=\"og:title\" content=\"Primoged - Primobolan - PREMIUM\" \/>\n<meta property=\"og:description\" content=\"Primobolan: per guadagni muscolari magri e di qualit\u00e0 e per bruciare i grassi in cicli lunghi (12+ settimane orale, 500mg+\/settimana). Minima ritenzione idrica, non necessita di antiestrogeni. Preferibile la forma iniettabile.\" \/>\n<meta property=\"og:url\" content=\"https:\/\/iberoid.com\/it\/product\/primoged\/\" \/>\n<meta property=\"og:site_name\" content=\"Steroidi in linea\" \/>\n<meta property=\"article:modified_time\" content=\"2026-03-11T16:51:17+00:00\" \/>\n<meta property=\"og:image\" content=\"https:\/\/iberoid.com\/wp-content\/uploads\/2019\/11\/prim.jpg?v=1711900666\" \/>\n\t<meta property=\"og:image:width\" content=\"1600\" \/>\n\t<meta property=\"og:image:height\" content=\"1600\" \/>\n\t<meta property=\"og:image:type\" content=\"image\/jpeg\" \/>\n<meta name=\"twitter:card\" content=\"summary_large_image\" \/>\n<meta name=\"twitter:label1\" content=\"Prezzo\" \/>\n\t<meta name=\"twitter:data1\" content=\"&euro;60.00\" \/>\n\t<meta name=\"twitter:label2\" content=\"Disponibilit\u00e0\" \/>\n\t<meta name=\"twitter:data2\" content=\"In stock\" \/>\n<script type=\"application\/ld+json\" class=\"yoast-schema-graph\">{\"@context\":\"https:\\\/\\\/schema.org\",\"@graph\":[{\"@type\":\"WebPage\",\"@id\":\"https:\\\/\\\/iberoid.com\\\/it\\\/product\\\/primoged\\\/\",\"url\":\"https:\\\/\\\/iberoid.com\\\/it\\\/product\\\/primoged\\\/\",\"name\":\"Primoged - Primobolan - PREMIUM - Steroidi in linea\",\"isPartOf\":{\"@id\":\"https:\\\/\\\/iberoid.com\\\/it\\\/#website\"},\"primaryImageOfPage\":{\"@id\":\"https:\\\/\\\/iberoid.com\\\/it\\\/product\\\/primoged\\\/#primaryimage\"},\"image\":{\"@id\":\"https:\\\/\\\/iberoid.com\\\/it\\\/product\\\/primoged\\\/#primaryimage\"},\"thumbnailUrl\":\"https:\\\/\\\/iberoid.com\\\/wp-content\\\/uploads\\\/2019\\\/11\\\/prim.jpg?v=1711900666\",\"datePublished\":\"2019-11-20T20:45:23+00:00\",\"dateModified\":\"2026-03-11T16:51:17+00:00\",\"description\":\"Primobolan: per guadagni muscolari magri e di qualit\u00e0 e per bruciare i grassi in cicli lunghi (12+ settimane orale, 500mg+\\\/settimana). Minima ritenzione idrica, non necessita di antiestrogeni. Preferibile la forma iniettabile.\",\"breadcrumb\":{\"@id\":\"https:\\\/\\\/iberoid.com\\\/it\\\/product\\\/primoged\\\/#breadcrumb\"},\"inLanguage\":\"it-IT\",\"potentialAction\":[{\"@type\":\"ReadAction\",\"target\":[[\"https:\\\/\\\/iberoid.com\\\/it\\\/product\\\/primoged\\\/\"]]}]},{\"@type\":\"ImageObject\",\"inLanguage\":\"it-IT\",\"@id\":\"https:\\\/\\\/iberoid.com\\\/it\\\/product\\\/primoged\\\/#primaryimage\",\"url\":\"https:\\\/\\\/iberoid.com\\\/wp-content\\\/uploads\\\/2019\\\/11\\\/prim.jpg?v=1711900666\",\"contentUrl\":\"https:\\\/\\\/iberoid.com\\\/wp-content\\\/uploads\\\/2019\\\/11\\\/prim.jpg?v=1711900666\",\"width\":1600,\"height\":1600},{\"@type\":\"BreadcrumbList\",\"@id\":\"https:\\\/\\\/iberoid.com\\\/it\\\/product\\\/primoged\\\/#breadcrumb\",\"itemListElement\":[{\"@type\":\"ListItem\",\"position\":1,\"name\":\"Portada\",\"item\":\"https:\\\/\\\/iberoid.com\\\/it\\\/\"},{\"@type\":\"ListItem\",\"position\":2,\"name\":\"Negozio\",\"item\":\"https:\\\/\\\/iberoid.com\\\/it\\\/shop\\\/\"},{\"@type\":\"ListItem\",\"position\":3,\"name\":\"Primoged &#8211; Primobolan &#8211; PREMIUM\"}]},{\"@type\":\"WebSite\",\"@id\":\"https:\\\/\\\/iberoid.com\\\/it\\\/#website\",\"url\":\"https:\\\/\\\/iberoid.com\\\/it\\\/\",\"name\":\"Steroidi in linea\",\"description\":\"Acquista steroidi online oggi in Spagna e Portogallo. Abbiamo il miglior servizio clienti del settore e prodotti di altissima qualit\u00e0\",\"potentialAction\":[{\"@type\":\"SearchAction\",\"target\":{\"@type\":\"EntryPoint\",\"urlTemplate\":\"https:\\\/\\\/iberoid.com\\\/it\\\/?s={search_term_string}\"},\"query-input\":{\"@type\":\"PropertyValueSpecification\",\"valueRequired\":true,\"valueName\":\"search_term_string\"}}],\"inLanguage\":\"it-IT\"}]}<\/script>\n<meta property=\"product:brand\" content=\"Euro Prime Pharmaceuticals (EPF)\" \/>\n<meta property=\"product:price:amount\" content=\"60.00\" \/>\n<meta property=\"product:price:currency\" content=\"EUR\" \/>\n<meta property=\"og:availability\" content=\"instock\" \/>\n<meta property=\"product:availability\" content=\"instock\" \/>\n<meta property=\"product:condition\" content=\"new\" \/>\n<!-- \/ Yoast SEO Premium plugin. -->","yoast_head_json":{"title":"Primoged - Primobolan - PREMIUM - Steroidi in linea","description":"Primobolan: per guadagni muscolari magri e di qualit\u00e0 e per bruciare i grassi in cicli lunghi (12+ settimane orale, 500mg+\/settimana). Minima ritenzione idrica, non necessita di antiestrogeni. Preferibile la forma iniettabile.","robots":{"index":"index","follow":"follow","max-snippet":"max-snippet:-1","max-image-preview":"max-image-preview:large","max-video-preview":"max-video-preview:-1"},"canonical":"https:\/\/iberoid.com\/it\/product\/primoged\/","og_locale":"it_IT","og_type":"article","og_title":"Primoged - Primobolan - PREMIUM","og_description":"Primobolan: per guadagni muscolari magri e di qualit\u00e0 e per bruciare i grassi in cicli lunghi (12+ settimane orale, 500mg+\/settimana). Minima ritenzione idrica, non necessita di antiestrogeni. Preferibile la forma iniettabile.","og_url":"https:\/\/iberoid.com\/it\/product\/primoged\/","og_site_name":"Steroidi in linea","article_modified_time":"2026-03-11T16:51:17+00:00","og_image":[{"width":1600,"height":1600,"url":"https:\/\/iberoid.com\/wp-content\/uploads\/2019\/11\/prim.jpg?v=1711900666","type":"image\/jpeg"}],"twitter_card":"summary_large_image","twitter_misc":{"Prezzo":"&euro;60.00","Disponibilit\u00e0":"In stock"},"schema":{"@context":"https:\/\/schema.org","@graph":[{"@type":"WebPage","@id":"https:\/\/iberoid.com\/it\/product\/primoged\/","url":"https:\/\/iberoid.com\/it\/product\/primoged\/","name":"Primoged - Primobolan - PREMIUM - Steroidi in linea","isPartOf":{"@id":"https:\/\/iberoid.com\/it\/#website"},"primaryImageOfPage":{"@id":"https:\/\/iberoid.com\/it\/product\/primoged\/#primaryimage"},"image":{"@id":"https:\/\/iberoid.com\/it\/product\/primoged\/#primaryimage"},"thumbnailUrl":"https:\/\/iberoid.com\/wp-content\/uploads\/2019\/11\/prim.jpg?v=1711900666","datePublished":"2019-11-20T20:45:23+00:00","dateModified":"2026-03-11T16:51:17+00:00","description":"Primobolan: per guadagni muscolari magri e di qualit\u00e0 e per bruciare i grassi in cicli lunghi (12+ settimane orale, 500mg+\/settimana). Minima ritenzione idrica, non necessita di antiestrogeni. Preferibile la forma iniettabile.","breadcrumb":{"@id":"https:\/\/iberoid.com\/it\/product\/primoged\/#breadcrumb"},"inLanguage":"it-IT","potentialAction":[{"@type":"ReadAction","target":[["https:\/\/iberoid.com\/it\/product\/primoged\/"]]}]},{"@type":"ImageObject","inLanguage":"it-IT","@id":"https:\/\/iberoid.com\/it\/product\/primoged\/#primaryimage","url":"https:\/\/iberoid.com\/wp-content\/uploads\/2019\/11\/prim.jpg?v=1711900666","contentUrl":"https:\/\/iberoid.com\/wp-content\/uploads\/2019\/11\/prim.jpg?v=1711900666","width":1600,"height":1600},{"@type":"BreadcrumbList","@id":"https:\/\/iberoid.com\/it\/product\/primoged\/#breadcrumb","itemListElement":[{"@type":"ListItem","position":1,"name":"Portada","item":"https:\/\/iberoid.com\/it\/"},{"@type":"ListItem","position":2,"name":"Negozio","item":"https:\/\/iberoid.com\/it\/shop\/"},{"@type":"ListItem","position":3,"name":"Primoged &#8211; Primobolan &#8211; PREMIUM"}]},{"@type":"WebSite","@id":"https:\/\/iberoid.com\/it\/#website","url":"https:\/\/iberoid.com\/it\/","name":"Steroidi in linea","description":"Acquista steroidi online oggi in Spagna e Portogallo. Abbiamo il miglior servizio clienti del settore e prodotti di altissima qualit\u00e0","potentialAction":[{"@type":"SearchAction","target":{"@type":"EntryPoint","urlTemplate":"https:\/\/iberoid.com\/it\/?s={search_term_string}"},"query-input":{"@type":"PropertyValueSpecification","valueRequired":true,"valueName":"search_term_string"}}],"inLanguage":"it-IT"}]},"product_brand":"Euro Prime Pharmaceuticals (EPF)","product_price_amount":"60.00","product_price_currency":"EUR","og_availability":"instock","product_availability":"instock","product_condition":"new"},"_links":{"self":[{"href":"https:\/\/iberoid.com\/it\/wp-json\/wp\/v2\/product\/3072","targetHints":{"allow":["GET"]}}],"collection":[{"href":"https:\/\/iberoid.com\/it\/wp-json\/wp\/v2\/product"}],"about":[{"href":"https:\/\/iberoid.com\/it\/wp-json\/wp\/v2\/types\/product"}],"replies":[{"embeddable":true,"href":"https:\/\/iberoid.com\/it\/wp-json\/wp\/v2\/comments?post=3072"}],"wp:featuredmedia":[{"embeddable":true,"href":"https:\/\/iberoid.com\/it\/wp-json\/wp\/v2\/media\/9309"}],"wp:attachment":[{"href":"https:\/\/iberoid.com\/it\/wp-json\/wp\/v2\/media?parent=3072"}],"wp:term":[{"taxonomy":"product_brand","embeddable":true,"href":"https:\/\/iberoid.com\/it\/wp-json\/wp\/v2\/product_brand?post=3072"},{"taxonomy":"product_cat","embeddable":true,"href":"https:\/\/iberoid.com\/it\/wp-json\/wp\/v2\/product_cat?post=3072"},{"taxonomy":"product_tag","embeddable":true,"href":"https:\/\/iberoid.com\/it\/wp-json\/wp\/v2\/product_tag?post=3072"}],"curies":[{"name":"wp","href":"https:\/\/api.w.org\/{rel}","templated":true}]}}