{"id":3080,"date":"2019-11-20T20:49:22","date_gmt":"2019-11-20T20:49:22","guid":{"rendered":"https:\/\/iberoid.com\/?post_type=product&#038;p=3080"},"modified":"2026-04-08T15:52:28","modified_gmt":"2026-04-08T15:52:28","slug":"testoged-c","status":"publish","type":"product","link":"https:\/\/iberoid.com\/it\/product\/testoged-c\/","title":{"rendered":"Testoged C\/testosterone cypionate\/EPF"},"content":{"rendered":"<p>Il testosterone scheggiato \u00e8 uno steroide anabolizzante per iniezione sotto forma di una soluzione oleosa progettata per rilasciare testosterone lento. Ha un effetto duraturo di 1-2 settimane. La massima concentrazione di testosterone nel sangue verr\u00e0 raggiunta 24-48 ore dopo l&#8217;iniezione e quindi rilasciata lentamente.<\/p>\n<p>Il trattamento medico viene somministrato ogni 2-3 giorni, ma i migliori effetti si ottengono quando somministrato ogni 10 giorni. Il testosterone medico di Cipro \u00e8 la migliore soluzione per il trattamento di bassi livelli di testosterone. Atleti e culturisti usano dosi ben superiori a quelle terapeutiche per aumentare la massa muscolare e la forza, ma anche per avere prestazioni migliori in velocit\u00e0.<\/p>\n<p>Il testosterone aiuta nella sintesi proteica, cio\u00e8 nell&#8217;anabolismo. Aumenta il numero di globuli rossi, che aumenta la resistenza muscolare e aiuta il recupero dello sforzo fisico. Il testosterone aumenter\u00e0 anche il livello di IgF 1. \u00c8 uno steroide per l&#8217;accumulo di massa, ma anche per definizione, la differenza viene fatta settimanalmente, dieta e se combinato con altri steroidi.<\/p>\n<p>Mantiene l&#8217;acqua nel corpo ma scompare dopo la fine delle ciglia. Per risultati ottimali, \u00e8 necessario mantenere una dieta ricca di proteine \u200b\u200be un allenamento pi\u00f9 efficiente e complesso. Se avverti dolore nell&#8217;area del capezzolo durante il ciclo di testosterone, sono richiesti 10 mg di tamoxifene al giorno.<\/p>\n<p>Il testosterone sopprime la produzione stessa di testosterone, motivo per cui la terapia post-ciclo con clomid, tamoxifene e pregnyl. Per evitare l&#8217;atrofia dei testicoli, durante il ciclo pu\u00f2 essere usato anche pregnyl. La dose di testosterone utilizzata varia tra 500 mg e 1000 mg a settimana, per un minimo di 8 settimane.<\/p>","protected":false},"excerpt":{"rendered":"<p>Il testosterone scheggiato \u00e8 uno steroide anabolizzante per iniezione sotto forma di una soluzione oleosa progettata per rilasciare testosterone lento.<\/p>\n","protected":false},"featured_media":3082,"comment_status":"open","ping_status":"closed","template":"","meta":[],"product_brand":[],"product_cat":[69],"product_tag":[],"class_list":{"0":"post-3080","1":"product","2":"type-product","3":"status-publish","4":"has-post-thumbnail","6":"product_cat-esteroides_inyectables","8":"first","9":"instock","10":"sale","11":"shipping-taxable","12":"purchasable","13":"product-type-simple"},"yoast_head":"<!-- This site is optimized with the Yoast SEO Premium plugin v24.4 (Yoast SEO v27.3) - https:\/\/yoast.com\/product\/yoast-seo-premium-wordpress\/ -->\n<title>Testoged C\/testosterone cypionate\/EPF - Steroidi in linea<\/title>\n<meta name=\"description\" content=\"(Espa\u00f1ol) La testosterona astillada es un esteroide anab\u00f3lico para inyecci\u00f3n en forma de una soluci\u00f3n aceitosa dise\u00f1ada para liberar testosterona lenta.\" \/>\n<meta name=\"robots\" content=\"index, follow, max-snippet:-1, max-image-preview:large, max-video-preview:-1\" \/>\n<link rel=\"canonical\" href=\"https:\/\/iberoid.com\/it\/product\/testoged-c\/\" \/>\n<meta property=\"og:locale\" content=\"it_IT\" \/>\n<meta property=\"og:type\" content=\"article\" \/>\n<meta property=\"og:title\" content=\"Testoged C\/testosterone cypionate\/EPF\" \/>\n<meta property=\"og:description\" content=\"(Espa\u00f1ol) La testosterona astillada es un esteroide anab\u00f3lico para inyecci\u00f3n en forma de una soluci\u00f3n aceitosa dise\u00f1ada para liberar testosterona lenta.\" \/>\n<meta property=\"og:url\" content=\"https:\/\/iberoid.com\/it\/product\/testoged-c\/\" \/>\n<meta property=\"og:site_name\" content=\"Steroidi in linea\" \/>\n<meta property=\"article:modified_time\" content=\"2026-04-08T15:52:28+00:00\" \/>\n<meta property=\"og:image\" content=\"https:\/\/iberoid.com\/wp-content\/uploads\/2019\/11\/testoged_c.jpg?v=1756397789\" \/>\n\t<meta property=\"og:image:width\" content=\"700\" \/>\n\t<meta property=\"og:image:height\" content=\"700\" \/>\n\t<meta property=\"og:image:type\" content=\"image\/jpeg\" \/>\n<meta name=\"twitter:card\" content=\"summary_large_image\" \/>\n<meta name=\"twitter:label1\" content=\"Prezzo\" \/>\n\t<meta name=\"twitter:data1\" content=\"&euro;30.00\" \/>\n\t<meta name=\"twitter:label2\" content=\"Disponibilit\u00e0\" \/>\n\t<meta name=\"twitter:data2\" content=\"In stock\" \/>\n<script type=\"application\/ld+json\" class=\"yoast-schema-graph\">{\"@context\":\"https:\\\/\\\/schema.org\",\"@graph\":[{\"@type\":\"WebPage\",\"@id\":\"https:\\\/\\\/iberoid.com\\\/it\\\/product\\\/testoged-c\\\/\",\"url\":\"https:\\\/\\\/iberoid.com\\\/it\\\/product\\\/testoged-c\\\/\",\"name\":\"Testoged C\\\/testosterone cypionate\\\/EPF - Steroidi in linea\",\"isPartOf\":{\"@id\":\"https:\\\/\\\/iberoid.com\\\/it\\\/#website\"},\"primaryImageOfPage\":{\"@id\":\"https:\\\/\\\/iberoid.com\\\/it\\\/product\\\/testoged-c\\\/#primaryimage\"},\"image\":{\"@id\":\"https:\\\/\\\/iberoid.com\\\/it\\\/product\\\/testoged-c\\\/#primaryimage\"},\"thumbnailUrl\":\"https:\\\/\\\/iberoid.com\\\/wp-content\\\/uploads\\\/2019\\\/11\\\/testoged_c.jpg?v=1756397789\",\"datePublished\":\"2019-11-20T20:49:22+00:00\",\"dateModified\":\"2026-04-08T15:52:28+00:00\",\"description\":\"(Espa\u00f1ol) La testosterona astillada es un esteroide anab\u00f3lico para inyecci\u00f3n en forma de una soluci\u00f3n aceitosa dise\u00f1ada para liberar testosterona lenta.\",\"breadcrumb\":{\"@id\":\"https:\\\/\\\/iberoid.com\\\/it\\\/product\\\/testoged-c\\\/#breadcrumb\"},\"inLanguage\":\"it-IT\",\"potentialAction\":[{\"@type\":\"ReadAction\",\"target\":[[\"https:\\\/\\\/iberoid.com\\\/it\\\/product\\\/testoged-c\\\/\"]]}]},{\"@type\":\"ImageObject\",\"inLanguage\":\"it-IT\",\"@id\":\"https:\\\/\\\/iberoid.com\\\/it\\\/product\\\/testoged-c\\\/#primaryimage\",\"url\":\"https:\\\/\\\/iberoid.com\\\/wp-content\\\/uploads\\\/2019\\\/11\\\/testoged_c.jpg?v=1756397789\",\"contentUrl\":\"https:\\\/\\\/iberoid.com\\\/wp-content\\\/uploads\\\/2019\\\/11\\\/testoged_c.jpg?v=1756397789\",\"width\":700,\"height\":700},{\"@type\":\"BreadcrumbList\",\"@id\":\"https:\\\/\\\/iberoid.com\\\/it\\\/product\\\/testoged-c\\\/#breadcrumb\",\"itemListElement\":[{\"@type\":\"ListItem\",\"position\":1,\"name\":\"Portada\",\"item\":\"https:\\\/\\\/iberoid.com\\\/it\\\/\"},{\"@type\":\"ListItem\",\"position\":2,\"name\":\"Negozio\",\"item\":\"https:\\\/\\\/iberoid.com\\\/it\\\/shop\\\/\"},{\"@type\":\"ListItem\",\"position\":3,\"name\":\"Testoged C\\\/testosterone cypionate\\\/EPF\"}]},{\"@type\":\"WebSite\",\"@id\":\"https:\\\/\\\/iberoid.com\\\/it\\\/#website\",\"url\":\"https:\\\/\\\/iberoid.com\\\/it\\\/\",\"name\":\"Steroidi in linea\",\"description\":\"Acquista steroidi online oggi in Spagna e Portogallo. Abbiamo il miglior servizio clienti del settore e prodotti di altissima qualit\u00e0\",\"potentialAction\":[{\"@type\":\"SearchAction\",\"target\":{\"@type\":\"EntryPoint\",\"urlTemplate\":\"https:\\\/\\\/iberoid.com\\\/it\\\/?s={search_term_string}\"},\"query-input\":{\"@type\":\"PropertyValueSpecification\",\"valueRequired\":true,\"valueName\":\"search_term_string\"}}],\"inLanguage\":\"it-IT\"}]}<\/script>\n<meta property=\"product:brand\" content=\"Euro Prime Pharmaceuticals (EPF)\" \/>\n<meta property=\"product:price:amount\" content=\"30.00\" \/>\n<meta property=\"product:price:currency\" content=\"EUR\" \/>\n<meta property=\"og:availability\" content=\"instock\" \/>\n<meta property=\"product:availability\" content=\"instock\" \/>\n<meta property=\"product:condition\" content=\"new\" \/>\n<!-- \/ Yoast SEO Premium plugin. -->","yoast_head_json":{"title":"Testoged C\/testosterone cypionate\/EPF - Steroidi in linea","description":"(Espa\u00f1ol) La testosterona astillada es un esteroide anab\u00f3lico para inyecci\u00f3n en forma de una soluci\u00f3n aceitosa dise\u00f1ada para liberar testosterona lenta.","robots":{"index":"index","follow":"follow","max-snippet":"max-snippet:-1","max-image-preview":"max-image-preview:large","max-video-preview":"max-video-preview:-1"},"canonical":"https:\/\/iberoid.com\/it\/product\/testoged-c\/","og_locale":"it_IT","og_type":"article","og_title":"Testoged C\/testosterone cypionate\/EPF","og_description":"(Espa\u00f1ol) La testosterona astillada es un esteroide anab\u00f3lico para inyecci\u00f3n en forma de una soluci\u00f3n aceitosa dise\u00f1ada para liberar testosterona lenta.","og_url":"https:\/\/iberoid.com\/it\/product\/testoged-c\/","og_site_name":"Steroidi in linea","article_modified_time":"2026-04-08T15:52:28+00:00","og_image":[{"width":700,"height":700,"url":"https:\/\/iberoid.com\/wp-content\/uploads\/2019\/11\/testoged_c.jpg?v=1756397789","type":"image\/jpeg"}],"twitter_card":"summary_large_image","twitter_misc":{"Prezzo":"&euro;30.00","Disponibilit\u00e0":"In stock"},"schema":{"@context":"https:\/\/schema.org","@graph":[{"@type":"WebPage","@id":"https:\/\/iberoid.com\/it\/product\/testoged-c\/","url":"https:\/\/iberoid.com\/it\/product\/testoged-c\/","name":"Testoged C\/testosterone cypionate\/EPF - Steroidi in linea","isPartOf":{"@id":"https:\/\/iberoid.com\/it\/#website"},"primaryImageOfPage":{"@id":"https:\/\/iberoid.com\/it\/product\/testoged-c\/#primaryimage"},"image":{"@id":"https:\/\/iberoid.com\/it\/product\/testoged-c\/#primaryimage"},"thumbnailUrl":"https:\/\/iberoid.com\/wp-content\/uploads\/2019\/11\/testoged_c.jpg?v=1756397789","datePublished":"2019-11-20T20:49:22+00:00","dateModified":"2026-04-08T15:52:28+00:00","description":"(Espa\u00f1ol) La testosterona astillada es un esteroide anab\u00f3lico para inyecci\u00f3n en forma de una soluci\u00f3n aceitosa dise\u00f1ada para liberar testosterona lenta.","breadcrumb":{"@id":"https:\/\/iberoid.com\/it\/product\/testoged-c\/#breadcrumb"},"inLanguage":"it-IT","potentialAction":[{"@type":"ReadAction","target":[["https:\/\/iberoid.com\/it\/product\/testoged-c\/"]]}]},{"@type":"ImageObject","inLanguage":"it-IT","@id":"https:\/\/iberoid.com\/it\/product\/testoged-c\/#primaryimage","url":"https:\/\/iberoid.com\/wp-content\/uploads\/2019\/11\/testoged_c.jpg?v=1756397789","contentUrl":"https:\/\/iberoid.com\/wp-content\/uploads\/2019\/11\/testoged_c.jpg?v=1756397789","width":700,"height":700},{"@type":"BreadcrumbList","@id":"https:\/\/iberoid.com\/it\/product\/testoged-c\/#breadcrumb","itemListElement":[{"@type":"ListItem","position":1,"name":"Portada","item":"https:\/\/iberoid.com\/it\/"},{"@type":"ListItem","position":2,"name":"Negozio","item":"https:\/\/iberoid.com\/it\/shop\/"},{"@type":"ListItem","position":3,"name":"Testoged C\/testosterone cypionate\/EPF"}]},{"@type":"WebSite","@id":"https:\/\/iberoid.com\/it\/#website","url":"https:\/\/iberoid.com\/it\/","name":"Steroidi in linea","description":"Acquista steroidi online oggi in Spagna e Portogallo. Abbiamo il miglior servizio clienti del settore e prodotti di altissima qualit\u00e0","potentialAction":[{"@type":"SearchAction","target":{"@type":"EntryPoint","urlTemplate":"https:\/\/iberoid.com\/it\/?s={search_term_string}"},"query-input":{"@type":"PropertyValueSpecification","valueRequired":true,"valueName":"search_term_string"}}],"inLanguage":"it-IT"}]},"product_brand":"Euro Prime Pharmaceuticals (EPF)","product_price_amount":"30.00","product_price_currency":"EUR","og_availability":"instock","product_availability":"instock","product_condition":"new"},"_links":{"self":[{"href":"https:\/\/iberoid.com\/it\/wp-json\/wp\/v2\/product\/3080","targetHints":{"allow":["GET"]}}],"collection":[{"href":"https:\/\/iberoid.com\/it\/wp-json\/wp\/v2\/product"}],"about":[{"href":"https:\/\/iberoid.com\/it\/wp-json\/wp\/v2\/types\/product"}],"replies":[{"embeddable":true,"href":"https:\/\/iberoid.com\/it\/wp-json\/wp\/v2\/comments?post=3080"}],"wp:featuredmedia":[{"embeddable":true,"href":"https:\/\/iberoid.com\/it\/wp-json\/wp\/v2\/media\/3082"}],"wp:attachment":[{"href":"https:\/\/iberoid.com\/it\/wp-json\/wp\/v2\/media?parent=3080"}],"wp:term":[{"taxonomy":"product_brand","embeddable":true,"href":"https:\/\/iberoid.com\/it\/wp-json\/wp\/v2\/product_brand?post=3080"},{"taxonomy":"product_cat","embeddable":true,"href":"https:\/\/iberoid.com\/it\/wp-json\/wp\/v2\/product_cat?post=3080"},{"taxonomy":"product_tag","embeddable":true,"href":"https:\/\/iberoid.com\/it\/wp-json\/wp\/v2\/product_tag?post=3080"}],"curies":[{"name":"wp","href":"https:\/\/api.w.org\/{rel}","templated":true}]}}