{"id":5086,"date":"2020-04-06T17:51:01","date_gmt":"2020-04-06T17:51:01","guid":{"rendered":"https:\/\/iberoid.com\/?post_type=product&#038;p=5086"},"modified":"2026-04-01T06:21:10","modified_gmt":"2026-04-01T06:21:10","slug":"trenoged-a-trenbolone-acetato-epf","status":"publish","type":"product","link":"https:\/\/iberoid.com\/it\/product\/trenoged-a-trenbolone-acetato-epf\/","title":{"rendered":"TRENOGED A"},"content":{"rendered":"<p><\/p>\n<p class=\"\" data-start=\"50\" data-end=\"117\"><strong data-start=\"50\" data-end=\"117\">Trenbolone Acetato \u2013 Una Garanzia di Buona Crescita Muscolare&#8221;<\/strong><\/p>\n<p class=\"\" data-start=\"119\" data-end=\"656\">Il trenbolone acetato \u00e8 considerato uno degli steroidi anabolizzanti pi\u00f9 essenziali utilizzati nella categoria del men&#8217;s physique. Appartiene alla classe dei farmaci steroidei, poich\u00e9 ha un effetto androgonico e anabolico pronunciato sul corpo del strongman. Inizialmente, il prodotto \u00e8 stato inventato per l&#8217;uso in medicina veterinaria, specificamente per aumentare la massa nel bestiame. Poich\u00e9 il farmaco ha una vasta gamma di effetti, il trenbolone acetato viene scelto sia per aumentare la massa muscolare che per bruciare i grassi.<\/p>\n<p class=\"\" data-start=\"658\" data-end=\"710\"><strong data-start=\"658\" data-end=\"710\">Descrizione della Sostanza Attiva dello Steroide<\/strong><\/p>\n<p class=\"\" data-start=\"712\" data-end=\"1051\">Come accennato in precedenza, il trenbolone ha origine sintetica. Il suo &#8220;padre&#8221; \u00e8 il nandrolone, anche se oggi sono farmaci diversi con effetti distinti. La forma acetato del trenbolone \u00e8 la pi\u00f9 popolare nelle discipline sportive. A causa della breve emivita dell&#8217;anabolico, non tutti desiderano usarlo per raggiungere i propri obiettivi.<\/p>\n<p class=\"\" data-start=\"1053\" data-end=\"1119\">L&#8217;uso di questo steroide anabolizzante consente agli strongman di:<\/p>\n<ul data-start=\"1121\" data-end=\"1341\">\n<li class=\"\" data-start=\"1121\" data-end=\"1156\">\n<p class=\"\" data-start=\"1123\" data-end=\"1156\">Guadagnare massa muscolare magra;<\/p>\n<\/li>\n<li class=\"\" data-start=\"1157\" data-end=\"1191\">\n<p class=\"\" data-start=\"1159\" data-end=\"1191\">Migliorare la densit\u00e0 muscolare;<\/p>\n<\/li>\n<li class=\"\" data-start=\"1192\" data-end=\"1230\">\n<p class=\"\" data-start=\"1194\" data-end=\"1230\">Migliorare la definizione muscolare;<\/p>\n<\/li>\n<li class=\"\" data-start=\"1231\" data-end=\"1281\">\n<p class=\"\" data-start=\"1233\" data-end=\"1281\">Migliorare le prestazioni di forza e resistenza;<\/p>\n<\/li>\n<li class=\"\" data-start=\"1282\" data-end=\"1318\">\n<p class=\"\" data-start=\"1284\" data-end=\"1318\">Ipertrofia del desiderio sessuale;<\/p>\n<\/li>\n<li class=\"\" data-start=\"1319\" data-end=\"1341\">\n<p class=\"\" data-start=\"1321\" data-end=\"1341\">Aumento della forza.<\/p>\n<\/li>\n<\/ul>\n<p class=\"\" data-start=\"1343\" data-end=\"1559\">Poich\u00e9 il farmaco ha un effetto androgonico pronunciato, viene spesso usato per bruciare il grasso sottocutaneo. Quando entra nei depositi di grasso, influisce sullo stoccaggio dei grassi, riducendo la loro quantit\u00e0.<\/p>\n<p class=\"\" data-start=\"1561\" data-end=\"1903\">\u00c8 molto popolare tra gli atleti grazie alla sua bassa attivit\u00e0 estrogenica. In altre parole, lo steroide non aromatizza affatto, il che significa che non contribuisce allo sviluppo di caratteri sessuali secondari come la ginecomastia. Il ciclo di trenbolone acetato \u00e8 un&#8217;ottima opportunit\u00e0 per migliorare il corpo e dotarlo di nuove capacit\u00e0.<\/p>\n<p class=\"\" data-start=\"1905\" data-end=\"1946\"><strong data-start=\"1905\" data-end=\"1946\">Applicazione e Dosaggio di Trenoged A<\/strong><\/p>\n<p class=\"\" data-start=\"1948\" data-end=\"2393\">Il Trenoged A pu\u00f2 essere usato sia in un ciclo da solo che in combinazione con altri steroidi. Un ciclo da solo non dovrebbe durare pi\u00f9 di 6 settimane. Durante questo periodo, si pu\u00f2 assumere 50 mg o 100 mg ogni due giorni. Se l&#8217;atleta decide di estendere il ciclo, \u00e8 necessario includere la gonadotropina per evitare sintomi negativi. Dopo aver completato il ciclo di trenbolone acetato, \u00e8 necessaria una terapia post-ciclo (PCT) con Clomifene.<\/p>\n<p class=\"\" data-start=\"2395\" data-end=\"2622\">L&#8217;anabolico pu\u00f2 essere combinato con Anavar e Winstrol, il che dar\u00e0 buoni risultati durante la fase di definizione. La sostanza deve essere assunta alla met\u00e0 della dose ottimale consentita di ciascun farmaco per 2 settimane.<\/p>\n<p><\/p>","protected":false},"excerpt":{"rendered":"<p>Trenbolone Acetato \u2013 Una Garanzia di Buona Crescita Muscolare&#8221; Il trenbolone acetato \u00e8 considerato uno degli steroidi anabolizzanti pi\u00f9 essenziali<\/p>\n","protected":false},"featured_media":8559,"comment_status":"open","ping_status":"closed","template":"","meta":[],"product_brand":[],"product_cat":[69],"product_tag":[],"class_list":{"0":"post-5086","1":"product","2":"type-product","3":"status-publish","4":"has-post-thumbnail","6":"product_cat-esteroides_inyectables","8":"first","9":"instock","10":"sale","11":"shipping-taxable","12":"purchasable","13":"product-type-simple"},"yoast_head":"<!-- This site is optimized with the Yoast SEO Premium plugin v24.4 (Yoast SEO v27.0) - https:\/\/yoast.com\/product\/yoast-seo-premium-wordpress\/ -->\n<title>TRENOGED A - Steroidi in linea<\/title>\n<meta name=\"description\" content=\"Trenbolone Acetato: potente anabolizzante per massa magra, definizione, forza e brucia grassi. Emivita breve, dose tipica 50-100mg a giorni alterni per massimo 6 settimane. PCT richiesto.\" \/>\n<meta name=\"robots\" content=\"index, follow, max-snippet:-1, max-image-preview:large, max-video-preview:-1\" \/>\n<link rel=\"canonical\" href=\"https:\/\/iberoid.com\/it\/product\/trenoged-a-trenbolone-acetato-epf\/\" \/>\n<meta property=\"og:locale\" content=\"it_IT\" \/>\n<meta property=\"og:type\" content=\"article\" \/>\n<meta property=\"og:title\" content=\"TRENOGED A\" \/>\n<meta property=\"og:description\" content=\"Trenbolone Acetato: potente anabolizzante per massa magra, definizione, forza e brucia grassi. Emivita breve, dose tipica 50-100mg a giorni alterni per massimo 6 settimane. PCT richiesto.\" \/>\n<meta property=\"og:url\" content=\"https:\/\/iberoid.com\/it\/product\/trenoged-a-trenbolone-acetato-epf\/\" \/>\n<meta property=\"og:site_name\" content=\"Steroidi in linea\" \/>\n<meta property=\"article:modified_time\" content=\"2026-04-01T06:21:10+00:00\" \/>\n<meta property=\"og:image\" content=\"https:\/\/iberoid.com\/wp-content\/uploads\/2020\/04\/image_6483441-1.jpg?v=1698874256\" \/>\n\t<meta property=\"og:image:width\" content=\"521\" \/>\n\t<meta property=\"og:image:height\" content=\"640\" \/>\n\t<meta property=\"og:image:type\" content=\"image\/jpeg\" \/>\n<meta name=\"twitter:card\" content=\"summary_large_image\" \/>\n<meta name=\"twitter:label1\" content=\"Prezzo\" \/>\n\t<meta name=\"twitter:data1\" content=\"&euro;45.00\" \/>\n\t<meta name=\"twitter:label2\" content=\"Disponibilit\u00e0\" \/>\n\t<meta name=\"twitter:data2\" content=\"In stock\" \/>\n<script type=\"application\/ld+json\" class=\"yoast-schema-graph\">{\"@context\":\"https:\/\/schema.org\",\"@graph\":[{\"@type\":\"WebPage\",\"@id\":\"https:\/\/iberoid.com\/it\/product\/trenoged-a-trenbolone-acetato-epf\/\",\"url\":\"https:\/\/iberoid.com\/it\/product\/trenoged-a-trenbolone-acetato-epf\/\",\"name\":\"TRENOGED A - Steroidi in linea\",\"isPartOf\":{\"@id\":\"https:\/\/iberoid.com\/it\/#website\"},\"primaryImageOfPage\":{\"@id\":\"https:\/\/iberoid.com\/it\/product\/trenoged-a-trenbolone-acetato-epf\/#primaryimage\"},\"image\":{\"@id\":\"https:\/\/iberoid.com\/it\/product\/trenoged-a-trenbolone-acetato-epf\/#primaryimage\"},\"thumbnailUrl\":\"https:\/\/iberoid.com\/wp-content\/uploads\/2020\/04\/image_6483441-1.jpg?v=1698874256\",\"datePublished\":\"2020-04-06T17:51:01+00:00\",\"dateModified\":\"2026-04-01T06:21:10+00:00\",\"description\":\"Trenbolone Acetato: potente anabolizzante per massa magra, definizione, forza e brucia grassi. Emivita breve, dose tipica 50-100mg a giorni alterni per massimo 6 settimane. PCT richiesto.\",\"breadcrumb\":{\"@id\":\"https:\/\/iberoid.com\/it\/product\/trenoged-a-trenbolone-acetato-epf\/#breadcrumb\"},\"inLanguage\":\"it-IT\",\"potentialAction\":[{\"@type\":\"ReadAction\",\"target\":[[\"https:\/\/iberoid.com\/it\/product\/trenoged-a-trenbolone-acetato-epf\/\"]]}]},{\"@type\":\"ImageObject\",\"inLanguage\":\"it-IT\",\"@id\":\"https:\/\/iberoid.com\/it\/product\/trenoged-a-trenbolone-acetato-epf\/#primaryimage\",\"url\":\"https:\/\/iberoid.com\/wp-content\/uploads\/2020\/04\/image_6483441-1.jpg?v=1698874256\",\"contentUrl\":\"https:\/\/iberoid.com\/wp-content\/uploads\/2020\/04\/image_6483441-1.jpg?v=1698874256\",\"width\":521,\"height\":640},{\"@type\":\"BreadcrumbList\",\"@id\":\"https:\/\/iberoid.com\/it\/product\/trenoged-a-trenbolone-acetato-epf\/#breadcrumb\",\"itemListElement\":[{\"@type\":\"ListItem\",\"position\":1,\"name\":\"Portada\",\"item\":\"https:\/\/iberoid.com\/it\/\"},{\"@type\":\"ListItem\",\"position\":2,\"name\":\"Negozio\",\"item\":\"https:\/\/iberoid.com\/it\/shop\/\"},{\"@type\":\"ListItem\",\"position\":3,\"name\":\"TRENOGED A\"}]},{\"@type\":\"WebSite\",\"@id\":\"https:\/\/iberoid.com\/it\/#website\",\"url\":\"https:\/\/iberoid.com\/it\/\",\"name\":\"Steroidi in linea\",\"description\":\"Acquista steroidi online oggi in Spagna e Portogallo. Abbiamo il miglior servizio clienti del settore e prodotti di altissima qualit\u00e0\",\"potentialAction\":[{\"@type\":\"SearchAction\",\"target\":{\"@type\":\"EntryPoint\",\"urlTemplate\":\"https:\/\/iberoid.com\/it\/?s={search_term_string}\"},\"query-input\":{\"@type\":\"PropertyValueSpecification\",\"valueRequired\":true,\"valueName\":\"search_term_string\"}}],\"inLanguage\":\"it-IT\"}]}<\/script>\n<meta property=\"product:brand\" content=\"Euro Prime Pharmaceuticals (EPF)\" \/>\n<meta property=\"product:price:amount\" content=\"45.00\" \/>\n<meta property=\"product:price:currency\" content=\"EUR\" \/>\n<meta property=\"og:availability\" content=\"instock\" \/>\n<meta property=\"product:availability\" content=\"instock\" \/>\n<meta property=\"product:condition\" content=\"new\" \/>\n<!-- \/ Yoast SEO Premium plugin. -->","yoast_head_json":{"title":"TRENOGED A - Steroidi in linea","description":"Trenbolone Acetato: potente anabolizzante per massa magra, definizione, forza e brucia grassi. Emivita breve, dose tipica 50-100mg a giorni alterni per massimo 6 settimane. PCT richiesto.","robots":{"index":"index","follow":"follow","max-snippet":"max-snippet:-1","max-image-preview":"max-image-preview:large","max-video-preview":"max-video-preview:-1"},"canonical":"https:\/\/iberoid.com\/it\/product\/trenoged-a-trenbolone-acetato-epf\/","og_locale":"it_IT","og_type":"article","og_title":"TRENOGED A","og_description":"Trenbolone Acetato: potente anabolizzante per massa magra, definizione, forza e brucia grassi. Emivita breve, dose tipica 50-100mg a giorni alterni per massimo 6 settimane. PCT richiesto.","og_url":"https:\/\/iberoid.com\/it\/product\/trenoged-a-trenbolone-acetato-epf\/","og_site_name":"Steroidi in linea","article_modified_time":"2026-04-01T06:21:10+00:00","og_image":[{"width":521,"height":640,"url":"https:\/\/iberoid.com\/wp-content\/uploads\/2020\/04\/image_6483441-1.jpg?v=1698874256","type":"image\/jpeg"}],"twitter_card":"summary_large_image","twitter_misc":{"Prezzo":"&euro;45.00","Disponibilit\u00e0":"In stock"},"schema":{"@context":"https:\/\/schema.org","@graph":[{"@type":"WebPage","@id":"https:\/\/iberoid.com\/it\/product\/trenoged-a-trenbolone-acetato-epf\/","url":"https:\/\/iberoid.com\/it\/product\/trenoged-a-trenbolone-acetato-epf\/","name":"TRENOGED A - Steroidi in linea","isPartOf":{"@id":"https:\/\/iberoid.com\/it\/#website"},"primaryImageOfPage":{"@id":"https:\/\/iberoid.com\/it\/product\/trenoged-a-trenbolone-acetato-epf\/#primaryimage"},"image":{"@id":"https:\/\/iberoid.com\/it\/product\/trenoged-a-trenbolone-acetato-epf\/#primaryimage"},"thumbnailUrl":"https:\/\/iberoid.com\/wp-content\/uploads\/2020\/04\/image_6483441-1.jpg?v=1698874256","datePublished":"2020-04-06T17:51:01+00:00","dateModified":"2026-04-01T06:21:10+00:00","description":"Trenbolone Acetato: potente anabolizzante per massa magra, definizione, forza e brucia grassi. Emivita breve, dose tipica 50-100mg a giorni alterni per massimo 6 settimane. PCT richiesto.","breadcrumb":{"@id":"https:\/\/iberoid.com\/it\/product\/trenoged-a-trenbolone-acetato-epf\/#breadcrumb"},"inLanguage":"it-IT","potentialAction":[{"@type":"ReadAction","target":[["https:\/\/iberoid.com\/it\/product\/trenoged-a-trenbolone-acetato-epf\/"]]}]},{"@type":"ImageObject","inLanguage":"it-IT","@id":"https:\/\/iberoid.com\/it\/product\/trenoged-a-trenbolone-acetato-epf\/#primaryimage","url":"https:\/\/iberoid.com\/wp-content\/uploads\/2020\/04\/image_6483441-1.jpg?v=1698874256","contentUrl":"https:\/\/iberoid.com\/wp-content\/uploads\/2020\/04\/image_6483441-1.jpg?v=1698874256","width":521,"height":640},{"@type":"BreadcrumbList","@id":"https:\/\/iberoid.com\/it\/product\/trenoged-a-trenbolone-acetato-epf\/#breadcrumb","itemListElement":[{"@type":"ListItem","position":1,"name":"Portada","item":"https:\/\/iberoid.com\/it\/"},{"@type":"ListItem","position":2,"name":"Negozio","item":"https:\/\/iberoid.com\/it\/shop\/"},{"@type":"ListItem","position":3,"name":"TRENOGED A"}]},{"@type":"WebSite","@id":"https:\/\/iberoid.com\/it\/#website","url":"https:\/\/iberoid.com\/it\/","name":"Steroidi in linea","description":"Acquista steroidi online oggi in Spagna e Portogallo. Abbiamo il miglior servizio clienti del settore e prodotti di altissima qualit\u00e0","potentialAction":[{"@type":"SearchAction","target":{"@type":"EntryPoint","urlTemplate":"https:\/\/iberoid.com\/it\/?s={search_term_string}"},"query-input":{"@type":"PropertyValueSpecification","valueRequired":true,"valueName":"search_term_string"}}],"inLanguage":"it-IT"}]},"product_brand":"Euro Prime Pharmaceuticals (EPF)","product_price_amount":"45.00","product_price_currency":"EUR","og_availability":"instock","product_availability":"instock","product_condition":"new"},"_links":{"self":[{"href":"https:\/\/iberoid.com\/it\/wp-json\/wp\/v2\/product\/5086","targetHints":{"allow":["GET"]}}],"collection":[{"href":"https:\/\/iberoid.com\/it\/wp-json\/wp\/v2\/product"}],"about":[{"href":"https:\/\/iberoid.com\/it\/wp-json\/wp\/v2\/types\/product"}],"replies":[{"embeddable":true,"href":"https:\/\/iberoid.com\/it\/wp-json\/wp\/v2\/comments?post=5086"}],"wp:featuredmedia":[{"embeddable":true,"href":"https:\/\/iberoid.com\/it\/wp-json\/wp\/v2\/media\/8559"}],"wp:attachment":[{"href":"https:\/\/iberoid.com\/it\/wp-json\/wp\/v2\/media?parent=5086"}],"wp:term":[{"taxonomy":"product_brand","embeddable":true,"href":"https:\/\/iberoid.com\/it\/wp-json\/wp\/v2\/product_brand?post=5086"},{"taxonomy":"product_cat","embeddable":true,"href":"https:\/\/iberoid.com\/it\/wp-json\/wp\/v2\/product_cat?post=5086"},{"taxonomy":"product_tag","embeddable":true,"href":"https:\/\/iberoid.com\/it\/wp-json\/wp\/v2\/product_tag?post=5086"}],"curies":[{"name":"wp","href":"https:\/\/api.w.org\/{rel}","templated":true}]}}