{"id":5104,"date":"2020-05-10T12:40:06","date_gmt":"2020-05-10T12:40:06","guid":{"rendered":"https:\/\/iberoid.com\/?post_type=product&#038;p=5104"},"modified":"2024-08-06T19:51:49","modified_gmt":"2024-08-06T19:51:49","slug":"hcg-5000-iu-pregnyl","status":"publish","type":"product","link":"https:\/\/iberoid.com\/it\/product\/hcg-5000-iu-pregnyl\/","title":{"rendered":"hcg 5000 iu   PREGNYL"},"content":{"rendered":"<p>Pregnyl 5000 IU Injection \u00e8 un ormone che aiuta l&#8217;uovo nell&#8217;ovaio di una donna a svilupparsi normalmente. Stimola il rilascio di un uovo durante l&#8217;ovulazione, tratta<br \/>\ninfertilit\u00e0 nelle donne, disturbi della ghiandola pituitaria nei ragazzi, tratti sessuali non sviluppati nelle ragazze e aumento del numero di spermatozoi negli uomini. Pregnyl 5000 IU Injection viene iniettato direttamente sotto la pelle o in un muscolo.<\/p>\n<p>Dovresti evitare di usare l&#8217;iniezione di Pregnyl 5000 UI se sei allergico ad esso, se sei incinta, se hai una pubert\u00e0 precoce o se hai problemi ormonali<br \/>\ncancro. Evitare il consumo di alcol durante l&#8217;assunzione di questo medicinale.<\/p>\n<p>Alcuni effetti collaterali dell&#8217;uso di Pregnyl 5000 UI Injection sono forti dolori pelvici, gonfiore delle mani e delle gambe,<br \/>\ndolore addominale,\u00a0fiato corto, aumento di peso,\u00a0diarrea,\u00a0nausea\u00a0o\u00a0vomito\u00a0e urinare meno del normale. Gli effetti collaterali meno gravi includono mal di testa, sensazione di irrequietezza e irritabilit\u00e0, aumento di peso in acqua,<br \/>\ndepressione, gonfiore\u00a0del seno e lieve\u00a0dolore\u00a0nel sito di iniezione.<\/p>\n<p>Quali sono gli usi di Pregnyl 5000 IU Injection<br \/>\nInfertilit\u00e0 femminileQuesto medicinale \u00e8 usato per trattare l&#8217;infertilit\u00e0 nelle donne che non hanno subito la menopausa ma non sono in grado di concepire a causa di squilibri ormonali nel corpo.<br \/>\nInfertilit\u00e0 maschileQuesto medicinale \u00e8 usato per trattare l&#8217;infertilit\u00e0 maschile causata dalla mancanza di uno specifico deficit di secrezione ormonale nel corpo.<br \/>\nCriptorchidismoQuesto medicinale \u00e8 usato per trattare una condizione nei bambini maschi in cui uno di entrambi i testicoli non \u00e8 disceso nel sacco scrotale.<\/p>","protected":false},"excerpt":{"rendered":"<p>Pregnyl 5000 IU Injection \u00e8 un ormone che aiuta l&#8217;uovo nell&#8217;ovaio di una donna a svilupparsi normalmente. Stimola il rilascio<\/p>\n","protected":false},"featured_media":5105,"comment_status":"open","ping_status":"closed","template":"","meta":[],"product_brand":[],"product_cat":[76],"product_tag":[],"class_list":{"0":"post-5104","1":"product","2":"type-product","3":"status-publish","4":"has-post-thumbnail","6":"product_cat-hgh_peptido","8":"first","9":"outofstock","10":"shipping-taxable","11":"purchasable","12":"product-type-simple"},"yoast_head":"<!-- This site is optimized with the Yoast SEO Premium plugin v24.4 (Yoast SEO v27.0) - https:\/\/yoast.com\/product\/yoast-seo-premium-wordpress\/ -->\n<title>hcg 5000 iu  PREGNYL - Steroidi in linea<\/title>\n<meta name=\"robots\" content=\"index, follow, max-snippet:-1, max-image-preview:large, max-video-preview:-1\" \/>\n<link rel=\"canonical\" href=\"https:\/\/iberoid.com\/it\/product\/hcg-5000-iu-pregnyl\/\" \/>\n<meta property=\"og:locale\" content=\"it_IT\" \/>\n<meta property=\"og:type\" content=\"article\" \/>\n<meta property=\"og:title\" content=\"hcg 5000 iu  PREGNYL\" \/>\n<meta property=\"og:description\" content=\"Pregnyl 5000 IU Injection \u00e8 un ormone che aiuta l&#8217;uovo nell&#8217;ovaio di una donna a svilupparsi normalmente. Stimola il rilascio\" \/>\n<meta property=\"og:url\" content=\"https:\/\/iberoid.com\/it\/product\/hcg-5000-iu-pregnyl\/\" \/>\n<meta property=\"og:site_name\" content=\"Steroidi in linea\" \/>\n<meta property=\"article:modified_time\" content=\"2024-08-06T19:51:49+00:00\" \/>\n<meta property=\"og:image\" content=\"https:\/\/iberoid.com\/wp-content\/uploads\/2020\/05\/pregnyl-organon-5000-iu.jpg?v=1720308727\" \/>\n\t<meta property=\"og:image:width\" content=\"800\" \/>\n\t<meta property=\"og:image:height\" content=\"800\" \/>\n\t<meta property=\"og:image:type\" content=\"image\/jpeg\" \/>\n<meta name=\"twitter:card\" content=\"summary_large_image\" \/>\n<meta name=\"twitter:label1\" content=\"Prezzo\" \/>\n\t<meta name=\"twitter:data1\" content=\"&euro;25.00\" \/>\n\t<meta name=\"twitter:label2\" content=\"Disponibilit\u00e0\" \/>\n\t<meta name=\"twitter:data2\" content=\"Esaurito\" \/>\n<script type=\"application\/ld+json\" class=\"yoast-schema-graph\">{\"@context\":\"https:\/\/schema.org\",\"@graph\":[{\"@type\":\"WebPage\",\"@id\":\"https:\/\/iberoid.com\/it\/product\/hcg-5000-iu-pregnyl\/\",\"url\":\"https:\/\/iberoid.com\/it\/product\/hcg-5000-iu-pregnyl\/\",\"name\":\"hcg 5000 iu PREGNYL - Steroidi in linea\",\"isPartOf\":{\"@id\":\"https:\/\/iberoid-shop.com\/#website\"},\"primaryImageOfPage\":{\"@id\":\"https:\/\/iberoid.com\/it\/product\/hcg-5000-iu-pregnyl\/#primaryimage\"},\"image\":{\"@id\":\"https:\/\/iberoid.com\/it\/product\/hcg-5000-iu-pregnyl\/#primaryimage\"},\"thumbnailUrl\":\"https:\/\/iberoid.com\/wp-content\/uploads\/2020\/05\/pregnyl-organon-5000-iu.jpg?v=1720308727\",\"datePublished\":\"2020-05-10T12:40:06+00:00\",\"dateModified\":\"2024-08-06T19:51:49+00:00\",\"breadcrumb\":{\"@id\":\"https:\/\/iberoid.com\/it\/product\/hcg-5000-iu-pregnyl\/#breadcrumb\"},\"inLanguage\":\"it-IT\",\"potentialAction\":[{\"@type\":\"ReadAction\",\"target\":[[\"https:\/\/iberoid.com\/it\/product\/hcg-5000-iu-pregnyl\/\"]]}]},{\"@type\":\"ImageObject\",\"inLanguage\":\"it-IT\",\"@id\":\"https:\/\/iberoid.com\/it\/product\/hcg-5000-iu-pregnyl\/#primaryimage\",\"url\":\"https:\/\/iberoid.com\/wp-content\/uploads\/2020\/05\/pregnyl-organon-5000-iu.jpg?v=1720308727\",\"contentUrl\":\"https:\/\/iberoid.com\/wp-content\/uploads\/2020\/05\/pregnyl-organon-5000-iu.jpg?v=1720308727\",\"width\":800,\"height\":800},{\"@type\":\"BreadcrumbList\",\"@id\":\"https:\/\/iberoid.com\/it\/product\/hcg-5000-iu-pregnyl\/#breadcrumb\",\"itemListElement\":[{\"@type\":\"ListItem\",\"position\":1,\"name\":\"Portada\",\"item\":\"https:\/\/iberoid.com\/it\/\"},{\"@type\":\"ListItem\",\"position\":2,\"name\":\"Negozio\",\"item\":\"https:\/\/iberoid.com\/it\/shop\/\"},{\"@type\":\"ListItem\",\"position\":3,\"name\":\"hcg 5000 iu PREGNYL\"}]},{\"@type\":\"WebSite\",\"@id\":\"https:\/\/iberoid-shop.com\/#website\",\"url\":\"https:\/\/iberoid-shop.com\/\",\"name\":\"Steroidi in linea\",\"description\":\"Acquista steroidi online oggi in Spagna e Portogallo. Abbiamo il miglior servizio clienti del settore e prodotti di altissima qualit\u00e0\",\"potentialAction\":[{\"@type\":\"SearchAction\",\"target\":{\"@type\":\"EntryPoint\",\"urlTemplate\":\"https:\/\/iberoid-shop.com\/?s={search_term_string}\"},\"query-input\":{\"@type\":\"PropertyValueSpecification\",\"valueRequired\":true,\"valueName\":\"search_term_string\"}}],\"inLanguage\":\"it-IT\"}]}<\/script>\n<meta property=\"product:brand\" content=\"Organon\" \/>\n<meta property=\"product:price:amount\" content=\"25.00\" \/>\n<meta property=\"product:price:currency\" content=\"EUR\" \/>\n<meta property=\"og:availability\" content=\"out of stock\" \/>\n<meta property=\"product:availability\" content=\"out of stock\" \/>\n<meta property=\"product:condition\" content=\"new\" \/>\n<!-- \/ Yoast SEO Premium plugin. -->","yoast_head_json":{"title":"hcg 5000 iu  PREGNYL - Steroidi in linea","robots":{"index":"index","follow":"follow","max-snippet":"max-snippet:-1","max-image-preview":"max-image-preview:large","max-video-preview":"max-video-preview:-1"},"canonical":"https:\/\/iberoid.com\/it\/product\/hcg-5000-iu-pregnyl\/","og_locale":"it_IT","og_type":"article","og_title":"hcg 5000 iu  PREGNYL","og_description":"Pregnyl 5000 IU Injection \u00e8 un ormone che aiuta l&#8217;uovo nell&#8217;ovaio di una donna a svilupparsi normalmente. Stimola il rilascio","og_url":"https:\/\/iberoid.com\/it\/product\/hcg-5000-iu-pregnyl\/","og_site_name":"Steroidi in linea","article_modified_time":"2024-08-06T19:51:49+00:00","og_image":[{"width":800,"height":800,"url":"https:\/\/iberoid.com\/wp-content\/uploads\/2020\/05\/pregnyl-organon-5000-iu.jpg?v=1720308727","type":"image\/jpeg"}],"twitter_card":"summary_large_image","twitter_misc":{"Prezzo":"&euro;25.00","Disponibilit\u00e0":"Esaurito"},"schema":{"@context":"https:\/\/schema.org","@graph":[{"@type":"WebPage","@id":"https:\/\/iberoid.com\/it\/product\/hcg-5000-iu-pregnyl\/","url":"https:\/\/iberoid.com\/it\/product\/hcg-5000-iu-pregnyl\/","name":"hcg 5000 iu PREGNYL - Steroidi in linea","isPartOf":{"@id":"https:\/\/iberoid-shop.com\/#website"},"primaryImageOfPage":{"@id":"https:\/\/iberoid.com\/it\/product\/hcg-5000-iu-pregnyl\/#primaryimage"},"image":{"@id":"https:\/\/iberoid.com\/it\/product\/hcg-5000-iu-pregnyl\/#primaryimage"},"thumbnailUrl":"https:\/\/iberoid.com\/wp-content\/uploads\/2020\/05\/pregnyl-organon-5000-iu.jpg?v=1720308727","datePublished":"2020-05-10T12:40:06+00:00","dateModified":"2024-08-06T19:51:49+00:00","breadcrumb":{"@id":"https:\/\/iberoid.com\/it\/product\/hcg-5000-iu-pregnyl\/#breadcrumb"},"inLanguage":"it-IT","potentialAction":[{"@type":"ReadAction","target":[["https:\/\/iberoid.com\/it\/product\/hcg-5000-iu-pregnyl\/"]]}]},{"@type":"ImageObject","inLanguage":"it-IT","@id":"https:\/\/iberoid.com\/it\/product\/hcg-5000-iu-pregnyl\/#primaryimage","url":"https:\/\/iberoid.com\/wp-content\/uploads\/2020\/05\/pregnyl-organon-5000-iu.jpg?v=1720308727","contentUrl":"https:\/\/iberoid.com\/wp-content\/uploads\/2020\/05\/pregnyl-organon-5000-iu.jpg?v=1720308727","width":800,"height":800},{"@type":"BreadcrumbList","@id":"https:\/\/iberoid.com\/it\/product\/hcg-5000-iu-pregnyl\/#breadcrumb","itemListElement":[{"@type":"ListItem","position":1,"name":"Portada","item":"https:\/\/iberoid.com\/it\/"},{"@type":"ListItem","position":2,"name":"Negozio","item":"https:\/\/iberoid.com\/it\/shop\/"},{"@type":"ListItem","position":3,"name":"hcg 5000 iu PREGNYL"}]},{"@type":"WebSite","@id":"https:\/\/iberoid-shop.com\/#website","url":"https:\/\/iberoid-shop.com\/","name":"Steroidi in linea","description":"Acquista steroidi online oggi in Spagna e Portogallo. Abbiamo il miglior servizio clienti del settore e prodotti di altissima qualit\u00e0","potentialAction":[{"@type":"SearchAction","target":{"@type":"EntryPoint","urlTemplate":"https:\/\/iberoid-shop.com\/?s={search_term_string}"},"query-input":{"@type":"PropertyValueSpecification","valueRequired":true,"valueName":"search_term_string"}}],"inLanguage":"it-IT"}]},"product_brand":"Organon","product_price_amount":"25.00","product_price_currency":"EUR","og_availability":"out of stock","product_availability":"out of stock","product_condition":"new"},"_links":{"self":[{"href":"https:\/\/iberoid.com\/it\/wp-json\/wp\/v2\/product\/5104","targetHints":{"allow":["GET"]}}],"collection":[{"href":"https:\/\/iberoid.com\/it\/wp-json\/wp\/v2\/product"}],"about":[{"href":"https:\/\/iberoid.com\/it\/wp-json\/wp\/v2\/types\/product"}],"replies":[{"embeddable":true,"href":"https:\/\/iberoid.com\/it\/wp-json\/wp\/v2\/comments?post=5104"}],"wp:featuredmedia":[{"embeddable":true,"href":"https:\/\/iberoid.com\/it\/wp-json\/wp\/v2\/media\/5105"}],"wp:attachment":[{"href":"https:\/\/iberoid.com\/it\/wp-json\/wp\/v2\/media?parent=5104"}],"wp:term":[{"taxonomy":"product_brand","embeddable":true,"href":"https:\/\/iberoid.com\/it\/wp-json\/wp\/v2\/product_brand?post=5104"},{"taxonomy":"product_cat","embeddable":true,"href":"https:\/\/iberoid.com\/it\/wp-json\/wp\/v2\/product_cat?post=5104"},{"taxonomy":"product_tag","embeddable":true,"href":"https:\/\/iberoid.com\/it\/wp-json\/wp\/v2\/product_tag?post=5104"}],"curies":[{"name":"wp","href":"https:\/\/api.w.org\/{rel}","templated":true}]}}