{"id":5167,"date":"2020-06-12T12:32:27","date_gmt":"2020-06-12T12:32:27","guid":{"rendered":"https:\/\/iberoid.com\/?post_type=product&#038;p=5167"},"modified":"2021-07-26T14:41:50","modified_gmt":"2021-07-26T14:41:50","slug":"proviron-25-mg-100-pastillas","status":"publish","type":"product","link":"https:\/\/iberoid.com\/it\/product\/proviron-25-mg-100-pastillas\/","title":{"rendered":"Proviron"},"content":{"rendered":"<p><\/p>\n<h1>Proviron<\/h1>\n<p>Compresse Mesterolone 25mg<\/p>\n<p>Ogni compressa contiene:<\/p>\n<p>Mesterolone &#8211; 25mg<\/p>\n<p><strong>Proviron<\/strong> \u00e8 una preparazione orale di androgeni che ha solo un lieve effetto inibitorio centrale e, di conseguenza, nessun effetto restrittivo sulla funzione testicolare.<\/p>\n<p>Proviron equilibra una carenza di formazione di androgeni che inizia a diminuire gradualmente con l&#8217;aumentare dell&#8217;et\u00e0.<\/p>\n<p>Pertanto, Proviron \u00e8 adatto per il trattamento di tutte le condizioni causate da insufficiente formazione di androgeni endogeni. Nel dosaggio terapeutico raccomandato, Proviron non comprometter\u00e0 la spermatogenesi. Proviron \u00e8 particolarmente ben tollerato dal fegato.<\/p>\n<p><strong>Dosaggio e amministrazione<\/strong><br \/>\nRiduzione dei disturbi di efficienza e potenza: 1 compressa Proviron 3 volte al giorno. Dopo un soddisfacente miglioramento clinico, si pu\u00f2 provare a ridurre la dose.<\/p>\n<p>Continuazione del trattamento: 1 compressa di Proviron due volte o una volta al giorno. In base al tipo e alla gravit\u00e0 dei reclami, la dose per l&#8217;ulteriore trattamento deve essere adattata alle esigenze individuali.<\/p>\n<p>Si raccomanda un trattamento continuo per un periodo di diversi mesi. L&#8217;ipogonadismo richiede una terapia continua: per lo sviluppo di caratteristiche sessuali maschili secondarie, 1, 2 compresse di Proviron 3 volte al giorno per diversi mesi.<\/p>\n<p>Come dose di mantenimento, 1 compressa di Proviron 2 &#8211; 3 volte al giorno sar\u00e0 spesso sufficiente. infertilit\u00e0 &#8211; per il miglioramento della quantit\u00e0 e della qualit\u00e0 dello sperma: 1 compressa di Proviron 2 &#8211; 3 volte al giorno per un ciclo di spermatogenesi, Le. per circa 90 giorni. Se necessario, il trattamento con Proviron deve essere ripetuto dopo un intervallo di diverse settimane.<\/p>","protected":false},"excerpt":{"rendered":"<p>Proviron Compresse Mesterolone 25mg Ogni compressa contiene: Mesterolone &#8211; 25mg Proviron \u00e8 una preparazione orale di androgeni che ha solo<\/p>\n","protected":false},"featured_media":5168,"comment_status":"open","ping_status":"closed","template":"","meta":[],"product_brand":[],"product_cat":[73],"product_tag":[],"class_list":{"0":"post-5167","1":"product","2":"type-product","3":"status-publish","4":"has-post-thumbnail","6":"product_cat-ssteroides_orales","8":"first","9":"outofstock","10":"sale","11":"shipping-taxable","12":"purchasable","13":"product-type-simple"},"yoast_head":"<!-- This site is optimized with the Yoast SEO Premium plugin v24.4 (Yoast SEO v27.3) - https:\/\/yoast.com\/product\/yoast-seo-premium-wordpress\/ -->\n<title>Proviron - Steroidi in linea<\/title>\n<meta name=\"robots\" content=\"index, follow, max-snippet:-1, max-image-preview:large, max-video-preview:-1\" \/>\n<link rel=\"canonical\" href=\"https:\/\/iberoid.com\/it\/product\/proviron-25-mg-100-pastillas\/\" \/>\n<meta property=\"og:locale\" content=\"it_IT\" \/>\n<meta property=\"og:type\" content=\"article\" \/>\n<meta property=\"og:title\" content=\"Proviron\" \/>\n<meta property=\"og:description\" content=\"Proviron Compresse Mesterolone 25mg Ogni compressa contiene: Mesterolone &#8211; 25mg Proviron \u00e8 una preparazione orale di androgeni che ha solo\" \/>\n<meta property=\"og:url\" content=\"https:\/\/iberoid.com\/it\/product\/proviron-25-mg-100-pastillas\/\" \/>\n<meta property=\"og:site_name\" content=\"Steroidi in linea\" \/>\n<meta property=\"article:modified_time\" content=\"2021-07-26T14:41:50+00:00\" \/>\n<meta property=\"og:image\" content=\"https:\/\/iberoid.com\/wp-content\/uploads\/2020\/06\/provi.png?v=1678120114\" \/>\n\t<meta property=\"og:image:width\" content=\"487\" \/>\n\t<meta property=\"og:image:height\" content=\"365\" \/>\n\t<meta property=\"og:image:type\" content=\"image\/png\" \/>\n<meta name=\"twitter:card\" content=\"summary_large_image\" \/>\n<meta name=\"twitter:label1\" content=\"Prezzo\" \/>\n\t<meta name=\"twitter:data1\" content=\"&euro;20.00\" \/>\n\t<meta name=\"twitter:label2\" content=\"Disponibilit\u00e0\" \/>\n\t<meta name=\"twitter:data2\" content=\"Esaurito\" \/>\n<script type=\"application\/ld+json\" class=\"yoast-schema-graph\">{\"@context\":\"https:\\\/\\\/schema.org\",\"@graph\":[{\"@type\":\"WebPage\",\"@id\":\"https:\\\/\\\/iberoid.com\\\/it\\\/product\\\/proviron-25-mg-100-pastillas\\\/\",\"url\":\"https:\\\/\\\/iberoid.com\\\/it\\\/product\\\/proviron-25-mg-100-pastillas\\\/\",\"name\":\"Proviron - Steroidi in linea\",\"isPartOf\":{\"@id\":\"https:\\\/\\\/iberoid-shop.com\\\/#website\"},\"primaryImageOfPage\":{\"@id\":\"https:\\\/\\\/iberoid.com\\\/it\\\/product\\\/proviron-25-mg-100-pastillas\\\/#primaryimage\"},\"image\":{\"@id\":\"https:\\\/\\\/iberoid.com\\\/it\\\/product\\\/proviron-25-mg-100-pastillas\\\/#primaryimage\"},\"thumbnailUrl\":\"https:\\\/\\\/iberoid.com\\\/wp-content\\\/uploads\\\/2020\\\/06\\\/provi.png?v=1678120114\",\"datePublished\":\"2020-06-12T12:32:27+00:00\",\"dateModified\":\"2021-07-26T14:41:50+00:00\",\"breadcrumb\":{\"@id\":\"https:\\\/\\\/iberoid.com\\\/it\\\/product\\\/proviron-25-mg-100-pastillas\\\/#breadcrumb\"},\"inLanguage\":\"it-IT\",\"potentialAction\":[{\"@type\":\"ReadAction\",\"target\":[[\"https:\\\/\\\/iberoid.com\\\/it\\\/product\\\/proviron-25-mg-100-pastillas\\\/\"]]}]},{\"@type\":\"ImageObject\",\"inLanguage\":\"it-IT\",\"@id\":\"https:\\\/\\\/iberoid.com\\\/it\\\/product\\\/proviron-25-mg-100-pastillas\\\/#primaryimage\",\"url\":\"https:\\\/\\\/iberoid.com\\\/wp-content\\\/uploads\\\/2020\\\/06\\\/provi.png?v=1678120114\",\"contentUrl\":\"https:\\\/\\\/iberoid.com\\\/wp-content\\\/uploads\\\/2020\\\/06\\\/provi.png?v=1678120114\",\"width\":487,\"height\":365},{\"@type\":\"BreadcrumbList\",\"@id\":\"https:\\\/\\\/iberoid.com\\\/it\\\/product\\\/proviron-25-mg-100-pastillas\\\/#breadcrumb\",\"itemListElement\":[{\"@type\":\"ListItem\",\"position\":1,\"name\":\"Portada\",\"item\":\"https:\\\/\\\/iberoid.com\\\/it\\\/\"},{\"@type\":\"ListItem\",\"position\":2,\"name\":\"Negozio\",\"item\":\"https:\\\/\\\/iberoid.com\\\/it\\\/shop\\\/\"},{\"@type\":\"ListItem\",\"position\":3,\"name\":\"Proviron\"}]},{\"@type\":\"WebSite\",\"@id\":\"https:\\\/\\\/iberoid-shop.com\\\/#website\",\"url\":\"https:\\\/\\\/iberoid-shop.com\\\/\",\"name\":\"Steroidi in linea\",\"description\":\"Acquista steroidi online oggi in Spagna e Portogallo. Abbiamo il miglior servizio clienti del settore e prodotti di altissima qualit\u00e0\",\"potentialAction\":[{\"@type\":\"SearchAction\",\"target\":{\"@type\":\"EntryPoint\",\"urlTemplate\":\"https:\\\/\\\/iberoid-shop.com\\\/?s={search_term_string}\"},\"query-input\":{\"@type\":\"PropertyValueSpecification\",\"valueRequired\":true,\"valueName\":\"search_term_string\"}}],\"inLanguage\":\"it-IT\"}]}<\/script>\n<meta property=\"product:brand\" content=\"MultiPharm\" \/>\n<meta property=\"product:price:amount\" content=\"20.00\" \/>\n<meta property=\"product:price:currency\" content=\"EUR\" \/>\n<meta property=\"og:availability\" content=\"out of stock\" \/>\n<meta property=\"product:availability\" content=\"out of stock\" \/>\n<meta property=\"product:condition\" content=\"new\" \/>\n<!-- \/ Yoast SEO Premium plugin. -->","yoast_head_json":{"title":"Proviron - Steroidi in linea","robots":{"index":"index","follow":"follow","max-snippet":"max-snippet:-1","max-image-preview":"max-image-preview:large","max-video-preview":"max-video-preview:-1"},"canonical":"https:\/\/iberoid.com\/it\/product\/proviron-25-mg-100-pastillas\/","og_locale":"it_IT","og_type":"article","og_title":"Proviron","og_description":"Proviron Compresse Mesterolone 25mg Ogni compressa contiene: Mesterolone &#8211; 25mg Proviron \u00e8 una preparazione orale di androgeni che ha solo","og_url":"https:\/\/iberoid.com\/it\/product\/proviron-25-mg-100-pastillas\/","og_site_name":"Steroidi in linea","article_modified_time":"2021-07-26T14:41:50+00:00","og_image":[{"width":487,"height":365,"url":"https:\/\/iberoid.com\/wp-content\/uploads\/2020\/06\/provi.png?v=1678120114","type":"image\/png"}],"twitter_card":"summary_large_image","twitter_misc":{"Prezzo":"&euro;20.00","Disponibilit\u00e0":"Esaurito"},"schema":{"@context":"https:\/\/schema.org","@graph":[{"@type":"WebPage","@id":"https:\/\/iberoid.com\/it\/product\/proviron-25-mg-100-pastillas\/","url":"https:\/\/iberoid.com\/it\/product\/proviron-25-mg-100-pastillas\/","name":"Proviron - Steroidi in linea","isPartOf":{"@id":"https:\/\/iberoid-shop.com\/#website"},"primaryImageOfPage":{"@id":"https:\/\/iberoid.com\/it\/product\/proviron-25-mg-100-pastillas\/#primaryimage"},"image":{"@id":"https:\/\/iberoid.com\/it\/product\/proviron-25-mg-100-pastillas\/#primaryimage"},"thumbnailUrl":"https:\/\/iberoid.com\/wp-content\/uploads\/2020\/06\/provi.png?v=1678120114","datePublished":"2020-06-12T12:32:27+00:00","dateModified":"2021-07-26T14:41:50+00:00","breadcrumb":{"@id":"https:\/\/iberoid.com\/it\/product\/proviron-25-mg-100-pastillas\/#breadcrumb"},"inLanguage":"it-IT","potentialAction":[{"@type":"ReadAction","target":[["https:\/\/iberoid.com\/it\/product\/proviron-25-mg-100-pastillas\/"]]}]},{"@type":"ImageObject","inLanguage":"it-IT","@id":"https:\/\/iberoid.com\/it\/product\/proviron-25-mg-100-pastillas\/#primaryimage","url":"https:\/\/iberoid.com\/wp-content\/uploads\/2020\/06\/provi.png?v=1678120114","contentUrl":"https:\/\/iberoid.com\/wp-content\/uploads\/2020\/06\/provi.png?v=1678120114","width":487,"height":365},{"@type":"BreadcrumbList","@id":"https:\/\/iberoid.com\/it\/product\/proviron-25-mg-100-pastillas\/#breadcrumb","itemListElement":[{"@type":"ListItem","position":1,"name":"Portada","item":"https:\/\/iberoid.com\/it\/"},{"@type":"ListItem","position":2,"name":"Negozio","item":"https:\/\/iberoid.com\/it\/shop\/"},{"@type":"ListItem","position":3,"name":"Proviron"}]},{"@type":"WebSite","@id":"https:\/\/iberoid-shop.com\/#website","url":"https:\/\/iberoid-shop.com\/","name":"Steroidi in linea","description":"Acquista steroidi online oggi in Spagna e Portogallo. Abbiamo il miglior servizio clienti del settore e prodotti di altissima qualit\u00e0","potentialAction":[{"@type":"SearchAction","target":{"@type":"EntryPoint","urlTemplate":"https:\/\/iberoid-shop.com\/?s={search_term_string}"},"query-input":{"@type":"PropertyValueSpecification","valueRequired":true,"valueName":"search_term_string"}}],"inLanguage":"it-IT"}]},"product_brand":"MultiPharm","product_price_amount":"20.00","product_price_currency":"EUR","og_availability":"out of stock","product_availability":"out of stock","product_condition":"new"},"_links":{"self":[{"href":"https:\/\/iberoid.com\/it\/wp-json\/wp\/v2\/product\/5167","targetHints":{"allow":["GET"]}}],"collection":[{"href":"https:\/\/iberoid.com\/it\/wp-json\/wp\/v2\/product"}],"about":[{"href":"https:\/\/iberoid.com\/it\/wp-json\/wp\/v2\/types\/product"}],"replies":[{"embeddable":true,"href":"https:\/\/iberoid.com\/it\/wp-json\/wp\/v2\/comments?post=5167"}],"wp:featuredmedia":[{"embeddable":true,"href":"https:\/\/iberoid.com\/it\/wp-json\/wp\/v2\/media\/5168"}],"wp:attachment":[{"href":"https:\/\/iberoid.com\/it\/wp-json\/wp\/v2\/media?parent=5167"}],"wp:term":[{"taxonomy":"product_brand","embeddable":true,"href":"https:\/\/iberoid.com\/it\/wp-json\/wp\/v2\/product_brand?post=5167"},{"taxonomy":"product_cat","embeddable":true,"href":"https:\/\/iberoid.com\/it\/wp-json\/wp\/v2\/product_cat?post=5167"},{"taxonomy":"product_tag","embeddable":true,"href":"https:\/\/iberoid.com\/it\/wp-json\/wp\/v2\/product_tag?post=5167"}],"curies":[{"name":"wp","href":"https:\/\/api.w.org\/{rel}","templated":true}]}}