{"id":5224,"date":"2020-07-05T12:08:12","date_gmt":"2020-07-05T12:08:12","guid":{"rendered":"https:\/\/iberoid.com\/?post_type=product&#038;p=5224"},"modified":"2026-02-28T09:31:07","modified_gmt":"2026-02-28T09:31:07","slug":"nandrobol-phenyl","status":"publish","type":"product","link":"https:\/\/iberoid.com\/it\/product\/nandrobol-phenyl\/","title":{"rendered":"Nandrobol Phenyl &#8211; NANDROLONE FENIL"},"content":{"rendered":"<p>Gli amplificatori di nandrolone fenilpropionato prodotti da ZPHC sono uno steroide ad azione anabolizzante e androgeno di alta qualit\u00e0. Disponibile in forma liquida per iniezione in fiale da 1 ml con una concentrazione di 100 mg e in una confezione da 10 fiale. I prodotti sono protetti da tre livelli di protezione, quindi concludiamo che il rischio di ottenere un prodotto falso di bassa qualit\u00e0 \u00e8 molto basso. Questo farmaco \u00e8 un rimedio per le seguenti malattie: lesioni gravi, interventi chirurgici, ustioni, osteoporosi e molti altri. Il nandrolone fenilpropionato \u00e8 meno popolare del decanoato, la sua catena eterea \u00e8 due volte pi\u00f9 corta. In linea di principio, non ci sono praticamente differenze fondamentali tra questi due agenti farmacologici, ad eccezione del tempo di rottura dell&#8217;ormone nel sangue. Pensiamo che la differenza pi\u00f9 grande risieda nel ridurre la capacit\u00e0 del fenilpropionato di accumulare liquidi e quindi essere pi\u00f9 compatibile con gli androgeni.<\/p>\n<p>Effetti dell&#8217;assunzione di nandrolone fenilpropionato (fenile)<br \/>\nOltre alle propriet\u00e0 di rapido aumento della massa muscolare, il farmaco ha i seguenti effetti positivi:<\/p>\n<p>L&#8217;aumento della sintesi proteica;<br \/>\nRiduzione delle perdite proteiche da parte delle cellule;<br \/>\nMigliore assorbimento degli amminoacidi dall&#8217;intestino tenue;<br \/>\nRitenzione di liquidi nel tessuto connettivo;<br \/>\nAumenta la prolattina Mantiene il calcio nel corpo. Migliora la produzione di collagene;<br \/>\nRiducendo il dolore ai legamenti, migliorando la mobilit\u00e0 articolare;<br \/>\nRafforza anche il sistema immunitario.<br \/>\nIstruzioni per l&#8217;uso Nandrolone fenilpropionato (fenile)<br \/>\nPoich\u00e9 questo farmaco \u00e8 un etere, che colpisce brevemente il corpo, quindi dovrai fare iniezioni frequenti, vale a dire due o tre iniezioni a settimana, dipende gi\u00e0 dal dosaggio. Si consiglia di mettere nandrolone fenilpropionato in un dosaggio di 200-400 mg a settimana, suddiviso proporzionalmente in pi\u00f9 iniezioni, e la durata del farmaco \u00e8 di 6-8 settimane. E ovviamente non dimentichiamo che il nandrolone fenilpropionato non \u00e8 raccomandato per usare &#8220;solo&#8221;, l&#8217;assistente classico nel ciclo \u00e8 il testosterone.<\/p>","protected":false},"excerpt":{"rendered":"<p>Gli amplificatori di nandrolone fenilpropionato prodotti da ZPHC sono uno steroide ad azione anabolizzante e androgeno di alta qualit\u00e0. Disponibile<\/p>\n","protected":false},"featured_media":5225,"comment_status":"open","ping_status":"closed","template":"","meta":[],"product_brand":[],"product_cat":[69],"product_tag":[],"class_list":{"0":"post-5224","1":"product","2":"type-product","3":"status-publish","4":"has-post-thumbnail","6":"product_cat-esteroides_inyectables","8":"first","9":"instock","10":"sale","11":"shipping-taxable","12":"purchasable","13":"product-type-simple"},"yoast_head":"<!-- This site is optimized with the Yoast SEO Premium plugin v24.4 (Yoast SEO v27.0) - https:\/\/yoast.com\/product\/yoast-seo-premium-wordpress\/ -->\n<title>Nandrobol Phenyl - NANDROLONE FENIL - Steroidi in linea<\/title>\n<meta name=\"description\" content=\"Nandrolona Fenilpropionato (tambi\u00e9n conocido como NPP) es muy \u00fatil para los culturistas y atletas que compiten por su capacidad para obtener resultados r\u00e1pidos y su capacidad para liberarse r\u00e1pidamente del sistema sangu\u00edneo. Sus propiedades son id\u00e9nticas a Deca Durabolin aparte de la tasa de liberaci\u00f3n hormonal. NPP es un constructor de m\u00fasculo magro s\u00faper eficiente, aunque tambi\u00e9n es apreciado por sus beneficios terap\u00e9uticos.\" \/>\n<meta name=\"robots\" content=\"index, follow, max-snippet:-1, max-image-preview:large, max-video-preview:-1\" \/>\n<link rel=\"canonical\" href=\"https:\/\/iberoid.com\/it\/product\/nandrobol-phenyl\/\" \/>\n<meta property=\"og:locale\" content=\"it_IT\" \/>\n<meta property=\"og:type\" content=\"article\" \/>\n<meta property=\"og:title\" content=\"Nandrobol Phenyl - NANDROLONE FENIL\" \/>\n<meta property=\"og:description\" content=\"Nandrolona Fenilpropionato (tambi\u00e9n conocido como NPP) es muy \u00fatil para los culturistas y atletas que compiten por su capacidad para obtener resultados r\u00e1pidos y su capacidad para liberarse r\u00e1pidamente del sistema sangu\u00edneo. Sus propiedades son id\u00e9nticas a Deca Durabolin aparte de la tasa de liberaci\u00f3n hormonal. NPP es un constructor de m\u00fasculo magro s\u00faper eficiente, aunque tambi\u00e9n es apreciado por sus beneficios terap\u00e9uticos.\" \/>\n<meta property=\"og:url\" content=\"https:\/\/iberoid.com\/it\/product\/nandrobol-phenyl\/\" \/>\n<meta property=\"og:site_name\" content=\"Steroidi in linea\" \/>\n<meta property=\"article:modified_time\" content=\"2026-02-28T09:31:07+00:00\" \/>\n<meta property=\"og:image\" content=\"https:\/\/iberoid.com\/wp-content\/uploads\/2020\/07\/NANDROBOL-PHENYL-copia-2-scaled.jpg?v=1678120107\" \/>\n\t<meta property=\"og:image:width\" content=\"1758\" \/>\n\t<meta property=\"og:image:height\" content=\"2560\" \/>\n\t<meta property=\"og:image:type\" content=\"image\/jpeg\" \/>\n<meta name=\"twitter:card\" content=\"summary_large_image\" \/>\n<meta name=\"twitter:label1\" content=\"Prezzo\" \/>\n\t<meta name=\"twitter:data1\" content=\"&euro;20.00\" \/>\n\t<meta name=\"twitter:label2\" content=\"Disponibilit\u00e0\" \/>\n\t<meta name=\"twitter:data2\" content=\"In stock\" \/>\n<script type=\"application\/ld+json\" class=\"yoast-schema-graph\">{\"@context\":\"https:\/\/schema.org\",\"@graph\":[{\"@type\":\"WebPage\",\"@id\":\"https:\/\/iberoid.com\/it\/product\/nandrobol-phenyl\/\",\"url\":\"https:\/\/iberoid.com\/it\/product\/nandrobol-phenyl\/\",\"name\":\"Nandrobol Phenyl - NANDROLONE FENIL - Steroidi in linea\",\"isPartOf\":{\"@id\":\"https:\/\/iberoid-shop.com\/#website\"},\"primaryImageOfPage\":{\"@id\":\"https:\/\/iberoid.com\/it\/product\/nandrobol-phenyl\/#primaryimage\"},\"image\":{\"@id\":\"https:\/\/iberoid.com\/it\/product\/nandrobol-phenyl\/#primaryimage\"},\"thumbnailUrl\":\"https:\/\/iberoid.com\/wp-content\/uploads\/2020\/07\/NANDROBOL-PHENYL-copia-2-scaled.jpg?v=1678120107\",\"datePublished\":\"2020-07-05T12:08:12+00:00\",\"dateModified\":\"2026-02-28T09:31:07+00:00\",\"description\":\"Nandrolona Fenilpropionato (tambi\u00e9n conocido como NPP) es muy \u00fatil para los culturistas y atletas que compiten por su capacidad para obtener resultados r\u00e1pidos y su capacidad para liberarse r\u00e1pidamente del sistema sangu\u00edneo. Sus propiedades son id\u00e9nticas a Deca Durabolin aparte de la tasa de liberaci\u00f3n hormonal. NPP es un constructor de m\u00fasculo magro s\u00faper eficiente, aunque tambi\u00e9n es apreciado por sus beneficios terap\u00e9uticos.\",\"breadcrumb\":{\"@id\":\"https:\/\/iberoid.com\/it\/product\/nandrobol-phenyl\/#breadcrumb\"},\"inLanguage\":\"it-IT\",\"potentialAction\":[{\"@type\":\"ReadAction\",\"target\":[[\"https:\/\/iberoid.com\/it\/product\/nandrobol-phenyl\/\"]]}]},{\"@type\":\"ImageObject\",\"inLanguage\":\"it-IT\",\"@id\":\"https:\/\/iberoid.com\/it\/product\/nandrobol-phenyl\/#primaryimage\",\"url\":\"https:\/\/iberoid.com\/wp-content\/uploads\/2020\/07\/NANDROBOL-PHENYL-copia-2-scaled.jpg?v=1678120107\",\"contentUrl\":\"https:\/\/iberoid.com\/wp-content\/uploads\/2020\/07\/NANDROBOL-PHENYL-copia-2-scaled.jpg?v=1678120107\",\"width\":1758,\"height\":2560},{\"@type\":\"BreadcrumbList\",\"@id\":\"https:\/\/iberoid.com\/it\/product\/nandrobol-phenyl\/#breadcrumb\",\"itemListElement\":[{\"@type\":\"ListItem\",\"position\":1,\"name\":\"Portada\",\"item\":\"https:\/\/iberoid.com\/it\/\"},{\"@type\":\"ListItem\",\"position\":2,\"name\":\"Negozio\",\"item\":\"https:\/\/iberoid.com\/it\/shop\/\"},{\"@type\":\"ListItem\",\"position\":3,\"name\":\"Nandrobol Phenyl &#8211; NANDROLONE FENIL\"}]},{\"@type\":\"WebSite\",\"@id\":\"https:\/\/iberoid-shop.com\/#website\",\"url\":\"https:\/\/iberoid-shop.com\/\",\"name\":\"Steroidi in linea\",\"description\":\"Acquista steroidi online oggi in Spagna e Portogallo. Abbiamo il miglior servizio clienti del settore e prodotti di altissima qualit\u00e0\",\"potentialAction\":[{\"@type\":\"SearchAction\",\"target\":{\"@type\":\"EntryPoint\",\"urlTemplate\":\"https:\/\/iberoid-shop.com\/?s={search_term_string}\"},\"query-input\":{\"@type\":\"PropertyValueSpecification\",\"valueRequired\":true,\"valueName\":\"search_term_string\"}}],\"inLanguage\":\"it-IT\"}]}<\/script>\n<meta property=\"product:brand\" content=\"Pharmabol\" \/>\n<meta property=\"product:price:amount\" content=\"20.00\" \/>\n<meta property=\"product:price:currency\" content=\"EUR\" \/>\n<meta property=\"og:availability\" content=\"instock\" \/>\n<meta property=\"product:availability\" content=\"instock\" \/>\n<meta property=\"product:condition\" content=\"new\" \/>\n<!-- \/ Yoast SEO Premium plugin. -->","yoast_head_json":{"title":"Nandrobol Phenyl - NANDROLONE FENIL - Steroidi in linea","description":"Nandrolona Fenilpropionato (tambi\u00e9n conocido como NPP) es muy \u00fatil para los culturistas y atletas que compiten por su capacidad para obtener resultados r\u00e1pidos y su capacidad para liberarse r\u00e1pidamente del sistema sangu\u00edneo. Sus propiedades son id\u00e9nticas a Deca Durabolin aparte de la tasa de liberaci\u00f3n hormonal. NPP es un constructor de m\u00fasculo magro s\u00faper eficiente, aunque tambi\u00e9n es apreciado por sus beneficios terap\u00e9uticos.","robots":{"index":"index","follow":"follow","max-snippet":"max-snippet:-1","max-image-preview":"max-image-preview:large","max-video-preview":"max-video-preview:-1"},"canonical":"https:\/\/iberoid.com\/it\/product\/nandrobol-phenyl\/","og_locale":"it_IT","og_type":"article","og_title":"Nandrobol Phenyl - NANDROLONE FENIL","og_description":"Nandrolona Fenilpropionato (tambi\u00e9n conocido como NPP) es muy \u00fatil para los culturistas y atletas que compiten por su capacidad para obtener resultados r\u00e1pidos y su capacidad para liberarse r\u00e1pidamente del sistema sangu\u00edneo. Sus propiedades son id\u00e9nticas a Deca Durabolin aparte de la tasa de liberaci\u00f3n hormonal. NPP es un constructor de m\u00fasculo magro s\u00faper eficiente, aunque tambi\u00e9n es apreciado por sus beneficios terap\u00e9uticos.","og_url":"https:\/\/iberoid.com\/it\/product\/nandrobol-phenyl\/","og_site_name":"Steroidi in linea","article_modified_time":"2026-02-28T09:31:07+00:00","og_image":[{"width":1758,"height":2560,"url":"https:\/\/iberoid.com\/wp-content\/uploads\/2020\/07\/NANDROBOL-PHENYL-copia-2-scaled.jpg?v=1678120107","type":"image\/jpeg"}],"twitter_card":"summary_large_image","twitter_misc":{"Prezzo":"&euro;20.00","Disponibilit\u00e0":"In stock"},"schema":{"@context":"https:\/\/schema.org","@graph":[{"@type":"WebPage","@id":"https:\/\/iberoid.com\/it\/product\/nandrobol-phenyl\/","url":"https:\/\/iberoid.com\/it\/product\/nandrobol-phenyl\/","name":"Nandrobol Phenyl - NANDROLONE FENIL - Steroidi in linea","isPartOf":{"@id":"https:\/\/iberoid-shop.com\/#website"},"primaryImageOfPage":{"@id":"https:\/\/iberoid.com\/it\/product\/nandrobol-phenyl\/#primaryimage"},"image":{"@id":"https:\/\/iberoid.com\/it\/product\/nandrobol-phenyl\/#primaryimage"},"thumbnailUrl":"https:\/\/iberoid.com\/wp-content\/uploads\/2020\/07\/NANDROBOL-PHENYL-copia-2-scaled.jpg?v=1678120107","datePublished":"2020-07-05T12:08:12+00:00","dateModified":"2026-02-28T09:31:07+00:00","description":"Nandrolona Fenilpropionato (tambi\u00e9n conocido como NPP) es muy \u00fatil para los culturistas y atletas que compiten por su capacidad para obtener resultados r\u00e1pidos y su capacidad para liberarse r\u00e1pidamente del sistema sangu\u00edneo. Sus propiedades son id\u00e9nticas a Deca Durabolin aparte de la tasa de liberaci\u00f3n hormonal. NPP es un constructor de m\u00fasculo magro s\u00faper eficiente, aunque tambi\u00e9n es apreciado por sus beneficios terap\u00e9uticos.","breadcrumb":{"@id":"https:\/\/iberoid.com\/it\/product\/nandrobol-phenyl\/#breadcrumb"},"inLanguage":"it-IT","potentialAction":[{"@type":"ReadAction","target":[["https:\/\/iberoid.com\/it\/product\/nandrobol-phenyl\/"]]}]},{"@type":"ImageObject","inLanguage":"it-IT","@id":"https:\/\/iberoid.com\/it\/product\/nandrobol-phenyl\/#primaryimage","url":"https:\/\/iberoid.com\/wp-content\/uploads\/2020\/07\/NANDROBOL-PHENYL-copia-2-scaled.jpg?v=1678120107","contentUrl":"https:\/\/iberoid.com\/wp-content\/uploads\/2020\/07\/NANDROBOL-PHENYL-copia-2-scaled.jpg?v=1678120107","width":1758,"height":2560},{"@type":"BreadcrumbList","@id":"https:\/\/iberoid.com\/it\/product\/nandrobol-phenyl\/#breadcrumb","itemListElement":[{"@type":"ListItem","position":1,"name":"Portada","item":"https:\/\/iberoid.com\/it\/"},{"@type":"ListItem","position":2,"name":"Negozio","item":"https:\/\/iberoid.com\/it\/shop\/"},{"@type":"ListItem","position":3,"name":"Nandrobol Phenyl &#8211; NANDROLONE FENIL"}]},{"@type":"WebSite","@id":"https:\/\/iberoid-shop.com\/#website","url":"https:\/\/iberoid-shop.com\/","name":"Steroidi in linea","description":"Acquista steroidi online oggi in Spagna e Portogallo. Abbiamo il miglior servizio clienti del settore e prodotti di altissima qualit\u00e0","potentialAction":[{"@type":"SearchAction","target":{"@type":"EntryPoint","urlTemplate":"https:\/\/iberoid-shop.com\/?s={search_term_string}"},"query-input":{"@type":"PropertyValueSpecification","valueRequired":true,"valueName":"search_term_string"}}],"inLanguage":"it-IT"}]},"product_brand":"Pharmabol","product_price_amount":"20.00","product_price_currency":"EUR","og_availability":"instock","product_availability":"instock","product_condition":"new"},"_links":{"self":[{"href":"https:\/\/iberoid.com\/it\/wp-json\/wp\/v2\/product\/5224","targetHints":{"allow":["GET"]}}],"collection":[{"href":"https:\/\/iberoid.com\/it\/wp-json\/wp\/v2\/product"}],"about":[{"href":"https:\/\/iberoid.com\/it\/wp-json\/wp\/v2\/types\/product"}],"replies":[{"embeddable":true,"href":"https:\/\/iberoid.com\/it\/wp-json\/wp\/v2\/comments?post=5224"}],"wp:featuredmedia":[{"embeddable":true,"href":"https:\/\/iberoid.com\/it\/wp-json\/wp\/v2\/media\/5225"}],"wp:attachment":[{"href":"https:\/\/iberoid.com\/it\/wp-json\/wp\/v2\/media?parent=5224"}],"wp:term":[{"taxonomy":"product_brand","embeddable":true,"href":"https:\/\/iberoid.com\/it\/wp-json\/wp\/v2\/product_brand?post=5224"},{"taxonomy":"product_cat","embeddable":true,"href":"https:\/\/iberoid.com\/it\/wp-json\/wp\/v2\/product_cat?post=5224"},{"taxonomy":"product_tag","embeddable":true,"href":"https:\/\/iberoid.com\/it\/wp-json\/wp\/v2\/product_tag?post=5224"}],"curies":[{"name":"wp","href":"https:\/\/api.w.org\/{rel}","templated":true}]}}