{"id":5226,"date":"2020-07-05T12:21:15","date_gmt":"2020-07-05T12:21:15","guid":{"rendered":"https:\/\/iberoid.com\/?post_type=product&#038;p=5226"},"modified":"2026-01-25T15:09:55","modified_gmt":"2026-01-25T15:09:55","slug":"sustanon-250","status":"publish","type":"product","link":"https:\/\/iberoid.com\/it\/product\/sustanon-250\/","title":{"rendered":"SUSTANON-250- PHARMABOL"},"content":{"rendered":"<p><\/p>\n<h3>Sustanon contiene 4 tipi di testosterone<\/h3>\n<ul>\n<li>100 mg di testosterone decanoato.<\/li>\n<li>60mg di testosterone isocaproato.<\/li>\n<li>60mg di fenilpropionato di testosterone.<\/li>\n<li>30mg di testosterone propionato.<\/li>\n<\/ul>\n<h3>Effetti Sustanon 250<\/h3>\n<ul>\n<li>Guadagno muscolare.<\/li>\n<li>L&#8217;appetito migliora.<\/li>\n<li>Aumento della libido &#8211; durante l&#8217;ammissione.<\/li>\n<li>Aumenta la formazione del sangue, aumenta il numero di globuli rossi. Di conseguenza &#8211; maggiore resistenza.<\/li>\n<li>Il farmaco \u00e8 nel sangue per un massimo di 3 mesi.<\/li>\n<\/ul>\n<h3>Effetti collaterali di Sust 250<\/h3>\n<ul>\n<li>Edema (ritenzione idrica nel corpo).<\/li>\n<li>ginecomastia.<\/li>\n<li>Deposizione di grassi &#8220;femminili&#8221;.<\/li>\n<li>Rallentando la produzione naturale di testosterone. \u00c8 possibile ridurre l&#8217;effetto di questi effetti collaterali se vengono usati antiestrogeni insieme al farmaco.<\/li>\n<li>Riduzione delle dimensioni dei testicoli. Questo pu\u00f2 essere evitato senza usare il farmaco per pi\u00f9 di 2 mesi e senza usare antiestrogeni.<\/li>\n<\/ul>\n<h3>La combinazione di Sustanon con altri steroidi<\/h3>\n<ul>\n<li><a href=\"https:\/\/iberoid.com\/en\/product\/decandrol\/\"> Nandrolone <\/a>. Se vuoi aumentare la massa muscolare.<\/li>\n<li><a href=\"https:\/\/iberoid.com\/en\/product\/winstrol\/\"> Winstrol <\/a>. Se il tuo obiettivo \u00e8 il sollievo e il taglio del corpo.<\/li>\n<\/ul>\n<p>Sustanon 250 \u00e8 una scelta straordinaria per i ragazzi che lottano per espandere i loro livelli di testosterone. Permette loro di costruire i loro livelli e di bilanciarli senza infusioni di giorno in giorno. Comunque sia, questo \u00e8 semplicemente un accenno di qualcosa di pi\u00f9 grande che si identifica con ci\u00f2 che questo composto pu\u00f2 offrire. Mentre ci sono altri esteri incredibili l\u00e0 fuori da considerare, numerosi concorrenti apprezzano ci\u00f2 che questo specifico porta sul tavolo.<\/p>\n<p>Per quanto riguarda l&#8217;esecuzione, \u00e8 necessario infondere Sustanon 250 in quantit\u00e0 maggiore rispetto a quando viene utilizzato per controllare la misura del testosterone nel corpo. Ci sono davvero 4 testosterone unici trovati all&#8217;interno di questo prodotto. \u00c8 un prodotto incredibile e uno che molti uomini scoprono di poter percepire in poco tempo i vantaggi.<\/p>\n<h3>Stacking Sustanon con altri steroidi<\/h3>\n<p>Sustanon \u00e8 noto per la sua somiglianza con l&#8217;accatastamento con a tutti gli effetti un altro tipo di steroide anabolizzante. Le pile normali includono <a href=\"https:\/\/iberoid.com\/en\/product\/decandrol\/\"> Decandrol <\/a>, <a href=\"https:\/\/iberoid.com\/en\/product\/trenbolone-base-100mg-water-base\/\"> Trenbolone <\/a> e <a href=\"https:\/\/iberoid.com\/en\/product\/danabol-2\/\"> Danabol <\/a> soprattutto nei periodi lenti dell&#8217;anno mentre il taglio degli stack utilizza incredibili mix come <a href=\"https:\/\/iberoid.com\/en\/product\/oxandrolon-10-mg-100-pastillas\/\"> Anavar <\/a>, <a href=\"https:\/\/iberoid.com\/en\/product\/winstrol\/\">Winstrol <\/a> e <a href=\"https:\/\/iberoid.com\/en\/product\/trenbolone-base-100mg-water-base\/\"> Trenbolone <\/a> dove Sustanon 250 pu\u00f2 fornire una scorta di testosterone di base per aiutare a mantenere in forma i muscoli durante le fasi di deficit calorico.<\/p>\n<h3>Funzioni di Sustanon<\/h3>\n<p>Non c&#8217;\u00e8 dubbio che Sustanon 250 \u00e8 una scelta straordinaria per coloro che combattono con testosterone basso. \u00c8 fondamentale per il corpo maschile come il corpo femminile avere testosterone. In ogni caso, la sua misura \u00e8 circa pi\u00f9 volte maggiore per gli uomini che per le donne. Il testosterone \u00e8 responsabile degli organi sessuali e del desiderio sessuale, quindi assume un lavoro per la prosperit\u00e0 fisica e mentale delle persone. Il basso livello di testosterone pu\u00f2 essere estremamente sconvolgente e difficile da gestire. Il basso livello di testosterone pu\u00f2 ridurre drasticamente la soddisfazione personale per una persona.<\/p>","protected":false},"excerpt":{"rendered":"<p>Sustanon contiene 4 tipi di testosterone 100 mg di testosterone decanoato. 60mg di testosterone isocaproato. 60mg di fenilpropionato di testosterone.<\/p>\n","protected":false},"featured_media":8474,"comment_status":"open","ping_status":"closed","template":"","meta":[],"product_brand":[],"product_cat":[69],"product_tag":[],"class_list":{"0":"post-5226","1":"product","2":"type-product","3":"status-publish","4":"has-post-thumbnail","6":"product_cat-esteroides_inyectables","8":"first","9":"instock","10":"sale","11":"shipping-taxable","12":"purchasable","13":"product-type-simple"},"yoast_head":"<!-- This site is optimized with the Yoast SEO Premium plugin v24.4 (Yoast SEO v27.3) - https:\/\/yoast.com\/product\/yoast-seo-premium-wordpress\/ -->\n<title>SUSTANON-250- PHARMABOL - Steroidi in linea<\/title>\n<meta name=\"description\" content=\"Sustanon 250 combina 4 tipi di testosterone per crescita muscolare, resistenza e libido, con effetti fino a 3 mesi e possibili effetti collaterali.\" \/>\n<meta name=\"robots\" content=\"index, follow, max-snippet:-1, max-image-preview:large, max-video-preview:-1\" \/>\n<link rel=\"canonical\" href=\"https:\/\/iberoid.com\/it\/product\/sustanon-250\/\" \/>\n<meta property=\"og:locale\" content=\"it_IT\" \/>\n<meta property=\"og:type\" content=\"article\" \/>\n<meta property=\"og:title\" content=\"SUSTANON-250- PHARMABOL\" \/>\n<meta property=\"og:description\" content=\"Sustanon 250 combina 4 tipi di testosterone per crescita muscolare, resistenza e libido, con effetti fino a 3 mesi e possibili effetti collaterali.\" \/>\n<meta property=\"og:url\" content=\"https:\/\/iberoid.com\/it\/product\/sustanon-250\/\" \/>\n<meta property=\"og:site_name\" content=\"Steroidi in linea\" \/>\n<meta property=\"article:modified_time\" content=\"2026-01-25T15:09:55+00:00\" \/>\n<meta property=\"og:image\" content=\"https:\/\/iberoid.com\/wp-content\/uploads\/2020\/07\/sust.jpg?v=1690667595\" \/>\n\t<meta property=\"og:image:width\" content=\"2500\" \/>\n\t<meta property=\"og:image:height\" content=\"2500\" \/>\n\t<meta property=\"og:image:type\" content=\"image\/jpeg\" \/>\n<meta name=\"twitter:card\" content=\"summary_large_image\" \/>\n<meta name=\"twitter:label1\" content=\"Prezzo\" \/>\n\t<meta name=\"twitter:data1\" content=\"&euro;30.00\" \/>\n\t<meta name=\"twitter:label2\" content=\"Disponibilit\u00e0\" \/>\n\t<meta name=\"twitter:data2\" content=\"In stock\" \/>\n<script type=\"application\/ld+json\" class=\"yoast-schema-graph\">{\"@context\":\"https:\\\/\\\/schema.org\",\"@graph\":[{\"@type\":\"WebPage\",\"@id\":\"https:\\\/\\\/iberoid.com\\\/it\\\/product\\\/sustanon-250\\\/\",\"url\":\"https:\\\/\\\/iberoid.com\\\/it\\\/product\\\/sustanon-250\\\/\",\"name\":\"SUSTANON-250- PHARMABOL - Steroidi in linea\",\"isPartOf\":{\"@id\":\"https:\\\/\\\/iberoid.com\\\/it\\\/#website\"},\"primaryImageOfPage\":{\"@id\":\"https:\\\/\\\/iberoid.com\\\/it\\\/product\\\/sustanon-250\\\/#primaryimage\"},\"image\":{\"@id\":\"https:\\\/\\\/iberoid.com\\\/it\\\/product\\\/sustanon-250\\\/#primaryimage\"},\"thumbnailUrl\":\"https:\\\/\\\/iberoid.com\\\/wp-content\\\/uploads\\\/2020\\\/07\\\/sust.jpg?v=1690667595\",\"datePublished\":\"2020-07-05T12:21:15+00:00\",\"dateModified\":\"2026-01-25T15:09:55+00:00\",\"description\":\"Sustanon 250 combina 4 tipi di testosterone per crescita muscolare, resistenza e libido, con effetti fino a 3 mesi e possibili effetti collaterali.\",\"breadcrumb\":{\"@id\":\"https:\\\/\\\/iberoid.com\\\/it\\\/product\\\/sustanon-250\\\/#breadcrumb\"},\"inLanguage\":\"it-IT\",\"potentialAction\":[{\"@type\":\"ReadAction\",\"target\":[[\"https:\\\/\\\/iberoid.com\\\/it\\\/product\\\/sustanon-250\\\/\"]]}]},{\"@type\":\"ImageObject\",\"inLanguage\":\"it-IT\",\"@id\":\"https:\\\/\\\/iberoid.com\\\/it\\\/product\\\/sustanon-250\\\/#primaryimage\",\"url\":\"https:\\\/\\\/iberoid.com\\\/wp-content\\\/uploads\\\/2020\\\/07\\\/sust.jpg?v=1690667595\",\"contentUrl\":\"https:\\\/\\\/iberoid.com\\\/wp-content\\\/uploads\\\/2020\\\/07\\\/sust.jpg?v=1690667595\",\"width\":2500,\"height\":2500},{\"@type\":\"BreadcrumbList\",\"@id\":\"https:\\\/\\\/iberoid.com\\\/it\\\/product\\\/sustanon-250\\\/#breadcrumb\",\"itemListElement\":[{\"@type\":\"ListItem\",\"position\":1,\"name\":\"Portada\",\"item\":\"https:\\\/\\\/iberoid.com\\\/it\\\/\"},{\"@type\":\"ListItem\",\"position\":2,\"name\":\"Negozio\",\"item\":\"https:\\\/\\\/iberoid.com\\\/it\\\/shop\\\/\"},{\"@type\":\"ListItem\",\"position\":3,\"name\":\"SUSTANON-250- PHARMABOL\"}]},{\"@type\":\"WebSite\",\"@id\":\"https:\\\/\\\/iberoid.com\\\/it\\\/#website\",\"url\":\"https:\\\/\\\/iberoid.com\\\/it\\\/\",\"name\":\"Steroidi in linea\",\"description\":\"Acquista steroidi online oggi in Spagna e Portogallo. Abbiamo il miglior servizio clienti del settore e prodotti di altissima qualit\u00e0\",\"potentialAction\":[{\"@type\":\"SearchAction\",\"target\":{\"@type\":\"EntryPoint\",\"urlTemplate\":\"https:\\\/\\\/iberoid.com\\\/it\\\/?s={search_term_string}\"},\"query-input\":{\"@type\":\"PropertyValueSpecification\",\"valueRequired\":true,\"valueName\":\"search_term_string\"}}],\"inLanguage\":\"it-IT\"}]}<\/script>\n<meta property=\"product:price:amount\" content=\"30.00\" \/>\n<meta property=\"product:price:currency\" content=\"EUR\" \/>\n<meta property=\"og:availability\" content=\"instock\" \/>\n<meta property=\"product:availability\" content=\"instock\" \/>\n<meta property=\"product:condition\" content=\"new\" \/>\n<!-- \/ Yoast SEO Premium plugin. -->","yoast_head_json":{"title":"SUSTANON-250- PHARMABOL - Steroidi in linea","description":"Sustanon 250 combina 4 tipi di testosterone per crescita muscolare, resistenza e libido, con effetti fino a 3 mesi e possibili effetti collaterali.","robots":{"index":"index","follow":"follow","max-snippet":"max-snippet:-1","max-image-preview":"max-image-preview:large","max-video-preview":"max-video-preview:-1"},"canonical":"https:\/\/iberoid.com\/it\/product\/sustanon-250\/","og_locale":"it_IT","og_type":"article","og_title":"SUSTANON-250- PHARMABOL","og_description":"Sustanon 250 combina 4 tipi di testosterone per crescita muscolare, resistenza e libido, con effetti fino a 3 mesi e possibili effetti collaterali.","og_url":"https:\/\/iberoid.com\/it\/product\/sustanon-250\/","og_site_name":"Steroidi in linea","article_modified_time":"2026-01-25T15:09:55+00:00","og_image":[{"width":2500,"height":2500,"url":"https:\/\/iberoid.com\/wp-content\/uploads\/2020\/07\/sust.jpg?v=1690667595","type":"image\/jpeg"}],"twitter_card":"summary_large_image","twitter_misc":{"Prezzo":"&euro;30.00","Disponibilit\u00e0":"In stock"},"schema":{"@context":"https:\/\/schema.org","@graph":[{"@type":"WebPage","@id":"https:\/\/iberoid.com\/it\/product\/sustanon-250\/","url":"https:\/\/iberoid.com\/it\/product\/sustanon-250\/","name":"SUSTANON-250- PHARMABOL - Steroidi in linea","isPartOf":{"@id":"https:\/\/iberoid.com\/it\/#website"},"primaryImageOfPage":{"@id":"https:\/\/iberoid.com\/it\/product\/sustanon-250\/#primaryimage"},"image":{"@id":"https:\/\/iberoid.com\/it\/product\/sustanon-250\/#primaryimage"},"thumbnailUrl":"https:\/\/iberoid.com\/wp-content\/uploads\/2020\/07\/sust.jpg?v=1690667595","datePublished":"2020-07-05T12:21:15+00:00","dateModified":"2026-01-25T15:09:55+00:00","description":"Sustanon 250 combina 4 tipi di testosterone per crescita muscolare, resistenza e libido, con effetti fino a 3 mesi e possibili effetti collaterali.","breadcrumb":{"@id":"https:\/\/iberoid.com\/it\/product\/sustanon-250\/#breadcrumb"},"inLanguage":"it-IT","potentialAction":[{"@type":"ReadAction","target":[["https:\/\/iberoid.com\/it\/product\/sustanon-250\/"]]}]},{"@type":"ImageObject","inLanguage":"it-IT","@id":"https:\/\/iberoid.com\/it\/product\/sustanon-250\/#primaryimage","url":"https:\/\/iberoid.com\/wp-content\/uploads\/2020\/07\/sust.jpg?v=1690667595","contentUrl":"https:\/\/iberoid.com\/wp-content\/uploads\/2020\/07\/sust.jpg?v=1690667595","width":2500,"height":2500},{"@type":"BreadcrumbList","@id":"https:\/\/iberoid.com\/it\/product\/sustanon-250\/#breadcrumb","itemListElement":[{"@type":"ListItem","position":1,"name":"Portada","item":"https:\/\/iberoid.com\/it\/"},{"@type":"ListItem","position":2,"name":"Negozio","item":"https:\/\/iberoid.com\/it\/shop\/"},{"@type":"ListItem","position":3,"name":"SUSTANON-250- PHARMABOL"}]},{"@type":"WebSite","@id":"https:\/\/iberoid.com\/it\/#website","url":"https:\/\/iberoid.com\/it\/","name":"Steroidi in linea","description":"Acquista steroidi online oggi in Spagna e Portogallo. Abbiamo il miglior servizio clienti del settore e prodotti di altissima qualit\u00e0","potentialAction":[{"@type":"SearchAction","target":{"@type":"EntryPoint","urlTemplate":"https:\/\/iberoid.com\/it\/?s={search_term_string}"},"query-input":{"@type":"PropertyValueSpecification","valueRequired":true,"valueName":"search_term_string"}}],"inLanguage":"it-IT"}]},"product_price_amount":"30.00","product_price_currency":"EUR","og_availability":"instock","product_availability":"instock","product_condition":"new"},"_links":{"self":[{"href":"https:\/\/iberoid.com\/it\/wp-json\/wp\/v2\/product\/5226","targetHints":{"allow":["GET"]}}],"collection":[{"href":"https:\/\/iberoid.com\/it\/wp-json\/wp\/v2\/product"}],"about":[{"href":"https:\/\/iberoid.com\/it\/wp-json\/wp\/v2\/types\/product"}],"replies":[{"embeddable":true,"href":"https:\/\/iberoid.com\/it\/wp-json\/wp\/v2\/comments?post=5226"}],"wp:featuredmedia":[{"embeddable":true,"href":"https:\/\/iberoid.com\/it\/wp-json\/wp\/v2\/media\/8474"}],"wp:attachment":[{"href":"https:\/\/iberoid.com\/it\/wp-json\/wp\/v2\/media?parent=5226"}],"wp:term":[{"taxonomy":"product_brand","embeddable":true,"href":"https:\/\/iberoid.com\/it\/wp-json\/wp\/v2\/product_brand?post=5226"},{"taxonomy":"product_cat","embeddable":true,"href":"https:\/\/iberoid.com\/it\/wp-json\/wp\/v2\/product_cat?post=5226"},{"taxonomy":"product_tag","embeddable":true,"href":"https:\/\/iberoid.com\/it\/wp-json\/wp\/v2\/product_tag?post=5226"}],"curies":[{"name":"wp","href":"https:\/\/api.w.org\/{rel}","templated":true}]}}