{"id":5259,"date":"2020-07-23T10:06:38","date_gmt":"2020-07-23T10:06:38","guid":{"rendered":"https:\/\/iberoid.com\/?post_type=product&#038;p=5259"},"modified":"2026-03-16T13:07:51","modified_gmt":"2026-03-16T13:07:51","slug":"proviron-bayer","status":"publish","type":"product","link":"https:\/\/iberoid.com\/it\/product\/proviron-bayer\/","title":{"rendered":"Proviron  BAYER"},"content":{"rendered":"<p><strong>Proviron<\/strong> \u00e8 uno steroide post ciclo, questo farmaco contiene Mesterolone.<\/p>\n<p><strong>Proviron<\/strong> \u00e8 utilizzato nella medicina scolastica per alleviare o curare i disturbi causati da una carenza di ormoni sessuali maschili. Molti atleti, per questo motivo, usano spesso <strong>Proviron<\/strong> al termine di un trattamento steroideo al fine di aumentare la ridotta produzione di testosterone.<\/p>\n<p>Questa, tuttavia, non \u00e8 una buona idea poich\u00e9 il Mesterolone non ha alcun effetto sulla produzione di testosterone del corpo, ma come accennato all&#8217;inizio riduce o elimina completamente le disfunzioni causate dalla carenza di testosterone. Si tratta in particolare dell&#8217;impotenza che \u00e8 principalmente causata da una carenza di androgeni che pu\u00f2 verificarsi dopo l&#8217;interruzione degli steroidi e dell&#8217;infertilit\u00e0 che si manifesta in una ridotta conta spermatica e una ridotta qualit\u00e0 dello sperma.<\/p>\n<p>Proviron viene quindi assunto durante una somministrazione di steroidi o dopo aver interrotto l&#8217;uso degli steroidi, per eliminare una possibile impotenza o un ridotto interesse sessuale. Ci\u00f2, tuttavia, non contribuisce al mantenimento della forza e della massa muscolare dopo il trattamento.<\/p>\n<p>Alcuni bodybuilder competitivi aggiungeranno anche Mesterolone alla loro preparazione pre-gara poich\u00e9 molti credono che migliorer\u00e0 la densit\u00e0 e la durezza muscolare. Ci\u00f2 potrebbe essere attribuito alla capacit\u00e0 del composto di diminuire la ritenzione idrica e ridurre la quantit\u00e0 di estrogeni circolanti nel corpo, simile a molti altri composti androgeni. Tuttavia, come discusso in precedenza, ci sono molti altri farmaci che potrebbero essere sostituiti al mesterolone che sono molto pi\u00f9 efficaci per questo pruposo.<\/p>\n<p>Molti utenti di steroidi che hanno avuto reazioni avverse al testosterone, o altrimenti non desiderano utilizzare il testosterone nel loro ciclo, aggiungono spesso Mesterolone ai loro cicli per la sua capacit\u00e0 di aumentare la libido di un utente. Spesso, quando un utente non include testosterone, o semplicemente non abbastanza testosterone in relazione agli altri composti che sta usando, la libido sar\u00e0 ridotta e l&#8217;inclusione di Mesterolone pu\u00f2 aiutare ad alleviare questo. Ovviamente, l&#8217;effetto diidrotestosterone del composto gioca un ruolo chiave in questo processo.<\/p>\n<p><strong>COME FUNZIONA?<\/strong><\/p>\n<p>Questo farmaco \u00e8 anche preferito da molti durante i preparativi del concorso, quando un livello pi\u00f9 basso di estrogeni \/ androgeni \u00e8 particolarmente ricercato. Ci\u00f2 \u00e8 particolarmente utile quando gli anabolizzanti come Winstrol, Oxandrolone e Primobolan vengono utilizzati da soli, poich\u00e9 il contenuto androgenico di questi farmaci \u00e8 relativamente basso.<\/p>\n<p>Proviron pu\u00f2 integrare un androgeno ben necessario e determinare un aumento della durezza e della densit\u00e0 dei muscoli. Le donne in particolare scoprono che una singola compressa da 25 mg sposter\u00e0 in modo efficiente il rapporto androgeni \/ estrogeni e pu\u00f2 avere un grande impatto sul fisico. Poich\u00e9 questo \u00e8 un androgeno cos\u00ec forte, tuttavia, \u00e8 necessario prestare estrema cautela durante la somministrazione.<\/p>\n<p>Dosi pi\u00f9 elevate hanno chiaramente il potenziale di causare sintomi di virilizzazione abbastanza prontamente. Per questo motivo le femmine raramente assumono pi\u00f9 di una compressa al giorno e limitano la durata dell&#8217;assunzione a non pi\u00f9 di quattro o cinque settimane. Una compressa utilizzata in combinazione con 10 o 20 mg di Nolvadex pu\u00f2 essere ancora pi\u00f9 efficace per l&#8217;indurimento muscolare, creando un ambiente in cui il corpo \u00e8 molto pi\u00f9 incline a bruciare il grasso corporeo extra (specialmente nelle aree problematiche femminili come fianchi e cosce).<\/p>\n<p>Proviron viene quindi assunto durante una somministrazione di steroidi o dopo aver interrotto l&#8217;uso degli steroidi, per eliminare una possibile impotenza o un ridotto interesse sessuale. Ci\u00f2, tuttavia, non contribuisce al mantenimento della forza e della massa muscolare dopo il trattamento.<\/p>\n<p>Ci sono altri composti pi\u00f9 adatti per questo come HCG e Clomid. Per questo motivo il Proviron \u00e8 purtroppo considerato da molti un composto inutile e non necessario.<\/p>\n<p>La maggior parte degli utenti maschi scoprir\u00e0 che un dosaggio compreso tra 25 e 100 milligrammi al giorno di mesterolone sar\u00e0 sufficiente per ottenere i risultati desiderati. Le femmine il pi\u00f9 delle volte rimangono a circa 25 milligrammi al giorno, ma molte hanno sperimentato livelli molto pi\u00f9 alti. A causa della vita attiva del composto, dividere il dosaggio del farmaco in modo che possa essere assunto due volte al giorno \u00e8 utile, ma gli effetti del composto dovrebbero rimanere per ben ventiquattro ore, quindi non \u00e8 completamente necessario.<\/p>\n<p>A causa del fatto che sono disponibili molti altri composti che sono molto pi\u00f9 potenti ed efficaci del Mesterolone per gli stessi scopi, non \u00e8 apparentemente necessario aumentare il dosaggio dell&#8217;utente di gran lunga superiore a 100 mg al giorno. Invece molto probabilmente sarebbe meglio servire per cambiare i composti e provare un farmaco molto pi\u00f9 potente se non si ottengono i risultati desiderati.<\/p>\n<p><strong>EFFETTI COLLATERALI:<\/strong><\/p>\n<p>Gli effetti collaterali di Proviron negli uomini sono bassi a un dosaggio di 2-3 compresse \/ giorno in modo che Proviron, preso ad esempio in combinazione con un ciclo di steroidi, possa essere utilizzato in modo comparativo senza rischi per diverse settimane. Poich\u00e9 \u00e8 ben tollerato dal fegato, non si verificano disfunzioni epatiche ai dosaggi indicati.<\/p>\n<p>Per gli atleti abituati ad agire all&#8217;insegna del motto &#8220;pi\u00f9 \u00e8 meglio&#8221; l&#8217;assunzione di Proviron potrebbe avere un effetto paradossale. L&#8217;effetto collaterale pi\u00f9 comune di <strong>Proviron<\/strong> o, in questo caso, sintomo secondario \u00e8 in parte una distinta sovrastimolazione sessuale e in alcuni casi un&#8217;erezione continua del pene. Poich\u00e9 questa condizione pu\u00f2 essere dolorosa e portare a possibili danni, un dosaggio inferiore o l&#8217;interruzione del composto sono le uniche soluzioni sensate.<\/p>\n<p>Le atlete dovrebbero usarlo con cautela poich\u00e9 non si possono escludere possibili effetti collaterali androgeni. Le donne che vogliono provare Proviron non dovrebbero assumere pi\u00f9 di una compressa da 25 mg al giorno. Dosaggi pi\u00f9 elevati e periodi di assunzione di pi\u00f9 di quattro settimane aumentano notevolmente il rischio di sintomi di virilizzazione.<\/p>\n<p>Le atlete che non hanno difficolt\u00e0 con questo farmaco ottengono buoni risultati con 25 mg di <strong>Proviron<\/strong> \/ die e 20 mg di Tamoxifen \/ die e, in combinazione con una dieta, segnalano una ripartizione accelerata del grasso e muscoli continuamente pi\u00f9 duri.<\/p>\n<p>Come ogni farmaco, anche Proviron \u00e8 associato ad alcuni effetti collaterali rari. Anche se gli effetti collaterali non si verificano in tutti gli individui, sono piuttosto inquietanti. Gli effetti collaterali includono: erezioni dolorose, perdita di libido, stanchezza generale, approfondimento della voce, crescita dei capelli, acne, pelle grassa.<\/p>","protected":false},"excerpt":{"rendered":"<p>Proviron \u00e8 uno steroide post ciclo, questo farmaco contiene Mesterolone. Proviron \u00e8 utilizzato nella medicina scolastica per alleviare o curare<\/p>\n","protected":false},"featured_media":5260,"comment_status":"open","ping_status":"closed","template":"","meta":[],"product_brand":[],"product_cat":[73],"product_tag":[],"class_list":{"0":"post-5259","1":"product","2":"type-product","3":"status-publish","4":"has-post-thumbnail","6":"product_cat-ssteroides_orales","8":"first","9":"instock","10":"sale","11":"shipping-taxable","12":"purchasable","13":"product-type-simple"},"yoast_head":"<!-- This site is optimized with the Yoast SEO Premium plugin v24.4 (Yoast SEO v27.3) - https:\/\/yoast.com\/product\/yoast-seo-premium-wordpress\/ -->\n<title>Proviron BAYER - Steroidi in linea<\/title>\n<meta name=\"description\" content=\"Proviron (Mesterolone) riduce gli effetti estrogenici, migliora la durezza muscolare, la libido e tratta la carenza androgenica post-steroidi con effetti collaterali lievi.\" \/>\n<meta name=\"robots\" content=\"index, follow, max-snippet:-1, max-image-preview:large, max-video-preview:-1\" \/>\n<link rel=\"canonical\" href=\"https:\/\/iberoid.com\/it\/product\/proviron-bayer\/\" \/>\n<meta property=\"og:locale\" content=\"it_IT\" \/>\n<meta property=\"og:type\" content=\"article\" \/>\n<meta property=\"og:title\" content=\"Proviron BAYER\" \/>\n<meta property=\"og:description\" content=\"Proviron (Mesterolone) riduce gli effetti estrogenici, migliora la durezza muscolare, la libido e tratta la carenza androgenica post-steroidi con effetti collaterali lievi.\" \/>\n<meta property=\"og:url\" content=\"https:\/\/iberoid.com\/it\/product\/proviron-bayer\/\" \/>\n<meta property=\"og:site_name\" content=\"Steroidi in linea\" \/>\n<meta property=\"article:modified_time\" content=\"2026-03-16T13:07:51+00:00\" \/>\n<meta property=\"og:image\" content=\"https:\/\/iberoid.com\/wp-content\/uploads\/2020\/07\/095b-PROVIRON-01-0-1-1500x1500-1.jpg?v=1694094336\" \/>\n\t<meta property=\"og:image:width\" content=\"1500\" \/>\n\t<meta property=\"og:image:height\" content=\"1500\" \/>\n\t<meta property=\"og:image:type\" content=\"image\/jpeg\" \/>\n<meta name=\"twitter:card\" content=\"summary_large_image\" \/>\n<meta name=\"twitter:label1\" content=\"Prezzo\" \/>\n\t<meta name=\"twitter:data1\" content=\"&euro;20.00\" \/>\n\t<meta name=\"twitter:label2\" content=\"Disponibilit\u00e0\" \/>\n\t<meta name=\"twitter:data2\" content=\"In stock\" \/>\n<script type=\"application\/ld+json\" class=\"yoast-schema-graph\">{\"@context\":\"https:\\\/\\\/schema.org\",\"@graph\":[{\"@type\":\"WebPage\",\"@id\":\"https:\\\/\\\/iberoid.com\\\/it\\\/product\\\/proviron-bayer\\\/\",\"url\":\"https:\\\/\\\/iberoid.com\\\/it\\\/product\\\/proviron-bayer\\\/\",\"name\":\"Proviron BAYER - Steroidi in linea\",\"isPartOf\":{\"@id\":\"https:\\\/\\\/iberoid.com\\\/it\\\/#website\"},\"primaryImageOfPage\":{\"@id\":\"https:\\\/\\\/iberoid.com\\\/it\\\/product\\\/proviron-bayer\\\/#primaryimage\"},\"image\":{\"@id\":\"https:\\\/\\\/iberoid.com\\\/it\\\/product\\\/proviron-bayer\\\/#primaryimage\"},\"thumbnailUrl\":\"https:\\\/\\\/iberoid.com\\\/wp-content\\\/uploads\\\/2020\\\/07\\\/095b-PROVIRON-01-0-1-1500x1500-1.jpg?v=1694094336\",\"datePublished\":\"2020-07-23T10:06:38+00:00\",\"dateModified\":\"2026-03-16T13:07:51+00:00\",\"description\":\"Proviron (Mesterolone) riduce gli effetti estrogenici, migliora la durezza muscolare, la libido e tratta la carenza androgenica post-steroidi con effetti collaterali lievi.\",\"breadcrumb\":{\"@id\":\"https:\\\/\\\/iberoid.com\\\/it\\\/product\\\/proviron-bayer\\\/#breadcrumb\"},\"inLanguage\":\"it-IT\",\"potentialAction\":[{\"@type\":\"ReadAction\",\"target\":[[\"https:\\\/\\\/iberoid.com\\\/it\\\/product\\\/proviron-bayer\\\/\"]]}]},{\"@type\":\"ImageObject\",\"inLanguage\":\"it-IT\",\"@id\":\"https:\\\/\\\/iberoid.com\\\/it\\\/product\\\/proviron-bayer\\\/#primaryimage\",\"url\":\"https:\\\/\\\/iberoid.com\\\/wp-content\\\/uploads\\\/2020\\\/07\\\/095b-PROVIRON-01-0-1-1500x1500-1.jpg?v=1694094336\",\"contentUrl\":\"https:\\\/\\\/iberoid.com\\\/wp-content\\\/uploads\\\/2020\\\/07\\\/095b-PROVIRON-01-0-1-1500x1500-1.jpg?v=1694094336\",\"width\":1500,\"height\":1500},{\"@type\":\"BreadcrumbList\",\"@id\":\"https:\\\/\\\/iberoid.com\\\/it\\\/product\\\/proviron-bayer\\\/#breadcrumb\",\"itemListElement\":[{\"@type\":\"ListItem\",\"position\":1,\"name\":\"Portada\",\"item\":\"https:\\\/\\\/iberoid.com\\\/it\\\/\"},{\"@type\":\"ListItem\",\"position\":2,\"name\":\"Negozio\",\"item\":\"https:\\\/\\\/iberoid.com\\\/it\\\/shop\\\/\"},{\"@type\":\"ListItem\",\"position\":3,\"name\":\"Proviron BAYER\"}]},{\"@type\":\"WebSite\",\"@id\":\"https:\\\/\\\/iberoid.com\\\/it\\\/#website\",\"url\":\"https:\\\/\\\/iberoid.com\\\/it\\\/\",\"name\":\"Steroidi in linea\",\"description\":\"Acquista steroidi online oggi in Spagna e Portogallo. Abbiamo il miglior servizio clienti del settore e prodotti di altissima qualit\u00e0\",\"potentialAction\":[{\"@type\":\"SearchAction\",\"target\":{\"@type\":\"EntryPoint\",\"urlTemplate\":\"https:\\\/\\\/iberoid.com\\\/it\\\/?s={search_term_string}\"},\"query-input\":{\"@type\":\"PropertyValueSpecification\",\"valueRequired\":true,\"valueName\":\"search_term_string\"}}],\"inLanguage\":\"it-IT\"}]}<\/script>\n<meta property=\"product:brand\" content=\"Bayer\" \/>\n<meta property=\"product:price:amount\" content=\"20.00\" \/>\n<meta property=\"product:price:currency\" content=\"EUR\" \/>\n<meta property=\"og:availability\" content=\"instock\" \/>\n<meta property=\"product:availability\" content=\"instock\" \/>\n<meta property=\"product:condition\" content=\"new\" \/>\n<!-- \/ Yoast SEO Premium plugin. -->","yoast_head_json":{"title":"Proviron BAYER - Steroidi in linea","description":"Proviron (Mesterolone) riduce gli effetti estrogenici, migliora la durezza muscolare, la libido e tratta la carenza androgenica post-steroidi con effetti collaterali lievi.","robots":{"index":"index","follow":"follow","max-snippet":"max-snippet:-1","max-image-preview":"max-image-preview:large","max-video-preview":"max-video-preview:-1"},"canonical":"https:\/\/iberoid.com\/it\/product\/proviron-bayer\/","og_locale":"it_IT","og_type":"article","og_title":"Proviron BAYER","og_description":"Proviron (Mesterolone) riduce gli effetti estrogenici, migliora la durezza muscolare, la libido e tratta la carenza androgenica post-steroidi con effetti collaterali lievi.","og_url":"https:\/\/iberoid.com\/it\/product\/proviron-bayer\/","og_site_name":"Steroidi in linea","article_modified_time":"2026-03-16T13:07:51+00:00","og_image":[{"width":1500,"height":1500,"url":"https:\/\/iberoid.com\/wp-content\/uploads\/2020\/07\/095b-PROVIRON-01-0-1-1500x1500-1.jpg?v=1694094336","type":"image\/jpeg"}],"twitter_card":"summary_large_image","twitter_misc":{"Prezzo":"&euro;20.00","Disponibilit\u00e0":"In stock"},"schema":{"@context":"https:\/\/schema.org","@graph":[{"@type":"WebPage","@id":"https:\/\/iberoid.com\/it\/product\/proviron-bayer\/","url":"https:\/\/iberoid.com\/it\/product\/proviron-bayer\/","name":"Proviron BAYER - Steroidi in linea","isPartOf":{"@id":"https:\/\/iberoid.com\/it\/#website"},"primaryImageOfPage":{"@id":"https:\/\/iberoid.com\/it\/product\/proviron-bayer\/#primaryimage"},"image":{"@id":"https:\/\/iberoid.com\/it\/product\/proviron-bayer\/#primaryimage"},"thumbnailUrl":"https:\/\/iberoid.com\/wp-content\/uploads\/2020\/07\/095b-PROVIRON-01-0-1-1500x1500-1.jpg?v=1694094336","datePublished":"2020-07-23T10:06:38+00:00","dateModified":"2026-03-16T13:07:51+00:00","description":"Proviron (Mesterolone) riduce gli effetti estrogenici, migliora la durezza muscolare, la libido e tratta la carenza androgenica post-steroidi con effetti collaterali lievi.","breadcrumb":{"@id":"https:\/\/iberoid.com\/it\/product\/proviron-bayer\/#breadcrumb"},"inLanguage":"it-IT","potentialAction":[{"@type":"ReadAction","target":[["https:\/\/iberoid.com\/it\/product\/proviron-bayer\/"]]}]},{"@type":"ImageObject","inLanguage":"it-IT","@id":"https:\/\/iberoid.com\/it\/product\/proviron-bayer\/#primaryimage","url":"https:\/\/iberoid.com\/wp-content\/uploads\/2020\/07\/095b-PROVIRON-01-0-1-1500x1500-1.jpg?v=1694094336","contentUrl":"https:\/\/iberoid.com\/wp-content\/uploads\/2020\/07\/095b-PROVIRON-01-0-1-1500x1500-1.jpg?v=1694094336","width":1500,"height":1500},{"@type":"BreadcrumbList","@id":"https:\/\/iberoid.com\/it\/product\/proviron-bayer\/#breadcrumb","itemListElement":[{"@type":"ListItem","position":1,"name":"Portada","item":"https:\/\/iberoid.com\/it\/"},{"@type":"ListItem","position":2,"name":"Negozio","item":"https:\/\/iberoid.com\/it\/shop\/"},{"@type":"ListItem","position":3,"name":"Proviron BAYER"}]},{"@type":"WebSite","@id":"https:\/\/iberoid.com\/it\/#website","url":"https:\/\/iberoid.com\/it\/","name":"Steroidi in linea","description":"Acquista steroidi online oggi in Spagna e Portogallo. Abbiamo il miglior servizio clienti del settore e prodotti di altissima qualit\u00e0","potentialAction":[{"@type":"SearchAction","target":{"@type":"EntryPoint","urlTemplate":"https:\/\/iberoid.com\/it\/?s={search_term_string}"},"query-input":{"@type":"PropertyValueSpecification","valueRequired":true,"valueName":"search_term_string"}}],"inLanguage":"it-IT"}]},"product_brand":"Bayer","product_price_amount":"20.00","product_price_currency":"EUR","og_availability":"instock","product_availability":"instock","product_condition":"new"},"_links":{"self":[{"href":"https:\/\/iberoid.com\/it\/wp-json\/wp\/v2\/product\/5259","targetHints":{"allow":["GET"]}}],"collection":[{"href":"https:\/\/iberoid.com\/it\/wp-json\/wp\/v2\/product"}],"about":[{"href":"https:\/\/iberoid.com\/it\/wp-json\/wp\/v2\/types\/product"}],"replies":[{"embeddable":true,"href":"https:\/\/iberoid.com\/it\/wp-json\/wp\/v2\/comments?post=5259"}],"wp:featuredmedia":[{"embeddable":true,"href":"https:\/\/iberoid.com\/it\/wp-json\/wp\/v2\/media\/5260"}],"wp:attachment":[{"href":"https:\/\/iberoid.com\/it\/wp-json\/wp\/v2\/media?parent=5259"}],"wp:term":[{"taxonomy":"product_brand","embeddable":true,"href":"https:\/\/iberoid.com\/it\/wp-json\/wp\/v2\/product_brand?post=5259"},{"taxonomy":"product_cat","embeddable":true,"href":"https:\/\/iberoid.com\/it\/wp-json\/wp\/v2\/product_cat?post=5259"},{"taxonomy":"product_tag","embeddable":true,"href":"https:\/\/iberoid.com\/it\/wp-json\/wp\/v2\/product_tag?post=5259"}],"curies":[{"name":"wp","href":"https:\/\/api.w.org\/{rel}","templated":true}]}}