{"id":5358,"date":"2020-10-08T17:31:42","date_gmt":"2020-10-08T17:31:42","guid":{"rendered":"https:\/\/iberoid.com\/?post_type=product&#038;p=5358"},"modified":"2023-05-28T15:04:14","modified_gmt":"2023-05-28T15:04:14","slug":"sp-cypionat-sp-laboratories","status":"publish","type":"product","link":"https:\/\/iberoid.com\/it\/product\/sp-cypionat-sp-laboratories\/","title":{"rendered":"SP CYPIONATE"},"content":{"rendered":"<p>Nome prodotto: SP Cyipionate<br \/>\nProduttore SP Laboratories India<br \/>\nPresentazione: 10 ml 200 mg \/ ml<br \/>\nSostanze chimiche attive: testosterone cipionat<\/p>\n<p>&nbsp;<\/p>\n<p>Sembra che il testosterone sia un cipionat che si trova principalmente nel mercato statunitense. \u00c8 quindi uno degli esteri di testosterone pi\u00f9 utilizzati dagli americani. E non solo di &#8220;orgoglio nazionale&#8221;, ma anche perch\u00e9 molti dicono sia un superiore, migliore del testosterone enantato. Allo stesso tempo si dice che qualcosa provochi una maggiore ritenzione idrica, ma non cos\u00ec grave da essere abbandonato a causa di questo. Ma se guardiamo oggettivamente al problema e vediamo che il testosterone enantato cipionat \u00e8 intercambiabile tra loro. Entrambi sono steroidi iniettabili a base di olio con un corpo lungo per l&#8217;azione, che manterr\u00e0 i livelli di testosterone fino a due settimane. Il tetsosteronul enantato sembra essere pi\u00f9 alto quando si tratta di velocit\u00e0 di rilascio del testosterone, \u00e8 una molecola di carbonio pi\u00f9 facile. Ma la differenza \u00e8 cos\u00ec piccola che non puoi davvero essere presa in considerazione.<\/p>\n<p>Come con i preparati di testosterone iniettabili a base di tutror, \u200b\u200bi guadagni di massa e forza durante un ciclo sono considerevoli. Ma per convertire facilmente il testosterone in estrogeni, si verificher\u00e0 un&#8217;elevata ritenzione idrica. La definizione di perdita durante l&#8217;utilizzo di questo steroide lo rende sconsigliabile durante la fase di recupero o di enfasi. Estrigeni di alto livello che porta il corpo possono causare ginecomastia. Se noti dolore, gonfiore o nodi ai capezzoli quando devono essere aggiunti al ciclo prodotti accessori come Proviron o Nolvadex. Ci\u00f2 ridurr\u00e0 l&#8217;assunzione di steroidi estrogeni rendendoli notevolmente pi\u00f9 tollerabili. Un&#8217;opzione ancora migliore \u00e8 Arimidex, ma il prezzo elevato lo rende meno popolare. Si consiglia alla sensibilit\u00e0 agli estrogeni di utilizzare Nolvadex o Proviron all&#8217;inizio del ciclo, prima che eventuali effetti collaterali estrogenici facciano sentire la loro presenza.<\/p>\n<p>Come si prevede che si verifichi il principale ormone maschile, il testosterone, a causa degli effetti collaterali degli androgeni, pelle grassa, acne, crescita dei capelli sul corpo e sul viso e perdita di capelli (specialmente se si \u00e8 geneticamente predisposti) Tutti gli effetti collaterali androgeni sono causati dalla conversione del testosterone in DHT (diidrotestosterone). Un farmaco ralatiuv recentemente apparso sul mercato, Propecia (Proscar), pu\u00f2 impedire la conversione del testosterone in DHT, riducendo cos\u00ec notevolmente gli effetti degli androgeni e soprattutto la caduta dei capelli.<\/p>\n<p>Sebbene attivo nel corpo per lungo tempo, il testosterone viene iniettato cipionat settimanalmente. Una dose compresa tra 200 mg e 800 mg di spatamanale fornir\u00e0 notevoli guadagni muscolari. Sebbene non siano necessarie dosi elevate, molti bodybuilder usano dosi eccessive di 1000 mg a settimana. Questo ovviamente porter\u00e0 a una ritenzione idrica molto maggiore. Quindi il principio &#8220;pi\u00f9 \u00e8 meglio&#8221; non si applica qui, facendo pi\u00f9 male che bene.<\/p>","protected":false},"excerpt":{"rendered":"<p>Nome prodotto: SP Cyipionate Produttore SP Laboratories India Presentazione: 10 ml 200 mg \/ ml Sostanze chimiche attive: testosterone cipionat<\/p>\n","protected":false},"featured_media":5359,"comment_status":"open","ping_status":"closed","template":"","meta":[],"product_brand":[],"product_cat":[69],"product_tag":[],"class_list":{"0":"post-5358","1":"product","2":"type-product","3":"status-publish","4":"has-post-thumbnail","6":"product_cat-esteroides_inyectables","8":"first","9":"outofstock","10":"shipping-taxable","11":"purchasable","12":"product-type-simple"},"yoast_head":"<!-- This site is optimized with the Yoast SEO Premium plugin v24.4 (Yoast SEO v27.0) - https:\/\/yoast.com\/product\/yoast-seo-premium-wordpress\/ -->\n<title>SP CYPIONATE - Steroidi in linea<\/title>\n<meta name=\"robots\" content=\"index, follow, max-snippet:-1, max-image-preview:large, max-video-preview:-1\" \/>\n<link rel=\"canonical\" href=\"https:\/\/iberoid.com\/it\/product\/sp-cypionat-sp-laboratories\/\" \/>\n<meta property=\"og:locale\" content=\"it_IT\" \/>\n<meta property=\"og:type\" content=\"article\" \/>\n<meta property=\"og:title\" content=\"SP CYPIONATE\" \/>\n<meta property=\"og:description\" content=\"Nome prodotto: SP Cyipionate Produttore SP Laboratories India Presentazione: 10 ml 200 mg \/ ml Sostanze chimiche attive: testosterone cipionat\" \/>\n<meta property=\"og:url\" content=\"https:\/\/iberoid.com\/it\/product\/sp-cypionat-sp-laboratories\/\" \/>\n<meta property=\"og:site_name\" content=\"Steroidi in linea\" \/>\n<meta property=\"article:modified_time\" content=\"2023-05-28T15:04:14+00:00\" \/>\n<meta property=\"og:image\" content=\"https:\/\/iberoid.com\/wp-content\/uploads\/2020\/10\/cyp-sp.jpg?v=1678120091\" \/>\n\t<meta property=\"og:image:width\" content=\"388\" \/>\n\t<meta property=\"og:image:height\" content=\"388\" \/>\n\t<meta property=\"og:image:type\" content=\"image\/jpeg\" \/>\n<meta name=\"twitter:card\" content=\"summary_large_image\" \/>\n<meta name=\"twitter:label1\" content=\"Prezzo\" \/>\n\t<meta name=\"twitter:data1\" content=\"&euro;45.00\" \/>\n\t<meta name=\"twitter:label2\" content=\"Disponibilit\u00e0\" \/>\n\t<meta name=\"twitter:data2\" content=\"Esaurito\" \/>\n<script type=\"application\/ld+json\" class=\"yoast-schema-graph\">{\"@context\":\"https:\/\/schema.org\",\"@graph\":[{\"@type\":\"WebPage\",\"@id\":\"https:\/\/iberoid.com\/it\/product\/sp-cypionat-sp-laboratories\/\",\"url\":\"https:\/\/iberoid.com\/it\/product\/sp-cypionat-sp-laboratories\/\",\"name\":\"SP CYPIONATE - Steroidi in linea\",\"isPartOf\":{\"@id\":\"https:\/\/iberoid.com\/it\/#website\"},\"primaryImageOfPage\":{\"@id\":\"https:\/\/iberoid.com\/it\/product\/sp-cypionat-sp-laboratories\/#primaryimage\"},\"image\":{\"@id\":\"https:\/\/iberoid.com\/it\/product\/sp-cypionat-sp-laboratories\/#primaryimage\"},\"thumbnailUrl\":\"https:\/\/iberoid.com\/wp-content\/uploads\/2020\/10\/cyp-sp.jpg?v=1678120091\",\"datePublished\":\"2020-10-08T17:31:42+00:00\",\"dateModified\":\"2023-05-28T15:04:14+00:00\",\"breadcrumb\":{\"@id\":\"https:\/\/iberoid.com\/it\/product\/sp-cypionat-sp-laboratories\/#breadcrumb\"},\"inLanguage\":\"it-IT\",\"potentialAction\":[{\"@type\":\"ReadAction\",\"target\":[[\"https:\/\/iberoid.com\/it\/product\/sp-cypionat-sp-laboratories\/\"]]}]},{\"@type\":\"ImageObject\",\"inLanguage\":\"it-IT\",\"@id\":\"https:\/\/iberoid.com\/it\/product\/sp-cypionat-sp-laboratories\/#primaryimage\",\"url\":\"https:\/\/iberoid.com\/wp-content\/uploads\/2020\/10\/cyp-sp.jpg?v=1678120091\",\"contentUrl\":\"https:\/\/iberoid.com\/wp-content\/uploads\/2020\/10\/cyp-sp.jpg?v=1678120091\",\"width\":388,\"height\":388},{\"@type\":\"BreadcrumbList\",\"@id\":\"https:\/\/iberoid.com\/it\/product\/sp-cypionat-sp-laboratories\/#breadcrumb\",\"itemListElement\":[{\"@type\":\"ListItem\",\"position\":1,\"name\":\"Portada\",\"item\":\"https:\/\/iberoid.com\/it\/\"},{\"@type\":\"ListItem\",\"position\":2,\"name\":\"Negozio\",\"item\":\"https:\/\/iberoid.com\/it\/shop\/\"},{\"@type\":\"ListItem\",\"position\":3,\"name\":\"SP CYPIONATE\"}]},{\"@type\":\"WebSite\",\"@id\":\"https:\/\/iberoid.com\/it\/#website\",\"url\":\"https:\/\/iberoid.com\/it\/\",\"name\":\"Steroidi in linea\",\"description\":\"Acquista steroidi online oggi in Spagna e Portogallo. Abbiamo il miglior servizio clienti del settore e prodotti di altissima qualit\u00e0\",\"potentialAction\":[{\"@type\":\"SearchAction\",\"target\":{\"@type\":\"EntryPoint\",\"urlTemplate\":\"https:\/\/iberoid.com\/it\/?s={search_term_string}\"},\"query-input\":{\"@type\":\"PropertyValueSpecification\",\"valueRequired\":true,\"valueName\":\"search_term_string\"}}],\"inLanguage\":\"it-IT\"}]}<\/script>\n<meta property=\"product:brand\" content=\"SP Laboratories\" \/>\n<meta property=\"product:price:amount\" content=\"45.00\" \/>\n<meta property=\"product:price:currency\" content=\"EUR\" \/>\n<meta property=\"og:availability\" content=\"out of stock\" \/>\n<meta property=\"product:availability\" content=\"out of stock\" \/>\n<meta property=\"product:condition\" content=\"new\" \/>\n<!-- \/ Yoast SEO Premium plugin. -->","yoast_head_json":{"title":"SP CYPIONATE - Steroidi in linea","robots":{"index":"index","follow":"follow","max-snippet":"max-snippet:-1","max-image-preview":"max-image-preview:large","max-video-preview":"max-video-preview:-1"},"canonical":"https:\/\/iberoid.com\/it\/product\/sp-cypionat-sp-laboratories\/","og_locale":"it_IT","og_type":"article","og_title":"SP CYPIONATE","og_description":"Nome prodotto: SP Cyipionate Produttore SP Laboratories India Presentazione: 10 ml 200 mg \/ ml Sostanze chimiche attive: testosterone cipionat","og_url":"https:\/\/iberoid.com\/it\/product\/sp-cypionat-sp-laboratories\/","og_site_name":"Steroidi in linea","article_modified_time":"2023-05-28T15:04:14+00:00","og_image":[{"width":388,"height":388,"url":"https:\/\/iberoid.com\/wp-content\/uploads\/2020\/10\/cyp-sp.jpg?v=1678120091","type":"image\/jpeg"}],"twitter_card":"summary_large_image","twitter_misc":{"Prezzo":"&euro;45.00","Disponibilit\u00e0":"Esaurito"},"schema":{"@context":"https:\/\/schema.org","@graph":[{"@type":"WebPage","@id":"https:\/\/iberoid.com\/it\/product\/sp-cypionat-sp-laboratories\/","url":"https:\/\/iberoid.com\/it\/product\/sp-cypionat-sp-laboratories\/","name":"SP CYPIONATE - Steroidi in linea","isPartOf":{"@id":"https:\/\/iberoid.com\/it\/#website"},"primaryImageOfPage":{"@id":"https:\/\/iberoid.com\/it\/product\/sp-cypionat-sp-laboratories\/#primaryimage"},"image":{"@id":"https:\/\/iberoid.com\/it\/product\/sp-cypionat-sp-laboratories\/#primaryimage"},"thumbnailUrl":"https:\/\/iberoid.com\/wp-content\/uploads\/2020\/10\/cyp-sp.jpg?v=1678120091","datePublished":"2020-10-08T17:31:42+00:00","dateModified":"2023-05-28T15:04:14+00:00","breadcrumb":{"@id":"https:\/\/iberoid.com\/it\/product\/sp-cypionat-sp-laboratories\/#breadcrumb"},"inLanguage":"it-IT","potentialAction":[{"@type":"ReadAction","target":[["https:\/\/iberoid.com\/it\/product\/sp-cypionat-sp-laboratories\/"]]}]},{"@type":"ImageObject","inLanguage":"it-IT","@id":"https:\/\/iberoid.com\/it\/product\/sp-cypionat-sp-laboratories\/#primaryimage","url":"https:\/\/iberoid.com\/wp-content\/uploads\/2020\/10\/cyp-sp.jpg?v=1678120091","contentUrl":"https:\/\/iberoid.com\/wp-content\/uploads\/2020\/10\/cyp-sp.jpg?v=1678120091","width":388,"height":388},{"@type":"BreadcrumbList","@id":"https:\/\/iberoid.com\/it\/product\/sp-cypionat-sp-laboratories\/#breadcrumb","itemListElement":[{"@type":"ListItem","position":1,"name":"Portada","item":"https:\/\/iberoid.com\/it\/"},{"@type":"ListItem","position":2,"name":"Negozio","item":"https:\/\/iberoid.com\/it\/shop\/"},{"@type":"ListItem","position":3,"name":"SP CYPIONATE"}]},{"@type":"WebSite","@id":"https:\/\/iberoid.com\/it\/#website","url":"https:\/\/iberoid.com\/it\/","name":"Steroidi in linea","description":"Acquista steroidi online oggi in Spagna e Portogallo. Abbiamo il miglior servizio clienti del settore e prodotti di altissima qualit\u00e0","potentialAction":[{"@type":"SearchAction","target":{"@type":"EntryPoint","urlTemplate":"https:\/\/iberoid.com\/it\/?s={search_term_string}"},"query-input":{"@type":"PropertyValueSpecification","valueRequired":true,"valueName":"search_term_string"}}],"inLanguage":"it-IT"}]},"product_brand":"SP Laboratories","product_price_amount":"45.00","product_price_currency":"EUR","og_availability":"out of stock","product_availability":"out of stock","product_condition":"new"},"_links":{"self":[{"href":"https:\/\/iberoid.com\/it\/wp-json\/wp\/v2\/product\/5358","targetHints":{"allow":["GET"]}}],"collection":[{"href":"https:\/\/iberoid.com\/it\/wp-json\/wp\/v2\/product"}],"about":[{"href":"https:\/\/iberoid.com\/it\/wp-json\/wp\/v2\/types\/product"}],"replies":[{"embeddable":true,"href":"https:\/\/iberoid.com\/it\/wp-json\/wp\/v2\/comments?post=5358"}],"wp:featuredmedia":[{"embeddable":true,"href":"https:\/\/iberoid.com\/it\/wp-json\/wp\/v2\/media\/5359"}],"wp:attachment":[{"href":"https:\/\/iberoid.com\/it\/wp-json\/wp\/v2\/media?parent=5358"}],"wp:term":[{"taxonomy":"product_brand","embeddable":true,"href":"https:\/\/iberoid.com\/it\/wp-json\/wp\/v2\/product_brand?post=5358"},{"taxonomy":"product_cat","embeddable":true,"href":"https:\/\/iberoid.com\/it\/wp-json\/wp\/v2\/product_cat?post=5358"},{"taxonomy":"product_tag","embeddable":true,"href":"https:\/\/iberoid.com\/it\/wp-json\/wp\/v2\/product_tag?post=5358"}],"curies":[{"name":"wp","href":"https:\/\/api.w.org\/{rel}","templated":true}]}}