{"id":5360,"date":"2020-10-08T17:33:58","date_gmt":"2020-10-08T17:33:58","guid":{"rendered":"https:\/\/iberoid.com\/?post_type=product&#038;p=5360"},"modified":"2022-06-07T23:38:29","modified_gmt":"2022-06-07T23:38:29","slug":"sp-nandrolone-sp-laboratories","status":"publish","type":"product","link":"https:\/\/iberoid.com\/it\/product\/sp-nandrolone-sp-laboratories\/","title":{"rendered":"SP Nandrolone D"},"content":{"rendered":"<p>Nome prodotto: Nandrolone D<br \/>\nProduttore: SP Laboratories<br \/>\nPresentazione: scatola con 10 ml 200 mg \/ ml<br \/>\nSostanza attiva: nandrolone decanoato<br \/>\nVita attiva: 7-10 giorni<br \/>\nUso suggerito: 300-600 mg \/ sapt<br \/>\nAcne: S\u00ec, se sei incline.<br \/>\nAcqua trattenuta: 20% rispetto al testosterone<br \/>\nAlta tensione: raramente<br \/>\nTossicit\u00e0 epatica: NO<br \/>\nConversione DHT: No, il NOR-DHT<br \/>\nAroma: Basso e norestrogeni<br \/>\nTest di inibizione personale: moderato<\/p>\n<p>Meglio conosciuto come &#8220;Deca&#8221;, Deca Durabolin \u00e8 lo steroide iniettabile con una lunga storia e relativamente positivo. \u00c8 stato usato per trattare efficacemente l&#8217;HIV e l&#8217;AIDS ed \u00e8 noto come uno steroide fenomenale per la costruzione della massa muscolare. &#8220;Deca Durabolin&#8221; \u00e8 il marchio Organon per il prodotto nandrolone decanoato nei primi anni &#8217;80. &#8220;Deca&#8221; \u00e8 quindi solo un marchio, anche se ora il gergo del mercato nero \u00e8 quello di chiamare qualsiasi prodotto a base di nandrolone con l&#8217;estere decanoato &#8220;Deca&#8221;. Si ritiene che Deca Durabolin costituisca il 30% delle vendite totali di steroidi, rendendolo lo steroide iniettabile pi\u00f9 diffuso e utilizzato al mondo.<\/p>\n<p>Deca Durabolin \u00e8 spesso utilizzato in combinazione con altri steroidi come il trenbolone, \u00e8 possibile utilizzando Dostinex, che consente di utilizzare questi due anabolizzanti insieme [anche allo stesso tempo] senza preoccuparsi degli ormoni. Ci sono anche combinazioni di pasti da combinare bene con Dianabol o cicli di testosterone usati da Arnold.<\/p>\n<p>\u00c8 un progestinico, prodotto rimuovendo un atomo di carbonio in posizione 19. Pertanto, sebbene sia un progestinico, il nandrolone non produce molti effetti collaterali estrogenici puri, quindi \u00e8 stato uno dei preferiti in diversi cicli di taglio e caricamento in pochi decenni. Deca ha un tasso di aromatizzazione molto basso (conversione degli estrogeni da parte dell&#8217;enzima metabolico aromatasa), pari al 20% di tasso di conversione del testosterone.<\/p>\n<p>Una delle propriet\u00e0 di Deca Durabolin sito davvero interessante \u00e8 la capacit\u00e0 di migliorare la sintesi del collagene e il contenuto minerale osseo, che \u00e8 di enorme aiuto per gli atleti con problemi di tessuto connettivo o altri problemi articolari. Inoltre, forse perch\u00e9 \u00e8 un progestinico, pu\u00f2 avere effetti benefici sul processo immunitario, antinfiammatorio, tali articolazioni non sono un problema.<\/p>\n<p>Deca Durabolin \u00e8 uno dei pochi steroidi che \u00e8 stato utilizzato con successo nei pazienti affetti da AIDS per stimolare l&#8217;aumento di peso e questo effetto \u00e8 stato sperimentato anche in molti atleti e bodybuilder. Deca \u00e8 uno steroide molto adatto ai cicli di taglio e caricamento, sebbene pi\u00f9 breve sia l&#8217;estere, il nandrolone fenilpropionato (Durabolin), \u00e8 una versione popolare della definizione utilizzata nei cicli.<\/p>\n<p>Ci\u00f2 significa che Deca Durabolin ha una vita attiva molto lunga e, quindi, viene comunemente utilizzato per un periodo non inferiore a dieci settimane, e solitamente per 12 settimane. Per quanto riguarda la dose da somministrare, Deca viene solitamente utilizzato per effetti dose dipendenti. Ci\u00f2 significa che maggiore \u00e8 il consumo, maggiore sar\u00e0 l&#8217;effetto anabolico. Il dosaggio ottimale varia tra 400-600 mg \/ settimana. Si ritiene che l&#8217;effetto migliore si ottenga alla dose di 6 mg per chilogrammo.<\/p>","protected":false},"excerpt":{"rendered":"<p>Nome prodotto: Nandrolone D Produttore: SP Laboratories Presentazione: scatola con 10 ml 200 mg \/ ml Sostanza attiva: nandrolone decanoato<\/p>\n","protected":false},"featured_media":5361,"comment_status":"open","ping_status":"closed","template":"","meta":[],"product_brand":[],"product_cat":[69],"product_tag":[],"class_list":{"0":"post-5360","1":"product","2":"type-product","3":"status-publish","4":"has-post-thumbnail","6":"product_cat-esteroides_inyectables","8":"first","9":"outofstock","10":"sale","11":"shipping-taxable","12":"purchasable","13":"product-type-simple"},"yoast_head":"<!-- This site is optimized with the Yoast SEO Premium plugin v24.4 (Yoast SEO v27.0) - https:\/\/yoast.com\/product\/yoast-seo-premium-wordpress\/ -->\n<title>SP Nandrolone D - Steroidi in linea<\/title>\n<meta name=\"robots\" content=\"index, follow, max-snippet:-1, max-image-preview:large, max-video-preview:-1\" \/>\n<link rel=\"canonical\" href=\"https:\/\/iberoid.com\/it\/product\/sp-nandrolone-sp-laboratories\/\" \/>\n<meta property=\"og:locale\" content=\"it_IT\" \/>\n<meta property=\"og:type\" content=\"article\" \/>\n<meta property=\"og:title\" content=\"SP Nandrolone D\" \/>\n<meta property=\"og:description\" content=\"Nome prodotto: Nandrolone D Produttore: SP Laboratories Presentazione: scatola con 10 ml 200 mg \/ ml Sostanza attiva: nandrolone decanoato\" \/>\n<meta property=\"og:url\" content=\"https:\/\/iberoid.com\/it\/product\/sp-nandrolone-sp-laboratories\/\" \/>\n<meta property=\"og:site_name\" content=\"Steroidi in linea\" \/>\n<meta property=\"article:modified_time\" content=\"2022-06-07T23:38:29+00:00\" \/>\n<meta property=\"og:image\" content=\"https:\/\/iberoid.com\/wp-content\/uploads\/2020\/10\/deca-sp.jpg?v=1678120091\" \/>\n\t<meta property=\"og:image:width\" content=\"388\" \/>\n\t<meta property=\"og:image:height\" content=\"388\" \/>\n\t<meta property=\"og:image:type\" content=\"image\/jpeg\" \/>\n<meta name=\"twitter:card\" content=\"summary_large_image\" \/>\n<meta name=\"twitter:label1\" content=\"Prezzo\" \/>\n\t<meta name=\"twitter:data1\" content=\"&euro;50.00\" \/>\n\t<meta name=\"twitter:label2\" content=\"Disponibilit\u00e0\" \/>\n\t<meta name=\"twitter:data2\" content=\"Esaurito\" \/>\n<script type=\"application\/ld+json\" class=\"yoast-schema-graph\">{\"@context\":\"https:\/\/schema.org\",\"@graph\":[{\"@type\":\"WebPage\",\"@id\":\"https:\/\/iberoid.com\/it\/product\/sp-nandrolone-sp-laboratories\/\",\"url\":\"https:\/\/iberoid.com\/it\/product\/sp-nandrolone-sp-laboratories\/\",\"name\":\"SP Nandrolone D - Steroidi in linea\",\"isPartOf\":{\"@id\":\"https:\/\/iberoid-shop.com\/#website\"},\"primaryImageOfPage\":{\"@id\":\"https:\/\/iberoid.com\/it\/product\/sp-nandrolone-sp-laboratories\/#primaryimage\"},\"image\":{\"@id\":\"https:\/\/iberoid.com\/it\/product\/sp-nandrolone-sp-laboratories\/#primaryimage\"},\"thumbnailUrl\":\"https:\/\/iberoid.com\/wp-content\/uploads\/2020\/10\/deca-sp.jpg?v=1678120091\",\"datePublished\":\"2020-10-08T17:33:58+00:00\",\"dateModified\":\"2022-06-07T23:38:29+00:00\",\"breadcrumb\":{\"@id\":\"https:\/\/iberoid.com\/it\/product\/sp-nandrolone-sp-laboratories\/#breadcrumb\"},\"inLanguage\":\"it-IT\",\"potentialAction\":[{\"@type\":\"ReadAction\",\"target\":[[\"https:\/\/iberoid.com\/it\/product\/sp-nandrolone-sp-laboratories\/\"]]}]},{\"@type\":\"ImageObject\",\"inLanguage\":\"it-IT\",\"@id\":\"https:\/\/iberoid.com\/it\/product\/sp-nandrolone-sp-laboratories\/#primaryimage\",\"url\":\"https:\/\/iberoid.com\/wp-content\/uploads\/2020\/10\/deca-sp.jpg?v=1678120091\",\"contentUrl\":\"https:\/\/iberoid.com\/wp-content\/uploads\/2020\/10\/deca-sp.jpg?v=1678120091\",\"width\":388,\"height\":388},{\"@type\":\"BreadcrumbList\",\"@id\":\"https:\/\/iberoid.com\/it\/product\/sp-nandrolone-sp-laboratories\/#breadcrumb\",\"itemListElement\":[{\"@type\":\"ListItem\",\"position\":1,\"name\":\"Portada\",\"item\":\"https:\/\/iberoid.com\/it\/\"},{\"@type\":\"ListItem\",\"position\":2,\"name\":\"Negozio\",\"item\":\"https:\/\/iberoid.com\/it\/shop\/\"},{\"@type\":\"ListItem\",\"position\":3,\"name\":\"SP Nandrolone D\"}]},{\"@type\":\"WebSite\",\"@id\":\"https:\/\/iberoid-shop.com\/#website\",\"url\":\"https:\/\/iberoid-shop.com\/\",\"name\":\"Steroidi in linea\",\"description\":\"Acquista steroidi online oggi in Spagna e Portogallo. Abbiamo il miglior servizio clienti del settore e prodotti di altissima qualit\u00e0\",\"potentialAction\":[{\"@type\":\"SearchAction\",\"target\":{\"@type\":\"EntryPoint\",\"urlTemplate\":\"https:\/\/iberoid-shop.com\/?s={search_term_string}\"},\"query-input\":{\"@type\":\"PropertyValueSpecification\",\"valueRequired\":true,\"valueName\":\"search_term_string\"}}],\"inLanguage\":\"it-IT\"}]}<\/script>\n<meta property=\"product:brand\" content=\"SP Laboratories\" \/>\n<meta property=\"product:price:amount\" content=\"50.00\" \/>\n<meta property=\"product:price:currency\" content=\"EUR\" \/>\n<meta property=\"og:availability\" content=\"out of stock\" \/>\n<meta property=\"product:availability\" content=\"out of stock\" \/>\n<meta property=\"product:condition\" content=\"new\" \/>\n<!-- \/ Yoast SEO Premium plugin. -->","yoast_head_json":{"title":"SP Nandrolone D - Steroidi in linea","robots":{"index":"index","follow":"follow","max-snippet":"max-snippet:-1","max-image-preview":"max-image-preview:large","max-video-preview":"max-video-preview:-1"},"canonical":"https:\/\/iberoid.com\/it\/product\/sp-nandrolone-sp-laboratories\/","og_locale":"it_IT","og_type":"article","og_title":"SP Nandrolone D","og_description":"Nome prodotto: Nandrolone D Produttore: SP Laboratories Presentazione: scatola con 10 ml 200 mg \/ ml Sostanza attiva: nandrolone decanoato","og_url":"https:\/\/iberoid.com\/it\/product\/sp-nandrolone-sp-laboratories\/","og_site_name":"Steroidi in linea","article_modified_time":"2022-06-07T23:38:29+00:00","og_image":[{"width":388,"height":388,"url":"https:\/\/iberoid.com\/wp-content\/uploads\/2020\/10\/deca-sp.jpg?v=1678120091","type":"image\/jpeg"}],"twitter_card":"summary_large_image","twitter_misc":{"Prezzo":"&euro;50.00","Disponibilit\u00e0":"Esaurito"},"schema":{"@context":"https:\/\/schema.org","@graph":[{"@type":"WebPage","@id":"https:\/\/iberoid.com\/it\/product\/sp-nandrolone-sp-laboratories\/","url":"https:\/\/iberoid.com\/it\/product\/sp-nandrolone-sp-laboratories\/","name":"SP Nandrolone D - Steroidi in linea","isPartOf":{"@id":"https:\/\/iberoid-shop.com\/#website"},"primaryImageOfPage":{"@id":"https:\/\/iberoid.com\/it\/product\/sp-nandrolone-sp-laboratories\/#primaryimage"},"image":{"@id":"https:\/\/iberoid.com\/it\/product\/sp-nandrolone-sp-laboratories\/#primaryimage"},"thumbnailUrl":"https:\/\/iberoid.com\/wp-content\/uploads\/2020\/10\/deca-sp.jpg?v=1678120091","datePublished":"2020-10-08T17:33:58+00:00","dateModified":"2022-06-07T23:38:29+00:00","breadcrumb":{"@id":"https:\/\/iberoid.com\/it\/product\/sp-nandrolone-sp-laboratories\/#breadcrumb"},"inLanguage":"it-IT","potentialAction":[{"@type":"ReadAction","target":[["https:\/\/iberoid.com\/it\/product\/sp-nandrolone-sp-laboratories\/"]]}]},{"@type":"ImageObject","inLanguage":"it-IT","@id":"https:\/\/iberoid.com\/it\/product\/sp-nandrolone-sp-laboratories\/#primaryimage","url":"https:\/\/iberoid.com\/wp-content\/uploads\/2020\/10\/deca-sp.jpg?v=1678120091","contentUrl":"https:\/\/iberoid.com\/wp-content\/uploads\/2020\/10\/deca-sp.jpg?v=1678120091","width":388,"height":388},{"@type":"BreadcrumbList","@id":"https:\/\/iberoid.com\/it\/product\/sp-nandrolone-sp-laboratories\/#breadcrumb","itemListElement":[{"@type":"ListItem","position":1,"name":"Portada","item":"https:\/\/iberoid.com\/it\/"},{"@type":"ListItem","position":2,"name":"Negozio","item":"https:\/\/iberoid.com\/it\/shop\/"},{"@type":"ListItem","position":3,"name":"SP Nandrolone D"}]},{"@type":"WebSite","@id":"https:\/\/iberoid-shop.com\/#website","url":"https:\/\/iberoid-shop.com\/","name":"Steroidi in linea","description":"Acquista steroidi online oggi in Spagna e Portogallo. Abbiamo il miglior servizio clienti del settore e prodotti di altissima qualit\u00e0","potentialAction":[{"@type":"SearchAction","target":{"@type":"EntryPoint","urlTemplate":"https:\/\/iberoid-shop.com\/?s={search_term_string}"},"query-input":{"@type":"PropertyValueSpecification","valueRequired":true,"valueName":"search_term_string"}}],"inLanguage":"it-IT"}]},"product_brand":"SP Laboratories","product_price_amount":"50.00","product_price_currency":"EUR","og_availability":"out of stock","product_availability":"out of stock","product_condition":"new"},"_links":{"self":[{"href":"https:\/\/iberoid.com\/it\/wp-json\/wp\/v2\/product\/5360","targetHints":{"allow":["GET"]}}],"collection":[{"href":"https:\/\/iberoid.com\/it\/wp-json\/wp\/v2\/product"}],"about":[{"href":"https:\/\/iberoid.com\/it\/wp-json\/wp\/v2\/types\/product"}],"replies":[{"embeddable":true,"href":"https:\/\/iberoid.com\/it\/wp-json\/wp\/v2\/comments?post=5360"}],"wp:featuredmedia":[{"embeddable":true,"href":"https:\/\/iberoid.com\/it\/wp-json\/wp\/v2\/media\/5361"}],"wp:attachment":[{"href":"https:\/\/iberoid.com\/it\/wp-json\/wp\/v2\/media?parent=5360"}],"wp:term":[{"taxonomy":"product_brand","embeddable":true,"href":"https:\/\/iberoid.com\/it\/wp-json\/wp\/v2\/product_brand?post=5360"},{"taxonomy":"product_cat","embeddable":true,"href":"https:\/\/iberoid.com\/it\/wp-json\/wp\/v2\/product_cat?post=5360"},{"taxonomy":"product_tag","embeddable":true,"href":"https:\/\/iberoid.com\/it\/wp-json\/wp\/v2\/product_tag?post=5360"}],"curies":[{"name":"wp","href":"https:\/\/api.w.org\/{rel}","templated":true}]}}