{"id":5371,"date":"2020-10-09T10:40:14","date_gmt":"2020-10-09T10:40:14","guid":{"rendered":"https:\/\/iberoid.com\/?post_type=product&#038;p=5371"},"modified":"2022-01-15T14:17:23","modified_gmt":"2022-01-15T14:17:23","slug":"equipoise-boldenona-e-200sp-laboratories","status":"publish","type":"product","link":"https:\/\/iberoid.com\/it\/product\/equipoise-boldenona-e-200sp-laboratories\/","title":{"rendered":"EQUIPOISE BOLDENONA-E 200"},"content":{"rendered":"<p>Nome prodotto: Equipoise Boldenone E<br \/>\nProduttore: SP Laboratories<br \/>\nPresentazione: flacone da 10 ml da 200 mg \/ ml<br \/>\nSostanza attiva: boldenone Undecinelate<\/p>\n<p>Vita attiva: 7-10 giorni<br \/>\nUso suggerito: 300-600 mg \/ sapt<br \/>\nAcne: S\u00ec, se sei incline.<br \/>\nAcqua trattenuta: 20% rispetto al testosterone<br \/>\nAlta tensione: raramente<br \/>\nTossicit\u00e0 epatica: NO<br \/>\nConversione DHT: No, il NOR-DHT<br \/>\nAroma: Basso e norestrogeni<br \/>\nTest di inibizione personale: moderato<\/p>\n<p>\u00c8 un derivato del testosterone, che produce alti effetti anabolici e androgeni deboli. L&#8217;attivit\u00e0 steroidea dell&#8217;estere Undecilenat si estende bene clinicamente poich\u00e9 si somministrano ogni 3-4 spatamani. In medicina veterinaria viene utilizzato principalmente nei cavalli.<br \/>\nSembra che Equipoise possa aumentare il numero di globuli rossi. Gli effetti benefici di questo steroide sono molto popolari tra gli atleti, \u00e8 uno steroide sempre pi\u00f9 popolare negli ultimi anni. \u00c8 considerato da molti un Deca-Durabolin pi\u00f9 forte. \u00c8 economico e pu\u00f2 sostituire Deca in un ciclo senza problemi. Gli effetti collaterali con questo steroide sono generalmente lievi. La struttura pu\u00f2 convertirsi in estrogeni ma non un&#8217;affinit\u00e0 troppo alta per farlo. Quindi, gli effetti collaterali estrogenici come la ritenzione idrica, l&#8217;accumulo di grasso e la ginecomastia sono teoricamente possibili, ma le probabilit\u00e0 sono che appaiono dosi da basse a moderate.<\/p>\n<p>Allo stesso modo, se gli effetti collaterali degli androgeni. Possono verificarsi pelle grassa, acne e calvizie, ma a dosi pi\u00f9 elevate. Sebbene la luce sia uno steroide, pu\u00f2 avere effetti soppressivi sulla loro produzione di testosterone, quindi potrebbe essere necessario l&#8217;uso post-ciclo di HCG e Nolvadex, specialmente quando ha un ciclo lungo.<\/p>\n<p>Viene somministrato almeno una volta alla settimana, in dosi di 200-400 mg a settimana. Solitamente si trova confezionato in flaconcini da 25 mg e tale somministrazione pu\u00f2 diventare scomoda con il gran numero di iniezioni. Quindi dosi pi\u00f9 piccole possono essere somministrate una volta ogni due giorni per dare la quantit\u00e0 desiderata accumulata a settimana. Il sito di iniezione deve essere ruotato per evitare irritazioni. Se si prende una dose troppo grande di sostanza oleosa in un punto si possono arrivare a complicazioni chirurgiche. Quindi per evitare che non vengano iniettati pi\u00f9 di 3 ml contemporaneamente.<\/p>","protected":false},"excerpt":{"rendered":"<p>Nome prodotto: Equipoise Boldenone E Produttore: SP Laboratories Presentazione: flacone da 10 ml da 200 mg \/ ml Sostanza attiva:<\/p>\n","protected":false},"featured_media":5372,"comment_status":"open","ping_status":"closed","template":"","meta":[],"product_brand":[],"product_cat":[69],"product_tag":[],"class_list":{"0":"post-5371","1":"product","2":"type-product","3":"status-publish","4":"has-post-thumbnail","6":"product_cat-esteroides_inyectables","8":"first","9":"outofstock","10":"shipping-taxable","11":"purchasable","12":"product-type-simple"},"yoast_head":"<!-- This site is optimized with the Yoast SEO Premium plugin v24.4 (Yoast SEO v27.3) - https:\/\/yoast.com\/product\/yoast-seo-premium-wordpress\/ -->\n<title>EQUIPOISE BOLDENONA-E 200 - Steroidi in linea<\/title>\n<meta name=\"robots\" content=\"index, follow, max-snippet:-1, max-image-preview:large, max-video-preview:-1\" \/>\n<link rel=\"canonical\" href=\"https:\/\/iberoid.com\/it\/product\/equipoise-boldenona-e-200sp-laboratories\/\" \/>\n<meta property=\"og:locale\" content=\"it_IT\" \/>\n<meta property=\"og:type\" content=\"article\" \/>\n<meta property=\"og:title\" content=\"EQUIPOISE BOLDENONA-E 200\" \/>\n<meta property=\"og:description\" content=\"Nome prodotto: Equipoise Boldenone E Produttore: SP Laboratories Presentazione: flacone da 10 ml da 200 mg \/ ml Sostanza attiva:\" \/>\n<meta property=\"og:url\" content=\"https:\/\/iberoid.com\/it\/product\/equipoise-boldenona-e-200sp-laboratories\/\" \/>\n<meta property=\"og:site_name\" content=\"Steroidi in linea\" \/>\n<meta property=\"article:modified_time\" content=\"2022-01-15T14:17:23+00:00\" \/>\n<meta property=\"og:image\" content=\"https:\/\/iberoid.com\/wp-content\/uploads\/2020\/10\/bolde.jpg?v=1678120088\" \/>\n\t<meta property=\"og:image:width\" content=\"388\" \/>\n\t<meta property=\"og:image:height\" content=\"388\" \/>\n\t<meta property=\"og:image:type\" content=\"image\/jpeg\" \/>\n<meta name=\"twitter:card\" content=\"summary_large_image\" \/>\n<meta name=\"twitter:label1\" content=\"Prezzo\" \/>\n\t<meta name=\"twitter:data1\" content=\"&euro;60.00\" \/>\n\t<meta name=\"twitter:label2\" content=\"Disponibilit\u00e0\" \/>\n\t<meta name=\"twitter:data2\" content=\"Esaurito\" \/>\n<script type=\"application\/ld+json\" class=\"yoast-schema-graph\">{\"@context\":\"https:\\\/\\\/schema.org\",\"@graph\":[{\"@type\":\"WebPage\",\"@id\":\"https:\\\/\\\/iberoid.com\\\/it\\\/product\\\/equipoise-boldenona-e-200sp-laboratories\\\/\",\"url\":\"https:\\\/\\\/iberoid.com\\\/it\\\/product\\\/equipoise-boldenona-e-200sp-laboratories\\\/\",\"name\":\"EQUIPOISE BOLDENONA-E 200 - Steroidi in linea\",\"isPartOf\":{\"@id\":\"https:\\\/\\\/iberoid.com\\\/it\\\/#website\"},\"primaryImageOfPage\":{\"@id\":\"https:\\\/\\\/iberoid.com\\\/it\\\/product\\\/equipoise-boldenona-e-200sp-laboratories\\\/#primaryimage\"},\"image\":{\"@id\":\"https:\\\/\\\/iberoid.com\\\/it\\\/product\\\/equipoise-boldenona-e-200sp-laboratories\\\/#primaryimage\"},\"thumbnailUrl\":\"https:\\\/\\\/iberoid.com\\\/wp-content\\\/uploads\\\/2020\\\/10\\\/bolde.jpg?v=1678120088\",\"datePublished\":\"2020-10-09T10:40:14+00:00\",\"dateModified\":\"2022-01-15T14:17:23+00:00\",\"breadcrumb\":{\"@id\":\"https:\\\/\\\/iberoid.com\\\/it\\\/product\\\/equipoise-boldenona-e-200sp-laboratories\\\/#breadcrumb\"},\"inLanguage\":\"it-IT\",\"potentialAction\":[{\"@type\":\"ReadAction\",\"target\":[[\"https:\\\/\\\/iberoid.com\\\/it\\\/product\\\/equipoise-boldenona-e-200sp-laboratories\\\/\"]]}]},{\"@type\":\"ImageObject\",\"inLanguage\":\"it-IT\",\"@id\":\"https:\\\/\\\/iberoid.com\\\/it\\\/product\\\/equipoise-boldenona-e-200sp-laboratories\\\/#primaryimage\",\"url\":\"https:\\\/\\\/iberoid.com\\\/wp-content\\\/uploads\\\/2020\\\/10\\\/bolde.jpg?v=1678120088\",\"contentUrl\":\"https:\\\/\\\/iberoid.com\\\/wp-content\\\/uploads\\\/2020\\\/10\\\/bolde.jpg?v=1678120088\",\"width\":388,\"height\":388},{\"@type\":\"BreadcrumbList\",\"@id\":\"https:\\\/\\\/iberoid.com\\\/it\\\/product\\\/equipoise-boldenona-e-200sp-laboratories\\\/#breadcrumb\",\"itemListElement\":[{\"@type\":\"ListItem\",\"position\":1,\"name\":\"Portada\",\"item\":\"https:\\\/\\\/iberoid.com\\\/it\\\/\"},{\"@type\":\"ListItem\",\"position\":2,\"name\":\"Negozio\",\"item\":\"https:\\\/\\\/iberoid.com\\\/it\\\/shop\\\/\"},{\"@type\":\"ListItem\",\"position\":3,\"name\":\"EQUIPOISE BOLDENONA-E 200\"}]},{\"@type\":\"WebSite\",\"@id\":\"https:\\\/\\\/iberoid.com\\\/it\\\/#website\",\"url\":\"https:\\\/\\\/iberoid.com\\\/it\\\/\",\"name\":\"Steroidi in linea\",\"description\":\"Acquista steroidi online oggi in Spagna e Portogallo. Abbiamo il miglior servizio clienti del settore e prodotti di altissima qualit\u00e0\",\"potentialAction\":[{\"@type\":\"SearchAction\",\"target\":{\"@type\":\"EntryPoint\",\"urlTemplate\":\"https:\\\/\\\/iberoid.com\\\/it\\\/?s={search_term_string}\"},\"query-input\":{\"@type\":\"PropertyValueSpecification\",\"valueRequired\":true,\"valueName\":\"search_term_string\"}}],\"inLanguage\":\"it-IT\"}]}<\/script>\n<meta property=\"product:brand\" content=\"SP Laboratories\" \/>\n<meta property=\"product:price:amount\" content=\"60.00\" \/>\n<meta property=\"product:price:currency\" content=\"EUR\" \/>\n<meta property=\"og:availability\" content=\"out of stock\" \/>\n<meta property=\"product:availability\" content=\"out of stock\" \/>\n<meta property=\"product:condition\" content=\"new\" \/>\n<!-- \/ Yoast SEO Premium plugin. -->","yoast_head_json":{"title":"EQUIPOISE BOLDENONA-E 200 - Steroidi in linea","robots":{"index":"index","follow":"follow","max-snippet":"max-snippet:-1","max-image-preview":"max-image-preview:large","max-video-preview":"max-video-preview:-1"},"canonical":"https:\/\/iberoid.com\/it\/product\/equipoise-boldenona-e-200sp-laboratories\/","og_locale":"it_IT","og_type":"article","og_title":"EQUIPOISE BOLDENONA-E 200","og_description":"Nome prodotto: Equipoise Boldenone E Produttore: SP Laboratories Presentazione: flacone da 10 ml da 200 mg \/ ml Sostanza attiva:","og_url":"https:\/\/iberoid.com\/it\/product\/equipoise-boldenona-e-200sp-laboratories\/","og_site_name":"Steroidi in linea","article_modified_time":"2022-01-15T14:17:23+00:00","og_image":[{"width":388,"height":388,"url":"https:\/\/iberoid.com\/wp-content\/uploads\/2020\/10\/bolde.jpg?v=1678120088","type":"image\/jpeg"}],"twitter_card":"summary_large_image","twitter_misc":{"Prezzo":"&euro;60.00","Disponibilit\u00e0":"Esaurito"},"schema":{"@context":"https:\/\/schema.org","@graph":[{"@type":"WebPage","@id":"https:\/\/iberoid.com\/it\/product\/equipoise-boldenona-e-200sp-laboratories\/","url":"https:\/\/iberoid.com\/it\/product\/equipoise-boldenona-e-200sp-laboratories\/","name":"EQUIPOISE BOLDENONA-E 200 - Steroidi in linea","isPartOf":{"@id":"https:\/\/iberoid.com\/it\/#website"},"primaryImageOfPage":{"@id":"https:\/\/iberoid.com\/it\/product\/equipoise-boldenona-e-200sp-laboratories\/#primaryimage"},"image":{"@id":"https:\/\/iberoid.com\/it\/product\/equipoise-boldenona-e-200sp-laboratories\/#primaryimage"},"thumbnailUrl":"https:\/\/iberoid.com\/wp-content\/uploads\/2020\/10\/bolde.jpg?v=1678120088","datePublished":"2020-10-09T10:40:14+00:00","dateModified":"2022-01-15T14:17:23+00:00","breadcrumb":{"@id":"https:\/\/iberoid.com\/it\/product\/equipoise-boldenona-e-200sp-laboratories\/#breadcrumb"},"inLanguage":"it-IT","potentialAction":[{"@type":"ReadAction","target":[["https:\/\/iberoid.com\/it\/product\/equipoise-boldenona-e-200sp-laboratories\/"]]}]},{"@type":"ImageObject","inLanguage":"it-IT","@id":"https:\/\/iberoid.com\/it\/product\/equipoise-boldenona-e-200sp-laboratories\/#primaryimage","url":"https:\/\/iberoid.com\/wp-content\/uploads\/2020\/10\/bolde.jpg?v=1678120088","contentUrl":"https:\/\/iberoid.com\/wp-content\/uploads\/2020\/10\/bolde.jpg?v=1678120088","width":388,"height":388},{"@type":"BreadcrumbList","@id":"https:\/\/iberoid.com\/it\/product\/equipoise-boldenona-e-200sp-laboratories\/#breadcrumb","itemListElement":[{"@type":"ListItem","position":1,"name":"Portada","item":"https:\/\/iberoid.com\/it\/"},{"@type":"ListItem","position":2,"name":"Negozio","item":"https:\/\/iberoid.com\/it\/shop\/"},{"@type":"ListItem","position":3,"name":"EQUIPOISE BOLDENONA-E 200"}]},{"@type":"WebSite","@id":"https:\/\/iberoid.com\/it\/#website","url":"https:\/\/iberoid.com\/it\/","name":"Steroidi in linea","description":"Acquista steroidi online oggi in Spagna e Portogallo. Abbiamo il miglior servizio clienti del settore e prodotti di altissima qualit\u00e0","potentialAction":[{"@type":"SearchAction","target":{"@type":"EntryPoint","urlTemplate":"https:\/\/iberoid.com\/it\/?s={search_term_string}"},"query-input":{"@type":"PropertyValueSpecification","valueRequired":true,"valueName":"search_term_string"}}],"inLanguage":"it-IT"}]},"product_brand":"SP Laboratories","product_price_amount":"60.00","product_price_currency":"EUR","og_availability":"out of stock","product_availability":"out of stock","product_condition":"new"},"_links":{"self":[{"href":"https:\/\/iberoid.com\/it\/wp-json\/wp\/v2\/product\/5371","targetHints":{"allow":["GET"]}}],"collection":[{"href":"https:\/\/iberoid.com\/it\/wp-json\/wp\/v2\/product"}],"about":[{"href":"https:\/\/iberoid.com\/it\/wp-json\/wp\/v2\/types\/product"}],"replies":[{"embeddable":true,"href":"https:\/\/iberoid.com\/it\/wp-json\/wp\/v2\/comments?post=5371"}],"wp:featuredmedia":[{"embeddable":true,"href":"https:\/\/iberoid.com\/it\/wp-json\/wp\/v2\/media\/5372"}],"wp:attachment":[{"href":"https:\/\/iberoid.com\/it\/wp-json\/wp\/v2\/media?parent=5371"}],"wp:term":[{"taxonomy":"product_brand","embeddable":true,"href":"https:\/\/iberoid.com\/it\/wp-json\/wp\/v2\/product_brand?post=5371"},{"taxonomy":"product_cat","embeddable":true,"href":"https:\/\/iberoid.com\/it\/wp-json\/wp\/v2\/product_cat?post=5371"},{"taxonomy":"product_tag","embeddable":true,"href":"https:\/\/iberoid.com\/it\/wp-json\/wp\/v2\/product_tag?post=5371"}],"curies":[{"name":"wp","href":"https:\/\/api.w.org\/{rel}","templated":true}]}}