{"id":5375,"date":"2020-10-09T10:45:00","date_gmt":"2020-10-09T10:45:00","guid":{"rendered":"https:\/\/iberoid.com\/?post_type=product&#038;p=5375"},"modified":"2024-01-22T19:57:20","modified_gmt":"2024-01-22T19:57:20","slug":"gonadotropin-5000iu","status":"publish","type":"product","link":"https:\/\/iberoid.com\/it\/product\/gonadotropin-5000iu\/","title":{"rendered":"GONADOTROPIN- 5000iu"},"content":{"rendered":"<p>Nome prodotto: gonadotropina<\/p>\n<p>Produttore: Sp Laboratories<\/p>\n<p>Modalit\u00e0 presentazione: 1 flaconcino da 5000 UI<\/p>\n<p>ingrediente attivo: gonadotropina corionica umana<\/p>\n<p>La gonadotropina corionica umana \u00e8 un ormone che si trova solo nella placenta delle donne in gravidanza. Per le donne non ha un ruolo significativo, ma per le atlete ha dei caractristi molto interessanti. Pu\u00f2 imitare LH (HL), secreto dalla ghiandola pituitaria \u00e8 lui che d\u00e0 il segnale per la produzione di testosterone. Gli ormoni sessuali agiscono attraverso un feedback negativo, quando presenti in quantit\u00e0 troppo grandi (come steroidi, androgeni o estrogeni) invia un segnale al cervello per fermare la secrezione di HL. Durante i cicli di steroidi che si estendono per lunghi periodi, se la propria secrezione di testosterone viene soppressa troppo a lungo, i testicoli iniziano ad atrofizzarsi per perdere la funzionalit\u00e0. La somministrazione dell&#8217;ormone luteinizzante simile, consente di ripristinare la funzione testicolare e il loro ritorno alle dimensioni normali. Questo \u00e8 l&#8217;uso principale di HCG.<\/p>\n<p>Poich\u00e9 i topi producono accumulo di testosterone nel corpo possono avere alcune propriet\u00e0 anaboliche ma poco significative. Non viene quindi utilizzato dagli atleti per questo scopo. Ma per qualcuno che segue un ciclo di steroidi \u00e8 quasi essenziale. Per mantenere i guadagni durante il ciclo di steroidi \u00e8 fondamentale che i loro livelli di testosterone siano normali. Senza una risposta endocrina naturale non si pu\u00f2 mantenere una massa maggiore di quella iniziale.<\/p>\n<p>Lo svantaggio di HCG \u00e8 che sopprime la produzione di testosterone mediante la sostituzione dell&#8217;ormone luteinizzante. HL \u00e8 secreto dalla risposta ipofisaria galnda all&#8217;ipotalamo per rilasciare un altro ormone, l&#8217;ormone gonadotropina. Dato che viene introdotto un agente esogeno imitare HL, l&#8217;ipotalamo a feedback negativo invia un segnale per interrompere la produzione dell&#8217;ormone gonadotropina, e implicitamente quella di HL. Quindi HCG viene sempre utilizzato con Clomid o Nolvadex. Quando i livelli di androgeni nel corpo diminuiscono, Clomid o Nolvadex abbasseranno la risposta estrogenica steroidea inducendo un deficit che segnaler\u00e0 all&#8217;ipotalamo di rilasciare l&#8217;ormone gonadotropinico. \u00c8 importante che l&#8217;HCG venga utilizzato in combinazione con uno di questi due farmaci e la sua somministrazione venga interrotta almeno 2 settimane prima di interrompere l&#8217;uso di Nolvadex o Clomid.<\/p>\n<p>Inoltre, l&#8217;uso prolungato di HCG pu\u00f2 desensibilizzare i testicoli a HL, il che significherebbe tornare da dove hai iniziato. Gli effetti collaterali che possono verificarsi in alcuni casi sono l&#8217;acne e la caduta dei capelli o l&#8217;ipertrofia della prostata, ma di solito si usano 3-4 spatamani essendo troppo veloci perch\u00e9 questi effetti si manifestino.<br \/>\nL&#8217;HCG \u00e8 un farmaco per la fertilit\u00e0 utilizzato e quindi pu\u00f2 causare ipertensione.<\/p>\n<p>HCG \u00e8 disponibile in due flaconcini, uno contenente una polvere e il secondo un solvente sterile. Mescolare il contenuto di due flaconcini prima dell&#8217;iniezione. Se rimane del materiale da iniettare successivamente si conserva in frigorifero.<\/p>\n<p>HCG dopo cicli di uso di steroidi lunghi, 8 spatamani in su. La durata normale di un ciclo \u00e8 compresa tra 8 e 12 settimane, ma alcuni optano per cicli pi\u00f9 piccoli che non necessariamente utilizzano HCG dopo il loro completamento.<br \/>\nMaggiori informazioni sull&#8217;uso dell&#8217;HCG possono essere trovate leggendo sulla terapia post ciclo.<\/p>\n<p>L&#8217;HCG \u00e8 molto importante nel recupero post-ciclico, ma non dovrebbe essere somministrato a dosi elevate e anche per un periodo di tempo. E deve essere sempre accompagnato da Clomid o Nolvadex.<\/p>","protected":false},"excerpt":{"rendered":"<p>Nome prodotto: gonadotropina Produttore: Sp Laboratories Modalit\u00e0 presentazione: 1 flaconcino da 5000 UI ingrediente attivo: gonadotropina corionica umana La gonadotropina<\/p>\n","protected":false},"featured_media":5376,"comment_status":"open","ping_status":"closed","template":"","meta":[],"product_brand":[],"product_cat":[76],"product_tag":[],"class_list":{"0":"post-5375","1":"product","2":"type-product","3":"status-publish","4":"has-post-thumbnail","6":"product_cat-hgh_peptido","8":"first","9":"outofstock","10":"shipping-taxable","11":"purchasable","12":"product-type-simple"},"yoast_head":"<!-- This site is optimized with the Yoast SEO Premium plugin v24.4 (Yoast SEO v27.0) - https:\/\/yoast.com\/product\/yoast-seo-premium-wordpress\/ -->\n<title>GONADOTROPIN- 5000iu - Steroidi in linea<\/title>\n<meta name=\"robots\" content=\"index, follow, max-snippet:-1, max-image-preview:large, max-video-preview:-1\" \/>\n<link rel=\"canonical\" href=\"https:\/\/iberoid.com\/it\/product\/gonadotropin-5000iu\/\" \/>\n<meta property=\"og:locale\" content=\"it_IT\" \/>\n<meta property=\"og:type\" content=\"article\" \/>\n<meta property=\"og:title\" content=\"GONADOTROPIN- 5000iu\" \/>\n<meta property=\"og:description\" content=\"Nome prodotto: gonadotropina Produttore: Sp Laboratories Modalit\u00e0 presentazione: 1 flaconcino da 5000 UI ingrediente attivo: gonadotropina corionica umana La gonadotropina\" \/>\n<meta property=\"og:url\" content=\"https:\/\/iberoid.com\/it\/product\/gonadotropin-5000iu\/\" \/>\n<meta property=\"og:site_name\" content=\"Steroidi in linea\" \/>\n<meta property=\"article:modified_time\" content=\"2024-01-22T19:57:20+00:00\" \/>\n<meta property=\"og:image\" content=\"https:\/\/iberoid.com\/wp-content\/uploads\/2020\/10\/product_153355740613ccsp-gonadotropi.jpg?v=1678120087\" \/>\n\t<meta property=\"og:image:width\" content=\"388\" \/>\n\t<meta property=\"og:image:height\" content=\"388\" \/>\n\t<meta property=\"og:image:type\" content=\"image\/jpeg\" \/>\n<meta name=\"twitter:card\" content=\"summary_large_image\" \/>\n<meta name=\"twitter:label1\" content=\"Prezzo\" \/>\n\t<meta name=\"twitter:data1\" content=\"&euro;30.00\" \/>\n\t<meta name=\"twitter:label2\" content=\"Disponibilit\u00e0\" \/>\n\t<meta name=\"twitter:data2\" content=\"Esaurito\" \/>\n<script type=\"application\/ld+json\" class=\"yoast-schema-graph\">{\"@context\":\"https:\/\/schema.org\",\"@graph\":[{\"@type\":\"WebPage\",\"@id\":\"https:\/\/iberoid.com\/it\/product\/gonadotropin-5000iu\/\",\"url\":\"https:\/\/iberoid.com\/it\/product\/gonadotropin-5000iu\/\",\"name\":\"GONADOTROPIN- 5000iu - Steroidi in linea\",\"isPartOf\":{\"@id\":\"https:\/\/iberoid.com\/it\/#website\"},\"primaryImageOfPage\":{\"@id\":\"https:\/\/iberoid.com\/it\/product\/gonadotropin-5000iu\/#primaryimage\"},\"image\":{\"@id\":\"https:\/\/iberoid.com\/it\/product\/gonadotropin-5000iu\/#primaryimage\"},\"thumbnailUrl\":\"https:\/\/iberoid.com\/wp-content\/uploads\/2020\/10\/product_153355740613ccsp-gonadotropi.jpg?v=1678120087\",\"datePublished\":\"2020-10-09T10:45:00+00:00\",\"dateModified\":\"2024-01-22T19:57:20+00:00\",\"breadcrumb\":{\"@id\":\"https:\/\/iberoid.com\/it\/product\/gonadotropin-5000iu\/#breadcrumb\"},\"inLanguage\":\"it-IT\",\"potentialAction\":[{\"@type\":\"ReadAction\",\"target\":[[\"https:\/\/iberoid.com\/it\/product\/gonadotropin-5000iu\/\"]]}]},{\"@type\":\"ImageObject\",\"inLanguage\":\"it-IT\",\"@id\":\"https:\/\/iberoid.com\/it\/product\/gonadotropin-5000iu\/#primaryimage\",\"url\":\"https:\/\/iberoid.com\/wp-content\/uploads\/2020\/10\/product_153355740613ccsp-gonadotropi.jpg?v=1678120087\",\"contentUrl\":\"https:\/\/iberoid.com\/wp-content\/uploads\/2020\/10\/product_153355740613ccsp-gonadotropi.jpg?v=1678120087\",\"width\":388,\"height\":388},{\"@type\":\"BreadcrumbList\",\"@id\":\"https:\/\/iberoid.com\/it\/product\/gonadotropin-5000iu\/#breadcrumb\",\"itemListElement\":[{\"@type\":\"ListItem\",\"position\":1,\"name\":\"Portada\",\"item\":\"https:\/\/iberoid.com\/it\/\"},{\"@type\":\"ListItem\",\"position\":2,\"name\":\"Negozio\",\"item\":\"https:\/\/iberoid.com\/it\/shop\/\"},{\"@type\":\"ListItem\",\"position\":3,\"name\":\"GONADOTROPIN- 5000iu\"}]},{\"@type\":\"WebSite\",\"@id\":\"https:\/\/iberoid.com\/it\/#website\",\"url\":\"https:\/\/iberoid.com\/it\/\",\"name\":\"Steroidi in linea\",\"description\":\"Acquista steroidi online oggi in Spagna e Portogallo. Abbiamo il miglior servizio clienti del settore e prodotti di altissima qualit\u00e0\",\"potentialAction\":[{\"@type\":\"SearchAction\",\"target\":{\"@type\":\"EntryPoint\",\"urlTemplate\":\"https:\/\/iberoid.com\/it\/?s={search_term_string}\"},\"query-input\":{\"@type\":\"PropertyValueSpecification\",\"valueRequired\":true,\"valueName\":\"search_term_string\"}}],\"inLanguage\":\"it-IT\"}]}<\/script>\n<meta property=\"product:brand\" content=\"SP Laboratories\" \/>\n<meta property=\"product:price:amount\" content=\"30.00\" \/>\n<meta property=\"product:price:currency\" content=\"EUR\" \/>\n<meta property=\"og:availability\" content=\"out of stock\" \/>\n<meta property=\"product:availability\" content=\"out of stock\" \/>\n<meta property=\"product:condition\" content=\"new\" \/>\n<!-- \/ Yoast SEO Premium plugin. -->","yoast_head_json":{"title":"GONADOTROPIN- 5000iu - Steroidi in linea","robots":{"index":"index","follow":"follow","max-snippet":"max-snippet:-1","max-image-preview":"max-image-preview:large","max-video-preview":"max-video-preview:-1"},"canonical":"https:\/\/iberoid.com\/it\/product\/gonadotropin-5000iu\/","og_locale":"it_IT","og_type":"article","og_title":"GONADOTROPIN- 5000iu","og_description":"Nome prodotto: gonadotropina Produttore: Sp Laboratories Modalit\u00e0 presentazione: 1 flaconcino da 5000 UI ingrediente attivo: gonadotropina corionica umana La gonadotropina","og_url":"https:\/\/iberoid.com\/it\/product\/gonadotropin-5000iu\/","og_site_name":"Steroidi in linea","article_modified_time":"2024-01-22T19:57:20+00:00","og_image":[{"width":388,"height":388,"url":"https:\/\/iberoid.com\/wp-content\/uploads\/2020\/10\/product_153355740613ccsp-gonadotropi.jpg?v=1678120087","type":"image\/jpeg"}],"twitter_card":"summary_large_image","twitter_misc":{"Prezzo":"&euro;30.00","Disponibilit\u00e0":"Esaurito"},"schema":{"@context":"https:\/\/schema.org","@graph":[{"@type":"WebPage","@id":"https:\/\/iberoid.com\/it\/product\/gonadotropin-5000iu\/","url":"https:\/\/iberoid.com\/it\/product\/gonadotropin-5000iu\/","name":"GONADOTROPIN- 5000iu - Steroidi in linea","isPartOf":{"@id":"https:\/\/iberoid.com\/it\/#website"},"primaryImageOfPage":{"@id":"https:\/\/iberoid.com\/it\/product\/gonadotropin-5000iu\/#primaryimage"},"image":{"@id":"https:\/\/iberoid.com\/it\/product\/gonadotropin-5000iu\/#primaryimage"},"thumbnailUrl":"https:\/\/iberoid.com\/wp-content\/uploads\/2020\/10\/product_153355740613ccsp-gonadotropi.jpg?v=1678120087","datePublished":"2020-10-09T10:45:00+00:00","dateModified":"2024-01-22T19:57:20+00:00","breadcrumb":{"@id":"https:\/\/iberoid.com\/it\/product\/gonadotropin-5000iu\/#breadcrumb"},"inLanguage":"it-IT","potentialAction":[{"@type":"ReadAction","target":[["https:\/\/iberoid.com\/it\/product\/gonadotropin-5000iu\/"]]}]},{"@type":"ImageObject","inLanguage":"it-IT","@id":"https:\/\/iberoid.com\/it\/product\/gonadotropin-5000iu\/#primaryimage","url":"https:\/\/iberoid.com\/wp-content\/uploads\/2020\/10\/product_153355740613ccsp-gonadotropi.jpg?v=1678120087","contentUrl":"https:\/\/iberoid.com\/wp-content\/uploads\/2020\/10\/product_153355740613ccsp-gonadotropi.jpg?v=1678120087","width":388,"height":388},{"@type":"BreadcrumbList","@id":"https:\/\/iberoid.com\/it\/product\/gonadotropin-5000iu\/#breadcrumb","itemListElement":[{"@type":"ListItem","position":1,"name":"Portada","item":"https:\/\/iberoid.com\/it\/"},{"@type":"ListItem","position":2,"name":"Negozio","item":"https:\/\/iberoid.com\/it\/shop\/"},{"@type":"ListItem","position":3,"name":"GONADOTROPIN- 5000iu"}]},{"@type":"WebSite","@id":"https:\/\/iberoid.com\/it\/#website","url":"https:\/\/iberoid.com\/it\/","name":"Steroidi in linea","description":"Acquista steroidi online oggi in Spagna e Portogallo. Abbiamo il miglior servizio clienti del settore e prodotti di altissima qualit\u00e0","potentialAction":[{"@type":"SearchAction","target":{"@type":"EntryPoint","urlTemplate":"https:\/\/iberoid.com\/it\/?s={search_term_string}"},"query-input":{"@type":"PropertyValueSpecification","valueRequired":true,"valueName":"search_term_string"}}],"inLanguage":"it-IT"}]},"product_brand":"SP Laboratories","product_price_amount":"30.00","product_price_currency":"EUR","og_availability":"out of stock","product_availability":"out of stock","product_condition":"new"},"_links":{"self":[{"href":"https:\/\/iberoid.com\/it\/wp-json\/wp\/v2\/product\/5375","targetHints":{"allow":["GET"]}}],"collection":[{"href":"https:\/\/iberoid.com\/it\/wp-json\/wp\/v2\/product"}],"about":[{"href":"https:\/\/iberoid.com\/it\/wp-json\/wp\/v2\/types\/product"}],"replies":[{"embeddable":true,"href":"https:\/\/iberoid.com\/it\/wp-json\/wp\/v2\/comments?post=5375"}],"wp:featuredmedia":[{"embeddable":true,"href":"https:\/\/iberoid.com\/it\/wp-json\/wp\/v2\/media\/5376"}],"wp:attachment":[{"href":"https:\/\/iberoid.com\/it\/wp-json\/wp\/v2\/media?parent=5375"}],"wp:term":[{"taxonomy":"product_brand","embeddable":true,"href":"https:\/\/iberoid.com\/it\/wp-json\/wp\/v2\/product_brand?post=5375"},{"taxonomy":"product_cat","embeddable":true,"href":"https:\/\/iberoid.com\/it\/wp-json\/wp\/v2\/product_cat?post=5375"},{"taxonomy":"product_tag","embeddable":true,"href":"https:\/\/iberoid.com\/it\/wp-json\/wp\/v2\/product_tag?post=5375"}],"curies":[{"name":"wp","href":"https:\/\/api.w.org\/{rel}","templated":true}]}}