{"id":5537,"date":"2020-12-24T15:27:39","date_gmt":"2020-12-24T15:27:39","guid":{"rendered":"https:\/\/iberoid.com\/?post_type=product&#038;p=5537"},"modified":"2026-01-11T18:02:35","modified_gmt":"2026-01-11T18:02:35","slug":"pr-ject-100-10ml-methenolone-enanthate-1ml-100mg-primobolan","status":"publish","type":"product","link":"https:\/\/iberoid.com\/it\/product\/pr-ject-100-10ml-methenolone-enanthate-1ml-100mg-primobolan\/","title":{"rendered":"PRIMOBOLAN PR-JECT 100"},"content":{"rendered":"<p>Primobolan \u00e8 uno dei piani di steroidi anabolizzanti pi\u00f9 facili e sicuri disponibili oggi sul mercato. Sebbene questo non sia l&#8217;ormone tipico che molti considererebbero uno steroide di base per molti atleti, ha alcuni ottimi benefici quando si tratta di un integratore per steroidi anabolizzanti. Primobolan funziona particolarmente bene quando si tratta di atlete, nonch\u00e9 per migliorare le prestazioni e il fisico in combinazione con uno steroide di base.<\/p>\n<p>Primobolan \u00e8 generalmente usato per una crescita moderata o per periodi di taglio negli uomini e in dosi molto piccole, tuttavia per le donne pu\u00f2 avere risultati estremamente esplosivi. Molte donne usano Primobolan in bassa stagione per la coltivazione di massa e per vedere enormi guadagni atletici in cicli brevi.<\/p>\n<p>Effetti:<\/p>\n<p>Se usato in combinazione con altri steroidi Primobolan pu\u00f2 far emergere il meglio in tutti i cicli di taglio e miglioramenti atletici. Molti bodybuilder lo usano regolarmente con Anavar, Trenbolone e Winstrol per migliorare la potenza di taglio e la forza complessiva. Per le femmine in cicli brevi e concisi Primobolan pu\u00f2 essere estremamente utile da solo. Molti riferiscono persino di vedere enormi miglioramenti nella potenza atletica e nella massa quando assumono dosi moderate. Primobolan funziona meglio da solo nelle donne, ma pu\u00f2 aiutare gli uomini a ottenere risultati esplosivi quando usano altri tipi di steroidi.<\/p>\n<p>Dosi:<\/p>\n<p>La maggior parte delle donne prende generalmente da 20 a 50 mg al giorno in quattro settimane con un ciclo di quattro settimane. Gli uomini di solito introducono tra 25 e 50 mg al giorno se usati in combinazione con altri steroidi negli uomini. \u00c8 importante non dosare molto pi\u00f9 in alto di 50 mg al giorno in quanto ci\u00f2 pu\u00f2 portare a cambiamenti ormonali permanenti che possono essere difficili da compensare con una corretta PCT.<\/p>\n<p>Cicli:<\/p>\n<p>Le donne di solito traggono maggiori benefici dai cicli brevi e ripetitivi che utilizzano Primobolan. Prenderlo per quattro settimane e poi prendersi quattro settimane di pausa e ricominciare un ciclo sembra creare i migliori risultati possibili. Gli uomini d&#8217;altra parte generalmente introducono Primobolan in ogni altro ciclo con steroidi o semplicemente durante le fasi di taglio per i risultati pi\u00f9 efficaci.<\/p>","protected":false},"excerpt":{"rendered":"<p>Primobolan \u00e8 uno dei piani di steroidi anabolizzanti pi\u00f9 facili e sicuri disponibili oggi sul mercato. Sebbene questo non sia<\/p>\n","protected":false},"featured_media":5538,"comment_status":"open","ping_status":"closed","template":"","meta":[],"product_brand":[],"product_cat":[69],"product_tag":[],"class_list":{"0":"post-5537","1":"product","2":"type-product","3":"status-publish","4":"has-post-thumbnail","6":"product_cat-esteroides_inyectables","8":"first","9":"instock","10":"sale","11":"shipping-taxable","12":"purchasable","13":"product-type-simple"},"yoast_head":"<!-- This site is optimized with the Yoast SEO Premium plugin v24.4 (Yoast SEO v27.3) - https:\/\/yoast.com\/product\/yoast-seo-premium-wordpress\/ -->\n<title>PRIMOBOLAN PR-JECT 100 - Steroidi in linea<\/title>\n<meta name=\"robots\" content=\"index, follow, max-snippet:-1, max-image-preview:large, max-video-preview:-1\" \/>\n<link rel=\"canonical\" href=\"https:\/\/iberoid.com\/it\/product\/pr-ject-100-10ml-methenolone-enanthate-1ml-100mg-primobolan\/\" \/>\n<meta property=\"og:locale\" content=\"it_IT\" \/>\n<meta property=\"og:type\" content=\"article\" \/>\n<meta property=\"og:title\" content=\"PRIMOBOLAN PR-JECT 100\" \/>\n<meta property=\"og:description\" content=\"Primobolan \u00e8 uno dei piani di steroidi anabolizzanti pi\u00f9 facili e sicuri disponibili oggi sul mercato. Sebbene questo non sia\" \/>\n<meta property=\"og:url\" content=\"https:\/\/iberoid.com\/it\/product\/pr-ject-100-10ml-methenolone-enanthate-1ml-100mg-primobolan\/\" \/>\n<meta property=\"og:site_name\" content=\"Steroidi in linea\" \/>\n<meta property=\"article:modified_time\" content=\"2026-01-11T18:02:35+00:00\" \/>\n<meta property=\"og:image\" content=\"https:\/\/iberoid.com\/wp-content\/uploads\/2020\/12\/prject-scaled.jpg?v=1754242606\" \/>\n\t<meta property=\"og:image:width\" content=\"2560\" \/>\n\t<meta property=\"og:image:height\" content=\"2058\" \/>\n\t<meta property=\"og:image:type\" content=\"image\/jpeg\" \/>\n<meta name=\"twitter:card\" content=\"summary_large_image\" \/>\n<meta name=\"twitter:label1\" content=\"Prezzo\" \/>\n\t<meta name=\"twitter:data1\" content=\"&euro;45.00\" \/>\n\t<meta name=\"twitter:label2\" content=\"Disponibilit\u00e0\" \/>\n\t<meta name=\"twitter:data2\" content=\"In stock\" \/>\n<script type=\"application\/ld+json\" class=\"yoast-schema-graph\">{\"@context\":\"https:\\\/\\\/schema.org\",\"@graph\":[{\"@type\":\"WebPage\",\"@id\":\"https:\\\/\\\/iberoid.com\\\/it\\\/product\\\/pr-ject-100-10ml-methenolone-enanthate-1ml-100mg-primobolan\\\/\",\"url\":\"https:\\\/\\\/iberoid.com\\\/it\\\/product\\\/pr-ject-100-10ml-methenolone-enanthate-1ml-100mg-primobolan\\\/\",\"name\":\"PRIMOBOLAN PR-JECT 100 - Steroidi in linea\",\"isPartOf\":{\"@id\":\"https:\\\/\\\/iberoid-shop.com\\\/#website\"},\"primaryImageOfPage\":{\"@id\":\"https:\\\/\\\/iberoid.com\\\/it\\\/product\\\/pr-ject-100-10ml-methenolone-enanthate-1ml-100mg-primobolan\\\/#primaryimage\"},\"image\":{\"@id\":\"https:\\\/\\\/iberoid.com\\\/it\\\/product\\\/pr-ject-100-10ml-methenolone-enanthate-1ml-100mg-primobolan\\\/#primaryimage\"},\"thumbnailUrl\":\"https:\\\/\\\/iberoid.com\\\/wp-content\\\/uploads\\\/2020\\\/12\\\/prject-scaled.jpg?v=1754242606\",\"datePublished\":\"2020-12-24T15:27:39+00:00\",\"dateModified\":\"2026-01-11T18:02:35+00:00\",\"breadcrumb\":{\"@id\":\"https:\\\/\\\/iberoid.com\\\/it\\\/product\\\/pr-ject-100-10ml-methenolone-enanthate-1ml-100mg-primobolan\\\/#breadcrumb\"},\"inLanguage\":\"it-IT\",\"potentialAction\":[{\"@type\":\"ReadAction\",\"target\":[[\"https:\\\/\\\/iberoid.com\\\/it\\\/product\\\/pr-ject-100-10ml-methenolone-enanthate-1ml-100mg-primobolan\\\/\"]]}]},{\"@type\":\"ImageObject\",\"inLanguage\":\"it-IT\",\"@id\":\"https:\\\/\\\/iberoid.com\\\/it\\\/product\\\/pr-ject-100-10ml-methenolone-enanthate-1ml-100mg-primobolan\\\/#primaryimage\",\"url\":\"https:\\\/\\\/iberoid.com\\\/wp-content\\\/uploads\\\/2020\\\/12\\\/prject-scaled.jpg?v=1754242606\",\"contentUrl\":\"https:\\\/\\\/iberoid.com\\\/wp-content\\\/uploads\\\/2020\\\/12\\\/prject-scaled.jpg?v=1754242606\",\"width\":2560,\"height\":2058},{\"@type\":\"BreadcrumbList\",\"@id\":\"https:\\\/\\\/iberoid.com\\\/it\\\/product\\\/pr-ject-100-10ml-methenolone-enanthate-1ml-100mg-primobolan\\\/#breadcrumb\",\"itemListElement\":[{\"@type\":\"ListItem\",\"position\":1,\"name\":\"Portada\",\"item\":\"https:\\\/\\\/iberoid.com\\\/it\\\/\"},{\"@type\":\"ListItem\",\"position\":2,\"name\":\"Negozio\",\"item\":\"https:\\\/\\\/iberoid.com\\\/it\\\/shop\\\/\"},{\"@type\":\"ListItem\",\"position\":3,\"name\":\"PRIMOBOLAN PR-JECT 100\"}]},{\"@type\":\"WebSite\",\"@id\":\"https:\\\/\\\/iberoid-shop.com\\\/#website\",\"url\":\"https:\\\/\\\/iberoid-shop.com\\\/\",\"name\":\"Steroidi in linea\",\"description\":\"Acquista steroidi online oggi in Spagna e Portogallo. Abbiamo il miglior servizio clienti del settore e prodotti di altissima qualit\u00e0\",\"potentialAction\":[{\"@type\":\"SearchAction\",\"target\":{\"@type\":\"EntryPoint\",\"urlTemplate\":\"https:\\\/\\\/iberoid-shop.com\\\/?s={search_term_string}\"},\"query-input\":{\"@type\":\"PropertyValueSpecification\",\"valueRequired\":true,\"valueName\":\"search_term_string\"}}],\"inLanguage\":\"it-IT\"}]}<\/script>\n<meta property=\"product:brand\" content=\"Muscle Pharm\" \/>\n<meta property=\"product:price:amount\" content=\"45.00\" \/>\n<meta property=\"product:price:currency\" content=\"EUR\" \/>\n<meta property=\"og:availability\" content=\"instock\" \/>\n<meta property=\"product:availability\" content=\"instock\" \/>\n<meta property=\"product:condition\" content=\"new\" \/>\n<!-- \/ Yoast SEO Premium plugin. -->","yoast_head_json":{"title":"PRIMOBOLAN PR-JECT 100 - Steroidi in linea","robots":{"index":"index","follow":"follow","max-snippet":"max-snippet:-1","max-image-preview":"max-image-preview:large","max-video-preview":"max-video-preview:-1"},"canonical":"https:\/\/iberoid.com\/it\/product\/pr-ject-100-10ml-methenolone-enanthate-1ml-100mg-primobolan\/","og_locale":"it_IT","og_type":"article","og_title":"PRIMOBOLAN PR-JECT 100","og_description":"Primobolan \u00e8 uno dei piani di steroidi anabolizzanti pi\u00f9 facili e sicuri disponibili oggi sul mercato. Sebbene questo non sia","og_url":"https:\/\/iberoid.com\/it\/product\/pr-ject-100-10ml-methenolone-enanthate-1ml-100mg-primobolan\/","og_site_name":"Steroidi in linea","article_modified_time":"2026-01-11T18:02:35+00:00","og_image":[{"width":2560,"height":2058,"url":"https:\/\/iberoid.com\/wp-content\/uploads\/2020\/12\/prject-scaled.jpg?v=1754242606","type":"image\/jpeg"}],"twitter_card":"summary_large_image","twitter_misc":{"Prezzo":"&euro;45.00","Disponibilit\u00e0":"In stock"},"schema":{"@context":"https:\/\/schema.org","@graph":[{"@type":"WebPage","@id":"https:\/\/iberoid.com\/it\/product\/pr-ject-100-10ml-methenolone-enanthate-1ml-100mg-primobolan\/","url":"https:\/\/iberoid.com\/it\/product\/pr-ject-100-10ml-methenolone-enanthate-1ml-100mg-primobolan\/","name":"PRIMOBOLAN PR-JECT 100 - Steroidi in linea","isPartOf":{"@id":"https:\/\/iberoid-shop.com\/#website"},"primaryImageOfPage":{"@id":"https:\/\/iberoid.com\/it\/product\/pr-ject-100-10ml-methenolone-enanthate-1ml-100mg-primobolan\/#primaryimage"},"image":{"@id":"https:\/\/iberoid.com\/it\/product\/pr-ject-100-10ml-methenolone-enanthate-1ml-100mg-primobolan\/#primaryimage"},"thumbnailUrl":"https:\/\/iberoid.com\/wp-content\/uploads\/2020\/12\/prject-scaled.jpg?v=1754242606","datePublished":"2020-12-24T15:27:39+00:00","dateModified":"2026-01-11T18:02:35+00:00","breadcrumb":{"@id":"https:\/\/iberoid.com\/it\/product\/pr-ject-100-10ml-methenolone-enanthate-1ml-100mg-primobolan\/#breadcrumb"},"inLanguage":"it-IT","potentialAction":[{"@type":"ReadAction","target":[["https:\/\/iberoid.com\/it\/product\/pr-ject-100-10ml-methenolone-enanthate-1ml-100mg-primobolan\/"]]}]},{"@type":"ImageObject","inLanguage":"it-IT","@id":"https:\/\/iberoid.com\/it\/product\/pr-ject-100-10ml-methenolone-enanthate-1ml-100mg-primobolan\/#primaryimage","url":"https:\/\/iberoid.com\/wp-content\/uploads\/2020\/12\/prject-scaled.jpg?v=1754242606","contentUrl":"https:\/\/iberoid.com\/wp-content\/uploads\/2020\/12\/prject-scaled.jpg?v=1754242606","width":2560,"height":2058},{"@type":"BreadcrumbList","@id":"https:\/\/iberoid.com\/it\/product\/pr-ject-100-10ml-methenolone-enanthate-1ml-100mg-primobolan\/#breadcrumb","itemListElement":[{"@type":"ListItem","position":1,"name":"Portada","item":"https:\/\/iberoid.com\/it\/"},{"@type":"ListItem","position":2,"name":"Negozio","item":"https:\/\/iberoid.com\/it\/shop\/"},{"@type":"ListItem","position":3,"name":"PRIMOBOLAN PR-JECT 100"}]},{"@type":"WebSite","@id":"https:\/\/iberoid-shop.com\/#website","url":"https:\/\/iberoid-shop.com\/","name":"Steroidi in linea","description":"Acquista steroidi online oggi in Spagna e Portogallo. Abbiamo il miglior servizio clienti del settore e prodotti di altissima qualit\u00e0","potentialAction":[{"@type":"SearchAction","target":{"@type":"EntryPoint","urlTemplate":"https:\/\/iberoid-shop.com\/?s={search_term_string}"},"query-input":{"@type":"PropertyValueSpecification","valueRequired":true,"valueName":"search_term_string"}}],"inLanguage":"it-IT"}]},"product_brand":"Muscle Pharm","product_price_amount":"45.00","product_price_currency":"EUR","og_availability":"instock","product_availability":"instock","product_condition":"new"},"_links":{"self":[{"href":"https:\/\/iberoid.com\/it\/wp-json\/wp\/v2\/product\/5537","targetHints":{"allow":["GET"]}}],"collection":[{"href":"https:\/\/iberoid.com\/it\/wp-json\/wp\/v2\/product"}],"about":[{"href":"https:\/\/iberoid.com\/it\/wp-json\/wp\/v2\/types\/product"}],"replies":[{"embeddable":true,"href":"https:\/\/iberoid.com\/it\/wp-json\/wp\/v2\/comments?post=5537"}],"wp:featuredmedia":[{"embeddable":true,"href":"https:\/\/iberoid.com\/it\/wp-json\/wp\/v2\/media\/5538"}],"wp:attachment":[{"href":"https:\/\/iberoid.com\/it\/wp-json\/wp\/v2\/media?parent=5537"}],"wp:term":[{"taxonomy":"product_brand","embeddable":true,"href":"https:\/\/iberoid.com\/it\/wp-json\/wp\/v2\/product_brand?post=5537"},{"taxonomy":"product_cat","embeddable":true,"href":"https:\/\/iberoid.com\/it\/wp-json\/wp\/v2\/product_cat?post=5537"},{"taxonomy":"product_tag","embeddable":true,"href":"https:\/\/iberoid.com\/it\/wp-json\/wp\/v2\/product_tag?post=5537"}],"curies":[{"name":"wp","href":"https:\/\/api.w.org\/{rel}","templated":true}]}}