{"id":5599,"date":"2021-01-07T22:17:54","date_gmt":"2021-01-07T22:17:54","guid":{"rendered":"https:\/\/iberoid.com\/?post_type=product&#038;p=5599"},"modified":"2022-01-28T15:19:51","modified_gmt":"2022-01-28T15:19:51","slug":"sp-trenbolone-mix-150-tritrenbolon","status":"publish","type":"product","link":"https:\/\/iberoid.com\/it\/product\/sp-trenbolone-mix-150-tritrenbolon\/","title":{"rendered":"SP TRENBOLONE MIX 150 (TRITRENBOLON)"},"content":{"rendered":"<p>Nome del prodotto: Trenbolone Mix 150<br \/>\nProduttore: SP Laboratories<br \/>\nPresentazione: 10 ml 150 mg \/ ml<\/p>\n<p>\u00c8 una miscela di tre steroidi, la loro combinazione \u00e8 una definizione ideale. Contiene 50 mg di trenbolone ACETATO 50 mg e 50 mg di trenbolone ENANTAHTE hexahidroxibenzilcarbonat trenbolone.<br \/>\nL&#8217;acetato di trenbolone \u00e8 uno steroide con actioune veloce, non aromatizzato, quindi la ritenzione idrica e il grasso non appaiono. Essere un forte androgeno aiuta a esercitare il potere e la motivazione. D\u00e0 anche l&#8217;aspetto di muscoli duri e duri.<\/p>\n<p>L&#8217;ultimo ingrediente \u00e8 il trenbolone enanthate. \u00c8 una sostanza molto anabolica, \u00e8 riconosciuta come una costruzione della massa muscolare di alta qualit\u00e0. Esercita un comportamento antiestrogeno a causa della sua struttura chimica.<\/p>","protected":false},"excerpt":{"rendered":"<p>Nome del prodotto: Trenbolone Mix 150 Produttore: SP Laboratories Presentazione: 10 ml 150 mg \/ ml \u00c8 una miscela di<\/p>\n","protected":false},"featured_media":5596,"comment_status":"open","ping_status":"closed","template":"","meta":[],"product_brand":[],"product_cat":[69],"product_tag":[],"class_list":{"0":"post-5599","1":"product","2":"type-product","3":"status-publish","4":"has-post-thumbnail","6":"product_cat-esteroides_inyectables","8":"first","9":"outofstock","10":"sale","11":"shipping-taxable","12":"purchasable","13":"product-type-simple"},"yoast_head":"<!-- This site is optimized with the Yoast SEO Premium plugin v24.4 (Yoast SEO v27.0) - https:\/\/yoast.com\/product\/yoast-seo-premium-wordpress\/ -->\n<title>SP TRENBOLONE MIX 150 (TRITRENBOLON) - Steroidi in linea<\/title>\n<meta name=\"robots\" content=\"index, follow, max-snippet:-1, max-image-preview:large, max-video-preview:-1\" \/>\n<link rel=\"canonical\" href=\"https:\/\/iberoid.com\/it\/product\/sp-trenbolone-mix-150-tritrenbolon\/\" \/>\n<meta property=\"og:locale\" content=\"it_IT\" \/>\n<meta property=\"og:type\" content=\"article\" \/>\n<meta property=\"og:title\" content=\"SP TRENBOLONE MIX 150 (TRITRENBOLON)\" \/>\n<meta property=\"og:description\" content=\"Nome del prodotto: Trenbolone Mix 150 Produttore: SP Laboratories Presentazione: 10 ml 150 mg \/ ml \u00c8 una miscela di\" \/>\n<meta property=\"og:url\" content=\"https:\/\/iberoid.com\/it\/product\/sp-trenbolone-mix-150-tritrenbolon\/\" \/>\n<meta property=\"og:site_name\" content=\"Steroidi in linea\" \/>\n<meta property=\"article:modified_time\" content=\"2022-01-28T15:19:51+00:00\" \/>\n<meta property=\"og:image\" content=\"https:\/\/iberoid.com\/wp-content\/uploads\/2021\/01\/TRI.jpg?v=1678120064\" \/>\n\t<meta property=\"og:image:width\" content=\"388\" \/>\n\t<meta property=\"og:image:height\" content=\"388\" \/>\n\t<meta property=\"og:image:type\" content=\"image\/jpeg\" \/>\n<meta name=\"twitter:card\" content=\"summary_large_image\" \/>\n<meta name=\"twitter:label1\" content=\"Prezzo\" \/>\n\t<meta name=\"twitter:data1\" content=\"&euro;65.00\" \/>\n\t<meta name=\"twitter:label2\" content=\"Disponibilit\u00e0\" \/>\n\t<meta name=\"twitter:data2\" content=\"Esaurito\" \/>\n<script type=\"application\/ld+json\" class=\"yoast-schema-graph\">{\"@context\":\"https:\/\/schema.org\",\"@graph\":[{\"@type\":\"WebPage\",\"@id\":\"https:\/\/iberoid.com\/it\/product\/sp-trenbolone-mix-150-tritrenbolon\/\",\"url\":\"https:\/\/iberoid.com\/it\/product\/sp-trenbolone-mix-150-tritrenbolon\/\",\"name\":\"SP TRENBOLONE MIX 150 (TRITRENBOLON) - Steroidi in linea\",\"isPartOf\":{\"@id\":\"https:\/\/iberoid.com\/it\/#website\"},\"primaryImageOfPage\":{\"@id\":\"https:\/\/iberoid.com\/it\/product\/sp-trenbolone-mix-150-tritrenbolon\/#primaryimage\"},\"image\":{\"@id\":\"https:\/\/iberoid.com\/it\/product\/sp-trenbolone-mix-150-tritrenbolon\/#primaryimage\"},\"thumbnailUrl\":\"https:\/\/iberoid.com\/wp-content\/uploads\/2021\/01\/TRI.jpg?v=1678120064\",\"datePublished\":\"2021-01-07T22:17:54+00:00\",\"dateModified\":\"2022-01-28T15:19:51+00:00\",\"breadcrumb\":{\"@id\":\"https:\/\/iberoid.com\/it\/product\/sp-trenbolone-mix-150-tritrenbolon\/#breadcrumb\"},\"inLanguage\":\"it-IT\",\"potentialAction\":[{\"@type\":\"ReadAction\",\"target\":[[\"https:\/\/iberoid.com\/it\/product\/sp-trenbolone-mix-150-tritrenbolon\/\"]]}]},{\"@type\":\"ImageObject\",\"inLanguage\":\"it-IT\",\"@id\":\"https:\/\/iberoid.com\/it\/product\/sp-trenbolone-mix-150-tritrenbolon\/#primaryimage\",\"url\":\"https:\/\/iberoid.com\/wp-content\/uploads\/2021\/01\/TRI.jpg?v=1678120064\",\"contentUrl\":\"https:\/\/iberoid.com\/wp-content\/uploads\/2021\/01\/TRI.jpg?v=1678120064\",\"width\":388,\"height\":388},{\"@type\":\"BreadcrumbList\",\"@id\":\"https:\/\/iberoid.com\/it\/product\/sp-trenbolone-mix-150-tritrenbolon\/#breadcrumb\",\"itemListElement\":[{\"@type\":\"ListItem\",\"position\":1,\"name\":\"Portada\",\"item\":\"https:\/\/iberoid.com\/it\/\"},{\"@type\":\"ListItem\",\"position\":2,\"name\":\"Negozio\",\"item\":\"https:\/\/iberoid.com\/it\/shop\/\"},{\"@type\":\"ListItem\",\"position\":3,\"name\":\"SP TRENBOLONE MIX 150 (TRITRENBOLON)\"}]},{\"@type\":\"WebSite\",\"@id\":\"https:\/\/iberoid.com\/it\/#website\",\"url\":\"https:\/\/iberoid.com\/it\/\",\"name\":\"Steroidi in linea\",\"description\":\"Acquista steroidi online oggi in Spagna e Portogallo. Abbiamo il miglior servizio clienti del settore e prodotti di altissima qualit\u00e0\",\"potentialAction\":[{\"@type\":\"SearchAction\",\"target\":{\"@type\":\"EntryPoint\",\"urlTemplate\":\"https:\/\/iberoid.com\/it\/?s={search_term_string}\"},\"query-input\":{\"@type\":\"PropertyValueSpecification\",\"valueRequired\":true,\"valueName\":\"search_term_string\"}}],\"inLanguage\":\"it-IT\"}]}<\/script>\n<meta property=\"product:brand\" content=\"SP Laboratories\" \/>\n<meta property=\"product:price:amount\" content=\"65.00\" \/>\n<meta property=\"product:price:currency\" content=\"EUR\" \/>\n<meta property=\"og:availability\" content=\"out of stock\" \/>\n<meta property=\"product:availability\" content=\"out of stock\" \/>\n<meta property=\"product:condition\" content=\"new\" \/>\n<!-- \/ Yoast SEO Premium plugin. -->","yoast_head_json":{"title":"SP TRENBOLONE MIX 150 (TRITRENBOLON) - Steroidi in linea","robots":{"index":"index","follow":"follow","max-snippet":"max-snippet:-1","max-image-preview":"max-image-preview:large","max-video-preview":"max-video-preview:-1"},"canonical":"https:\/\/iberoid.com\/it\/product\/sp-trenbolone-mix-150-tritrenbolon\/","og_locale":"it_IT","og_type":"article","og_title":"SP TRENBOLONE MIX 150 (TRITRENBOLON)","og_description":"Nome del prodotto: Trenbolone Mix 150 Produttore: SP Laboratories Presentazione: 10 ml 150 mg \/ ml \u00c8 una miscela di","og_url":"https:\/\/iberoid.com\/it\/product\/sp-trenbolone-mix-150-tritrenbolon\/","og_site_name":"Steroidi in linea","article_modified_time":"2022-01-28T15:19:51+00:00","og_image":[{"width":388,"height":388,"url":"https:\/\/iberoid.com\/wp-content\/uploads\/2021\/01\/TRI.jpg?v=1678120064","type":"image\/jpeg"}],"twitter_card":"summary_large_image","twitter_misc":{"Prezzo":"&euro;65.00","Disponibilit\u00e0":"Esaurito"},"schema":{"@context":"https:\/\/schema.org","@graph":[{"@type":"WebPage","@id":"https:\/\/iberoid.com\/it\/product\/sp-trenbolone-mix-150-tritrenbolon\/","url":"https:\/\/iberoid.com\/it\/product\/sp-trenbolone-mix-150-tritrenbolon\/","name":"SP TRENBOLONE MIX 150 (TRITRENBOLON) - Steroidi in linea","isPartOf":{"@id":"https:\/\/iberoid.com\/it\/#website"},"primaryImageOfPage":{"@id":"https:\/\/iberoid.com\/it\/product\/sp-trenbolone-mix-150-tritrenbolon\/#primaryimage"},"image":{"@id":"https:\/\/iberoid.com\/it\/product\/sp-trenbolone-mix-150-tritrenbolon\/#primaryimage"},"thumbnailUrl":"https:\/\/iberoid.com\/wp-content\/uploads\/2021\/01\/TRI.jpg?v=1678120064","datePublished":"2021-01-07T22:17:54+00:00","dateModified":"2022-01-28T15:19:51+00:00","breadcrumb":{"@id":"https:\/\/iberoid.com\/it\/product\/sp-trenbolone-mix-150-tritrenbolon\/#breadcrumb"},"inLanguage":"it-IT","potentialAction":[{"@type":"ReadAction","target":[["https:\/\/iberoid.com\/it\/product\/sp-trenbolone-mix-150-tritrenbolon\/"]]}]},{"@type":"ImageObject","inLanguage":"it-IT","@id":"https:\/\/iberoid.com\/it\/product\/sp-trenbolone-mix-150-tritrenbolon\/#primaryimage","url":"https:\/\/iberoid.com\/wp-content\/uploads\/2021\/01\/TRI.jpg?v=1678120064","contentUrl":"https:\/\/iberoid.com\/wp-content\/uploads\/2021\/01\/TRI.jpg?v=1678120064","width":388,"height":388},{"@type":"BreadcrumbList","@id":"https:\/\/iberoid.com\/it\/product\/sp-trenbolone-mix-150-tritrenbolon\/#breadcrumb","itemListElement":[{"@type":"ListItem","position":1,"name":"Portada","item":"https:\/\/iberoid.com\/it\/"},{"@type":"ListItem","position":2,"name":"Negozio","item":"https:\/\/iberoid.com\/it\/shop\/"},{"@type":"ListItem","position":3,"name":"SP TRENBOLONE MIX 150 (TRITRENBOLON)"}]},{"@type":"WebSite","@id":"https:\/\/iberoid.com\/it\/#website","url":"https:\/\/iberoid.com\/it\/","name":"Steroidi in linea","description":"Acquista steroidi online oggi in Spagna e Portogallo. Abbiamo il miglior servizio clienti del settore e prodotti di altissima qualit\u00e0","potentialAction":[{"@type":"SearchAction","target":{"@type":"EntryPoint","urlTemplate":"https:\/\/iberoid.com\/it\/?s={search_term_string}"},"query-input":{"@type":"PropertyValueSpecification","valueRequired":true,"valueName":"search_term_string"}}],"inLanguage":"it-IT"}]},"product_brand":"SP Laboratories","product_price_amount":"65.00","product_price_currency":"EUR","og_availability":"out of stock","product_availability":"out of stock","product_condition":"new"},"_links":{"self":[{"href":"https:\/\/iberoid.com\/it\/wp-json\/wp\/v2\/product\/5599","targetHints":{"allow":["GET"]}}],"collection":[{"href":"https:\/\/iberoid.com\/it\/wp-json\/wp\/v2\/product"}],"about":[{"href":"https:\/\/iberoid.com\/it\/wp-json\/wp\/v2\/types\/product"}],"replies":[{"embeddable":true,"href":"https:\/\/iberoid.com\/it\/wp-json\/wp\/v2\/comments?post=5599"}],"wp:featuredmedia":[{"embeddable":true,"href":"https:\/\/iberoid.com\/it\/wp-json\/wp\/v2\/media\/5596"}],"wp:attachment":[{"href":"https:\/\/iberoid.com\/it\/wp-json\/wp\/v2\/media?parent=5599"}],"wp:term":[{"taxonomy":"product_brand","embeddable":true,"href":"https:\/\/iberoid.com\/it\/wp-json\/wp\/v2\/product_brand?post=5599"},{"taxonomy":"product_cat","embeddable":true,"href":"https:\/\/iberoid.com\/it\/wp-json\/wp\/v2\/product_cat?post=5599"},{"taxonomy":"product_tag","embeddable":true,"href":"https:\/\/iberoid.com\/it\/wp-json\/wp\/v2\/product_tag?post=5599"}],"curies":[{"name":"wp","href":"https:\/\/api.w.org\/{rel}","templated":true}]}}