{"id":5663,"date":"2021-01-26T19:32:39","date_gmt":"2021-01-26T19:32:39","guid":{"rendered":"https:\/\/iberoid.com\/?post_type=product&#038;p=5663"},"modified":"2021-09-18T21:48:40","modified_gmt":"2021-09-18T21:48:40","slug":"sustaplex-250-sustanon-250mg-andro-medicals","status":"publish","type":"product","link":"https:\/\/iberoid.com\/it\/product\/sustaplex-250-sustanon-250mg-andro-medicals\/","title":{"rendered":"Sustaplex 250"},"content":{"rendered":"<p>Sustaplex &#8211; \u00e8 un mix di 4 diversi esteri di testosterone, prodotto dalla societ\u00e0 farmaceutica Andro Medicals. Questo farmaco contiene testosterone propionato, testosterone decanoato, testosterone isocaproato e testosterone fenilpropionato.<\/p>\n<p>I quattro componenti hanno una durata d&#8217;azione diversa, motivo per cui i livelli ematici di testosterone vengono costantemente mantenuti ad un livello elevato, necessario per guadagnare rapidamente massa muscolare e mantenere buoni indicatori di forza. Sustaplex d\u00e0 un risultato rapido e duraturo, ecco perch\u00e9 \u00e8 molto popolare nello sport e nel bodybuilding.<\/p>\n<p>Vantaggi che ottieni:<\/p>\n<p>ha guadagnato massa muscolare per un breve periodo<br \/>\nmaggiore forza<br \/>\nresistenza migliorata e prestazioni dell&#8217;atleta<br \/>\naumento dell&#8217;IGF-1<br \/>\nsferzata d&#8217;energia<br \/>\neliminazione della depressione<br \/>\nappetito migliorato<br \/>\nSustaplex aiuta ad aumentare il peso in media di 7-10 kg.<\/p>\n<p>Possibili reazioni collaterali:<\/p>\n<p>acne<br \/>\nritenzione idrica<br \/>\nalta pressione sanguigna<br \/>\npelle grassa<br \/>\ncrescita dei peli sul corpo e sul viso<br \/>\nmascolinizzazione nelle donne &#8211; crescita dei peli sul viso e sul corpo, approfondimento della voce.<\/p>\n<p>A causa dell&#8217;ultima reazione collaterale, dobbiamo concludere, Sustaplex \u00e8 adatto solo per gli uomini.<\/p>\n<p>Il farmaco \u00e8 una buona opzione sia per i cicli di carica che per i cicli di taglio e puoi usarlo da solo o in una pila con altri steroidi (ad esempio trenbolone o stanozolol) per ottenere i migliori risultati.<\/p>\n<p>Circa 2 settimane dopo l&#8217;ultima iniezione di Sustaplex, \u00e8 importante iniziare la PCT, si consiglia di utilizzare gonadotropina o clomifene.<\/p>","protected":false},"excerpt":{"rendered":"<p>Sustaplex &#8211; \u00e8 un mix di 4 diversi esteri di testosterone, prodotto dalla societ\u00e0 farmaceutica Andro Medicals. Questo farmaco contiene<\/p>\n","protected":false},"featured_media":5664,"comment_status":"open","ping_status":"closed","template":"","meta":[],"product_brand":[],"product_cat":[69],"product_tag":[],"class_list":{"0":"post-5663","1":"product","2":"type-product","3":"status-publish","4":"has-post-thumbnail","6":"product_cat-esteroides_inyectables","8":"first","9":"outofstock","10":"sale","11":"shipping-taxable","12":"purchasable","13":"product-type-simple"},"yoast_head":"<!-- This site is optimized with the Yoast SEO Premium plugin v24.4 (Yoast SEO v27.0) - https:\/\/yoast.com\/product\/yoast-seo-premium-wordpress\/ -->\n<title>Sustaplex 250 - Steroidi in linea<\/title>\n<meta name=\"robots\" content=\"index, follow, max-snippet:-1, max-image-preview:large, max-video-preview:-1\" \/>\n<link rel=\"canonical\" href=\"https:\/\/iberoid.com\/it\/product\/sustaplex-250-sustanon-250mg-andro-medicals\/\" \/>\n<meta property=\"og:locale\" content=\"it_IT\" \/>\n<meta property=\"og:type\" content=\"article\" \/>\n<meta property=\"og:title\" content=\"Sustaplex 250\" \/>\n<meta property=\"og:description\" content=\"Sustaplex &#8211; \u00e8 un mix di 4 diversi esteri di testosterone, prodotto dalla societ\u00e0 farmaceutica Andro Medicals. Questo farmaco contiene\" \/>\n<meta property=\"og:url\" content=\"https:\/\/iberoid.com\/it\/product\/sustaplex-250-sustanon-250mg-andro-medicals\/\" \/>\n<meta property=\"og:site_name\" content=\"Steroidi in linea\" \/>\n<meta property=\"article:modified_time\" content=\"2021-09-18T21:48:40+00:00\" \/>\n<meta property=\"og:image\" content=\"https:\/\/iberoid.com\/wp-content\/uploads\/2021\/01\/susta-andro.jpg?v=1678120056\" \/>\n\t<meta property=\"og:image:width\" content=\"800\" \/>\n\t<meta property=\"og:image:height\" content=\"692\" \/>\n\t<meta property=\"og:image:type\" content=\"image\/jpeg\" \/>\n<meta name=\"twitter:card\" content=\"summary_large_image\" \/>\n<meta name=\"twitter:label1\" content=\"Prezzo\" \/>\n\t<meta name=\"twitter:data1\" content=\"&euro;30.00\" \/>\n\t<meta name=\"twitter:label2\" content=\"Disponibilit\u00e0\" \/>\n\t<meta name=\"twitter:data2\" content=\"Esaurito\" \/>\n<script type=\"application\/ld+json\" class=\"yoast-schema-graph\">{\"@context\":\"https:\/\/schema.org\",\"@graph\":[{\"@type\":\"WebPage\",\"@id\":\"https:\/\/iberoid.com\/it\/product\/sustaplex-250-sustanon-250mg-andro-medicals\/\",\"url\":\"https:\/\/iberoid.com\/it\/product\/sustaplex-250-sustanon-250mg-andro-medicals\/\",\"name\":\"Sustaplex 250 - Steroidi in linea\",\"isPartOf\":{\"@id\":\"https:\/\/iberoid.com\/it\/#website\"},\"primaryImageOfPage\":{\"@id\":\"https:\/\/iberoid.com\/it\/product\/sustaplex-250-sustanon-250mg-andro-medicals\/#primaryimage\"},\"image\":{\"@id\":\"https:\/\/iberoid.com\/it\/product\/sustaplex-250-sustanon-250mg-andro-medicals\/#primaryimage\"},\"thumbnailUrl\":\"https:\/\/iberoid.com\/wp-content\/uploads\/2021\/01\/susta-andro.jpg?v=1678120056\",\"datePublished\":\"2021-01-26T19:32:39+00:00\",\"dateModified\":\"2021-09-18T21:48:40+00:00\",\"breadcrumb\":{\"@id\":\"https:\/\/iberoid.com\/it\/product\/sustaplex-250-sustanon-250mg-andro-medicals\/#breadcrumb\"},\"inLanguage\":\"it-IT\",\"potentialAction\":[{\"@type\":\"ReadAction\",\"target\":[[\"https:\/\/iberoid.com\/it\/product\/sustaplex-250-sustanon-250mg-andro-medicals\/\"]]}]},{\"@type\":\"ImageObject\",\"inLanguage\":\"it-IT\",\"@id\":\"https:\/\/iberoid.com\/it\/product\/sustaplex-250-sustanon-250mg-andro-medicals\/#primaryimage\",\"url\":\"https:\/\/iberoid.com\/wp-content\/uploads\/2021\/01\/susta-andro.jpg?v=1678120056\",\"contentUrl\":\"https:\/\/iberoid.com\/wp-content\/uploads\/2021\/01\/susta-andro.jpg?v=1678120056\",\"width\":800,\"height\":692},{\"@type\":\"BreadcrumbList\",\"@id\":\"https:\/\/iberoid.com\/it\/product\/sustaplex-250-sustanon-250mg-andro-medicals\/#breadcrumb\",\"itemListElement\":[{\"@type\":\"ListItem\",\"position\":1,\"name\":\"Portada\",\"item\":\"https:\/\/iberoid.com\/it\/\"},{\"@type\":\"ListItem\",\"position\":2,\"name\":\"Negozio\",\"item\":\"https:\/\/iberoid.com\/it\/shop\/\"},{\"@type\":\"ListItem\",\"position\":3,\"name\":\"Sustaplex 250\"}]},{\"@type\":\"WebSite\",\"@id\":\"https:\/\/iberoid.com\/it\/#website\",\"url\":\"https:\/\/iberoid.com\/it\/\",\"name\":\"Steroidi in linea\",\"description\":\"Acquista steroidi online oggi in Spagna e Portogallo. Abbiamo il miglior servizio clienti del settore e prodotti di altissima qualit\u00e0\",\"potentialAction\":[{\"@type\":\"SearchAction\",\"target\":{\"@type\":\"EntryPoint\",\"urlTemplate\":\"https:\/\/iberoid.com\/it\/?s={search_term_string}\"},\"query-input\":{\"@type\":\"PropertyValueSpecification\",\"valueRequired\":true,\"valueName\":\"search_term_string\"}}],\"inLanguage\":\"it-IT\"}]}<\/script>\n<meta property=\"product:brand\" content=\"Andro Medicals\" \/>\n<meta property=\"product:price:amount\" content=\"30.00\" \/>\n<meta property=\"product:price:currency\" content=\"EUR\" \/>\n<meta property=\"og:availability\" content=\"out of stock\" \/>\n<meta property=\"product:availability\" content=\"out of stock\" \/>\n<meta property=\"product:condition\" content=\"new\" \/>\n<!-- \/ Yoast SEO Premium plugin. -->","yoast_head_json":{"title":"Sustaplex 250 - Steroidi in linea","robots":{"index":"index","follow":"follow","max-snippet":"max-snippet:-1","max-image-preview":"max-image-preview:large","max-video-preview":"max-video-preview:-1"},"canonical":"https:\/\/iberoid.com\/it\/product\/sustaplex-250-sustanon-250mg-andro-medicals\/","og_locale":"it_IT","og_type":"article","og_title":"Sustaplex 250","og_description":"Sustaplex &#8211; \u00e8 un mix di 4 diversi esteri di testosterone, prodotto dalla societ\u00e0 farmaceutica Andro Medicals. Questo farmaco contiene","og_url":"https:\/\/iberoid.com\/it\/product\/sustaplex-250-sustanon-250mg-andro-medicals\/","og_site_name":"Steroidi in linea","article_modified_time":"2021-09-18T21:48:40+00:00","og_image":[{"width":800,"height":692,"url":"https:\/\/iberoid.com\/wp-content\/uploads\/2021\/01\/susta-andro.jpg?v=1678120056","type":"image\/jpeg"}],"twitter_card":"summary_large_image","twitter_misc":{"Prezzo":"&euro;30.00","Disponibilit\u00e0":"Esaurito"},"schema":{"@context":"https:\/\/schema.org","@graph":[{"@type":"WebPage","@id":"https:\/\/iberoid.com\/it\/product\/sustaplex-250-sustanon-250mg-andro-medicals\/","url":"https:\/\/iberoid.com\/it\/product\/sustaplex-250-sustanon-250mg-andro-medicals\/","name":"Sustaplex 250 - Steroidi in linea","isPartOf":{"@id":"https:\/\/iberoid.com\/it\/#website"},"primaryImageOfPage":{"@id":"https:\/\/iberoid.com\/it\/product\/sustaplex-250-sustanon-250mg-andro-medicals\/#primaryimage"},"image":{"@id":"https:\/\/iberoid.com\/it\/product\/sustaplex-250-sustanon-250mg-andro-medicals\/#primaryimage"},"thumbnailUrl":"https:\/\/iberoid.com\/wp-content\/uploads\/2021\/01\/susta-andro.jpg?v=1678120056","datePublished":"2021-01-26T19:32:39+00:00","dateModified":"2021-09-18T21:48:40+00:00","breadcrumb":{"@id":"https:\/\/iberoid.com\/it\/product\/sustaplex-250-sustanon-250mg-andro-medicals\/#breadcrumb"},"inLanguage":"it-IT","potentialAction":[{"@type":"ReadAction","target":[["https:\/\/iberoid.com\/it\/product\/sustaplex-250-sustanon-250mg-andro-medicals\/"]]}]},{"@type":"ImageObject","inLanguage":"it-IT","@id":"https:\/\/iberoid.com\/it\/product\/sustaplex-250-sustanon-250mg-andro-medicals\/#primaryimage","url":"https:\/\/iberoid.com\/wp-content\/uploads\/2021\/01\/susta-andro.jpg?v=1678120056","contentUrl":"https:\/\/iberoid.com\/wp-content\/uploads\/2021\/01\/susta-andro.jpg?v=1678120056","width":800,"height":692},{"@type":"BreadcrumbList","@id":"https:\/\/iberoid.com\/it\/product\/sustaplex-250-sustanon-250mg-andro-medicals\/#breadcrumb","itemListElement":[{"@type":"ListItem","position":1,"name":"Portada","item":"https:\/\/iberoid.com\/it\/"},{"@type":"ListItem","position":2,"name":"Negozio","item":"https:\/\/iberoid.com\/it\/shop\/"},{"@type":"ListItem","position":3,"name":"Sustaplex 250"}]},{"@type":"WebSite","@id":"https:\/\/iberoid.com\/it\/#website","url":"https:\/\/iberoid.com\/it\/","name":"Steroidi in linea","description":"Acquista steroidi online oggi in Spagna e Portogallo. Abbiamo il miglior servizio clienti del settore e prodotti di altissima qualit\u00e0","potentialAction":[{"@type":"SearchAction","target":{"@type":"EntryPoint","urlTemplate":"https:\/\/iberoid.com\/it\/?s={search_term_string}"},"query-input":{"@type":"PropertyValueSpecification","valueRequired":true,"valueName":"search_term_string"}}],"inLanguage":"it-IT"}]},"product_brand":"Andro Medicals","product_price_amount":"30.00","product_price_currency":"EUR","og_availability":"out of stock","product_availability":"out of stock","product_condition":"new"},"_links":{"self":[{"href":"https:\/\/iberoid.com\/it\/wp-json\/wp\/v2\/product\/5663","targetHints":{"allow":["GET"]}}],"collection":[{"href":"https:\/\/iberoid.com\/it\/wp-json\/wp\/v2\/product"}],"about":[{"href":"https:\/\/iberoid.com\/it\/wp-json\/wp\/v2\/types\/product"}],"replies":[{"embeddable":true,"href":"https:\/\/iberoid.com\/it\/wp-json\/wp\/v2\/comments?post=5663"}],"wp:featuredmedia":[{"embeddable":true,"href":"https:\/\/iberoid.com\/it\/wp-json\/wp\/v2\/media\/5664"}],"wp:attachment":[{"href":"https:\/\/iberoid.com\/it\/wp-json\/wp\/v2\/media?parent=5663"}],"wp:term":[{"taxonomy":"product_brand","embeddable":true,"href":"https:\/\/iberoid.com\/it\/wp-json\/wp\/v2\/product_brand?post=5663"},{"taxonomy":"product_cat","embeddable":true,"href":"https:\/\/iberoid.com\/it\/wp-json\/wp\/v2\/product_cat?post=5663"},{"taxonomy":"product_tag","embeddable":true,"href":"https:\/\/iberoid.com\/it\/wp-json\/wp\/v2\/product_tag?post=5663"}],"curies":[{"name":"wp","href":"https:\/\/api.w.org\/{rel}","templated":true}]}}