{"id":5972,"date":"2021-04-10T16:05:00","date_gmt":"2021-04-10T16:05:00","guid":{"rendered":"https:\/\/iberoid.com\/?post_type=product&#038;p=5972"},"modified":"2026-03-04T15:50:56","modified_gmt":"2026-03-04T15:50:56","slug":"m-ject-100-10ml-drostanolone-propionate-masteron100mg","status":"publish","type":"product","link":"https:\/\/iberoid.com\/it\/product\/m-ject-100-10ml-drostanolone-propionate-masteron100mg\/","title":{"rendered":"M-JECT 100,MASTERON 10ml &#8211; Drostanolone propionate"},"content":{"rendered":"<p>M-JECT100 &#8211; FARMACO MUSCOLARE &#8211; MASTERON<\/p>\n<p>M-JECT100 &#8211; Muscle Pharm &#8211; Masteron (Drostanolone Propionate) \u00e8 uno steroide iniettabile liposolubile che contiene un principio attivo chiamato Drostanolone Propionate (Masteron \/ Masteron) in una fiala multidose da 10 ml di soluzione oleosa.<\/p>\n<p>In medicina, questo steroide \u00e8 usato come medicinale contro il cancro al seno. Altamente androgeno e altamente anabolizzante, il propionato di Drostanolone aiuta ad aumentare la compattezza e la densit\u00e0 muscolare. Poich\u00e9 \u00e8 un derivato del diidrotestosterone, il drostanolone non aromatizza e quindi non pu\u00f2 essere convertito in estrogeno. Questo steroide anabolizzante viene spesso utilizzato da atleti sensibili agli effetti collaterali, in particolare agli estrogeni. Masteron \u00e8 un blocca estrogeni e questa qualit\u00e0 lo rende desiderabile quando si scelgono prodotti che non influiscono sull&#8217;equilibrio ormonale, principalmente il testosterone.<\/p>\n<p>NON C&#8217;\u00c8 BISOGNO DI PROTEZIONI QUANDO SI USA MASTERON.<\/p>\n<p>Con azione ed eliminazione relativamente rapida dall&#8217;organismo a causa dell&#8217;imposizione di una crisi sull&#8217;estere propionato alla base della sua molecola. I costruttori usano Drostenolone \/ Drostanolone propionato per affettare \/ affettare (nei cicli estivi di sollievo e prima delle gare di bodybuilding).<\/p>\n<p>Per risultati sportivi migliori, i bodybuilder preferiscono combinare Masteron Propionate con Testosterone Propionate, Trenbolone o steroidi orali come Winstrol, Stanozolol, Anavar. Attraverso questa combinazione, i bodybuilder ottengono muscoli enormi con muscoli ben definiti. La dose raccomandata per i bodybuilder maschi \u00e8 300-600 mg \/ settimana. Le donne in genere prendono da 100 a 300 mg \/ settimana. A causa delle sue forti propriet\u00e0 androgene, gli atleti segnalano effetti collaterali come: pelle grassa e aumento della libido.<\/p>\n<p>Dose media: 300 &#8211; 600 mg a settimana<br \/>\nEmivita: da 2 a 3 giorni<br \/>\nRitenzione idrica: No<br \/>\nAroma: No<br \/>\nTrasformazione DHT: No<\/p>\n<p>MASTERON PROPIONATE NON AROMATIZZA A NESSUNA DOSE<\/p>\n<p>L&#8217;aumento della massa muscolare \u00e8 spesso menzionato dagli atleti che ne fanno uso. \u00c8 insuperabile nel suo effetto, rendendo il sollievo dei muscoli, denso e pieno. La preparazione indurisce i muscoli gi\u00e0 molto secchi. Usando questa preparazione, il bodybuilder enfatizza la separazione delle fibre muscolari. Il suo utilizzo provoca l&#8217;indurimento muscolare di cui tutti gli atleti hanno bisogno. I culturisti lo usano nelle ultime 4-5 settimane prima della competizione, insieme a Primobolan, Parabolan, Oxandrolone e Winstrol. Nolvadex generalmente non viene utilizzato con esso perch\u00e9 Masteron non aromatizza in alcun dosaggio. La tossicit\u00e0 di questo preparato per il fegato \u00e8 molto bassa.<\/p>\n<p>Questo steroide mostra una forte attivit\u00e0 anabolica e una minore androgenicit\u00e0 rispetto al testosterone. Oltre ai cicli pre-gara, pu\u00f2 essere utilizzato in cicli dove si evitano ritenzione idrica e aromatizzazione. In questo caso, gli atleti parlano di maggiore forza e bei muscoli. Non ha lo stesso aumento di forza del testosterone, perch\u00e9 la caratteristica di trattenere l&#8217;acqua del testosterone funziona meglio per questo. Entra rapidamente ed esce dallo scambio. Poich\u00e9 il propionato di Drostanolone ha una breve emivita, sono necessarie iniezioni frequenti. Questo fatto rende il Masteron molto interessante quando i bodybuilder devono fare un test delle urine negativo durante un test antidoping.<\/p>\n<p>Drostanolone propionato dosaggio<\/p>\n<p>Le dosi abituali sono 100 mg ogni 3-6 giorni. L&#8217;estere di-propionato utilizzato con questo composto agisce in pochi giorni. Con una durata cos\u00ec breve, le iniezioni dovrebbero essere ripetute almeno ogni 3 o 4 giorni per mantenere un livello costante dell&#8217;ormone nel sangue. Le dosi settimanali sono comprese tra 300 e 500 mg. Se le donne stanno assumendo il farmaco, la dose non deve superare i 25-50 mg a settimana.<\/p>","protected":false},"excerpt":{"rendered":"<p>M-JECT100 &#8211; FARMACO MUSCOLARE &#8211; MASTERON M-JECT100 &#8211; Muscle Pharm &#8211; Masteron (Drostanolone Propionate) \u00e8 uno steroide iniettabile liposolubile che<\/p>\n","protected":false},"featured_media":5973,"comment_status":"open","ping_status":"closed","template":"","meta":[],"product_brand":[],"product_cat":[69],"product_tag":[],"class_list":{"0":"post-5972","1":"product","2":"type-product","3":"status-publish","4":"has-post-thumbnail","6":"product_cat-esteroides_inyectables","8":"first","9":"instock","10":"sale","11":"shipping-taxable","12":"purchasable","13":"product-type-simple"},"yoast_head":"<!-- This site is optimized with the Yoast SEO Premium plugin v24.4 (Yoast SEO v27.0) - https:\/\/yoast.com\/product\/yoast-seo-premium-wordpress\/ -->\n<title>M-JECT 100,MASTERON 10ml - Drostanolone propionate - Steroidi in linea<\/title>\n<meta name=\"description\" content=\"M-JECT100 (Drostanolone Propionato) \u00e8 uno steroide iniettabile, non aromatizzante, usato per la compattezza, la densit\u00e0 muscolare e i cicli di definizione.\" \/>\n<meta name=\"robots\" content=\"index, follow, max-snippet:-1, max-image-preview:large, max-video-preview:-1\" \/>\n<link rel=\"canonical\" href=\"https:\/\/iberoid.com\/it\/product\/m-ject-100-10ml-drostanolone-propionate-masteron100mg\/\" \/>\n<meta property=\"og:locale\" content=\"it_IT\" \/>\n<meta property=\"og:type\" content=\"article\" \/>\n<meta property=\"og:title\" content=\"M-JECT 100,MASTERON 10ml - Drostanolone propionate\" \/>\n<meta property=\"og:description\" content=\"M-JECT100 (Drostanolone Propionato) \u00e8 uno steroide iniettabile, non aromatizzante, usato per la compattezza, la densit\u00e0 muscolare e i cicli di definizione.\" \/>\n<meta property=\"og:url\" content=\"https:\/\/iberoid.com\/it\/product\/m-ject-100-10ml-drostanolone-propionate-masteron100mg\/\" \/>\n<meta property=\"og:site_name\" content=\"Steroidi in linea\" \/>\n<meta property=\"article:modified_time\" content=\"2026-03-04T15:50:56+00:00\" \/>\n<meta property=\"og:image\" content=\"https:\/\/iberoid.com\/wp-content\/uploads\/2021\/04\/mject-scaled.jpg?v=1678120020\" \/>\n\t<meta property=\"og:image:width\" content=\"2560\" \/>\n\t<meta property=\"og:image:height\" content=\"2058\" \/>\n\t<meta property=\"og:image:type\" content=\"image\/jpeg\" \/>\n<meta name=\"twitter:card\" content=\"summary_large_image\" \/>\n<meta name=\"twitter:label1\" content=\"Prezzo\" \/>\n\t<meta name=\"twitter:data1\" content=\"&euro;40.00\" \/>\n\t<meta name=\"twitter:label2\" content=\"Disponibilit\u00e0\" \/>\n\t<meta name=\"twitter:data2\" content=\"In stock\" \/>\n<script type=\"application\/ld+json\" class=\"yoast-schema-graph\">{\"@context\":\"https:\/\/schema.org\",\"@graph\":[{\"@type\":\"WebPage\",\"@id\":\"https:\/\/iberoid.com\/it\/product\/m-ject-100-10ml-drostanolone-propionate-masteron100mg\/\",\"url\":\"https:\/\/iberoid.com\/it\/product\/m-ject-100-10ml-drostanolone-propionate-masteron100mg\/\",\"name\":\"M-JECT 100,MASTERON 10ml - Drostanolone propionate - Steroidi in linea\",\"isPartOf\":{\"@id\":\"https:\/\/iberoid.com\/it\/#website\"},\"primaryImageOfPage\":{\"@id\":\"https:\/\/iberoid.com\/it\/product\/m-ject-100-10ml-drostanolone-propionate-masteron100mg\/#primaryimage\"},\"image\":{\"@id\":\"https:\/\/iberoid.com\/it\/product\/m-ject-100-10ml-drostanolone-propionate-masteron100mg\/#primaryimage\"},\"thumbnailUrl\":\"https:\/\/iberoid.com\/wp-content\/uploads\/2021\/04\/mject-scaled.jpg?v=1678120020\",\"datePublished\":\"2021-04-10T16:05:00+00:00\",\"dateModified\":\"2026-03-04T15:50:56+00:00\",\"description\":\"M-JECT100 (Drostanolone Propionato) \u00e8 uno steroide iniettabile, non aromatizzante, usato per la compattezza, la densit\u00e0 muscolare e i cicli di definizione.\",\"breadcrumb\":{\"@id\":\"https:\/\/iberoid.com\/it\/product\/m-ject-100-10ml-drostanolone-propionate-masteron100mg\/#breadcrumb\"},\"inLanguage\":\"it-IT\",\"potentialAction\":[{\"@type\":\"ReadAction\",\"target\":[[\"https:\/\/iberoid.com\/it\/product\/m-ject-100-10ml-drostanolone-propionate-masteron100mg\/\"]]}]},{\"@type\":\"ImageObject\",\"inLanguage\":\"it-IT\",\"@id\":\"https:\/\/iberoid.com\/it\/product\/m-ject-100-10ml-drostanolone-propionate-masteron100mg\/#primaryimage\",\"url\":\"https:\/\/iberoid.com\/wp-content\/uploads\/2021\/04\/mject-scaled.jpg?v=1678120020\",\"contentUrl\":\"https:\/\/iberoid.com\/wp-content\/uploads\/2021\/04\/mject-scaled.jpg?v=1678120020\",\"width\":2560,\"height\":2058},{\"@type\":\"BreadcrumbList\",\"@id\":\"https:\/\/iberoid.com\/it\/product\/m-ject-100-10ml-drostanolone-propionate-masteron100mg\/#breadcrumb\",\"itemListElement\":[{\"@type\":\"ListItem\",\"position\":1,\"name\":\"Portada\",\"item\":\"https:\/\/iberoid.com\/it\/\"},{\"@type\":\"ListItem\",\"position\":2,\"name\":\"Negozio\",\"item\":\"https:\/\/iberoid.com\/it\/shop\/\"},{\"@type\":\"ListItem\",\"position\":3,\"name\":\"M-JECT 100,MASTERON 10ml &#8211; Drostanolone propionate\"}]},{\"@type\":\"WebSite\",\"@id\":\"https:\/\/iberoid.com\/it\/#website\",\"url\":\"https:\/\/iberoid.com\/it\/\",\"name\":\"Steroidi in linea\",\"description\":\"Acquista steroidi online oggi in Spagna e Portogallo. Abbiamo il miglior servizio clienti del settore e prodotti di altissima qualit\u00e0\",\"potentialAction\":[{\"@type\":\"SearchAction\",\"target\":{\"@type\":\"EntryPoint\",\"urlTemplate\":\"https:\/\/iberoid.com\/it\/?s={search_term_string}\"},\"query-input\":{\"@type\":\"PropertyValueSpecification\",\"valueRequired\":true,\"valueName\":\"search_term_string\"}}],\"inLanguage\":\"it-IT\"}]}<\/script>\n<meta property=\"product:brand\" content=\"Muscle Pharm\" \/>\n<meta property=\"product:price:amount\" content=\"40.00\" \/>\n<meta property=\"product:price:currency\" content=\"EUR\" \/>\n<meta property=\"og:availability\" content=\"instock\" \/>\n<meta property=\"product:availability\" content=\"instock\" \/>\n<meta property=\"product:condition\" content=\"new\" \/>\n<!-- \/ Yoast SEO Premium plugin. -->","yoast_head_json":{"title":"M-JECT 100,MASTERON 10ml - Drostanolone propionate - Steroidi in linea","description":"M-JECT100 (Drostanolone Propionato) \u00e8 uno steroide iniettabile, non aromatizzante, usato per la compattezza, la densit\u00e0 muscolare e i cicli di definizione.","robots":{"index":"index","follow":"follow","max-snippet":"max-snippet:-1","max-image-preview":"max-image-preview:large","max-video-preview":"max-video-preview:-1"},"canonical":"https:\/\/iberoid.com\/it\/product\/m-ject-100-10ml-drostanolone-propionate-masteron100mg\/","og_locale":"it_IT","og_type":"article","og_title":"M-JECT 100,MASTERON 10ml - Drostanolone propionate","og_description":"M-JECT100 (Drostanolone Propionato) \u00e8 uno steroide iniettabile, non aromatizzante, usato per la compattezza, la densit\u00e0 muscolare e i cicli di definizione.","og_url":"https:\/\/iberoid.com\/it\/product\/m-ject-100-10ml-drostanolone-propionate-masteron100mg\/","og_site_name":"Steroidi in linea","article_modified_time":"2026-03-04T15:50:56+00:00","og_image":[{"width":2560,"height":2058,"url":"https:\/\/iberoid.com\/wp-content\/uploads\/2021\/04\/mject-scaled.jpg?v=1678120020","type":"image\/jpeg"}],"twitter_card":"summary_large_image","twitter_misc":{"Prezzo":"&euro;40.00","Disponibilit\u00e0":"In stock"},"schema":{"@context":"https:\/\/schema.org","@graph":[{"@type":"WebPage","@id":"https:\/\/iberoid.com\/it\/product\/m-ject-100-10ml-drostanolone-propionate-masteron100mg\/","url":"https:\/\/iberoid.com\/it\/product\/m-ject-100-10ml-drostanolone-propionate-masteron100mg\/","name":"M-JECT 100,MASTERON 10ml - Drostanolone propionate - Steroidi in linea","isPartOf":{"@id":"https:\/\/iberoid.com\/it\/#website"},"primaryImageOfPage":{"@id":"https:\/\/iberoid.com\/it\/product\/m-ject-100-10ml-drostanolone-propionate-masteron100mg\/#primaryimage"},"image":{"@id":"https:\/\/iberoid.com\/it\/product\/m-ject-100-10ml-drostanolone-propionate-masteron100mg\/#primaryimage"},"thumbnailUrl":"https:\/\/iberoid.com\/wp-content\/uploads\/2021\/04\/mject-scaled.jpg?v=1678120020","datePublished":"2021-04-10T16:05:00+00:00","dateModified":"2026-03-04T15:50:56+00:00","description":"M-JECT100 (Drostanolone Propionato) \u00e8 uno steroide iniettabile, non aromatizzante, usato per la compattezza, la densit\u00e0 muscolare e i cicli di definizione.","breadcrumb":{"@id":"https:\/\/iberoid.com\/it\/product\/m-ject-100-10ml-drostanolone-propionate-masteron100mg\/#breadcrumb"},"inLanguage":"it-IT","potentialAction":[{"@type":"ReadAction","target":[["https:\/\/iberoid.com\/it\/product\/m-ject-100-10ml-drostanolone-propionate-masteron100mg\/"]]}]},{"@type":"ImageObject","inLanguage":"it-IT","@id":"https:\/\/iberoid.com\/it\/product\/m-ject-100-10ml-drostanolone-propionate-masteron100mg\/#primaryimage","url":"https:\/\/iberoid.com\/wp-content\/uploads\/2021\/04\/mject-scaled.jpg?v=1678120020","contentUrl":"https:\/\/iberoid.com\/wp-content\/uploads\/2021\/04\/mject-scaled.jpg?v=1678120020","width":2560,"height":2058},{"@type":"BreadcrumbList","@id":"https:\/\/iberoid.com\/it\/product\/m-ject-100-10ml-drostanolone-propionate-masteron100mg\/#breadcrumb","itemListElement":[{"@type":"ListItem","position":1,"name":"Portada","item":"https:\/\/iberoid.com\/it\/"},{"@type":"ListItem","position":2,"name":"Negozio","item":"https:\/\/iberoid.com\/it\/shop\/"},{"@type":"ListItem","position":3,"name":"M-JECT 100,MASTERON 10ml &#8211; Drostanolone propionate"}]},{"@type":"WebSite","@id":"https:\/\/iberoid.com\/it\/#website","url":"https:\/\/iberoid.com\/it\/","name":"Steroidi in linea","description":"Acquista steroidi online oggi in Spagna e Portogallo. Abbiamo il miglior servizio clienti del settore e prodotti di altissima qualit\u00e0","potentialAction":[{"@type":"SearchAction","target":{"@type":"EntryPoint","urlTemplate":"https:\/\/iberoid.com\/it\/?s={search_term_string}"},"query-input":{"@type":"PropertyValueSpecification","valueRequired":true,"valueName":"search_term_string"}}],"inLanguage":"it-IT"}]},"product_brand":"Muscle Pharm","product_price_amount":"40.00","product_price_currency":"EUR","og_availability":"instock","product_availability":"instock","product_condition":"new"},"_links":{"self":[{"href":"https:\/\/iberoid.com\/it\/wp-json\/wp\/v2\/product\/5972","targetHints":{"allow":["GET"]}}],"collection":[{"href":"https:\/\/iberoid.com\/it\/wp-json\/wp\/v2\/product"}],"about":[{"href":"https:\/\/iberoid.com\/it\/wp-json\/wp\/v2\/types\/product"}],"replies":[{"embeddable":true,"href":"https:\/\/iberoid.com\/it\/wp-json\/wp\/v2\/comments?post=5972"}],"wp:featuredmedia":[{"embeddable":true,"href":"https:\/\/iberoid.com\/it\/wp-json\/wp\/v2\/media\/5973"}],"wp:attachment":[{"href":"https:\/\/iberoid.com\/it\/wp-json\/wp\/v2\/media?parent=5972"}],"wp:term":[{"taxonomy":"product_brand","embeddable":true,"href":"https:\/\/iberoid.com\/it\/wp-json\/wp\/v2\/product_brand?post=5972"},{"taxonomy":"product_cat","embeddable":true,"href":"https:\/\/iberoid.com\/it\/wp-json\/wp\/v2\/product_cat?post=5972"},{"taxonomy":"product_tag","embeddable":true,"href":"https:\/\/iberoid.com\/it\/wp-json\/wp\/v2\/product_tag?post=5972"}],"curies":[{"name":"wp","href":"https:\/\/api.w.org\/{rel}","templated":true}]}}