{"id":5974,"date":"2021-04-10T16:09:22","date_gmt":"2021-04-10T16:09:22","guid":{"rendered":"https:\/\/iberoid.com\/?post_type=product&#038;p=5974"},"modified":"2026-02-08T12:20:47","modified_gmt":"2026-02-08T12:20:47","slug":"b-ject-200-10ml-boldenone-undecylenate-1ml-200mg","status":"publish","type":"product","link":"https:\/\/iberoid.com\/it\/product\/b-ject-200-10ml-boldenone-undecylenate-1ml-200mg\/","title":{"rendered":"B-JECT 200 10ml &#8211; Boldenone undecylenate"},"content":{"rendered":"<p>B-JECT 200 \u00e8 uno steroide per essere una forma di steroide iniettabile a lunga durata d&#8217;azione. Le iniezioni di Boldenone sono le stesse di altri steroidi sintetici. \u00c8 un potente agente anabolizzante a basse dosi e ad alte dosi possiede propriet\u00e0 sia anaboliche che androgene. A basse dosi pu\u00f2 costruire il corpo quando la dieta \u00e8 ricca di calorie. Boldenone \u00e8 una forma modificata di testosterone. Si differenzia per la prefazione di un doppio legame tra i carboni che ne riduce la relativa estrogenicit\u00e0 e androgenicit\u00e0.<\/p>\n<p>Cos&#8217;\u00e8 Boldenone Undecilenato?<\/p>\n<p>Le iniezioni di Boldenone sono fondamentalmente lo stesso ormone di Dianabol, tranne per un enorme cambiamento. Gli enzimi nel tuo fegato alla fine scinderanno la catena dell&#8217;estere dall&#8217;ormone Boldenone, liberandolo finalmente in modo che possa interagire con i recettori degli androgeni nelle cellule muscolari.<\/p>\n<p>Quali sono gli effetti collaterali di Boldenone Undecylenate?<\/p>\n<p>Il problema principale con l&#8217;equilibrio \u00e8 noto per causare l&#8217;acne sulla schiena e sulle spalle del torace. quindi se sei incline all&#8217;acne assicurati di usare sapone e lozioni antibatterici e antiacne ogni giorno.<\/p>\n<p>Un altro effetto collaterale di natura aneddotica \u00e8 l&#8217;aumento dell&#8217;appetito segnalato da molti utenti del settore. Diversi clienti con cui lavoro hanno segnalato fame e voglie costanti che \u00e8 qualcosa da considerare se stai tagliando con equilibrio. Ti suggerisco di iniziare con una dose pi\u00f9 bassa di EQ se stai tagliando per controllare possibili problemi di appetito.<\/p>\n<p>Qual \u00e8 l&#8217;emivita dell&#8217;undecilenato di Boldenone?<\/p>\n<p>Boldenone ha un&#8217;emivita molto lunga di 14 giorni. Inoltre pu\u00f2 rimanere nel corpo per mesi o addirittura anni e quindi non \u00e8 raccomandato per l&#8217;uso durante le stagioni sportive attive poich\u00e9 l&#8217;utente \u00e8 sicuro di risultare positivo.<\/p>\n<p>Che dosaggi usare?<\/p>\n<p>Viene utilizzato da atleti e culturisti per aumentare la massa muscolare di resistenza e la produzione di globuli rossi nel corpo. \u00c8 meglio conosciuto per fornire guadagni lenti ma costanti durante i cicli di carica. EQ pu\u00f2 essere utilizzato in dosaggi che vanno da 200 mg a 600 mg a settimana fino a 12 settimane.<\/p>\n<p>Nell&#8217;uso medico l&#8217;equilibrio pu\u00f2 promuovere l&#8217;eritropoietina (EPO) fattore stimolante che a sua volta stimola la crescita del midollo osseo che porta ad un aumento della produzione di globuli rossi. Pi\u00f9 globuli rossi significa pi\u00f9 emoglobina e una maggiore capacit\u00e0 di trasporto di ossigeno. L&#8217;EQ pu\u00f2 anche comportare cambiamenti nei livelli di elettroliti a causa delle sue potenti propriet\u00e0 mineralcorticoidi.<\/p>\n<p>Per gli uomini la dose media \u00e8 di 400 600 mg a settimana, ma ho visto ragazzi salire a 1000 mg a settimana finch\u00e9 sono stati utilizzati gli aiuti per il ciclo.<\/p>","protected":false},"excerpt":{"rendered":"<p>B-JECT 200 \u00e8 uno steroide per essere una forma di steroide iniettabile a lunga durata d&#8217;azione. Le iniezioni di Boldenone<\/p>\n","protected":false},"featured_media":5975,"comment_status":"open","ping_status":"closed","template":"","meta":[],"product_brand":[],"product_cat":[69],"product_tag":[],"class_list":{"0":"post-5974","1":"product","2":"type-product","3":"status-publish","4":"has-post-thumbnail","6":"product_cat-esteroides_inyectables","8":"first","9":"instock","10":"shipping-taxable","11":"purchasable","12":"product-type-simple"},"yoast_head":"<!-- This site is optimized with the Yoast SEO Premium plugin v24.4 (Yoast SEO v27.0) - https:\/\/yoast.com\/product\/yoast-seo-premium-wordpress\/ -->\n<title>B-JECT 200 10ml - Boldenone undecylenate - Steroidi in linea<\/title>\n<meta name=\"description\" content=\"B-JECT 200 (Undecilenato di Boldenone) \u00e8 uno steroide a lunga durata che aumenta massa muscolare, resistenza, globuli rossi e ha bassi effetti estrogenici.\" \/>\n<meta name=\"robots\" content=\"index, follow, max-snippet:-1, max-image-preview:large, max-video-preview:-1\" \/>\n<link rel=\"canonical\" href=\"https:\/\/iberoid.com\/it\/product\/b-ject-200-10ml-boldenone-undecylenate-1ml-200mg\/\" \/>\n<meta property=\"og:locale\" content=\"it_IT\" \/>\n<meta property=\"og:type\" content=\"article\" \/>\n<meta property=\"og:title\" content=\"B-JECT 200 10ml - Boldenone undecylenate\" \/>\n<meta property=\"og:description\" content=\"B-JECT 200 (Undecilenato di Boldenone) \u00e8 uno steroide a lunga durata che aumenta massa muscolare, resistenza, globuli rossi e ha bassi effetti estrogenici.\" \/>\n<meta property=\"og:url\" content=\"https:\/\/iberoid.com\/it\/product\/b-ject-200-10ml-boldenone-undecylenate-1ml-200mg\/\" \/>\n<meta property=\"og:site_name\" content=\"Steroidi in linea\" \/>\n<meta property=\"article:modified_time\" content=\"2026-02-08T12:20:47+00:00\" \/>\n<meta property=\"og:image\" content=\"https:\/\/iberoid.com\/wp-content\/uploads\/2021\/04\/bject-scaled.jpg?v=1767984011\" \/>\n\t<meta property=\"og:image:width\" content=\"2560\" \/>\n\t<meta property=\"og:image:height\" content=\"2058\" \/>\n\t<meta property=\"og:image:type\" content=\"image\/jpeg\" \/>\n<meta name=\"twitter:card\" content=\"summary_large_image\" \/>\n<meta name=\"twitter:label1\" content=\"Prezzo\" \/>\n\t<meta name=\"twitter:data1\" content=\"&euro;30.00\" \/>\n\t<meta name=\"twitter:label2\" content=\"Disponibilit\u00e0\" \/>\n\t<meta name=\"twitter:data2\" content=\"In stock\" \/>\n<script type=\"application\/ld+json\" class=\"yoast-schema-graph\">{\"@context\":\"https:\/\/schema.org\",\"@graph\":[{\"@type\":\"WebPage\",\"@id\":\"https:\/\/iberoid.com\/it\/product\/b-ject-200-10ml-boldenone-undecylenate-1ml-200mg\/\",\"url\":\"https:\/\/iberoid.com\/it\/product\/b-ject-200-10ml-boldenone-undecylenate-1ml-200mg\/\",\"name\":\"B-JECT 200 10ml - Boldenone undecylenate - Steroidi in linea\",\"isPartOf\":{\"@id\":\"https:\/\/iberoid-shop.com\/#website\"},\"primaryImageOfPage\":{\"@id\":\"https:\/\/iberoid.com\/it\/product\/b-ject-200-10ml-boldenone-undecylenate-1ml-200mg\/#primaryimage\"},\"image\":{\"@id\":\"https:\/\/iberoid.com\/it\/product\/b-ject-200-10ml-boldenone-undecylenate-1ml-200mg\/#primaryimage\"},\"thumbnailUrl\":\"https:\/\/iberoid.com\/wp-content\/uploads\/2021\/04\/bject-scaled.jpg?v=1767984011\",\"datePublished\":\"2021-04-10T16:09:22+00:00\",\"dateModified\":\"2026-02-08T12:20:47+00:00\",\"description\":\"B-JECT 200 (Undecilenato di Boldenone) \u00e8 uno steroide a lunga durata che aumenta massa muscolare, resistenza, globuli rossi e ha bassi effetti estrogenici.\",\"breadcrumb\":{\"@id\":\"https:\/\/iberoid.com\/it\/product\/b-ject-200-10ml-boldenone-undecylenate-1ml-200mg\/#breadcrumb\"},\"inLanguage\":\"it-IT\",\"potentialAction\":[{\"@type\":\"ReadAction\",\"target\":[[\"https:\/\/iberoid.com\/it\/product\/b-ject-200-10ml-boldenone-undecylenate-1ml-200mg\/\"]]}]},{\"@type\":\"ImageObject\",\"inLanguage\":\"it-IT\",\"@id\":\"https:\/\/iberoid.com\/it\/product\/b-ject-200-10ml-boldenone-undecylenate-1ml-200mg\/#primaryimage\",\"url\":\"https:\/\/iberoid.com\/wp-content\/uploads\/2021\/04\/bject-scaled.jpg?v=1767984011\",\"contentUrl\":\"https:\/\/iberoid.com\/wp-content\/uploads\/2021\/04\/bject-scaled.jpg?v=1767984011\",\"width\":2560,\"height\":2058},{\"@type\":\"BreadcrumbList\",\"@id\":\"https:\/\/iberoid.com\/it\/product\/b-ject-200-10ml-boldenone-undecylenate-1ml-200mg\/#breadcrumb\",\"itemListElement\":[{\"@type\":\"ListItem\",\"position\":1,\"name\":\"Portada\",\"item\":\"https:\/\/iberoid.com\/it\/\"},{\"@type\":\"ListItem\",\"position\":2,\"name\":\"Negozio\",\"item\":\"https:\/\/iberoid.com\/it\/shop\/\"},{\"@type\":\"ListItem\",\"position\":3,\"name\":\"B-JECT 200 10ml &#8211; Boldenone undecylenate\"}]},{\"@type\":\"WebSite\",\"@id\":\"https:\/\/iberoid-shop.com\/#website\",\"url\":\"https:\/\/iberoid-shop.com\/\",\"name\":\"Steroidi in linea\",\"description\":\"Acquista steroidi online oggi in Spagna e Portogallo. Abbiamo il miglior servizio clienti del settore e prodotti di altissima qualit\u00e0\",\"potentialAction\":[{\"@type\":\"SearchAction\",\"target\":{\"@type\":\"EntryPoint\",\"urlTemplate\":\"https:\/\/iberoid-shop.com\/?s={search_term_string}\"},\"query-input\":{\"@type\":\"PropertyValueSpecification\",\"valueRequired\":true,\"valueName\":\"search_term_string\"}}],\"inLanguage\":\"it-IT\"}]}<\/script>\n<meta property=\"product:brand\" content=\"Muscle Pharm\" \/>\n<meta property=\"product:price:amount\" content=\"30.00\" \/>\n<meta property=\"product:price:currency\" content=\"EUR\" \/>\n<meta property=\"og:availability\" content=\"instock\" \/>\n<meta property=\"product:availability\" content=\"instock\" \/>\n<meta property=\"product:condition\" content=\"new\" \/>\n<!-- \/ Yoast SEO Premium plugin. -->","yoast_head_json":{"title":"B-JECT 200 10ml - Boldenone undecylenate - Steroidi in linea","description":"B-JECT 200 (Undecilenato di Boldenone) \u00e8 uno steroide a lunga durata che aumenta massa muscolare, resistenza, globuli rossi e ha bassi effetti estrogenici.","robots":{"index":"index","follow":"follow","max-snippet":"max-snippet:-1","max-image-preview":"max-image-preview:large","max-video-preview":"max-video-preview:-1"},"canonical":"https:\/\/iberoid.com\/it\/product\/b-ject-200-10ml-boldenone-undecylenate-1ml-200mg\/","og_locale":"it_IT","og_type":"article","og_title":"B-JECT 200 10ml - Boldenone undecylenate","og_description":"B-JECT 200 (Undecilenato di Boldenone) \u00e8 uno steroide a lunga durata che aumenta massa muscolare, resistenza, globuli rossi e ha bassi effetti estrogenici.","og_url":"https:\/\/iberoid.com\/it\/product\/b-ject-200-10ml-boldenone-undecylenate-1ml-200mg\/","og_site_name":"Steroidi in linea","article_modified_time":"2026-02-08T12:20:47+00:00","og_image":[{"width":2560,"height":2058,"url":"https:\/\/iberoid.com\/wp-content\/uploads\/2021\/04\/bject-scaled.jpg?v=1767984011","type":"image\/jpeg"}],"twitter_card":"summary_large_image","twitter_misc":{"Prezzo":"&euro;30.00","Disponibilit\u00e0":"In stock"},"schema":{"@context":"https:\/\/schema.org","@graph":[{"@type":"WebPage","@id":"https:\/\/iberoid.com\/it\/product\/b-ject-200-10ml-boldenone-undecylenate-1ml-200mg\/","url":"https:\/\/iberoid.com\/it\/product\/b-ject-200-10ml-boldenone-undecylenate-1ml-200mg\/","name":"B-JECT 200 10ml - Boldenone undecylenate - Steroidi in linea","isPartOf":{"@id":"https:\/\/iberoid-shop.com\/#website"},"primaryImageOfPage":{"@id":"https:\/\/iberoid.com\/it\/product\/b-ject-200-10ml-boldenone-undecylenate-1ml-200mg\/#primaryimage"},"image":{"@id":"https:\/\/iberoid.com\/it\/product\/b-ject-200-10ml-boldenone-undecylenate-1ml-200mg\/#primaryimage"},"thumbnailUrl":"https:\/\/iberoid.com\/wp-content\/uploads\/2021\/04\/bject-scaled.jpg?v=1767984011","datePublished":"2021-04-10T16:09:22+00:00","dateModified":"2026-02-08T12:20:47+00:00","description":"B-JECT 200 (Undecilenato di Boldenone) \u00e8 uno steroide a lunga durata che aumenta massa muscolare, resistenza, globuli rossi e ha bassi effetti estrogenici.","breadcrumb":{"@id":"https:\/\/iberoid.com\/it\/product\/b-ject-200-10ml-boldenone-undecylenate-1ml-200mg\/#breadcrumb"},"inLanguage":"it-IT","potentialAction":[{"@type":"ReadAction","target":[["https:\/\/iberoid.com\/it\/product\/b-ject-200-10ml-boldenone-undecylenate-1ml-200mg\/"]]}]},{"@type":"ImageObject","inLanguage":"it-IT","@id":"https:\/\/iberoid.com\/it\/product\/b-ject-200-10ml-boldenone-undecylenate-1ml-200mg\/#primaryimage","url":"https:\/\/iberoid.com\/wp-content\/uploads\/2021\/04\/bject-scaled.jpg?v=1767984011","contentUrl":"https:\/\/iberoid.com\/wp-content\/uploads\/2021\/04\/bject-scaled.jpg?v=1767984011","width":2560,"height":2058},{"@type":"BreadcrumbList","@id":"https:\/\/iberoid.com\/it\/product\/b-ject-200-10ml-boldenone-undecylenate-1ml-200mg\/#breadcrumb","itemListElement":[{"@type":"ListItem","position":1,"name":"Portada","item":"https:\/\/iberoid.com\/it\/"},{"@type":"ListItem","position":2,"name":"Negozio","item":"https:\/\/iberoid.com\/it\/shop\/"},{"@type":"ListItem","position":3,"name":"B-JECT 200 10ml &#8211; Boldenone undecylenate"}]},{"@type":"WebSite","@id":"https:\/\/iberoid-shop.com\/#website","url":"https:\/\/iberoid-shop.com\/","name":"Steroidi in linea","description":"Acquista steroidi online oggi in Spagna e Portogallo. Abbiamo il miglior servizio clienti del settore e prodotti di altissima qualit\u00e0","potentialAction":[{"@type":"SearchAction","target":{"@type":"EntryPoint","urlTemplate":"https:\/\/iberoid-shop.com\/?s={search_term_string}"},"query-input":{"@type":"PropertyValueSpecification","valueRequired":true,"valueName":"search_term_string"}}],"inLanguage":"it-IT"}]},"product_brand":"Muscle Pharm","product_price_amount":"30.00","product_price_currency":"EUR","og_availability":"instock","product_availability":"instock","product_condition":"new"},"_links":{"self":[{"href":"https:\/\/iberoid.com\/it\/wp-json\/wp\/v2\/product\/5974","targetHints":{"allow":["GET"]}}],"collection":[{"href":"https:\/\/iberoid.com\/it\/wp-json\/wp\/v2\/product"}],"about":[{"href":"https:\/\/iberoid.com\/it\/wp-json\/wp\/v2\/types\/product"}],"replies":[{"embeddable":true,"href":"https:\/\/iberoid.com\/it\/wp-json\/wp\/v2\/comments?post=5974"}],"wp:featuredmedia":[{"embeddable":true,"href":"https:\/\/iberoid.com\/it\/wp-json\/wp\/v2\/media\/5975"}],"wp:attachment":[{"href":"https:\/\/iberoid.com\/it\/wp-json\/wp\/v2\/media?parent=5974"}],"wp:term":[{"taxonomy":"product_brand","embeddable":true,"href":"https:\/\/iberoid.com\/it\/wp-json\/wp\/v2\/product_brand?post=5974"},{"taxonomy":"product_cat","embeddable":true,"href":"https:\/\/iberoid.com\/it\/wp-json\/wp\/v2\/product_cat?post=5974"},{"taxonomy":"product_tag","embeddable":true,"href":"https:\/\/iberoid.com\/it\/wp-json\/wp\/v2\/product_tag?post=5974"}],"curies":[{"name":"wp","href":"https:\/\/api.w.org\/{rel}","templated":true}]}}