{"id":6117,"date":"2021-05-05T12:20:13","date_gmt":"2021-05-05T12:20:13","guid":{"rendered":"https:\/\/iberoid.com\/?post_type=product&#038;p=6117"},"modified":"2025-11-19T21:48:15","modified_gmt":"2025-11-19T21:48:15","slug":"stanox-biosira-stanozolol-winstrol-100tabs-10mg-tab","status":"publish","type":"product","link":"https:\/\/iberoid.com\/it\/product\/stanox-biosira-stanozolol-winstrol-100tabs-10mg-tab\/","title":{"rendered":"Stanox &#8211; (Stanozolol, Winstrol)"},"content":{"rendered":"<p>- Produttore: Biosira Pharmaceuticals<\/p>\n<p>&#8211; Confezione: 100 compresse (10mg \/ tab)<\/p>\n<p>&#8211; Sostanza chimica: Stanozolol<\/p>\n<p>Stanox biosira \u00e8 uno degli steroidi di fama mondiale che \u00e8 popolare tra i bodybuilder e gli atleti sia come steroide da taglio. \u00c8 stato scoperto per la prima volta con lo scopo di trattare persone con vari problemi di salute come osteoporosi, distrofia muscolare, atrofia muscolare nei pazienti post-operatori, bambini di bassa statura, ecc.<\/p>\n<p>La maggior parte dei produttori di questo prodotto non \u00e8 in grado di creare un prodotto altamente efficace. Quindi, per un risultato migliore attraverso questo prodotto, acquista sempre il prodotto da produttori rinomati come Biosira Pharmaceuticals. I loro prodotti sono noti per fornire risultati ottimali nel ciclo di taglio.<\/p>\n<p>Questo steroide \u00e8 disponibile in entrambe le forme iniettabili e orali. Ma la maggior parte delle persone preferisce la forma iniettabile a causa del suo potere ad alta efficienza.<\/p>\n<p>Non solo aiuta nel ciclo di taglio del muscolo, ma migliora anche la massa muscolare magra degli utenti. Quindi, le persone che si stanno preparando per un evento nelle vicinanze preferiscono questo steroide rispetto ad altri. Ha vari altri effetti sul corpo dell&#8217;utente come durezza muscolare, densit\u00e0 e vascolarizzazione.<\/p>\n<p>Dosi<\/p>\n<p>Questo \u00e8 uno degli steroidi da taglio pi\u00f9 potenti mai prodotti. Quindi, per un risultato ottimale senza dover affrontare gravi effetti collaterali, consultare sempre un rinomato medico. Si consiglia principalmente di assumere tra 50-100 mg al giorno per un periodo di 4-8 settimane. Per un risultato migliore, dividi i dosaggi in due uguali e usalo tutti i giorni o come consigliato dagli esperti.<\/p>","protected":false},"excerpt":{"rendered":"<p>&#8211; Produttore: Biosira Pharmaceuticals &#8211; Confezione: 100 compresse (10mg \/ tab) &#8211; Sostanza chimica: Stanozolol Stanox biosira \u00e8 uno degli<\/p>\n","protected":false},"featured_media":6118,"comment_status":"open","ping_status":"closed","template":"","meta":[],"product_brand":[],"product_cat":[73],"product_tag":[],"class_list":{"0":"post-6117","1":"product","2":"type-product","3":"status-publish","4":"has-post-thumbnail","6":"product_cat-ssteroides_orales","8":"first","9":"instock","10":"shipping-taxable","11":"purchasable","12":"product-type-simple"},"yoast_head":"<!-- This site is optimized with the Yoast SEO Premium plugin v24.4 (Yoast SEO v27.3) - https:\/\/yoast.com\/product\/yoast-seo-premium-wordpress\/ -->\n<title>Stanox - (Stanozolol, Winstrol) - Steroidi in linea<\/title>\n<meta name=\"description\" content=\"Stanox (Stanozololo) 10mg compresse (100) di Biosira. Steroide da taglio popolare per massa magra, durezza e vascolarizzazione. Dose tipica 50-100mg al giorno per 4-8 settimane.\" \/>\n<meta name=\"robots\" content=\"index, follow, max-snippet:-1, max-image-preview:large, max-video-preview:-1\" \/>\n<link rel=\"canonical\" href=\"https:\/\/iberoid.com\/it\/product\/stanox-biosira-stanozolol-winstrol-100tabs-10mg-tab\/\" \/>\n<meta property=\"og:locale\" content=\"it_IT\" \/>\n<meta property=\"og:type\" content=\"article\" \/>\n<meta property=\"og:title\" content=\"Stanox - (Stanozolol, Winstrol)\" \/>\n<meta property=\"og:description\" content=\"Stanox (Stanozololo) 10mg compresse (100) di Biosira. Steroide da taglio popolare per massa magra, durezza e vascolarizzazione. Dose tipica 50-100mg al giorno per 4-8 settimane.\" \/>\n<meta property=\"og:url\" content=\"https:\/\/iberoid.com\/it\/product\/stanox-biosira-stanozolol-winstrol-100tabs-10mg-tab\/\" \/>\n<meta property=\"og:site_name\" content=\"Steroidi in linea\" \/>\n<meta property=\"article:modified_time\" content=\"2025-11-19T21:48:15+00:00\" \/>\n<meta property=\"og:image\" content=\"https:\/\/iberoid.com\/wp-content\/uploads\/2021\/05\/BIOSIR.-STANO.jpg?v=1722257324\" \/>\n\t<meta property=\"og:image:width\" content=\"208\" \/>\n\t<meta property=\"og:image:height\" content=\"257\" \/>\n\t<meta property=\"og:image:type\" content=\"image\/jpeg\" \/>\n<meta name=\"twitter:card\" content=\"summary_large_image\" \/>\n<meta name=\"twitter:label1\" content=\"Prezzo\" \/>\n\t<meta name=\"twitter:data1\" content=\"&euro;15.00\" \/>\n\t<meta name=\"twitter:label2\" content=\"Disponibilit\u00e0\" \/>\n\t<meta name=\"twitter:data2\" content=\"In stock\" \/>\n<script type=\"application\/ld+json\" class=\"yoast-schema-graph\">{\"@context\":\"https:\\\/\\\/schema.org\",\"@graph\":[{\"@type\":\"WebPage\",\"@id\":\"https:\\\/\\\/iberoid.com\\\/it\\\/product\\\/stanox-biosira-stanozolol-winstrol-100tabs-10mg-tab\\\/\",\"url\":\"https:\\\/\\\/iberoid.com\\\/it\\\/product\\\/stanox-biosira-stanozolol-winstrol-100tabs-10mg-tab\\\/\",\"name\":\"Stanox - (Stanozolol, Winstrol) - Steroidi in linea\",\"isPartOf\":{\"@id\":\"https:\\\/\\\/iberoid.com\\\/it\\\/#website\"},\"primaryImageOfPage\":{\"@id\":\"https:\\\/\\\/iberoid.com\\\/it\\\/product\\\/stanox-biosira-stanozolol-winstrol-100tabs-10mg-tab\\\/#primaryimage\"},\"image\":{\"@id\":\"https:\\\/\\\/iberoid.com\\\/it\\\/product\\\/stanox-biosira-stanozolol-winstrol-100tabs-10mg-tab\\\/#primaryimage\"},\"thumbnailUrl\":\"https:\\\/\\\/iberoid.com\\\/wp-content\\\/uploads\\\/2021\\\/05\\\/BIOSIR.-STANO.jpg?v=1722257324\",\"datePublished\":\"2021-05-05T12:20:13+00:00\",\"dateModified\":\"2025-11-19T21:48:15+00:00\",\"description\":\"Stanox (Stanozololo) 10mg compresse (100) di Biosira. Steroide da taglio popolare per massa magra, durezza e vascolarizzazione. Dose tipica 50-100mg al giorno per 4-8 settimane.\",\"breadcrumb\":{\"@id\":\"https:\\\/\\\/iberoid.com\\\/it\\\/product\\\/stanox-biosira-stanozolol-winstrol-100tabs-10mg-tab\\\/#breadcrumb\"},\"inLanguage\":\"it-IT\",\"potentialAction\":[{\"@type\":\"ReadAction\",\"target\":[[\"https:\\\/\\\/iberoid.com\\\/it\\\/product\\\/stanox-biosira-stanozolol-winstrol-100tabs-10mg-tab\\\/\"]]}]},{\"@type\":\"ImageObject\",\"inLanguage\":\"it-IT\",\"@id\":\"https:\\\/\\\/iberoid.com\\\/it\\\/product\\\/stanox-biosira-stanozolol-winstrol-100tabs-10mg-tab\\\/#primaryimage\",\"url\":\"https:\\\/\\\/iberoid.com\\\/wp-content\\\/uploads\\\/2021\\\/05\\\/BIOSIR.-STANO.jpg?v=1722257324\",\"contentUrl\":\"https:\\\/\\\/iberoid.com\\\/wp-content\\\/uploads\\\/2021\\\/05\\\/BIOSIR.-STANO.jpg?v=1722257324\",\"width\":208,\"height\":257},{\"@type\":\"BreadcrumbList\",\"@id\":\"https:\\\/\\\/iberoid.com\\\/it\\\/product\\\/stanox-biosira-stanozolol-winstrol-100tabs-10mg-tab\\\/#breadcrumb\",\"itemListElement\":[{\"@type\":\"ListItem\",\"position\":1,\"name\":\"Portada\",\"item\":\"https:\\\/\\\/iberoid.com\\\/it\\\/\"},{\"@type\":\"ListItem\",\"position\":2,\"name\":\"Negozio\",\"item\":\"https:\\\/\\\/iberoid.com\\\/it\\\/shop\\\/\"},{\"@type\":\"ListItem\",\"position\":3,\"name\":\"Stanox &#8211; (Stanozolol, Winstrol)\"}]},{\"@type\":\"WebSite\",\"@id\":\"https:\\\/\\\/iberoid.com\\\/it\\\/#website\",\"url\":\"https:\\\/\\\/iberoid.com\\\/it\\\/\",\"name\":\"Steroidi in linea\",\"description\":\"Acquista steroidi online oggi in Spagna e Portogallo. Abbiamo il miglior servizio clienti del settore e prodotti di altissima qualit\u00e0\",\"potentialAction\":[{\"@type\":\"SearchAction\",\"target\":{\"@type\":\"EntryPoint\",\"urlTemplate\":\"https:\\\/\\\/iberoid.com\\\/it\\\/?s={search_term_string}\"},\"query-input\":{\"@type\":\"PropertyValueSpecification\",\"valueRequired\":true,\"valueName\":\"search_term_string\"}}],\"inLanguage\":\"it-IT\"}]}<\/script>\n<meta property=\"product:brand\" content=\"Biosira Ltd\" \/>\n<meta property=\"product:price:amount\" content=\"15.00\" \/>\n<meta property=\"product:price:currency\" content=\"EUR\" \/>\n<meta property=\"og:availability\" content=\"instock\" \/>\n<meta property=\"product:availability\" content=\"instock\" \/>\n<meta property=\"product:condition\" content=\"new\" \/>\n<!-- \/ Yoast SEO Premium plugin. -->","yoast_head_json":{"title":"Stanox - (Stanozolol, Winstrol) - Steroidi in linea","description":"Stanox (Stanozololo) 10mg compresse (100) di Biosira. Steroide da taglio popolare per massa magra, durezza e vascolarizzazione. Dose tipica 50-100mg al giorno per 4-8 settimane.","robots":{"index":"index","follow":"follow","max-snippet":"max-snippet:-1","max-image-preview":"max-image-preview:large","max-video-preview":"max-video-preview:-1"},"canonical":"https:\/\/iberoid.com\/it\/product\/stanox-biosira-stanozolol-winstrol-100tabs-10mg-tab\/","og_locale":"it_IT","og_type":"article","og_title":"Stanox - (Stanozolol, Winstrol)","og_description":"Stanox (Stanozololo) 10mg compresse (100) di Biosira. Steroide da taglio popolare per massa magra, durezza e vascolarizzazione. Dose tipica 50-100mg al giorno per 4-8 settimane.","og_url":"https:\/\/iberoid.com\/it\/product\/stanox-biosira-stanozolol-winstrol-100tabs-10mg-tab\/","og_site_name":"Steroidi in linea","article_modified_time":"2025-11-19T21:48:15+00:00","og_image":[{"width":208,"height":257,"url":"https:\/\/iberoid.com\/wp-content\/uploads\/2021\/05\/BIOSIR.-STANO.jpg?v=1722257324","type":"image\/jpeg"}],"twitter_card":"summary_large_image","twitter_misc":{"Prezzo":"&euro;15.00","Disponibilit\u00e0":"In stock"},"schema":{"@context":"https:\/\/schema.org","@graph":[{"@type":"WebPage","@id":"https:\/\/iberoid.com\/it\/product\/stanox-biosira-stanozolol-winstrol-100tabs-10mg-tab\/","url":"https:\/\/iberoid.com\/it\/product\/stanox-biosira-stanozolol-winstrol-100tabs-10mg-tab\/","name":"Stanox - (Stanozolol, Winstrol) - Steroidi in linea","isPartOf":{"@id":"https:\/\/iberoid.com\/it\/#website"},"primaryImageOfPage":{"@id":"https:\/\/iberoid.com\/it\/product\/stanox-biosira-stanozolol-winstrol-100tabs-10mg-tab\/#primaryimage"},"image":{"@id":"https:\/\/iberoid.com\/it\/product\/stanox-biosira-stanozolol-winstrol-100tabs-10mg-tab\/#primaryimage"},"thumbnailUrl":"https:\/\/iberoid.com\/wp-content\/uploads\/2021\/05\/BIOSIR.-STANO.jpg?v=1722257324","datePublished":"2021-05-05T12:20:13+00:00","dateModified":"2025-11-19T21:48:15+00:00","description":"Stanox (Stanozololo) 10mg compresse (100) di Biosira. Steroide da taglio popolare per massa magra, durezza e vascolarizzazione. Dose tipica 50-100mg al giorno per 4-8 settimane.","breadcrumb":{"@id":"https:\/\/iberoid.com\/it\/product\/stanox-biosira-stanozolol-winstrol-100tabs-10mg-tab\/#breadcrumb"},"inLanguage":"it-IT","potentialAction":[{"@type":"ReadAction","target":[["https:\/\/iberoid.com\/it\/product\/stanox-biosira-stanozolol-winstrol-100tabs-10mg-tab\/"]]}]},{"@type":"ImageObject","inLanguage":"it-IT","@id":"https:\/\/iberoid.com\/it\/product\/stanox-biosira-stanozolol-winstrol-100tabs-10mg-tab\/#primaryimage","url":"https:\/\/iberoid.com\/wp-content\/uploads\/2021\/05\/BIOSIR.-STANO.jpg?v=1722257324","contentUrl":"https:\/\/iberoid.com\/wp-content\/uploads\/2021\/05\/BIOSIR.-STANO.jpg?v=1722257324","width":208,"height":257},{"@type":"BreadcrumbList","@id":"https:\/\/iberoid.com\/it\/product\/stanox-biosira-stanozolol-winstrol-100tabs-10mg-tab\/#breadcrumb","itemListElement":[{"@type":"ListItem","position":1,"name":"Portada","item":"https:\/\/iberoid.com\/it\/"},{"@type":"ListItem","position":2,"name":"Negozio","item":"https:\/\/iberoid.com\/it\/shop\/"},{"@type":"ListItem","position":3,"name":"Stanox &#8211; (Stanozolol, Winstrol)"}]},{"@type":"WebSite","@id":"https:\/\/iberoid.com\/it\/#website","url":"https:\/\/iberoid.com\/it\/","name":"Steroidi in linea","description":"Acquista steroidi online oggi in Spagna e Portogallo. Abbiamo il miglior servizio clienti del settore e prodotti di altissima qualit\u00e0","potentialAction":[{"@type":"SearchAction","target":{"@type":"EntryPoint","urlTemplate":"https:\/\/iberoid.com\/it\/?s={search_term_string}"},"query-input":{"@type":"PropertyValueSpecification","valueRequired":true,"valueName":"search_term_string"}}],"inLanguage":"it-IT"}]},"product_brand":"Biosira Ltd","product_price_amount":"15.00","product_price_currency":"EUR","og_availability":"instock","product_availability":"instock","product_condition":"new"},"_links":{"self":[{"href":"https:\/\/iberoid.com\/it\/wp-json\/wp\/v2\/product\/6117","targetHints":{"allow":["GET"]}}],"collection":[{"href":"https:\/\/iberoid.com\/it\/wp-json\/wp\/v2\/product"}],"about":[{"href":"https:\/\/iberoid.com\/it\/wp-json\/wp\/v2\/types\/product"}],"replies":[{"embeddable":true,"href":"https:\/\/iberoid.com\/it\/wp-json\/wp\/v2\/comments?post=6117"}],"wp:featuredmedia":[{"embeddable":true,"href":"https:\/\/iberoid.com\/it\/wp-json\/wp\/v2\/media\/6118"}],"wp:attachment":[{"href":"https:\/\/iberoid.com\/it\/wp-json\/wp\/v2\/media?parent=6117"}],"wp:term":[{"taxonomy":"product_brand","embeddable":true,"href":"https:\/\/iberoid.com\/it\/wp-json\/wp\/v2\/product_brand?post=6117"},{"taxonomy":"product_cat","embeddable":true,"href":"https:\/\/iberoid.com\/it\/wp-json\/wp\/v2\/product_cat?post=6117"},{"taxonomy":"product_tag","embeddable":true,"href":"https:\/\/iberoid.com\/it\/wp-json\/wp\/v2\/product_tag?post=6117"}],"curies":[{"name":"wp","href":"https:\/\/api.w.org\/{rel}","templated":true}]}}