{"id":6238,"date":"2021-05-20T11:40:27","date_gmt":"2021-05-20T11:40:27","guid":{"rendered":"https:\/\/iberoid.com\/?post_type=product&#038;p=6238"},"modified":"2023-06-03T15:37:45","modified_gmt":"2023-06-03T15:37:45","slug":"oxandrolone-10mg-pharmagen","status":"publish","type":"product","link":"https:\/\/iberoid.com\/it\/product\/oxandrolone-10mg-pharmagen\/","title":{"rendered":"Oxandrolone 10mg"},"content":{"rendered":"<p>Dosaggio: 10 mg\/scheda<\/p>\n<p>Importo: 100 tabs<\/p>\n<p>L&#8217;oxandrolone non cede all&#8217;aromatizzazione e non \u00e8 di per s\u00e9 estrogenico. Questo farmaco \u00e8 amato dagli atleti, che si preparano alla competizione negli sport di forza e resistenza, dove sono necessari muscoli magri senza acqua e grasso. Il ciclo di Oxandrolone non aiuter\u00e0 gli atleti a guadagnare volumi muscolari colossali; tuttavia, \u00e8 un composto perfetto per sbarazzarsi del grasso e dare al corpo un aspetto pi\u00f9 sollevato.<\/p>\n<p>Nonostante il fatto che anavar sia 17-alfa-alchilato, provoca un lieve impatto tossico sul fegato. Ricerche hanno dimostrato che l&#8217;assunzione di oxandrolone a 20 mg al giorno per dodici settimane non ha causato un aumento statisticamente importante di AST e ALT. Quindi, gli effetti collaterali di oxandrolone mostrano molto rari, sebbene anche i risultati di oxandrolone non siano significativi. \u00c8 probabilmente lo steroide orale pi\u00f9 mite e sicuro oggi disponibile per la vendita, quindi \u00e8 perfetto per la prima conoscenza con gli steroidi anabolizzanti.<\/p>","protected":false},"excerpt":{"rendered":"<p>Dosaggio: 10 mg\/scheda Importo: 100 tabs L&#8217;oxandrolone non cede all&#8217;aromatizzazione e non \u00e8 di per s\u00e9 estrogenico. Questo farmaco \u00e8<\/p>\n","protected":false},"featured_media":6239,"comment_status":"open","ping_status":"closed","template":"","meta":[],"product_brand":[],"product_cat":[73],"product_tag":[],"class_list":{"0":"post-6238","1":"product","2":"type-product","3":"status-publish","4":"has-post-thumbnail","6":"product_cat-ssteroides_orales","8":"first","9":"outofstock","10":"shipping-taxable","11":"purchasable","12":"product-type-simple"},"yoast_head":"<!-- This site is optimized with the Yoast SEO Premium plugin v24.4 (Yoast SEO v27.0) - https:\/\/yoast.com\/product\/yoast-seo-premium-wordpress\/ -->\n<title>Oxandrolone 10mg - Steroidi in linea<\/title>\n<meta name=\"robots\" content=\"index, follow, max-snippet:-1, max-image-preview:large, max-video-preview:-1\" \/>\n<link rel=\"canonical\" href=\"https:\/\/iberoid.com\/it\/product\/oxandrolone-10mg-pharmagen\/\" \/>\n<meta property=\"og:locale\" content=\"it_IT\" \/>\n<meta property=\"og:type\" content=\"article\" \/>\n<meta property=\"og:title\" content=\"Oxandrolone 10mg\" \/>\n<meta property=\"og:description\" content=\"Dosaggio: 10 mg\/scheda Importo: 100 tabs L&#8217;oxandrolone non cede all&#8217;aromatizzazione e non \u00e8 di per s\u00e9 estrogenico. Questo farmaco \u00e8\" \/>\n<meta property=\"og:url\" content=\"https:\/\/iberoid.com\/it\/product\/oxandrolone-10mg-pharmagen\/\" \/>\n<meta property=\"og:site_name\" content=\"Steroidi in linea\" \/>\n<meta property=\"article:modified_time\" content=\"2023-06-03T15:37:45+00:00\" \/>\n<meta property=\"og:image\" content=\"https:\/\/iberoid.com\/wp-content\/uploads\/2021\/05\/Oxandrolone-PG.jpg?v=1678119991\" \/>\n\t<meta property=\"og:image:width\" content=\"1000\" \/>\n\t<meta property=\"og:image:height\" content=\"1000\" \/>\n\t<meta property=\"og:image:type\" content=\"image\/jpeg\" \/>\n<meta name=\"twitter:card\" content=\"summary_large_image\" \/>\n<meta name=\"twitter:label1\" content=\"Prezzo\" \/>\n\t<meta name=\"twitter:data1\" content=\"&euro;65.00\" \/>\n\t<meta name=\"twitter:label2\" content=\"Disponibilit\u00e0\" \/>\n\t<meta name=\"twitter:data2\" content=\"Esaurito\" \/>\n<script type=\"application\/ld+json\" class=\"yoast-schema-graph\">{\"@context\":\"https:\/\/schema.org\",\"@graph\":[{\"@type\":\"WebPage\",\"@id\":\"https:\/\/iberoid.com\/it\/product\/oxandrolone-10mg-pharmagen\/\",\"url\":\"https:\/\/iberoid.com\/it\/product\/oxandrolone-10mg-pharmagen\/\",\"name\":\"Oxandrolone 10mg - Steroidi in linea\",\"isPartOf\":{\"@id\":\"https:\/\/iberoid.com\/it\/#website\"},\"primaryImageOfPage\":{\"@id\":\"https:\/\/iberoid.com\/it\/product\/oxandrolone-10mg-pharmagen\/#primaryimage\"},\"image\":{\"@id\":\"https:\/\/iberoid.com\/it\/product\/oxandrolone-10mg-pharmagen\/#primaryimage\"},\"thumbnailUrl\":\"https:\/\/iberoid.com\/wp-content\/uploads\/2021\/05\/Oxandrolone-PG.jpg?v=1678119991\",\"datePublished\":\"2021-05-20T11:40:27+00:00\",\"dateModified\":\"2023-06-03T15:37:45+00:00\",\"breadcrumb\":{\"@id\":\"https:\/\/iberoid.com\/it\/product\/oxandrolone-10mg-pharmagen\/#breadcrumb\"},\"inLanguage\":\"it-IT\",\"potentialAction\":[{\"@type\":\"ReadAction\",\"target\":[[\"https:\/\/iberoid.com\/it\/product\/oxandrolone-10mg-pharmagen\/\"]]}]},{\"@type\":\"ImageObject\",\"inLanguage\":\"it-IT\",\"@id\":\"https:\/\/iberoid.com\/it\/product\/oxandrolone-10mg-pharmagen\/#primaryimage\",\"url\":\"https:\/\/iberoid.com\/wp-content\/uploads\/2021\/05\/Oxandrolone-PG.jpg?v=1678119991\",\"contentUrl\":\"https:\/\/iberoid.com\/wp-content\/uploads\/2021\/05\/Oxandrolone-PG.jpg?v=1678119991\",\"width\":1000,\"height\":1000},{\"@type\":\"BreadcrumbList\",\"@id\":\"https:\/\/iberoid.com\/it\/product\/oxandrolone-10mg-pharmagen\/#breadcrumb\",\"itemListElement\":[{\"@type\":\"ListItem\",\"position\":1,\"name\":\"Portada\",\"item\":\"https:\/\/iberoid.com\/it\/\"},{\"@type\":\"ListItem\",\"position\":2,\"name\":\"Negozio\",\"item\":\"https:\/\/iberoid.com\/it\/shop\/\"},{\"@type\":\"ListItem\",\"position\":3,\"name\":\"Oxandrolone 10mg\"}]},{\"@type\":\"WebSite\",\"@id\":\"https:\/\/iberoid.com\/it\/#website\",\"url\":\"https:\/\/iberoid.com\/it\/\",\"name\":\"Steroidi in linea\",\"description\":\"Acquista steroidi online oggi in Spagna e Portogallo. Abbiamo il miglior servizio clienti del settore e prodotti di altissima qualit\u00e0\",\"potentialAction\":[{\"@type\":\"SearchAction\",\"target\":{\"@type\":\"EntryPoint\",\"urlTemplate\":\"https:\/\/iberoid.com\/it\/?s={search_term_string}\"},\"query-input\":{\"@type\":\"PropertyValueSpecification\",\"valueRequired\":true,\"valueName\":\"search_term_string\"}}],\"inLanguage\":\"it-IT\"}]}<\/script>\n<meta property=\"product:brand\" content=\"Pharma Gen\" \/>\n<meta property=\"product:price:amount\" content=\"65.00\" \/>\n<meta property=\"product:price:currency\" content=\"EUR\" \/>\n<meta property=\"og:availability\" content=\"out of stock\" \/>\n<meta property=\"product:availability\" content=\"out of stock\" \/>\n<meta property=\"product:condition\" content=\"new\" \/>\n<!-- \/ Yoast SEO Premium plugin. -->","yoast_head_json":{"title":"Oxandrolone 10mg - Steroidi in linea","robots":{"index":"index","follow":"follow","max-snippet":"max-snippet:-1","max-image-preview":"max-image-preview:large","max-video-preview":"max-video-preview:-1"},"canonical":"https:\/\/iberoid.com\/it\/product\/oxandrolone-10mg-pharmagen\/","og_locale":"it_IT","og_type":"article","og_title":"Oxandrolone 10mg","og_description":"Dosaggio: 10 mg\/scheda Importo: 100 tabs L&#8217;oxandrolone non cede all&#8217;aromatizzazione e non \u00e8 di per s\u00e9 estrogenico. Questo farmaco \u00e8","og_url":"https:\/\/iberoid.com\/it\/product\/oxandrolone-10mg-pharmagen\/","og_site_name":"Steroidi in linea","article_modified_time":"2023-06-03T15:37:45+00:00","og_image":[{"width":1000,"height":1000,"url":"https:\/\/iberoid.com\/wp-content\/uploads\/2021\/05\/Oxandrolone-PG.jpg?v=1678119991","type":"image\/jpeg"}],"twitter_card":"summary_large_image","twitter_misc":{"Prezzo":"&euro;65.00","Disponibilit\u00e0":"Esaurito"},"schema":{"@context":"https:\/\/schema.org","@graph":[{"@type":"WebPage","@id":"https:\/\/iberoid.com\/it\/product\/oxandrolone-10mg-pharmagen\/","url":"https:\/\/iberoid.com\/it\/product\/oxandrolone-10mg-pharmagen\/","name":"Oxandrolone 10mg - Steroidi in linea","isPartOf":{"@id":"https:\/\/iberoid.com\/it\/#website"},"primaryImageOfPage":{"@id":"https:\/\/iberoid.com\/it\/product\/oxandrolone-10mg-pharmagen\/#primaryimage"},"image":{"@id":"https:\/\/iberoid.com\/it\/product\/oxandrolone-10mg-pharmagen\/#primaryimage"},"thumbnailUrl":"https:\/\/iberoid.com\/wp-content\/uploads\/2021\/05\/Oxandrolone-PG.jpg?v=1678119991","datePublished":"2021-05-20T11:40:27+00:00","dateModified":"2023-06-03T15:37:45+00:00","breadcrumb":{"@id":"https:\/\/iberoid.com\/it\/product\/oxandrolone-10mg-pharmagen\/#breadcrumb"},"inLanguage":"it-IT","potentialAction":[{"@type":"ReadAction","target":[["https:\/\/iberoid.com\/it\/product\/oxandrolone-10mg-pharmagen\/"]]}]},{"@type":"ImageObject","inLanguage":"it-IT","@id":"https:\/\/iberoid.com\/it\/product\/oxandrolone-10mg-pharmagen\/#primaryimage","url":"https:\/\/iberoid.com\/wp-content\/uploads\/2021\/05\/Oxandrolone-PG.jpg?v=1678119991","contentUrl":"https:\/\/iberoid.com\/wp-content\/uploads\/2021\/05\/Oxandrolone-PG.jpg?v=1678119991","width":1000,"height":1000},{"@type":"BreadcrumbList","@id":"https:\/\/iberoid.com\/it\/product\/oxandrolone-10mg-pharmagen\/#breadcrumb","itemListElement":[{"@type":"ListItem","position":1,"name":"Portada","item":"https:\/\/iberoid.com\/it\/"},{"@type":"ListItem","position":2,"name":"Negozio","item":"https:\/\/iberoid.com\/it\/shop\/"},{"@type":"ListItem","position":3,"name":"Oxandrolone 10mg"}]},{"@type":"WebSite","@id":"https:\/\/iberoid.com\/it\/#website","url":"https:\/\/iberoid.com\/it\/","name":"Steroidi in linea","description":"Acquista steroidi online oggi in Spagna e Portogallo. Abbiamo il miglior servizio clienti del settore e prodotti di altissima qualit\u00e0","potentialAction":[{"@type":"SearchAction","target":{"@type":"EntryPoint","urlTemplate":"https:\/\/iberoid.com\/it\/?s={search_term_string}"},"query-input":{"@type":"PropertyValueSpecification","valueRequired":true,"valueName":"search_term_string"}}],"inLanguage":"it-IT"}]},"product_brand":"Pharma Gen","product_price_amount":"65.00","product_price_currency":"EUR","og_availability":"out of stock","product_availability":"out of stock","product_condition":"new"},"_links":{"self":[{"href":"https:\/\/iberoid.com\/it\/wp-json\/wp\/v2\/product\/6238","targetHints":{"allow":["GET"]}}],"collection":[{"href":"https:\/\/iberoid.com\/it\/wp-json\/wp\/v2\/product"}],"about":[{"href":"https:\/\/iberoid.com\/it\/wp-json\/wp\/v2\/types\/product"}],"replies":[{"embeddable":true,"href":"https:\/\/iberoid.com\/it\/wp-json\/wp\/v2\/comments?post=6238"}],"wp:featuredmedia":[{"embeddable":true,"href":"https:\/\/iberoid.com\/it\/wp-json\/wp\/v2\/media\/6239"}],"wp:attachment":[{"href":"https:\/\/iberoid.com\/it\/wp-json\/wp\/v2\/media?parent=6238"}],"wp:term":[{"taxonomy":"product_brand","embeddable":true,"href":"https:\/\/iberoid.com\/it\/wp-json\/wp\/v2\/product_brand?post=6238"},{"taxonomy":"product_cat","embeddable":true,"href":"https:\/\/iberoid.com\/it\/wp-json\/wp\/v2\/product_cat?post=6238"},{"taxonomy":"product_tag","embeddable":true,"href":"https:\/\/iberoid.com\/it\/wp-json\/wp\/v2\/product_tag?post=6238"}],"curies":[{"name":"wp","href":"https:\/\/api.w.org\/{rel}","templated":true}]}}