{"id":6352,"date":"2021-06-17T09:45:45","date_gmt":"2021-06-17T09:45:45","guid":{"rendered":"https:\/\/iberoid.com\/?post_type=product&#038;p=6352"},"modified":"2023-12-15T23:49:42","modified_gmt":"2023-12-15T23:49:42","slug":"sp-cypionat","status":"publish","type":"product","link":"https:\/\/iberoid.com\/it\/product\/sp-cypionat\/","title":{"rendered":"SP CYPIONATE"},"content":{"rendered":"<p><span>Il testosterone Cypionate \u00e8 uno degli esteri di testosterone attivi pi\u00f9 lunghi conosciuti fino ad oggi. La sua caratteristica: il farmaco viene escreto dal corpo per due settimane. Per questo motivo ha la propriet\u00e0 di una prolungata ritenzione di liquidi nell&#8217;organismo, la cui percentuale pu\u00f2 arrivare fino al 30%, che \u00e8 molto superiore a quella di altri anabolizzanti. Di norma, il farmaco \u00e8 combinato con l&#8217;uso di altri steroidi, il che d\u00e0 un effetto tangibile durante il reclutamento della massa muscolare. L&#8217;effetto sul corpo \u00e8 simile all&#8217;ormone naturale testosterone, responsabile di molte funzioni del corpo maschile.<\/span><\/p>\n<p><span>Come ogni iniezione, il testosterone Cypionate d\u00e0 un significativo guadagno in forza e forza muscolare, ma gli svantaggi sono che il testosterone Cypionate \u00e8 facilmente aromatizzato, il che pu\u00f2 essere un accumulo molto significativo di acqua nel corpo dell&#8217;atleta.\u00a0Pertanto, questo farmaco non deve essere utilizzato durante il periodo di asciugatura.<\/span><\/p>\n<p><span>Anche il testosterone Cypionate porta alla ginecomastia, in questo caso \u00e8 necessario utilizzare Provimed, che aiuter\u00e0 ad evitare effetti collaterali.<\/span><\/p>\n<h1><strong><span>AZIONE MEDICA<\/span><\/strong><\/h1>\n<p><span>Cipandrol contiene come principio attivo testosterone cypionate, un ormone maschile.<\/span><\/p>\n<p><span>Cipandrol viene iniettato in un muscolo.<\/span><\/p>\n<p><span>Il testosterone cypionate \u00e8 una forma prodotta dell&#8217;ormone sessuale maschile, il testosterone, che viene secreto naturalmente.\u00a0\u00c8 usato negli uomini per sostituire il testosterone per il trattamento di vari problemi di salute causati dalla mancanza di testosterone (ipogonadismo maschile).<\/span><\/p>\n<p><span>Il medico misurer\u00e0 periodicamente la concentrazione plasmatica di testosterone alla fine di un intervallo di iniezione.\u00a0Se il livello \u00e8 troppo basso, il medico pu\u00f2 decidere di somministrarle iniezioni pi\u00f9 frequentemente.\u00a0Le concentrazioni plasmatiche al di sotto del range di normalit\u00e0 indicano la necessit\u00e0 di accorciare l&#8217;intervallo tra le iniezioni.\u00a0In caso di concentrazioni plasmatiche elevate, il medico pu\u00f2 prendere in considerazione un aumento dell&#8217;intervallo tra le iniezioni.\u00a0Non perdere il programma delle iniezioni perch\u00e9 non manterr\u00e0 il tuo livello ottimale di testosterone.<\/span><\/p>\n<p><span>Cipandrol soluzione iniettabile in flaconcini pu\u00f2 essere utilizzato pi\u00f9 volte dopo la prima iniezione, a condizione che il cappuccio del flaconcino non sia stato rimosso e il contenuto rimanente sia rimasto ermeticamente sigillato.<\/span><\/p>\n<p><span>Come tutti i medicinali, Cipandrol pu\u00f2 causare effetti indesiderati sebbene non tutte le persone li manifestino.\u00a0Se uno qualsiasi degli effetti indesiderati si aggrava, o se nota effetti collaterali non elencati in questo foglio, informi il medico o il farmacista.\u00a0Gli effetti indesiderati pi\u00f9 comuni (possono interessare fino a 1 persona su 10) sono acne, conta eritrocitaria anormalmente alta, aumento di peso, vampate di calore, aumento dell&#8217;antigene prostatico specifico (aumento dell&#8217;indice biochimico nel sangue), aumento della prostata dimensioni e problemi associati, aumento dell&#8217;erezione e dolore nel sito di somministrazione.<\/span><\/p>\n<p><strong><span>DOSAGGIO<\/span><\/strong><\/p>\n<p><span>Dosi preferite Testosterone Cypionate 200 \u2013 400 mg a settimana.\u00a0L&#8217;opzione migliore \u00e8 l&#8217;introduzione di Cipandrol 2 volte a settimana.\u00a0Se usi da 800 a 1000 mg a settimana, il principale aumento di peso sar\u00e0 dovuto all&#8217;acqua e non a scapito della massa secca di qualit\u00e0.\u00a0Va anche notato che l&#8217;uso di questo farmaco sopprime rapidamente la produzione del proprio testosterone.\u00a0Pertanto, dopo un ciclo di esteri di testosterone, \u00e8 necessaria una terapia post-corso (gonadotropina).\u00a0Ci\u00f2 contribuir\u00e0 ad evitare la perdita di risultati dopo la fine del corso.<\/span><\/p>","protected":false},"excerpt":{"rendered":"<p>Il testosterone Cypionate \u00e8 uno degli esteri di testosterone attivi pi\u00f9 lunghi conosciuti fino ad oggi. La sua caratteristica: il<\/p>\n","protected":false},"featured_media":6353,"comment_status":"open","ping_status":"closed","template":"","meta":[],"product_brand":[],"product_cat":[69],"product_tag":[],"class_list":{"0":"post-6352","1":"product","2":"type-product","3":"status-publish","4":"has-post-thumbnail","6":"product_cat-esteroides_inyectables","8":"first","9":"outofstock","10":"sale","11":"shipping-taxable","12":"purchasable","13":"product-type-simple"},"yoast_head":"<!-- This site is optimized with the Yoast SEO Premium plugin v24.4 (Yoast SEO v27.0) - https:\/\/yoast.com\/product\/yoast-seo-premium-wordpress\/ -->\n<title>SP CYPIONATE - Steroidi in linea<\/title>\n<meta name=\"robots\" content=\"index, follow, max-snippet:-1, max-image-preview:large, max-video-preview:-1\" \/>\n<link rel=\"canonical\" href=\"https:\/\/iberoid.com\/it\/product\/sp-cypionat\/\" \/>\n<meta property=\"og:locale\" content=\"it_IT\" \/>\n<meta property=\"og:type\" content=\"article\" \/>\n<meta property=\"og:title\" content=\"SP CYPIONATE\" \/>\n<meta property=\"og:description\" content=\"Il testosterone Cypionate \u00e8 uno degli esteri di testosterone attivi pi\u00f9 lunghi conosciuti fino ad oggi. La sua caratteristica: il\" \/>\n<meta property=\"og:url\" content=\"https:\/\/iberoid.com\/it\/product\/sp-cypionat\/\" \/>\n<meta property=\"og:site_name\" content=\"Steroidi in linea\" \/>\n<meta property=\"article:modified_time\" content=\"2023-12-15T23:49:42+00:00\" \/>\n<meta property=\"og:image\" content=\"https:\/\/iberoid.com\/wp-content\/uploads\/2021\/06\/cypy.jpg?v=1678119989\" \/>\n\t<meta property=\"og:image:width\" content=\"388\" \/>\n\t<meta property=\"og:image:height\" content=\"388\" \/>\n\t<meta property=\"og:image:type\" content=\"image\/jpeg\" \/>\n<meta name=\"twitter:card\" content=\"summary_large_image\" \/>\n<meta name=\"twitter:label1\" content=\"Prezzo\" \/>\n\t<meta name=\"twitter:data1\" content=\"&euro;45.00\" \/>\n\t<meta name=\"twitter:label2\" content=\"Disponibilit\u00e0\" \/>\n\t<meta name=\"twitter:data2\" content=\"Esaurito\" \/>\n<script type=\"application\/ld+json\" class=\"yoast-schema-graph\">{\"@context\":\"https:\/\/schema.org\",\"@graph\":[{\"@type\":\"WebPage\",\"@id\":\"https:\/\/iberoid.com\/it\/product\/sp-cypionat\/\",\"url\":\"https:\/\/iberoid.com\/it\/product\/sp-cypionat\/\",\"name\":\"SP CYPIONATE - Steroidi in linea\",\"isPartOf\":{\"@id\":\"https:\/\/iberoid-shop.com\/#website\"},\"primaryImageOfPage\":{\"@id\":\"https:\/\/iberoid.com\/it\/product\/sp-cypionat\/#primaryimage\"},\"image\":{\"@id\":\"https:\/\/iberoid.com\/it\/product\/sp-cypionat\/#primaryimage\"},\"thumbnailUrl\":\"https:\/\/iberoid.com\/wp-content\/uploads\/2021\/06\/cypy.jpg?v=1678119989\",\"datePublished\":\"2021-06-17T09:45:45+00:00\",\"dateModified\":\"2023-12-15T23:49:42+00:00\",\"breadcrumb\":{\"@id\":\"https:\/\/iberoid.com\/it\/product\/sp-cypionat\/#breadcrumb\"},\"inLanguage\":\"it-IT\",\"potentialAction\":[{\"@type\":\"ReadAction\",\"target\":[[\"https:\/\/iberoid.com\/it\/product\/sp-cypionat\/\"]]}]},{\"@type\":\"ImageObject\",\"inLanguage\":\"it-IT\",\"@id\":\"https:\/\/iberoid.com\/it\/product\/sp-cypionat\/#primaryimage\",\"url\":\"https:\/\/iberoid.com\/wp-content\/uploads\/2021\/06\/cypy.jpg?v=1678119989\",\"contentUrl\":\"https:\/\/iberoid.com\/wp-content\/uploads\/2021\/06\/cypy.jpg?v=1678119989\",\"width\":388,\"height\":388},{\"@type\":\"BreadcrumbList\",\"@id\":\"https:\/\/iberoid.com\/it\/product\/sp-cypionat\/#breadcrumb\",\"itemListElement\":[{\"@type\":\"ListItem\",\"position\":1,\"name\":\"Portada\",\"item\":\"https:\/\/iberoid.com\/it\/\"},{\"@type\":\"ListItem\",\"position\":2,\"name\":\"Negozio\",\"item\":\"https:\/\/iberoid.com\/it\/shop\/\"},{\"@type\":\"ListItem\",\"position\":3,\"name\":\"SP CYPIONATE\"}]},{\"@type\":\"WebSite\",\"@id\":\"https:\/\/iberoid-shop.com\/#website\",\"url\":\"https:\/\/iberoid-shop.com\/\",\"name\":\"Steroidi in linea\",\"description\":\"Acquista steroidi online oggi in Spagna e Portogallo. Abbiamo il miglior servizio clienti del settore e prodotti di altissima qualit\u00e0\",\"potentialAction\":[{\"@type\":\"SearchAction\",\"target\":{\"@type\":\"EntryPoint\",\"urlTemplate\":\"https:\/\/iberoid-shop.com\/?s={search_term_string}\"},\"query-input\":{\"@type\":\"PropertyValueSpecification\",\"valueRequired\":true,\"valueName\":\"search_term_string\"}}],\"inLanguage\":\"it-IT\"}]}<\/script>\n<meta property=\"product:brand\" content=\"SP Laboratories\" \/>\n<meta property=\"product:price:amount\" content=\"45.00\" \/>\n<meta property=\"product:price:currency\" content=\"EUR\" \/>\n<meta property=\"og:availability\" content=\"out of stock\" \/>\n<meta property=\"product:availability\" content=\"out of stock\" \/>\n<meta property=\"product:condition\" content=\"new\" \/>\n<!-- \/ Yoast SEO Premium plugin. -->","yoast_head_json":{"title":"SP CYPIONATE - Steroidi in linea","robots":{"index":"index","follow":"follow","max-snippet":"max-snippet:-1","max-image-preview":"max-image-preview:large","max-video-preview":"max-video-preview:-1"},"canonical":"https:\/\/iberoid.com\/it\/product\/sp-cypionat\/","og_locale":"it_IT","og_type":"article","og_title":"SP CYPIONATE","og_description":"Il testosterone Cypionate \u00e8 uno degli esteri di testosterone attivi pi\u00f9 lunghi conosciuti fino ad oggi. La sua caratteristica: il","og_url":"https:\/\/iberoid.com\/it\/product\/sp-cypionat\/","og_site_name":"Steroidi in linea","article_modified_time":"2023-12-15T23:49:42+00:00","og_image":[{"width":388,"height":388,"url":"https:\/\/iberoid.com\/wp-content\/uploads\/2021\/06\/cypy.jpg?v=1678119989","type":"image\/jpeg"}],"twitter_card":"summary_large_image","twitter_misc":{"Prezzo":"&euro;45.00","Disponibilit\u00e0":"Esaurito"},"schema":{"@context":"https:\/\/schema.org","@graph":[{"@type":"WebPage","@id":"https:\/\/iberoid.com\/it\/product\/sp-cypionat\/","url":"https:\/\/iberoid.com\/it\/product\/sp-cypionat\/","name":"SP CYPIONATE - Steroidi in linea","isPartOf":{"@id":"https:\/\/iberoid-shop.com\/#website"},"primaryImageOfPage":{"@id":"https:\/\/iberoid.com\/it\/product\/sp-cypionat\/#primaryimage"},"image":{"@id":"https:\/\/iberoid.com\/it\/product\/sp-cypionat\/#primaryimage"},"thumbnailUrl":"https:\/\/iberoid.com\/wp-content\/uploads\/2021\/06\/cypy.jpg?v=1678119989","datePublished":"2021-06-17T09:45:45+00:00","dateModified":"2023-12-15T23:49:42+00:00","breadcrumb":{"@id":"https:\/\/iberoid.com\/it\/product\/sp-cypionat\/#breadcrumb"},"inLanguage":"it-IT","potentialAction":[{"@type":"ReadAction","target":[["https:\/\/iberoid.com\/it\/product\/sp-cypionat\/"]]}]},{"@type":"ImageObject","inLanguage":"it-IT","@id":"https:\/\/iberoid.com\/it\/product\/sp-cypionat\/#primaryimage","url":"https:\/\/iberoid.com\/wp-content\/uploads\/2021\/06\/cypy.jpg?v=1678119989","contentUrl":"https:\/\/iberoid.com\/wp-content\/uploads\/2021\/06\/cypy.jpg?v=1678119989","width":388,"height":388},{"@type":"BreadcrumbList","@id":"https:\/\/iberoid.com\/it\/product\/sp-cypionat\/#breadcrumb","itemListElement":[{"@type":"ListItem","position":1,"name":"Portada","item":"https:\/\/iberoid.com\/it\/"},{"@type":"ListItem","position":2,"name":"Negozio","item":"https:\/\/iberoid.com\/it\/shop\/"},{"@type":"ListItem","position":3,"name":"SP CYPIONATE"}]},{"@type":"WebSite","@id":"https:\/\/iberoid-shop.com\/#website","url":"https:\/\/iberoid-shop.com\/","name":"Steroidi in linea","description":"Acquista steroidi online oggi in Spagna e Portogallo. Abbiamo il miglior servizio clienti del settore e prodotti di altissima qualit\u00e0","potentialAction":[{"@type":"SearchAction","target":{"@type":"EntryPoint","urlTemplate":"https:\/\/iberoid-shop.com\/?s={search_term_string}"},"query-input":{"@type":"PropertyValueSpecification","valueRequired":true,"valueName":"search_term_string"}}],"inLanguage":"it-IT"}]},"product_brand":"SP Laboratories","product_price_amount":"45.00","product_price_currency":"EUR","og_availability":"out of stock","product_availability":"out of stock","product_condition":"new"},"_links":{"self":[{"href":"https:\/\/iberoid.com\/it\/wp-json\/wp\/v2\/product\/6352","targetHints":{"allow":["GET"]}}],"collection":[{"href":"https:\/\/iberoid.com\/it\/wp-json\/wp\/v2\/product"}],"about":[{"href":"https:\/\/iberoid.com\/it\/wp-json\/wp\/v2\/types\/product"}],"replies":[{"embeddable":true,"href":"https:\/\/iberoid.com\/it\/wp-json\/wp\/v2\/comments?post=6352"}],"wp:featuredmedia":[{"embeddable":true,"href":"https:\/\/iberoid.com\/it\/wp-json\/wp\/v2\/media\/6353"}],"wp:attachment":[{"href":"https:\/\/iberoid.com\/it\/wp-json\/wp\/v2\/media?parent=6352"}],"wp:term":[{"taxonomy":"product_brand","embeddable":true,"href":"https:\/\/iberoid.com\/it\/wp-json\/wp\/v2\/product_brand?post=6352"},{"taxonomy":"product_cat","embeddable":true,"href":"https:\/\/iberoid.com\/it\/wp-json\/wp\/v2\/product_cat?post=6352"},{"taxonomy":"product_tag","embeddable":true,"href":"https:\/\/iberoid.com\/it\/wp-json\/wp\/v2\/product_tag?post=6352"}],"curies":[{"name":"wp","href":"https:\/\/api.w.org\/{rel}","templated":true}]}}