{"id":6679,"date":"2021-09-01T17:49:06","date_gmt":"2021-09-01T17:49:06","guid":{"rendered":"https:\/\/iberoid.com\/?post_type=product&#038;p=6679"},"modified":"2026-02-24T09:45:22","modified_gmt":"2026-02-24T09:45:22","slug":"metaboldianabol-100-pastillas-pharmabol","status":"publish","type":"product","link":"https:\/\/iberoid.com\/it\/product\/metaboldianabol-100-pastillas-pharmabol\/","title":{"rendered":"METABOL, DIANABOL 60 COMPRESSE"},"content":{"rendered":"<p>Dianabol \u00e8 uno steroide applicabile con un grande effetto sul metabolismo delle proteine. Methandienone \u00e8 un derivato del testosterone e ha propriet\u00e0 anabolizzanti e androgene molto forti. Ha un grande effetto sul metabolismo delle proteine \u200b\u200be favorisce la sintesi proteica. Questo effetto si manifesta creando un bilancio azotato positivo, supportando l&#8217;accumulo di proteine \u200b\u200be, quindi, la massa muscolare scheletrica. Methandienone induce anche un migliore senso di benessere. Dianabol \u00e8 uno degli steroidi per la costruzione di massa pi\u00f9 efficaci mai creati. \u00c8 stato, infatti, creato appositamente per gli atleti da utilizzare per migliorare le prestazioni (anche se si affermava che avesse capacit\u00e0 terapeutiche). Fornisce guadagni di peso e forza molto impressionanti per la maggior parte degli utenti. Sperimentare un aumento di peso di 3-4 libbre a settimana non \u00e8 inaudito, specialmente nei principianti. Va notato che molto se questo \u00e8 il peso dell&#8217;acqua e che con dosaggi pi\u00f9 elevati potrebbero verificarsi ginecomastia (tette di cagna), ipertensione e acne. Dianabol se assunto per via orale diventa attivo molto rapidamente, ma rimane attivo solo per meno di mezza giornata. Spesso, per questo motivo, i dosaggi venivano distribuiti nell&#8217;arco della giornata. Poich\u00e9 Dianabol (spesso chiamato D-bol dagli atleti) \u00e8 un composto 17aa, ci si possono aspettare effetti collaterali come aumento dei valori epatici (tossicit\u00e0), sebbene generalmente tornino alla normalit\u00e0 rapidamente dopo che l&#8217;atleta smette di prendere il prodotto. Inoltre, come notato in precedenza, ginecomastia, ritenzione idrica pesante (e conseguente aumento della pressione sanguigna) e acne erano tutti effetti collaterali comunemente riportati dell&#8217;uso di D-bol. \u00c8 interessante notare che alcuni utenti notano un senso di benessere durante l&#8217;uso di questo farmaco, che \u00e8 piuttosto pronunciato.<\/p>","protected":false},"excerpt":{"rendered":"<p>Dianabol \u00e8 uno steroide applicabile con un grande effetto sul metabolismo delle proteine. Methandienone \u00e8 un derivato del testosterone e<\/p>\n","protected":false},"featured_media":6680,"comment_status":"open","ping_status":"closed","template":"","meta":[],"product_brand":[3526],"product_cat":[73],"product_tag":[],"class_list":{"0":"post-6679","1":"product","2":"type-product","3":"status-publish","4":"has-post-thumbnail","6":"product_brand-pharmabol","7":"product_cat-ssteroides_orales","9":"first","10":"instock","11":"shipping-taxable","12":"purchasable","13":"product-type-simple"},"yoast_head":"<!-- This site is optimized with the Yoast SEO Premium plugin v24.4 (Yoast SEO v27.0) - https:\/\/yoast.com\/product\/yoast-seo-premium-wordpress\/ -->\n<title>METABOL, DIANABOL 60 COMPRESSE - Steroidi in linea<\/title>\n<meta name=\"description\" content=\"DIANABOL (Metandienone) aumenta il metabolismo proteico, la massa muscolare, forza e benessere, con azione orale rapida e possibile ritenzione idrica.\" \/>\n<meta name=\"robots\" content=\"index, follow, max-snippet:-1, max-image-preview:large, max-video-preview:-1\" \/>\n<link rel=\"canonical\" href=\"https:\/\/iberoid.com\/it\/product\/metaboldianabol-100-pastillas-pharmabol\/\" \/>\n<meta property=\"og:locale\" content=\"it_IT\" \/>\n<meta property=\"og:type\" content=\"article\" \/>\n<meta property=\"og:title\" content=\"METABOL, DIANABOL 60 COMPRESSE\" \/>\n<meta property=\"og:description\" content=\"DIANABOL (Metandienone) aumenta il metabolismo proteico, la massa muscolare, forza e benessere, con azione orale rapida e possibile ritenzione idrica.\" \/>\n<meta property=\"og:url\" content=\"https:\/\/iberoid.com\/it\/product\/metaboldianabol-100-pastillas-pharmabol\/\" \/>\n<meta property=\"og:site_name\" content=\"Steroidi in linea\" \/>\n<meta property=\"article:modified_time\" content=\"2026-02-24T09:45:22+00:00\" \/>\n<meta property=\"og:image\" content=\"https:\/\/iberoid.com\/wp-content\/uploads\/2021\/09\/MET.jpg?v=1699331189\" \/>\n\t<meta property=\"og:image:width\" content=\"1536\" \/>\n\t<meta property=\"og:image:height\" content=\"1291\" \/>\n\t<meta property=\"og:image:type\" content=\"image\/jpeg\" \/>\n<meta name=\"twitter:card\" content=\"summary_large_image\" \/>\n<meta name=\"twitter:label1\" content=\"Prezzo\" \/>\n\t<meta name=\"twitter:data1\" content=\"&euro;25.00\" \/>\n\t<meta name=\"twitter:label2\" content=\"Disponibilit\u00e0\" \/>\n\t<meta name=\"twitter:data2\" content=\"In stock\" \/>\n<script type=\"application\/ld+json\" class=\"yoast-schema-graph\">{\"@context\":\"https:\/\/schema.org\",\"@graph\":[{\"@type\":\"WebPage\",\"@id\":\"https:\/\/iberoid.com\/it\/product\/metaboldianabol-100-pastillas-pharmabol\/\",\"url\":\"https:\/\/iberoid.com\/it\/product\/metaboldianabol-100-pastillas-pharmabol\/\",\"name\":\"METABOL, DIANABOL 60 COMPRESSE - Steroidi in linea\",\"isPartOf\":{\"@id\":\"https:\/\/iberoid-shop.com\/#website\"},\"primaryImageOfPage\":{\"@id\":\"https:\/\/iberoid.com\/it\/product\/metaboldianabol-100-pastillas-pharmabol\/#primaryimage\"},\"image\":{\"@id\":\"https:\/\/iberoid.com\/it\/product\/metaboldianabol-100-pastillas-pharmabol\/#primaryimage\"},\"thumbnailUrl\":\"https:\/\/iberoid.com\/wp-content\/uploads\/2021\/09\/MET.jpg?v=1699331189\",\"datePublished\":\"2021-09-01T17:49:06+00:00\",\"dateModified\":\"2026-02-24T09:45:22+00:00\",\"description\":\"DIANABOL (Metandienone) aumenta il metabolismo proteico, la massa muscolare, forza e benessere, con azione orale rapida e possibile ritenzione idrica.\",\"breadcrumb\":{\"@id\":\"https:\/\/iberoid.com\/it\/product\/metaboldianabol-100-pastillas-pharmabol\/#breadcrumb\"},\"inLanguage\":\"it-IT\",\"potentialAction\":[{\"@type\":\"ReadAction\",\"target\":[[\"https:\/\/iberoid.com\/it\/product\/metaboldianabol-100-pastillas-pharmabol\/\"]]}]},{\"@type\":\"ImageObject\",\"inLanguage\":\"it-IT\",\"@id\":\"https:\/\/iberoid.com\/it\/product\/metaboldianabol-100-pastillas-pharmabol\/#primaryimage\",\"url\":\"https:\/\/iberoid.com\/wp-content\/uploads\/2021\/09\/MET.jpg?v=1699331189\",\"contentUrl\":\"https:\/\/iberoid.com\/wp-content\/uploads\/2021\/09\/MET.jpg?v=1699331189\",\"width\":1536,\"height\":1291},{\"@type\":\"BreadcrumbList\",\"@id\":\"https:\/\/iberoid.com\/it\/product\/metaboldianabol-100-pastillas-pharmabol\/#breadcrumb\",\"itemListElement\":[{\"@type\":\"ListItem\",\"position\":1,\"name\":\"Portada\",\"item\":\"https:\/\/iberoid.com\/it\/\"},{\"@type\":\"ListItem\",\"position\":2,\"name\":\"Negozio\",\"item\":\"https:\/\/iberoid.com\/it\/shop\/\"},{\"@type\":\"ListItem\",\"position\":3,\"name\":\"METABOL, DIANABOL 60 COMPRESSE\"}]},{\"@type\":\"WebSite\",\"@id\":\"https:\/\/iberoid-shop.com\/#website\",\"url\":\"https:\/\/iberoid-shop.com\/\",\"name\":\"Steroidi in linea\",\"description\":\"Acquista steroidi online oggi in Spagna e Portogallo. Abbiamo il miglior servizio clienti del settore e prodotti di altissima qualit\u00e0\",\"potentialAction\":[{\"@type\":\"SearchAction\",\"target\":{\"@type\":\"EntryPoint\",\"urlTemplate\":\"https:\/\/iberoid-shop.com\/?s={search_term_string}\"},\"query-input\":{\"@type\":\"PropertyValueSpecification\",\"valueRequired\":true,\"valueName\":\"search_term_string\"}}],\"inLanguage\":\"it-IT\"}]}<\/script>\n<meta property=\"product:brand\" content=\"Pharmabol\" \/>\n<meta property=\"product:price:amount\" content=\"25.00\" \/>\n<meta property=\"product:price:currency\" content=\"EUR\" \/>\n<meta property=\"og:availability\" content=\"instock\" \/>\n<meta property=\"product:availability\" content=\"instock\" \/>\n<meta property=\"product:condition\" content=\"new\" \/>\n<!-- \/ Yoast SEO Premium plugin. -->","yoast_head_json":{"title":"METABOL, DIANABOL 60 COMPRESSE - Steroidi in linea","description":"DIANABOL (Metandienone) aumenta il metabolismo proteico, la massa muscolare, forza e benessere, con azione orale rapida e possibile ritenzione idrica.","robots":{"index":"index","follow":"follow","max-snippet":"max-snippet:-1","max-image-preview":"max-image-preview:large","max-video-preview":"max-video-preview:-1"},"canonical":"https:\/\/iberoid.com\/it\/product\/metaboldianabol-100-pastillas-pharmabol\/","og_locale":"it_IT","og_type":"article","og_title":"METABOL, DIANABOL 60 COMPRESSE","og_description":"DIANABOL (Metandienone) aumenta il metabolismo proteico, la massa muscolare, forza e benessere, con azione orale rapida e possibile ritenzione idrica.","og_url":"https:\/\/iberoid.com\/it\/product\/metaboldianabol-100-pastillas-pharmabol\/","og_site_name":"Steroidi in linea","article_modified_time":"2026-02-24T09:45:22+00:00","og_image":[{"width":1536,"height":1291,"url":"https:\/\/iberoid.com\/wp-content\/uploads\/2021\/09\/MET.jpg?v=1699331189","type":"image\/jpeg"}],"twitter_card":"summary_large_image","twitter_misc":{"Prezzo":"&euro;25.00","Disponibilit\u00e0":"In stock"},"schema":{"@context":"https:\/\/schema.org","@graph":[{"@type":"WebPage","@id":"https:\/\/iberoid.com\/it\/product\/metaboldianabol-100-pastillas-pharmabol\/","url":"https:\/\/iberoid.com\/it\/product\/metaboldianabol-100-pastillas-pharmabol\/","name":"METABOL, DIANABOL 60 COMPRESSE - Steroidi in linea","isPartOf":{"@id":"https:\/\/iberoid-shop.com\/#website"},"primaryImageOfPage":{"@id":"https:\/\/iberoid.com\/it\/product\/metaboldianabol-100-pastillas-pharmabol\/#primaryimage"},"image":{"@id":"https:\/\/iberoid.com\/it\/product\/metaboldianabol-100-pastillas-pharmabol\/#primaryimage"},"thumbnailUrl":"https:\/\/iberoid.com\/wp-content\/uploads\/2021\/09\/MET.jpg?v=1699331189","datePublished":"2021-09-01T17:49:06+00:00","dateModified":"2026-02-24T09:45:22+00:00","description":"DIANABOL (Metandienone) aumenta il metabolismo proteico, la massa muscolare, forza e benessere, con azione orale rapida e possibile ritenzione idrica.","breadcrumb":{"@id":"https:\/\/iberoid.com\/it\/product\/metaboldianabol-100-pastillas-pharmabol\/#breadcrumb"},"inLanguage":"it-IT","potentialAction":[{"@type":"ReadAction","target":[["https:\/\/iberoid.com\/it\/product\/metaboldianabol-100-pastillas-pharmabol\/"]]}]},{"@type":"ImageObject","inLanguage":"it-IT","@id":"https:\/\/iberoid.com\/it\/product\/metaboldianabol-100-pastillas-pharmabol\/#primaryimage","url":"https:\/\/iberoid.com\/wp-content\/uploads\/2021\/09\/MET.jpg?v=1699331189","contentUrl":"https:\/\/iberoid.com\/wp-content\/uploads\/2021\/09\/MET.jpg?v=1699331189","width":1536,"height":1291},{"@type":"BreadcrumbList","@id":"https:\/\/iberoid.com\/it\/product\/metaboldianabol-100-pastillas-pharmabol\/#breadcrumb","itemListElement":[{"@type":"ListItem","position":1,"name":"Portada","item":"https:\/\/iberoid.com\/it\/"},{"@type":"ListItem","position":2,"name":"Negozio","item":"https:\/\/iberoid.com\/it\/shop\/"},{"@type":"ListItem","position":3,"name":"METABOL, DIANABOL 60 COMPRESSE"}]},{"@type":"WebSite","@id":"https:\/\/iberoid-shop.com\/#website","url":"https:\/\/iberoid-shop.com\/","name":"Steroidi in linea","description":"Acquista steroidi online oggi in Spagna e Portogallo. Abbiamo il miglior servizio clienti del settore e prodotti di altissima qualit\u00e0","potentialAction":[{"@type":"SearchAction","target":{"@type":"EntryPoint","urlTemplate":"https:\/\/iberoid-shop.com\/?s={search_term_string}"},"query-input":{"@type":"PropertyValueSpecification","valueRequired":true,"valueName":"search_term_string"}}],"inLanguage":"it-IT"}]},"product_brand":"Pharmabol","product_price_amount":"25.00","product_price_currency":"EUR","og_availability":"instock","product_availability":"instock","product_condition":"new"},"_links":{"self":[{"href":"https:\/\/iberoid.com\/it\/wp-json\/wp\/v2\/product\/6679","targetHints":{"allow":["GET"]}}],"collection":[{"href":"https:\/\/iberoid.com\/it\/wp-json\/wp\/v2\/product"}],"about":[{"href":"https:\/\/iberoid.com\/it\/wp-json\/wp\/v2\/types\/product"}],"replies":[{"embeddable":true,"href":"https:\/\/iberoid.com\/it\/wp-json\/wp\/v2\/comments?post=6679"}],"wp:featuredmedia":[{"embeddable":true,"href":"https:\/\/iberoid.com\/it\/wp-json\/wp\/v2\/media\/6680"}],"wp:attachment":[{"href":"https:\/\/iberoid.com\/it\/wp-json\/wp\/v2\/media?parent=6679"}],"wp:term":[{"taxonomy":"product_brand","embeddable":true,"href":"https:\/\/iberoid.com\/it\/wp-json\/wp\/v2\/product_brand?post=6679"},{"taxonomy":"product_cat","embeddable":true,"href":"https:\/\/iberoid.com\/it\/wp-json\/wp\/v2\/product_cat?post=6679"},{"taxonomy":"product_tag","embeddable":true,"href":"https:\/\/iberoid.com\/it\/wp-json\/wp\/v2\/product_tag?post=6679"}],"curies":[{"name":"wp","href":"https:\/\/api.w.org\/{rel}","templated":true}]}}