{"id":6756,"date":"2021-09-19T13:22:46","date_gmt":"2021-09-19T13:22:46","guid":{"rendered":"https:\/\/iberoid.com\/?post_type=product&#038;p=6756"},"modified":"2026-01-25T14:58:42","modified_gmt":"2026-01-25T14:58:42","slug":"pack-3-cajas-humatrope72uix3-216ui","status":"publish","type":"product","link":"https:\/\/iberoid.com\/it\/product\/pack-3-cajas-humatrope72uix3-216ui\/","title":{"rendered":"PACK3 HUMATROPE\/72IU\/24mg"},"content":{"rendered":"<p>HUMATROPE \u00e8 indicato per il trattamento di pazienti pediatrici con:<br \/>\n\u2022 fallimento della crescita dovuto alla secrezione inadeguata dell&#8217;ormone della crescita endogeno (GH),<br \/>\n\u2022 bassa statura associata alla sindrome di Turner,<br \/>\n\u2022 Bassa statura idiopatica (ISS), punteggio di deviazione standard dell&#8217;altezza (SDS) &lt;-2,25 e associato a tassi di crescita che difficilmente consentono il raggiungimento dell&#8217;altezza dell&#8217;adulto nell&#8217;intervallo normale,<br \/>\n\u2022 bassa statura o deficit di crescita nel deficit del gene contenente omeobox (SHOX) di bassa statura,<br \/>\n\u2022 bassa statura nati piccoli per l&#8217;et\u00e0 gestazionale (SGA) senza crescita di recupero da 2 anni a 4 anni di et\u00e0.<br \/>\n1.2 Pazienti adulti<br \/>\nHUMATROPE \u00e8 indicato per la sostituzione del GH endogeno negli adulti con deficit di GH.<br \/>\n2 DOSAGGIO E SOMMINISTRAZIONE<br \/>\n2.1 Istruzioni per l&#8217;amministrazione e l&#8217;uso<br \/>\n\u2022 La terapia con HUMATROPE deve essere supervisionata da un medico esperto nella diagnosi e nella gestione di pazienti con le condizioni per le quali \u00e8 indicato HUMATROPE [vedere Indicazioni e utilizzo<br \/>\n(1)].<br \/>\n\u2022 L&#8217;esame fondoscopico deve essere eseguito di routine prima di iniziare il trattamento con HUMATROPE per escludere il papilledema preesistente e successivamente periodicamente [vedere Avvertenze e precauzioni (5.5)].<br \/>\n\u2022 Lasciare HUMATROPE a temperatura ambiente per 10 minuti prima della somministrazione.<br \/>\n\u2022 Somministrare HUMATROPE per iniezione sottocutanea nella parte posteriore della parte superiore del braccio, addome, gluteo o coscia con rotazione regolare dei siti di iniezione per evitare la lipoatrofia.<br \/>\n2.2 Dosaggio pediatrico<br \/>\n\u2022 Individualizzare il dosaggio per ogni paziente in base alla risposta di crescita.<br \/>\n\u2022 Dividere il dosaggio settimanale calcolato di HUMATROPE in dosi uguali date 6 o 7 giorni alla settimana.<br \/>\n\u2022 La dose settimanale raccomandata in milligrammi (mg) per chilogrammo (kg) di peso corporeo per i pazienti pediatrici \u00e8:<br \/>\no Deficit pediatrico di GH: da 0,18 mg\/kg\/settimana a 0,3 mg\/kg\/settimana (da 0,026 a 0,043 mg\/kg\/giorno)<br \/>\no Sindrome di Turner: fino a 0,375 mg\/kg\/settimana (fino a 0,054 mg\/kg\/giorno)<br \/>\no Bassa statura idiopatica: fino a 0,37 mg\/kg\/settimana (fino a 0,053 mg\/kg\/giorno)<br \/>\no Carenza di SHOX: 0,35 mg\/kg\/settimana (0,05 mg\/kg\/giorno)<br \/>\no Piccolo per l&#8217;et\u00e0 gestazionale (SGA): fino a 0,47 mg\/kg\/settimana (fino a 0,067 mg\/kg\/giorno)<br \/>\n\uf0a7 Nei pazienti pediatrici di statura molto bassa, altezza SDS inferiore a -3, e nei pazienti pediatrici pi\u00f9 anziani in et\u00e0 puberale considerare di iniziare il trattamento con una dose maggiore di HUMATROPE (fino a 0,067 mg\/kg\/die). Considerare una riduzione graduale del dosaggio se si osserva una crescita sostanziale del recupero durante i primi anni di terapia. Nei pazienti pediatrici di et\u00e0 inferiore a 4 anni con bassa statura meno grave, valori SDS di altezza al basale compresi tra -2 e -3, considerare di iniziare il trattamento a 0,033 mg\/kg\/die e titolare la dose secondo necessit\u00e0.<br \/>\n\u2022 Valutare la compliance e valutare altre cause di scarsa crescita come ipotiroidismo, malnutrizione, et\u00e0 ossea avanzata e anticorpi contro il GH umano ricombinante se i pazienti non riescono ad aumentare la velocit\u00e0 di statura, in particolare durante il primo anno di trattamento.<br \/>\n\u2022 Interrompere HUMATROPE per la stimolazione della crescita lineare una volta avvenuta la fusione epifisaria<br \/>\n2.3 Dosaggio per adulti<br \/>\n\u2022 Pazienti che sono stati trattati con somatropina per deficit di GH durante l&#8217;infanzia e le cui epifisi sono chiuse<br \/>\ndovrebbe essere rivalutato prima di continuare la somatropina per gli adulti con deficit di GH.<br \/>\n\u2022 Considerare l&#8217;utilizzo di una dose iniziale pi\u00f9 bassa e incrementi di dose inferiori per i pazienti geriatrici poich\u00e9 potrebbero essere a maggior rischio di reazioni avverse con HUMATROPE rispetto agli individui pi\u00f9 giovani<br \/>\n\u2022 Le donne possono richiedere dosi pi\u00f9 elevate e i pazienti che ricevono estrogeni per via orale possono richiedere dosi pi\u00f9 elevate<br \/>\n\u2022 Somministrare la dose prescritta giornalmente.<br \/>\n\u2022 \u00c8 possibile utilizzare uno dei due regimi di dosaggio di HUMATROPE:<br \/>\no Non basato sul peso:<br \/>\n\uf0a7 Avviare HUMATROPE con una dose di circa 0,2 mg\/die (intervallo da 0,15 mg\/die a 0,3 mg\/die) e aumentare la dose ogni 1-2 mesi con incrementi da circa 0,1 mg\/die a 0,2 mg\/die, secondo esigenze individuali del paziente in base alla risposta clinica e alle concentrazioni sieriche del fattore di crescita insulino-simile 1 (IGF-1).<br \/>\nUtilizzare la risposta clinica del paziente, le reazioni avverse e la determinazione delle concentrazioni sieriche di IGF-1 aggiustate per et\u00e0 e sesso come guida per la titolazione della dose.<br \/>\n4<br \/>\n\uf0a7 I dosaggi di mantenimento variano considerevolmente da persona a persona e tra pazienti di sesso maschile e femminile.<br \/>\no In base al peso:<br \/>\nAvviare HUMATROPE a 0,006 mg\/kg al giorno e aumentare la dose in base alle esigenze del singolo paziente fino a un massimo di 0,0125 mg\/kg al giorno.<br \/>\nUtilizzare la risposta clinica del paziente, le reazioni avverse e la determinazione delle concentrazioni sieriche di IGF-1 aggiustate per et\u00e0 e sesso come guida per la titolazione della dose.<br \/>\n\uf0a7 I dosaggi di mantenimento variano considerevolmente da persona a persona e tra pazienti di sesso maschile e femminile<br \/>\n\uf0a7 Non raccomandato per i pazienti obesi in quanto \u00e8 pi\u00f9 probabile che si verifichino reazioni avverse con questo regime.<\/p>","protected":false},"excerpt":{"rendered":"<p>HUMATROPE \u00e8 indicato per il trattamento di pazienti pediatrici con: \u2022 fallimento della crescita dovuto alla secrezione inadeguata dell&#8217;ormone della<\/p>\n","protected":false},"featured_media":5411,"comment_status":"open","ping_status":"closed","template":"","meta":[],"product_brand":[],"product_cat":[76,3474],"product_tag":[],"class_list":{"0":"post-6756","1":"product","2":"type-product","3":"status-publish","4":"has-post-thumbnail","6":"product_cat-hgh_peptido","7":"product_cat-packs","9":"first","10":"outofstock","11":"sale","12":"shipping-taxable","13":"purchasable","14":"product-type-simple"},"yoast_head":"<!-- This site is optimized with the Yoast SEO Premium plugin v24.4 (Yoast SEO v27.3) - https:\/\/yoast.com\/product\/yoast-seo-premium-wordpress\/ -->\n<title>PACK3 HUMATROPE\/72IU\/24mg - Steroidi in linea<\/title>\n<meta name=\"description\" content=\"HUMATROPE \u00e8 una terapia ormonale per la crescita per bambini e adulti con deficit di crescita e bassa statura.\" \/>\n<meta name=\"robots\" content=\"index, follow, max-snippet:-1, max-image-preview:large, max-video-preview:-1\" \/>\n<link rel=\"canonical\" href=\"https:\/\/iberoid.com\/it\/product\/pack-3-cajas-humatrope72uix3-216ui\/\" \/>\n<meta property=\"og:locale\" content=\"it_IT\" \/>\n<meta property=\"og:type\" content=\"article\" \/>\n<meta property=\"og:title\" content=\"PACK3 HUMATROPE\/72IU\/24mg\" \/>\n<meta property=\"og:description\" content=\"HUMATROPE \u00e8 una terapia ormonale per la crescita per bambini e adulti con deficit di crescita e bassa statura.\" \/>\n<meta property=\"og:url\" content=\"https:\/\/iberoid.com\/it\/product\/pack-3-cajas-humatrope72uix3-216ui\/\" \/>\n<meta property=\"og:site_name\" content=\"Steroidi in linea\" \/>\n<meta property=\"article:modified_time\" content=\"2026-01-25T14:58:42+00:00\" \/>\n<meta property=\"og:image\" content=\"https:\/\/iberoid.com\/wp-content\/uploads\/2020\/10\/humatrope2-768x768-2.jpg?v=1702425761\" \/>\n\t<meta property=\"og:image:width\" content=\"768\" \/>\n\t<meta property=\"og:image:height\" content=\"768\" \/>\n\t<meta property=\"og:image:type\" content=\"image\/jpeg\" \/>\n<meta name=\"twitter:card\" content=\"summary_large_image\" \/>\n<meta name=\"twitter:label1\" content=\"Prezzo\" \/>\n\t<meta name=\"twitter:data1\" content=\"&euro;450.00\" \/>\n\t<meta name=\"twitter:label2\" content=\"Disponibilit\u00e0\" \/>\n\t<meta name=\"twitter:data2\" content=\"Esaurito\" \/>\n<script type=\"application\/ld+json\" class=\"yoast-schema-graph\">{\"@context\":\"https:\\\/\\\/schema.org\",\"@graph\":[{\"@type\":\"WebPage\",\"@id\":\"https:\\\/\\\/iberoid.com\\\/it\\\/product\\\/pack-3-cajas-humatrope72uix3-216ui\\\/\",\"url\":\"https:\\\/\\\/iberoid.com\\\/it\\\/product\\\/pack-3-cajas-humatrope72uix3-216ui\\\/\",\"name\":\"PACK3 HUMATROPE\\\/72IU\\\/24mg - Steroidi in linea\",\"isPartOf\":{\"@id\":\"https:\\\/\\\/iberoid.com\\\/it\\\/#website\"},\"primaryImageOfPage\":{\"@id\":\"https:\\\/\\\/iberoid.com\\\/it\\\/product\\\/pack-3-cajas-humatrope72uix3-216ui\\\/#primaryimage\"},\"image\":{\"@id\":\"https:\\\/\\\/iberoid.com\\\/it\\\/product\\\/pack-3-cajas-humatrope72uix3-216ui\\\/#primaryimage\"},\"thumbnailUrl\":\"https:\\\/\\\/iberoid.com\\\/wp-content\\\/uploads\\\/2020\\\/10\\\/humatrope2-768x768-2.jpg?v=1702425761\",\"datePublished\":\"2021-09-19T13:22:46+00:00\",\"dateModified\":\"2026-01-25T14:58:42+00:00\",\"description\":\"HUMATROPE \u00e8 una terapia ormonale per la crescita per bambini e adulti con deficit di crescita e bassa statura.\",\"breadcrumb\":{\"@id\":\"https:\\\/\\\/iberoid.com\\\/it\\\/product\\\/pack-3-cajas-humatrope72uix3-216ui\\\/#breadcrumb\"},\"inLanguage\":\"it-IT\",\"potentialAction\":[{\"@type\":\"ReadAction\",\"target\":[[\"https:\\\/\\\/iberoid.com\\\/it\\\/product\\\/pack-3-cajas-humatrope72uix3-216ui\\\/\"]]}]},{\"@type\":\"ImageObject\",\"inLanguage\":\"it-IT\",\"@id\":\"https:\\\/\\\/iberoid.com\\\/it\\\/product\\\/pack-3-cajas-humatrope72uix3-216ui\\\/#primaryimage\",\"url\":\"https:\\\/\\\/iberoid.com\\\/wp-content\\\/uploads\\\/2020\\\/10\\\/humatrope2-768x768-2.jpg?v=1702425761\",\"contentUrl\":\"https:\\\/\\\/iberoid.com\\\/wp-content\\\/uploads\\\/2020\\\/10\\\/humatrope2-768x768-2.jpg?v=1702425761\",\"width\":768,\"height\":768},{\"@type\":\"BreadcrumbList\",\"@id\":\"https:\\\/\\\/iberoid.com\\\/it\\\/product\\\/pack-3-cajas-humatrope72uix3-216ui\\\/#breadcrumb\",\"itemListElement\":[{\"@type\":\"ListItem\",\"position\":1,\"name\":\"Portada\",\"item\":\"https:\\\/\\\/iberoid.com\\\/it\\\/\"},{\"@type\":\"ListItem\",\"position\":2,\"name\":\"Negozio\",\"item\":\"https:\\\/\\\/iberoid.com\\\/it\\\/shop\\\/\"},{\"@type\":\"ListItem\",\"position\":3,\"name\":\"PACK3 HUMATROPE\\\/72IU\\\/24mg\"}]},{\"@type\":\"WebSite\",\"@id\":\"https:\\\/\\\/iberoid.com\\\/it\\\/#website\",\"url\":\"https:\\\/\\\/iberoid.com\\\/it\\\/\",\"name\":\"Steroidi in linea\",\"description\":\"Acquista steroidi online oggi in Spagna e Portogallo. Abbiamo il miglior servizio clienti del settore e prodotti di altissima qualit\u00e0\",\"potentialAction\":[{\"@type\":\"SearchAction\",\"target\":{\"@type\":\"EntryPoint\",\"urlTemplate\":\"https:\\\/\\\/iberoid.com\\\/it\\\/?s={search_term_string}\"},\"query-input\":{\"@type\":\"PropertyValueSpecification\",\"valueRequired\":true,\"valueName\":\"search_term_string\"}}],\"inLanguage\":\"it-IT\"}]}<\/script>\n<meta property=\"product:brand\" content=\"Lilly\" \/>\n<meta property=\"product:price:amount\" content=\"450.00\" \/>\n<meta property=\"product:price:currency\" content=\"EUR\" \/>\n<meta property=\"og:availability\" content=\"out of stock\" \/>\n<meta property=\"product:availability\" content=\"out of stock\" \/>\n<meta property=\"product:condition\" content=\"new\" \/>\n<!-- \/ Yoast SEO Premium plugin. -->","yoast_head_json":{"title":"PACK3 HUMATROPE\/72IU\/24mg - Steroidi in linea","description":"HUMATROPE \u00e8 una terapia ormonale per la crescita per bambini e adulti con deficit di crescita e bassa statura.","robots":{"index":"index","follow":"follow","max-snippet":"max-snippet:-1","max-image-preview":"max-image-preview:large","max-video-preview":"max-video-preview:-1"},"canonical":"https:\/\/iberoid.com\/it\/product\/pack-3-cajas-humatrope72uix3-216ui\/","og_locale":"it_IT","og_type":"article","og_title":"PACK3 HUMATROPE\/72IU\/24mg","og_description":"HUMATROPE \u00e8 una terapia ormonale per la crescita per bambini e adulti con deficit di crescita e bassa statura.","og_url":"https:\/\/iberoid.com\/it\/product\/pack-3-cajas-humatrope72uix3-216ui\/","og_site_name":"Steroidi in linea","article_modified_time":"2026-01-25T14:58:42+00:00","og_image":[{"width":768,"height":768,"url":"https:\/\/iberoid.com\/wp-content\/uploads\/2020\/10\/humatrope2-768x768-2.jpg?v=1702425761","type":"image\/jpeg"}],"twitter_card":"summary_large_image","twitter_misc":{"Prezzo":"&euro;450.00","Disponibilit\u00e0":"Esaurito"},"schema":{"@context":"https:\/\/schema.org","@graph":[{"@type":"WebPage","@id":"https:\/\/iberoid.com\/it\/product\/pack-3-cajas-humatrope72uix3-216ui\/","url":"https:\/\/iberoid.com\/it\/product\/pack-3-cajas-humatrope72uix3-216ui\/","name":"PACK3 HUMATROPE\/72IU\/24mg - Steroidi in linea","isPartOf":{"@id":"https:\/\/iberoid.com\/it\/#website"},"primaryImageOfPage":{"@id":"https:\/\/iberoid.com\/it\/product\/pack-3-cajas-humatrope72uix3-216ui\/#primaryimage"},"image":{"@id":"https:\/\/iberoid.com\/it\/product\/pack-3-cajas-humatrope72uix3-216ui\/#primaryimage"},"thumbnailUrl":"https:\/\/iberoid.com\/wp-content\/uploads\/2020\/10\/humatrope2-768x768-2.jpg?v=1702425761","datePublished":"2021-09-19T13:22:46+00:00","dateModified":"2026-01-25T14:58:42+00:00","description":"HUMATROPE \u00e8 una terapia ormonale per la crescita per bambini e adulti con deficit di crescita e bassa statura.","breadcrumb":{"@id":"https:\/\/iberoid.com\/it\/product\/pack-3-cajas-humatrope72uix3-216ui\/#breadcrumb"},"inLanguage":"it-IT","potentialAction":[{"@type":"ReadAction","target":[["https:\/\/iberoid.com\/it\/product\/pack-3-cajas-humatrope72uix3-216ui\/"]]}]},{"@type":"ImageObject","inLanguage":"it-IT","@id":"https:\/\/iberoid.com\/it\/product\/pack-3-cajas-humatrope72uix3-216ui\/#primaryimage","url":"https:\/\/iberoid.com\/wp-content\/uploads\/2020\/10\/humatrope2-768x768-2.jpg?v=1702425761","contentUrl":"https:\/\/iberoid.com\/wp-content\/uploads\/2020\/10\/humatrope2-768x768-2.jpg?v=1702425761","width":768,"height":768},{"@type":"BreadcrumbList","@id":"https:\/\/iberoid.com\/it\/product\/pack-3-cajas-humatrope72uix3-216ui\/#breadcrumb","itemListElement":[{"@type":"ListItem","position":1,"name":"Portada","item":"https:\/\/iberoid.com\/it\/"},{"@type":"ListItem","position":2,"name":"Negozio","item":"https:\/\/iberoid.com\/it\/shop\/"},{"@type":"ListItem","position":3,"name":"PACK3 HUMATROPE\/72IU\/24mg"}]},{"@type":"WebSite","@id":"https:\/\/iberoid.com\/it\/#website","url":"https:\/\/iberoid.com\/it\/","name":"Steroidi in linea","description":"Acquista steroidi online oggi in Spagna e Portogallo. Abbiamo il miglior servizio clienti del settore e prodotti di altissima qualit\u00e0","potentialAction":[{"@type":"SearchAction","target":{"@type":"EntryPoint","urlTemplate":"https:\/\/iberoid.com\/it\/?s={search_term_string}"},"query-input":{"@type":"PropertyValueSpecification","valueRequired":true,"valueName":"search_term_string"}}],"inLanguage":"it-IT"}]},"product_brand":"Lilly","product_price_amount":"450.00","product_price_currency":"EUR","og_availability":"out of stock","product_availability":"out of stock","product_condition":"new"},"_links":{"self":[{"href":"https:\/\/iberoid.com\/it\/wp-json\/wp\/v2\/product\/6756","targetHints":{"allow":["GET"]}}],"collection":[{"href":"https:\/\/iberoid.com\/it\/wp-json\/wp\/v2\/product"}],"about":[{"href":"https:\/\/iberoid.com\/it\/wp-json\/wp\/v2\/types\/product"}],"replies":[{"embeddable":true,"href":"https:\/\/iberoid.com\/it\/wp-json\/wp\/v2\/comments?post=6756"}],"wp:featuredmedia":[{"embeddable":true,"href":"https:\/\/iberoid.com\/it\/wp-json\/wp\/v2\/media\/5411"}],"wp:attachment":[{"href":"https:\/\/iberoid.com\/it\/wp-json\/wp\/v2\/media?parent=6756"}],"wp:term":[{"taxonomy":"product_brand","embeddable":true,"href":"https:\/\/iberoid.com\/it\/wp-json\/wp\/v2\/product_brand?post=6756"},{"taxonomy":"product_cat","embeddable":true,"href":"https:\/\/iberoid.com\/it\/wp-json\/wp\/v2\/product_cat?post=6756"},{"taxonomy":"product_tag","embeddable":true,"href":"https:\/\/iberoid.com\/it\/wp-json\/wp\/v2\/product_tag?post=6756"}],"curies":[{"name":"wp","href":"https:\/\/api.w.org\/{rel}","templated":true}]}}