{"id":6980,"date":"2021-12-03T12:44:41","date_gmt":"2021-12-03T12:44:41","guid":{"rendered":"https:\/\/iberoid.com\/?post_type=product&#038;p=6980"},"modified":"2024-03-24T18:22:22","modified_gmt":"2024-03-24T18:22:22","slug":"provitech","status":"publish","type":"product","link":"https:\/\/iberoid.com\/it\/product\/provitech\/","title":{"rendered":"PACK3 PROVITECH\/PROVIRON\/BIOTECH"},"content":{"rendered":"<p>PACK 3 CAJAS PROVIRON 3 X100 PASTILLAS-TOTAL 300 PASTILLAS- 25 MG<\/p>\n<p>Proviron (mesterolone) \u00e8 fondamentalmente un preparato DHT (Diidrotestosterone) attivo per via orale. Per confronto, possiamo pensare ad altri composti DHT preparati per via orale come Winstrol e Anavar. Entrambi agiscono in modo molto simile nel meccanismo a Proviron, ma un modo pi\u00f9 accurato per pensare a questo composto \u00e8 qualcosa come &#8220;Oral Masteron&#8221;. Come sicuramente avrai notato, il loro rapporto anabolico\/androgeno \u00e8 molto simile. Ricorda, il DHT \u00e8 da 3 a 4 volte pi\u00f9 androgeno del testosterone ed \u00e8, ovviamente, incapace di formare estrogeni. Inoltre, Proviron \u00e8 piuttosto unico in quanto un semplice sguardo alla sua struttura a 4 anelli ci mostrer\u00e0 che non sar\u00e0 troppo tossico per il fegato, poich\u00e9 non \u00e8 c17-Alfa-alchilato, come lo sono molti orali e questa modifica (manca in Proviron) rende i farmaci pi\u00f9 tossici per il fegato. Proviron ha invece aggiunto un gruppo da 1 metile. Sembra abbastanza grande sulla carta, giusto? Ebbene, come al solito, le cose tendono ad apparire meglio sulla carta che sul corpo. Il tuo corpo ha un ciclo di feedback negativo che impedisce al tuo corpo di avere troppo DHT in giro (se hai prestato attenzione fino ad ora leggendo le mie altre cose, lo sai gi\u00e0). Un eccesso di DHT verr\u00e0 eventualmente trasformato in un altro composto (in gran parte non anabolizzante).<\/p>\n<p>E naturalmente, essendo un composto a base di DHT, Proviron non sar\u00e0 ottimo da usare per le atlete. La virilizzazione (sviluppo delle caratteristiche sessuali maschili) sar\u00e0 una preoccupazione per le donne abbastanza audaci da provare questa roba. Il mio consiglio \u00e8 che ci sono composti molto migliori e pi\u00f9 sicuri da usare per le atlete e i bodybuilder.<\/p>\n<p>Quindi torniamo al confronto con l&#8217;essere una sorta di &#8220;Masteron orale&#8221;, fondamentalmente poich\u00e9 il Proviron \u00e8 ridotto di 5-alfa e non \u00e8 in grado di formare estrogeni, e ha anche un&#8217;affinit\u00e0 molto alta per legarsi all&#8217;enzima aromatasi (l&#8217;enzima responsabile della conversione tutto quel buon testosterone nel tuo corpo in tutti quei cattivi estrogeni). Ci\u00f2 significa che se scegli di assumere proviron con testosterone (e so che non faresti nemmeno un ciclo senza includere una qualche forma di testosterone) e\/o qualsiasi steroide aromatizzabile, dovrebbe effettivamente servire a prevenire l&#8217;accumulo di estrogeni dal suddetto legame al enzima aromatasi, che impedisce all&#8217;aromatasi di fare il suo lavoro sporco e di produrre un mucchio di estrogeni dagli altri steroidi che stai assumendo. Va anche notato che Proviron si lega molto bene anche all&#8217;SHBG (Sex Hormone Binding Globulin: un ormone responsabile della riduzione della quantit\u00e0 di testosterone libero circolante nel corpo)(1). In effetti, nell&#8217;ultimo studio che ho letto, si legava all&#8217;SHBG meglio di qualsiasi altro farmaco studiato. Inoltre, vorrei notare che Proviron si lega al recettore anabolico meglio di qualsiasi anabolizzante orale (tranne il metiltrienolone follemente tossico), avendo una capacit\u00e0 di legarsi all&#8217;AR meglio del testosterone, ma non cos\u00ec bene come il nandrolone (1). Sfortunatamente, come sappiamo, il DHT ha anche un&#8217;elevata affinit\u00e0 per legarsi ai recettori del cuoio capelluto e della prostata, causando alcuni possibili effetti collaterali spiacevoli, come la calvizie maschile e l&#8217;allargamento della prostata. \u00c8 importante ricordare che i composti derivati \u200b\u200bdal DHT e dal DHT sono usati con successo per trattare la ginecomastia e, in quest&#8217;area, Proviron non \u00e8 diverso.<\/p>\n<p>Analizziamo alcuni dei punti positivi di questo farmaco prima di andare oltre. I recettori degli androgeni si trovano nelle cellule adipose e nelle cellule muscolari(5), e mentre agiscono sull&#8217;AR nelle cellule muscolari per promuovere la crescita, agiscono anche direttamente sull&#8217;AR nelle cellule adipose per influenzare la combustione dei grassi.(9)(3 ) Pi\u00f9 forte l&#8217;androgeno si lega all&#8217;AR, maggiore \u00e8 l&#8217;effetto lipolitico (brucia grassi) sul tessuto adiposo (grasso) (6)(2). Come se non fosse una buona notizia sufficiente, alcuni steroidi (in particolare il testosterone) aumentano persino il numero di A.R. nei muscoli e nel grasso (9)(7). Quindi, se stai assumendo una semplice pila di proviron e testosterone, avrai pi\u00f9 test che esegui come testosterone libero che fluttua attorno alla costruzione del muscolo (complimenti del Proviron), pi\u00f9 recettori degli androgeni a cui essere legato (complimenti del tuo testosterone ) dal tuo Proviron, causando cos\u00ec una maggiore perdita di grasso. Testosterone e Proviron sono una pila sinergica molto bella, quasi una pila &#8220;ideale&#8221; di un orale e iniettabile, perch\u00e9 entrambi i farmaci agiranno effettivamente per migliorare l&#8217;effetto dell&#8217;altro.<\/p>\n<p>Quindi quello che abbiamo qui \u00e8 uno steroide che pu\u00f2 sostanzialmente rendere altri steroidi pi\u00f9 efficaci prevenendo la loro conversione in estrogeni, oltre ad aumentare la quantit\u00e0 di testosterone libero circolante nel tuo corpo. Tutto questo ovviamente fornisce un aspetto pi\u00f9 indurito e di qualit\u00e0 ai muscoli. Proviron \u00e8 un farmaco &#8220;sinergico&#8221; in questo senso, e la sua inclusione in qualsiasi ciclo renderebbe sicuramente tutti gli altri steroidi pi\u00f9 performanti e fornirebbe migliori guadagni. Tutto ci\u00f2 \u00e8 aggravato dal fatto che il proviron \u00e8 un farmaco molto lipolitico (che brucia i grassi).<\/p>","protected":false},"excerpt":{"rendered":"<p>PACK 3 CAJAS PROVIRON 3 X100 PASTILLAS-TOTAL 300 PASTILLAS- 25 MG Proviron (mesterolone) \u00e8 fondamentalmente un preparato DHT (Diidrotestosterone) attivo<\/p>\n","protected":false},"featured_media":6774,"comment_status":"open","ping_status":"closed","template":"","meta":[],"product_brand":[],"product_cat":[73,3474],"product_tag":[],"class_list":{"0":"post-6980","1":"product","2":"type-product","3":"status-publish","4":"has-post-thumbnail","6":"product_cat-ssteroides_orales","7":"product_cat-packs","9":"first","10":"outofstock","11":"sale","12":"shipping-taxable","13":"purchasable","14":"product-type-simple"},"yoast_head":"<!-- This site is optimized with the Yoast SEO Premium plugin v24.4 (Yoast SEO v27.0) - https:\/\/yoast.com\/product\/yoast-seo-premium-wordpress\/ -->\n<title>PACK3 PROVITECH\/PROVIRON\/BIOTECH - Steroidi in linea<\/title>\n<meta name=\"robots\" content=\"index, follow, max-snippet:-1, max-image-preview:large, max-video-preview:-1\" \/>\n<link rel=\"canonical\" href=\"https:\/\/iberoid.com\/it\/product\/provitech\/\" \/>\n<meta property=\"og:locale\" content=\"it_IT\" \/>\n<meta property=\"og:type\" content=\"article\" \/>\n<meta property=\"og:title\" content=\"PACK3 PROVITECH\/PROVIRON\/BIOTECH\" \/>\n<meta property=\"og:description\" content=\"PACK 3 CAJAS PROVIRON 3 X100 PASTILLAS-TOTAL 300 PASTILLAS- 25 MG Proviron (mesterolone) \u00e8 fondamentalmente un preparato DHT (Diidrotestosterone) attivo\" \/>\n<meta property=\"og:url\" content=\"https:\/\/iberoid.com\/it\/product\/provitech\/\" \/>\n<meta property=\"og:site_name\" content=\"Steroidi in linea\" \/>\n<meta property=\"article:modified_time\" content=\"2024-03-24T18:22:22+00:00\" \/>\n<meta property=\"og:image\" content=\"https:\/\/iberoid.com\/wp-content\/uploads\/2021\/09\/provi.jpg?v=1699084095\" \/>\n\t<meta property=\"og:image:width\" content=\"768\" \/>\n\t<meta property=\"og:image:height\" content=\"1024\" \/>\n\t<meta property=\"og:image:type\" content=\"image\/jpeg\" \/>\n<meta name=\"twitter:card\" content=\"summary_large_image\" \/>\n<meta name=\"twitter:label1\" content=\"Prezzo\" \/>\n\t<meta name=\"twitter:data1\" content=\"&euro;55.00\" \/>\n\t<meta name=\"twitter:label2\" content=\"Disponibilit\u00e0\" \/>\n\t<meta name=\"twitter:data2\" content=\"Esaurito\" \/>\n<script type=\"application\/ld+json\" class=\"yoast-schema-graph\">{\"@context\":\"https:\/\/schema.org\",\"@graph\":[{\"@type\":\"WebPage\",\"@id\":\"https:\/\/iberoid.com\/it\/product\/provitech\/\",\"url\":\"https:\/\/iberoid.com\/it\/product\/provitech\/\",\"name\":\"PACK3 PROVITECH\/PROVIRON\/BIOTECH - Steroidi in linea\",\"isPartOf\":{\"@id\":\"https:\/\/iberoid.com\/it\/#website\"},\"primaryImageOfPage\":{\"@id\":\"https:\/\/iberoid.com\/it\/product\/provitech\/#primaryimage\"},\"image\":{\"@id\":\"https:\/\/iberoid.com\/it\/product\/provitech\/#primaryimage\"},\"thumbnailUrl\":\"https:\/\/iberoid.com\/wp-content\/uploads\/2021\/09\/provi.jpg?v=1699084095\",\"datePublished\":\"2021-12-03T12:44:41+00:00\",\"dateModified\":\"2024-03-24T18:22:22+00:00\",\"breadcrumb\":{\"@id\":\"https:\/\/iberoid.com\/it\/product\/provitech\/#breadcrumb\"},\"inLanguage\":\"it-IT\",\"potentialAction\":[{\"@type\":\"ReadAction\",\"target\":[[\"https:\/\/iberoid.com\/it\/product\/provitech\/\"]]}]},{\"@type\":\"ImageObject\",\"inLanguage\":\"it-IT\",\"@id\":\"https:\/\/iberoid.com\/it\/product\/provitech\/#primaryimage\",\"url\":\"https:\/\/iberoid.com\/wp-content\/uploads\/2021\/09\/provi.jpg?v=1699084095\",\"contentUrl\":\"https:\/\/iberoid.com\/wp-content\/uploads\/2021\/09\/provi.jpg?v=1699084095\",\"width\":768,\"height\":1024},{\"@type\":\"BreadcrumbList\",\"@id\":\"https:\/\/iberoid.com\/it\/product\/provitech\/#breadcrumb\",\"itemListElement\":[{\"@type\":\"ListItem\",\"position\":1,\"name\":\"Portada\",\"item\":\"https:\/\/iberoid.com\/it\/\"},{\"@type\":\"ListItem\",\"position\":2,\"name\":\"Negozio\",\"item\":\"https:\/\/iberoid.com\/it\/shop\/\"},{\"@type\":\"ListItem\",\"position\":3,\"name\":\"PACK3 PROVITECH\/PROVIRON\/BIOTECH\"}]},{\"@type\":\"WebSite\",\"@id\":\"https:\/\/iberoid.com\/it\/#website\",\"url\":\"https:\/\/iberoid.com\/it\/\",\"name\":\"Steroidi in linea\",\"description\":\"Acquista steroidi online oggi in Spagna e Portogallo. Abbiamo il miglior servizio clienti del settore e prodotti di altissima qualit\u00e0\",\"potentialAction\":[{\"@type\":\"SearchAction\",\"target\":{\"@type\":\"EntryPoint\",\"urlTemplate\":\"https:\/\/iberoid.com\/it\/?s={search_term_string}\"},\"query-input\":{\"@type\":\"PropertyValueSpecification\",\"valueRequired\":true,\"valueName\":\"search_term_string\"}}],\"inLanguage\":\"it-IT\"}]}<\/script>\n<meta property=\"product:brand\" content=\"Canada Biotech Peptides\" \/>\n<meta property=\"product:price:amount\" content=\"55.00\" \/>\n<meta property=\"product:price:currency\" content=\"EUR\" \/>\n<meta property=\"og:availability\" content=\"out of stock\" \/>\n<meta property=\"product:availability\" content=\"out of stock\" \/>\n<meta property=\"product:condition\" content=\"new\" \/>\n<!-- \/ Yoast SEO Premium plugin. -->","yoast_head_json":{"title":"PACK3 PROVITECH\/PROVIRON\/BIOTECH - Steroidi in linea","robots":{"index":"index","follow":"follow","max-snippet":"max-snippet:-1","max-image-preview":"max-image-preview:large","max-video-preview":"max-video-preview:-1"},"canonical":"https:\/\/iberoid.com\/it\/product\/provitech\/","og_locale":"it_IT","og_type":"article","og_title":"PACK3 PROVITECH\/PROVIRON\/BIOTECH","og_description":"PACK 3 CAJAS PROVIRON 3 X100 PASTILLAS-TOTAL 300 PASTILLAS- 25 MG Proviron (mesterolone) \u00e8 fondamentalmente un preparato DHT (Diidrotestosterone) attivo","og_url":"https:\/\/iberoid.com\/it\/product\/provitech\/","og_site_name":"Steroidi in linea","article_modified_time":"2024-03-24T18:22:22+00:00","og_image":[{"width":768,"height":1024,"url":"https:\/\/iberoid.com\/wp-content\/uploads\/2021\/09\/provi.jpg?v=1699084095","type":"image\/jpeg"}],"twitter_card":"summary_large_image","twitter_misc":{"Prezzo":"&euro;55.00","Disponibilit\u00e0":"Esaurito"},"schema":{"@context":"https:\/\/schema.org","@graph":[{"@type":"WebPage","@id":"https:\/\/iberoid.com\/it\/product\/provitech\/","url":"https:\/\/iberoid.com\/it\/product\/provitech\/","name":"PACK3 PROVITECH\/PROVIRON\/BIOTECH - Steroidi in linea","isPartOf":{"@id":"https:\/\/iberoid.com\/it\/#website"},"primaryImageOfPage":{"@id":"https:\/\/iberoid.com\/it\/product\/provitech\/#primaryimage"},"image":{"@id":"https:\/\/iberoid.com\/it\/product\/provitech\/#primaryimage"},"thumbnailUrl":"https:\/\/iberoid.com\/wp-content\/uploads\/2021\/09\/provi.jpg?v=1699084095","datePublished":"2021-12-03T12:44:41+00:00","dateModified":"2024-03-24T18:22:22+00:00","breadcrumb":{"@id":"https:\/\/iberoid.com\/it\/product\/provitech\/#breadcrumb"},"inLanguage":"it-IT","potentialAction":[{"@type":"ReadAction","target":[["https:\/\/iberoid.com\/it\/product\/provitech\/"]]}]},{"@type":"ImageObject","inLanguage":"it-IT","@id":"https:\/\/iberoid.com\/it\/product\/provitech\/#primaryimage","url":"https:\/\/iberoid.com\/wp-content\/uploads\/2021\/09\/provi.jpg?v=1699084095","contentUrl":"https:\/\/iberoid.com\/wp-content\/uploads\/2021\/09\/provi.jpg?v=1699084095","width":768,"height":1024},{"@type":"BreadcrumbList","@id":"https:\/\/iberoid.com\/it\/product\/provitech\/#breadcrumb","itemListElement":[{"@type":"ListItem","position":1,"name":"Portada","item":"https:\/\/iberoid.com\/it\/"},{"@type":"ListItem","position":2,"name":"Negozio","item":"https:\/\/iberoid.com\/it\/shop\/"},{"@type":"ListItem","position":3,"name":"PACK3 PROVITECH\/PROVIRON\/BIOTECH"}]},{"@type":"WebSite","@id":"https:\/\/iberoid.com\/it\/#website","url":"https:\/\/iberoid.com\/it\/","name":"Steroidi in linea","description":"Acquista steroidi online oggi in Spagna e Portogallo. Abbiamo il miglior servizio clienti del settore e prodotti di altissima qualit\u00e0","potentialAction":[{"@type":"SearchAction","target":{"@type":"EntryPoint","urlTemplate":"https:\/\/iberoid.com\/it\/?s={search_term_string}"},"query-input":{"@type":"PropertyValueSpecification","valueRequired":true,"valueName":"search_term_string"}}],"inLanguage":"it-IT"}]},"product_brand":"Canada Biotech Peptides","product_price_amount":"55.00","product_price_currency":"EUR","og_availability":"out of stock","product_availability":"out of stock","product_condition":"new"},"_links":{"self":[{"href":"https:\/\/iberoid.com\/it\/wp-json\/wp\/v2\/product\/6980","targetHints":{"allow":["GET"]}}],"collection":[{"href":"https:\/\/iberoid.com\/it\/wp-json\/wp\/v2\/product"}],"about":[{"href":"https:\/\/iberoid.com\/it\/wp-json\/wp\/v2\/types\/product"}],"replies":[{"embeddable":true,"href":"https:\/\/iberoid.com\/it\/wp-json\/wp\/v2\/comments?post=6980"}],"wp:featuredmedia":[{"embeddable":true,"href":"https:\/\/iberoid.com\/it\/wp-json\/wp\/v2\/media\/6774"}],"wp:attachment":[{"href":"https:\/\/iberoid.com\/it\/wp-json\/wp\/v2\/media?parent=6980"}],"wp:term":[{"taxonomy":"product_brand","embeddable":true,"href":"https:\/\/iberoid.com\/it\/wp-json\/wp\/v2\/product_brand?post=6980"},{"taxonomy":"product_cat","embeddable":true,"href":"https:\/\/iberoid.com\/it\/wp-json\/wp\/v2\/product_cat?post=6980"},{"taxonomy":"product_tag","embeddable":true,"href":"https:\/\/iberoid.com\/it\/wp-json\/wp\/v2\/product_tag?post=6980"}],"curies":[{"name":"wp","href":"https:\/\/api.w.org\/{rel}","templated":true}]}}