{"id":7080,"date":"2021-12-25T13:53:13","date_gmt":"2021-12-25T13:53:13","guid":{"rendered":"https:\/\/iberoid.com\/?post_type=product&#038;p=7080"},"modified":"2022-09-07T23:05:17","modified_gmt":"2022-09-07T23:05:17","slug":"pack3-androx-oxymetholone","status":"publish","type":"product","link":"https:\/\/iberoid.com\/it\/product\/pack3-androx-oxymetholone\/","title":{"rendered":"Androx 100tabs (10mg\/tab)"},"content":{"rendered":"<p>Sostanza:\u00a0Ossimetolone<br \/>\nConsegna:\u00a0100 compresse (1 compressa\/25 mg)<br \/>\nProduttore:\u00a0Biosira<br \/>\nDosaggio consigliato:\u00a050-200 mg al giorno<\/p>\n<p>Oxymetholone \u00e8 senza dubbio lo steroide anabolizzante pi\u00f9 potente e pi\u00f9 chiaramente efficace fino ad ora. Non solo agisce molto rapidamente, ma provoca un&#8217;esclusiva ondata di massa. I benefici fino a 10 pesi in 2 settimane non sono insoliti. Ci\u00f2 \u00e8 dovuto principalmente a un impatto androgeno medio-basso insieme a una maggiore azione anabolica mediata anche da sistemi non AR (meccanismi diversi dal recettore degli androgeni fondamentalmente eseguiti). Puoi supporre che gli aumenti creati con oxymetholone non siano i pi\u00f9 magri. Osserveresti un&#8217;estrema rimozione del muscolo a causa del grasso correlato agli estrogeni (lipolisi) e del gonfiore. Questa lipolisi si \u00e8 rivelata piuttosto estrema. Uno studio1 su chi soffre di dialisi dell&#8217;orlo a lungo termine ha rivelato al di l\u00e0 di ogni dubbio la parte che l&#8217;ossimetolone pu\u00f2 svolgere con conseguente iperlipedemia.<\/p>","protected":false},"excerpt":{"rendered":"<p>Sostanza:\u00a0Ossimetolone Consegna:\u00a0100 compresse (1 compressa\/25 mg) Produttore:\u00a0Biosira Dosaggio consigliato:\u00a050-200 mg al giorno Oxymetholone \u00e8 senza dubbio lo steroide anabolizzante pi\u00f9<\/p>\n","protected":false},"featured_media":6164,"comment_status":"open","ping_status":"closed","template":"","meta":[],"product_brand":[],"product_cat":[73],"product_tag":[],"class_list":{"0":"post-7080","1":"product","2":"type-product","3":"status-publish","4":"has-post-thumbnail","6":"product_cat-ssteroides_orales","8":"first","9":"outofstock","10":"sale","11":"shipping-taxable","12":"purchasable","13":"product-type-simple"},"yoast_head":"<!-- This site is optimized with the Yoast SEO Premium plugin v24.4 (Yoast SEO v27.0) - https:\/\/yoast.com\/product\/yoast-seo-premium-wordpress\/ -->\n<title>Androx 100tabs (10mg\/tab) - Steroidi in linea<\/title>\n<meta name=\"robots\" content=\"index, follow, max-snippet:-1, max-image-preview:large, max-video-preview:-1\" \/>\n<link rel=\"canonical\" href=\"https:\/\/iberoid.com\/it\/product\/pack3-androx-oxymetholone\/\" \/>\n<meta property=\"og:locale\" content=\"it_IT\" \/>\n<meta property=\"og:type\" content=\"article\" \/>\n<meta property=\"og:title\" content=\"Androx 100tabs (10mg\/tab)\" \/>\n<meta property=\"og:description\" content=\"Sostanza:\u00a0Ossimetolone Consegna:\u00a0100 compresse (1 compressa\/25 mg) Produttore:\u00a0Biosira Dosaggio consigliato:\u00a050-200 mg al giorno Oxymetholone \u00e8 senza dubbio lo steroide anabolizzante pi\u00f9\" \/>\n<meta property=\"og:url\" content=\"https:\/\/iberoid.com\/it\/product\/pack3-androx-oxymetholone\/\" \/>\n<meta property=\"og:site_name\" content=\"Steroidi in linea\" \/>\n<meta property=\"article:modified_time\" content=\"2022-09-07T23:05:17+00:00\" \/>\n<meta property=\"og:image\" content=\"https:\/\/iberoid.com\/wp-content\/uploads\/2021\/05\/Androx-Biosira.jpg?v=1678120001\" \/>\n\t<meta property=\"og:image:width\" content=\"1080\" \/>\n\t<meta property=\"og:image:height\" content=\"1440\" \/>\n\t<meta property=\"og:image:type\" content=\"image\/jpeg\" \/>\n<meta name=\"twitter:card\" content=\"summary_large_image\" \/>\n<meta name=\"twitter:label1\" content=\"Prezzo\" \/>\n\t<meta name=\"twitter:data1\" content=\"&euro;15.00\" \/>\n\t<meta name=\"twitter:label2\" content=\"Disponibilit\u00e0\" \/>\n\t<meta name=\"twitter:data2\" content=\"Esaurito\" \/>\n<script type=\"application\/ld+json\" class=\"yoast-schema-graph\">{\"@context\":\"https:\/\/schema.org\",\"@graph\":[{\"@type\":\"WebPage\",\"@id\":\"https:\/\/iberoid.com\/it\/product\/pack3-androx-oxymetholone\/\",\"url\":\"https:\/\/iberoid.com\/it\/product\/pack3-androx-oxymetholone\/\",\"name\":\"Androx 100tabs (10mg\/tab) - Steroidi in linea\",\"isPartOf\":{\"@id\":\"https:\/\/iberoid.com\/it\/#website\"},\"primaryImageOfPage\":{\"@id\":\"https:\/\/iberoid.com\/it\/product\/pack3-androx-oxymetholone\/#primaryimage\"},\"image\":{\"@id\":\"https:\/\/iberoid.com\/it\/product\/pack3-androx-oxymetholone\/#primaryimage\"},\"thumbnailUrl\":\"https:\/\/iberoid.com\/wp-content\/uploads\/2021\/05\/Androx-Biosira.jpg?v=1678120001\",\"datePublished\":\"2021-12-25T13:53:13+00:00\",\"dateModified\":\"2022-09-07T23:05:17+00:00\",\"breadcrumb\":{\"@id\":\"https:\/\/iberoid.com\/it\/product\/pack3-androx-oxymetholone\/#breadcrumb\"},\"inLanguage\":\"it-IT\",\"potentialAction\":[{\"@type\":\"ReadAction\",\"target\":[[\"https:\/\/iberoid.com\/it\/product\/pack3-androx-oxymetholone\/\"]]}]},{\"@type\":\"ImageObject\",\"inLanguage\":\"it-IT\",\"@id\":\"https:\/\/iberoid.com\/it\/product\/pack3-androx-oxymetholone\/#primaryimage\",\"url\":\"https:\/\/iberoid.com\/wp-content\/uploads\/2021\/05\/Androx-Biosira.jpg?v=1678120001\",\"contentUrl\":\"https:\/\/iberoid.com\/wp-content\/uploads\/2021\/05\/Androx-Biosira.jpg?v=1678120001\",\"width\":1080,\"height\":1440},{\"@type\":\"BreadcrumbList\",\"@id\":\"https:\/\/iberoid.com\/it\/product\/pack3-androx-oxymetholone\/#breadcrumb\",\"itemListElement\":[{\"@type\":\"ListItem\",\"position\":1,\"name\":\"Portada\",\"item\":\"https:\/\/iberoid.com\/it\/\"},{\"@type\":\"ListItem\",\"position\":2,\"name\":\"Negozio\",\"item\":\"https:\/\/iberoid.com\/it\/shop\/\"},{\"@type\":\"ListItem\",\"position\":3,\"name\":\"Androx 100tabs (10mg\/tab)\"}]},{\"@type\":\"WebSite\",\"@id\":\"https:\/\/iberoid.com\/it\/#website\",\"url\":\"https:\/\/iberoid.com\/it\/\",\"name\":\"Steroidi in linea\",\"description\":\"Acquista steroidi online oggi in Spagna e Portogallo. Abbiamo il miglior servizio clienti del settore e prodotti di altissima qualit\u00e0\",\"potentialAction\":[{\"@type\":\"SearchAction\",\"target\":{\"@type\":\"EntryPoint\",\"urlTemplate\":\"https:\/\/iberoid.com\/it\/?s={search_term_string}\"},\"query-input\":{\"@type\":\"PropertyValueSpecification\",\"valueRequired\":true,\"valueName\":\"search_term_string\"}}],\"inLanguage\":\"it-IT\"}]}<\/script>\n<meta property=\"product:brand\" content=\"Biosira Ltd\" \/>\n<meta property=\"product:price:amount\" content=\"15.00\" \/>\n<meta property=\"product:price:currency\" content=\"EUR\" \/>\n<meta property=\"og:availability\" content=\"out of stock\" \/>\n<meta property=\"product:availability\" content=\"out of stock\" \/>\n<meta property=\"product:condition\" content=\"new\" \/>\n<!-- \/ Yoast SEO Premium plugin. -->","yoast_head_json":{"title":"Androx 100tabs (10mg\/tab) - Steroidi in linea","robots":{"index":"index","follow":"follow","max-snippet":"max-snippet:-1","max-image-preview":"max-image-preview:large","max-video-preview":"max-video-preview:-1"},"canonical":"https:\/\/iberoid.com\/it\/product\/pack3-androx-oxymetholone\/","og_locale":"it_IT","og_type":"article","og_title":"Androx 100tabs (10mg\/tab)","og_description":"Sostanza:\u00a0Ossimetolone Consegna:\u00a0100 compresse (1 compressa\/25 mg) Produttore:\u00a0Biosira Dosaggio consigliato:\u00a050-200 mg al giorno Oxymetholone \u00e8 senza dubbio lo steroide anabolizzante pi\u00f9","og_url":"https:\/\/iberoid.com\/it\/product\/pack3-androx-oxymetholone\/","og_site_name":"Steroidi in linea","article_modified_time":"2022-09-07T23:05:17+00:00","og_image":[{"width":1080,"height":1440,"url":"https:\/\/iberoid.com\/wp-content\/uploads\/2021\/05\/Androx-Biosira.jpg?v=1678120001","type":"image\/jpeg"}],"twitter_card":"summary_large_image","twitter_misc":{"Prezzo":"&euro;15.00","Disponibilit\u00e0":"Esaurito"},"schema":{"@context":"https:\/\/schema.org","@graph":[{"@type":"WebPage","@id":"https:\/\/iberoid.com\/it\/product\/pack3-androx-oxymetholone\/","url":"https:\/\/iberoid.com\/it\/product\/pack3-androx-oxymetholone\/","name":"Androx 100tabs (10mg\/tab) - Steroidi in linea","isPartOf":{"@id":"https:\/\/iberoid.com\/it\/#website"},"primaryImageOfPage":{"@id":"https:\/\/iberoid.com\/it\/product\/pack3-androx-oxymetholone\/#primaryimage"},"image":{"@id":"https:\/\/iberoid.com\/it\/product\/pack3-androx-oxymetholone\/#primaryimage"},"thumbnailUrl":"https:\/\/iberoid.com\/wp-content\/uploads\/2021\/05\/Androx-Biosira.jpg?v=1678120001","datePublished":"2021-12-25T13:53:13+00:00","dateModified":"2022-09-07T23:05:17+00:00","breadcrumb":{"@id":"https:\/\/iberoid.com\/it\/product\/pack3-androx-oxymetholone\/#breadcrumb"},"inLanguage":"it-IT","potentialAction":[{"@type":"ReadAction","target":[["https:\/\/iberoid.com\/it\/product\/pack3-androx-oxymetholone\/"]]}]},{"@type":"ImageObject","inLanguage":"it-IT","@id":"https:\/\/iberoid.com\/it\/product\/pack3-androx-oxymetholone\/#primaryimage","url":"https:\/\/iberoid.com\/wp-content\/uploads\/2021\/05\/Androx-Biosira.jpg?v=1678120001","contentUrl":"https:\/\/iberoid.com\/wp-content\/uploads\/2021\/05\/Androx-Biosira.jpg?v=1678120001","width":1080,"height":1440},{"@type":"BreadcrumbList","@id":"https:\/\/iberoid.com\/it\/product\/pack3-androx-oxymetholone\/#breadcrumb","itemListElement":[{"@type":"ListItem","position":1,"name":"Portada","item":"https:\/\/iberoid.com\/it\/"},{"@type":"ListItem","position":2,"name":"Negozio","item":"https:\/\/iberoid.com\/it\/shop\/"},{"@type":"ListItem","position":3,"name":"Androx 100tabs (10mg\/tab)"}]},{"@type":"WebSite","@id":"https:\/\/iberoid.com\/it\/#website","url":"https:\/\/iberoid.com\/it\/","name":"Steroidi in linea","description":"Acquista steroidi online oggi in Spagna e Portogallo. Abbiamo il miglior servizio clienti del settore e prodotti di altissima qualit\u00e0","potentialAction":[{"@type":"SearchAction","target":{"@type":"EntryPoint","urlTemplate":"https:\/\/iberoid.com\/it\/?s={search_term_string}"},"query-input":{"@type":"PropertyValueSpecification","valueRequired":true,"valueName":"search_term_string"}}],"inLanguage":"it-IT"}]},"product_brand":"Biosira Ltd","product_price_amount":"15.00","product_price_currency":"EUR","og_availability":"out of stock","product_availability":"out of stock","product_condition":"new"},"_links":{"self":[{"href":"https:\/\/iberoid.com\/it\/wp-json\/wp\/v2\/product\/7080","targetHints":{"allow":["GET"]}}],"collection":[{"href":"https:\/\/iberoid.com\/it\/wp-json\/wp\/v2\/product"}],"about":[{"href":"https:\/\/iberoid.com\/it\/wp-json\/wp\/v2\/types\/product"}],"replies":[{"embeddable":true,"href":"https:\/\/iberoid.com\/it\/wp-json\/wp\/v2\/comments?post=7080"}],"wp:featuredmedia":[{"embeddable":true,"href":"https:\/\/iberoid.com\/it\/wp-json\/wp\/v2\/media\/6164"}],"wp:attachment":[{"href":"https:\/\/iberoid.com\/it\/wp-json\/wp\/v2\/media?parent=7080"}],"wp:term":[{"taxonomy":"product_brand","embeddable":true,"href":"https:\/\/iberoid.com\/it\/wp-json\/wp\/v2\/product_brand?post=7080"},{"taxonomy":"product_cat","embeddable":true,"href":"https:\/\/iberoid.com\/it\/wp-json\/wp\/v2\/product_cat?post=7080"},{"taxonomy":"product_tag","embeddable":true,"href":"https:\/\/iberoid.com\/it\/wp-json\/wp\/v2\/product_tag?post=7080"}],"curies":[{"name":"wp","href":"https:\/\/api.w.org\/{rel}","templated":true}]}}