{"id":7101,"date":"2021-12-30T21:01:07","date_gmt":"2021-12-30T21:01:07","guid":{"rendered":"https:\/\/iberoid.com\/?post_type=product&#038;p=7101"},"modified":"2025-08-17T11:42:58","modified_gmt":"2025-08-17T11:42:58","slug":"norditropin-nordiflex-45iu-15-mg-pen","status":"publish","type":"product","link":"https:\/\/iberoid.com\/it\/product\/norditropin-nordiflex-45iu-15-mg-pen\/","title":{"rendered":"Norditropin NordiFlex 45iu (15 Mg) Pen"},"content":{"rendered":"<p>Norditropin Simplexx \u00e8 prodotto da Novo Nordisk, Danimarca. Norditropin Simplexx prodotto utilizzando la tecnologia del DNA ricombinante nel sistema di espressione della secrezione di E.coli. Norditropin Simplexx \u00e8 confezionato in cartucce da 15 mg (45 UI)\/1,5 ml di formulazione liquida dell&#8217;ormone della crescita da utilizzare con la penna.<\/p>\n<p>La maggior parte degli altri ormoni della crescita deve essere sempre refrigerata, ma non Norditropin\u00ae. Si conservano a temperatura ambiente (fino a 25\u00b0C &#8211; 77\u00b0F) se si intende utilizzarli entro 21 giorni. (Se \u00e8 necessario conservare la penna per un massimo di 4 settimane, conservarla in frigorifero) Ci\u00f2 pu\u00f2 consentire una maggiore flessibilit\u00e0 senza dover pianificare in anticipo la refrigerazione per Norditropin durante le visite notturne, le vacanze anche i viaggi dell&#8217;ultimo minuto.<\/p>","protected":false},"excerpt":{"rendered":"<p>Norditropin Simplexx \u00e8 prodotto da Novo Nordisk, Danimarca. Norditropin Simplexx prodotto utilizzando la tecnologia del DNA ricombinante nel sistema di<\/p>\n","protected":false},"featured_media":7102,"comment_status":"open","ping_status":"closed","template":"","meta":[],"product_brand":[],"product_cat":[76,3474],"product_tag":[],"class_list":{"0":"post-7101","1":"product","2":"type-product","3":"status-publish","4":"has-post-thumbnail","6":"product_cat-hgh_peptido","7":"product_cat-packs","9":"first","10":"outofstock","11":"sale","12":"shipping-taxable","13":"purchasable","14":"product-type-simple"},"yoast_head":"<!-- This site is optimized with the Yoast SEO Premium plugin v24.4 (Yoast SEO v27.0) - https:\/\/yoast.com\/product\/yoast-seo-premium-wordpress\/ -->\n<title>Norditropin NordiFlex 45iu (15 Mg) Pen - Steroidi in linea<\/title>\n<meta name=\"description\" content=\"Norditropin Simplexx: Ormone della crescita liquido in cartuccia per penna. Stabile a temp. ambiente (fino a 25\u00b0C) per 21 giorni. Prodotto da Novo Nordisk.\" \/>\n<meta name=\"robots\" content=\"index, follow, max-snippet:-1, max-image-preview:large, max-video-preview:-1\" \/>\n<link rel=\"canonical\" href=\"https:\/\/iberoid.com\/it\/product\/norditropin-nordiflex-45iu-15-mg-pen\/\" \/>\n<meta property=\"og:locale\" content=\"it_IT\" \/>\n<meta property=\"og:type\" content=\"article\" \/>\n<meta property=\"og:title\" content=\"Norditropin NordiFlex 45iu (15 Mg) Pen\" \/>\n<meta property=\"og:description\" content=\"Norditropin Simplexx: Ormone della crescita liquido in cartuccia per penna. Stabile a temp. ambiente (fino a 25\u00b0C) per 21 giorni. Prodotto da Novo Nordisk.\" \/>\n<meta property=\"og:url\" content=\"https:\/\/iberoid.com\/it\/product\/norditropin-nordiflex-45iu-15-mg-pen\/\" \/>\n<meta property=\"og:site_name\" content=\"Steroidi in linea\" \/>\n<meta property=\"article:modified_time\" content=\"2025-08-17T11:42:58+00:00\" \/>\n<meta property=\"og:image\" content=\"https:\/\/iberoid.com\/wp-content\/uploads\/2021\/12\/nordi15-1.jpg?v=1678119938\" \/>\n\t<meta property=\"og:image:width\" content=\"1023\" \/>\n\t<meta property=\"og:image:height\" content=\"768\" \/>\n\t<meta property=\"og:image:type\" content=\"image\/jpeg\" \/>\n<meta name=\"twitter:card\" content=\"summary_large_image\" \/>\n<meta name=\"twitter:label1\" content=\"Prezzo\" \/>\n\t<meta name=\"twitter:data1\" content=\"&euro;80.00\" \/>\n\t<meta name=\"twitter:label2\" content=\"Disponibilit\u00e0\" \/>\n\t<meta name=\"twitter:data2\" content=\"Esaurito\" \/>\n<script type=\"application\/ld+json\" class=\"yoast-schema-graph\">{\"@context\":\"https:\/\/schema.org\",\"@graph\":[{\"@type\":\"WebPage\",\"@id\":\"https:\/\/iberoid.com\/it\/product\/norditropin-nordiflex-45iu-15-mg-pen\/\",\"url\":\"https:\/\/iberoid.com\/it\/product\/norditropin-nordiflex-45iu-15-mg-pen\/\",\"name\":\"Norditropin NordiFlex 45iu (15 Mg) Pen - Steroidi in linea\",\"isPartOf\":{\"@id\":\"https:\/\/iberoid-shop.com\/#website\"},\"primaryImageOfPage\":{\"@id\":\"https:\/\/iberoid.com\/it\/product\/norditropin-nordiflex-45iu-15-mg-pen\/#primaryimage\"},\"image\":{\"@id\":\"https:\/\/iberoid.com\/it\/product\/norditropin-nordiflex-45iu-15-mg-pen\/#primaryimage\"},\"thumbnailUrl\":\"https:\/\/iberoid.com\/wp-content\/uploads\/2021\/12\/nordi15-1.jpg?v=1678119938\",\"datePublished\":\"2021-12-30T21:01:07+00:00\",\"dateModified\":\"2025-08-17T11:42:58+00:00\",\"description\":\"Norditropin Simplexx: Ormone della crescita liquido in cartuccia per penna. Stabile a temp. ambiente (fino a 25\u00b0C) per 21 giorni. Prodotto da Novo Nordisk.\",\"breadcrumb\":{\"@id\":\"https:\/\/iberoid.com\/it\/product\/norditropin-nordiflex-45iu-15-mg-pen\/#breadcrumb\"},\"inLanguage\":\"it-IT\",\"potentialAction\":[{\"@type\":\"ReadAction\",\"target\":[[\"https:\/\/iberoid.com\/it\/product\/norditropin-nordiflex-45iu-15-mg-pen\/\"]]}]},{\"@type\":\"ImageObject\",\"inLanguage\":\"it-IT\",\"@id\":\"https:\/\/iberoid.com\/it\/product\/norditropin-nordiflex-45iu-15-mg-pen\/#primaryimage\",\"url\":\"https:\/\/iberoid.com\/wp-content\/uploads\/2021\/12\/nordi15-1.jpg?v=1678119938\",\"contentUrl\":\"https:\/\/iberoid.com\/wp-content\/uploads\/2021\/12\/nordi15-1.jpg?v=1678119938\",\"width\":1023,\"height\":768},{\"@type\":\"BreadcrumbList\",\"@id\":\"https:\/\/iberoid.com\/it\/product\/norditropin-nordiflex-45iu-15-mg-pen\/#breadcrumb\",\"itemListElement\":[{\"@type\":\"ListItem\",\"position\":1,\"name\":\"Portada\",\"item\":\"https:\/\/iberoid.com\/it\/\"},{\"@type\":\"ListItem\",\"position\":2,\"name\":\"Negozio\",\"item\":\"https:\/\/iberoid.com\/it\/shop\/\"},{\"@type\":\"ListItem\",\"position\":3,\"name\":\"Norditropin NordiFlex 45iu (15 Mg) Pen\"}]},{\"@type\":\"WebSite\",\"@id\":\"https:\/\/iberoid-shop.com\/#website\",\"url\":\"https:\/\/iberoid-shop.com\/\",\"name\":\"Steroidi in linea\",\"description\":\"Acquista steroidi online oggi in Spagna e Portogallo. Abbiamo il miglior servizio clienti del settore e prodotti di altissima qualit\u00e0\",\"potentialAction\":[{\"@type\":\"SearchAction\",\"target\":{\"@type\":\"EntryPoint\",\"urlTemplate\":\"https:\/\/iberoid-shop.com\/?s={search_term_string}\"},\"query-input\":{\"@type\":\"PropertyValueSpecification\",\"valueRequired\":true,\"valueName\":\"search_term_string\"}}],\"inLanguage\":\"it-IT\"}]}<\/script>\n<meta property=\"product:brand\" content=\"Novo Nordisk\" \/>\n<meta property=\"product:price:amount\" content=\"80.00\" \/>\n<meta property=\"product:price:currency\" content=\"EUR\" \/>\n<meta property=\"og:availability\" content=\"out of stock\" \/>\n<meta property=\"product:availability\" content=\"out of stock\" \/>\n<meta property=\"product:condition\" content=\"new\" \/>\n<!-- \/ Yoast SEO Premium plugin. -->","yoast_head_json":{"title":"Norditropin NordiFlex 45iu (15 Mg) Pen - Steroidi in linea","description":"Norditropin Simplexx: Ormone della crescita liquido in cartuccia per penna. Stabile a temp. ambiente (fino a 25\u00b0C) per 21 giorni. Prodotto da Novo Nordisk.","robots":{"index":"index","follow":"follow","max-snippet":"max-snippet:-1","max-image-preview":"max-image-preview:large","max-video-preview":"max-video-preview:-1"},"canonical":"https:\/\/iberoid.com\/it\/product\/norditropin-nordiflex-45iu-15-mg-pen\/","og_locale":"it_IT","og_type":"article","og_title":"Norditropin NordiFlex 45iu (15 Mg) Pen","og_description":"Norditropin Simplexx: Ormone della crescita liquido in cartuccia per penna. Stabile a temp. ambiente (fino a 25\u00b0C) per 21 giorni. Prodotto da Novo Nordisk.","og_url":"https:\/\/iberoid.com\/it\/product\/norditropin-nordiflex-45iu-15-mg-pen\/","og_site_name":"Steroidi in linea","article_modified_time":"2025-08-17T11:42:58+00:00","og_image":[{"width":1023,"height":768,"url":"https:\/\/iberoid.com\/wp-content\/uploads\/2021\/12\/nordi15-1.jpg?v=1678119938","type":"image\/jpeg"}],"twitter_card":"summary_large_image","twitter_misc":{"Prezzo":"&euro;80.00","Disponibilit\u00e0":"Esaurito"},"schema":{"@context":"https:\/\/schema.org","@graph":[{"@type":"WebPage","@id":"https:\/\/iberoid.com\/it\/product\/norditropin-nordiflex-45iu-15-mg-pen\/","url":"https:\/\/iberoid.com\/it\/product\/norditropin-nordiflex-45iu-15-mg-pen\/","name":"Norditropin NordiFlex 45iu (15 Mg) Pen - Steroidi in linea","isPartOf":{"@id":"https:\/\/iberoid-shop.com\/#website"},"primaryImageOfPage":{"@id":"https:\/\/iberoid.com\/it\/product\/norditropin-nordiflex-45iu-15-mg-pen\/#primaryimage"},"image":{"@id":"https:\/\/iberoid.com\/it\/product\/norditropin-nordiflex-45iu-15-mg-pen\/#primaryimage"},"thumbnailUrl":"https:\/\/iberoid.com\/wp-content\/uploads\/2021\/12\/nordi15-1.jpg?v=1678119938","datePublished":"2021-12-30T21:01:07+00:00","dateModified":"2025-08-17T11:42:58+00:00","description":"Norditropin Simplexx: Ormone della crescita liquido in cartuccia per penna. Stabile a temp. ambiente (fino a 25\u00b0C) per 21 giorni. Prodotto da Novo Nordisk.","breadcrumb":{"@id":"https:\/\/iberoid.com\/it\/product\/norditropin-nordiflex-45iu-15-mg-pen\/#breadcrumb"},"inLanguage":"it-IT","potentialAction":[{"@type":"ReadAction","target":[["https:\/\/iberoid.com\/it\/product\/norditropin-nordiflex-45iu-15-mg-pen\/"]]}]},{"@type":"ImageObject","inLanguage":"it-IT","@id":"https:\/\/iberoid.com\/it\/product\/norditropin-nordiflex-45iu-15-mg-pen\/#primaryimage","url":"https:\/\/iberoid.com\/wp-content\/uploads\/2021\/12\/nordi15-1.jpg?v=1678119938","contentUrl":"https:\/\/iberoid.com\/wp-content\/uploads\/2021\/12\/nordi15-1.jpg?v=1678119938","width":1023,"height":768},{"@type":"BreadcrumbList","@id":"https:\/\/iberoid.com\/it\/product\/norditropin-nordiflex-45iu-15-mg-pen\/#breadcrumb","itemListElement":[{"@type":"ListItem","position":1,"name":"Portada","item":"https:\/\/iberoid.com\/it\/"},{"@type":"ListItem","position":2,"name":"Negozio","item":"https:\/\/iberoid.com\/it\/shop\/"},{"@type":"ListItem","position":3,"name":"Norditropin NordiFlex 45iu (15 Mg) Pen"}]},{"@type":"WebSite","@id":"https:\/\/iberoid-shop.com\/#website","url":"https:\/\/iberoid-shop.com\/","name":"Steroidi in linea","description":"Acquista steroidi online oggi in Spagna e Portogallo. Abbiamo il miglior servizio clienti del settore e prodotti di altissima qualit\u00e0","potentialAction":[{"@type":"SearchAction","target":{"@type":"EntryPoint","urlTemplate":"https:\/\/iberoid-shop.com\/?s={search_term_string}"},"query-input":{"@type":"PropertyValueSpecification","valueRequired":true,"valueName":"search_term_string"}}],"inLanguage":"it-IT"}]},"product_brand":"Novo Nordisk","product_price_amount":"80.00","product_price_currency":"EUR","og_availability":"out of stock","product_availability":"out of stock","product_condition":"new"},"_links":{"self":[{"href":"https:\/\/iberoid.com\/it\/wp-json\/wp\/v2\/product\/7101","targetHints":{"allow":["GET"]}}],"collection":[{"href":"https:\/\/iberoid.com\/it\/wp-json\/wp\/v2\/product"}],"about":[{"href":"https:\/\/iberoid.com\/it\/wp-json\/wp\/v2\/types\/product"}],"replies":[{"embeddable":true,"href":"https:\/\/iberoid.com\/it\/wp-json\/wp\/v2\/comments?post=7101"}],"wp:featuredmedia":[{"embeddable":true,"href":"https:\/\/iberoid.com\/it\/wp-json\/wp\/v2\/media\/7102"}],"wp:attachment":[{"href":"https:\/\/iberoid.com\/it\/wp-json\/wp\/v2\/media?parent=7101"}],"wp:term":[{"taxonomy":"product_brand","embeddable":true,"href":"https:\/\/iberoid.com\/it\/wp-json\/wp\/v2\/product_brand?post=7101"},{"taxonomy":"product_cat","embeddable":true,"href":"https:\/\/iberoid.com\/it\/wp-json\/wp\/v2\/product_cat?post=7101"},{"taxonomy":"product_tag","embeddable":true,"href":"https:\/\/iberoid.com\/it\/wp-json\/wp\/v2\/product_tag?post=7101"}],"curies":[{"name":"wp","href":"https:\/\/api.w.org\/{rel}","templated":true}]}}