{"id":7124,"date":"2022-01-04T12:54:47","date_gmt":"2022-01-04T12:54:47","guid":{"rendered":"https:\/\/iberoid.com\/?post_type=product&#038;p=7124"},"modified":"2025-12-08T08:57:15","modified_gmt":"2025-12-08T08:57:15","slug":"pack-5-blisters-cenforce-200-mg-sidenafil-200mg","status":"publish","type":"product","link":"https:\/\/iberoid.com\/it\/product\/pack-5-blisters-cenforce-200-mg-sidenafil-200mg\/","title":{"rendered":"PACK 5 BLISTERS CENFORCE 200 MG &#8211; SIDENAFIL 200MG"},"content":{"rendered":"<p>Cenforce 200 compresse questo farmaco migliora la disfunzione erettile negli uomini. \u00c8 collettivamente uno dei tanti medicinali regolari per la disfunzione erettile prodotti fino ad ora. Il metodo \u00e8 descritto come un consiglio, soprattutto per il paziente che soffre di difficolt\u00e0 di disfunzione erettile e crede che sia difficile mantenere un&#8217;erezione dura nonostante molte disfunzioni erettili brucino. Puoi ottenere Cenforce 200 mg online utilizzando una carta di credito\/un estratto conto PayPal. Le compresse sono disponibili al supermercato con diversi punti di forza e attributi.<\/p>\n<p>La disfunzione erettile \u00e8 anche causata da gravi disturbi come diabete, pressione sanguigna alta o bassa, anemia falciforme, problemi cardiaci e molti altri. Alcuni farmaci possono essere usati per il rimedio della disfunzione erettile negli uomini. Cenforce 200 \u00e8 uno dei rimedi altamente efficaci che aiutano a fermare l&#8217;impotenza negli uomini.<\/p>\n<p>Come funziona Cenforce 200?<\/p>\n<p>Cenforce 200, formato dall&#8217;ingrediente citrato di sildenafil, si riferisce a una classe di farmaci noti come inibitori della fosfodiesterasi. L&#8217;erezione del pene negli uomini si verifica quando il flusso sanguigno al pene migliora le vene del sangue e il volume di sangue spostato dal pene diminuisce.<\/p>\n<p>I farmaci popolari agiscono inibendo un enzima identificato come (PDE5) fosfodiesterasi-5, bloccando efficacemente il cGMP. I farmaci aiutano a fermare la perdita di cGMP e consentono a cGMP di crescere e continuare a crescere; il cGMP pi\u00f9 lungo continua; pi\u00f9 si verifica l&#8217;erezione del pene.<\/p>\n<p>Come si usa Cenforce 200 mg?<\/p>\n<p>Cenforce 200 \u00e8 in una classe di inibitori della fosfodiesterasi (PDE5). Controlla la disfunzione erettile migliorando il flusso sanguigno al pene durante l&#8217;attivit\u00e0 sessuale.<\/p>\n<p>Questo aumento del flusso sanguigno pu\u00f2 causare l&#8217;erezione. Il citrato di sildenafil tratta (PAH) L&#8217;ipertensione arteriosa polmonare riducendo i vasi sanguigni nell&#8217;organo per fornire un flusso sanguigno regolare. Se prendi Cenforce 200 pillole nere per curare l&#8217;impotenza maschile, dovresti sapere che non cura l&#8217;impotenza maschile o la disfunzione erettile.<\/p>\n<p>Come prendere Cenforce 200 pillole?<\/p>\n<p>Prenda questa compressa nella dose e nel termine prescritti dal medico. Consumalo nella sua interezza. Non masticarlo, romperlo o schiacciarlo. Cenforce 200 compresse deve essere assunto con il cibo.<\/p>\n<p>Quanto dura il Cenforce 200?<\/p>\n<p>Naturalmente, hai incontrato alcuni dei tempi Furious sul letto dopo aver preso Cenforce 200 ma non hai bisogno che la tua storia d&#8217;amore orgasmica duri per sempre.<\/p>\n<p>Come un altro medicinale, diminuir\u00e0 anche dopo un determinato volume di tempo. E quel tempo \u00e8 di solito 6-8 ore.<\/p>","protected":false},"excerpt":{"rendered":"<p>Cenforce 200 compresse questo farmaco migliora la disfunzione erettile negli uomini. \u00c8 collettivamente uno dei tanti medicinali regolari per la<\/p>\n","protected":false},"featured_media":7125,"comment_status":"open","ping_status":"closed","template":"","meta":[],"product_brand":[],"product_cat":[73,3474],"product_tag":[3496],"class_list":{"0":"post-7124","1":"product","2":"type-product","3":"status-publish","4":"has-post-thumbnail","6":"product_cat-ssteroides_orales","7":"product_cat-packs","8":"product_tag-sidenafil-200-mg-pack-5-blisters-x-10-pastillas","10":"first","11":"instock","12":"sale","13":"shipping-taxable","14":"purchasable","15":"product-type-simple"},"yoast_head":"<!-- This site is optimized with the Yoast SEO Premium plugin v24.4 (Yoast SEO v27.0) - https:\/\/yoast.com\/product\/yoast-seo-premium-wordpress\/ -->\n<title>PACK 5 BLISTERS CENFORCE 200 MG - SIDENAFIL 200MG - Steroidi in linea<\/title>\n<meta name=\"description\" content=\"Cenforce 200 (Sildenafil Citrato) tratta la disfunzione erettile maschile aumentando il flusso sanguigno al pene, con una durata di 6-8 ore.\" \/>\n<meta name=\"robots\" content=\"index, follow, max-snippet:-1, max-image-preview:large, max-video-preview:-1\" \/>\n<link rel=\"canonical\" href=\"https:\/\/iberoid.com\/it\/product\/pack-5-blisters-cenforce-200-mg-sidenafil-200mg\/\" \/>\n<meta property=\"og:locale\" content=\"it_IT\" \/>\n<meta property=\"og:type\" content=\"article\" \/>\n<meta property=\"og:title\" content=\"PACK 5 BLISTERS CENFORCE 200 MG - SIDENAFIL 200MG\" \/>\n<meta property=\"og:description\" content=\"Cenforce 200 (Sildenafil Citrato) tratta la disfunzione erettile maschile aumentando il flusso sanguigno al pene, con una durata di 6-8 ore.\" \/>\n<meta property=\"og:url\" content=\"https:\/\/iberoid.com\/it\/product\/pack-5-blisters-cenforce-200-mg-sidenafil-200mg\/\" \/>\n<meta property=\"og:site_name\" content=\"Steroidi in linea\" \/>\n<meta property=\"article:modified_time\" content=\"2025-12-08T08:57:15+00:00\" \/>\n<meta property=\"og:image\" content=\"https:\/\/iberoid.com\/wp-content\/uploads\/2022\/01\/cen2-scaled-1024x723.jpg\" \/>\n\t<meta property=\"og:image:width\" content=\"1024\" \/>\n\t<meta property=\"og:image:height\" content=\"723\" \/>\n\t<meta property=\"og:image:type\" content=\"image\/jpeg\" \/>\n<meta name=\"twitter:card\" content=\"summary_large_image\" \/>\n<meta name=\"twitter:label1\" content=\"Prezzo\" \/>\n\t<meta name=\"twitter:data1\" content=\"&euro;60.00\" \/>\n\t<meta name=\"twitter:label2\" content=\"Disponibilit\u00e0\" \/>\n\t<meta name=\"twitter:data2\" content=\"In stock\" \/>\n<script type=\"application\/ld+json\" class=\"yoast-schema-graph\">{\"@context\":\"https:\/\/schema.org\",\"@graph\":[{\"@type\":\"WebPage\",\"@id\":\"https:\/\/iberoid.com\/it\/product\/pack-5-blisters-cenforce-200-mg-sidenafil-200mg\/\",\"url\":\"https:\/\/iberoid.com\/it\/product\/pack-5-blisters-cenforce-200-mg-sidenafil-200mg\/\",\"name\":\"PACK 5 BLISTERS CENFORCE 200 MG - SIDENAFIL 200MG - Steroidi in linea\",\"isPartOf\":{\"@id\":\"https:\/\/iberoid.com\/it\/#website\"},\"primaryImageOfPage\":{\"@id\":\"https:\/\/iberoid.com\/it\/product\/pack-5-blisters-cenforce-200-mg-sidenafil-200mg\/#primaryimage\"},\"image\":{\"@id\":\"https:\/\/iberoid.com\/it\/product\/pack-5-blisters-cenforce-200-mg-sidenafil-200mg\/#primaryimage\"},\"thumbnailUrl\":\"https:\/\/iberoid.com\/wp-content\/uploads\/2022\/01\/cen2-scaled.jpg?v=1708468427\",\"datePublished\":\"2022-01-04T12:54:47+00:00\",\"dateModified\":\"2025-12-08T08:57:15+00:00\",\"description\":\"Cenforce 200 (Sildenafil Citrato) tratta la disfunzione erettile maschile aumentando il flusso sanguigno al pene, con una durata di 6-8 ore.\",\"breadcrumb\":{\"@id\":\"https:\/\/iberoid.com\/it\/product\/pack-5-blisters-cenforce-200-mg-sidenafil-200mg\/#breadcrumb\"},\"inLanguage\":\"it-IT\",\"potentialAction\":[{\"@type\":\"ReadAction\",\"target\":[[\"https:\/\/iberoid.com\/it\/product\/pack-5-blisters-cenforce-200-mg-sidenafil-200mg\/\"]]}]},{\"@type\":\"ImageObject\",\"inLanguage\":\"it-IT\",\"@id\":\"https:\/\/iberoid.com\/it\/product\/pack-5-blisters-cenforce-200-mg-sidenafil-200mg\/#primaryimage\",\"url\":\"https:\/\/iberoid.com\/wp-content\/uploads\/2022\/01\/cen2-scaled.jpg?v=1708468427\",\"contentUrl\":\"https:\/\/iberoid.com\/wp-content\/uploads\/2022\/01\/cen2-scaled.jpg?v=1708468427\",\"width\":2560,\"height\":1808},{\"@type\":\"BreadcrumbList\",\"@id\":\"https:\/\/iberoid.com\/it\/product\/pack-5-blisters-cenforce-200-mg-sidenafil-200mg\/#breadcrumb\",\"itemListElement\":[{\"@type\":\"ListItem\",\"position\":1,\"name\":\"Portada\",\"item\":\"https:\/\/iberoid.com\/it\/\"},{\"@type\":\"ListItem\",\"position\":2,\"name\":\"Negozio\",\"item\":\"https:\/\/iberoid.com\/it\/shop\/\"},{\"@type\":\"ListItem\",\"position\":3,\"name\":\"PACK 5 BLISTERS CENFORCE 200 MG &#8211; SIDENAFIL 200MG\"}]},{\"@type\":\"WebSite\",\"@id\":\"https:\/\/iberoid.com\/it\/#website\",\"url\":\"https:\/\/iberoid.com\/it\/\",\"name\":\"Steroidi in linea\",\"description\":\"Acquista steroidi online oggi in Spagna e Portogallo. Abbiamo il miglior servizio clienti del settore e prodotti di altissima qualit\u00e0\",\"potentialAction\":[{\"@type\":\"SearchAction\",\"target\":{\"@type\":\"EntryPoint\",\"urlTemplate\":\"https:\/\/iberoid.com\/it\/?s={search_term_string}\"},\"query-input\":{\"@type\":\"PropertyValueSpecification\",\"valueRequired\":true,\"valueName\":\"search_term_string\"}}],\"inLanguage\":\"it-IT\"}]}<\/script>\n<meta property=\"product:brand\" content=\"Cenforce\" \/>\n<meta property=\"product:price:amount\" content=\"60.00\" \/>\n<meta property=\"product:price:currency\" content=\"EUR\" \/>\n<meta property=\"og:availability\" content=\"instock\" \/>\n<meta property=\"product:availability\" content=\"instock\" \/>\n<meta property=\"product:condition\" content=\"new\" \/>\n<!-- \/ Yoast SEO Premium plugin. -->","yoast_head_json":{"title":"PACK 5 BLISTERS CENFORCE 200 MG - SIDENAFIL 200MG - Steroidi in linea","description":"Cenforce 200 (Sildenafil Citrato) tratta la disfunzione erettile maschile aumentando il flusso sanguigno al pene, con una durata di 6-8 ore.","robots":{"index":"index","follow":"follow","max-snippet":"max-snippet:-1","max-image-preview":"max-image-preview:large","max-video-preview":"max-video-preview:-1"},"canonical":"https:\/\/iberoid.com\/it\/product\/pack-5-blisters-cenforce-200-mg-sidenafil-200mg\/","og_locale":"it_IT","og_type":"article","og_title":"PACK 5 BLISTERS CENFORCE 200 MG - SIDENAFIL 200MG","og_description":"Cenforce 200 (Sildenafil Citrato) tratta la disfunzione erettile maschile aumentando il flusso sanguigno al pene, con una durata di 6-8 ore.","og_url":"https:\/\/iberoid.com\/it\/product\/pack-5-blisters-cenforce-200-mg-sidenafil-200mg\/","og_site_name":"Steroidi in linea","article_modified_time":"2025-12-08T08:57:15+00:00","og_image":[{"width":1024,"height":723,"url":"https:\/\/iberoid.com\/wp-content\/uploads\/2022\/01\/cen2-scaled-1024x723.jpg","type":"image\/jpeg"}],"twitter_card":"summary_large_image","twitter_misc":{"Prezzo":"&euro;60.00","Disponibilit\u00e0":"In stock"},"schema":{"@context":"https:\/\/schema.org","@graph":[{"@type":"WebPage","@id":"https:\/\/iberoid.com\/it\/product\/pack-5-blisters-cenforce-200-mg-sidenafil-200mg\/","url":"https:\/\/iberoid.com\/it\/product\/pack-5-blisters-cenforce-200-mg-sidenafil-200mg\/","name":"PACK 5 BLISTERS CENFORCE 200 MG - SIDENAFIL 200MG - Steroidi in linea","isPartOf":{"@id":"https:\/\/iberoid.com\/it\/#website"},"primaryImageOfPage":{"@id":"https:\/\/iberoid.com\/it\/product\/pack-5-blisters-cenforce-200-mg-sidenafil-200mg\/#primaryimage"},"image":{"@id":"https:\/\/iberoid.com\/it\/product\/pack-5-blisters-cenforce-200-mg-sidenafil-200mg\/#primaryimage"},"thumbnailUrl":"https:\/\/iberoid.com\/wp-content\/uploads\/2022\/01\/cen2-scaled.jpg?v=1708468427","datePublished":"2022-01-04T12:54:47+00:00","dateModified":"2025-12-08T08:57:15+00:00","description":"Cenforce 200 (Sildenafil Citrato) tratta la disfunzione erettile maschile aumentando il flusso sanguigno al pene, con una durata di 6-8 ore.","breadcrumb":{"@id":"https:\/\/iberoid.com\/it\/product\/pack-5-blisters-cenforce-200-mg-sidenafil-200mg\/#breadcrumb"},"inLanguage":"it-IT","potentialAction":[{"@type":"ReadAction","target":[["https:\/\/iberoid.com\/it\/product\/pack-5-blisters-cenforce-200-mg-sidenafil-200mg\/"]]}]},{"@type":"ImageObject","inLanguage":"it-IT","@id":"https:\/\/iberoid.com\/it\/product\/pack-5-blisters-cenforce-200-mg-sidenafil-200mg\/#primaryimage","url":"https:\/\/iberoid.com\/wp-content\/uploads\/2022\/01\/cen2-scaled.jpg?v=1708468427","contentUrl":"https:\/\/iberoid.com\/wp-content\/uploads\/2022\/01\/cen2-scaled.jpg?v=1708468427","width":2560,"height":1808},{"@type":"BreadcrumbList","@id":"https:\/\/iberoid.com\/it\/product\/pack-5-blisters-cenforce-200-mg-sidenafil-200mg\/#breadcrumb","itemListElement":[{"@type":"ListItem","position":1,"name":"Portada","item":"https:\/\/iberoid.com\/it\/"},{"@type":"ListItem","position":2,"name":"Negozio","item":"https:\/\/iberoid.com\/it\/shop\/"},{"@type":"ListItem","position":3,"name":"PACK 5 BLISTERS CENFORCE 200 MG &#8211; SIDENAFIL 200MG"}]},{"@type":"WebSite","@id":"https:\/\/iberoid.com\/it\/#website","url":"https:\/\/iberoid.com\/it\/","name":"Steroidi in linea","description":"Acquista steroidi online oggi in Spagna e Portogallo. Abbiamo il miglior servizio clienti del settore e prodotti di altissima qualit\u00e0","potentialAction":[{"@type":"SearchAction","target":{"@type":"EntryPoint","urlTemplate":"https:\/\/iberoid.com\/it\/?s={search_term_string}"},"query-input":{"@type":"PropertyValueSpecification","valueRequired":true,"valueName":"search_term_string"}}],"inLanguage":"it-IT"}]},"product_brand":"Cenforce","product_price_amount":"60.00","product_price_currency":"EUR","og_availability":"instock","product_availability":"instock","product_condition":"new"},"_links":{"self":[{"href":"https:\/\/iberoid.com\/it\/wp-json\/wp\/v2\/product\/7124","targetHints":{"allow":["GET"]}}],"collection":[{"href":"https:\/\/iberoid.com\/it\/wp-json\/wp\/v2\/product"}],"about":[{"href":"https:\/\/iberoid.com\/it\/wp-json\/wp\/v2\/types\/product"}],"replies":[{"embeddable":true,"href":"https:\/\/iberoid.com\/it\/wp-json\/wp\/v2\/comments?post=7124"}],"wp:featuredmedia":[{"embeddable":true,"href":"https:\/\/iberoid.com\/it\/wp-json\/wp\/v2\/media\/7125"}],"wp:attachment":[{"href":"https:\/\/iberoid.com\/it\/wp-json\/wp\/v2\/media?parent=7124"}],"wp:term":[{"taxonomy":"product_brand","embeddable":true,"href":"https:\/\/iberoid.com\/it\/wp-json\/wp\/v2\/product_brand?post=7124"},{"taxonomy":"product_cat","embeddable":true,"href":"https:\/\/iberoid.com\/it\/wp-json\/wp\/v2\/product_cat?post=7124"},{"taxonomy":"product_tag","embeddable":true,"href":"https:\/\/iberoid.com\/it\/wp-json\/wp\/v2\/product_tag?post=7124"}],"curies":[{"name":"wp","href":"https:\/\/api.w.org\/{rel}","templated":true}]}}