{"id":7154,"date":"2022-01-09T18:55:43","date_gmt":"2022-01-09T18:55:43","guid":{"rendered":"https:\/\/iberoid.com\/?post_type=product&#038;p=7154"},"modified":"2022-02-08T22:30:48","modified_gmt":"2022-02-08T22:30:48","slug":"clenbuterol-adam-labs","status":"publish","type":"product","link":"https:\/\/iberoid.com\/it\/product\/clenbuterol-adam-labs\/","title":{"rendered":"CLENBUTEROL"},"content":{"rendered":"<p>Acquista clenbuterolo &#8211; Un broncodilatatore molto potente tradizionalmente usato per trattare problemi respiratori come l&#8217;asma. Al di fuori di questo, il clenbuterolo viene utilizzato principalmente come composto termogenico. Con grandi quantit\u00e0 di propriet\u00e0 brucia grassi.<\/p>\n<p>Effetti e benefici:<\/p>\n<p>Il clenbuterolo \u00e8 usato come parte di un ciclo per le sue propriet\u00e0 brucia grassi ed \u00e8 comunemente usato verso la fine di un ciclo grazie alla sua capacit\u00e0 di avviare il metabolismo aiutandoti a bruciare i grassi a un ritmo molto pi\u00f9 efficiente. Questo prodotto ti aiuter\u00e0 a bruciare molti grassi, ma ricorda, questa non \u00e8 una pillola magica per dimagrire: gli utenti dovranno comunque mantenere una dieta sana e fare esercizio regolarmente. Anche se questo steroide orale aiuter\u00e0 la velocit\u00e0 con cui vengono bruciate le calorie.<\/p>\n<p>Dosaggio:<\/p>\n<p>Molti utilizzatori regolari di questo prodotto hanno consigliato che una rotazione di due settimane \u00e8 il modo pi\u00f9 efficace e pi\u00f9 semplice per assumere questo prodotto. Con un semplice metodo di due settimane e due settimane di riposo. Sebbene il corpo umano abbia la capacit\u00e0 di mantenere un uso continuo, lo consigliamo agli utenti pi\u00f9 avanzati.<\/p>\n<p>Oltre a trattare i problemi respiratori, il clenbuterolo \u00e8 generalmente utilizzato come termogenico. Troverai sicuramente molto pi\u00f9 di quanto probabilmente troverai pi\u00f9 uso di clenbuterolo nei piani di perdita di grasso che altrove. Non \u00e8 necessario utilizzare steroidi anabolizzanti per utilizzare questa sostanza per la perdita di grasso.<br \/>\nFunzioni e tratti del clenbuterolo:<\/p>\n<p>Il clenbuterolo cloridrato \u00e8 un simpaticomimetico che si occupa del sistema nervoso simpaticomimetico. Ci sono un certo numero di recettori nel corpo su cui un simpaticomimetico pu\u00f2 agire. Nel caso del clenbuterolo, il recettore beta-2 \u00e8 l&#8217;area del tasso di interesse e di attivit\u00e0. Clen, come \u00e8 comunemente noto, stimola attivamente il recettore beta-2. Attraverso tale eccitazione, questo gira attivamente i blocchi delle vie aeree e fornisce una respirazione potenziata a coloro che lo richiedono. Questa identica eccitazione pu\u00f2 essere utilizzata anche per migliorare il tasso metabolico dell&#8217;individuo. Il clenbuterolo non brucia i grassi in modo proattivo attaccando le cellule adipose, ma promuove invece il processo metabolico aumentando la temperatura corporea. Ci\u00f2 accade a causa della stimolazione beta-2 che promuove i mitocondri delle cellule per creare e rilasciare ancora pi\u00f9 calore. Successivamente, questo riscalda (leggermente) la temperatura corporea, stimola il processo metabolico e attiva lo specifico per sciogliere il grasso corporeo a un prezzo migliore. In realt\u00e0, le caratteristiche e anche le qualit\u00e0 del clenbuterolo sono molto facili e anche molto semplici.<\/p>\n<p>Anche il clenbuterolo \u00e8 stato notato per avere un forte effetto anabolico; tuttavia, le cose non sono proprio come appaiono. A causa del potenziale effetto anabolico, questo ha spinto molti a utilizzare il composto nella speranza di ottenere cellule magre. In generale, molti utilizzatori di steroidi lo hanno effettivamente utilizzato come rappresentante protettivo anabolizzante durante la loro terapia post ciclo (PCT). C&#8217;\u00e8, tuttavia, un problema con questo tipo di utilizzo; non funziona. Studi di ricerca hanno dimostrato che il clenbuterolo ha la capacit\u00e0 di pubblicizzare attivit\u00e0 anaboliche negli animali. Ci sono stati numerosi studi di ricerca che hanno rivelato che l&#8217;attivit\u00e0 anabolica dei ratti aumenta quando viene somministrato Clen. Tuttavia, non ci sono dati che supportino tale compito anabolico dato quando utilizzato dalle persone. In realt\u00e0 \u00e8 stato normalmente ritenuto inutile sotto questo aspetto in quanto riguarda gli esseri umani. Quando si tratta dell&#8217;uso di clenbuterolo umano, l&#8217;uso come broncodilatatore e termogenico sono gli unici scopi appropriati.<br \/>\nRisultati del clenbuterolo:<\/p>\n<p>L&#8217;uso del broncodilatatore apre le vie respiratorie e consente al privato di respirare. Ci sono vari altri disturbi respiratori che possono trarre beneficio dall&#8217;uso di clenbuterolo, ma l&#8217;asma bronchiale risulta essere primaria, ed \u00e8 anche spesso un farmaco consigliato a coloro che ne soffrono.<\/p>\n<p>Come termogenico, i risultati del clenbuterolo sono di nuovo molto facili. La temperatura corporea aumenta, il metabolismo \u00e8 migliorato, le cellule adipose vengono stimolate a causa dell&#8217;aumento del livello di temperatura dovuto al tasso metabolico attualmente migliorato, il malfunzionamento dei trigliceridi \u00e8 ora potenziato e si verifica la perdita di grasso.<\/p>\n<p>Anche se stai usando il clenbuterolo, scoprirai comunque che hai bisogno di una dieta altrettanto dura come faresti senza di esso se hai intenzione di perdere grasso corporeo. Il concetto alla base del clenbuterolo utilizza come termogenico in parole povere per prendere quello che stai facendo attualmente e anche solo per farlo un po&#8217; meglio. Quando ci immergiamo negli effetti collaterali del clenbuterolo, scopriremo che Clen pu\u00f2 e dovrebbe essere usato solo per un determinato periodo di tempo, e fa solo sensazione di usarlo quando sar\u00e0 sicuramente il pi\u00f9 utile.<\/p>\n<p>Dato che il clenbuterolo viene servito al meglio per gli ultimi ritocchi in una strategia di perdita di grasso, ecco perch\u00e9 lo vedrai in numerosi piani basati sul fisico come body building, numero, forma fisica o altri sforzi importanti.<\/p>","protected":false},"excerpt":{"rendered":"<p>Acquista clenbuterolo &#8211; Un broncodilatatore molto potente tradizionalmente usato per trattare problemi respiratori come l&#8217;asma. Al di fuori di questo,<\/p>\n","protected":false},"featured_media":7155,"comment_status":"open","ping_status":"closed","template":"","meta":[],"product_brand":[],"product_cat":[73],"product_tag":[],"class_list":{"0":"post-7154","1":"product","2":"type-product","3":"status-publish","4":"has-post-thumbnail","6":"product_cat-ssteroides_orales","8":"first","9":"outofstock","10":"sale","11":"shipping-taxable","12":"purchasable","13":"product-type-simple"},"yoast_head":"<!-- This site is optimized with the Yoast SEO Premium plugin v24.4 (Yoast SEO v27.0) - https:\/\/yoast.com\/product\/yoast-seo-premium-wordpress\/ -->\n<title>CLENBUTEROL - Steroidi in linea<\/title>\n<meta name=\"robots\" content=\"index, follow, max-snippet:-1, max-image-preview:large, max-video-preview:-1\" \/>\n<link rel=\"canonical\" href=\"https:\/\/iberoid.com\/it\/product\/clenbuterol-adam-labs\/\" \/>\n<meta property=\"og:locale\" content=\"it_IT\" \/>\n<meta property=\"og:type\" content=\"article\" \/>\n<meta property=\"og:title\" content=\"CLENBUTEROL\" \/>\n<meta property=\"og:description\" content=\"Acquista clenbuterolo &#8211; Un broncodilatatore molto potente tradizionalmente usato per trattare problemi respiratori come l&#8217;asma. Al di fuori di questo,\" \/>\n<meta property=\"og:url\" content=\"https:\/\/iberoid.com\/it\/product\/clenbuterol-adam-labs\/\" \/>\n<meta property=\"og:site_name\" content=\"Steroidi in linea\" \/>\n<meta property=\"article:modified_time\" content=\"2022-02-08T22:30:48+00:00\" \/>\n<meta property=\"og:image\" content=\"https:\/\/iberoid.com\/wp-content\/uploads\/2022\/01\/CLEN-ADAM.jpg?v=1678119932\" \/>\n\t<meta property=\"og:image:width\" content=\"1280\" \/>\n\t<meta property=\"og:image:height\" content=\"876\" \/>\n\t<meta property=\"og:image:type\" content=\"image\/jpeg\" \/>\n<meta name=\"twitter:card\" content=\"summary_large_image\" \/>\n<meta name=\"twitter:label1\" content=\"Prezzo\" \/>\n\t<meta name=\"twitter:data1\" content=\"&euro;20.00\" \/>\n\t<meta name=\"twitter:label2\" content=\"Disponibilit\u00e0\" \/>\n\t<meta name=\"twitter:data2\" content=\"Esaurito\" \/>\n<script type=\"application\/ld+json\" class=\"yoast-schema-graph\">{\"@context\":\"https:\/\/schema.org\",\"@graph\":[{\"@type\":\"WebPage\",\"@id\":\"https:\/\/iberoid.com\/it\/product\/clenbuterol-adam-labs\/\",\"url\":\"https:\/\/iberoid.com\/it\/product\/clenbuterol-adam-labs\/\",\"name\":\"CLENBUTEROL - Steroidi in linea\",\"isPartOf\":{\"@id\":\"https:\/\/iberoid.com\/it\/#website\"},\"primaryImageOfPage\":{\"@id\":\"https:\/\/iberoid.com\/it\/product\/clenbuterol-adam-labs\/#primaryimage\"},\"image\":{\"@id\":\"https:\/\/iberoid.com\/it\/product\/clenbuterol-adam-labs\/#primaryimage\"},\"thumbnailUrl\":\"https:\/\/iberoid.com\/wp-content\/uploads\/2022\/01\/CLEN-ADAM.jpg?v=1678119932\",\"datePublished\":\"2022-01-09T18:55:43+00:00\",\"dateModified\":\"2022-02-08T22:30:48+00:00\",\"breadcrumb\":{\"@id\":\"https:\/\/iberoid.com\/it\/product\/clenbuterol-adam-labs\/#breadcrumb\"},\"inLanguage\":\"it-IT\",\"potentialAction\":[{\"@type\":\"ReadAction\",\"target\":[[\"https:\/\/iberoid.com\/it\/product\/clenbuterol-adam-labs\/\"]]}]},{\"@type\":\"ImageObject\",\"inLanguage\":\"it-IT\",\"@id\":\"https:\/\/iberoid.com\/it\/product\/clenbuterol-adam-labs\/#primaryimage\",\"url\":\"https:\/\/iberoid.com\/wp-content\/uploads\/2022\/01\/CLEN-ADAM.jpg?v=1678119932\",\"contentUrl\":\"https:\/\/iberoid.com\/wp-content\/uploads\/2022\/01\/CLEN-ADAM.jpg?v=1678119932\",\"width\":1280,\"height\":876},{\"@type\":\"BreadcrumbList\",\"@id\":\"https:\/\/iberoid.com\/it\/product\/clenbuterol-adam-labs\/#breadcrumb\",\"itemListElement\":[{\"@type\":\"ListItem\",\"position\":1,\"name\":\"Portada\",\"item\":\"https:\/\/iberoid.com\/it\/\"},{\"@type\":\"ListItem\",\"position\":2,\"name\":\"Negozio\",\"item\":\"https:\/\/iberoid.com\/it\/shop\/\"},{\"@type\":\"ListItem\",\"position\":3,\"name\":\"CLENBUTEROL\"}]},{\"@type\":\"WebSite\",\"@id\":\"https:\/\/iberoid.com\/it\/#website\",\"url\":\"https:\/\/iberoid.com\/it\/\",\"name\":\"Steroidi in linea\",\"description\":\"Acquista steroidi online oggi in Spagna e Portogallo. Abbiamo il miglior servizio clienti del settore e prodotti di altissima qualit\u00e0\",\"potentialAction\":[{\"@type\":\"SearchAction\",\"target\":{\"@type\":\"EntryPoint\",\"urlTemplate\":\"https:\/\/iberoid.com\/it\/?s={search_term_string}\"},\"query-input\":{\"@type\":\"PropertyValueSpecification\",\"valueRequired\":true,\"valueName\":\"search_term_string\"}}],\"inLanguage\":\"it-IT\"}]}<\/script>\n<meta property=\"product:brand\" content=\"AdamLabs\" \/>\n<meta property=\"product:price:amount\" content=\"20.00\" \/>\n<meta property=\"product:price:currency\" content=\"EUR\" \/>\n<meta property=\"og:availability\" content=\"out of stock\" \/>\n<meta property=\"product:availability\" content=\"out of stock\" \/>\n<meta property=\"product:condition\" content=\"new\" \/>\n<!-- \/ Yoast SEO Premium plugin. -->","yoast_head_json":{"title":"CLENBUTEROL - Steroidi in linea","robots":{"index":"index","follow":"follow","max-snippet":"max-snippet:-1","max-image-preview":"max-image-preview:large","max-video-preview":"max-video-preview:-1"},"canonical":"https:\/\/iberoid.com\/it\/product\/clenbuterol-adam-labs\/","og_locale":"it_IT","og_type":"article","og_title":"CLENBUTEROL","og_description":"Acquista clenbuterolo &#8211; Un broncodilatatore molto potente tradizionalmente usato per trattare problemi respiratori come l&#8217;asma. Al di fuori di questo,","og_url":"https:\/\/iberoid.com\/it\/product\/clenbuterol-adam-labs\/","og_site_name":"Steroidi in linea","article_modified_time":"2022-02-08T22:30:48+00:00","og_image":[{"width":1280,"height":876,"url":"https:\/\/iberoid.com\/wp-content\/uploads\/2022\/01\/CLEN-ADAM.jpg?v=1678119932","type":"image\/jpeg"}],"twitter_card":"summary_large_image","twitter_misc":{"Prezzo":"&euro;20.00","Disponibilit\u00e0":"Esaurito"},"schema":{"@context":"https:\/\/schema.org","@graph":[{"@type":"WebPage","@id":"https:\/\/iberoid.com\/it\/product\/clenbuterol-adam-labs\/","url":"https:\/\/iberoid.com\/it\/product\/clenbuterol-adam-labs\/","name":"CLENBUTEROL - Steroidi in linea","isPartOf":{"@id":"https:\/\/iberoid.com\/it\/#website"},"primaryImageOfPage":{"@id":"https:\/\/iberoid.com\/it\/product\/clenbuterol-adam-labs\/#primaryimage"},"image":{"@id":"https:\/\/iberoid.com\/it\/product\/clenbuterol-adam-labs\/#primaryimage"},"thumbnailUrl":"https:\/\/iberoid.com\/wp-content\/uploads\/2022\/01\/CLEN-ADAM.jpg?v=1678119932","datePublished":"2022-01-09T18:55:43+00:00","dateModified":"2022-02-08T22:30:48+00:00","breadcrumb":{"@id":"https:\/\/iberoid.com\/it\/product\/clenbuterol-adam-labs\/#breadcrumb"},"inLanguage":"it-IT","potentialAction":[{"@type":"ReadAction","target":[["https:\/\/iberoid.com\/it\/product\/clenbuterol-adam-labs\/"]]}]},{"@type":"ImageObject","inLanguage":"it-IT","@id":"https:\/\/iberoid.com\/it\/product\/clenbuterol-adam-labs\/#primaryimage","url":"https:\/\/iberoid.com\/wp-content\/uploads\/2022\/01\/CLEN-ADAM.jpg?v=1678119932","contentUrl":"https:\/\/iberoid.com\/wp-content\/uploads\/2022\/01\/CLEN-ADAM.jpg?v=1678119932","width":1280,"height":876},{"@type":"BreadcrumbList","@id":"https:\/\/iberoid.com\/it\/product\/clenbuterol-adam-labs\/#breadcrumb","itemListElement":[{"@type":"ListItem","position":1,"name":"Portada","item":"https:\/\/iberoid.com\/it\/"},{"@type":"ListItem","position":2,"name":"Negozio","item":"https:\/\/iberoid.com\/it\/shop\/"},{"@type":"ListItem","position":3,"name":"CLENBUTEROL"}]},{"@type":"WebSite","@id":"https:\/\/iberoid.com\/it\/#website","url":"https:\/\/iberoid.com\/it\/","name":"Steroidi in linea","description":"Acquista steroidi online oggi in Spagna e Portogallo. Abbiamo il miglior servizio clienti del settore e prodotti di altissima qualit\u00e0","potentialAction":[{"@type":"SearchAction","target":{"@type":"EntryPoint","urlTemplate":"https:\/\/iberoid.com\/it\/?s={search_term_string}"},"query-input":{"@type":"PropertyValueSpecification","valueRequired":true,"valueName":"search_term_string"}}],"inLanguage":"it-IT"}]},"product_brand":"AdamLabs","product_price_amount":"20.00","product_price_currency":"EUR","og_availability":"out of stock","product_availability":"out of stock","product_condition":"new"},"_links":{"self":[{"href":"https:\/\/iberoid.com\/it\/wp-json\/wp\/v2\/product\/7154","targetHints":{"allow":["GET"]}}],"collection":[{"href":"https:\/\/iberoid.com\/it\/wp-json\/wp\/v2\/product"}],"about":[{"href":"https:\/\/iberoid.com\/it\/wp-json\/wp\/v2\/types\/product"}],"replies":[{"embeddable":true,"href":"https:\/\/iberoid.com\/it\/wp-json\/wp\/v2\/comments?post=7154"}],"wp:featuredmedia":[{"embeddable":true,"href":"https:\/\/iberoid.com\/it\/wp-json\/wp\/v2\/media\/7155"}],"wp:attachment":[{"href":"https:\/\/iberoid.com\/it\/wp-json\/wp\/v2\/media?parent=7154"}],"wp:term":[{"taxonomy":"product_brand","embeddable":true,"href":"https:\/\/iberoid.com\/it\/wp-json\/wp\/v2\/product_brand?post=7154"},{"taxonomy":"product_cat","embeddable":true,"href":"https:\/\/iberoid.com\/it\/wp-json\/wp\/v2\/product_cat?post=7154"},{"taxonomy":"product_tag","embeddable":true,"href":"https:\/\/iberoid.com\/it\/wp-json\/wp\/v2\/product_tag?post=7154"}],"curies":[{"name":"wp","href":"https:\/\/api.w.org\/{rel}","templated":true}]}}