{"id":7181,"date":"2022-01-17T18:21:07","date_gmt":"2022-01-17T18:21:07","guid":{"rendered":"https:\/\/iberoid.com\/?post_type=product&#038;p=7181"},"modified":"2026-03-24T21:11:16","modified_gmt":"2026-03-24T21:11:16","slug":"pack-3-testobol-e300-pharmabol","status":"publish","type":"product","link":"https:\/\/iberoid.com\/it\/product\/pack-3-testobol-e300-pharmabol\/","title":{"rendered":"TESTOBOL E300 &#8211; 3PACK"},"content":{"rendered":"<p>Test-E 300\u00a0\u00e8 uno\u00a0steroide iniettabile\u00a0a base di testosterone con l&#8217;aggiunta dell&#8217;estere a lunga durata d&#8217;azione Enanthate. Il testosterone Enanthate, o qualsiasi tipo di testosterone senza dubbio, \u00e8 lo steroide pi\u00f9 elementare di un ciclo. &#8220;Test E&#8221; viene utilizzato come steroide di base mentre si impilano diversi steroidi sopra.<\/p>\n<p>A un livello importante, questo steroide \u00e8 incredibilmente enorme per coloro che hanno un basso livello di testosterone. Le persone che sperimentano gli effetti subdoli di questa condizione comprendono che il corpo non trasmette pi\u00f9 abbastanza di questo androgeno essenziale in isolamento. Anche le donne possono sperimentare gli effetti dei bassi livelli di testosterone e possono comunque utilizzare il testosterone enantato per trattare questa condizione. Tornando agli uomini, possono verificarsi vari segni a livello psicologico, fisico e sessuale se i livelli di testosterone sono notevolmente bassi. Poich\u00e9 il testosterone enantato \u00e8 cos\u00ec facile da regolare, \u00e8 incredibilmente utile trattare questa condizione.<\/p>\n<p>Quali sono gli effetti?<\/p>\n<p>C&#8217;\u00e8 una lunga lista di effetti positivi dall&#8217;uso di Testosterone Enanthate in un ciclo. Di seguito abbiamo cercato di ridurre l&#8217;elenco ai soli principali:<\/p>\n<p>Aumento dei parametri fisici.<br \/>\nGuadagno di massa di qualit\u00e0 veloce.<br \/>\nAumento del tasso di produzione di proteine.<br \/>\nAumento dell&#8217;equilibrio di azoto e fosforo.<br \/>\nSoppressione del dolore articolare.<br \/>\nAccelerazione delle reazioni rigenerative.<br \/>\nAumento della concentrazione di globuli rossi nel sangue.<br \/>\nAumento del desiderio sessuale.<br \/>\nMiglioramento del tono generale.<br \/>\nSoppressione dei sintomi di sovrallenamento.<\/p>","protected":false},"excerpt":{"rendered":"<p>Test-E 300\u00a0\u00e8 uno\u00a0steroide iniettabile\u00a0a base di testosterone con l&#8217;aggiunta dell&#8217;estere a lunga durata d&#8217;azione Enanthate. Il testosterone Enanthate, o qualsiasi<\/p>\n","protected":false},"featured_media":8475,"comment_status":"open","ping_status":"closed","template":"","meta":[],"product_brand":[],"product_cat":[69,3474],"product_tag":[],"class_list":{"0":"post-7181","1":"product","2":"type-product","3":"status-publish","4":"has-post-thumbnail","6":"product_cat-esteroides_inyectables","7":"product_cat-packs","9":"first","10":"instock","11":"sale","12":"shipping-taxable","13":"purchasable","14":"product-type-simple"},"yoast_head":"<!-- This site is optimized with the Yoast SEO Premium plugin v24.4 (Yoast SEO v27.0) - https:\/\/yoast.com\/product\/yoast-seo-premium-wordpress\/ -->\n<title>TESTOBOL E300 - 3PACK - Steroidi in linea<\/title>\n<meta name=\"description\" content=\"Test-E 300 (Testosterone Enantato) \u00e8 uno steroide iniettabile fondamentale per i cicli, che aumenta massa muscolare, forza, recupero e tratta il testosterone basso.\" \/>\n<meta name=\"robots\" content=\"index, follow, max-snippet:-1, max-image-preview:large, max-video-preview:-1\" \/>\n<link rel=\"canonical\" href=\"https:\/\/iberoid.com\/it\/product\/pack-3-testobol-e300-pharmabol\/\" \/>\n<meta property=\"og:locale\" content=\"it_IT\" \/>\n<meta property=\"og:type\" content=\"article\" \/>\n<meta property=\"og:title\" content=\"TESTOBOL E300 - 3PACK\" \/>\n<meta property=\"og:description\" content=\"Test-E 300 (Testosterone Enantato) \u00e8 uno steroide iniettabile fondamentale per i cicli, che aumenta massa muscolare, forza, recupero e tratta il testosterone basso.\" \/>\n<meta property=\"og:url\" content=\"https:\/\/iberoid.com\/it\/product\/pack-3-testobol-e300-pharmabol\/\" \/>\n<meta property=\"og:site_name\" content=\"Steroidi in linea\" \/>\n<meta property=\"article:modified_time\" content=\"2026-03-24T21:11:16+00:00\" \/>\n<meta property=\"og:image\" content=\"https:\/\/iberoid.com\/wp-content\/uploads\/2021\/04\/te.jpg?v=1682954421\" \/>\n\t<meta property=\"og:image:width\" content=\"2500\" \/>\n\t<meta property=\"og:image:height\" content=\"2500\" \/>\n\t<meta property=\"og:image:type\" content=\"image\/jpeg\" \/>\n<meta name=\"twitter:card\" content=\"summary_large_image\" \/>\n<meta name=\"twitter:label1\" content=\"Prezzo\" \/>\n\t<meta name=\"twitter:data1\" content=\"&euro;55.00\" \/>\n\t<meta name=\"twitter:label2\" content=\"Disponibilit\u00e0\" \/>\n\t<meta name=\"twitter:data2\" content=\"In stock\" \/>\n<script type=\"application\/ld+json\" class=\"yoast-schema-graph\">{\"@context\":\"https:\/\/schema.org\",\"@graph\":[{\"@type\":\"WebPage\",\"@id\":\"https:\/\/iberoid.com\/it\/product\/pack-3-testobol-e300-pharmabol\/\",\"url\":\"https:\/\/iberoid.com\/it\/product\/pack-3-testobol-e300-pharmabol\/\",\"name\":\"TESTOBOL E300 - 3PACK - Steroidi in linea\",\"isPartOf\":{\"@id\":\"https:\/\/iberoid.com\/it\/#website\"},\"primaryImageOfPage\":{\"@id\":\"https:\/\/iberoid.com\/it\/product\/pack-3-testobol-e300-pharmabol\/#primaryimage\"},\"image\":{\"@id\":\"https:\/\/iberoid.com\/it\/product\/pack-3-testobol-e300-pharmabol\/#primaryimage\"},\"thumbnailUrl\":\"https:\/\/iberoid.com\/wp-content\/uploads\/2021\/04\/te.jpg?v=1682954421\",\"datePublished\":\"2022-01-17T18:21:07+00:00\",\"dateModified\":\"2026-03-24T21:11:16+00:00\",\"description\":\"Test-E 300 (Testosterone Enantato) \u00e8 uno steroide iniettabile fondamentale per i cicli, che aumenta massa muscolare, forza, recupero e tratta il testosterone basso.\",\"breadcrumb\":{\"@id\":\"https:\/\/iberoid.com\/it\/product\/pack-3-testobol-e300-pharmabol\/#breadcrumb\"},\"inLanguage\":\"it-IT\",\"potentialAction\":[{\"@type\":\"ReadAction\",\"target\":[[\"https:\/\/iberoid.com\/it\/product\/pack-3-testobol-e300-pharmabol\/\"]]}]},{\"@type\":\"ImageObject\",\"inLanguage\":\"it-IT\",\"@id\":\"https:\/\/iberoid.com\/it\/product\/pack-3-testobol-e300-pharmabol\/#primaryimage\",\"url\":\"https:\/\/iberoid.com\/wp-content\/uploads\/2021\/04\/te.jpg?v=1682954421\",\"contentUrl\":\"https:\/\/iberoid.com\/wp-content\/uploads\/2021\/04\/te.jpg?v=1682954421\",\"width\":2500,\"height\":2500},{\"@type\":\"BreadcrumbList\",\"@id\":\"https:\/\/iberoid.com\/it\/product\/pack-3-testobol-e300-pharmabol\/#breadcrumb\",\"itemListElement\":[{\"@type\":\"ListItem\",\"position\":1,\"name\":\"Portada\",\"item\":\"https:\/\/iberoid.com\/it\/\"},{\"@type\":\"ListItem\",\"position\":2,\"name\":\"Negozio\",\"item\":\"https:\/\/iberoid.com\/it\/shop\/\"},{\"@type\":\"ListItem\",\"position\":3,\"name\":\"TESTOBOL E300 &#8211; 3PACK\"}]},{\"@type\":\"WebSite\",\"@id\":\"https:\/\/iberoid.com\/it\/#website\",\"url\":\"https:\/\/iberoid.com\/it\/\",\"name\":\"Steroidi in linea\",\"description\":\"Acquista steroidi online oggi in Spagna e Portogallo. Abbiamo il miglior servizio clienti del settore e prodotti di altissima qualit\u00e0\",\"potentialAction\":[{\"@type\":\"SearchAction\",\"target\":{\"@type\":\"EntryPoint\",\"urlTemplate\":\"https:\/\/iberoid.com\/it\/?s={search_term_string}\"},\"query-input\":{\"@type\":\"PropertyValueSpecification\",\"valueRequired\":true,\"valueName\":\"search_term_string\"}}],\"inLanguage\":\"it-IT\"}]}<\/script>\n<meta property=\"product:brand\" content=\"Pharmabol\" \/>\n<meta property=\"product:price:amount\" content=\"55.00\" \/>\n<meta property=\"product:price:currency\" content=\"EUR\" \/>\n<meta property=\"og:availability\" content=\"instock\" \/>\n<meta property=\"product:availability\" content=\"instock\" \/>\n<meta property=\"product:condition\" content=\"new\" \/>\n<!-- \/ Yoast SEO Premium plugin. -->","yoast_head_json":{"title":"TESTOBOL E300 - 3PACK - Steroidi in linea","description":"Test-E 300 (Testosterone Enantato) \u00e8 uno steroide iniettabile fondamentale per i cicli, che aumenta massa muscolare, forza, recupero e tratta il testosterone basso.","robots":{"index":"index","follow":"follow","max-snippet":"max-snippet:-1","max-image-preview":"max-image-preview:large","max-video-preview":"max-video-preview:-1"},"canonical":"https:\/\/iberoid.com\/it\/product\/pack-3-testobol-e300-pharmabol\/","og_locale":"it_IT","og_type":"article","og_title":"TESTOBOL E300 - 3PACK","og_description":"Test-E 300 (Testosterone Enantato) \u00e8 uno steroide iniettabile fondamentale per i cicli, che aumenta massa muscolare, forza, recupero e tratta il testosterone basso.","og_url":"https:\/\/iberoid.com\/it\/product\/pack-3-testobol-e300-pharmabol\/","og_site_name":"Steroidi in linea","article_modified_time":"2026-03-24T21:11:16+00:00","og_image":[{"width":2500,"height":2500,"url":"https:\/\/iberoid.com\/wp-content\/uploads\/2021\/04\/te.jpg?v=1682954421","type":"image\/jpeg"}],"twitter_card":"summary_large_image","twitter_misc":{"Prezzo":"&euro;55.00","Disponibilit\u00e0":"In stock"},"schema":{"@context":"https:\/\/schema.org","@graph":[{"@type":"WebPage","@id":"https:\/\/iberoid.com\/it\/product\/pack-3-testobol-e300-pharmabol\/","url":"https:\/\/iberoid.com\/it\/product\/pack-3-testobol-e300-pharmabol\/","name":"TESTOBOL E300 - 3PACK - Steroidi in linea","isPartOf":{"@id":"https:\/\/iberoid.com\/it\/#website"},"primaryImageOfPage":{"@id":"https:\/\/iberoid.com\/it\/product\/pack-3-testobol-e300-pharmabol\/#primaryimage"},"image":{"@id":"https:\/\/iberoid.com\/it\/product\/pack-3-testobol-e300-pharmabol\/#primaryimage"},"thumbnailUrl":"https:\/\/iberoid.com\/wp-content\/uploads\/2021\/04\/te.jpg?v=1682954421","datePublished":"2022-01-17T18:21:07+00:00","dateModified":"2026-03-24T21:11:16+00:00","description":"Test-E 300 (Testosterone Enantato) \u00e8 uno steroide iniettabile fondamentale per i cicli, che aumenta massa muscolare, forza, recupero e tratta il testosterone basso.","breadcrumb":{"@id":"https:\/\/iberoid.com\/it\/product\/pack-3-testobol-e300-pharmabol\/#breadcrumb"},"inLanguage":"it-IT","potentialAction":[{"@type":"ReadAction","target":[["https:\/\/iberoid.com\/it\/product\/pack-3-testobol-e300-pharmabol\/"]]}]},{"@type":"ImageObject","inLanguage":"it-IT","@id":"https:\/\/iberoid.com\/it\/product\/pack-3-testobol-e300-pharmabol\/#primaryimage","url":"https:\/\/iberoid.com\/wp-content\/uploads\/2021\/04\/te.jpg?v=1682954421","contentUrl":"https:\/\/iberoid.com\/wp-content\/uploads\/2021\/04\/te.jpg?v=1682954421","width":2500,"height":2500},{"@type":"BreadcrumbList","@id":"https:\/\/iberoid.com\/it\/product\/pack-3-testobol-e300-pharmabol\/#breadcrumb","itemListElement":[{"@type":"ListItem","position":1,"name":"Portada","item":"https:\/\/iberoid.com\/it\/"},{"@type":"ListItem","position":2,"name":"Negozio","item":"https:\/\/iberoid.com\/it\/shop\/"},{"@type":"ListItem","position":3,"name":"TESTOBOL E300 &#8211; 3PACK"}]},{"@type":"WebSite","@id":"https:\/\/iberoid.com\/it\/#website","url":"https:\/\/iberoid.com\/it\/","name":"Steroidi in linea","description":"Acquista steroidi online oggi in Spagna e Portogallo. Abbiamo il miglior servizio clienti del settore e prodotti di altissima qualit\u00e0","potentialAction":[{"@type":"SearchAction","target":{"@type":"EntryPoint","urlTemplate":"https:\/\/iberoid.com\/it\/?s={search_term_string}"},"query-input":{"@type":"PropertyValueSpecification","valueRequired":true,"valueName":"search_term_string"}}],"inLanguage":"it-IT"}]},"product_brand":"Pharmabol","product_price_amount":"55.00","product_price_currency":"EUR","og_availability":"instock","product_availability":"instock","product_condition":"new"},"_links":{"self":[{"href":"https:\/\/iberoid.com\/it\/wp-json\/wp\/v2\/product\/7181","targetHints":{"allow":["GET"]}}],"collection":[{"href":"https:\/\/iberoid.com\/it\/wp-json\/wp\/v2\/product"}],"about":[{"href":"https:\/\/iberoid.com\/it\/wp-json\/wp\/v2\/types\/product"}],"replies":[{"embeddable":true,"href":"https:\/\/iberoid.com\/it\/wp-json\/wp\/v2\/comments?post=7181"}],"wp:featuredmedia":[{"embeddable":true,"href":"https:\/\/iberoid.com\/it\/wp-json\/wp\/v2\/media\/8475"}],"wp:attachment":[{"href":"https:\/\/iberoid.com\/it\/wp-json\/wp\/v2\/media?parent=7181"}],"wp:term":[{"taxonomy":"product_brand","embeddable":true,"href":"https:\/\/iberoid.com\/it\/wp-json\/wp\/v2\/product_brand?post=7181"},{"taxonomy":"product_cat","embeddable":true,"href":"https:\/\/iberoid.com\/it\/wp-json\/wp\/v2\/product_cat?post=7181"},{"taxonomy":"product_tag","embeddable":true,"href":"https:\/\/iberoid.com\/it\/wp-json\/wp\/v2\/product_tag?post=7181"}],"curies":[{"name":"wp","href":"https:\/\/api.w.org\/{rel}","templated":true}]}}