{"id":7231,"date":"2022-01-31T21:12:22","date_gmt":"2022-01-31T21:12:22","guid":{"rendered":"https:\/\/iberoid.com\/?post_type=product&#038;p=7231"},"modified":"2026-04-20T18:50:37","modified_gmt":"2026-04-20T18:50:37","slug":"pack-3-sustanon-pharmabol","status":"publish","type":"product","link":"https:\/\/iberoid.com\/it\/product\/pack-3-sustanon-pharmabol\/","title":{"rendered":"PACK 3 SUSTANON\/SUSTABOL250"},"content":{"rendered":"<p>Sustanon \u00a0\u00e8 uno steroide anabolizzante molto popolare, che \u00e8 una miscela di quattro tipi di testosterone:\u00a0propionato, decanoato, fenilpropionato e isocaproato. Il farmaco ha trovato il suo posto nell&#8217;industria del bodybuilding per costruire e aumentare efficacemente la forza. Questo steroide \u00e8 un indubbio favorito tra i bodybuilder pi\u00f9 anziani, in quanto \u00e8 uno degli steroidi pi\u00f9 sicuri fino ad oggi. Vale la pena notare che Sustanon riduce anche il grasso corporeo, migliora i tempi di recupero dopo l&#8217;allenamento e aumenta la libido.<\/p>\n<p>Dosaggio: il dosaggio raccomandato di Sustanon per i bodybuilder \u00e8 di 500 mg a settimana. Gli atleti professionisti possono utilizzare fino a 1000 mg a settimana, ma questi dosaggi pi\u00f9 elevati vengono eseguiti utilizzando esperienza e cationi.<\/p>\n<p>Ciclo di carica:\u00a0se il tuo obiettivo principale \u00e8 aumentare la massa muscolare e la forza, per un effetto maggiore puoi aggiungere steroidi orali come Anadrol o Dianabol al ciclo di Sustanon.<\/p>\n<p>Ciclo di taglio: per l&#8217;asciugatura, Sustanon pu\u00f2 essere combinato con Masteron,\u00a0Primobolan Depot,\u00a0Winstrol Depot\u00a0ed\u00a0Equipoise.<\/p>\n<p>PCT dopo Sustanon<\/p>\n<p>Le caratteristiche della terapia post-ciclo dopo il completamento della somministrazione del sustanon in vendita, dipendono dalla durata del ciclo e anche dal dosaggio utilizzato. Con un ciclo che non supera le 10 settimane di durata e non supera un dosaggio di 250 mg a settimana. Si consiglia un regime &#8220;medio&#8221;, di 50 mg di\u00a0citrato di clomifene\u00a0per quattordici giorni e poi 25 mg per altri quattordici giorni. Se il decorso ha superato i parametri che abbiamo appena menzionato, si utilizza Clomid per i primi quattordici giorni alla dose di 100 mg al giorno, 50 mg al giorno per i successivi quattordici giorni e poi ulteriori 14 giorni alla dose di 25 mg al giorno. Questo periodo pi\u00f9 lungo di PCT insieme ai dosaggi pi\u00f9 elevati di Clomid sar\u00e0 necessario per recuperare i livelli naturali di testosterone che saranno stati soppressi ancora di pi\u00f9 dai dosaggi pi\u00f9 elevati utilizzati e anche dalla maggiore durata del ciclo.<\/p>\n<p>Sustanon \u00e8 il marchio di un arrangiamento a base di olio che \u00e8 un mix di quattro distinti esteri di testosterone.<\/p>\n<p>I quattro diversi esteri di testosterone trovati in Sustanon sono:<\/p>\n<p>Propionato di testosterone \u2013 30 mg (estere corto)<br \/>\nFenilpropionato di testosterone \u2013 60 mg (estere corto)<br \/>\nTestosterone isocaproato \u2013 60 mg (estere medio)<br \/>\nTestosterone decanoato \u2013 100 mg (estere lungo)<br \/>\nUsi di Sustanon<\/p>\n<p>Sustanon \u00e8 usato per trattare l&#8217;insufficienza di testosterone negli uomini. Le sostanze dinamiche di Sustanon vengono trasformate in testosterone dal tuo corpo.<\/p>\n<p>Il testosterone \u00e8 il caratteristico ormone maschile noto come androgeno. Negli uomini, il testosterone viene principalmente creato e rilasciato dai testicoli. \u00c8 essenziale per lo sviluppo, il miglioramento e la capacit\u00e0 degli organi sessuali maschili e per gli attributi sessuali maschili ausiliari. \u00c8 fondamentale per lo sviluppo dei peli corporei, l&#8217;avanzamento delle ossa e dei muscoli, e anima la produzione dei globuli rossi. Allo stesso modo fa sviluppare le voci degli uomini. Accordi contenenti testosterone vengono utilizzati per soppiantare il testosterone in un individuo che ha una produzione naturale di testosterone bassa o assente (una condizione nota come ipogonadismo).<\/p>\n<p>Miglior dosaggio per Sustanon<\/p>\n<p>Una dose efficace per gli uomini che utilizzano Sustanon pu\u00f2 iniziare da 500 mg per settimana e arrivare fino a 2000 mg per settimana per i clienti all&#8217;avanguardia che hanno una vasta esperienza con questo composto. I principianti sono costantemente incoraggiati a iniziare con la dose efficace pi\u00f9 ridotta e per pochi, questa potrebbe arrivare anche a 300 mg a settimana. Quando lo si combina con diverse miscele, 500 mg ogni settimana sono abbastanza spesso Sustanon per avere un risultato benefico e vedere grandi risultati.<\/p>\n<p>\u00c8 noto che i clienti spinti aumentano la misurazione ovunque nell&#8217;intervallo di 1000 mg e 2000 mg a settimana, ma questo accade di tanto in tanto quando viene utilizzata la situazione in cui vengono utilizzate miscele diverse e dosi cos\u00ec elevate da parte di clienti all&#8217;avanguardia vengono spesso eseguite quando Sustanon viene utilizzato da solo. Queste dosi pi\u00f9 elevate aumenteranno considerevolmente il rischio di reazioni gravi.<\/p>","protected":false},"excerpt":{"rendered":"<p>Sustanon \u00a0\u00e8 uno steroide anabolizzante molto popolare, che \u00e8 una miscela di quattro tipi di testosterone:\u00a0propionato, decanoato, fenilpropionato e isocaproato.<\/p>\n","protected":false},"featured_media":7232,"comment_status":"open","ping_status":"closed","template":"","meta":[],"product_brand":[3526],"product_cat":[69,3474],"product_tag":[],"class_list":{"0":"post-7231","1":"product","2":"type-product","3":"status-publish","4":"has-post-thumbnail","6":"product_brand-pharmabol","7":"product_cat-esteroides_inyectables","8":"product_cat-packs","10":"first","11":"instock","12":"shipping-taxable","13":"purchasable","14":"product-type-simple"},"yoast_head":"<!-- This site is optimized with the Yoast SEO Premium plugin v24.4 (Yoast SEO v27.3) - https:\/\/yoast.com\/product\/yoast-seo-premium-wordpress\/ -->\n<title>PACK 3 SUSTANON\/SUSTABOL250 - Steroidi in linea<\/title>\n<meta name=\"description\" content=\"Sustanon: Popolare steroide anabolizzante, mix di 4 esteri di testosterone per crescita muscolare, forza, perdita di grasso e aumento della libido.\" \/>\n<meta name=\"robots\" content=\"index, follow, max-snippet:-1, max-image-preview:large, max-video-preview:-1\" \/>\n<link rel=\"canonical\" href=\"https:\/\/iberoid.com\/it\/product\/pack-3-sustanon-pharmabol\/\" \/>\n<meta property=\"og:locale\" content=\"it_IT\" \/>\n<meta property=\"og:type\" content=\"article\" \/>\n<meta property=\"og:title\" content=\"PACK 3 SUSTANON\/SUSTABOL250\" \/>\n<meta property=\"og:description\" content=\"Sustanon: Popolare steroide anabolizzante, mix di 4 esteri di testosterone per crescita muscolare, forza, perdita di grasso e aumento della libido.\" \/>\n<meta property=\"og:url\" content=\"https:\/\/iberoid.com\/it\/product\/pack-3-sustanon-pharmabol\/\" \/>\n<meta property=\"og:site_name\" content=\"Steroidi in linea\" \/>\n<meta property=\"article:modified_time\" content=\"2026-04-20T18:50:37+00:00\" \/>\n<meta property=\"og:image\" content=\"https:\/\/iberoid.com\/wp-content\/uploads\/2022\/01\/3-sust-pb.jpg?v=1698649054\" \/>\n\t<meta property=\"og:image:width\" content=\"1080\" \/>\n\t<meta property=\"og:image:height\" content=\"1027\" \/>\n\t<meta property=\"og:image:type\" content=\"image\/jpeg\" \/>\n<meta name=\"twitter:card\" content=\"summary_large_image\" \/>\n<meta name=\"twitter:label1\" content=\"Prezzo\" \/>\n\t<meta name=\"twitter:data1\" content=\"&euro;65.00\" \/>\n\t<meta name=\"twitter:label2\" content=\"Disponibilit\u00e0\" \/>\n\t<meta name=\"twitter:data2\" content=\"In stock\" \/>\n<script type=\"application\/ld+json\" class=\"yoast-schema-graph\">{\"@context\":\"https:\\\/\\\/schema.org\",\"@graph\":[{\"@type\":\"WebPage\",\"@id\":\"https:\\\/\\\/iberoid.com\\\/it\\\/product\\\/pack-3-sustanon-pharmabol\\\/\",\"url\":\"https:\\\/\\\/iberoid.com\\\/it\\\/product\\\/pack-3-sustanon-pharmabol\\\/\",\"name\":\"PACK 3 SUSTANON\\\/SUSTABOL250 - Steroidi in linea\",\"isPartOf\":{\"@id\":\"https:\\\/\\\/iberoid-shop.com\\\/#website\"},\"primaryImageOfPage\":{\"@id\":\"https:\\\/\\\/iberoid.com\\\/it\\\/product\\\/pack-3-sustanon-pharmabol\\\/#primaryimage\"},\"image\":{\"@id\":\"https:\\\/\\\/iberoid.com\\\/it\\\/product\\\/pack-3-sustanon-pharmabol\\\/#primaryimage\"},\"thumbnailUrl\":\"https:\\\/\\\/iberoid.com\\\/wp-content\\\/uploads\\\/2022\\\/01\\\/3-sust-pb.jpg?v=1698649054\",\"datePublished\":\"2022-01-31T21:12:22+00:00\",\"dateModified\":\"2026-04-20T18:50:37+00:00\",\"description\":\"Sustanon: Popolare steroide anabolizzante, mix di 4 esteri di testosterone per crescita muscolare, forza, perdita di grasso e aumento della libido.\",\"breadcrumb\":{\"@id\":\"https:\\\/\\\/iberoid.com\\\/it\\\/product\\\/pack-3-sustanon-pharmabol\\\/#breadcrumb\"},\"inLanguage\":\"it-IT\",\"potentialAction\":[{\"@type\":\"ReadAction\",\"target\":[[\"https:\\\/\\\/iberoid.com\\\/it\\\/product\\\/pack-3-sustanon-pharmabol\\\/\"]]}]},{\"@type\":\"ImageObject\",\"inLanguage\":\"it-IT\",\"@id\":\"https:\\\/\\\/iberoid.com\\\/it\\\/product\\\/pack-3-sustanon-pharmabol\\\/#primaryimage\",\"url\":\"https:\\\/\\\/iberoid.com\\\/wp-content\\\/uploads\\\/2022\\\/01\\\/3-sust-pb.jpg?v=1698649054\",\"contentUrl\":\"https:\\\/\\\/iberoid.com\\\/wp-content\\\/uploads\\\/2022\\\/01\\\/3-sust-pb.jpg?v=1698649054\",\"width\":1080,\"height\":1027},{\"@type\":\"BreadcrumbList\",\"@id\":\"https:\\\/\\\/iberoid.com\\\/it\\\/product\\\/pack-3-sustanon-pharmabol\\\/#breadcrumb\",\"itemListElement\":[{\"@type\":\"ListItem\",\"position\":1,\"name\":\"Portada\",\"item\":\"https:\\\/\\\/iberoid.com\\\/it\\\/\"},{\"@type\":\"ListItem\",\"position\":2,\"name\":\"Negozio\",\"item\":\"https:\\\/\\\/iberoid.com\\\/it\\\/shop\\\/\"},{\"@type\":\"ListItem\",\"position\":3,\"name\":\"PACK 3 SUSTANON\\\/SUSTABOL250\"}]},{\"@type\":\"WebSite\",\"@id\":\"https:\\\/\\\/iberoid-shop.com\\\/#website\",\"url\":\"https:\\\/\\\/iberoid-shop.com\\\/\",\"name\":\"Steroidi in linea\",\"description\":\"Acquista steroidi online oggi in Spagna e Portogallo. Abbiamo il miglior servizio clienti del settore e prodotti di altissima qualit\u00e0\",\"potentialAction\":[{\"@type\":\"SearchAction\",\"target\":{\"@type\":\"EntryPoint\",\"urlTemplate\":\"https:\\\/\\\/iberoid-shop.com\\\/?s={search_term_string}\"},\"query-input\":{\"@type\":\"PropertyValueSpecification\",\"valueRequired\":true,\"valueName\":\"search_term_string\"}}],\"inLanguage\":\"it-IT\"}]}<\/script>\n<meta property=\"product:brand\" content=\"Pharmabol\" \/>\n<meta property=\"product:price:amount\" content=\"65.00\" \/>\n<meta property=\"product:price:currency\" content=\"EUR\" \/>\n<meta property=\"og:availability\" content=\"instock\" \/>\n<meta property=\"product:availability\" content=\"instock\" \/>\n<meta property=\"product:condition\" content=\"new\" \/>\n<!-- \/ Yoast SEO Premium plugin. -->","yoast_head_json":{"title":"PACK 3 SUSTANON\/SUSTABOL250 - Steroidi in linea","description":"Sustanon: Popolare steroide anabolizzante, mix di 4 esteri di testosterone per crescita muscolare, forza, perdita di grasso e aumento della libido.","robots":{"index":"index","follow":"follow","max-snippet":"max-snippet:-1","max-image-preview":"max-image-preview:large","max-video-preview":"max-video-preview:-1"},"canonical":"https:\/\/iberoid.com\/it\/product\/pack-3-sustanon-pharmabol\/","og_locale":"it_IT","og_type":"article","og_title":"PACK 3 SUSTANON\/SUSTABOL250","og_description":"Sustanon: Popolare steroide anabolizzante, mix di 4 esteri di testosterone per crescita muscolare, forza, perdita di grasso e aumento della libido.","og_url":"https:\/\/iberoid.com\/it\/product\/pack-3-sustanon-pharmabol\/","og_site_name":"Steroidi in linea","article_modified_time":"2026-04-20T18:50:37+00:00","og_image":[{"width":1080,"height":1027,"url":"https:\/\/iberoid.com\/wp-content\/uploads\/2022\/01\/3-sust-pb.jpg?v=1698649054","type":"image\/jpeg"}],"twitter_card":"summary_large_image","twitter_misc":{"Prezzo":"&euro;65.00","Disponibilit\u00e0":"In stock"},"schema":{"@context":"https:\/\/schema.org","@graph":[{"@type":"WebPage","@id":"https:\/\/iberoid.com\/it\/product\/pack-3-sustanon-pharmabol\/","url":"https:\/\/iberoid.com\/it\/product\/pack-3-sustanon-pharmabol\/","name":"PACK 3 SUSTANON\/SUSTABOL250 - Steroidi in linea","isPartOf":{"@id":"https:\/\/iberoid-shop.com\/#website"},"primaryImageOfPage":{"@id":"https:\/\/iberoid.com\/it\/product\/pack-3-sustanon-pharmabol\/#primaryimage"},"image":{"@id":"https:\/\/iberoid.com\/it\/product\/pack-3-sustanon-pharmabol\/#primaryimage"},"thumbnailUrl":"https:\/\/iberoid.com\/wp-content\/uploads\/2022\/01\/3-sust-pb.jpg?v=1698649054","datePublished":"2022-01-31T21:12:22+00:00","dateModified":"2026-04-20T18:50:37+00:00","description":"Sustanon: Popolare steroide anabolizzante, mix di 4 esteri di testosterone per crescita muscolare, forza, perdita di grasso e aumento della libido.","breadcrumb":{"@id":"https:\/\/iberoid.com\/it\/product\/pack-3-sustanon-pharmabol\/#breadcrumb"},"inLanguage":"it-IT","potentialAction":[{"@type":"ReadAction","target":[["https:\/\/iberoid.com\/it\/product\/pack-3-sustanon-pharmabol\/"]]}]},{"@type":"ImageObject","inLanguage":"it-IT","@id":"https:\/\/iberoid.com\/it\/product\/pack-3-sustanon-pharmabol\/#primaryimage","url":"https:\/\/iberoid.com\/wp-content\/uploads\/2022\/01\/3-sust-pb.jpg?v=1698649054","contentUrl":"https:\/\/iberoid.com\/wp-content\/uploads\/2022\/01\/3-sust-pb.jpg?v=1698649054","width":1080,"height":1027},{"@type":"BreadcrumbList","@id":"https:\/\/iberoid.com\/it\/product\/pack-3-sustanon-pharmabol\/#breadcrumb","itemListElement":[{"@type":"ListItem","position":1,"name":"Portada","item":"https:\/\/iberoid.com\/it\/"},{"@type":"ListItem","position":2,"name":"Negozio","item":"https:\/\/iberoid.com\/it\/shop\/"},{"@type":"ListItem","position":3,"name":"PACK 3 SUSTANON\/SUSTABOL250"}]},{"@type":"WebSite","@id":"https:\/\/iberoid-shop.com\/#website","url":"https:\/\/iberoid-shop.com\/","name":"Steroidi in linea","description":"Acquista steroidi online oggi in Spagna e Portogallo. Abbiamo il miglior servizio clienti del settore e prodotti di altissima qualit\u00e0","potentialAction":[{"@type":"SearchAction","target":{"@type":"EntryPoint","urlTemplate":"https:\/\/iberoid-shop.com\/?s={search_term_string}"},"query-input":{"@type":"PropertyValueSpecification","valueRequired":true,"valueName":"search_term_string"}}],"inLanguage":"it-IT"}]},"product_brand":"Pharmabol","product_price_amount":"65.00","product_price_currency":"EUR","og_availability":"instock","product_availability":"instock","product_condition":"new"},"_links":{"self":[{"href":"https:\/\/iberoid.com\/it\/wp-json\/wp\/v2\/product\/7231","targetHints":{"allow":["GET"]}}],"collection":[{"href":"https:\/\/iberoid.com\/it\/wp-json\/wp\/v2\/product"}],"about":[{"href":"https:\/\/iberoid.com\/it\/wp-json\/wp\/v2\/types\/product"}],"replies":[{"embeddable":true,"href":"https:\/\/iberoid.com\/it\/wp-json\/wp\/v2\/comments?post=7231"}],"wp:featuredmedia":[{"embeddable":true,"href":"https:\/\/iberoid.com\/it\/wp-json\/wp\/v2\/media\/7232"}],"wp:attachment":[{"href":"https:\/\/iberoid.com\/it\/wp-json\/wp\/v2\/media?parent=7231"}],"wp:term":[{"taxonomy":"product_brand","embeddable":true,"href":"https:\/\/iberoid.com\/it\/wp-json\/wp\/v2\/product_brand?post=7231"},{"taxonomy":"product_cat","embeddable":true,"href":"https:\/\/iberoid.com\/it\/wp-json\/wp\/v2\/product_cat?post=7231"},{"taxonomy":"product_tag","embeddable":true,"href":"https:\/\/iberoid.com\/it\/wp-json\/wp\/v2\/product_tag?post=7231"}],"curies":[{"name":"wp","href":"https:\/\/api.w.org\/{rel}","templated":true}]}}